{"id":47697,"date":"2026-01-07T16:12:41","date_gmt":"2026-01-07T15:12:41","guid":{"rendered":"https:\/\/teasense.ch\/?post_type=product&#038;p=47697"},"modified":"2026-03-05T15:21:55","modified_gmt":"2026-03-05T14:21:55","slug":"edelstahl-teesieb-75-mm","status":"publish","type":"product","link":"https:\/\/teasense.ch\/fr\/produit\/edelstahl-teesieb-75-mm\/","title":{"rendered":"Edelstahl-Teesieb 75 mm"},"content":{"rendered":"<p data-start=\"204\" data-end=\"443\">Dieses hochwertige Edelstahl-Teesieb ist ideal f\u00fcr losen Tee und grossz\u00fcgige Teemischungen. Dank dem feinen Netz k\u00f6nnen sich die Teebl\u00e4tter optimal entfalten, w\u00e4hrend selbst kleine Blattst\u00fccke zuverl\u00e4ssig im Sieb bleiben.<\/p>\n<p data-start=\"445\" data-end=\"661\">Mit seinem Durchmesser von 75 mm passt das Teesieb in viele Tassen, Becher und kleinere Teekannen. Der stabile Edelstahl ist langlebig, geschmacksneutral und einfach zu reinigen \u2013 perfekt f\u00fcr den t\u00e4glichen Teegenuss.<\/p>\n<h2 data-start=\"663\" data-end=\"677\">Details Edelstahl-Teesieb 75 mm<\/h2>\n<ul>\n<li data-start=\"680\" data-end=\"701\">Material Tee-Sieb: Edelstahl<\/li>\n<li data-start=\"704\" data-end=\"729\">Durchmesser Sieb: 75 mm<\/li>\n<li data-start=\"732\" data-end=\"768\">Passend f\u00fcr \u00d6ffnungen ca. 75\u201385 mm<\/li>\n<li data-start=\"771\" data-end=\"784\">H\u00f6he: 50 mm<\/li>\n<li data-start=\"787\" data-end=\"821\">Feinmaschiges Sieb f\u00fcr losen Tee<\/li>\n<\/ul>\n<p>Ben\u00f6tigst du ein Teesieb mit kleinem Durchmesser?<br \/>\nDann empfehlen wir dir das\u00a0<a href=\"https:\/\/teasense.ch\/produkt\/teesieb-teekanne-54\/\">Teesieb Teekanne <\/a>mit einem Durchmesser von nur 45 mm. \ud83e\uded6<\/p>\n","protected":false},"excerpt":{"rendered":"<h4>Edelstahlsieb 75 mm (\u00d8 75\/85 x 50 mm)<\/h4>\n","protected":false},"featured_media":47699,"comment_status":"open","ping_status":"closed","template":"","meta":{"_et_pb_use_builder":"","_et_pb_old_content":"","_et_gb_content_width":""},"product_brand":[],"product_cat":[74,79],"product_tag":[],"class_list":{"0":"post-47697","1":"product","2":"type-product","3":"status-publish","4":"has-post-thumbnail","6":"product_cat-alle-produkte","7":"product_cat-teezubehoer","9":"first","10":"instock","11":"shipping-taxable","12":"purchasable","13":"product-type-simple","14":"add-to-wishlist-before_image"},"yoast_head":"<!-- This site is optimized with the Yoast SEO plugin v27.4 - https:\/\/yoast.com\/product\/yoast-seo-wordpress\/ -->\n<title>Edelstahl-Teesieb 75 mm - TeaSense.ch - Tee Shop Schweiz<\/title>\n<meta name=\"description\" content=\"Edelstahl-Teesieb 75\u202fmm Durchmesser \u2013 perfekt f\u00fcr losen Tee. Robust, langlebig und geschmacksneutral. Teesieb f\u00fcr Tassen und kleine Kannen. \ud83e\uded6\" \/>\n<meta name=\"robots\" content=\"index, follow, max-snippet:-1, max-image-preview:large, max-video-preview:-1\" \/>\n<link rel=\"canonical\" href=\"https:\/\/teasense.ch\/fr\/produit\/edelstahl-teesieb-75-mm\/\" \/>\n<meta property=\"og:locale\" content=\"fr_FR\" \/>\n<meta property=\"og:type\" content=\"article\" \/>\n<meta property=\"og:title\" content=\"Edelstahl-Teesieb 75 mm - TeaSense.ch - Tee Shop Schweiz\" \/>\n<meta property=\"og:description\" content=\"Edelstahl-Teesieb 75\u202fmm Durchmesser \u2013 perfekt f\u00fcr losen Tee. Robust, langlebig und geschmacksneutral. Teesieb f\u00fcr Tassen und kleine Kannen. \ud83e\uded6\" \/>\n<meta property=\"og:url\" content=\"https:\/\/teasense.ch\/fr\/produit\/edelstahl-teesieb-75-mm\/\" \/>\n<meta property=\"og:site_name\" content=\"TeaSense.ch - Tee Shop Schweiz\" \/>\n<meta property=\"article:publisher\" content=\"https:\/\/www.facebook.com\/teasense.ch\" \/>\n<meta property=\"article:modified_time\" content=\"2026-03-05T14:21:55+00:00\" \/>\n<meta property=\"og:image\" content=\"https:\/\/teasense.ch\/wp-content\/uploads\/2026\/01\/edelstahlsieb-75-mm-85-x-50-mm.png\" \/>\n\t<meta property=\"og:image:width\" content=\"800\" \/>\n\t<meta property=\"og:image:height\" content=\"800\" \/>\n\t<meta property=\"og:image:type\" content=\"image\/png\" \/>\n<meta name=\"twitter:card\" content=\"summary_large_image\" \/>\n<meta name=\"twitter:label1\" content=\"Est. reading time\" \/>\n\t<meta name=\"twitter:data1\" content=\"1 minute\" \/>\n<!-- \/ Yoast SEO plugin. -->","yoast_head_json":{"title":"Edelstahl-Teesieb 75 mm - TeaSense.ch - Tee Shop Schweiz","description":"Edelstahl-Teesieb 75\u202fmm Durchmesser \u2013 perfekt f\u00fcr losen Tee. Robust, langlebig und geschmacksneutral. Teesieb f\u00fcr Tassen und kleine Kannen. \ud83e\uded6","robots":{"index":"index","follow":"follow","max-snippet":"max-snippet:-1","max-image-preview":"max-image-preview:large","max-video-preview":"max-video-preview:-1"},"canonical":"https:\/\/teasense.ch\/fr\/produit\/edelstahl-teesieb-75-mm\/","og_locale":"fr_FR","og_type":"article","og_title":"Edelstahl-Teesieb 75 mm - TeaSense.ch - Tee Shop Schweiz","og_description":"Edelstahl-Teesieb 75\u202fmm Durchmesser \u2013 perfekt f\u00fcr losen Tee. Robust, langlebig und geschmacksneutral. Teesieb f\u00fcr Tassen und kleine Kannen. \ud83e\uded6","og_url":"https:\/\/teasense.ch\/fr\/produit\/edelstahl-teesieb-75-mm\/","og_site_name":"TeaSense.ch - Tee Shop Schweiz","article_publisher":"https:\/\/www.facebook.com\/teasense.ch","article_modified_time":"2026-03-05T14:21:55+00:00","og_image":[{"width":800,"height":800,"url":"https:\/\/teasense.ch\/wp-content\/uploads\/2026\/01\/edelstahlsieb-75-mm-85-x-50-mm.png","type":"image\/png"}],"twitter_card":"summary_large_image","twitter_misc":{"Est. reading time":"1 minute"},"schema":{"@context":"https:\/\/schema.org","@graph":[{"@type":"WebPage","@id":"https:\/\/teasense.ch\/fr\/produit\/edelstahl-teesieb-75-mm\/","url":"https:\/\/teasense.ch\/fr\/produit\/edelstahl-teesieb-75-mm\/","name":"Edelstahl-Teesieb 75 mm - TeaSense.ch - Tee Shop Schweiz","isPartOf":{"@id":"https:\/\/teasense.ch\/fr\/#website"},"primaryImageOfPage":{"@id":"https:\/\/teasense.ch\/fr\/produit\/edelstahl-teesieb-75-mm\/#primaryimage"},"image":{"@id":"https:\/\/teasense.ch\/fr\/produit\/edelstahl-teesieb-75-mm\/#primaryimage"},"thumbnailUrl":"https:\/\/teasense.ch\/wp-content\/uploads\/2026\/01\/edelstahlsieb-75-mm-85-x-50-mm.png","datePublished":"2026-01-07T15:12:41+00:00","dateModified":"2026-03-05T14:21:55+00:00","description":"Edelstahl-Teesieb 75\u202fmm Durchmesser \u2013 perfekt f\u00fcr losen Tee. Robust, langlebig und geschmacksneutral. Teesieb f\u00fcr Tassen und kleine Kannen. \ud83e\uded6","breadcrumb":{"@id":"https:\/\/teasense.ch\/fr\/produit\/edelstahl-teesieb-75-mm\/#breadcrumb"},"inLanguage":"fr-CH","potentialAction":[{"@type":"ReadAction","target":["https:\/\/teasense.ch\/fr\/produit\/edelstahl-teesieb-75-mm\/"]}]},{"@type":"ImageObject","inLanguage":"fr-CH","@id":"https:\/\/teasense.ch\/fr\/produit\/edelstahl-teesieb-75-mm\/#primaryimage","url":"https:\/\/teasense.ch\/wp-content\/uploads\/2026\/01\/edelstahlsieb-75-mm-85-x-50-mm.png","contentUrl":"https:\/\/teasense.ch\/wp-content\/uploads\/2026\/01\/edelstahlsieb-75-mm-85-x-50-mm.png","width":800,"height":800,"caption":"Edelstahlsieb 75 mm 85 x 50 mm"},{"@type":"BreadcrumbList","@id":"https:\/\/teasense.ch\/fr\/produit\/edelstahl-teesieb-75-mm\/#breadcrumb","itemListElement":[{"@type":"ListItem","position":1,"name":"Startseite","item":"https:\/\/teasense.ch\/fr\/startseite\/"},{"@type":"ListItem","position":2,"name":"Boutique de th\u00e9 en ligne","item":"https:\/\/teasense.ch\/fr\/shop\/"},{"@type":"ListItem","position":3,"name":"Edelstahl-Teesieb 75 mm"}]},{"@type":"WebSite","@id":"https:\/\/teasense.ch\/fr\/#website","url":"https:\/\/teasense.ch\/fr\/","name":"TeaSense.ch","description":"Nat\u00fcrliche Teemischungen und klassischer Tee","publisher":{"@id":"https:\/\/teasense.ch\/fr\/#organization"},"alternateName":"TeaSense","potentialAction":[{"@type":"SearchAction","target":{"@type":"EntryPoint","urlTemplate":"https:\/\/teasense.ch\/fr\/?s={search_term_string}"},"query-input":{"@type":"PropertyValueSpecification","valueRequired":true,"valueName":"search_term_string"}}],"inLanguage":"fr-CH"},{"@type":"Organization","@id":"https:\/\/teasense.ch\/fr\/#organization","name":"Reale Selection","alternateName":"TeaSense.ch","url":"https:\/\/teasense.ch\/fr\/","logo":{"@type":"ImageObject","inLanguage":"fr-CH","@id":"https:\/\/teasense.ch\/fr\/#\/schema\/logo\/image\/","url":"https:\/\/teasense.ch\/wp-content\/uploads\/2023\/07\/cropped-logo-teasense-kategorie-onlineshop-alle-produkte.jpg","contentUrl":"https:\/\/teasense.ch\/wp-content\/uploads\/2023\/07\/cropped-logo-teasense-kategorie-onlineshop-alle-produkte.jpg","width":512,"height":512,"caption":"Reale Selection"},"image":{"@id":"https:\/\/teasense.ch\/fr\/#\/schema\/logo\/image\/"},"sameAs":["https:\/\/www.facebook.com\/teasense.ch"]}]}},"jetpack-related-posts":[{"id":47471,"url":"https:\/\/teasense.ch\/fr\/produit\/teesieb-teekanne-54\/","url_meta":{"origin":47697,"position":0},"title":"Teesieb Teekanne 54","author":"Reale Selection","date":"13. November 2025","format":false,"excerpt":"Teesieb \u00d8 54 mm","rel":"","context":"Similar post","block_context":{"text":"Similar post","link":""},"img":{"alt_text":"Teesieb 54 mm Durchmesser mit Teekanne Charm","src":"https:\/\/i0.wp.com\/teasense.ch\/wp-content\/uploads\/2025\/11\/teesieb.png?resize=350%2C200&ssl=1","width":350,"height":200,"srcset":"https:\/\/i0.wp.com\/teasense.ch\/wp-content\/uploads\/2025\/11\/teesieb.png?resize=350%2C200&ssl=1 1x, https:\/\/i0.wp.com\/teasense.ch\/wp-content\/uploads\/2025\/11\/teesieb.png?resize=525%2C300&ssl=1 1.5x, https:\/\/i0.wp.com\/teasense.ch\/wp-content\/uploads\/2025\/11\/teesieb.png?resize=700%2C400&ssl=1 2x"},"classes":[]},{"id":33133,"url":"https:\/\/teasense.ch\/fr\/produit\/tasse-all-in-one\/","url_meta":{"origin":47697,"position":1},"title":"Tasse All in One","author":"Reale Selection","date":"29. June 2023","format":false,"excerpt":"Spezifikation: 0,4 Liter | H\u00f6he 120 mm Material:\u00a0Glas Sp\u00fclmaschinengeeignet: Ja","rel":"","context":"Similar post","block_context":{"text":"Similar post","link":""},"img":{"alt_text":"All in One Glas Set","src":"https:\/\/i0.wp.com\/teasense.ch\/wp-content\/uploads\/2023\/07\/allinone-tasse.jpg?resize=350%2C200&ssl=1","width":350,"height":200,"srcset":"https:\/\/i0.wp.com\/teasense.ch\/wp-content\/uploads\/2023\/07\/allinone-tasse.jpg?resize=350%2C200&ssl=1 1x, https:\/\/i0.wp.com\/teasense.ch\/wp-content\/uploads\/2023\/07\/allinone-tasse.jpg?resize=525%2C300&ssl=1 1.5x, https:\/\/i0.wp.com\/teasense.ch\/wp-content\/uploads\/2023\/07\/allinone-tasse.jpg?resize=700%2C400&ssl=1 2x"},"classes":[]},{"id":43416,"url":"https:\/\/teasense.ch\/fr\/produit\/porzellan-deckelbecher-hehua\/","url_meta":{"origin":47697,"position":2},"title":"Porzellan Deckelbecher Hehua","author":"Reale Selection","date":"28. October 2024","format":false,"excerpt":"Set: Tasse, Sieb und Deckel (ohne Geschenkverpackung) F\u00fcllmenge: 360 ml","rel":"","context":"Similar post","block_context":{"text":"Similar post","link":""},"img":{"alt_text":"Porzellan Deckelbecher Hehua aussen","src":"https:\/\/i0.wp.com\/teasense.ch\/wp-content\/uploads\/2024\/10\/porzellan-deckelbecher-hehua-aussen.png?resize=350%2C200&ssl=1","width":350,"height":200,"srcset":"https:\/\/i0.wp.com\/teasense.ch\/wp-content\/uploads\/2024\/10\/porzellan-deckelbecher-hehua-aussen.png?resize=350%2C200&ssl=1 1x, https:\/\/i0.wp.com\/teasense.ch\/wp-content\/uploads\/2024\/10\/porzellan-deckelbecher-hehua-aussen.png?resize=525%2C300&ssl=1 1.5x, https:\/\/i0.wp.com\/teasense.ch\/wp-content\/uploads\/2024\/10\/porzellan-deckelbecher-hehua-aussen.png?resize=700%2C400&ssl=1 2x"},"classes":[]},{"id":43460,"url":"https:\/\/teasense.ch\/fr\/produit\/porzellan-deckelbecher-yoshino\/","url_meta":{"origin":47697,"position":3},"title":"Porzellan Deckelbecher Yoshino","author":"Reale Selection","date":"29. October 2024","format":false,"excerpt":"Tasse, Sieb und Deckel (ohne Geschenkverpackung) F\u00fcllmenge: 320 ml","rel":"","context":"Similar post","block_context":{"text":"Similar post","link":""},"img":{"alt_text":"Porzellan Deckelbecher Yoshino Varianten","src":"https:\/\/i0.wp.com\/teasense.ch\/wp-content\/uploads\/2024\/10\/porzellan-deckelbecher-yoshino-varianten.png?resize=350%2C200&ssl=1","width":350,"height":200,"srcset":"https:\/\/i0.wp.com\/teasense.ch\/wp-content\/uploads\/2024\/10\/porzellan-deckelbecher-yoshino-varianten.png?resize=350%2C200&ssl=1 1x, https:\/\/i0.wp.com\/teasense.ch\/wp-content\/uploads\/2024\/10\/porzellan-deckelbecher-yoshino-varianten.png?resize=525%2C300&ssl=1 1.5x, https:\/\/i0.wp.com\/teasense.ch\/wp-content\/uploads\/2024\/10\/porzellan-deckelbecher-yoshino-varianten.png?resize=700%2C400&ssl=1 2x"},"classes":[]},{"id":43423,"url":"https:\/\/teasense.ch\/fr\/produit\/porzellan-deckelbecher-birdy\/","url_meta":{"origin":47697,"position":4},"title":"Porzellan Deckelbecher Birdy","author":"Reale Selection","date":"28. October 2024","format":false,"excerpt":"Tasse, Sieb und Deckel (ohne Geschenkverpackung) F\u00fcllmenge: 325 ml","rel":"","context":"Similar post","block_context":{"text":"Similar post","link":""},"img":{"alt_text":"Porzellan Deckelbecher Birdy ganz","src":"https:\/\/i0.wp.com\/teasense.ch\/wp-content\/uploads\/2024\/10\/porzellan-deckelbecher-birdy-ganz.png?resize=350%2C200&ssl=1","width":350,"height":200,"srcset":"https:\/\/i0.wp.com\/teasense.ch\/wp-content\/uploads\/2024\/10\/porzellan-deckelbecher-birdy-ganz.png?resize=350%2C200&ssl=1 1x, https:\/\/i0.wp.com\/teasense.ch\/wp-content\/uploads\/2024\/10\/porzellan-deckelbecher-birdy-ganz.png?resize=525%2C300&ssl=1 1.5x, https:\/\/i0.wp.com\/teasense.ch\/wp-content\/uploads\/2024\/10\/porzellan-deckelbecher-birdy-ganz.png?resize=700%2C400&ssl=1 2x"},"classes":[]},{"id":43205,"url":"https:\/\/teasense.ch\/fr\/produit\/bombilla-reinigungsbuerste\/","url_meta":{"origin":47697,"position":5},"title":"Bombilla mit Reinigungsb\u00fcrste 2-teilig","author":"Reale Selection","date":"22. October 2024","format":false,"excerpt":"Bombilla mit Reinigungsb\u00fcrste \u2013 Das perfekte Duo f\u00fcr Mate-Liebhaber Die Bombilla mit Reinigungsb\u00fcrste ist ein essentielles Set f\u00fcr alle, die das traditionelle Trinken von Mate-Tee lieben. Diese hochwertige Bombilla sorgt daf\u00fcr, dass du deinen Mate stilvoll und genussvoll zubereiten kannst. Das Set enth\u00e4lt zudem eine praktische Reinigungsb\u00fcrste, die die Pflege\u2026","rel":"","context":"Similar post","block_context":{"text":"Similar post","link":""},"img":{"alt_text":"Bombilla mit Reinigungsb\u00fcrste 2-teilig","src":"https:\/\/i0.wp.com\/teasense.ch\/wp-content\/uploads\/2024\/10\/bombilla-mit-reinigungsbuerste-2-teilig.png?resize=350%2C200&ssl=1","width":350,"height":200,"srcset":"https:\/\/i0.wp.com\/teasense.ch\/wp-content\/uploads\/2024\/10\/bombilla-mit-reinigungsbuerste-2-teilig.png?resize=350%2C200&ssl=1 1x, https:\/\/i0.wp.com\/teasense.ch\/wp-content\/uploads\/2024\/10\/bombilla-mit-reinigungsbuerste-2-teilig.png?resize=525%2C300&ssl=1 1.5x, https:\/\/i0.wp.com\/teasense.ch\/wp-content\/uploads\/2024\/10\/bombilla-mit-reinigungsbuerste-2-teilig.png?resize=700%2C400&ssl=1 2x"},"classes":[]}],"jetpack_sharing_enabled":true,"jetpack_likes_enabled":false,"_links":{"self":[{"href":"https:\/\/teasense.ch\/fr\/wp-json\/wp\/v2\/product\/47697","targetHints":{"allow":["GET"]}}],"collection":[{"href":"https:\/\/teasense.ch\/fr\/wp-json\/wp\/v2\/product"}],"about":[{"href":"https:\/\/teasense.ch\/fr\/wp-json\/wp\/v2\/types\/product"}],"replies":[{"embeddable":true,"href":"https:\/\/teasense.ch\/fr\/wp-json\/wp\/v2\/comments?post=47697"}],"wp:featuredmedia":[{"embeddable":true,"href":"https:\/\/teasense.ch\/fr\/wp-json\/wp\/v2\/media\/47699"}],"wp:attachment":[{"href":"https:\/\/teasense.ch\/fr\/wp-json\/wp\/v2\/media?parent=47697"}],"wp:term":[{"taxonomy":"product_brand","embeddable":true,"href":"https:\/\/teasense.ch\/fr\/wp-json\/wp\/v2\/product_brand?post=47697"},{"taxonomy":"product_cat","embeddable":true,"href":"https:\/\/teasense.ch\/fr\/wp-json\/wp\/v2\/product_cat?post=47697"},{"taxonomy":"product_tag","embeddable":true,"href":"https:\/\/teasense.ch\/fr\/wp-json\/wp\/v2\/product_tag?post=47697"}],"curies":[{"name":"wp","href":"https:\/\/api.w.org\/{rel}","templated":true}]}}