{"id":48108,"date":"2025-12-17T10:36:20","date_gmt":"2025-12-17T09:36:20","guid":{"rendered":"https:\/\/teasense.ch\/produkt\/schwarztee-vanille\/"},"modified":"2025-12-17T10:36:20","modified_gmt":"2025-12-17T09:36:20","slug":"schwarztee-vanille","status":"publish","type":"product","link":"https:\/\/teasense.ch\/fr\/produit\/schwarztee-vanille\/","title":{"rendered":"Th\u00e9 noir vanille"},"content":{"rendered":"<h3 data-start=\"212\" data-end=\"269\">Th\u00e9 noir aromatis\u00e9 \u00e0 la note naturelle de vanille<\/h3>\n<p data-start=\"270\" data-end=\"599\">Le th\u00e9 noir vanille associe un th\u00e9 noir de qualit\u00e9 sup\u00e9rieure du Rwanda \u00e0 un ar\u00f4me naturel de vanille. La base cors\u00e9e et ronde du th\u00e9 noir est harmonieusement compl\u00e9t\u00e9e par la note d\u00e9licate de vanille. Il en r\u00e9sulte un m\u00e9lange de th\u00e9 \u00e9quilibr\u00e9, agr\u00e9ablement doux, qui pr\u00e9serve n\u00e9anmoins le caract\u00e8re typique du th\u00e9 noir.  <\/p>\n<p data-start=\"615\" data-end=\"953\">Le go\u00fbt est rond et \u00e9quilibr\u00e9. Le th\u00e9 noir apporte de la profondeur et un l\u00e9ger malt\u00e9, tandis que la vanille apporte une douceur douce et discr\u00e8te. La note de vanille reste volontairement subtile et ne couvre pas le th\u00e9, mais l&rsquo;arrondit \u00e9l\u00e9gamment. Le th\u00e9 noir vanille se d\u00e9guste ainsi aussi bien nature que l\u00e9g\u00e8rement sucr\u00e9.   <\/p>\n<h3 data-start=\"955\" data-end=\"988\">Propri\u00e9t\u00e9s du m\u00e9lange de th\u00e9 naturel<\/h3>\n<p data-start=\"989\" data-end=\"1325\">Ce m\u00e9lange de th\u00e9 noir aromatis\u00e9 s&rsquo;adresse \u00e0 tous ceux qui appr\u00e9cient le th\u00e9 noir classique et aiment le d\u00e9guster avec une note de go\u00fbt d\u00e9licate. L&rsquo;utilisation d&rsquo;ar\u00f4me naturel de vanille permet au th\u00e9 de rester clair et \u00e9quilibr\u00e9. Le th\u00e9 noir vanille s&rsquo;int\u00e8gre bien au quotidien et peut \u00eatre consomm\u00e9 \u00e0 diff\u00e9rents moments de la journ\u00e9e.  <\/p>\n<p data-start=\"1327\" data-end=\"1338\"><strong>Ingr\u00e9dients<\/strong> : th\u00e9 noir du Rwanda, ar\u00f4me naturel de vanille<\/p>\n","protected":false},"excerpt":{"rendered":"<h4>Pr\u00e9paration th\u00e9 noir vanille naturel<\/h4>\n<p>\ud83e\udd44 1 \u2013 2 c. \u00e0 c. par tasse (12 g\/litre)<br data-start=\"1519\" data-end=\"1522\">\ud83c\udf21\ufe0f 100 \u00b0C<br data-start=\"1564\" data-end=\"1567\">\u23f3 3 minutes<\/p>\n","protected":false},"featured_media":47633,"comment_status":"open","ping_status":"closed","template":"","meta":{"_et_pb_use_builder":"","_et_pb_old_content":"","_et_gb_content_width":""},"product_brand":[],"product_cat":[349,348],"product_tag":[],"class_list":{"0":"post-48108","1":"product","2":"type-product","3":"status-publish","4":"has-post-thumbnail","6":"product_cat-the-noir","7":"product_cat-tous-produits","8":"pa_herkunft-allemagne","9":"pa_weight-100-g","10":"pa_weight-200-g","11":"pa_weight-400-g","12":"pa_weight-50-g","14":"first","15":"instock","16":"shipping-taxable","17":"purchasable","18":"product-type-variable","19":"has-default-attributes","20":"add-to-wishlist-before_image"},"yoast_head":"<!-- This site is optimized with the Yoast SEO plugin v27.3 - https:\/\/yoast.com\/product\/yoast-seo-wordpress\/ -->\n<title>Th\u00e9 noir vanille - TeaSense.ch - Tee Shop Schweiz<\/title>\n<meta name=\"description\" content=\"Th\u00e9 noir vanille du Rwanda avec ar\u00f4me naturel de vanille. Th\u00e9 noir aromatis\u00e9 au go\u00fbt cors\u00e9 et \u00e0 la note d\u00e9licate de vanille.\" \/>\n<meta name=\"robots\" content=\"index, follow, max-snippet:-1, max-image-preview:large, max-video-preview:-1\" \/>\n<link rel=\"canonical\" href=\"https:\/\/teasense.ch\/fr\/produit\/schwarztee-vanille\/\" \/>\n<meta property=\"og:locale\" content=\"fr_FR\" \/>\n<meta property=\"og:type\" content=\"article\" \/>\n<meta property=\"og:title\" content=\"Th\u00e9 noir vanille - TeaSense.ch - Tee Shop Schweiz\" \/>\n<meta property=\"og:description\" content=\"Th\u00e9 noir vanille du Rwanda avec ar\u00f4me naturel de vanille. Th\u00e9 noir aromatis\u00e9 au go\u00fbt cors\u00e9 et \u00e0 la note d\u00e9licate de vanille.\" \/>\n<meta property=\"og:url\" content=\"https:\/\/teasense.ch\/fr\/produit\/schwarztee-vanille\/\" \/>\n<meta property=\"og:site_name\" content=\"TeaSense.ch - Tee Shop Schweiz\" \/>\n<meta property=\"article:publisher\" content=\"https:\/\/www.facebook.com\/teasense.ch\" \/>\n<meta property=\"og:image\" content=\"https:\/\/teasense.ch\/wp-content\/uploads\/2025\/12\/vanille-schwarztee.png\" \/>\n\t<meta property=\"og:image:width\" content=\"800\" \/>\n\t<meta property=\"og:image:height\" content=\"800\" \/>\n\t<meta property=\"og:image:type\" content=\"image\/png\" \/>\n<meta name=\"twitter:card\" content=\"summary_large_image\" \/>\n<meta name=\"twitter:label1\" content=\"Dur\u00e9e de lecture estim\u00e9e\" \/>\n\t<meta name=\"twitter:data1\" content=\"1 minute\" \/>\n<!-- \/ Yoast SEO plugin. -->","yoast_head_json":{"title":"Th\u00e9 noir vanille - TeaSense.ch - Tee Shop Schweiz","description":"Th\u00e9 noir vanille du Rwanda avec ar\u00f4me naturel de vanille. Th\u00e9 noir aromatis\u00e9 au go\u00fbt cors\u00e9 et \u00e0 la note d\u00e9licate de vanille.","robots":{"index":"index","follow":"follow","max-snippet":"max-snippet:-1","max-image-preview":"max-image-preview:large","max-video-preview":"max-video-preview:-1"},"canonical":"https:\/\/teasense.ch\/fr\/produit\/schwarztee-vanille\/","og_locale":"fr_FR","og_type":"article","og_title":"Th\u00e9 noir vanille - TeaSense.ch - Tee Shop Schweiz","og_description":"Th\u00e9 noir vanille du Rwanda avec ar\u00f4me naturel de vanille. Th\u00e9 noir aromatis\u00e9 au go\u00fbt cors\u00e9 et \u00e0 la note d\u00e9licate de vanille.","og_url":"https:\/\/teasense.ch\/fr\/produit\/schwarztee-vanille\/","og_site_name":"TeaSense.ch - Tee Shop Schweiz","article_publisher":"https:\/\/www.facebook.com\/teasense.ch","og_image":[{"width":800,"height":800,"url":"https:\/\/teasense.ch\/wp-content\/uploads\/2025\/12\/vanille-schwarztee.png","type":"image\/png"}],"twitter_card":"summary_large_image","twitter_misc":{"Dur\u00e9e de lecture estim\u00e9e":"1 minute"},"schema":{"@context":"https:\/\/schema.org","@graph":[{"@type":"WebPage","@id":"https:\/\/teasense.ch\/fr\/produit\/schwarztee-vanille\/","url":"https:\/\/teasense.ch\/fr\/produit\/schwarztee-vanille\/","name":"Th\u00e9 noir vanille - TeaSense.ch - Tee Shop Schweiz","isPartOf":{"@id":"https:\/\/teasense.ch\/fr\/#website"},"primaryImageOfPage":{"@id":"https:\/\/teasense.ch\/fr\/produit\/schwarztee-vanille\/#primaryimage"},"image":{"@id":"https:\/\/teasense.ch\/fr\/produit\/schwarztee-vanille\/#primaryimage"},"thumbnailUrl":"https:\/\/teasense.ch\/wp-content\/uploads\/2025\/12\/vanille-schwarztee.png","datePublished":"2025-12-17T09:36:20+00:00","description":"Th\u00e9 noir vanille du Rwanda avec ar\u00f4me naturel de vanille. Th\u00e9 noir aromatis\u00e9 au go\u00fbt cors\u00e9 et \u00e0 la note d\u00e9licate de vanille.","breadcrumb":{"@id":"https:\/\/teasense.ch\/fr\/produit\/schwarztee-vanille\/#breadcrumb"},"inLanguage":"fr-FR","potentialAction":[{"@type":"ReadAction","target":["https:\/\/teasense.ch\/fr\/produit\/schwarztee-vanille\/"]}]},{"@type":"ImageObject","inLanguage":"fr-FR","@id":"https:\/\/teasense.ch\/fr\/produit\/schwarztee-vanille\/#primaryimage","url":"https:\/\/teasense.ch\/wp-content\/uploads\/2025\/12\/vanille-schwarztee.png","contentUrl":"https:\/\/teasense.ch\/wp-content\/uploads\/2025\/12\/vanille-schwarztee.png","width":800,"height":800,"caption":"Schwarztee Vanille Nat\u00fcrlich"},{"@type":"BreadcrumbList","@id":"https:\/\/teasense.ch\/fr\/produit\/schwarztee-vanille\/#breadcrumb","itemListElement":[{"@type":"ListItem","position":1,"name":"Startseite","item":"https:\/\/teasense.ch\/fr\/startseite\/"},{"@type":"ListItem","position":2,"name":"Boutique","item":"https:\/\/teasense.ch\/fr\/boutique\/"},{"@type":"ListItem","position":3,"name":"Th\u00e9 noir vanille"}]},{"@type":"WebSite","@id":"https:\/\/teasense.ch\/fr\/#website","url":"https:\/\/teasense.ch\/fr\/","name":"TeaSense.ch","description":"Nat\u00fcrliche Teemischungen und klassischer Tee","publisher":{"@id":"https:\/\/teasense.ch\/fr\/#organization"},"alternateName":"TeaSense","potentialAction":[{"@type":"SearchAction","target":{"@type":"EntryPoint","urlTemplate":"https:\/\/teasense.ch\/fr\/?s={search_term_string}"},"query-input":{"@type":"PropertyValueSpecification","valueRequired":true,"valueName":"search_term_string"}}],"inLanguage":"fr-FR"},{"@type":"Organization","@id":"https:\/\/teasense.ch\/fr\/#organization","name":"Reale Selection","alternateName":"TeaSense.ch","url":"https:\/\/teasense.ch\/fr\/","logo":{"@type":"ImageObject","inLanguage":"fr-FR","@id":"https:\/\/teasense.ch\/fr\/#\/schema\/logo\/image\/","url":"https:\/\/teasense.ch\/wp-content\/uploads\/2023\/07\/cropped-logo-teasense-kategorie-onlineshop-alle-produkte.jpg","contentUrl":"https:\/\/teasense.ch\/wp-content\/uploads\/2023\/07\/cropped-logo-teasense-kategorie-onlineshop-alle-produkte.jpg","width":512,"height":512,"caption":"Reale Selection"},"image":{"@id":"https:\/\/teasense.ch\/fr\/#\/schema\/logo\/image\/"},"sameAs":["https:\/\/www.facebook.com\/teasense.ch"]}]}},"jetpack-related-posts":[{"id":48156,"url":"https:\/\/teasense.ch\/fr\/produit\/schwarztee-wildkirsche\/","url_meta":{"origin":48108,"position":0},"title":"Th\u00e9 noir cerise sauvage","author":"Reale Selection","date":"17. d\u00e9cembre 2025","format":false,"excerpt":"Pr\u00e9paration th\u00e9 noir cerise sauvage naturel \ud83e\udd44 1 \u2013 2 c. \u00e0 c. par tasse (12 g\/litre)\ud83c\udf21\ufe0f 100 \u00b0C\u23f3 3 minutes","rel":"","context":"Article similaire","block_context":{"text":"Article similaire","link":""},"img":{"alt_text":"Schwarztee Wildkirsche Nat\u00fcrliche Teemischung","src":"https:\/\/i0.wp.com\/teasense.ch\/wp-content\/uploads\/2025\/12\/schwarztee-wildkirsche.png?resize=350%2C200&ssl=1","width":350,"height":200,"srcset":"https:\/\/i0.wp.com\/teasense.ch\/wp-content\/uploads\/2025\/12\/schwarztee-wildkirsche.png?resize=350%2C200&ssl=1 1x, https:\/\/i0.wp.com\/teasense.ch\/wp-content\/uploads\/2025\/12\/schwarztee-wildkirsche.png?resize=525%2C300&ssl=1 1.5x, https:\/\/i0.wp.com\/teasense.ch\/wp-content\/uploads\/2025\/12\/schwarztee-wildkirsche.png?resize=700%2C400&ssl=1 2x"},"classes":[]},{"id":48162,"url":"https:\/\/teasense.ch\/fr\/produit\/tee-abo\/","url_meta":{"origin":48108,"position":1},"title":"Abonnement de th\u00e9","author":"Reale Selection","date":"25. janvier 2024","format":false,"excerpt":"\ud83c\udf3f Deux vari\u00e9t\u00e9s de th\u00e9 par mois \ud83d\udcc5 Dur\u00e9e librement choisie \ud83d\udc8c Personnel & sur mesure \ud83c\udf81 Parfait comme cadeau Choisissez le nombre de mois souhait\u00e9 :","rel":"","context":"Article similaire","block_context":{"text":"Article similaire","link":""},"img":{"alt_text":"Abbonamento al t\u00e8 Scatola di spedizione Teasense Svizzera","src":"https:\/\/i0.wp.com\/teasense.ch\/wp-content\/uploads\/2024\/01\/Tee-Abo-Teasense-Versandbox.png?resize=350%2C200&ssl=1","width":350,"height":200,"srcset":"https:\/\/i0.wp.com\/teasense.ch\/wp-content\/uploads\/2024\/01\/Tee-Abo-Teasense-Versandbox.png?resize=350%2C200&ssl=1 1x, https:\/\/i0.wp.com\/teasense.ch\/wp-content\/uploads\/2024\/01\/Tee-Abo-Teasense-Versandbox.png?resize=525%2C300&ssl=1 1.5x, https:\/\/i0.wp.com\/teasense.ch\/wp-content\/uploads\/2024\/01\/Tee-Abo-Teasense-Versandbox.png?resize=700%2C400&ssl=1 2x"},"classes":[]},{"id":48175,"url":"https:\/\/teasense.ch\/fr\/produit\/schlafmuetze-kraeutertee\/","url_meta":{"origin":48108,"position":2},"title":"Tisane Douce Nuit","author":"Reale Selection","date":"23. octobre 2024","format":false,"excerpt":"Pr\u00e9paration de la Tisane Douce Nuit \ud83e\udd44 1 cuill\u00e8re \u00e0 caf\u00e9 par tasse (14 g\/litre)\ud83c\udf21\ufe0f 100 \u00b0C\u23f3 5 minutes","rel":"","context":"Article similaire","block_context":{"text":"Article similaire","link":""},"img":{"alt_text":"Schlafm\u00fctze Kr\u00e4utertee weisser Hintergrund","src":"https:\/\/i0.wp.com\/teasense.ch\/wp-content\/uploads\/2024\/10\/schlafmuetze-kraeutertee-weisser-hintergrund.png?resize=350%2C200&ssl=1","width":350,"height":200,"srcset":"https:\/\/i0.wp.com\/teasense.ch\/wp-content\/uploads\/2024\/10\/schlafmuetze-kraeutertee-weisser-hintergrund.png?resize=350%2C200&ssl=1 1x, https:\/\/i0.wp.com\/teasense.ch\/wp-content\/uploads\/2024\/10\/schlafmuetze-kraeutertee-weisser-hintergrund.png?resize=525%2C300&ssl=1 1.5x, https:\/\/i0.wp.com\/teasense.ch\/wp-content\/uploads\/2024\/10\/schlafmuetze-kraeutertee-weisser-hintergrund.png?resize=700%2C400&ssl=1 2x"},"classes":[]},{"id":48150,"url":"https:\/\/teasense.ch\/it\/prodotto\/schwarztee-vanille\/","url_meta":{"origin":48108,"position":3},"title":"T\u00e8 nero vaniglia","author":"Reale Selection","date":"17. d\u00e9cembre 2025","format":false,"excerpt":"Preparazione T\u00e8 nero vaniglia naturale \ud83e\udd44 1 \u2013 2 cucchiaini per tazza (12 g\/litro)\ud83c\udf21\ufe0f 100 \u00b0C\u23f3 3 minuti","rel":"","context":"Article similaire","block_context":{"text":"Article similaire","link":""},"img":{"alt_text":"Schwarztee Vanille Nat\u00fcrlich","src":"https:\/\/i0.wp.com\/teasense.ch\/wp-content\/uploads\/2025\/12\/vanille-schwarztee.png?resize=350%2C200&ssl=1","width":350,"height":200,"srcset":"https:\/\/i0.wp.com\/teasense.ch\/wp-content\/uploads\/2025\/12\/vanille-schwarztee.png?resize=350%2C200&ssl=1 1x, https:\/\/i0.wp.com\/teasense.ch\/wp-content\/uploads\/2025\/12\/vanille-schwarztee.png?resize=525%2C300&ssl=1 1.5x, https:\/\/i0.wp.com\/teasense.ch\/wp-content\/uploads\/2025\/12\/vanille-schwarztee.png?resize=700%2C400&ssl=1 2x"},"classes":[]},{"id":48167,"url":"https:\/\/teasense.ch\/en\/product\/schlafmuetze-kraeutertee\/","url_meta":{"origin":48108,"position":4},"title":"Nightcap Herbal Tea","author":"Reale Selection","date":"23. octobre 2024","format":false,"excerpt":"Preparing Nightcap Herbal Tea \ud83e\udd44 1 teaspoon per cup (14 g\/liter)\ud83c\udf21\ufe0f 100 \u00b0C\u23f3 5 minutes","rel":"","context":"Article similaire","block_context":{"text":"Article similaire","link":""},"img":{"alt_text":"Schlafm\u00fctze Kr\u00e4utertee weisser Hintergrund","src":"https:\/\/i0.wp.com\/teasense.ch\/wp-content\/uploads\/2024\/10\/schlafmuetze-kraeutertee-weisser-hintergrund.png?resize=350%2C200&ssl=1","width":350,"height":200,"srcset":"https:\/\/i0.wp.com\/teasense.ch\/wp-content\/uploads\/2024\/10\/schlafmuetze-kraeutertee-weisser-hintergrund.png?resize=350%2C200&ssl=1 1x, https:\/\/i0.wp.com\/teasense.ch\/wp-content\/uploads\/2024\/10\/schlafmuetze-kraeutertee-weisser-hintergrund.png?resize=525%2C300&ssl=1 1.5x, https:\/\/i0.wp.com\/teasense.ch\/wp-content\/uploads\/2024\/10\/schlafmuetze-kraeutertee-weisser-hintergrund.png?resize=700%2C400&ssl=1 2x"},"classes":[]},{"id":33288,"url":"https:\/\/teasense.ch\/produkt\/black-granatapfel-vanille\/","url_meta":{"origin":48108,"position":5},"title":"Schwarztee Granatapfel &#8211; Vanille","author":"Reale Selection","date":"5. juillet 2023","format":false,"excerpt":"Darjeeling Schwarztee, nat\u00fcrliches Granatapfel- und Vanillearoma","rel":"","context":"Article similaire","block_context":{"text":"Article similaire","link":""},"img":{"alt_text":"","src":"https:\/\/i0.wp.com\/teasense.ch\/wp-content\/uploads\/2023\/07\/black-bio-granatapfel-vanille-plain.jpg?resize=350%2C200&ssl=1","width":350,"height":200,"srcset":"https:\/\/i0.wp.com\/teasense.ch\/wp-content\/uploads\/2023\/07\/black-bio-granatapfel-vanille-plain.jpg?resize=350%2C200&ssl=1 1x, https:\/\/i0.wp.com\/teasense.ch\/wp-content\/uploads\/2023\/07\/black-bio-granatapfel-vanille-plain.jpg?resize=525%2C300&ssl=1 1.5x, https:\/\/i0.wp.com\/teasense.ch\/wp-content\/uploads\/2023\/07\/black-bio-granatapfel-vanille-plain.jpg?resize=700%2C400&ssl=1 2x"},"classes":[]}],"jetpack_sharing_enabled":true,"jetpack_likes_enabled":false,"_links":{"self":[{"href":"https:\/\/teasense.ch\/fr\/wp-json\/wp\/v2\/product\/48108","targetHints":{"allow":["GET"]}}],"collection":[{"href":"https:\/\/teasense.ch\/fr\/wp-json\/wp\/v2\/product"}],"about":[{"href":"https:\/\/teasense.ch\/fr\/wp-json\/wp\/v2\/types\/product"}],"replies":[{"embeddable":true,"href":"https:\/\/teasense.ch\/fr\/wp-json\/wp\/v2\/comments?post=48108"}],"wp:featuredmedia":[{"embeddable":true,"href":"https:\/\/teasense.ch\/fr\/wp-json\/wp\/v2\/media\/47633"}],"wp:attachment":[{"href":"https:\/\/teasense.ch\/fr\/wp-json\/wp\/v2\/media?parent=48108"}],"wp:term":[{"taxonomy":"product_brand","embeddable":true,"href":"https:\/\/teasense.ch\/fr\/wp-json\/wp\/v2\/product_brand?post=48108"},{"taxonomy":"product_cat","embeddable":true,"href":"https:\/\/teasense.ch\/fr\/wp-json\/wp\/v2\/product_cat?post=48108"},{"taxonomy":"product_tag","embeddable":true,"href":"https:\/\/teasense.ch\/fr\/wp-json\/wp\/v2\/product_tag?post=48108"}],"curies":[{"name":"wp","href":"https:\/\/api.w.org\/{rel}","templated":true}]}}