{"id":48156,"date":"2025-12-17T11:46:41","date_gmt":"2025-12-17T10:46:41","guid":{"rendered":"https:\/\/teasense.ch\/produkt\/schwarztee-wildkirsche\/"},"modified":"2025-12-17T11:46:41","modified_gmt":"2025-12-17T10:46:41","slug":"schwarztee-wildkirsche","status":"publish","type":"product","link":"https:\/\/teasense.ch\/fr\/produit\/schwarztee-wildkirsche\/","title":{"rendered":"Th\u00e9 noir cerise sauvage"},"content":{"rendered":"<h2>Th\u00e9 noir aromatis\u00e9 au go\u00fbt de cerise<\/h2>\n<p>Le th\u00e9 noir cerise sauvage associe le th\u00e9 noir classique \u00e0 des morceaux de cerises et \u00e0 un ar\u00f4me naturel de cerise. La note fruit\u00e9e de la cerise sauvage compl\u00e8te harmonieusement le caract\u00e8re cors\u00e9 du th\u00e9 noir et conf\u00e8re au m\u00e9lange une fra\u00eecheur agr\u00e9able et l\u00e9g\u00e8rement sucr\u00e9e. <\/p>\n<p>Le go\u00fbt est \u00e9quilibr\u00e9 et rond. Le th\u00e9 noir constitue une base cors\u00e9e, tandis que la cerise sauvage apporte une note fruit\u00e9e mais non envahissante. Les ar\u00f4mes de cerise restent discrets en arri\u00e8re-plan et ne couvrent pas le th\u00e9, mais l&rsquo;arrondissent d\u00e9licatement. Le th\u00e9 noir cerise sauvage convient ainsi aussi bien \u00e0 une d\u00e9gustation pure que l\u00e9g\u00e8rement sucr\u00e9.   <\/p>\n<p>Ce m\u00e9lange de th\u00e9 noir aromatis\u00e9 s&rsquo;adresse \u00e0 tous ceux qui appr\u00e9cient le th\u00e9 noir classique et aiment le d\u00e9guster avec une note fruit\u00e9e. L&rsquo;association de th\u00e9 noir, de morceaux de cerises et d&rsquo;ar\u00f4me naturel de cerise offre une exp\u00e9rience harmonieuse qui s&rsquo;int\u00e8gre facilement au quotidien et convient \u00e0 diff\u00e9rents moments de la journ\u00e9e. <\/p>\n<p><strong>Ingr\u00e9dients<\/strong> : th\u00e9 noir du Rwanda, morceaux de cerises, ar\u00f4me naturel de cerise<\/p>\n","protected":false},"excerpt":{"rendered":"<h4>Pr\u00e9paration th\u00e9 noir cerise sauvage naturel<\/h4>\n<p>\ud83e\udd44 1 \u2013 2 c. \u00e0 c. par tasse (12 g\/litre)<br data-start=\"1519\" data-end=\"1522\">\ud83c\udf21\ufe0f 100 \u00b0C<br data-start=\"1564\" data-end=\"1567\">\u23f3 3 minutes<\/p>\n","protected":false},"featured_media":47650,"comment_status":"open","ping_status":"closed","template":"","meta":{"_et_pb_use_builder":"","_et_pb_old_content":"","_et_gb_content_width":""},"product_brand":[],"product_cat":[349,348],"product_tag":[],"class_list":{"0":"post-48156","1":"product","2":"type-product","3":"status-publish","4":"has-post-thumbnail","6":"product_cat-the-noir","7":"product_cat-tous-produits","8":"pa_herkunft-allemagne","9":"pa_weight-100-g","10":"pa_weight-200-g","11":"pa_weight-400-g","12":"pa_weight-50-g","14":"first","15":"instock","16":"shipping-taxable","17":"purchasable","18":"product-type-variable","19":"has-default-attributes","20":"add-to-wishlist-before_image"},"yoast_head":"<!-- This site is optimized with the Yoast SEO plugin v27.3 - https:\/\/yoast.com\/product\/yoast-seo-wordpress\/ -->\n<title>Th\u00e9 noir cerise sauvage - TeaSense.ch - Tee Shop Schweiz<\/title>\n<meta name=\"description\" content=\"Th\u00e9 noir cerise sauvage avec morceaux de cerises et ar\u00f4me naturel de cerise. Th\u00e9 noir fruit\u00e9 au go\u00fbt \u00e9quilibr\u00e9 pour le quotidien.\" \/>\n<meta name=\"robots\" content=\"index, follow, max-snippet:-1, max-image-preview:large, max-video-preview:-1\" \/>\n<link rel=\"canonical\" href=\"https:\/\/teasense.ch\/fr\/produit\/schwarztee-wildkirsche\/\" \/>\n<meta property=\"og:locale\" content=\"fr_FR\" \/>\n<meta property=\"og:type\" content=\"article\" \/>\n<meta property=\"og:title\" content=\"Th\u00e9 noir cerise sauvage - TeaSense.ch - Tee Shop Schweiz\" \/>\n<meta property=\"og:description\" content=\"Th\u00e9 noir cerise sauvage avec morceaux de cerises et ar\u00f4me naturel de cerise. Th\u00e9 noir fruit\u00e9 au go\u00fbt \u00e9quilibr\u00e9 pour le quotidien.\" \/>\n<meta property=\"og:url\" content=\"https:\/\/teasense.ch\/fr\/produit\/schwarztee-wildkirsche\/\" \/>\n<meta property=\"og:site_name\" content=\"TeaSense.ch - Tee Shop Schweiz\" \/>\n<meta property=\"article:publisher\" content=\"https:\/\/www.facebook.com\/teasense.ch\" \/>\n<meta property=\"og:image\" content=\"https:\/\/teasense.ch\/wp-content\/uploads\/2025\/12\/schwarztee-wildkirsche.png\" \/>\n\t<meta property=\"og:image:width\" content=\"800\" \/>\n\t<meta property=\"og:image:height\" content=\"800\" \/>\n\t<meta property=\"og:image:type\" content=\"image\/png\" \/>\n<meta name=\"twitter:card\" content=\"summary_large_image\" \/>\n<meta name=\"twitter:label1\" content=\"Dur\u00e9e de lecture estim\u00e9e\" \/>\n\t<meta name=\"twitter:data1\" content=\"1 minute\" \/>\n<!-- \/ Yoast SEO plugin. -->","yoast_head_json":{"title":"Th\u00e9 noir cerise sauvage - TeaSense.ch - Tee Shop Schweiz","description":"Th\u00e9 noir cerise sauvage avec morceaux de cerises et ar\u00f4me naturel de cerise. Th\u00e9 noir fruit\u00e9 au go\u00fbt \u00e9quilibr\u00e9 pour le quotidien.","robots":{"index":"index","follow":"follow","max-snippet":"max-snippet:-1","max-image-preview":"max-image-preview:large","max-video-preview":"max-video-preview:-1"},"canonical":"https:\/\/teasense.ch\/fr\/produit\/schwarztee-wildkirsche\/","og_locale":"fr_FR","og_type":"article","og_title":"Th\u00e9 noir cerise sauvage - TeaSense.ch - Tee Shop Schweiz","og_description":"Th\u00e9 noir cerise sauvage avec morceaux de cerises et ar\u00f4me naturel de cerise. Th\u00e9 noir fruit\u00e9 au go\u00fbt \u00e9quilibr\u00e9 pour le quotidien.","og_url":"https:\/\/teasense.ch\/fr\/produit\/schwarztee-wildkirsche\/","og_site_name":"TeaSense.ch - Tee Shop Schweiz","article_publisher":"https:\/\/www.facebook.com\/teasense.ch","og_image":[{"width":800,"height":800,"url":"https:\/\/teasense.ch\/wp-content\/uploads\/2025\/12\/schwarztee-wildkirsche.png","type":"image\/png"}],"twitter_card":"summary_large_image","twitter_misc":{"Dur\u00e9e de lecture estim\u00e9e":"1 minute"},"schema":{"@context":"https:\/\/schema.org","@graph":[{"@type":"WebPage","@id":"https:\/\/teasense.ch\/fr\/produit\/schwarztee-wildkirsche\/","url":"https:\/\/teasense.ch\/fr\/produit\/schwarztee-wildkirsche\/","name":"Th\u00e9 noir cerise sauvage - TeaSense.ch - Tee Shop Schweiz","isPartOf":{"@id":"https:\/\/teasense.ch\/fr\/#website"},"primaryImageOfPage":{"@id":"https:\/\/teasense.ch\/fr\/produit\/schwarztee-wildkirsche\/#primaryimage"},"image":{"@id":"https:\/\/teasense.ch\/fr\/produit\/schwarztee-wildkirsche\/#primaryimage"},"thumbnailUrl":"https:\/\/teasense.ch\/wp-content\/uploads\/2025\/12\/schwarztee-wildkirsche.png","datePublished":"2025-12-17T10:46:41+00:00","description":"Th\u00e9 noir cerise sauvage avec morceaux de cerises et ar\u00f4me naturel de cerise. Th\u00e9 noir fruit\u00e9 au go\u00fbt \u00e9quilibr\u00e9 pour le quotidien.","breadcrumb":{"@id":"https:\/\/teasense.ch\/fr\/produit\/schwarztee-wildkirsche\/#breadcrumb"},"inLanguage":"fr-FR","potentialAction":[{"@type":"ReadAction","target":["https:\/\/teasense.ch\/fr\/produit\/schwarztee-wildkirsche\/"]}]},{"@type":"ImageObject","inLanguage":"fr-FR","@id":"https:\/\/teasense.ch\/fr\/produit\/schwarztee-wildkirsche\/#primaryimage","url":"https:\/\/teasense.ch\/wp-content\/uploads\/2025\/12\/schwarztee-wildkirsche.png","contentUrl":"https:\/\/teasense.ch\/wp-content\/uploads\/2025\/12\/schwarztee-wildkirsche.png","width":800,"height":800,"caption":"Schwarztee Wildkirsche Nat\u00fcrliche Teemischung"},{"@type":"BreadcrumbList","@id":"https:\/\/teasense.ch\/fr\/produit\/schwarztee-wildkirsche\/#breadcrumb","itemListElement":[{"@type":"ListItem","position":1,"name":"Startseite","item":"https:\/\/teasense.ch\/fr\/startseite\/"},{"@type":"ListItem","position":2,"name":"Boutique","item":"https:\/\/teasense.ch\/fr\/boutique\/"},{"@type":"ListItem","position":3,"name":"Th\u00e9 noir cerise sauvage"}]},{"@type":"WebSite","@id":"https:\/\/teasense.ch\/fr\/#website","url":"https:\/\/teasense.ch\/fr\/","name":"TeaSense.ch","description":"Nat\u00fcrliche Teemischungen und klassischer Tee","publisher":{"@id":"https:\/\/teasense.ch\/fr\/#organization"},"alternateName":"TeaSense","potentialAction":[{"@type":"SearchAction","target":{"@type":"EntryPoint","urlTemplate":"https:\/\/teasense.ch\/fr\/?s={search_term_string}"},"query-input":{"@type":"PropertyValueSpecification","valueRequired":true,"valueName":"search_term_string"}}],"inLanguage":"fr-FR"},{"@type":"Organization","@id":"https:\/\/teasense.ch\/fr\/#organization","name":"Reale Selection","alternateName":"TeaSense.ch","url":"https:\/\/teasense.ch\/fr\/","logo":{"@type":"ImageObject","inLanguage":"fr-FR","@id":"https:\/\/teasense.ch\/fr\/#\/schema\/logo\/image\/","url":"https:\/\/teasense.ch\/wp-content\/uploads\/2023\/07\/cropped-logo-teasense-kategorie-onlineshop-alle-produkte.jpg","contentUrl":"https:\/\/teasense.ch\/wp-content\/uploads\/2023\/07\/cropped-logo-teasense-kategorie-onlineshop-alle-produkte.jpg","width":512,"height":512,"caption":"Reale Selection"},"image":{"@id":"https:\/\/teasense.ch\/fr\/#\/schema\/logo\/image\/"},"sameAs":["https:\/\/www.facebook.com\/teasense.ch"]}]}},"jetpack-related-posts":[{"id":48162,"url":"https:\/\/teasense.ch\/fr\/produit\/tee-abo\/","url_meta":{"origin":48156,"position":0},"title":"Abonnement de th\u00e9","author":"Reale Selection","date":"25. janvier 2024","format":false,"excerpt":"\ud83c\udf3f Deux vari\u00e9t\u00e9s de th\u00e9 par mois \ud83d\udcc5 Dur\u00e9e librement choisie \ud83d\udc8c Personnel & sur mesure \ud83c\udf81 Parfait comme cadeau Choisissez le nombre de mois souhait\u00e9 :","rel":"","context":"Article similaire","block_context":{"text":"Article similaire","link":""},"img":{"alt_text":"Abbonamento al t\u00e8 Scatola di spedizione Teasense Svizzera","src":"https:\/\/i0.wp.com\/teasense.ch\/wp-content\/uploads\/2024\/01\/Tee-Abo-Teasense-Versandbox.png?resize=350%2C200&ssl=1","width":350,"height":200,"srcset":"https:\/\/i0.wp.com\/teasense.ch\/wp-content\/uploads\/2024\/01\/Tee-Abo-Teasense-Versandbox.png?resize=350%2C200&ssl=1 1x, https:\/\/i0.wp.com\/teasense.ch\/wp-content\/uploads\/2024\/01\/Tee-Abo-Teasense-Versandbox.png?resize=525%2C300&ssl=1 1.5x, https:\/\/i0.wp.com\/teasense.ch\/wp-content\/uploads\/2024\/01\/Tee-Abo-Teasense-Versandbox.png?resize=700%2C400&ssl=1 2x"},"classes":[]},{"id":48175,"url":"https:\/\/teasense.ch\/fr\/produit\/schlafmuetze-kraeutertee\/","url_meta":{"origin":48156,"position":1},"title":"Tisane Douce Nuit","author":"Reale Selection","date":"23. octobre 2024","format":false,"excerpt":"Pr\u00e9paration de la Tisane Douce Nuit \ud83e\udd44 1 cuill\u00e8re \u00e0 caf\u00e9 par tasse (14 g\/litre)\ud83c\udf21\ufe0f 100 \u00b0C\u23f3 5 minutes","rel":"","context":"Article similaire","block_context":{"text":"Article similaire","link":""},"img":{"alt_text":"Schlafm\u00fctze Kr\u00e4utertee weisser Hintergrund","src":"https:\/\/i0.wp.com\/teasense.ch\/wp-content\/uploads\/2024\/10\/schlafmuetze-kraeutertee-weisser-hintergrund.png?resize=350%2C200&ssl=1","width":350,"height":200,"srcset":"https:\/\/i0.wp.com\/teasense.ch\/wp-content\/uploads\/2024\/10\/schlafmuetze-kraeutertee-weisser-hintergrund.png?resize=350%2C200&ssl=1 1x, https:\/\/i0.wp.com\/teasense.ch\/wp-content\/uploads\/2024\/10\/schlafmuetze-kraeutertee-weisser-hintergrund.png?resize=525%2C300&ssl=1 1.5x, https:\/\/i0.wp.com\/teasense.ch\/wp-content\/uploads\/2024\/10\/schlafmuetze-kraeutertee-weisser-hintergrund.png?resize=700%2C400&ssl=1 2x"},"classes":[]},{"id":48183,"url":"https:\/\/teasense.ch\/en\/product\/tee-abo\/","url_meta":{"origin":48156,"position":2},"title":"Tea Subscription","author":"Reale Selection","date":"25. janvier 2024","format":false,"excerpt":"\ud83c\udf3f Two tea varieties per month \ud83d\udcc5 Freely selectable duration \ud83d\udc8c Personal & individual \ud83c\udf81 Perfect as a gift Select the desired number of months:","rel":"","context":"Article similaire","block_context":{"text":"Article similaire","link":""},"img":{"alt_text":"Abbonamento al t\u00e8 Scatola di spedizione Teasense Svizzera","src":"https:\/\/i0.wp.com\/teasense.ch\/wp-content\/uploads\/2024\/01\/Tee-Abo-Teasense-Versandbox.png?resize=350%2C200&ssl=1","width":350,"height":200,"srcset":"https:\/\/i0.wp.com\/teasense.ch\/wp-content\/uploads\/2024\/01\/Tee-Abo-Teasense-Versandbox.png?resize=350%2C200&ssl=1 1x, https:\/\/i0.wp.com\/teasense.ch\/wp-content\/uploads\/2024\/01\/Tee-Abo-Teasense-Versandbox.png?resize=525%2C300&ssl=1 1.5x, https:\/\/i0.wp.com\/teasense.ch\/wp-content\/uploads\/2024\/01\/Tee-Abo-Teasense-Versandbox.png?resize=700%2C400&ssl=1 2x"},"classes":[]},{"id":48167,"url":"https:\/\/teasense.ch\/en\/product\/schlafmuetze-kraeutertee\/","url_meta":{"origin":48156,"position":3},"title":"Nightcap Herbal Tea","author":"Reale Selection","date":"23. octobre 2024","format":false,"excerpt":"Preparing Nightcap Herbal Tea \ud83e\udd44 1 teaspoon per cup (14 g\/liter)\ud83c\udf21\ufe0f 100 \u00b0C\u23f3 5 minutes","rel":"","context":"Article similaire","block_context":{"text":"Article similaire","link":""},"img":{"alt_text":"Schlafm\u00fctze Kr\u00e4utertee weisser Hintergrund","src":"https:\/\/i0.wp.com\/teasense.ch\/wp-content\/uploads\/2024\/10\/schlafmuetze-kraeutertee-weisser-hintergrund.png?resize=350%2C200&ssl=1","width":350,"height":200,"srcset":"https:\/\/i0.wp.com\/teasense.ch\/wp-content\/uploads\/2024\/10\/schlafmuetze-kraeutertee-weisser-hintergrund.png?resize=350%2C200&ssl=1 1x, https:\/\/i0.wp.com\/teasense.ch\/wp-content\/uploads\/2024\/10\/schlafmuetze-kraeutertee-weisser-hintergrund.png?resize=525%2C300&ssl=1 1.5x, https:\/\/i0.wp.com\/teasense.ch\/wp-content\/uploads\/2024\/10\/schlafmuetze-kraeutertee-weisser-hintergrund.png?resize=700%2C400&ssl=1 2x"},"classes":[]},{"id":33580,"url":"https:\/\/teasense.ch\/produkt\/orangenschalen\/","url_meta":{"origin":48156,"position":4},"title":"Orangenschalen","author":"Reale Selection","date":"17. juillet 2023","format":false,"excerpt":"Orangenschalen getrocknet Tee-Zubereitung \ud83e\udd44 13-18 g auf 1 Liter Wasser \ud83c\udf21\ufe0f 100 \u00b0C \u23f3 5-10 Minuten","rel":"","context":"Article similaire","block_context":{"text":"Article similaire","link":""},"img":{"alt_text":"Orangenschalen","src":"https:\/\/i0.wp.com\/teasense.ch\/wp-content\/uploads\/2023\/07\/bio-orangenschalen-plain.jpg?resize=350%2C200&ssl=1","width":350,"height":200,"srcset":"https:\/\/i0.wp.com\/teasense.ch\/wp-content\/uploads\/2023\/07\/bio-orangenschalen-plain.jpg?resize=350%2C200&ssl=1 1x, https:\/\/i0.wp.com\/teasense.ch\/wp-content\/uploads\/2023\/07\/bio-orangenschalen-plain.jpg?resize=525%2C300&ssl=1 1.5x, https:\/\/i0.wp.com\/teasense.ch\/wp-content\/uploads\/2023\/07\/bio-orangenschalen-plain.jpg?resize=700%2C400&ssl=1 2x"},"classes":[]},{"id":43192,"url":"https:\/\/teasense.ch\/produkt\/goldorange\/","url_meta":{"origin":48156,"position":5},"title":"Goldorange &#8211; Kr\u00e4utermischung","author":"Reale Selection","date":"22. octobre 2024","format":false,"excerpt":"Zubereitung Kr\u00e4utermischung Goldorange \ud83e\udd44 1 TL pro Tasse \ud83c\udf21\ufe0f 100\u00b0C \u23f3 6 - 10 Minuten","rel":"","context":"Article similaire","block_context":{"text":"Article similaire","link":""},"img":{"alt_text":"Goldorange Teemischung lose","src":"https:\/\/i0.wp.com\/teasense.ch\/wp-content\/uploads\/2024\/10\/gold.png?resize=350%2C200&ssl=1","width":350,"height":200,"srcset":"https:\/\/i0.wp.com\/teasense.ch\/wp-content\/uploads\/2024\/10\/gold.png?resize=350%2C200&ssl=1 1x, https:\/\/i0.wp.com\/teasense.ch\/wp-content\/uploads\/2024\/10\/gold.png?resize=525%2C300&ssl=1 1.5x, https:\/\/i0.wp.com\/teasense.ch\/wp-content\/uploads\/2024\/10\/gold.png?resize=700%2C400&ssl=1 2x"},"classes":[]}],"jetpack_sharing_enabled":true,"jetpack_likes_enabled":false,"_links":{"self":[{"href":"https:\/\/teasense.ch\/fr\/wp-json\/wp\/v2\/product\/48156","targetHints":{"allow":["GET"]}}],"collection":[{"href":"https:\/\/teasense.ch\/fr\/wp-json\/wp\/v2\/product"}],"about":[{"href":"https:\/\/teasense.ch\/fr\/wp-json\/wp\/v2\/types\/product"}],"replies":[{"embeddable":true,"href":"https:\/\/teasense.ch\/fr\/wp-json\/wp\/v2\/comments?post=48156"}],"wp:featuredmedia":[{"embeddable":true,"href":"https:\/\/teasense.ch\/fr\/wp-json\/wp\/v2\/media\/47650"}],"wp:attachment":[{"href":"https:\/\/teasense.ch\/fr\/wp-json\/wp\/v2\/media?parent=48156"}],"wp:term":[{"taxonomy":"product_brand","embeddable":true,"href":"https:\/\/teasense.ch\/fr\/wp-json\/wp\/v2\/product_brand?post=48156"},{"taxonomy":"product_cat","embeddable":true,"href":"https:\/\/teasense.ch\/fr\/wp-json\/wp\/v2\/product_cat?post=48156"},{"taxonomy":"product_tag","embeddable":true,"href":"https:\/\/teasense.ch\/fr\/wp-json\/wp\/v2\/product_tag?post=48156"}],"curies":[{"name":"wp","href":"https:\/\/api.w.org\/{rel}","templated":true}]}}