{"id":48162,"date":"2024-01-25T09:28:02","date_gmt":"2024-01-25T08:28:02","guid":{"rendered":"https:\/\/teasense.ch\/produkt\/tee-abo\/"},"modified":"2024-01-25T09:28:02","modified_gmt":"2024-01-25T08:28:02","slug":"tee-abo","status":"publish","type":"product","link":"https:\/\/teasense.ch\/fr\/produit\/tee-abo\/","title":{"rendered":"Abonnement de th\u00e9"},"content":{"rendered":"<h2>Notre abonnement de th\u00e9 \u2013 simple, personnalis\u00e9, dans toute la Suisse<\/h2>\n<p>C\u2019est simple et flexible. Voici comment \u00e7a marche : <\/p>\n<h3>1. Choisissez la dur\u00e9e<\/h3>\n<p>Choisissez la dur\u00e9e souhait\u00e9e en d\u00e9finissant le nombre de mois.<\/p>\n<h3>2. Indiquez vos souhaits directement lors de la commande<\/h3>\n<p>Veuillez indiquer les informations suivantes dans le champ Remarques \u00e0 la caisse :<\/p>\n<ul>\n<li>date de d\u00e9but de livraison souhait\u00e9e<\/li>\n<li>vos pr\u00e9f\u00e9rences de th\u00e9 (p. ex. tisane, th\u00e9 aux fruits, pas de th\u00e9 noir, etc.)<\/li>\n<li>\u00e9ventuelles allergies ou intol\u00e9rances<\/li>\n<\/ul>\n<p>Ainsi, nous pouvons adapter votre abonnement parfaitement d\u00e8s le d\u00e9part.<\/p>\n<h3>Offrir l\u2019abonnement de th\u00e9 \ud83c\udf81<\/h3>\n<p>Souhaitez-vous commander l\u2019abonnement de th\u00e9 comme cadeau ?<br \/>\nAucun probl\u00e8me : indiquez simplement l\u2019adresse de la personne \u00e0 qui vous l\u2019offrez comme adresse de livraison.<br \/>\nDans le champ Remarques \u00e0 la caisse, vous pouvez aussi noter :<\/p>\n<ul>\n<li>qu\u2019il s\u2019agit d\u2019un cadeau<\/li>\n<li>si nous pouvons joindre un message de v\u0153ux personnel (veuillez indiquer le texte)<\/li>\n<li>\u00e0 partir de quand l\u2019abonnement doit commencer<\/li>\n<\/ul>\n<p>Nous nous occupons du reste \u2013 emball\u00e9 avec soin et exp\u00e9di\u00e9 \u00e0 temps.<\/p>\n<h3>Livraison mensuelle de th\u00e9 \u2013 selon vos go\u00fbts<\/h3>\n<p>Chaque mois, vous (ou la personne \u00e0 qui vous l\u2019offrez) recevez deux vari\u00e9t\u00e9s de th\u00e9 diff\u00e9rentes \u2013 toujours sans ar\u00f4mes artificiels et s\u00e9lectionn\u00e9es avec le plus grand soin.<br \/>\nSi vous nous indiquez vos pr\u00e9f\u00e9rences, nous en tiendrons bien entendu compte.<br \/>\nSi vous ne donnez aucune indication, nous vous surprenons avec une belle s\u00e9lection de notre assortiment.<\/p>\n<p>Beaucoup de clientes et clients nous \u00e9crivent par exemple :<\/p>\n<p>\u00ab Je bois surtout des tisanes, pas de th\u00e9 noir s\u2019il vous pla\u00eet. \u00bb \u2013 \u00ab Surprenez-moi, du moment qu\u2019il n\u2019y a pas de menthe poivr\u00e9e. \u00bb<\/p>\n<h3>Abonnement de th\u00e9 en Tea Mystery Box<\/h3>\n<p>Vous d\u00e9cidez librement si vous souhaitez nous indiquer des pr\u00e9f\u00e9rences ou vous laisser totalement surprendre. Nous tenons bien entendu toujours compte des allergies ou de ce que vous n\u2019aimez pas du tout. <\/p>\n<h3>Dur\u00e9e de votre abonnement de th\u00e9<\/h3>\n<p>Vous avez trouv\u00e9 vos th\u00e9s pr\u00e9f\u00e9r\u00e9s et n\u2019avez plus besoin d\u2019un abonnement ? Aucun probl\u00e8me : l\u2019abonnement se termine automatiquement \u00e0 la fin de la dur\u00e9e que vous avez choisie.<br \/>\nVous n\u2019avez rien \u00e0 r\u00e9silier. Si vous souhaitez continuer ensuite, il vous suffit de commander un nouvel abonnement \u2013 en toute simplicit\u00e9.  <\/p>\n<p>Vous trouverez plus d\u2019informations sur l\u2019abonnement de th\u00e9 sur notre <a href=\"https:\/\/teasense.ch\/tee-abonnement\/\">page d\u2019info sur l\u2019abonnement de th\u00e9<\/a>.<\/p>\n","protected":false},"excerpt":{"rendered":"<p class=\"\" data-start=\"102\" data-end=\"144\">\ud83c\udf3f Deux vari\u00e9t\u00e9s de th\u00e9 par mois<br \/>\n\ud83d\udcc5 Dur\u00e9e librement choisie<br \/>\n\ud83d\udc8c Personnel &amp; sur mesure<br \/>\n\ud83c\udf81 Parfait comme cadeau<\/p>\n<p><strong>Choisissez le nombre de mois souhait\u00e9 :<\/strong><\/p>\n","protected":false},"featured_media":40224,"comment_status":"open","ping_status":"closed","template":"","meta":{"_et_pb_use_builder":"","_et_pb_old_content":"","_et_gb_content_width":""},"product_brand":[],"product_cat":[364,375],"product_tag":[],"class_list":{"0":"post-48162","1":"product","2":"type-product","3":"status-publish","4":"has-post-thumbnail","6":"product_cat-cadeaux-autour-du-the","7":"product_cat-the-en-vrac","9":"first","10":"instock","11":"purchasable","12":"product-type-simple","13":"add-to-wishlist-before_image"},"yoast_head":"<!-- This site is optimized with the Yoast SEO plugin v27.3 - https:\/\/yoast.com\/product\/yoast-seo-wordpress\/ -->\n<title>Abonnement de th\u00e9 - TeaSense.ch - Tee Shop Schweiz<\/title>\n<meta name=\"description\" content=\"Abonnement de th\u00e9 suisse : deux vari\u00e9t\u00e9s de th\u00e9 chaque mois, personnalis\u00e9es ou en surprise. Sans ar\u00f4mes artificiels. Abonnez-vous maintenant en toute flexibilit\u00e9.\" \/>\n<meta name=\"robots\" content=\"index, follow, max-snippet:-1, max-image-preview:large, max-video-preview:-1\" \/>\n<link rel=\"canonical\" href=\"https:\/\/teasense.ch\/fr\/produit\/tee-abo\/\" \/>\n<meta property=\"og:locale\" content=\"fr_FR\" \/>\n<meta property=\"og:type\" content=\"article\" \/>\n<meta property=\"og:title\" content=\"Abonnement de th\u00e9 - TeaSense.ch - Tee Shop Schweiz\" \/>\n<meta property=\"og:description\" content=\"Abonnement de th\u00e9 suisse : deux vari\u00e9t\u00e9s de th\u00e9 chaque mois, personnalis\u00e9es ou en surprise. Sans ar\u00f4mes artificiels. Abonnez-vous maintenant en toute flexibilit\u00e9.\" \/>\n<meta property=\"og:url\" content=\"https:\/\/teasense.ch\/fr\/produit\/tee-abo\/\" \/>\n<meta property=\"og:site_name\" content=\"TeaSense.ch - Tee Shop Schweiz\" \/>\n<meta property=\"article:publisher\" content=\"https:\/\/www.facebook.com\/teasense.ch\" \/>\n<meta property=\"og:image\" content=\"https:\/\/teasense.ch\/wp-content\/uploads\/2024\/01\/Tee-Abo-Teasense-Versandbox.png\" \/>\n\t<meta property=\"og:image:width\" content=\"800\" \/>\n\t<meta property=\"og:image:height\" content=\"800\" \/>\n\t<meta property=\"og:image:type\" content=\"image\/png\" \/>\n<meta name=\"twitter:card\" content=\"summary_large_image\" \/>\n<meta name=\"twitter:label1\" content=\"Dur\u00e9e de lecture estim\u00e9e\" \/>\n\t<meta name=\"twitter:data1\" content=\"2 minutes\" \/>\n<!-- \/ Yoast SEO plugin. -->","yoast_head_json":{"title":"Abonnement de th\u00e9 - TeaSense.ch - Tee Shop Schweiz","description":"Abonnement de th\u00e9 suisse : deux vari\u00e9t\u00e9s de th\u00e9 chaque mois, personnalis\u00e9es ou en surprise. Sans ar\u00f4mes artificiels. Abonnez-vous maintenant en toute flexibilit\u00e9.","robots":{"index":"index","follow":"follow","max-snippet":"max-snippet:-1","max-image-preview":"max-image-preview:large","max-video-preview":"max-video-preview:-1"},"canonical":"https:\/\/teasense.ch\/fr\/produit\/tee-abo\/","og_locale":"fr_FR","og_type":"article","og_title":"Abonnement de th\u00e9 - TeaSense.ch - Tee Shop Schweiz","og_description":"Abonnement de th\u00e9 suisse : deux vari\u00e9t\u00e9s de th\u00e9 chaque mois, personnalis\u00e9es ou en surprise. Sans ar\u00f4mes artificiels. Abonnez-vous maintenant en toute flexibilit\u00e9.","og_url":"https:\/\/teasense.ch\/fr\/produit\/tee-abo\/","og_site_name":"TeaSense.ch - Tee Shop Schweiz","article_publisher":"https:\/\/www.facebook.com\/teasense.ch","og_image":[{"width":800,"height":800,"url":"https:\/\/teasense.ch\/wp-content\/uploads\/2024\/01\/Tee-Abo-Teasense-Versandbox.png","type":"image\/png"}],"twitter_card":"summary_large_image","twitter_misc":{"Dur\u00e9e de lecture estim\u00e9e":"2 minutes"},"schema":{"@context":"https:\/\/schema.org","@graph":[{"@type":"WebPage","@id":"https:\/\/teasense.ch\/fr\/produit\/tee-abo\/","url":"https:\/\/teasense.ch\/fr\/produit\/tee-abo\/","name":"Abonnement de th\u00e9 - TeaSense.ch - Tee Shop Schweiz","isPartOf":{"@id":"https:\/\/teasense.ch\/fr\/#website"},"primaryImageOfPage":{"@id":"https:\/\/teasense.ch\/fr\/produit\/tee-abo\/#primaryimage"},"image":{"@id":"https:\/\/teasense.ch\/fr\/produit\/tee-abo\/#primaryimage"},"thumbnailUrl":"https:\/\/teasense.ch\/wp-content\/uploads\/2024\/01\/Tee-Abo-Teasense-Versandbox.png","datePublished":"2024-01-25T08:28:02+00:00","description":"Abonnement de th\u00e9 suisse : deux vari\u00e9t\u00e9s de th\u00e9 chaque mois, personnalis\u00e9es ou en surprise. Sans ar\u00f4mes artificiels. Abonnez-vous maintenant en toute flexibilit\u00e9.","breadcrumb":{"@id":"https:\/\/teasense.ch\/fr\/produit\/tee-abo\/#breadcrumb"},"inLanguage":"fr-FR","potentialAction":[{"@type":"ReadAction","target":["https:\/\/teasense.ch\/fr\/produit\/tee-abo\/"]}]},{"@type":"ImageObject","inLanguage":"fr-FR","@id":"https:\/\/teasense.ch\/fr\/produit\/tee-abo\/#primaryimage","url":"https:\/\/teasense.ch\/wp-content\/uploads\/2024\/01\/Tee-Abo-Teasense-Versandbox.png","contentUrl":"https:\/\/teasense.ch\/wp-content\/uploads\/2024\/01\/Tee-Abo-Teasense-Versandbox.png","width":800,"height":800,"caption":"Abbonamento al t\u00e8 Scatola di spedizione Teasense Svizzera"},{"@type":"BreadcrumbList","@id":"https:\/\/teasense.ch\/fr\/produit\/tee-abo\/#breadcrumb","itemListElement":[{"@type":"ListItem","position":1,"name":"Startseite","item":"https:\/\/teasense.ch\/fr\/startseite\/"},{"@type":"ListItem","position":2,"name":"Boutique","item":"https:\/\/teasense.ch\/fr\/boutique\/"},{"@type":"ListItem","position":3,"name":"Abonnement de th\u00e9"}]},{"@type":"WebSite","@id":"https:\/\/teasense.ch\/fr\/#website","url":"https:\/\/teasense.ch\/fr\/","name":"TeaSense.ch","description":"Nat\u00fcrliche Teemischungen und klassischer Tee","publisher":{"@id":"https:\/\/teasense.ch\/fr\/#organization"},"alternateName":"TeaSense","potentialAction":[{"@type":"SearchAction","target":{"@type":"EntryPoint","urlTemplate":"https:\/\/teasense.ch\/fr\/?s={search_term_string}"},"query-input":{"@type":"PropertyValueSpecification","valueRequired":true,"valueName":"search_term_string"}}],"inLanguage":"fr-FR"},{"@type":"Organization","@id":"https:\/\/teasense.ch\/fr\/#organization","name":"Reale Selection","alternateName":"TeaSense.ch","url":"https:\/\/teasense.ch\/fr\/","logo":{"@type":"ImageObject","inLanguage":"fr-FR","@id":"https:\/\/teasense.ch\/fr\/#\/schema\/logo\/image\/","url":"https:\/\/teasense.ch\/wp-content\/uploads\/2023\/07\/cropped-logo-teasense-kategorie-onlineshop-alle-produkte.jpg","contentUrl":"https:\/\/teasense.ch\/wp-content\/uploads\/2023\/07\/cropped-logo-teasense-kategorie-onlineshop-alle-produkte.jpg","width":512,"height":512,"caption":"Reale Selection"},"image":{"@id":"https:\/\/teasense.ch\/fr\/#\/schema\/logo\/image\/"},"sameAs":["https:\/\/www.facebook.com\/teasense.ch"]}]}},"jetpack-related-posts":[{"id":48175,"url":"https:\/\/teasense.ch\/fr\/produit\/schlafmuetze-kraeutertee\/","url_meta":{"origin":48162,"position":0},"title":"Tisane Douce Nuit","author":"Reale Selection","date":"23. octobre 2024","format":false,"excerpt":"Pr\u00e9paration de la Tisane Douce Nuit \ud83e\udd44 1 cuill\u00e8re \u00e0 caf\u00e9 par tasse (14 g\/litre)\ud83c\udf21\ufe0f 100 \u00b0C\u23f3 5 minutes","rel":"","context":"Article similaire","block_context":{"text":"Article similaire","link":""},"img":{"alt_text":"Schlafm\u00fctze Kr\u00e4utertee weisser Hintergrund","src":"https:\/\/i0.wp.com\/teasense.ch\/wp-content\/uploads\/2024\/10\/schlafmuetze-kraeutertee-weisser-hintergrund.png?resize=350%2C200&ssl=1","width":350,"height":200,"srcset":"https:\/\/i0.wp.com\/teasense.ch\/wp-content\/uploads\/2024\/10\/schlafmuetze-kraeutertee-weisser-hintergrund.png?resize=350%2C200&ssl=1 1x, https:\/\/i0.wp.com\/teasense.ch\/wp-content\/uploads\/2024\/10\/schlafmuetze-kraeutertee-weisser-hintergrund.png?resize=525%2C300&ssl=1 1.5x, https:\/\/i0.wp.com\/teasense.ch\/wp-content\/uploads\/2024\/10\/schlafmuetze-kraeutertee-weisser-hintergrund.png?resize=700%2C400&ssl=1 2x"},"classes":[]},{"id":48156,"url":"https:\/\/teasense.ch\/fr\/produit\/schwarztee-wildkirsche\/","url_meta":{"origin":48162,"position":1},"title":"Th\u00e9 noir cerise sauvage","author":"Reale Selection","date":"17. d\u00e9cembre 2025","format":false,"excerpt":"Pr\u00e9paration th\u00e9 noir cerise sauvage naturel \ud83e\udd44 1 \u2013 2 c. \u00e0 c. par tasse (12 g\/litre)\ud83c\udf21\ufe0f 100 \u00b0C\u23f3 3 minutes","rel":"","context":"Article similaire","block_context":{"text":"Article similaire","link":""},"img":{"alt_text":"Schwarztee Wildkirsche Nat\u00fcrliche Teemischung","src":"https:\/\/i0.wp.com\/teasense.ch\/wp-content\/uploads\/2025\/12\/schwarztee-wildkirsche.png?resize=350%2C200&ssl=1","width":350,"height":200,"srcset":"https:\/\/i0.wp.com\/teasense.ch\/wp-content\/uploads\/2025\/12\/schwarztee-wildkirsche.png?resize=350%2C200&ssl=1 1x, https:\/\/i0.wp.com\/teasense.ch\/wp-content\/uploads\/2025\/12\/schwarztee-wildkirsche.png?resize=525%2C300&ssl=1 1.5x, https:\/\/i0.wp.com\/teasense.ch\/wp-content\/uploads\/2025\/12\/schwarztee-wildkirsche.png?resize=700%2C400&ssl=1 2x"},"classes":[]},{"id":48183,"url":"https:\/\/teasense.ch\/en\/product\/tee-abo\/","url_meta":{"origin":48162,"position":2},"title":"Tea Subscription","author":"Reale Selection","date":"25. janvier 2024","format":false,"excerpt":"\ud83c\udf3f Two tea varieties per month \ud83d\udcc5 Freely selectable duration \ud83d\udc8c Personal & individual \ud83c\udf81 Perfect as a gift Select the desired number of months:","rel":"","context":"Article similaire","block_context":{"text":"Article similaire","link":""},"img":{"alt_text":"Abbonamento al t\u00e8 Scatola di spedizione Teasense Svizzera","src":"https:\/\/i0.wp.com\/teasense.ch\/wp-content\/uploads\/2024\/01\/Tee-Abo-Teasense-Versandbox.png?resize=350%2C200&ssl=1","width":350,"height":200,"srcset":"https:\/\/i0.wp.com\/teasense.ch\/wp-content\/uploads\/2024\/01\/Tee-Abo-Teasense-Versandbox.png?resize=350%2C200&ssl=1 1x, https:\/\/i0.wp.com\/teasense.ch\/wp-content\/uploads\/2024\/01\/Tee-Abo-Teasense-Versandbox.png?resize=525%2C300&ssl=1 1.5x, https:\/\/i0.wp.com\/teasense.ch\/wp-content\/uploads\/2024\/01\/Tee-Abo-Teasense-Versandbox.png?resize=700%2C400&ssl=1 2x"},"classes":[]}],"jetpack_sharing_enabled":true,"jetpack_likes_enabled":false,"_links":{"self":[{"href":"https:\/\/teasense.ch\/fr\/wp-json\/wp\/v2\/product\/48162","targetHints":{"allow":["GET"]}}],"collection":[{"href":"https:\/\/teasense.ch\/fr\/wp-json\/wp\/v2\/product"}],"about":[{"href":"https:\/\/teasense.ch\/fr\/wp-json\/wp\/v2\/types\/product"}],"replies":[{"embeddable":true,"href":"https:\/\/teasense.ch\/fr\/wp-json\/wp\/v2\/comments?post=48162"}],"wp:featuredmedia":[{"embeddable":true,"href":"https:\/\/teasense.ch\/fr\/wp-json\/wp\/v2\/media\/40224"}],"wp:attachment":[{"href":"https:\/\/teasense.ch\/fr\/wp-json\/wp\/v2\/media?parent=48162"}],"wp:term":[{"taxonomy":"product_brand","embeddable":true,"href":"https:\/\/teasense.ch\/fr\/wp-json\/wp\/v2\/product_brand?post=48162"},{"taxonomy":"product_cat","embeddable":true,"href":"https:\/\/teasense.ch\/fr\/wp-json\/wp\/v2\/product_cat?post=48162"},{"taxonomy":"product_tag","embeddable":true,"href":"https:\/\/teasense.ch\/fr\/wp-json\/wp\/v2\/product_tag?post=48162"}],"curies":[{"name":"wp","href":"https:\/\/api.w.org\/{rel}","templated":true}]}}