{"id":48435,"date":"2026-01-07T16:12:41","date_gmt":"2026-01-07T15:12:41","guid":{"rendered":"https:\/\/teasense.ch\/produkt\/filtre-the-acier-inoxydable-75-mm\/"},"modified":"2026-01-07T16:12:41","modified_gmt":"2026-01-07T15:12:41","slug":"filtre-the-acier-inoxydable-75-mm","status":"publish","type":"product","link":"https:\/\/teasense.ch\/fr\/produit\/filtre-the-acier-inoxydable-75-mm\/","title":{"rendered":"Filtre \u00e0 th\u00e9 en acier inoxydable 75 mm"},"content":{"rendered":"<p data-start=\"204\" data-end=\"443\">Cette passoire \u00e0 th\u00e9 en acier inoxydable de haute qualit\u00e9 est id\u00e9ale pour le th\u00e9 en vrac et les m\u00e9langes g\u00e9n\u00e9reux. Gr\u00e2ce \u00e0 son maillage fin, les feuilles de th\u00e9 peuvent se d\u00e9ployer de fa\u00e7on optimale, tandis que m\u00eame les plus petits morceaux sont retenus efficacement. <\/p>\n<p data-start=\"445\" data-end=\"661\">Mit seinem Durchmesser von 75 mm passt das Teesieb in viele Tassen, Becher und kleinere Teekannen. Der stabile Edelstahl ist langlebig, geschmacksneutral und einfach zu reinigen \u2013 perfekt f\u00fcr den t\u00e4glichen Teegenuss. <\/p>\n<h2 data-start=\"663\" data-end=\"677\">D\u00e9tails<\/h2>\n<ul>\n<li data-start=\"680\" data-end=\"701\">Mat\u00e9riau: acier inoxydable<\/li>\n<li data-start=\"704\" data-end=\"729\">Diam\u00e8tre: 75 mm<\/li>\n<li data-start=\"732\" data-end=\"768\">Convient pour ouvertures env. 75\u201385 mm<\/li>\n<li data-start=\"771\" data-end=\"784\">Hauteur: 50 mm<\/li>\n<li data-start=\"787\" data-end=\"821\">Maille fine pour th\u00e9 en vrac<\/li>\n<\/ul>\n<p>Avez-vous besoin d&#8217;une passoire \u00e0 th\u00e9 de petit diam\u00e8tre?<br \/>\nNous recommandons alors la <a href=\"https:\/\/teasense.ch\/produit\/teesieb-teekanne-54\/\">passoire \u00e0 th\u00e9<\/a> d&#8217;un diam\u00e8tre de seulement 45 mm. \ud83e\uded6<\/p>\n","protected":false},"excerpt":{"rendered":"<h4>Tamis en acier inoxydable 75 mm (\u00d8 75\/85 x 50 mm)<\/h4>\n","protected":false},"featured_media":47699,"comment_status":"open","ping_status":"closed","template":"","meta":{"_et_pb_use_builder":"","_et_pb_old_content":"","_et_gb_content_width":""},"product_brand":[],"product_cat":[454,348],"product_tag":[],"class_list":{"0":"post-48435","1":"product","2":"type-product","3":"status-publish","4":"has-post-thumbnail","6":"product_cat-accessoires-the","7":"product_cat-tous-produits","9":"first","10":"instock","11":"shipping-taxable","12":"purchasable","13":"product-type-simple","14":"add-to-wishlist-before_image"},"yoast_head":"<!-- This site is optimized with the Yoast SEO plugin v27.4 - https:\/\/yoast.com\/product\/yoast-seo-wordpress\/ -->\n<title>Filtre \u00e0 th\u00e9 en acier inoxydable 75 mm - TeaSense.ch - Tee Shop Schweiz<\/title>\n<meta name=\"description\" content=\"Filtre \u00e0 th\u00e9 inox 75 mm pour th\u00e9 en vrac. Maille fine, durable et facile \u00e0 nettoyer. Exp\u00e9dition depuis la Suisse. \ud83e\uded6\" \/>\n<meta name=\"robots\" content=\"index, follow, max-snippet:-1, max-image-preview:large, max-video-preview:-1\" \/>\n<link rel=\"canonical\" href=\"https:\/\/teasense.ch\/fr\/produit\/filtre-the-acier-inoxydable-75-mm\/\" \/>\n<meta property=\"og:locale\" content=\"fr_FR\" \/>\n<meta property=\"og:type\" content=\"article\" \/>\n<meta property=\"og:title\" content=\"Filtre \u00e0 th\u00e9 en acier inoxydable 75 mm - TeaSense.ch - Tee Shop Schweiz\" \/>\n<meta property=\"og:description\" content=\"Filtre \u00e0 th\u00e9 inox 75 mm pour th\u00e9 en vrac. Maille fine, durable et facile \u00e0 nettoyer. Exp\u00e9dition depuis la Suisse. \ud83e\uded6\" \/>\n<meta property=\"og:url\" content=\"https:\/\/teasense.ch\/fr\/produit\/filtre-the-acier-inoxydable-75-mm\/\" \/>\n<meta property=\"og:site_name\" content=\"TeaSense.ch - Tee Shop Schweiz\" \/>\n<meta property=\"article:publisher\" content=\"https:\/\/www.facebook.com\/teasense.ch\" \/>\n<meta property=\"og:image\" content=\"https:\/\/teasense.ch\/wp-content\/uploads\/2026\/01\/edelstahlsieb-75-mm-85-x-50-mm.png\" \/>\n\t<meta property=\"og:image:width\" content=\"800\" \/>\n\t<meta property=\"og:image:height\" content=\"800\" \/>\n\t<meta property=\"og:image:type\" content=\"image\/png\" \/>\n<meta name=\"twitter:card\" content=\"summary_large_image\" \/>\n<meta name=\"twitter:label1\" content=\"Est. reading time\" \/>\n\t<meta name=\"twitter:data1\" content=\"1 minute\" \/>\n<!-- \/ Yoast SEO plugin. -->","yoast_head_json":{"title":"Filtre \u00e0 th\u00e9 en acier inoxydable 75 mm - TeaSense.ch - Tee Shop Schweiz","description":"Filtre \u00e0 th\u00e9 inox 75 mm pour th\u00e9 en vrac. Maille fine, durable et facile \u00e0 nettoyer. Exp\u00e9dition depuis la Suisse. \ud83e\uded6","robots":{"index":"index","follow":"follow","max-snippet":"max-snippet:-1","max-image-preview":"max-image-preview:large","max-video-preview":"max-video-preview:-1"},"canonical":"https:\/\/teasense.ch\/fr\/produit\/filtre-the-acier-inoxydable-75-mm\/","og_locale":"fr_FR","og_type":"article","og_title":"Filtre \u00e0 th\u00e9 en acier inoxydable 75 mm - TeaSense.ch - Tee Shop Schweiz","og_description":"Filtre \u00e0 th\u00e9 inox 75 mm pour th\u00e9 en vrac. Maille fine, durable et facile \u00e0 nettoyer. Exp\u00e9dition depuis la Suisse. \ud83e\uded6","og_url":"https:\/\/teasense.ch\/fr\/produit\/filtre-the-acier-inoxydable-75-mm\/","og_site_name":"TeaSense.ch - Tee Shop Schweiz","article_publisher":"https:\/\/www.facebook.com\/teasense.ch","og_image":[{"width":800,"height":800,"url":"https:\/\/teasense.ch\/wp-content\/uploads\/2026\/01\/edelstahlsieb-75-mm-85-x-50-mm.png","type":"image\/png"}],"twitter_card":"summary_large_image","twitter_misc":{"Est. reading time":"1 minute"},"schema":{"@context":"https:\/\/schema.org","@graph":[{"@type":"WebPage","@id":"https:\/\/teasense.ch\/fr\/produit\/filtre-the-acier-inoxydable-75-mm\/","url":"https:\/\/teasense.ch\/fr\/produit\/filtre-the-acier-inoxydable-75-mm\/","name":"Filtre \u00e0 th\u00e9 en acier inoxydable 75 mm - TeaSense.ch - Tee Shop Schweiz","isPartOf":{"@id":"https:\/\/teasense.ch\/fr\/#website"},"primaryImageOfPage":{"@id":"https:\/\/teasense.ch\/fr\/produit\/filtre-the-acier-inoxydable-75-mm\/#primaryimage"},"image":{"@id":"https:\/\/teasense.ch\/fr\/produit\/filtre-the-acier-inoxydable-75-mm\/#primaryimage"},"thumbnailUrl":"https:\/\/teasense.ch\/wp-content\/uploads\/2026\/01\/edelstahlsieb-75-mm-85-x-50-mm.png","datePublished":"2026-01-07T15:12:41+00:00","description":"Filtre \u00e0 th\u00e9 inox 75 mm pour th\u00e9 en vrac. Maille fine, durable et facile \u00e0 nettoyer. Exp\u00e9dition depuis la Suisse. \ud83e\uded6","breadcrumb":{"@id":"https:\/\/teasense.ch\/fr\/produit\/filtre-the-acier-inoxydable-75-mm\/#breadcrumb"},"inLanguage":"fr-CH","potentialAction":[{"@type":"ReadAction","target":["https:\/\/teasense.ch\/fr\/produit\/filtre-the-acier-inoxydable-75-mm\/"]}]},{"@type":"ImageObject","inLanguage":"fr-CH","@id":"https:\/\/teasense.ch\/fr\/produit\/filtre-the-acier-inoxydable-75-mm\/#primaryimage","url":"https:\/\/teasense.ch\/wp-content\/uploads\/2026\/01\/edelstahlsieb-75-mm-85-x-50-mm.png","contentUrl":"https:\/\/teasense.ch\/wp-content\/uploads\/2026\/01\/edelstahlsieb-75-mm-85-x-50-mm.png","width":800,"height":800,"caption":"Edelstahlsieb 75 mm 85 x 50 mm"},{"@type":"BreadcrumbList","@id":"https:\/\/teasense.ch\/fr\/produit\/filtre-the-acier-inoxydable-75-mm\/#breadcrumb","itemListElement":[{"@type":"ListItem","position":1,"name":"Startseite","item":"https:\/\/teasense.ch\/fr\/startseite\/"},{"@type":"ListItem","position":2,"name":"Boutique de th\u00e9 en ligne","item":"https:\/\/teasense.ch\/fr\/shop\/"},{"@type":"ListItem","position":3,"name":"Filtre \u00e0 th\u00e9 en acier inoxydable 75 mm"}]},{"@type":"WebSite","@id":"https:\/\/teasense.ch\/fr\/#website","url":"https:\/\/teasense.ch\/fr\/","name":"TeaSense.ch","description":"Nat\u00fcrliche Teemischungen und klassischer Tee","publisher":{"@id":"https:\/\/teasense.ch\/fr\/#organization"},"alternateName":"TeaSense","potentialAction":[{"@type":"SearchAction","target":{"@type":"EntryPoint","urlTemplate":"https:\/\/teasense.ch\/fr\/?s={search_term_string}"},"query-input":{"@type":"PropertyValueSpecification","valueRequired":true,"valueName":"search_term_string"}}],"inLanguage":"fr-CH"},{"@type":"Organization","@id":"https:\/\/teasense.ch\/fr\/#organization","name":"Reale Selection","alternateName":"TeaSense.ch","url":"https:\/\/teasense.ch\/fr\/","logo":{"@type":"ImageObject","inLanguage":"fr-CH","@id":"https:\/\/teasense.ch\/fr\/#\/schema\/logo\/image\/","url":"https:\/\/teasense.ch\/wp-content\/uploads\/2023\/07\/cropped-logo-teasense-kategorie-onlineshop-alle-produkte.jpg","contentUrl":"https:\/\/teasense.ch\/wp-content\/uploads\/2023\/07\/cropped-logo-teasense-kategorie-onlineshop-alle-produkte.jpg","width":512,"height":512,"caption":"Reale Selection"},"image":{"@id":"https:\/\/teasense.ch\/fr\/#\/schema\/logo\/image\/"},"sameAs":["https:\/\/www.facebook.com\/teasense.ch"]}]}},"jetpack-related-posts":[{"id":48437,"url":"https:\/\/teasense.ch\/it\/produit\/filtro-te-inox-75-mm\/","url_meta":{"origin":48435,"position":0},"title":"Filtro t\u00e8 in acciaio inox 75 mm","author":"Reale Selection","date":"7. January 2026","format":false,"excerpt":"Setaccio in acciaio inox da 75 mm (\u00d8 75\/85 x 50 mm)","rel":"","context":"Similar post","block_context":{"text":"Similar post","link":""},"img":{"alt_text":"Edelstahlsieb 75 mm 85 x 50 mm","src":"https:\/\/i0.wp.com\/teasense.ch\/wp-content\/uploads\/2026\/01\/edelstahlsieb-75-mm-85-x-50-mm.png?resize=350%2C200&ssl=1","width":350,"height":200,"srcset":"https:\/\/i0.wp.com\/teasense.ch\/wp-content\/uploads\/2026\/01\/edelstahlsieb-75-mm-85-x-50-mm.png?resize=350%2C200&ssl=1 1x, https:\/\/i0.wp.com\/teasense.ch\/wp-content\/uploads\/2026\/01\/edelstahlsieb-75-mm-85-x-50-mm.png?resize=525%2C300&ssl=1 1.5x, https:\/\/i0.wp.com\/teasense.ch\/wp-content\/uploads\/2026\/01\/edelstahlsieb-75-mm-85-x-50-mm.png?resize=700%2C400&ssl=1 2x"},"classes":[]},{"id":48465,"url":"https:\/\/teasense.ch\/fr\/produit\/cuillere-the-bois-7-cm\/","url_meta":{"origin":48435,"position":1},"title":"Cuill\u00e8re \u00e0 th\u00e9 en bois 7 cm","author":"Reale Selection","date":"16. November 2025","format":false,"excerpt":"Mat\u00e9riau : bois Longueur : 7 cm","rel":"","context":"Similar post","block_context":{"text":"Similar post","link":""},"img":{"alt_text":"Teeschaufel aus Holz 7 cm f\u00fcr Losen Tee oder Gew\u00fcrze","src":"https:\/\/i0.wp.com\/teasense.ch\/wp-content\/uploads\/2025\/11\/teeschaufel-aus-holz-7-cm.png?resize=350%2C200&ssl=1","width":350,"height":200,"srcset":"https:\/\/i0.wp.com\/teasense.ch\/wp-content\/uploads\/2025\/11\/teeschaufel-aus-holz-7-cm.png?resize=350%2C200&ssl=1 1x, https:\/\/i0.wp.com\/teasense.ch\/wp-content\/uploads\/2025\/11\/teeschaufel-aus-holz-7-cm.png?resize=525%2C300&ssl=1 1.5x, https:\/\/i0.wp.com\/teasense.ch\/wp-content\/uploads\/2025\/11\/teeschaufel-aus-holz-7-cm.png?resize=700%2C400&ssl=1 2x"},"classes":[]},{"id":47697,"url":"https:\/\/teasense.ch\/produit\/edelstahl-teesieb-75-mm\/","url_meta":{"origin":48435,"position":2},"title":"Edelstahl-Teesieb 75 mm","author":"Reale Selection","date":"7. January 2026","format":false,"excerpt":"Edelstahlsieb 75 mm (\u00d8 75\/85 x 50 mm)","rel":"","context":"Similar post","block_context":{"text":"Similar post","link":""},"img":{"alt_text":"Edelstahlsieb 75 mm 85 x 50 mm","src":"https:\/\/i0.wp.com\/teasense.ch\/wp-content\/uploads\/2026\/01\/edelstahlsieb-75-mm-85-x-50-mm.png?resize=350%2C200&ssl=1","width":350,"height":200,"srcset":"https:\/\/i0.wp.com\/teasense.ch\/wp-content\/uploads\/2026\/01\/edelstahlsieb-75-mm-85-x-50-mm.png?resize=350%2C200&ssl=1 1x, https:\/\/i0.wp.com\/teasense.ch\/wp-content\/uploads\/2026\/01\/edelstahlsieb-75-mm-85-x-50-mm.png?resize=525%2C300&ssl=1 1.5x, https:\/\/i0.wp.com\/teasense.ch\/wp-content\/uploads\/2026\/01\/edelstahlsieb-75-mm-85-x-50-mm.png?resize=700%2C400&ssl=1 2x"},"classes":[]},{"id":48175,"url":"https:\/\/teasense.ch\/fr\/produit\/tisane-douce-nuit\/","url_meta":{"origin":48435,"position":3},"title":"Tisane Douce Nuit","author":"Reale Selection","date":"23. October 2024","format":false,"excerpt":"Pr\u00e9paration de la Tisane Douce Nuit \ud83e\udd44 1 cuill\u00e8re \u00e0 caf\u00e9 par tasse (14 g\/litre)\ud83c\udf21\ufe0f 100 \u00b0C\u23f3 5 minutes","rel":"","context":"Similar post","block_context":{"text":"Similar post","link":""},"img":{"alt_text":"Schlafm\u00fctze Kr\u00e4utertee weisser Hintergrund","src":"https:\/\/i0.wp.com\/teasense.ch\/wp-content\/uploads\/2024\/10\/schlafmuetze-kraeutertee-weisser-hintergrund.png?resize=350%2C200&ssl=1","width":350,"height":200,"srcset":"https:\/\/i0.wp.com\/teasense.ch\/wp-content\/uploads\/2024\/10\/schlafmuetze-kraeutertee-weisser-hintergrund.png?resize=350%2C200&ssl=1 1x, https:\/\/i0.wp.com\/teasense.ch\/wp-content\/uploads\/2024\/10\/schlafmuetze-kraeutertee-weisser-hintergrund.png?resize=525%2C300&ssl=1 1.5x, https:\/\/i0.wp.com\/teasense.ch\/wp-content\/uploads\/2024\/10\/schlafmuetze-kraeutertee-weisser-hintergrund.png?resize=700%2C400&ssl=1 2x"},"classes":[]},{"id":48451,"url":"https:\/\/teasense.ch\/fr\/produit\/composition-the\/","url_meta":{"origin":48435,"position":4},"title":"Composition de th\u00e9","author":"Reale Selection","date":"16. December 2025","format":false,"excerpt":"Pr\u00e9paration \ud83e\udd44 1 \u2013 2 c. \u00e0 caf\u00e9 par tasse (12 g\/litre)\ud83c\udf21\ufe0f 100 \u00b0C\u23f3 3 minutes","rel":"","context":"Similar post","block_context":{"text":"Similar post","link":""},"img":{"alt_text":"Tee Trilogie \u2013 Schwarz-, Gr\u00fcn- und Pu-Erh-Tee","src":"https:\/\/i0.wp.com\/teasense.ch\/wp-content\/uploads\/2025\/12\/tee-trilogie-%E2%80%93-schwarz-gruen-und-pu-erh-tee.png?resize=350%2C200&ssl=1","width":350,"height":200,"srcset":"https:\/\/i0.wp.com\/teasense.ch\/wp-content\/uploads\/2025\/12\/tee-trilogie-%E2%80%93-schwarz-gruen-und-pu-erh-tee.png?resize=350%2C200&ssl=1 1x, https:\/\/i0.wp.com\/teasense.ch\/wp-content\/uploads\/2025\/12\/tee-trilogie-%E2%80%93-schwarz-gruen-und-pu-erh-tee.png?resize=525%2C300&ssl=1 1.5x, https:\/\/i0.wp.com\/teasense.ch\/wp-content\/uploads\/2025\/12\/tee-trilogie-%E2%80%93-schwarz-gruen-und-pu-erh-tee.png?resize=700%2C400&ssl=1 2x"},"classes":[]},{"id":48162,"url":"https:\/\/teasense.ch\/fr\/produit\/abonnement-the\/","url_meta":{"origin":48435,"position":5},"title":"Abonnement de th\u00e9","author":"Reale Selection","date":"25. January 2024","format":false,"excerpt":"\ud83c\udf3f Deux vari\u00e9t\u00e9s de th\u00e9 par mois \ud83d\udcc5 Dur\u00e9e librement choisie \ud83d\udc8c Personnel & sur mesure \ud83c\udf81 Parfait comme cadeau Choisissez le nombre de mois souhait\u00e9 :","rel":"","context":"Similar post","block_context":{"text":"Similar post","link":""},"img":{"alt_text":"Abbonamento al t\u00e8 Scatola di spedizione Teasense Svizzera","src":"https:\/\/i0.wp.com\/teasense.ch\/wp-content\/uploads\/2024\/01\/Tee-Abo-Teasense-Versandbox.png?resize=350%2C200&ssl=1","width":350,"height":200,"srcset":"https:\/\/i0.wp.com\/teasense.ch\/wp-content\/uploads\/2024\/01\/Tee-Abo-Teasense-Versandbox.png?resize=350%2C200&ssl=1 1x, https:\/\/i0.wp.com\/teasense.ch\/wp-content\/uploads\/2024\/01\/Tee-Abo-Teasense-Versandbox.png?resize=525%2C300&ssl=1 1.5x, https:\/\/i0.wp.com\/teasense.ch\/wp-content\/uploads\/2024\/01\/Tee-Abo-Teasense-Versandbox.png?resize=700%2C400&ssl=1 2x"},"classes":[]}],"jetpack_sharing_enabled":true,"jetpack_likes_enabled":false,"_links":{"self":[{"href":"https:\/\/teasense.ch\/fr\/wp-json\/wp\/v2\/product\/48435","targetHints":{"allow":["GET"]}}],"collection":[{"href":"https:\/\/teasense.ch\/fr\/wp-json\/wp\/v2\/product"}],"about":[{"href":"https:\/\/teasense.ch\/fr\/wp-json\/wp\/v2\/types\/product"}],"replies":[{"embeddable":true,"href":"https:\/\/teasense.ch\/fr\/wp-json\/wp\/v2\/comments?post=48435"}],"wp:featuredmedia":[{"embeddable":true,"href":"https:\/\/teasense.ch\/fr\/wp-json\/wp\/v2\/media\/47699"}],"wp:attachment":[{"href":"https:\/\/teasense.ch\/fr\/wp-json\/wp\/v2\/media?parent=48435"}],"wp:term":[{"taxonomy":"product_brand","embeddable":true,"href":"https:\/\/teasense.ch\/fr\/wp-json\/wp\/v2\/product_brand?post=48435"},{"taxonomy":"product_cat","embeddable":true,"href":"https:\/\/teasense.ch\/fr\/wp-json\/wp\/v2\/product_cat?post=48435"},{"taxonomy":"product_tag","embeddable":true,"href":"https:\/\/teasense.ch\/fr\/wp-json\/wp\/v2\/product_tag?post=48435"}],"curies":[{"name":"wp","href":"https:\/\/api.w.org\/{rel}","templated":true}]}}