{"id":48513,"date":"2025-11-11T15:11:29","date_gmt":"2025-11-11T14:11:29","guid":{"rendered":"https:\/\/teasense.ch\/produkt\/bombilla-mate-argentee\/"},"modified":"2026-05-12T20:43:33","modified_gmt":"2026-05-12T18:43:33","slug":"bombilla-mate-argentee","status":"publish","type":"product","link":"https:\/\/teasense.ch\/fr\/produit\/bombilla-mate-argentee\/","title":{"rendered":"Bombilla mate argent\u00e9e droite"},"content":{"rendered":"<h2>Profite de ton mat\u00e9 de mani\u00e8re traditionnelle avec cette bombilla argent\u00e9e.<\/h2>\n<p>Elle sert \u00e0 la fois de paille et de filtre, retenant les feuilles dans la tasse.<br \/>\nFabriqu\u00e9e en laiton argent\u00e9, elle pr\u00e9sente une forme droite classique et agr\u00e9able en main.<\/p>\n<p>Le filtre se d\u00e9visse facilement, ce qui permet un nettoyage simple et rapide. La bombilla reste ainsi durable et pratique.<\/p>\n<p>Elle s\u2019associe parfaitement avec le <a href=\"https:\/\/teasense.ch\/mate-tee\/\">yerba mat\u00e9<\/a> et compl\u00e8te ton exp\u00e9rience.<\/p>\n<h3>Avantages<\/h3>\n<ul>\n<li>Mat\u00e9riau: laiton argent\u00e9<\/li>\n<li>Forme droite<\/li>\n<li>Filtre d\u00e9montable<\/li>\n<li>Facile \u00e0 nettoyer et durable<\/li>\n<\/ul>\n<p>Adapt\u00e9e aux tasses \u00e0 mat\u00e9 et <a href=\"https:\/\/teasense.ch\/fr\/produit\/tasse-mate-ceramique-vert-marbre\/\">calebasses<\/a><\/p>\n<p>Conseil d\u2019entretien:<br \/>\nRincer \u00e0 l\u2019eau ti\u00e8de apr\u00e8s utilisation et laisser s\u00e9cher pour pr\u00e9server son \u00e9clat.<\/p>\n","protected":false},"excerpt":{"rendered":"<p>Bombilla mate en laiton argent\u00e9 avec filtre d\u00e9montable.<\/p>\n","protected":false},"featured_media":48514,"comment_status":"open","ping_status":"closed","template":"","meta":{"_et_pb_use_builder":"","_et_pb_old_content":"","_et_gb_content_width":""},"product_brand":[],"product_cat":[454,348],"product_tag":[],"class_list":{"0":"post-48513","1":"product","2":"type-product","3":"status-publish","4":"has-post-thumbnail","6":"product_cat-accessoires-the","7":"product_cat-tous-produits","9":"first","10":"instock","11":"shipping-taxable","12":"purchasable","13":"product-type-simple","14":"add-to-wishlist-after_add_to_cart"},"yoast_head":"<!-- This site is optimized with the Yoast SEO plugin v27.6 - https:\/\/yoast.com\/product\/yoast-seo-wordpress\/ -->\n<title>Bombilla mate argent\u00e9e droite - TeaSense.ch<\/title>\n<meta name=\"description\" content=\"Bombilla mate en laiton argent\u00e9 avec filtre d\u00e9montable. Id\u00e9ale pour une pr\u00e9paration traditionnelle du mat\u00e9.\" \/>\n<meta name=\"robots\" content=\"index, follow, max-snippet:-1, max-image-preview:large, max-video-preview:-1\" \/>\n<link rel=\"canonical\" href=\"https:\/\/teasense.ch\/fr\/produit\/bombilla-mate-argentee\/\" \/>\n<meta property=\"og:locale\" content=\"fr_FR\" \/>\n<meta property=\"og:type\" content=\"article\" \/>\n<meta property=\"og:title\" content=\"Bombilla mate argent\u00e9e droite - TeaSense.ch\" \/>\n<meta property=\"og:description\" content=\"Bombilla mate en laiton argent\u00e9 avec filtre d\u00e9montable. Id\u00e9ale pour une pr\u00e9paration traditionnelle du mat\u00e9.\" \/>\n<meta property=\"og:url\" content=\"https:\/\/teasense.ch\/fr\/produit\/bombilla-mate-argentee\/\" \/>\n<meta property=\"og:site_name\" content=\"TeaSense.ch\" \/>\n<meta property=\"article:publisher\" content=\"https:\/\/www.facebook.com\/teasense.ch\" \/>\n<meta property=\"article:modified_time\" content=\"2026-05-12T18:43:33+00:00\" \/>\n<meta property=\"og:image\" content=\"https:\/\/teasense.ch\/wp-content\/uploads\/2025\/11\/bombilla-mate-versilbert.png\" \/>\n\t<meta property=\"og:image:width\" content=\"800\" \/>\n\t<meta property=\"og:image:height\" content=\"800\" \/>\n\t<meta property=\"og:image:type\" content=\"image\/png\" \/>\n<meta name=\"twitter:card\" content=\"summary_large_image\" \/>\n<meta name=\"twitter:label1\" content=\"Est. reading time\" \/>\n\t<meta name=\"twitter:data1\" content=\"1 minute\" \/>\n<!-- \/ Yoast SEO plugin. -->","yoast_head_json":{"title":"Bombilla mate argent\u00e9e droite - TeaSense.ch","description":"Bombilla mate en laiton argent\u00e9 avec filtre d\u00e9montable. Id\u00e9ale pour une pr\u00e9paration traditionnelle du mat\u00e9.","robots":{"index":"index","follow":"follow","max-snippet":"max-snippet:-1","max-image-preview":"max-image-preview:large","max-video-preview":"max-video-preview:-1"},"canonical":"https:\/\/teasense.ch\/fr\/produit\/bombilla-mate-argentee\/","og_locale":"fr_FR","og_type":"article","og_title":"Bombilla mate argent\u00e9e droite - TeaSense.ch","og_description":"Bombilla mate en laiton argent\u00e9 avec filtre d\u00e9montable. Id\u00e9ale pour une pr\u00e9paration traditionnelle du mat\u00e9.","og_url":"https:\/\/teasense.ch\/fr\/produit\/bombilla-mate-argentee\/","og_site_name":"TeaSense.ch","article_publisher":"https:\/\/www.facebook.com\/teasense.ch","article_modified_time":"2026-05-12T18:43:33+00:00","og_image":[{"width":800,"height":800,"url":"https:\/\/teasense.ch\/wp-content\/uploads\/2025\/11\/bombilla-mate-versilbert.png","type":"image\/png"}],"twitter_card":"summary_large_image","twitter_misc":{"Est. reading time":"1 minute"},"schema":{"@context":"https:\/\/schema.org","@graph":[{"@type":"WebPage","@id":"https:\/\/teasense.ch\/fr\/produit\/bombilla-mate-argentee\/","url":"https:\/\/teasense.ch\/fr\/produit\/bombilla-mate-argentee\/","name":"Bombilla mate argent\u00e9e droite - TeaSense.ch","isPartOf":{"@id":"https:\/\/teasense.ch\/fr\/#website"},"primaryImageOfPage":{"@id":"https:\/\/teasense.ch\/fr\/produit\/bombilla-mate-argentee\/#primaryimage"},"image":{"@id":"https:\/\/teasense.ch\/fr\/produit\/bombilla-mate-argentee\/#primaryimage"},"thumbnailUrl":"https:\/\/teasense.ch\/wp-content\/uploads\/2025\/11\/bombilla-mate-versilbert.png","datePublished":"2025-11-11T14:11:29+00:00","dateModified":"2026-05-12T18:43:33+00:00","description":"Bombilla mate en laiton argent\u00e9 avec filtre d\u00e9montable. Id\u00e9ale pour une pr\u00e9paration traditionnelle du mat\u00e9.","breadcrumb":{"@id":"https:\/\/teasense.ch\/fr\/produit\/bombilla-mate-argentee\/#breadcrumb"},"inLanguage":"fr-CH","potentialAction":[{"@type":"ReadAction","target":["https:\/\/teasense.ch\/fr\/produit\/bombilla-mate-argentee\/"]}]},{"@type":"ImageObject","inLanguage":"fr-CH","@id":"https:\/\/teasense.ch\/fr\/produit\/bombilla-mate-argentee\/#primaryimage","url":"https:\/\/teasense.ch\/wp-content\/uploads\/2025\/11\/bombilla-mate-versilbert.png","contentUrl":"https:\/\/teasense.ch\/wp-content\/uploads\/2025\/11\/bombilla-mate-versilbert.png","width":800,"height":800},{"@type":"BreadcrumbList","@id":"https:\/\/teasense.ch\/fr\/produit\/bombilla-mate-argentee\/#breadcrumb","itemListElement":[{"@type":"ListItem","position":1,"name":"Startseite","item":"https:\/\/teasense.ch\/fr\/"},{"@type":"ListItem","position":2,"name":"Boutique de th\u00e9 en ligne","item":"https:\/\/teasense.ch\/fr\/shop\/"},{"@type":"ListItem","position":3,"name":"Bombilla mate argent\u00e9e droite"}]},{"@type":"WebSite","@id":"https:\/\/teasense.ch\/fr\/#website","url":"https:\/\/teasense.ch\/fr\/","name":"TeaSense.ch","description":"Nat\u00fcrliche Teemischungen und klassischer Tee","publisher":{"@id":"https:\/\/teasense.ch\/fr\/#organization"},"alternateName":"TeaSense","potentialAction":[{"@type":"SearchAction","target":{"@type":"EntryPoint","urlTemplate":"https:\/\/teasense.ch\/fr\/?s={search_term_string}"},"query-input":{"@type":"PropertyValueSpecification","valueRequired":true,"valueName":"search_term_string"}}],"inLanguage":"fr-CH"},{"@type":"Organization","@id":"https:\/\/teasense.ch\/fr\/#organization","name":"Reale Selection","alternateName":"TeaSense.ch","url":"https:\/\/teasense.ch\/fr\/","logo":{"@type":"ImageObject","inLanguage":"fr-CH","@id":"https:\/\/teasense.ch\/fr\/#\/schema\/logo\/image\/","url":"https:\/\/teasense.ch\/wp-content\/uploads\/2023\/07\/cropped-logo-teasense-kategorie-onlineshop-alle-produkte.jpg","contentUrl":"https:\/\/teasense.ch\/wp-content\/uploads\/2023\/07\/cropped-logo-teasense-kategorie-onlineshop-alle-produkte.jpg","width":512,"height":512,"caption":"Reale Selection"},"image":{"@id":"https:\/\/teasense.ch\/fr\/#\/schema\/logo\/image\/"},"sameAs":["https:\/\/www.facebook.com\/teasense.ch"]}]}},"jetpack-related-posts":[{"id":49111,"url":"https:\/\/teasense.ch\/fr\/produit\/bombilla-avec-brosse-de-nettoyage\/","url_meta":{"origin":48513,"position":0},"title":"Bombilla avec brosse de nettoyage","author":"Reale Selection","date":"22 October 2024","format":false,"excerpt":"Bombilla avec brosse de nettoyage Ce set comprend une bombilla en acier inoxydable et une brosse de nettoyage. Il permet de boire le mat\u00e9 directement tout en filtrant les feuilles. Qu\u2019est-ce qu\u2019une bombilla? La bombilla est une paille traditionnelle utilis\u00e9e pour le mat\u00e9. Elle poss\u00e8de un filtre int\u00e9gr\u00e9. Caract\u00e9ristiques Acier\u2026","rel":"","context":"Similar post","block_context":{"text":"Similar post","link":""},"img":{"alt_text":"Bombilla mit Reinigungsb\u00fcrste 2-teilig","src":"https:\/\/i0.wp.com\/teasense.ch\/wp-content\/uploads\/2024\/10\/bombilla-mit-reinigungsbuerste-2-teilig.png?resize=350%2C200&ssl=1","width":350,"height":200,"srcset":"https:\/\/i0.wp.com\/teasense.ch\/wp-content\/uploads\/2024\/10\/bombilla-mit-reinigungsbuerste-2-teilig.png?resize=350%2C200&ssl=1 1x, https:\/\/i0.wp.com\/teasense.ch\/wp-content\/uploads\/2024\/10\/bombilla-mit-reinigungsbuerste-2-teilig.png?resize=525%2C300&ssl=1 1.5x, https:\/\/i0.wp.com\/teasense.ch\/wp-content\/uploads\/2024\/10\/bombilla-mit-reinigungsbuerste-2-teilig.png?resize=700%2C400&ssl=1 2x"},"classes":[]},{"id":48559,"url":"https:\/\/teasense.ch\/fr\/produit\/tasse-mate-ceramique-vert-marbre\/","url_meta":{"origin":48513,"position":1},"title":"Tasse \u00e0 mat\u00e9 en c\u00e9ramique \u2013 vert marbr\u00e9","author":"Reale Selection","date":"10 novembre 2025","format":false,"excerpt":"Mat\u00e9riau: c\u00e9ramique Couleur: gla\u00e7ure verte marbr\u00e9e Contenance: 350 ml","rel":"","context":"Similar post","block_context":{"text":"Similar post","link":""},"img":{"alt_text":"Mate Becher aus Keramik mit Marmor Design Gr\u00fcn","src":"https:\/\/i0.wp.com\/teasense.ch\/wp-content\/uploads\/2025\/11\/mate-becher-keramik.png?resize=350%2C200&ssl=1","width":350,"height":200,"srcset":"https:\/\/i0.wp.com\/teasense.ch\/wp-content\/uploads\/2025\/11\/mate-becher-keramik.png?resize=350%2C200&ssl=1 1x, https:\/\/i0.wp.com\/teasense.ch\/wp-content\/uploads\/2025\/11\/mate-becher-keramik.png?resize=525%2C300&ssl=1 1.5x, https:\/\/i0.wp.com\/teasense.ch\/wp-content\/uploads\/2025\/11\/mate-becher-keramik.png?resize=700%2C400&ssl=1 2x"},"classes":[]},{"id":49594,"url":"https:\/\/teasense.ch\/fr\/produit\/mate-tee-geroestet\/","url_meta":{"origin":48513,"position":2},"title":"Th\u00e9 mat\u00e9 torr\u00e9fi\u00e9","author":"Reale Selection","date":"23 October 2024","format":false,"excerpt":"Mat\u00e9 torr\u00e9fi\u00e9 traditionnel Pr\u00e9paration mat\u00e9 torr\u00e9fi\u00e9 \ud83e\udd44 1 cuill\u00e8re \u00e0 caf\u00e9 par tasse (12 g\/litre)\ud83c\udf21\ufe0f 80 - 90 \u00b0C\u23f3 5 minutes","rel":"","context":"Similar post","block_context":{"text":"Similar post","link":""},"img":{"alt_text":"Mate ger\u00f6stet auf weissem Hintergrund","src":"https:\/\/i0.wp.com\/teasense.ch\/wp-content\/uploads\/2024\/10\/mate-geroestet-auf-weissem-hintergrund.png?resize=350%2C200&ssl=1","width":350,"height":200,"srcset":"https:\/\/i0.wp.com\/teasense.ch\/wp-content\/uploads\/2024\/10\/mate-geroestet-auf-weissem-hintergrund.png?resize=350%2C200&ssl=1 1x, https:\/\/i0.wp.com\/teasense.ch\/wp-content\/uploads\/2024\/10\/mate-geroestet-auf-weissem-hintergrund.png?resize=525%2C300&ssl=1 1.5x, https:\/\/i0.wp.com\/teasense.ch\/wp-content\/uploads\/2024\/10\/mate-geroestet-auf-weissem-hintergrund.png?resize=700%2C400&ssl=1 2x"},"classes":[]},{"id":49484,"url":"https:\/\/teasense.ch\/fr\/produit\/mate-vert\/","url_meta":{"origin":48513,"position":3},"title":"Mat\u00e9 vert","author":"Reale Selection","date":"23 October 2024","format":false,"excerpt":"Pr\u00e9paration \u2013 Mat\u00e9 vert \ud83e\udd44 2 g pour 200 ml \ud83c\udf21\ufe0f 70\u201380 \u00b0C \u23f3 5\u20137 minutes","rel":"","context":"Similar post","block_context":{"text":"Similar post","link":""},"img":{"alt_text":"Meta Gr\u00fcn mit weissem Hintergrund","src":"https:\/\/i0.wp.com\/teasense.ch\/wp-content\/uploads\/2024\/10\/mate-gruen-weisser-hintergrund.png?resize=350%2C200&ssl=1","width":350,"height":200,"srcset":"https:\/\/i0.wp.com\/teasense.ch\/wp-content\/uploads\/2024\/10\/mate-gruen-weisser-hintergrund.png?resize=350%2C200&ssl=1 1x, https:\/\/i0.wp.com\/teasense.ch\/wp-content\/uploads\/2024\/10\/mate-gruen-weisser-hintergrund.png?resize=525%2C300&ssl=1 1.5x, https:\/\/i0.wp.com\/teasense.ch\/wp-content\/uploads\/2024\/10\/mate-gruen-weisser-hintergrund.png?resize=700%2C400&ssl=1 2x"},"classes":[]},{"id":49489,"url":"https:\/\/teasense.ch\/it\/produit\/mate-verde\/","url_meta":{"origin":48513,"position":4},"title":"Mate verde","author":"Reale Selection","date":"23 October 2024","format":false,"excerpt":"Preparazione \u2013 Mate verde \ud83e\udd44 2 g per 200 ml \ud83c\udf21\ufe0f 70\u201380 \u00b0C \u23f3 5\u20137 minuti","rel":"","context":"Similar post","block_context":{"text":"Similar post","link":""},"img":{"alt_text":"Meta Gr\u00fcn mit weissem Hintergrund","src":"https:\/\/i0.wp.com\/teasense.ch\/wp-content\/uploads\/2024\/10\/mate-gruen-weisser-hintergrund.png?resize=350%2C200&ssl=1","width":350,"height":200,"srcset":"https:\/\/i0.wp.com\/teasense.ch\/wp-content\/uploads\/2024\/10\/mate-gruen-weisser-hintergrund.png?resize=350%2C200&ssl=1 1x, https:\/\/i0.wp.com\/teasense.ch\/wp-content\/uploads\/2024\/10\/mate-gruen-weisser-hintergrund.png?resize=525%2C300&ssl=1 1.5x, https:\/\/i0.wp.com\/teasense.ch\/wp-content\/uploads\/2024\/10\/mate-gruen-weisser-hintergrund.png?resize=700%2C400&ssl=1 2x"},"classes":[]},{"id":49479,"url":"https:\/\/teasense.ch\/en\/produit\/green-mate-tea\/","url_meta":{"origin":48513,"position":5},"title":"Green Mate Tea","author":"Reale Selection","date":"23 October 2024","format":false,"excerpt":"Preparation \u2013 Green Mate Tea \ud83e\udd44 2 g per 200 ml \ud83c\udf21\ufe0f 70\u201380 \u00b0C \u23f3 5\u20137 minutes","rel":"","context":"Similar post","block_context":{"text":"Similar post","link":""},"img":{"alt_text":"Meta Gr\u00fcn mit weissem Hintergrund","src":"https:\/\/i0.wp.com\/teasense.ch\/wp-content\/uploads\/2024\/10\/mate-gruen-weisser-hintergrund.png?resize=350%2C200&ssl=1","width":350,"height":200,"srcset":"https:\/\/i0.wp.com\/teasense.ch\/wp-content\/uploads\/2024\/10\/mate-gruen-weisser-hintergrund.png?resize=350%2C200&ssl=1 1x, https:\/\/i0.wp.com\/teasense.ch\/wp-content\/uploads\/2024\/10\/mate-gruen-weisser-hintergrund.png?resize=525%2C300&ssl=1 1.5x, https:\/\/i0.wp.com\/teasense.ch\/wp-content\/uploads\/2024\/10\/mate-gruen-weisser-hintergrund.png?resize=700%2C400&ssl=1 2x"},"classes":[]}],"jetpack_sharing_enabled":true,"jetpack_likes_enabled":false,"_links":{"self":[{"href":"https:\/\/teasense.ch\/fr\/wp-json\/wp\/v2\/product\/48513","targetHints":{"allow":["GET"]}}],"collection":[{"href":"https:\/\/teasense.ch\/fr\/wp-json\/wp\/v2\/product"}],"about":[{"href":"https:\/\/teasense.ch\/fr\/wp-json\/wp\/v2\/types\/product"}],"replies":[{"embeddable":true,"href":"https:\/\/teasense.ch\/fr\/wp-json\/wp\/v2\/comments?post=48513"}],"wp:featuredmedia":[{"embeddable":true,"href":"https:\/\/teasense.ch\/fr\/wp-json\/wp\/v2\/media\/48514"}],"wp:attachment":[{"href":"https:\/\/teasense.ch\/fr\/wp-json\/wp\/v2\/media?parent=48513"}],"wp:term":[{"taxonomy":"product_brand","embeddable":true,"href":"https:\/\/teasense.ch\/fr\/wp-json\/wp\/v2\/product_brand?post=48513"},{"taxonomy":"product_cat","embeddable":true,"href":"https:\/\/teasense.ch\/fr\/wp-json\/wp\/v2\/product_cat?post=48513"},{"taxonomy":"product_tag","embeddable":true,"href":"https:\/\/teasense.ch\/fr\/wp-json\/wp\/v2\/product_tag?post=48513"}],"curies":[{"name":"wp","href":"https:\/\/api.w.org\/{rel}","templated":true}]}}