{"id":48541,"date":"2025-11-10T20:49:13","date_gmt":"2025-11-10T19:49:13","guid":{"rendered":"https:\/\/teasense.ch\/produkt\/soba-cha-the-sarrasin-cuit-au-four\/"},"modified":"2025-11-10T20:49:13","modified_gmt":"2025-11-10T19:49:13","slug":"soba-cha-the-sarrasin-cuit-au-four","status":"publish","type":"product","link":"https:\/\/teasense.ch\/fr\/produit\/soba-cha-the-sarrasin-cuit-au-four\/","title":{"rendered":"Soba Cha \u2013 th\u00e9 de sarrasin (cuit au four)"},"content":{"rendered":"<h2>Soba Cha \u2013 th\u00e9 de sarrasin (cuit au four)<\/h2>\n<p>D\u00e9couvre le go\u00fbt doux et l\u00e9g\u00e8rement noisette du soba cha. Ce th\u00e9 de sarrasin est cuit au four, ce qui lui donne une douceur subtile et une saveur ronde et agr\u00e9able. Il se d\u00e9guste aussi bien chaud que l\u00e9g\u00e8rement refroidi. <\/p>\n<p>Le sarrasin n\u2019est pas une c\u00e9r\u00e9ale mais appartient \u00e0 la famille des polygonac\u00e9es et est naturellement sans gluten. Son go\u00fbt l\u00e9g\u00e8rement sucr\u00e9 et noisette en fait une alternative int\u00e9ressante aux th\u00e9s classiques. <\/p>\n<h3>Pr\u00e9paration Soba Cha \u2013 th\u00e9 de sarrasin (cuit au four)<\/h3>\n<p>Pour la pr\u00e9paration, verser simplement de l\u2019eau chaude sur le th\u00e9 et laisser infuser bri\u00e8vement. On obtient une infusion douce et aromatique. <\/p>\n<p>Le soba cha s\u00e9duit par son go\u00fbt \u00e9quilibr\u00e9 et peut se savourer \u00e0 tout moment de la journ\u00e9e. <\/p>\n","protected":false},"excerpt":{"rendered":"<p>\ud83e\udd44 2 cuill\u00e8res \u00e0 caf\u00e9 par tasse (14 g\/litre)<br \/>\n\ud83c\udf21\ufe0f 100 \u00b0C<br \/>\n\u23f3 2 minutes<\/p>\n","protected":false},"featured_media":47450,"comment_status":"open","ping_status":"closed","template":"","meta":{"_et_pb_use_builder":"","_et_pb_old_content":"","_et_gb_content_width":""},"product_brand":[],"product_cat":[442,375,380,348],"product_tag":[],"class_list":{"0":"post-48541","1":"product","2":"type-product","3":"status-publish","4":"has-post-thumbnail","6":"product_cat-monoherbes","7":"product_cat-the-en-vrac","8":"product_cat-tisane","9":"product_cat-tous-produits","10":"pa_herkunft-chine","11":"pa_weight-100-g","12":"pa_weight-200-g","13":"pa_weight-400-g","14":"pa_weight-50-g","16":"first","17":"instock","18":"shipping-taxable","19":"purchasable","20":"product-type-variable","21":"has-default-attributes","22":"add-to-wishlist-before_image"},"yoast_head":"<!-- This site is optimized with the Yoast SEO plugin v27.4 - https:\/\/yoast.com\/product\/yoast-seo-wordpress\/ -->\n<title>Soba Cha \u2013 th\u00e9 de sarrasin (cuit au four) - TeaSense.ch - Tee Shop Schweiz<\/title>\n<meta name=\"description\" content=\"Th\u00e9 de sarrasin cuit au four au go\u00fbt doux et noisette. Soba cha \u00e0 savourer chaud ou froid.\" \/>\n<meta name=\"robots\" content=\"index, follow, max-snippet:-1, max-image-preview:large, max-video-preview:-1\" \/>\n<link rel=\"canonical\" href=\"https:\/\/teasense.ch\/fr\/produit\/soba-cha-the-sarrasin-cuit-au-four\/\" \/>\n<meta property=\"og:locale\" content=\"fr_FR\" \/>\n<meta property=\"og:type\" content=\"article\" \/>\n<meta property=\"og:title\" content=\"Soba Cha \u2013 th\u00e9 de sarrasin (cuit au four) - TeaSense.ch - Tee Shop Schweiz\" \/>\n<meta property=\"og:description\" content=\"Th\u00e9 de sarrasin cuit au four au go\u00fbt doux et noisette. Soba cha \u00e0 savourer chaud ou froid.\" \/>\n<meta property=\"og:url\" content=\"https:\/\/teasense.ch\/fr\/produit\/soba-cha-the-sarrasin-cuit-au-four\/\" \/>\n<meta property=\"og:site_name\" content=\"TeaSense.ch - Tee Shop Schweiz\" \/>\n<meta property=\"article:publisher\" content=\"https:\/\/www.facebook.com\/teasense.ch\" \/>\n<meta property=\"og:image\" content=\"https:\/\/teasense.ch\/wp-content\/uploads\/2025\/11\/buchweizen.png\" \/>\n\t<meta property=\"og:image:width\" content=\"800\" \/>\n\t<meta property=\"og:image:height\" content=\"800\" \/>\n\t<meta property=\"og:image:type\" content=\"image\/png\" \/>\n<meta name=\"twitter:card\" content=\"summary_large_image\" \/>\n<meta name=\"twitter:label1\" content=\"Est. reading time\" \/>\n\t<meta name=\"twitter:data1\" content=\"1 minute\" \/>\n<!-- \/ Yoast SEO plugin. -->","yoast_head_json":{"title":"Soba Cha \u2013 th\u00e9 de sarrasin (cuit au four) - TeaSense.ch - Tee Shop Schweiz","description":"Th\u00e9 de sarrasin cuit au four au go\u00fbt doux et noisette. Soba cha \u00e0 savourer chaud ou froid.","robots":{"index":"index","follow":"follow","max-snippet":"max-snippet:-1","max-image-preview":"max-image-preview:large","max-video-preview":"max-video-preview:-1"},"canonical":"https:\/\/teasense.ch\/fr\/produit\/soba-cha-the-sarrasin-cuit-au-four\/","og_locale":"fr_FR","og_type":"article","og_title":"Soba Cha \u2013 th\u00e9 de sarrasin (cuit au four) - TeaSense.ch - Tee Shop Schweiz","og_description":"Th\u00e9 de sarrasin cuit au four au go\u00fbt doux et noisette. Soba cha \u00e0 savourer chaud ou froid.","og_url":"https:\/\/teasense.ch\/fr\/produit\/soba-cha-the-sarrasin-cuit-au-four\/","og_site_name":"TeaSense.ch - Tee Shop Schweiz","article_publisher":"https:\/\/www.facebook.com\/teasense.ch","og_image":[{"width":800,"height":800,"url":"https:\/\/teasense.ch\/wp-content\/uploads\/2025\/11\/buchweizen.png","type":"image\/png"}],"twitter_card":"summary_large_image","twitter_misc":{"Est. reading time":"1 minute"},"schema":{"@context":"https:\/\/schema.org","@graph":[{"@type":"WebPage","@id":"https:\/\/teasense.ch\/fr\/produit\/soba-cha-the-sarrasin-cuit-au-four\/","url":"https:\/\/teasense.ch\/fr\/produit\/soba-cha-the-sarrasin-cuit-au-four\/","name":"Soba Cha \u2013 th\u00e9 de sarrasin (cuit au four) - TeaSense.ch - Tee Shop Schweiz","isPartOf":{"@id":"https:\/\/teasense.ch\/fr\/#website"},"primaryImageOfPage":{"@id":"https:\/\/teasense.ch\/fr\/produit\/soba-cha-the-sarrasin-cuit-au-four\/#primaryimage"},"image":{"@id":"https:\/\/teasense.ch\/fr\/produit\/soba-cha-the-sarrasin-cuit-au-four\/#primaryimage"},"thumbnailUrl":"https:\/\/teasense.ch\/wp-content\/uploads\/2025\/11\/buchweizen.png","datePublished":"2025-11-10T19:49:13+00:00","description":"Th\u00e9 de sarrasin cuit au four au go\u00fbt doux et noisette. Soba cha \u00e0 savourer chaud ou froid.","breadcrumb":{"@id":"https:\/\/teasense.ch\/fr\/produit\/soba-cha-the-sarrasin-cuit-au-four\/#breadcrumb"},"inLanguage":"fr-CH","potentialAction":[{"@type":"ReadAction","target":["https:\/\/teasense.ch\/fr\/produit\/soba-cha-the-sarrasin-cuit-au-four\/"]}]},{"@type":"ImageObject","inLanguage":"fr-CH","@id":"https:\/\/teasense.ch\/fr\/produit\/soba-cha-the-sarrasin-cuit-au-four\/#primaryimage","url":"https:\/\/teasense.ch\/wp-content\/uploads\/2025\/11\/buchweizen.png","contentUrl":"https:\/\/teasense.ch\/wp-content\/uploads\/2025\/11\/buchweizen.png","width":800,"height":800,"caption":"Soba Cha \u2013 gebackener Buchweizen Tee"},{"@type":"BreadcrumbList","@id":"https:\/\/teasense.ch\/fr\/produit\/soba-cha-the-sarrasin-cuit-au-four\/#breadcrumb","itemListElement":[{"@type":"ListItem","position":1,"name":"Startseite","item":"https:\/\/teasense.ch\/fr\/startseite\/"},{"@type":"ListItem","position":2,"name":"Boutique de th\u00e9 en ligne","item":"https:\/\/teasense.ch\/fr\/shop\/"},{"@type":"ListItem","position":3,"name":"Soba Cha \u2013 th\u00e9 de sarrasin (cuit au four)"}]},{"@type":"WebSite","@id":"https:\/\/teasense.ch\/fr\/#website","url":"https:\/\/teasense.ch\/fr\/","name":"TeaSense.ch","description":"Nat\u00fcrliche Teemischungen und klassischer Tee","publisher":{"@id":"https:\/\/teasense.ch\/fr\/#organization"},"alternateName":"TeaSense","potentialAction":[{"@type":"SearchAction","target":{"@type":"EntryPoint","urlTemplate":"https:\/\/teasense.ch\/fr\/?s={search_term_string}"},"query-input":{"@type":"PropertyValueSpecification","valueRequired":true,"valueName":"search_term_string"}}],"inLanguage":"fr-CH"},{"@type":"Organization","@id":"https:\/\/teasense.ch\/fr\/#organization","name":"Reale Selection","alternateName":"TeaSense.ch","url":"https:\/\/teasense.ch\/fr\/","logo":{"@type":"ImageObject","inLanguage":"fr-CH","@id":"https:\/\/teasense.ch\/fr\/#\/schema\/logo\/image\/","url":"https:\/\/teasense.ch\/wp-content\/uploads\/2023\/07\/cropped-logo-teasense-kategorie-onlineshop-alle-produkte.jpg","contentUrl":"https:\/\/teasense.ch\/wp-content\/uploads\/2023\/07\/cropped-logo-teasense-kategorie-onlineshop-alle-produkte.jpg","width":512,"height":512,"caption":"Reale Selection"},"image":{"@id":"https:\/\/teasense.ch\/fr\/#\/schema\/logo\/image\/"},"sameAs":["https:\/\/www.facebook.com\/teasense.ch"]}]}},"jetpack-related-posts":[{"id":48156,"url":"https:\/\/teasense.ch\/fr\/produit\/the-noir-cerise-sauvage\/","url_meta":{"origin":48541,"position":0},"title":"Th\u00e9 noir cerise sauvage","author":"Reale Selection","date":"17. December 2025","format":false,"excerpt":"Pr\u00e9paration th\u00e9 noir cerise sauvage naturel \ud83e\udd44 1 \u2013 2 c. \u00e0 c. par tasse (12 g\/litre)\ud83c\udf21\ufe0f 100 \u00b0C\u23f3 3 minutes","rel":"","context":"Similar post","block_context":{"text":"Similar post","link":""},"img":{"alt_text":"Schwarztee Wildkirsche Nat\u00fcrliche Teemischung","src":"https:\/\/i0.wp.com\/teasense.ch\/wp-content\/uploads\/2025\/12\/schwarztee-wildkirsche.png?resize=350%2C200&ssl=1","width":350,"height":200,"srcset":"https:\/\/i0.wp.com\/teasense.ch\/wp-content\/uploads\/2025\/12\/schwarztee-wildkirsche.png?resize=350%2C200&ssl=1 1x, https:\/\/i0.wp.com\/teasense.ch\/wp-content\/uploads\/2025\/12\/schwarztee-wildkirsche.png?resize=525%2C300&ssl=1 1.5x, https:\/\/i0.wp.com\/teasense.ch\/wp-content\/uploads\/2025\/12\/schwarztee-wildkirsche.png?resize=700%2C400&ssl=1 2x"},"classes":[]},{"id":48559,"url":"https:\/\/teasense.ch\/fr\/produit\/tasse-mate-ceramique-vert-marbre\/","url_meta":{"origin":48541,"position":1},"title":"Tasse \u00e0 mat\u00e9 en c\u00e9ramique \u2013 vert marbr\u00e9","author":"Reale Selection","date":"10. November 2025","format":false,"excerpt":"Mat\u00e9riau: c\u00e9ramique Couleur: gla\u00e7ure verte marbr\u00e9e Contenance: 350 ml","rel":"","context":"Similar post","block_context":{"text":"Similar post","link":""},"img":{"alt_text":"Mate Becher aus Keramik mit Marmor Design Gr\u00fcn","src":"https:\/\/i0.wp.com\/teasense.ch\/wp-content\/uploads\/2025\/11\/mate-becher-keramik.png?resize=350%2C200&ssl=1","width":350,"height":200,"srcset":"https:\/\/i0.wp.com\/teasense.ch\/wp-content\/uploads\/2025\/11\/mate-becher-keramik.png?resize=350%2C200&ssl=1 1x, https:\/\/i0.wp.com\/teasense.ch\/wp-content\/uploads\/2025\/11\/mate-becher-keramik.png?resize=525%2C300&ssl=1 1.5x, https:\/\/i0.wp.com\/teasense.ch\/wp-content\/uploads\/2025\/11\/mate-becher-keramik.png?resize=700%2C400&ssl=1 2x"},"classes":[]},{"id":48451,"url":"https:\/\/teasense.ch\/fr\/produit\/composition-the\/","url_meta":{"origin":48541,"position":2},"title":"Composition de th\u00e9","author":"Reale Selection","date":"16. December 2025","format":false,"excerpt":"Pr\u00e9paration \ud83e\udd44 1 \u2013 2 c. \u00e0 caf\u00e9 par tasse (12 g\/litre)\ud83c\udf21\ufe0f 100 \u00b0C\u23f3 3 minutes","rel":"","context":"Similar post","block_context":{"text":"Similar post","link":""},"img":{"alt_text":"Tee Trilogie \u2013 Schwarz-, Gr\u00fcn- und Pu-Erh-Tee","src":"https:\/\/i0.wp.com\/teasense.ch\/wp-content\/uploads\/2025\/12\/tee-trilogie-%E2%80%93-schwarz-gruen-und-pu-erh-tee.png?resize=350%2C200&ssl=1","width":350,"height":200,"srcset":"https:\/\/i0.wp.com\/teasense.ch\/wp-content\/uploads\/2025\/12\/tee-trilogie-%E2%80%93-schwarz-gruen-und-pu-erh-tee.png?resize=350%2C200&ssl=1 1x, https:\/\/i0.wp.com\/teasense.ch\/wp-content\/uploads\/2025\/12\/tee-trilogie-%E2%80%93-schwarz-gruen-und-pu-erh-tee.png?resize=525%2C300&ssl=1 1.5x, https:\/\/i0.wp.com\/teasense.ch\/wp-content\/uploads\/2025\/12\/tee-trilogie-%E2%80%93-schwarz-gruen-und-pu-erh-tee.png?resize=700%2C400&ssl=1 2x"},"classes":[]},{"id":48476,"url":"https:\/\/teasense.ch\/fr\/produit\/the-choco-menthe\/","url_meta":{"origin":48541,"position":3},"title":"Choco Menthe &#8211; M\u00e9lange de tisanes","author":"Reale Selection","date":"16. November 2025","format":false,"excerpt":"Pr\u00e9paration \ud83e\udd44 1 cuill\u00e8re \u00e0 caf\u00e9 (10\u201312 g par litre)\ud83c\udf21\ufe0f 100 \u00b0C\u23f3 5 - 8 minutes","rel":"","context":"Similar post","block_context":{"text":"Similar post","link":""},"img":{"alt_text":"Schoko Minze - Kr\u00e4uterteemischung","src":"https:\/\/i0.wp.com\/teasense.ch\/wp-content\/uploads\/2025\/11\/schoko-minze-kraeuterteemischung.png?resize=350%2C200&ssl=1","width":350,"height":200,"srcset":"https:\/\/i0.wp.com\/teasense.ch\/wp-content\/uploads\/2025\/11\/schoko-minze-kraeuterteemischung.png?resize=350%2C200&ssl=1 1x, https:\/\/i0.wp.com\/teasense.ch\/wp-content\/uploads\/2025\/11\/schoko-minze-kraeuterteemischung.png?resize=525%2C300&ssl=1 1.5x, https:\/\/i0.wp.com\/teasense.ch\/wp-content\/uploads\/2025\/11\/schoko-minze-kraeuterteemischung.png?resize=700%2C400&ssl=1 2x"},"classes":[]},{"id":48175,"url":"https:\/\/teasense.ch\/fr\/produit\/tisane-douce-nuit\/","url_meta":{"origin":48541,"position":4},"title":"Tisane Douce Nuit","author":"Reale Selection","date":"23. October 2024","format":false,"excerpt":"Pr\u00e9paration de la Tisane Douce Nuit \ud83e\udd44 1 cuill\u00e8re \u00e0 caf\u00e9 par tasse (14 g\/litre)\ud83c\udf21\ufe0f 100 \u00b0C\u23f3 5 minutes","rel":"","context":"Similar post","block_context":{"text":"Similar post","link":""},"img":{"alt_text":"Schlafm\u00fctze Kr\u00e4utertee weisser Hintergrund","src":"https:\/\/i0.wp.com\/teasense.ch\/wp-content\/uploads\/2024\/10\/schlafmuetze-kraeutertee-weisser-hintergrund.png?resize=350%2C200&ssl=1","width":350,"height":200,"srcset":"https:\/\/i0.wp.com\/teasense.ch\/wp-content\/uploads\/2024\/10\/schlafmuetze-kraeutertee-weisser-hintergrund.png?resize=350%2C200&ssl=1 1x, https:\/\/i0.wp.com\/teasense.ch\/wp-content\/uploads\/2024\/10\/schlafmuetze-kraeutertee-weisser-hintergrund.png?resize=525%2C300&ssl=1 1.5x, https:\/\/i0.wp.com\/teasense.ch\/wp-content\/uploads\/2024\/10\/schlafmuetze-kraeutertee-weisser-hintergrund.png?resize=700%2C400&ssl=1 2x"},"classes":[]},{"id":48568,"url":"https:\/\/teasense.ch\/fr\/produit\/melange-epices-curcuma\/","url_meta":{"origin":48541,"position":5},"title":"M\u00e9lange d\u2019\u00e9pices au curcuma","author":"Reale Selection","date":"22. October 2025","format":false,"excerpt":"Curcuma avec citronnelle, citron, gingembre et coriandre Id\u00e9al en infusion, en cuisine ou pour une boisson au curcuma Couleur dor\u00e9e, 100 % d\u2019ingr\u00e9dients naturels \u2013 sans additifs","rel":"","context":"Similar post","block_context":{"text":"Similar post","link":""},"img":{"alt_text":"Kurkuma Gew\u00fcrz-Mix Zitronengras, Zitrone, Ingwer und Koriander","src":"https:\/\/i0.wp.com\/teasense.ch\/wp-content\/uploads\/2025\/09\/kurkuma-zitrone-1.png?resize=350%2C200&ssl=1","width":350,"height":200,"srcset":"https:\/\/i0.wp.com\/teasense.ch\/wp-content\/uploads\/2025\/09\/kurkuma-zitrone-1.png?resize=350%2C200&ssl=1 1x, https:\/\/i0.wp.com\/teasense.ch\/wp-content\/uploads\/2025\/09\/kurkuma-zitrone-1.png?resize=525%2C300&ssl=1 1.5x, https:\/\/i0.wp.com\/teasense.ch\/wp-content\/uploads\/2025\/09\/kurkuma-zitrone-1.png?resize=700%2C400&ssl=1 2x"},"classes":[]}],"jetpack_sharing_enabled":true,"jetpack_likes_enabled":false,"_links":{"self":[{"href":"https:\/\/teasense.ch\/fr\/wp-json\/wp\/v2\/product\/48541","targetHints":{"allow":["GET"]}}],"collection":[{"href":"https:\/\/teasense.ch\/fr\/wp-json\/wp\/v2\/product"}],"about":[{"href":"https:\/\/teasense.ch\/fr\/wp-json\/wp\/v2\/types\/product"}],"replies":[{"embeddable":true,"href":"https:\/\/teasense.ch\/fr\/wp-json\/wp\/v2\/comments?post=48541"}],"wp:featuredmedia":[{"embeddable":true,"href":"https:\/\/teasense.ch\/fr\/wp-json\/wp\/v2\/media\/47450"}],"wp:attachment":[{"href":"https:\/\/teasense.ch\/fr\/wp-json\/wp\/v2\/media?parent=48541"}],"wp:term":[{"taxonomy":"product_brand","embeddable":true,"href":"https:\/\/teasense.ch\/fr\/wp-json\/wp\/v2\/product_brand?post=48541"},{"taxonomy":"product_cat","embeddable":true,"href":"https:\/\/teasense.ch\/fr\/wp-json\/wp\/v2\/product_cat?post=48541"},{"taxonomy":"product_tag","embeddable":true,"href":"https:\/\/teasense.ch\/fr\/wp-json\/wp\/v2\/product_tag?post=48541"}],"curies":[{"name":"wp","href":"https:\/\/api.w.org\/{rel}","templated":true}]}}