{"id":48631,"date":"2025-10-13T11:17:40","date_gmt":"2025-10-13T09:17:40","guid":{"rendered":"https:\/\/teasense.ch\/produkt\/tisane-feuilles-framboisier\/"},"modified":"2025-10-13T11:17:40","modified_gmt":"2025-10-13T09:17:40","slug":"tisane-feuilles-framboisier","status":"publish","type":"product","link":"https:\/\/teasense.ch\/fr\/produit\/tisane-feuilles-framboisier\/","title":{"rendered":"Tisane de feuilles de framboisier"},"content":{"rendered":"<h2 data-start=\"164\" data-end=\"221\">100 % feuilles de framboisier<\/h2>\n<p data-start=\"223\" data-end=\"534\">La tisane de feuilles de framboisier est compos\u00e9e de feuilles soigneusement s\u00e9lectionn\u00e9es et s\u00e9ch\u00e9es avec douceur. Son go\u00fbt doux, l\u00e9g\u00e8rement sucr\u00e9, en fait une infusion agr\u00e9able pour tous les jours. Le traitement d\u00e9licat permet de pr\u00e9server au mieux les ar\u00f4mes naturels.  <\/p>\n<p data-start=\"536\" data-end=\"710\">Cette tisane est naturellement sans caf\u00e9ine et constitue une alternative v\u00e9g\u00e9tale id\u00e9ale au th\u00e9 noir ou vert.<\/p>\n<h3>Go\u00fbt et caract\u00e8re des feuilles de framboisier<\/h3>\n<p>En tasse, l\u2019infusion pr\u00e9sente une couleur claire \u00e0 dor\u00e9e. Le go\u00fbt est doux, l\u00e9g\u00e8rement sucr\u00e9 et d\u00e9licatement v\u00e9g\u00e9tal. Les ar\u00f4mes restent \u00e9quilibr\u00e9s et ne deviennent pas amers, ce qui permet de savourer cette tisane pure ou comme base pour des m\u00e9langes personnalis\u00e9s.   <\/p>\n<p>Si tu appr\u00e9cies les plantes pures, d\u00e9couvre \u00e9galement notre s\u00e9lection de <a href=\"https:\/\/teasense.ch\/fr\/categorie-produit\/monoherbes\/\">monoplantes<\/a>.<\/p>\n<p>Pr\u00e9paration tisane de feuilles de framboisier:<br \/>Ajouter une \u00e0 deux cuill\u00e8res \u00e0 caf\u00e9 de feuilles coup\u00e9es dans une tasse ou une th\u00e9i\u00e8re, puis verser de l\u2019eau chaude \u00e0 environ 95 \u00b0C. Laisser infuser 5 \u00e0 7 minutes pour d\u00e9velopper pleinement les ar\u00f4mes. Filtrer ensuite et d\u00e9guster.  <\/p>\n<p>Pour une infusion plus intense, prolonger l\u00e9g\u00e8rement le temps d\u2019infusion. Pour une version plus douce, le r\u00e9duire. Cette tisane peut \u00e9galement se d\u00e9guster froide ou en seconde infusion plus l\u00e9g\u00e8re.  <\/p>\n<p>Cette tisane est compos\u00e9e \u00e0 100 % de feuilles de framboisier.  <\/p>\n","protected":false},"excerpt":{"rendered":"<h4>Pr\u00e9paration feuilles de framboisier<\/h4>\n<p>\ud83e\udd44 1-2 cuill\u00e8res \u00e0 caf\u00e9 pour 200 ml<br data-start=\"2256\" data-end=\"2259\">\ud83c\udf21\ufe0f 95 \u00b0C<br data-start=\"2269\" data-end=\"2272\">\u23f3 5-7 minutes<\/p>\n","protected":false},"featured_media":47293,"comment_status":"open","ping_status":"closed","template":"","meta":{"_et_pb_use_builder":"","_et_pb_old_content":"","_et_gb_content_width":""},"product_brand":[],"product_cat":[442,375,380,348],"product_tag":[],"class_list":{"0":"post-48631","1":"product","2":"type-product","3":"status-publish","4":"has-post-thumbnail","6":"product_cat-monoherbes","7":"product_cat-the-en-vrac","8":"product_cat-tisane","9":"product_cat-tous-produits","10":"pa_herkunft-bosnie-herzegovine","11":"pa_weight-100-g","12":"pa_weight-200-g","13":"pa_weight-400-g","14":"pa_weight-50-g","16":"first","17":"instock","18":"shipping-taxable","19":"purchasable","20":"product-type-variable","21":"has-default-attributes","22":"add-to-wishlist-before_image"},"yoast_head":"<!-- This site is optimized with the Yoast SEO plugin v27.5 - https:\/\/yoast.com\/product\/yoast-seo-wordpress\/ -->\n<title>Tisane de feuilles de framboisier - TeaSense.ch - Tee Shop Schweiz<\/title>\n<meta name=\"description\" content=\"Tisane de feuilles de framboisier 100 % naturelles. Douce, l\u00e9g\u00e8rement sucr\u00e9e et sans caf\u00e9ine \u2013 id\u00e9ale pour un usage quotidien.\" \/>\n<meta name=\"robots\" content=\"index, follow, max-snippet:-1, max-image-preview:large, max-video-preview:-1\" \/>\n<link rel=\"canonical\" href=\"https:\/\/teasense.ch\/fr\/produit\/tisane-feuilles-framboisier\/\" \/>\n<meta property=\"og:locale\" content=\"fr_FR\" \/>\n<meta property=\"og:type\" content=\"article\" \/>\n<meta property=\"og:title\" content=\"Tisane de feuilles de framboisier - TeaSense.ch - Tee Shop Schweiz\" \/>\n<meta property=\"og:description\" content=\"Tisane de feuilles de framboisier 100 % naturelles. Douce, l\u00e9g\u00e8rement sucr\u00e9e et sans caf\u00e9ine \u2013 id\u00e9ale pour un usage quotidien.\" \/>\n<meta property=\"og:url\" content=\"https:\/\/teasense.ch\/fr\/produit\/tisane-feuilles-framboisier\/\" \/>\n<meta property=\"og:site_name\" content=\"TeaSense.ch - Tee Shop Schweiz\" \/>\n<meta property=\"article:publisher\" content=\"https:\/\/www.facebook.com\/teasense.ch\" \/>\n<meta property=\"og:image\" content=\"https:\/\/teasense.ch\/wp-content\/uploads\/2025\/10\/himbeerblaetter.png\" \/>\n\t<meta property=\"og:image:width\" content=\"800\" \/>\n\t<meta property=\"og:image:height\" content=\"800\" \/>\n\t<meta property=\"og:image:type\" content=\"image\/png\" \/>\n<meta name=\"twitter:card\" content=\"summary_large_image\" \/>\n<meta name=\"twitter:label1\" content=\"Est. reading time\" \/>\n\t<meta name=\"twitter:data1\" content=\"1 minute\" \/>\n<!-- \/ Yoast SEO plugin. -->","yoast_head_json":{"title":"Tisane de feuilles de framboisier - TeaSense.ch - Tee Shop Schweiz","description":"Tisane de feuilles de framboisier 100 % naturelles. Douce, l\u00e9g\u00e8rement sucr\u00e9e et sans caf\u00e9ine \u2013 id\u00e9ale pour un usage quotidien.","robots":{"index":"index","follow":"follow","max-snippet":"max-snippet:-1","max-image-preview":"max-image-preview:large","max-video-preview":"max-video-preview:-1"},"canonical":"https:\/\/teasense.ch\/fr\/produit\/tisane-feuilles-framboisier\/","og_locale":"fr_FR","og_type":"article","og_title":"Tisane de feuilles de framboisier - TeaSense.ch - Tee Shop Schweiz","og_description":"Tisane de feuilles de framboisier 100 % naturelles. Douce, l\u00e9g\u00e8rement sucr\u00e9e et sans caf\u00e9ine \u2013 id\u00e9ale pour un usage quotidien.","og_url":"https:\/\/teasense.ch\/fr\/produit\/tisane-feuilles-framboisier\/","og_site_name":"TeaSense.ch - Tee Shop Schweiz","article_publisher":"https:\/\/www.facebook.com\/teasense.ch","og_image":[{"width":800,"height":800,"url":"https:\/\/teasense.ch\/wp-content\/uploads\/2025\/10\/himbeerblaetter.png","type":"image\/png"}],"twitter_card":"summary_large_image","twitter_misc":{"Est. reading time":"1 minute"},"schema":{"@context":"https:\/\/schema.org","@graph":[{"@type":"WebPage","@id":"https:\/\/teasense.ch\/fr\/produit\/tisane-feuilles-framboisier\/","url":"https:\/\/teasense.ch\/fr\/produit\/tisane-feuilles-framboisier\/","name":"Tisane de feuilles de framboisier - TeaSense.ch - Tee Shop Schweiz","isPartOf":{"@id":"https:\/\/teasense.ch\/fr\/#website"},"primaryImageOfPage":{"@id":"https:\/\/teasense.ch\/fr\/produit\/tisane-feuilles-framboisier\/#primaryimage"},"image":{"@id":"https:\/\/teasense.ch\/fr\/produit\/tisane-feuilles-framboisier\/#primaryimage"},"thumbnailUrl":"https:\/\/teasense.ch\/wp-content\/uploads\/2025\/10\/himbeerblaetter.png","datePublished":"2025-10-13T09:17:40+00:00","description":"Tisane de feuilles de framboisier 100 % naturelles. Douce, l\u00e9g\u00e8rement sucr\u00e9e et sans caf\u00e9ine \u2013 id\u00e9ale pour un usage quotidien.","breadcrumb":{"@id":"https:\/\/teasense.ch\/fr\/produit\/tisane-feuilles-framboisier\/#breadcrumb"},"inLanguage":"fr-CH","potentialAction":[{"@type":"ReadAction","target":["https:\/\/teasense.ch\/fr\/produit\/tisane-feuilles-framboisier\/"]}]},{"@type":"ImageObject","inLanguage":"fr-CH","@id":"https:\/\/teasense.ch\/fr\/produit\/tisane-feuilles-framboisier\/#primaryimage","url":"https:\/\/teasense.ch\/wp-content\/uploads\/2025\/10\/himbeerblaetter.png","contentUrl":"https:\/\/teasense.ch\/wp-content\/uploads\/2025\/10\/himbeerblaetter.png","width":800,"height":800,"caption":"Himbeerbl\u00e4tter Tee \u2013 mild, aromatisch und wohlschmeckend"},{"@type":"BreadcrumbList","@id":"https:\/\/teasense.ch\/fr\/produit\/tisane-feuilles-framboisier\/#breadcrumb","itemListElement":[{"@type":"ListItem","position":1,"name":"Startseite","item":"https:\/\/teasense.ch\/fr\/startseite\/"},{"@type":"ListItem","position":2,"name":"Boutique de th\u00e9 en ligne","item":"https:\/\/teasense.ch\/fr\/shop\/"},{"@type":"ListItem","position":3,"name":"Tisane de feuilles de framboisier"}]},{"@type":"WebSite","@id":"https:\/\/teasense.ch\/fr\/#website","url":"https:\/\/teasense.ch\/fr\/","name":"TeaSense.ch","description":"Nat\u00fcrliche Teemischungen und klassischer Tee","publisher":{"@id":"https:\/\/teasense.ch\/fr\/#organization"},"alternateName":"TeaSense","potentialAction":[{"@type":"SearchAction","target":{"@type":"EntryPoint","urlTemplate":"https:\/\/teasense.ch\/fr\/?s={search_term_string}"},"query-input":{"@type":"PropertyValueSpecification","valueRequired":true,"valueName":"search_term_string"}}],"inLanguage":"fr-CH"},{"@type":"Organization","@id":"https:\/\/teasense.ch\/fr\/#organization","name":"Reale Selection","alternateName":"TeaSense.ch","url":"https:\/\/teasense.ch\/fr\/","logo":{"@type":"ImageObject","inLanguage":"fr-CH","@id":"https:\/\/teasense.ch\/fr\/#\/schema\/logo\/image\/","url":"https:\/\/teasense.ch\/wp-content\/uploads\/2023\/07\/cropped-logo-teasense-kategorie-onlineshop-alle-produkte.jpg","contentUrl":"https:\/\/teasense.ch\/wp-content\/uploads\/2023\/07\/cropped-logo-teasense-kategorie-onlineshop-alle-produkte.jpg","width":512,"height":512,"caption":"Reale Selection"},"image":{"@id":"https:\/\/teasense.ch\/fr\/#\/schema\/logo\/image\/"},"sameAs":["https:\/\/www.facebook.com\/teasense.ch"]}]}},"jetpack-related-posts":[{"id":49396,"url":"https:\/\/teasense.ch\/fr\/produit\/infusion-careme\/","url_meta":{"origin":48631,"position":0},"title":"Infusion Car\u00eame","author":"Reale Selection","date":"24. October 2023","format":false,"excerpt":"Pr\u00e9paration \u2013 Infusion Car\u00eame \ud83e\udd44 1\u20132 c.\u00e0.c (env. 2 g) pour 200 ml \ud83c\udf21\ufe0f 100 \u00b0C \u23f3 6\u201310 minutes","rel":"","context":"Similar post","block_context":{"text":"Similar post","link":""},"img":{"alt_text":"","src":"https:\/\/i0.wp.com\/teasense.ch\/wp-content\/uploads\/2023\/10\/fastenkraeuter-plain-teemischung.jpg?resize=350%2C200&ssl=1","width":350,"height":200,"srcset":"https:\/\/i0.wp.com\/teasense.ch\/wp-content\/uploads\/2023\/10\/fastenkraeuter-plain-teemischung.jpg?resize=350%2C200&ssl=1 1x, https:\/\/i0.wp.com\/teasense.ch\/wp-content\/uploads\/2023\/10\/fastenkraeuter-plain-teemischung.jpg?resize=525%2C300&ssl=1 1.5x, https:\/\/i0.wp.com\/teasense.ch\/wp-content\/uploads\/2023\/10\/fastenkraeuter-plain-teemischung.jpg?resize=700%2C400&ssl=1 2x"},"classes":[]},{"id":48727,"url":"https:\/\/teasense.ch\/fr\/produit\/perles-jasmin-dragon\/","url_meta":{"origin":48631,"position":1},"title":"Perles de Jasmin Dragon","author":"Reale Selection","date":"2. October 2025","format":false,"excerpt":"Pr\u00e9paration Perles de Jasmin Dragon \ud83e\udd44 1 cuill\u00e8re \u00e0 caf\u00e9 pour 200 ml \ud83c\udf21\ufe0f 70\u201380 \u00b0C \u23f3 2\u20133 minutes \ud83d\udd01 plusieurs infusions possibles","rel":"","context":"Similar post","block_context":{"text":"Similar post","link":""},"img":{"alt_text":"Jasmin Dragon Pearls Jasmin Tee Perlen","src":"https:\/\/i0.wp.com\/teasense.ch\/wp-content\/uploads\/2025\/10\/jasmin-dragon-pearls1.png?resize=350%2C200&ssl=1","width":350,"height":200,"srcset":"https:\/\/i0.wp.com\/teasense.ch\/wp-content\/uploads\/2025\/10\/jasmin-dragon-pearls1.png?resize=350%2C200&ssl=1 1x, https:\/\/i0.wp.com\/teasense.ch\/wp-content\/uploads\/2025\/10\/jasmin-dragon-pearls1.png?resize=525%2C300&ssl=1 1.5x, https:\/\/i0.wp.com\/teasense.ch\/wp-content\/uploads\/2025\/10\/jasmin-dragon-pearls1.png?resize=700%2C400&ssl=1 2x"},"classes":[]},{"id":49278,"url":"https:\/\/teasense.ch\/fr\/produit\/tisane-aux-herbes\/","url_meta":{"origin":48631,"position":2},"title":"Tisane aux herbes","author":"Reale Selection","date":"10. May 2025","format":false,"excerpt":"Pr\u00e9paration \u2013 tisane aux herbes \ud83e\udd44 2 g (env. 1\u20132 c. \u00e0 caf\u00e9) pour 200 ml \ud83c\udf21\ufe0f 90 \u00b0C \u23f3 8\u201310 minutes","rel":"","context":"Similar post","block_context":{"text":"Similar post","link":""},"img":{"alt_text":"Wohlf\u00fchltee Kr\u00e4utermischung","src":"https:\/\/i0.wp.com\/teasense.ch\/wp-content\/uploads\/2025\/05\/Wohlfuehltee.png?resize=350%2C200&ssl=1","width":350,"height":200,"srcset":"https:\/\/i0.wp.com\/teasense.ch\/wp-content\/uploads\/2025\/05\/Wohlfuehltee.png?resize=350%2C200&ssl=1 1x, https:\/\/i0.wp.com\/teasense.ch\/wp-content\/uploads\/2025\/05\/Wohlfuehltee.png?resize=525%2C300&ssl=1 1.5x, https:\/\/i0.wp.com\/teasense.ch\/wp-content\/uploads\/2025\/05\/Wohlfuehltee.png?resize=700%2C400&ssl=1 2x"},"classes":[]},{"id":49335,"url":"https:\/\/teasense.ch\/fr\/produit\/the-grec-de-montagne-olympus\/","url_meta":{"origin":48631,"position":3},"title":"Th\u00e9 grec de montagne Olympus","author":"Reale Selection","date":"6. July 2023","format":false,"excerpt":"Pr\u00e9paration \u2013 th\u00e9 grec de montagne Olympus \ud83e\udd44 1\u20132 c. \u00e0 caf\u00e9 (14 g\/litre) \ud83c\udf21\ufe0f 100 \u00b0C \u23f3 5 minutes","rel":"","context":"Similar post","block_context":{"text":"Similar post","link":""},"img":{"alt_text":"Teemischung Olympus Bergtee Griechenland","src":"https:\/\/i0.wp.com\/teasense.ch\/wp-content\/uploads\/2023\/07\/olympus-tee.jpg?resize=350%2C200&ssl=1","width":350,"height":200,"srcset":"https:\/\/i0.wp.com\/teasense.ch\/wp-content\/uploads\/2023\/07\/olympus-tee.jpg?resize=350%2C200&ssl=1 1x, https:\/\/i0.wp.com\/teasense.ch\/wp-content\/uploads\/2023\/07\/olympus-tee.jpg?resize=525%2C300&ssl=1 1.5x, https:\/\/i0.wp.com\/teasense.ch\/wp-content\/uploads\/2023\/07\/olympus-tee.jpg?resize=700%2C400&ssl=1 2x"},"classes":[]},{"id":48969,"url":"https:\/\/teasense.ch\/fr\/produit\/fleurs-camomille\/","url_meta":{"origin":48631,"position":4},"title":"Fleurs de camomille","author":"Reale Selection","date":"23. October 2024","format":false,"excerpt":"Pr\u00e9paration infusion de camomille \ud83e\udd44 1 c. \u00e0 caf\u00e9 par tasse \ud83c\udf21\ufe0f 90 \u00b0C \u23f3 5\u20137 minutes","rel":"","context":"Similar post","block_context":{"text":"Similar post","link":""},"img":{"alt_text":"Kamillenbl\u00fcten weisser Hintergrund","src":"https:\/\/i0.wp.com\/teasense.ch\/wp-content\/uploads\/2024\/10\/kamillenblueten-weisser-hintergrund.png?resize=350%2C200&ssl=1","width":350,"height":200,"srcset":"https:\/\/i0.wp.com\/teasense.ch\/wp-content\/uploads\/2024\/10\/kamillenblueten-weisser-hintergrund.png?resize=350%2C200&ssl=1 1x, https:\/\/i0.wp.com\/teasense.ch\/wp-content\/uploads\/2024\/10\/kamillenblueten-weisser-hintergrund.png?resize=525%2C300&ssl=1 1.5x, https:\/\/i0.wp.com\/teasense.ch\/wp-content\/uploads\/2024\/10\/kamillenblueten-weisser-hintergrund.png?resize=700%2C400&ssl=1 2x"},"classes":[]},{"id":49059,"url":"https:\/\/teasense.ch\/fr\/produit\/coffret-the-the-vert-the-noir-en-verre\/","url_meta":{"origin":48631,"position":5},"title":"Coffret th\u00e9 \u2013 th\u00e9 vert &#038; th\u00e9 noir en verre","author":"Reale Selection","date":"27. July 2025","format":false,"excerpt":"\ud83e\udd44 Selon le type de th\u00e9 \ud83c\udf21\ufe0f Selon le type de th\u00e9 \u23f3 Suivre les instructions de chaque th\u00e9","rel":"","context":"Similar post","block_context":{"text":"Similar post","link":""},"img":{"alt_text":"Tee Geschenkset \u2013 Gr\u00fcntee & Schwarztee","src":"https:\/\/i0.wp.com\/teasense.ch\/wp-content\/uploads\/2025\/07\/Tee-Geschenkset-%E2%80%93-Gruentee-Schwarztee-weisser-Hintergrund.png?resize=350%2C200&ssl=1","width":350,"height":200,"srcset":"https:\/\/i0.wp.com\/teasense.ch\/wp-content\/uploads\/2025\/07\/Tee-Geschenkset-%E2%80%93-Gruentee-Schwarztee-weisser-Hintergrund.png?resize=350%2C200&ssl=1 1x, https:\/\/i0.wp.com\/teasense.ch\/wp-content\/uploads\/2025\/07\/Tee-Geschenkset-%E2%80%93-Gruentee-Schwarztee-weisser-Hintergrund.png?resize=525%2C300&ssl=1 1.5x, https:\/\/i0.wp.com\/teasense.ch\/wp-content\/uploads\/2025\/07\/Tee-Geschenkset-%E2%80%93-Gruentee-Schwarztee-weisser-Hintergrund.png?resize=700%2C400&ssl=1 2x"},"classes":[]}],"jetpack_sharing_enabled":true,"jetpack_likes_enabled":false,"_links":{"self":[{"href":"https:\/\/teasense.ch\/fr\/wp-json\/wp\/v2\/product\/48631","targetHints":{"allow":["GET"]}}],"collection":[{"href":"https:\/\/teasense.ch\/fr\/wp-json\/wp\/v2\/product"}],"about":[{"href":"https:\/\/teasense.ch\/fr\/wp-json\/wp\/v2\/types\/product"}],"replies":[{"embeddable":true,"href":"https:\/\/teasense.ch\/fr\/wp-json\/wp\/v2\/comments?post=48631"}],"wp:featuredmedia":[{"embeddable":true,"href":"https:\/\/teasense.ch\/fr\/wp-json\/wp\/v2\/media\/47293"}],"wp:attachment":[{"href":"https:\/\/teasense.ch\/fr\/wp-json\/wp\/v2\/media?parent=48631"}],"wp:term":[{"taxonomy":"product_brand","embeddable":true,"href":"https:\/\/teasense.ch\/fr\/wp-json\/wp\/v2\/product_brand?post=48631"},{"taxonomy":"product_cat","embeddable":true,"href":"https:\/\/teasense.ch\/fr\/wp-json\/wp\/v2\/product_cat?post=48631"},{"taxonomy":"product_tag","embeddable":true,"href":"https:\/\/teasense.ch\/fr\/wp-json\/wp\/v2\/product_tag?post=48631"}],"curies":[{"name":"wp","href":"https:\/\/api.w.org\/{rel}","templated":true}]}}