{"id":48667,"date":"2025-10-13T10:11:13","date_gmt":"2025-10-13T08:11:13","guid":{"rendered":"https:\/\/teasense.ch\/produkt\/fraicheur-de-baies-infusion-fruits\/"},"modified":"2025-10-13T10:11:13","modified_gmt":"2025-10-13T08:11:13","slug":"fraicheur-de-baies-infusion-fruits","status":"publish","type":"product","link":"https:\/\/teasense.ch\/fr\/produit\/fraicheur-de-baies-infusion-fruits\/","title":{"rendered":"Fra\u00eecheur de Baies \u2013 Infusion de fruits"},"content":{"rendered":"<h2>M\u00e9lange fruit\u00e9 aux baies avec une note fra\u00eeche<\/h2>\n<p>Cette infusion s\u00e9duit par son caract\u00e8re intens\u00e9ment fruit\u00e9 et sa d\u00e9licate sensation de fra\u00eecheur. D\u00e8s l\u2019infusion, des notes de framboise et de menthe se d\u00e9veloppent, accompagn\u00e9es d\u2019un parfum harmonieux \u00e9voquant les journ\u00e9es d\u2019\u00e9t\u00e9.  <\/p>\n<h3>L\u2019\u00e9quilibre entre douceur fruit\u00e9e et fra\u00eecheur l\u00e9g\u00e8re offre une exp\u00e9rience gustative vivante et agr\u00e9able.<\/h3>\n<p>Visuellement, ce m\u00e9lange est \u00e9galement remarquable: p\u00e9tales de rose \u00e9clatants, framboises enti\u00e8res et baies de sureau fonc\u00e9es en font une infusion attrayante. Cette combinaison est id\u00e9ale pour les journ\u00e9es chaudes, mais se d\u00e9guste aussi parfaitement chaude. <\/p>\n<p><strong>Ingr\u00e9dients<\/strong>: morceaux de pomme, \u00e9corces de cynorrhodon, raisins de Corinthe, hibiscus, baies de sureau, morceaux de carotte, framboises enti\u00e8res, p\u00e9tales de rose, boutons de rose, feuilles de menthe poivr\u00e9e, ar\u00f4me naturel.<\/p>\n<h3>Pr\u00e9paration Infusion de fruits<\/h3>\n<p>Pr\u00e9paration: Utiliser environ 15\u201320 g par litre d\u2019eau. Verser de l\u2019eau bouillante et laisser infuser 10\u201312 minutes afin de d\u00e9velopper pleinement les ar\u00f4mes fruit\u00e9s et frais.  <\/p>\n<h4>D\u00e9couvre d\u2019autres moments fruit\u00e9s<\/h4>\n<p>Si cette infusion te pla\u00eet, d\u00e9couvre aussi notre <a href=\"https:\/\/teasense.ch\/produit\/herbstgefuehle-fruechtetee\/\">infusion aux saveurs d\u2019automne<\/a>.<br \/>\nChaque m\u00e9lange r\u00e9v\u00e8le la diversit\u00e9 des infusions de fruits.<\/p>\n","protected":false},"excerpt":{"rendered":"<h4>Pr\u00e9paration Fra\u00eecheur de Baies \u2013 Infusion de fruits<\/h4>\n<p>\ud83e\udd44 1 cuill\u00e8re \u00e0 caf\u00e9 pour 200 ml<br data-start=\"2256\" data-end=\"2259\">\ud83c\udf21\ufe0f 100 \u00b0C<br data-start=\"2269\" data-end=\"2272\">\u23f3 10\u201312 minutes<\/p>\n","protected":false},"featured_media":47273,"comment_status":"open","ping_status":"closed","template":"","meta":{"_et_pb_use_builder":"","_et_pb_old_content":"","_et_gb_content_width":""},"product_brand":[],"product_cat":[412,375,348],"product_tag":[],"class_list":{"0":"post-48667","1":"product","2":"type-product","3":"status-publish","4":"has-post-thumbnail","6":"product_cat-infusion-fruits","7":"product_cat-the-en-vrac","8":"product_cat-tous-produits","9":"pa_herkunft-allemagne","10":"pa_weight-100-g","11":"pa_weight-200-g","12":"pa_weight-400-g","13":"pa_weight-50-g","15":"first","16":"instock","17":"shipping-taxable","18":"purchasable","19":"product-type-variable","20":"has-default-attributes","21":"add-to-wishlist-before_image"},"yoast_head":"<!-- This site is optimized with the Yoast SEO plugin v27.5 - https:\/\/yoast.com\/product\/yoast-seo-wordpress\/ -->\n<title>Fra\u00eecheur de Baies \u2013 Infusion de fruits - TeaSense.ch - Tee Shop Schweiz<\/title>\n<meta name=\"description\" content=\"Infusion de fruits aux baies avec une touche de fra\u00eecheur. M\u00e9lange fruit\u00e9 et \u00e9quilibr\u00e9 \u2013 id\u00e9al chaud ou froid.\" \/>\n<meta name=\"robots\" content=\"index, follow, max-snippet:-1, max-image-preview:large, max-video-preview:-1\" \/>\n<link rel=\"canonical\" href=\"https:\/\/teasense.ch\/fr\/produit\/fraicheur-de-baies-infusion-fruits\/\" \/>\n<meta property=\"og:locale\" content=\"fr_FR\" \/>\n<meta property=\"og:type\" content=\"article\" \/>\n<meta property=\"og:title\" content=\"Fra\u00eecheur de Baies \u2013 Infusion de fruits - TeaSense.ch - Tee Shop Schweiz\" \/>\n<meta property=\"og:description\" content=\"Infusion de fruits aux baies avec une touche de fra\u00eecheur. M\u00e9lange fruit\u00e9 et \u00e9quilibr\u00e9 \u2013 id\u00e9al chaud ou froid.\" \/>\n<meta property=\"og:url\" content=\"https:\/\/teasense.ch\/fr\/produit\/fraicheur-de-baies-infusion-fruits\/\" \/>\n<meta property=\"og:site_name\" content=\"TeaSense.ch - Tee Shop Schweiz\" \/>\n<meta property=\"article:publisher\" content=\"https:\/\/www.facebook.com\/teasense.ch\" \/>\n<meta property=\"og:image\" content=\"https:\/\/teasense.ch\/wp-content\/uploads\/2025\/10\/beerenfrisch.png\" \/>\n\t<meta property=\"og:image:width\" content=\"800\" \/>\n\t<meta property=\"og:image:height\" content=\"800\" \/>\n\t<meta property=\"og:image:type\" content=\"image\/png\" \/>\n<meta name=\"twitter:card\" content=\"summary_large_image\" \/>\n<meta name=\"twitter:label1\" content=\"Est. reading time\" \/>\n\t<meta name=\"twitter:data1\" content=\"1 minute\" \/>\n<!-- \/ Yoast SEO plugin. -->","yoast_head_json":{"title":"Fra\u00eecheur de Baies \u2013 Infusion de fruits - TeaSense.ch - Tee Shop Schweiz","description":"Infusion de fruits aux baies avec une touche de fra\u00eecheur. M\u00e9lange fruit\u00e9 et \u00e9quilibr\u00e9 \u2013 id\u00e9al chaud ou froid.","robots":{"index":"index","follow":"follow","max-snippet":"max-snippet:-1","max-image-preview":"max-image-preview:large","max-video-preview":"max-video-preview:-1"},"canonical":"https:\/\/teasense.ch\/fr\/produit\/fraicheur-de-baies-infusion-fruits\/","og_locale":"fr_FR","og_type":"article","og_title":"Fra\u00eecheur de Baies \u2013 Infusion de fruits - TeaSense.ch - Tee Shop Schweiz","og_description":"Infusion de fruits aux baies avec une touche de fra\u00eecheur. M\u00e9lange fruit\u00e9 et \u00e9quilibr\u00e9 \u2013 id\u00e9al chaud ou froid.","og_url":"https:\/\/teasense.ch\/fr\/produit\/fraicheur-de-baies-infusion-fruits\/","og_site_name":"TeaSense.ch - Tee Shop Schweiz","article_publisher":"https:\/\/www.facebook.com\/teasense.ch","og_image":[{"width":800,"height":800,"url":"https:\/\/teasense.ch\/wp-content\/uploads\/2025\/10\/beerenfrisch.png","type":"image\/png"}],"twitter_card":"summary_large_image","twitter_misc":{"Est. reading time":"1 minute"},"schema":{"@context":"https:\/\/schema.org","@graph":[{"@type":"WebPage","@id":"https:\/\/teasense.ch\/fr\/produit\/fraicheur-de-baies-infusion-fruits\/","url":"https:\/\/teasense.ch\/fr\/produit\/fraicheur-de-baies-infusion-fruits\/","name":"Fra\u00eecheur de Baies \u2013 Infusion de fruits - TeaSense.ch - Tee Shop Schweiz","isPartOf":{"@id":"https:\/\/teasense.ch\/fr\/#website"},"primaryImageOfPage":{"@id":"https:\/\/teasense.ch\/fr\/produit\/fraicheur-de-baies-infusion-fruits\/#primaryimage"},"image":{"@id":"https:\/\/teasense.ch\/fr\/produit\/fraicheur-de-baies-infusion-fruits\/#primaryimage"},"thumbnailUrl":"https:\/\/teasense.ch\/wp-content\/uploads\/2025\/10\/beerenfrisch.png","datePublished":"2025-10-13T08:11:13+00:00","description":"Infusion de fruits aux baies avec une touche de fra\u00eecheur. M\u00e9lange fruit\u00e9 et \u00e9quilibr\u00e9 \u2013 id\u00e9al chaud ou froid.","breadcrumb":{"@id":"https:\/\/teasense.ch\/fr\/produit\/fraicheur-de-baies-infusion-fruits\/#breadcrumb"},"inLanguage":"fr-CH","potentialAction":[{"@type":"ReadAction","target":["https:\/\/teasense.ch\/fr\/produit\/fraicheur-de-baies-infusion-fruits\/"]}]},{"@type":"ImageObject","inLanguage":"fr-CH","@id":"https:\/\/teasense.ch\/fr\/produit\/fraicheur-de-baies-infusion-fruits\/#primaryimage","url":"https:\/\/teasense.ch\/wp-content\/uploads\/2025\/10\/beerenfrisch.png","contentUrl":"https:\/\/teasense.ch\/wp-content\/uploads\/2025\/10\/beerenfrisch.png","width":800,"height":800,"caption":"Beerenfrisch \u2013 Fr\u00fcchtetee Fruchtige Frische mit beerigem Flair"},{"@type":"BreadcrumbList","@id":"https:\/\/teasense.ch\/fr\/produit\/fraicheur-de-baies-infusion-fruits\/#breadcrumb","itemListElement":[{"@type":"ListItem","position":1,"name":"Startseite","item":"https:\/\/teasense.ch\/fr\/startseite\/"},{"@type":"ListItem","position":2,"name":"Boutique de th\u00e9 en ligne","item":"https:\/\/teasense.ch\/fr\/shop\/"},{"@type":"ListItem","position":3,"name":"Fra\u00eecheur de Baies \u2013 Infusion de fruits"}]},{"@type":"WebSite","@id":"https:\/\/teasense.ch\/fr\/#website","url":"https:\/\/teasense.ch\/fr\/","name":"TeaSense.ch","description":"Nat\u00fcrliche Teemischungen und klassischer Tee","publisher":{"@id":"https:\/\/teasense.ch\/fr\/#organization"},"alternateName":"TeaSense","potentialAction":[{"@type":"SearchAction","target":{"@type":"EntryPoint","urlTemplate":"https:\/\/teasense.ch\/fr\/?s={search_term_string}"},"query-input":{"@type":"PropertyValueSpecification","valueRequired":true,"valueName":"search_term_string"}}],"inLanguage":"fr-CH"},{"@type":"Organization","@id":"https:\/\/teasense.ch\/fr\/#organization","name":"Reale Selection","alternateName":"TeaSense.ch","url":"https:\/\/teasense.ch\/fr\/","logo":{"@type":"ImageObject","inLanguage":"fr-CH","@id":"https:\/\/teasense.ch\/fr\/#\/schema\/logo\/image\/","url":"https:\/\/teasense.ch\/wp-content\/uploads\/2023\/07\/cropped-logo-teasense-kategorie-onlineshop-alle-produkte.jpg","contentUrl":"https:\/\/teasense.ch\/wp-content\/uploads\/2023\/07\/cropped-logo-teasense-kategorie-onlineshop-alle-produkte.jpg","width":512,"height":512,"caption":"Reale Selection"},"image":{"@id":"https:\/\/teasense.ch\/fr\/#\/schema\/logo\/image\/"},"sameAs":["https:\/\/www.facebook.com\/teasense.ch"]}]}},"jetpack-related-posts":[{"id":48800,"url":"https:\/\/teasense.ch\/fr\/produit\/ours-douillet-infusion-fruits\/","url_meta":{"origin":48667,"position":0},"title":"Ours Douillet \u2013 Infusion de fruits","author":"Reale Selection","date":"29. September 2025","format":false,"excerpt":"Pr\u00e9paration infusion Ours Douillet \ud83e\udd44 15\u201320 g\/l \ud83c\udf21\ufe0f 100 \u00b0C \u23f3 10\u201312 minutes","rel":"","context":"Similar post","block_context":{"text":"Similar post","link":""},"img":{"alt_text":"Kuschelb\u00e4r - Fr\u00fcchtetee lose Teemischung","src":"https:\/\/i0.wp.com\/teasense.ch\/wp-content\/uploads\/2025\/09\/kuschelbaer-1.png?resize=350%2C200&ssl=1","width":350,"height":200,"srcset":"https:\/\/i0.wp.com\/teasense.ch\/wp-content\/uploads\/2025\/09\/kuschelbaer-1.png?resize=350%2C200&ssl=1 1x, https:\/\/i0.wp.com\/teasense.ch\/wp-content\/uploads\/2025\/09\/kuschelbaer-1.png?resize=525%2C300&ssl=1 1.5x, https:\/\/i0.wp.com\/teasense.ch\/wp-content\/uploads\/2025\/09\/kuschelbaer-1.png?resize=700%2C400&ssl=1 2x"},"classes":[]},{"id":48476,"url":"https:\/\/teasense.ch\/fr\/produit\/the-choco-menthe\/","url_meta":{"origin":48667,"position":1},"title":"Choco Menthe &#8211; M\u00e9lange de tisanes","author":"Reale Selection","date":"16. November 2025","format":false,"excerpt":"Pr\u00e9paration \ud83e\udd44 1 cuill\u00e8re \u00e0 caf\u00e9 (10\u201312 g par litre)\ud83c\udf21\ufe0f 100 \u00b0C\u23f3 5 - 8 minutes","rel":"","context":"Similar post","block_context":{"text":"Similar post","link":""},"img":{"alt_text":"Schoko Minze - Kr\u00e4uterteemischung","src":"https:\/\/i0.wp.com\/teasense.ch\/wp-content\/uploads\/2025\/11\/schoko-minze-kraeuterteemischung.png?resize=350%2C200&ssl=1","width":350,"height":200,"srcset":"https:\/\/i0.wp.com\/teasense.ch\/wp-content\/uploads\/2025\/11\/schoko-minze-kraeuterteemischung.png?resize=350%2C200&ssl=1 1x, https:\/\/i0.wp.com\/teasense.ch\/wp-content\/uploads\/2025\/11\/schoko-minze-kraeuterteemischung.png?resize=525%2C300&ssl=1 1.5x, https:\/\/i0.wp.com\/teasense.ch\/wp-content\/uploads\/2025\/11\/schoko-minze-kraeuterteemischung.png?resize=700%2C400&ssl=1 2x"},"classes":[]},{"id":48797,"url":"https:\/\/teasense.ch\/fr\/produit\/douceurs-automne-infusion-fruits\/","url_meta":{"origin":48667,"position":2},"title":"Douceurs d\u2019automne \u2013 Infusion de fruits","author":"Reale Selection","date":"30. September 2025","format":false,"excerpt":"Pr\u00e9paration infusion Douceurs d\u2019automne \ud83e\udd44 12\u201315 g\/l \ud83c\udf21\ufe0f 100 \u00b0C \u23f3 7\u201310 minutes","rel":"","context":"Similar post","block_context":{"text":"Similar post","link":""},"img":{"alt_text":"Herbstgef\u00fchle - Fr\u00fcchtetee, loser Fr\u00fcchtetee mit Kr\u00e4utern","src":"https:\/\/i0.wp.com\/teasense.ch\/wp-content\/uploads\/2025\/09\/herbst1.png?resize=350%2C200&ssl=1","width":350,"height":200,"srcset":"https:\/\/i0.wp.com\/teasense.ch\/wp-content\/uploads\/2025\/09\/herbst1.png?resize=350%2C200&ssl=1 1x, https:\/\/i0.wp.com\/teasense.ch\/wp-content\/uploads\/2025\/09\/herbst1.png?resize=525%2C300&ssl=1 1.5x, https:\/\/i0.wp.com\/teasense.ch\/wp-content\/uploads\/2025\/09\/herbst1.png?resize=700%2C400&ssl=1 2x"},"classes":[]},{"id":48969,"url":"https:\/\/teasense.ch\/fr\/produit\/fleurs-camomille\/","url_meta":{"origin":48667,"position":3},"title":"Fleurs de camomille","author":"Reale Selection","date":"23. October 2024","format":false,"excerpt":"Pr\u00e9paration infusion de camomille \ud83e\udd44 1 c. \u00e0 caf\u00e9 par tasse \ud83c\udf21\ufe0f 90 \u00b0C \u23f3 5\u20137 minutes","rel":"","context":"Similar post","block_context":{"text":"Similar post","link":""},"img":{"alt_text":"Kamillenbl\u00fcten weisser Hintergrund","src":"https:\/\/i0.wp.com\/teasense.ch\/wp-content\/uploads\/2024\/10\/kamillenblueten-weisser-hintergrund.png?resize=350%2C200&ssl=1","width":350,"height":200,"srcset":"https:\/\/i0.wp.com\/teasense.ch\/wp-content\/uploads\/2024\/10\/kamillenblueten-weisser-hintergrund.png?resize=350%2C200&ssl=1 1x, https:\/\/i0.wp.com\/teasense.ch\/wp-content\/uploads\/2024\/10\/kamillenblueten-weisser-hintergrund.png?resize=525%2C300&ssl=1 1.5x, https:\/\/i0.wp.com\/teasense.ch\/wp-content\/uploads\/2024\/10\/kamillenblueten-weisser-hintergrund.png?resize=700%2C400&ssl=1 2x"},"classes":[]},{"id":48568,"url":"https:\/\/teasense.ch\/fr\/produit\/melange-epices-curcuma\/","url_meta":{"origin":48667,"position":4},"title":"M\u00e9lange d\u2019\u00e9pices au curcuma","author":"Reale Selection","date":"22. October 2025","format":false,"excerpt":"Curcuma avec citronnelle, citron, gingembre et coriandre Id\u00e9al en infusion, en cuisine ou pour une boisson au curcuma Couleur dor\u00e9e, 100 % d\u2019ingr\u00e9dients naturels \u2013 sans additifs","rel":"","context":"Similar post","block_context":{"text":"Similar post","link":""},"img":{"alt_text":"Kurkuma Gew\u00fcrz-Mix Zitronengras, Zitrone, Ingwer und Koriander","src":"https:\/\/i0.wp.com\/teasense.ch\/wp-content\/uploads\/2025\/09\/kurkuma-zitrone-1.png?resize=350%2C200&ssl=1","width":350,"height":200,"srcset":"https:\/\/i0.wp.com\/teasense.ch\/wp-content\/uploads\/2025\/09\/kurkuma-zitrone-1.png?resize=350%2C200&ssl=1 1x, https:\/\/i0.wp.com\/teasense.ch\/wp-content\/uploads\/2025\/09\/kurkuma-zitrone-1.png?resize=525%2C300&ssl=1 1.5x, https:\/\/i0.wp.com\/teasense.ch\/wp-content\/uploads\/2025\/09\/kurkuma-zitrone-1.png?resize=700%2C400&ssl=1 2x"},"classes":[]},{"id":48806,"url":"https:\/\/teasense.ch\/fr\/produit\/the-gingembre-curcuma\/","url_meta":{"origin":48667,"position":5},"title":"Th\u00e9 gingembre-curcuma","author":"Reale Selection","date":"19. September 2025","format":false,"excerpt":"Pr\u00e9paration th\u00e9 gingembre-curcuma \ud83e\udd44 1 cuill\u00e8re \u00e0 caf\u00e9 pour 200 ml d\u2019eau \ud83c\udf21\ufe0f 100 \u00b0C (eau bouillante) \u23f3 5 minutes","rel":"","context":"Similar post","block_context":{"text":"Similar post","link":""},"img":{"alt_text":"Ingwer Kurkuma Teemischung","src":"https:\/\/i0.wp.com\/teasense.ch\/wp-content\/uploads\/2025\/09\/ingwer-kurkuma-teemischung.png?resize=350%2C200&ssl=1","width":350,"height":200,"srcset":"https:\/\/i0.wp.com\/teasense.ch\/wp-content\/uploads\/2025\/09\/ingwer-kurkuma-teemischung.png?resize=350%2C200&ssl=1 1x, https:\/\/i0.wp.com\/teasense.ch\/wp-content\/uploads\/2025\/09\/ingwer-kurkuma-teemischung.png?resize=525%2C300&ssl=1 1.5x, https:\/\/i0.wp.com\/teasense.ch\/wp-content\/uploads\/2025\/09\/ingwer-kurkuma-teemischung.png?resize=700%2C400&ssl=1 2x"},"classes":[]}],"jetpack_sharing_enabled":true,"jetpack_likes_enabled":false,"_links":{"self":[{"href":"https:\/\/teasense.ch\/fr\/wp-json\/wp\/v2\/product\/48667","targetHints":{"allow":["GET"]}}],"collection":[{"href":"https:\/\/teasense.ch\/fr\/wp-json\/wp\/v2\/product"}],"about":[{"href":"https:\/\/teasense.ch\/fr\/wp-json\/wp\/v2\/types\/product"}],"replies":[{"embeddable":true,"href":"https:\/\/teasense.ch\/fr\/wp-json\/wp\/v2\/comments?post=48667"}],"wp:featuredmedia":[{"embeddable":true,"href":"https:\/\/teasense.ch\/fr\/wp-json\/wp\/v2\/media\/47273"}],"wp:attachment":[{"href":"https:\/\/teasense.ch\/fr\/wp-json\/wp\/v2\/media?parent=48667"}],"wp:term":[{"taxonomy":"product_brand","embeddable":true,"href":"https:\/\/teasense.ch\/fr\/wp-json\/wp\/v2\/product_brand?post=48667"},{"taxonomy":"product_cat","embeddable":true,"href":"https:\/\/teasense.ch\/fr\/wp-json\/wp\/v2\/product_cat?post=48667"},{"taxonomy":"product_tag","embeddable":true,"href":"https:\/\/teasense.ch\/fr\/wp-json\/wp\/v2\/product_tag?post=48667"}],"curies":[{"name":"wp","href":"https:\/\/api.w.org\/{rel}","templated":true}]}}