{"id":48803,"date":"2025-09-29T09:27:27","date_gmt":"2025-09-29T07:27:27","guid":{"rendered":"https:\/\/teasense.ch\/produkt\/coffret-cadeau-bon-the\/"},"modified":"2026-04-30T14:44:06","modified_gmt":"2026-04-30T12:44:06","slug":"coffret-cadeau-bon-the","status":"publish","type":"product","link":"https:\/\/teasense.ch\/fr\/produit\/coffret-cadeau-bon-the\/","title":{"rendered":"Coffret cadeau avec bon pour th\u00e9"},"content":{"rendered":"<h2>Coffret cadeau avec bon pour th\u00e9 \u2013 le cadeau parfait<\/h2>\n<p>Le mini coffret cadeau avec bon pour th\u00e9 est id\u00e9al pour offrir une attention personnelle. Ce petit coffret en m\u00e9tal de qualit\u00e9 contient un bon pour th\u00e9 \u2013 une invitation \u00e0 d\u00e9couvrir l\u2019univers du th\u00e9.<\/p>\n<p>En bonus, nous ajoutons un petit \u00e9chantillon de th\u00e9 issu de nos best-sellers. L\u2019exp\u00e9rience commence d\u00e8s l\u2019ouverture du coffret.<\/p>\n<p><strong>Votre avantage prix :<\/strong><br \/>\nAvec le bon, le coffret ne co\u00fbte que CHF 5.\u2013 au lieu de CHF 6.90.<\/p>\n<h3>Pourquoi ce cadeau fait la diff\u00e9rence :<\/h3>\n<ul>\n<li>Valeur du bon librement choisie<\/li>\n<li>Avantage prix : coffret \u00e0 CHF 5.\u2013 au lieu de CHF 6.90<\/li>\n<li>Mini coffret en m\u00e9tal robuste avec poign\u00e9e aspect cuir<\/li>\n<li>Inclus : un petit \u00e9chantillon de th\u00e9<\/li>\n<li>Utilisable dans la boutique en ligne TeaSense<\/li>\n<li>Id\u00e9al pour anniversaires, No\u00ebl ou petites attentions<\/li>\n<\/ul>\n<p><strong>Le meilleur :<\/strong><br \/>\nUn cadeau pr\u00eat \u00e0 offrir \u2013 avec bon et \u00e9chantillon. Le destinataire pourra ensuite choisir ses th\u00e9s pr\u00e9f\u00e9r\u00e9s dans la boutique TeaSense. Un plaisir en deux temps.<\/p>\n<p><strong>Comment \u00e7a marche :<\/strong><br \/>\nLe coffret est envoy\u00e9 \u00e0 l\u2019adresse de livraison indiqu\u00e9e lors de la commande.<br \/>\nLe bon avec code individuel se trouve \u00e0 l\u2019int\u00e9rieur.<\/p>\n<p><strong>Autres id\u00e9es ?<\/strong><br \/>\nLe coffret est aussi disponible sans bon.<br \/>\n<a href=\"https:\/\/teasense.ch\/fr\/produit\/coffret-cadeau-mini\/\">Voir le coffret sans bon<\/a><\/p>\n<p>Tu pr\u00e9f\u00e8res offrir un bon digital \u279d <a href=\"https:\/\/teasense.ch\/fr\/produit\/bon-cadeau\/\">Voir le bon pour th\u00e9<\/a><\/p>\n","protected":false},"excerpt":{"rendered":"<p>Le prix comprend la valeur du bon<br \/>\nplus CHF 5.\u2013 (au lieu de 6.90) pour le coffret.<\/p>\n","protected":false},"featured_media":47172,"comment_status":"open","ping_status":"closed","template":"","meta":{"_et_pb_use_builder":"","_et_pb_old_content":"","_et_gb_content_width":""},"product_brand":[],"product_cat":[364,348],"product_tag":[],"class_list":{"0":"post-48803","1":"product","2":"type-product","3":"status-publish","4":"has-post-thumbnail","6":"product_cat-cadeaux-the","7":"product_cat-tous-produits","9":"first","10":"instock","11":"shipping-taxable","12":"purchasable","13":"product-type-variable","14":"add-to-wishlist-before_image"},"yoast_head":"<!-- This site is optimized with the Yoast SEO plugin v27.5 - https:\/\/yoast.com\/product\/yoast-seo-wordpress\/ -->\n<title>Coffret cadeau avec bon pour th\u00e9 - TeaSense.ch - Tee Shop Schweiz<\/title>\n<meta name=\"description\" content=\"Coffret cadeau avec bon pour th\u00e9 \ud83c\udf81 Mini coffret \u00e9l\u00e9gant avec \u00e9chantillon \u2013 une id\u00e9e cadeau flexible et personnalis\u00e9e.\" \/>\n<meta name=\"robots\" content=\"index, follow, max-snippet:-1, max-image-preview:large, max-video-preview:-1\" \/>\n<link rel=\"canonical\" href=\"https:\/\/teasense.ch\/fr\/produit\/coffret-cadeau-bon-the\/\" \/>\n<meta property=\"og:locale\" content=\"fr_FR\" \/>\n<meta property=\"og:type\" content=\"article\" \/>\n<meta property=\"og:title\" content=\"Coffret cadeau avec bon pour th\u00e9 - TeaSense.ch - Tee Shop Schweiz\" \/>\n<meta property=\"og:description\" content=\"Coffret cadeau avec bon pour th\u00e9 \ud83c\udf81 Mini coffret \u00e9l\u00e9gant avec \u00e9chantillon \u2013 une id\u00e9e cadeau flexible et personnalis\u00e9e.\" \/>\n<meta property=\"og:url\" content=\"https:\/\/teasense.ch\/fr\/produit\/coffret-cadeau-bon-the\/\" \/>\n<meta property=\"og:site_name\" content=\"TeaSense.ch - Tee Shop Schweiz\" \/>\n<meta property=\"article:publisher\" content=\"https:\/\/www.facebook.com\/teasense.ch\" \/>\n<meta property=\"article:modified_time\" content=\"2026-04-30T12:44:06+00:00\" \/>\n<meta property=\"og:image\" content=\"https:\/\/teasense.ch\/wp-content\/uploads\/2025\/02\/hibiskus-tee-lose-und-aufgegossen-in-Tassen.png\" \/>\n\t<meta property=\"og:image:width\" content=\"800\" \/>\n\t<meta property=\"og:image:height\" content=\"800\" \/>\n\t<meta property=\"og:image:type\" content=\"image\/png\" \/>\n<meta name=\"twitter:card\" content=\"summary_large_image\" \/>\n<meta name=\"twitter:label1\" content=\"Est. reading time\" \/>\n\t<meta name=\"twitter:data1\" content=\"1 minute\" \/>\n<!-- \/ Yoast SEO plugin. -->","yoast_head_json":{"title":"Coffret cadeau avec bon pour th\u00e9 - TeaSense.ch - Tee Shop Schweiz","description":"Coffret cadeau avec bon pour th\u00e9 \ud83c\udf81 Mini coffret \u00e9l\u00e9gant avec \u00e9chantillon \u2013 une id\u00e9e cadeau flexible et personnalis\u00e9e.","robots":{"index":"index","follow":"follow","max-snippet":"max-snippet:-1","max-image-preview":"max-image-preview:large","max-video-preview":"max-video-preview:-1"},"canonical":"https:\/\/teasense.ch\/fr\/produit\/coffret-cadeau-bon-the\/","og_locale":"fr_FR","og_type":"article","og_title":"Coffret cadeau avec bon pour th\u00e9 - TeaSense.ch - Tee Shop Schweiz","og_description":"Coffret cadeau avec bon pour th\u00e9 \ud83c\udf81 Mini coffret \u00e9l\u00e9gant avec \u00e9chantillon \u2013 une id\u00e9e cadeau flexible et personnalis\u00e9e.","og_url":"https:\/\/teasense.ch\/fr\/produit\/coffret-cadeau-bon-the\/","og_site_name":"TeaSense.ch - Tee Shop Schweiz","article_publisher":"https:\/\/www.facebook.com\/teasense.ch","article_modified_time":"2026-04-30T12:44:06+00:00","og_image":[{"width":800,"height":800,"url":"https:\/\/teasense.ch\/wp-content\/uploads\/2025\/02\/hibiskus-tee-lose-und-aufgegossen-in-Tassen.png","type":"image\/png"}],"twitter_card":"summary_large_image","twitter_misc":{"Est. reading time":"1 minute"},"schema":{"@context":"https:\/\/schema.org","@graph":[{"@type":"WebPage","@id":"https:\/\/teasense.ch\/fr\/produit\/coffret-cadeau-bon-the\/","url":"https:\/\/teasense.ch\/fr\/produit\/coffret-cadeau-bon-the\/","name":"Coffret cadeau avec bon pour th\u00e9 - TeaSense.ch - Tee Shop Schweiz","isPartOf":{"@id":"https:\/\/teasense.ch\/fr\/#website"},"primaryImageOfPage":{"@id":"https:\/\/teasense.ch\/fr\/produit\/coffret-cadeau-bon-the\/#primaryimage"},"image":{"@id":"https:\/\/teasense.ch\/fr\/produit\/coffret-cadeau-bon-the\/#primaryimage"},"thumbnailUrl":"https:\/\/teasense.ch\/wp-content\/uploads\/2025\/09\/geschenk-koffer-mini-mit-tee-gutschein-teasense.ch_.png","datePublished":"2025-09-29T07:27:27+00:00","dateModified":"2026-04-30T12:44:06+00:00","description":"Coffret cadeau avec bon pour th\u00e9 \ud83c\udf81 Mini coffret \u00e9l\u00e9gant avec \u00e9chantillon \u2013 une id\u00e9e cadeau flexible et personnalis\u00e9e.","breadcrumb":{"@id":"https:\/\/teasense.ch\/fr\/produit\/coffret-cadeau-bon-the\/#breadcrumb"},"inLanguage":"fr-CH","potentialAction":[{"@type":"ReadAction","target":["https:\/\/teasense.ch\/fr\/produit\/coffret-cadeau-bon-the\/"]}]},{"@type":"ImageObject","inLanguage":"fr-CH","@id":"https:\/\/teasense.ch\/fr\/produit\/coffret-cadeau-bon-the\/#primaryimage","url":"https:\/\/teasense.ch\/wp-content\/uploads\/2025\/09\/geschenk-koffer-mini-mit-tee-gutschein-teasense.ch_.png","contentUrl":"https:\/\/teasense.ch\/wp-content\/uploads\/2025\/09\/geschenk-koffer-mini-mit-tee-gutschein-teasense.ch_.png","width":800,"height":800,"caption":"Geschenk Koffer Mini mit Tee Gutschein TeaSense.ch"},{"@type":"BreadcrumbList","@id":"https:\/\/teasense.ch\/fr\/produit\/coffret-cadeau-bon-the\/#breadcrumb","itemListElement":[{"@type":"ListItem","position":1,"name":"Startseite","item":"https:\/\/teasense.ch\/fr\/startseite\/"},{"@type":"ListItem","position":2,"name":"Boutique de th\u00e9 en ligne","item":"https:\/\/teasense.ch\/fr\/shop\/"},{"@type":"ListItem","position":3,"name":"Coffret cadeau avec bon pour th\u00e9"}]},{"@type":"WebSite","@id":"https:\/\/teasense.ch\/fr\/#website","url":"https:\/\/teasense.ch\/fr\/","name":"TeaSense.ch","description":"Nat\u00fcrliche Teemischungen und klassischer Tee","publisher":{"@id":"https:\/\/teasense.ch\/fr\/#organization"},"alternateName":"TeaSense","potentialAction":[{"@type":"SearchAction","target":{"@type":"EntryPoint","urlTemplate":"https:\/\/teasense.ch\/fr\/?s={search_term_string}"},"query-input":{"@type":"PropertyValueSpecification","valueRequired":true,"valueName":"search_term_string"}}],"inLanguage":"fr-CH"},{"@type":"Organization","@id":"https:\/\/teasense.ch\/fr\/#organization","name":"Reale Selection","alternateName":"TeaSense.ch","url":"https:\/\/teasense.ch\/fr\/","logo":{"@type":"ImageObject","inLanguage":"fr-CH","@id":"https:\/\/teasense.ch\/fr\/#\/schema\/logo\/image\/","url":"https:\/\/teasense.ch\/wp-content\/uploads\/2023\/07\/cropped-logo-teasense-kategorie-onlineshop-alle-produkte.jpg","contentUrl":"https:\/\/teasense.ch\/wp-content\/uploads\/2023\/07\/cropped-logo-teasense-kategorie-onlineshop-alle-produkte.jpg","width":512,"height":512,"caption":"Reale Selection"},"image":{"@id":"https:\/\/teasense.ch\/fr\/#\/schema\/logo\/image\/"},"sameAs":["https:\/\/www.facebook.com\/teasense.ch"]}]}},"jetpack-related-posts":[{"id":49102,"url":"https:\/\/teasense.ch\/fr\/produit\/tasse-a-the-avec-couvercle-et-filtre-birdy\/","url_meta":{"origin":48803,"position":0},"title":"Tasse \u00e0 th\u00e9 avec couvercle et filtre \u2013 Birdy","author":"Reale Selection","date":"28. October 2024","format":false,"excerpt":"Tasse, filtre et couvercle (sans emballage cadeau) Capacit\u00e9 : 325 ml","rel":"","context":"Similar post","block_context":{"text":"Similar post","link":""},"img":{"alt_text":"Porzellan Deckelbecher Birdy ganz","src":"https:\/\/i0.wp.com\/teasense.ch\/wp-content\/uploads\/2024\/10\/porzellan-deckelbecher-birdy-ganz.png?resize=350%2C200&ssl=1","width":350,"height":200,"srcset":"https:\/\/i0.wp.com\/teasense.ch\/wp-content\/uploads\/2024\/10\/porzellan-deckelbecher-birdy-ganz.png?resize=350%2C200&ssl=1 1x, https:\/\/i0.wp.com\/teasense.ch\/wp-content\/uploads\/2024\/10\/porzellan-deckelbecher-birdy-ganz.png?resize=525%2C300&ssl=1 1.5x, https:\/\/i0.wp.com\/teasense.ch\/wp-content\/uploads\/2024\/10\/porzellan-deckelbecher-birdy-ganz.png?resize=700%2C400&ssl=1 2x"},"classes":[]},{"id":48501,"url":"https:\/\/teasense.ch\/fr\/produit\/passoire-the-54\/","url_meta":{"origin":48803,"position":1},"title":"Passoire \u00e0 th\u00e9 54 mm","author":"Reale Selection","date":"13. November 2025","format":false,"excerpt":"Passoire \u00e0 th\u00e9 \u00d8 54 mm","rel":"","context":"Similar post","block_context":{"text":"Similar post","link":""},"img":{"alt_text":"Teesieb 54 mm Durchmesser mit Teekanne Charm","src":"https:\/\/i0.wp.com\/teasense.ch\/wp-content\/uploads\/2025\/11\/teesieb.png?resize=350%2C200&ssl=1","width":350,"height":200,"srcset":"https:\/\/i0.wp.com\/teasense.ch\/wp-content\/uploads\/2025\/11\/teesieb.png?resize=350%2C200&ssl=1 1x, https:\/\/i0.wp.com\/teasense.ch\/wp-content\/uploads\/2025\/11\/teesieb.png?resize=525%2C300&ssl=1 1.5x, https:\/\/i0.wp.com\/teasense.ch\/wp-content\/uploads\/2025\/11\/teesieb.png?resize=700%2C400&ssl=1 2x"},"classes":[]},{"id":48559,"url":"https:\/\/teasense.ch\/fr\/produit\/tasse-mate-ceramique-vert-marbre\/","url_meta":{"origin":48803,"position":2},"title":"Tasse \u00e0 mat\u00e9 en c\u00e9ramique \u2013 vert marbr\u00e9","author":"Reale Selection","date":"10. November 2025","format":false,"excerpt":"Mat\u00e9riau: c\u00e9ramique Couleur: gla\u00e7ure verte marbr\u00e9e Contenance: 350 ml","rel":"","context":"Similar post","block_context":{"text":"Similar post","link":""},"img":{"alt_text":"Mate Becher aus Keramik mit Marmor Design Gr\u00fcn","src":"https:\/\/i0.wp.com\/teasense.ch\/wp-content\/uploads\/2025\/11\/mate-becher-keramik.png?resize=350%2C200&ssl=1","width":350,"height":200,"srcset":"https:\/\/i0.wp.com\/teasense.ch\/wp-content\/uploads\/2025\/11\/mate-becher-keramik.png?resize=350%2C200&ssl=1 1x, https:\/\/i0.wp.com\/teasense.ch\/wp-content\/uploads\/2025\/11\/mate-becher-keramik.png?resize=525%2C300&ssl=1 1.5x, https:\/\/i0.wp.com\/teasense.ch\/wp-content\/uploads\/2025\/11\/mate-becher-keramik.png?resize=700%2C400&ssl=1 2x"},"classes":[]},{"id":48465,"url":"https:\/\/teasense.ch\/fr\/produit\/cuillere-the-bois-7-cm\/","url_meta":{"origin":48803,"position":3},"title":"Cuill\u00e8re \u00e0 th\u00e9 en bois 7 cm","author":"Reale Selection","date":"16. November 2025","format":false,"excerpt":"Mat\u00e9riau: bois Longueur: 7 cm","rel":"","context":"Similar post","block_context":{"text":"Similar post","link":""},"img":{"alt_text":"Teeschaufel aus Holz 7 cm f\u00fcr Losen Tee oder Gew\u00fcrze","src":"https:\/\/i0.wp.com\/teasense.ch\/wp-content\/uploads\/2025\/11\/teeschaufel-aus-holz-7-cm.png?resize=350%2C200&ssl=1","width":350,"height":200,"srcset":"https:\/\/i0.wp.com\/teasense.ch\/wp-content\/uploads\/2025\/11\/teeschaufel-aus-holz-7-cm.png?resize=350%2C200&ssl=1 1x, https:\/\/i0.wp.com\/teasense.ch\/wp-content\/uploads\/2025\/11\/teeschaufel-aus-holz-7-cm.png?resize=525%2C300&ssl=1 1.5x, https:\/\/i0.wp.com\/teasense.ch\/wp-content\/uploads\/2025\/11\/teeschaufel-aus-holz-7-cm.png?resize=700%2C400&ssl=1 2x"},"classes":[]},{"id":49099,"url":"https:\/\/teasense.ch\/fr\/produit\/tasse-a-the-avec-couvercle-et-filtre-haku\/","url_meta":{"origin":48803,"position":4},"title":"Tasse \u00e0 th\u00e9 avec couvercle et filtre \u2013 Haku","author":"Reale Selection","date":"29. October 2024","format":false,"excerpt":"Tasse, filtre et couvercle (sans emballage cadeau) Capacit\u00e9 : 320 ml","rel":"","context":"Similar post","block_context":{"text":"Similar post","link":""},"img":{"alt_text":"Set Tasse Sieb Deckel Haku","src":"https:\/\/i0.wp.com\/teasense.ch\/wp-content\/uploads\/2024\/10\/porzellan-deckelbecher-haku-set.png?resize=350%2C200&ssl=1","width":350,"height":200,"srcset":"https:\/\/i0.wp.com\/teasense.ch\/wp-content\/uploads\/2024\/10\/porzellan-deckelbecher-haku-set.png?resize=350%2C200&ssl=1 1x, https:\/\/i0.wp.com\/teasense.ch\/wp-content\/uploads\/2024\/10\/porzellan-deckelbecher-haku-set.png?resize=525%2C300&ssl=1 1.5x, https:\/\/i0.wp.com\/teasense.ch\/wp-content\/uploads\/2024\/10\/porzellan-deckelbecher-haku-set.png?resize=700%2C400&ssl=1 2x"},"classes":[]},{"id":48507,"url":"https:\/\/teasense.ch\/fr\/produit\/bol-matcha-bec-verseur\/","url_meta":{"origin":48803,"position":5},"title":"Bol matcha avec bec verseur","author":"Reale Selection","date":"11. November 2025","format":false,"excerpt":"Bol matcha en porcelaine avec bec verseur, 350 ml","rel":"","context":"Similar post","block_context":{"text":"Similar post","link":""},"img":{"alt_text":"Matcha-Schale aus Porzellan mit Ausguss weiss","src":"https:\/\/i0.wp.com\/teasense.ch\/wp-content\/uploads\/2025\/11\/matcha-schale-aus-porzellan-mit-ausguss.png?resize=350%2C200&ssl=1","width":350,"height":200,"srcset":"https:\/\/i0.wp.com\/teasense.ch\/wp-content\/uploads\/2025\/11\/matcha-schale-aus-porzellan-mit-ausguss.png?resize=350%2C200&ssl=1 1x, https:\/\/i0.wp.com\/teasense.ch\/wp-content\/uploads\/2025\/11\/matcha-schale-aus-porzellan-mit-ausguss.png?resize=525%2C300&ssl=1 1.5x, https:\/\/i0.wp.com\/teasense.ch\/wp-content\/uploads\/2025\/11\/matcha-schale-aus-porzellan-mit-ausguss.png?resize=700%2C400&ssl=1 2x"},"classes":[]}],"jetpack_sharing_enabled":true,"jetpack_likes_enabled":false,"_links":{"self":[{"href":"https:\/\/teasense.ch\/fr\/wp-json\/wp\/v2\/product\/48803","targetHints":{"allow":["GET"]}}],"collection":[{"href":"https:\/\/teasense.ch\/fr\/wp-json\/wp\/v2\/product"}],"about":[{"href":"https:\/\/teasense.ch\/fr\/wp-json\/wp\/v2\/types\/product"}],"replies":[{"embeddable":true,"href":"https:\/\/teasense.ch\/fr\/wp-json\/wp\/v2\/comments?post=48803"}],"wp:featuredmedia":[{"embeddable":true,"href":"https:\/\/teasense.ch\/fr\/wp-json\/wp\/v2\/media\/47172"}],"wp:attachment":[{"href":"https:\/\/teasense.ch\/fr\/wp-json\/wp\/v2\/media?parent=48803"}],"wp:term":[{"taxonomy":"product_brand","embeddable":true,"href":"https:\/\/teasense.ch\/fr\/wp-json\/wp\/v2\/product_brand?post=48803"},{"taxonomy":"product_cat","embeddable":true,"href":"https:\/\/teasense.ch\/fr\/wp-json\/wp\/v2\/product_cat?post=48803"},{"taxonomy":"product_tag","embeddable":true,"href":"https:\/\/teasense.ch\/fr\/wp-json\/wp\/v2\/product_tag?post=48803"}],"curies":[{"name":"wp","href":"https:\/\/api.w.org\/{rel}","templated":true}]}}