{"id":48969,"date":"2024-10-23T13:11:15","date_gmt":"2024-10-23T11:11:15","guid":{"rendered":"https:\/\/teasense.ch\/produkt\/fleurs-camomille\/"},"modified":"2026-04-30T14:58:41","modified_gmt":"2026-04-30T12:58:41","slug":"fleurs-camomille","status":"publish","type":"product","link":"https:\/\/teasense.ch\/fr\/produit\/fleurs-camomille\/","title":{"rendered":"Fleurs de camomille"},"content":{"rendered":"<h2>De d\u00e9licates fleurs pour une infusion de camomille aromatique<\/h2>\n<p>D\u00e9couvre les fleurs de camomille, connues pour leur go\u00fbt doux et floral. Ces fleurs d\u00e9licates proviennent des capitules s\u00e9ch\u00e9s de la camomille et apportent une note l\u00e9g\u00e8re \u00e0 ta tasse. Elles sont id\u00e9ales seules ou en m\u00e9lange.<\/p>\n<p>Nos fleurs sont soigneusement s\u00e9lectionn\u00e9es et trait\u00e9es avec douceur pour pr\u00e9server leur fra\u00eecheur naturelle et leur parfum subtil. Elles offrent une infusion dor\u00e9e et un go\u00fbt agr\u00e9able, parfait pour les moments de d\u00e9tente.<\/p>\n<h3>Pr\u00e9paration de l\u2019infusion de camomille<\/h3>\n<p>Utilise une cuill\u00e8re \u00e0 caf\u00e9 de fleurs et verse de l\u2019eau chaude (env. 90 \u00b0C). Laisse infuser 5 \u00e0 7 minutes. \u00c0 d\u00e9guster nature ou avec un filet de citron.<\/p>\n<h3>Utilisation vari\u00e9e<\/h3>\n<p>Les fleurs de camomille s\u2019int\u00e8grent parfaitement dans des m\u00e9langes avec menthe, m\u00e9lisse ou des notes fruit\u00e9es. Laisse libre cours \u00e0 ta cr\u00e9ativit\u00e9.<\/p>\n<p><strong><span style=\"color: #ff0000;\">Rabais en raison de la date 31.07.2026<\/span><\/strong><\/p>\n","protected":false},"excerpt":{"rendered":"<h4>Pr\u00e9paration infusion de camomille<\/h4>\n<p>\ud83e\udd44 1 c. \u00e0 caf\u00e9 par tasse<br \/>\n\ud83c\udf21\ufe0f 90 \u00b0C<br \/>\n\u23f3 5\u20137 minutes<\/p>\n","protected":false},"featured_media":43365,"comment_status":"open","ping_status":"closed","template":"","meta":{"_et_pb_use_builder":"","_et_pb_old_content":"","_et_gb_content_width":""},"product_brand":[],"product_cat":[442,380,348],"product_tag":[],"class_list":{"0":"post-48969","1":"product","2":"type-product","3":"status-publish","4":"has-post-thumbnail","6":"product_cat-monoherbes","7":"product_cat-tisane","8":"product_cat-tous-produits","9":"pa_herkunft-croatie","10":"pa_weight-100-g","12":"first","13":"instock","14":"sale","15":"shipping-taxable","16":"purchasable","17":"product-type-variable","18":"has-default-attributes","19":"add-to-wishlist-before_image"},"yoast_head":"<!-- This site is optimized with the Yoast SEO plugin v27.5 - https:\/\/yoast.com\/product\/yoast-seo-wordpress\/ -->\n<title>Fleurs de camomille - TeaSense.ch - Tee Shop Schweiz<\/title>\n<meta name=\"description\" content=\"Fleurs de camomille \ud83c\udf3c \u2013 infusion douce et florale, parfaite pour des moments de d\u00e9tente.\" \/>\n<meta name=\"robots\" content=\"index, follow, max-snippet:-1, max-image-preview:large, max-video-preview:-1\" \/>\n<link rel=\"canonical\" href=\"https:\/\/teasense.ch\/fr\/produit\/fleurs-camomille\/\" \/>\n<meta property=\"og:locale\" content=\"fr_FR\" \/>\n<meta property=\"og:type\" content=\"article\" \/>\n<meta property=\"og:title\" content=\"Fleurs de camomille - TeaSense.ch - Tee Shop Schweiz\" \/>\n<meta property=\"og:description\" content=\"Fleurs de camomille \ud83c\udf3c \u2013 infusion douce et florale, parfaite pour des moments de d\u00e9tente.\" \/>\n<meta property=\"og:url\" content=\"https:\/\/teasense.ch\/fr\/produit\/fleurs-camomille\/\" \/>\n<meta property=\"og:site_name\" content=\"TeaSense.ch - Tee Shop Schweiz\" \/>\n<meta property=\"article:publisher\" content=\"https:\/\/www.facebook.com\/teasense.ch\" \/>\n<meta property=\"article:modified_time\" content=\"2026-04-30T12:58:41+00:00\" \/>\n<meta property=\"og:image\" content=\"https:\/\/teasense.ch\/wp-content\/uploads\/2025\/02\/hibiskus-tee-lose-und-aufgegossen-in-Tassen.png\" \/>\n\t<meta property=\"og:image:width\" content=\"800\" \/>\n\t<meta property=\"og:image:height\" content=\"800\" \/>\n\t<meta property=\"og:image:type\" content=\"image\/png\" \/>\n<meta name=\"twitter:card\" content=\"summary_large_image\" \/>\n<meta name=\"twitter:label1\" content=\"Est. reading time\" \/>\n\t<meta name=\"twitter:data1\" content=\"1 minute\" \/>\n<!-- \/ Yoast SEO plugin. -->","yoast_head_json":{"title":"Fleurs de camomille - TeaSense.ch - Tee Shop Schweiz","description":"Fleurs de camomille \ud83c\udf3c \u2013 infusion douce et florale, parfaite pour des moments de d\u00e9tente.","robots":{"index":"index","follow":"follow","max-snippet":"max-snippet:-1","max-image-preview":"max-image-preview:large","max-video-preview":"max-video-preview:-1"},"canonical":"https:\/\/teasense.ch\/fr\/produit\/fleurs-camomille\/","og_locale":"fr_FR","og_type":"article","og_title":"Fleurs de camomille - TeaSense.ch - Tee Shop Schweiz","og_description":"Fleurs de camomille \ud83c\udf3c \u2013 infusion douce et florale, parfaite pour des moments de d\u00e9tente.","og_url":"https:\/\/teasense.ch\/fr\/produit\/fleurs-camomille\/","og_site_name":"TeaSense.ch - Tee Shop Schweiz","article_publisher":"https:\/\/www.facebook.com\/teasense.ch","article_modified_time":"2026-04-30T12:58:41+00:00","og_image":[{"width":800,"height":800,"url":"https:\/\/teasense.ch\/wp-content\/uploads\/2025\/02\/hibiskus-tee-lose-und-aufgegossen-in-Tassen.png","type":"image\/png"}],"twitter_card":"summary_large_image","twitter_misc":{"Est. reading time":"1 minute"},"schema":{"@context":"https:\/\/schema.org","@graph":[{"@type":"WebPage","@id":"https:\/\/teasense.ch\/fr\/produit\/fleurs-camomille\/","url":"https:\/\/teasense.ch\/fr\/produit\/fleurs-camomille\/","name":"Fleurs de camomille - TeaSense.ch - Tee Shop Schweiz","isPartOf":{"@id":"https:\/\/teasense.ch\/fr\/#website"},"primaryImageOfPage":{"@id":"https:\/\/teasense.ch\/fr\/produit\/fleurs-camomille\/#primaryimage"},"image":{"@id":"https:\/\/teasense.ch\/fr\/produit\/fleurs-camomille\/#primaryimage"},"thumbnailUrl":"https:\/\/teasense.ch\/wp-content\/uploads\/2024\/10\/kamillenblueten-weisser-hintergrund.png","datePublished":"2024-10-23T11:11:15+00:00","dateModified":"2026-04-30T12:58:41+00:00","description":"Fleurs de camomille \ud83c\udf3c \u2013 infusion douce et florale, parfaite pour des moments de d\u00e9tente.","breadcrumb":{"@id":"https:\/\/teasense.ch\/fr\/produit\/fleurs-camomille\/#breadcrumb"},"inLanguage":"fr-CH","potentialAction":[{"@type":"ReadAction","target":["https:\/\/teasense.ch\/fr\/produit\/fleurs-camomille\/"]}]},{"@type":"ImageObject","inLanguage":"fr-CH","@id":"https:\/\/teasense.ch\/fr\/produit\/fleurs-camomille\/#primaryimage","url":"https:\/\/teasense.ch\/wp-content\/uploads\/2024\/10\/kamillenblueten-weisser-hintergrund.png","contentUrl":"https:\/\/teasense.ch\/wp-content\/uploads\/2024\/10\/kamillenblueten-weisser-hintergrund.png","width":800,"height":800,"caption":"Kamillenbl\u00fcten weisser Hintergrund"},{"@type":"BreadcrumbList","@id":"https:\/\/teasense.ch\/fr\/produit\/fleurs-camomille\/#breadcrumb","itemListElement":[{"@type":"ListItem","position":1,"name":"Startseite","item":"https:\/\/teasense.ch\/fr\/startseite\/"},{"@type":"ListItem","position":2,"name":"Boutique de th\u00e9 en ligne","item":"https:\/\/teasense.ch\/fr\/shop\/"},{"@type":"ListItem","position":3,"name":"Fleurs de camomille"}]},{"@type":"WebSite","@id":"https:\/\/teasense.ch\/fr\/#website","url":"https:\/\/teasense.ch\/fr\/","name":"TeaSense.ch","description":"Nat\u00fcrliche Teemischungen und klassischer Tee","publisher":{"@id":"https:\/\/teasense.ch\/fr\/#organization"},"alternateName":"TeaSense","potentialAction":[{"@type":"SearchAction","target":{"@type":"EntryPoint","urlTemplate":"https:\/\/teasense.ch\/fr\/?s={search_term_string}"},"query-input":{"@type":"PropertyValueSpecification","valueRequired":true,"valueName":"search_term_string"}}],"inLanguage":"fr-CH"},{"@type":"Organization","@id":"https:\/\/teasense.ch\/fr\/#organization","name":"Reale Selection","alternateName":"TeaSense.ch","url":"https:\/\/teasense.ch\/fr\/","logo":{"@type":"ImageObject","inLanguage":"fr-CH","@id":"https:\/\/teasense.ch\/fr\/#\/schema\/logo\/image\/","url":"https:\/\/teasense.ch\/wp-content\/uploads\/2023\/07\/cropped-logo-teasense-kategorie-onlineshop-alle-produkte.jpg","contentUrl":"https:\/\/teasense.ch\/wp-content\/uploads\/2023\/07\/cropped-logo-teasense-kategorie-onlineshop-alle-produkte.jpg","width":512,"height":512,"caption":"Reale Selection"},"image":{"@id":"https:\/\/teasense.ch\/fr\/#\/schema\/logo\/image\/"},"sameAs":["https:\/\/www.facebook.com\/teasense.ch"]}]}},"jetpack-related-posts":[{"id":48727,"url":"https:\/\/teasense.ch\/fr\/produit\/perles-jasmin-dragon\/","url_meta":{"origin":48969,"position":0},"title":"Perles de Jasmin Dragon","author":"Reale Selection","date":"2. October 2025","format":false,"excerpt":"Pr\u00e9paration Perles de Jasmin Dragon \ud83e\udd44 1 cuill\u00e8re \u00e0 caf\u00e9 pour 200 ml \ud83c\udf21\ufe0f 70\u201380 \u00b0C \u23f3 2\u20133 minutes \ud83d\udd01 plusieurs infusions possibles","rel":"","context":"Similar post","block_context":{"text":"Similar post","link":""},"img":{"alt_text":"Jasmin Dragon Pearls Jasmin Tee Perlen","src":"https:\/\/i0.wp.com\/teasense.ch\/wp-content\/uploads\/2025\/10\/jasmin-dragon-pearls1.png?resize=350%2C200&ssl=1","width":350,"height":200,"srcset":"https:\/\/i0.wp.com\/teasense.ch\/wp-content\/uploads\/2025\/10\/jasmin-dragon-pearls1.png?resize=350%2C200&ssl=1 1x, https:\/\/i0.wp.com\/teasense.ch\/wp-content\/uploads\/2025\/10\/jasmin-dragon-pearls1.png?resize=525%2C300&ssl=1 1.5x, https:\/\/i0.wp.com\/teasense.ch\/wp-content\/uploads\/2025\/10\/jasmin-dragon-pearls1.png?resize=700%2C400&ssl=1 2x"},"classes":[]},{"id":49059,"url":"https:\/\/teasense.ch\/fr\/produit\/coffret-the-the-vert-the-noir-en-verre\/","url_meta":{"origin":48969,"position":1},"title":"Coffret th\u00e9 \u2013 th\u00e9 vert &#038; th\u00e9 noir en verre","author":"Reale Selection","date":"27. July 2025","format":false,"excerpt":"\ud83e\udd44 Selon le type de th\u00e9 \ud83c\udf21\ufe0f Selon le type de th\u00e9 \u23f3 Suivre les instructions de chaque th\u00e9","rel":"","context":"Similar post","block_context":{"text":"Similar post","link":""},"img":{"alt_text":"Tee Geschenkset \u2013 Gr\u00fcntee & Schwarztee","src":"https:\/\/i0.wp.com\/teasense.ch\/wp-content\/uploads\/2025\/07\/Tee-Geschenkset-%E2%80%93-Gruentee-Schwarztee-weisser-Hintergrund.png?resize=350%2C200&ssl=1","width":350,"height":200,"srcset":"https:\/\/i0.wp.com\/teasense.ch\/wp-content\/uploads\/2025\/07\/Tee-Geschenkset-%E2%80%93-Gruentee-Schwarztee-weisser-Hintergrund.png?resize=350%2C200&ssl=1 1x, https:\/\/i0.wp.com\/teasense.ch\/wp-content\/uploads\/2025\/07\/Tee-Geschenkset-%E2%80%93-Gruentee-Schwarztee-weisser-Hintergrund.png?resize=525%2C300&ssl=1 1.5x, https:\/\/i0.wp.com\/teasense.ch\/wp-content\/uploads\/2025\/07\/Tee-Geschenkset-%E2%80%93-Gruentee-Schwarztee-weisser-Hintergrund.png?resize=700%2C400&ssl=1 2x"},"classes":[]},{"id":49056,"url":"https:\/\/teasense.ch\/fr\/produit\/coffret-cadeau-the-avec-tasse-tisane\/","url_meta":{"origin":48969,"position":2},"title":"Coffret cadeau th\u00e9 avec tasse &#038; tisane","author":"Reale Selection","date":"27. July 2025","format":false,"excerpt":"\ud83e\udd44 1\u20132 cuill\u00e8res \u00e0 caf\u00e9 par tasse \ud83c\udf21\ufe0f 95\u2013100 \u00b0C \u23f3 5\u201310 minutes","rel":"","context":"Similar post","block_context":{"text":"Similar post","link":""},"img":{"alt_text":"Tee Geschenkset mit Tasse & Kr\u00e4utertee","src":"https:\/\/i0.wp.com\/teasense.ch\/wp-content\/uploads\/2025\/07\/Tee-Geschenkset-mit-Tasse-Kraeutertee.png?resize=350%2C200&ssl=1","width":350,"height":200,"srcset":"https:\/\/i0.wp.com\/teasense.ch\/wp-content\/uploads\/2025\/07\/Tee-Geschenkset-mit-Tasse-Kraeutertee.png?resize=350%2C200&ssl=1 1x, https:\/\/i0.wp.com\/teasense.ch\/wp-content\/uploads\/2025\/07\/Tee-Geschenkset-mit-Tasse-Kraeutertee.png?resize=525%2C300&ssl=1 1.5x, https:\/\/i0.wp.com\/teasense.ch\/wp-content\/uploads\/2025\/07\/Tee-Geschenkset-mit-Tasse-Kraeutertee.png?resize=700%2C400&ssl=1 2x"},"classes":[]},{"id":49065,"url":"https:\/\/teasense.ch\/fr\/produit\/filtre-a-the-en-coton-non-blanchi-o-9-cm\/","url_meta":{"origin":48969,"position":3},"title":"Filtre \u00e0 th\u00e9 en coton \u2013 non blanchi \u00d8 9 cm","author":"Reale Selection","date":"13. May 2025","format":false,"excerpt":"\ud83e\udd44 Remplir de th\u00e9 \ud83c\udf21\ufe0f Ajouter eau chaude selon le th\u00e9 \u23f3 Laisser infuser selon le type","rel":"","context":"Similar post","block_context":{"text":"Similar post","link":""},"img":{"alt_text":"Teenetz aus Baumwolle \u2013 ungebleicht \u00d8 9 cm","src":"https:\/\/i0.wp.com\/teasense.ch\/wp-content\/uploads\/2025\/05\/Teenetz-aus-Baumwolle-%E2%80%93-ungebleicht-O-9-cm.png?resize=350%2C200&ssl=1","width":350,"height":200,"srcset":"https:\/\/i0.wp.com\/teasense.ch\/wp-content\/uploads\/2025\/05\/Teenetz-aus-Baumwolle-%E2%80%93-ungebleicht-O-9-cm.png?resize=350%2C200&ssl=1 1x, https:\/\/i0.wp.com\/teasense.ch\/wp-content\/uploads\/2025\/05\/Teenetz-aus-Baumwolle-%E2%80%93-ungebleicht-O-9-cm.png?resize=525%2C300&ssl=1 1.5x, https:\/\/i0.wp.com\/teasense.ch\/wp-content\/uploads\/2025\/05\/Teenetz-aus-Baumwolle-%E2%80%93-ungebleicht-O-9-cm.png?resize=700%2C400&ssl=1 2x"},"classes":[]},{"id":49062,"url":"https:\/\/teasense.ch\/fr\/produit\/moments-en-foret-coffret-the\/","url_meta":{"origin":48969,"position":4},"title":"Moments en for\u00eat \u2013 Coffret th\u00e9","author":"Reale Selection","date":"17. July 2025","format":false,"excerpt":"\ud83e\udd44 1\u20132 cuill\u00e8res \u00e0 caf\u00e9 par tasse \ud83c\udf21\ufe0f 95\u2013100 \u00b0C \u23f3 5\u201310 minutes","rel":"","context":"Similar post","block_context":{"text":"Similar post","link":""},"img":{"alt_text":"Waldmomente \u2013 Tee Geschenk mit Fr\u00fcchtetee & Kr\u00e4utertee","src":"https:\/\/i0.wp.com\/teasense.ch\/wp-content\/uploads\/2025\/07\/Waldmomente-%E2%80%93-Tee-Geschenk-mit-Fruechtetee-Kraeutertee.png?resize=350%2C200&ssl=1","width":350,"height":200,"srcset":"https:\/\/i0.wp.com\/teasense.ch\/wp-content\/uploads\/2025\/07\/Waldmomente-%E2%80%93-Tee-Geschenk-mit-Fruechtetee-Kraeutertee.png?resize=350%2C200&ssl=1 1x, https:\/\/i0.wp.com\/teasense.ch\/wp-content\/uploads\/2025\/07\/Waldmomente-%E2%80%93-Tee-Geschenk-mit-Fruechtetee-Kraeutertee.png?resize=525%2C300&ssl=1 1.5x, https:\/\/i0.wp.com\/teasense.ch\/wp-content\/uploads\/2025\/07\/Waldmomente-%E2%80%93-Tee-Geschenk-mit-Fruechtetee-Kraeutertee.png?resize=700%2C400&ssl=1 2x"},"classes":[]},{"id":48806,"url":"https:\/\/teasense.ch\/fr\/produit\/the-gingembre-curcuma\/","url_meta":{"origin":48969,"position":5},"title":"Th\u00e9 gingembre-curcuma","author":"Reale Selection","date":"19. September 2025","format":false,"excerpt":"Pr\u00e9paration th\u00e9 gingembre-curcuma \ud83e\udd44 1 cuill\u00e8re \u00e0 caf\u00e9 pour 200 ml d\u2019eau \ud83c\udf21\ufe0f 100 \u00b0C (eau bouillante) \u23f3 5 minutes","rel":"","context":"Similar post","block_context":{"text":"Similar post","link":""},"img":{"alt_text":"Ingwer Kurkuma Teemischung","src":"https:\/\/i0.wp.com\/teasense.ch\/wp-content\/uploads\/2025\/09\/ingwer-kurkuma-teemischung.png?resize=350%2C200&ssl=1","width":350,"height":200,"srcset":"https:\/\/i0.wp.com\/teasense.ch\/wp-content\/uploads\/2025\/09\/ingwer-kurkuma-teemischung.png?resize=350%2C200&ssl=1 1x, https:\/\/i0.wp.com\/teasense.ch\/wp-content\/uploads\/2025\/09\/ingwer-kurkuma-teemischung.png?resize=525%2C300&ssl=1 1.5x, https:\/\/i0.wp.com\/teasense.ch\/wp-content\/uploads\/2025\/09\/ingwer-kurkuma-teemischung.png?resize=700%2C400&ssl=1 2x"},"classes":[]}],"jetpack_sharing_enabled":true,"jetpack_likes_enabled":false,"_links":{"self":[{"href":"https:\/\/teasense.ch\/fr\/wp-json\/wp\/v2\/product\/48969","targetHints":{"allow":["GET"]}}],"collection":[{"href":"https:\/\/teasense.ch\/fr\/wp-json\/wp\/v2\/product"}],"about":[{"href":"https:\/\/teasense.ch\/fr\/wp-json\/wp\/v2\/types\/product"}],"replies":[{"embeddable":true,"href":"https:\/\/teasense.ch\/fr\/wp-json\/wp\/v2\/comments?post=48969"}],"wp:featuredmedia":[{"embeddable":true,"href":"https:\/\/teasense.ch\/fr\/wp-json\/wp\/v2\/media\/43365"}],"wp:attachment":[{"href":"https:\/\/teasense.ch\/fr\/wp-json\/wp\/v2\/media?parent=48969"}],"wp:term":[{"taxonomy":"product_brand","embeddable":true,"href":"https:\/\/teasense.ch\/fr\/wp-json\/wp\/v2\/product_brand?post=48969"},{"taxonomy":"product_cat","embeddable":true,"href":"https:\/\/teasense.ch\/fr\/wp-json\/wp\/v2\/product_cat?post=48969"},{"taxonomy":"product_tag","embeddable":true,"href":"https:\/\/teasense.ch\/fr\/wp-json\/wp\/v2\/product_tag?post=48969"}],"curies":[{"name":"wp","href":"https:\/\/api.w.org\/{rel}","templated":true}]}}