{"id":49077,"date":"2025-02-28T12:19:32","date_gmt":"2025-02-28T11:19:32","guid":{"rendered":"https:\/\/teasense.ch\/produkt\/cuillere-a-the-1-cup-of-perfect-tea\/"},"modified":"2026-05-01T03:16:38","modified_gmt":"2026-05-01T01:16:38","slug":"cuillere-a-the-1-cup-of-perfect-tea","status":"publish","type":"product","link":"https:\/\/teasense.ch\/fr\/produit\/cuillere-a-the-1-cup-of-perfect-tea\/","title":{"rendered":"Cuill\u00e8re \u00e0 th\u00e9 \u2013 1 Cup of Perfect Tea"},"content":{"rendered":"<p data-start=\"266\" data-end=\"531\">Avec la cuill\u00e8re \u00e0 th\u00e9 \u2013 1 Cup of Perfect Tea \u2013 doser le th\u00e9 en vrac devient simple. Elle contient la quantit\u00e9 id\u00e9ale pour une tasse.<\/p>\n<p data-start=\"533\" data-end=\"770\">Son design pratique permet une utilisation facile au quotidien. Pas besoin de peser \u2013 il suffit de remplir, infuser et profiter.<\/p>\n<h3 data-start=\"777\" data-end=\"814\">Pourquoi choisir cette cuill\u00e8re \u00e0 th\u00e9 ?<\/h3>\n<ul>\n<li><strong>Dosage pr\u00e9cis<\/strong> \u2013 pour une tasse<\/li>\n<li><strong>Acier inoxydable<\/strong> \u2013 durable et facile \u00e0 nettoyer<\/li>\n<li><strong>Design pratique<\/strong> \u2013 prise en main confortable<\/li>\n<li><strong>Utilisation simple<\/strong> \u2013 sans balance<\/li>\n<li><strong>Polyvalente<\/strong> \u2013 pour tous les th\u00e9s<\/li>\n<\/ul>\n<h3 data-start=\"1551\" data-end=\"1578\">Mat\u00e9riau &amp; entretien<\/h3>\n<p>\ud83e\udd44 <strong>Mat\u00e9riau :<\/strong> acier inoxydable<br \/>\n\ud83e\uddfc <strong>Nettoyage :<\/strong> lave-vaisselle ou rin\u00e7age<br \/>\n\u2728 <strong>Longueur :<\/strong> env. 10 cm<\/p>\n<h3>Rangement<\/h3>\n<p>S\u00e9cher apr\u00e8s lavage et conserver dans un endroit sec.<\/p>\n<p>\ud83d\udc49 D\u00e9couvre aussi nos <a href=\"https:\/\/teasense.ch\/produkt-kategorie\/teezubehoer\/\" rel=\"noopener\">accessoires th\u00e9<\/a>.<\/p>\n<p>  \ud83e\udd44Un accessoire simple pour ton th\u00e9.<\/p>\n","protected":false},"excerpt":{"rendered":"<p>\ud83e\udd44Ton aide pour un th\u00e9 parfaitement dos\u00e9.<\/p>\n","protected":false},"featured_media":44564,"comment_status":"open","ping_status":"closed","template":"","meta":{"_et_pb_use_builder":"","_et_pb_old_content":"","_et_gb_content_width":""},"product_brand":[],"product_cat":[454,457,348],"product_tag":[],"class_list":{"0":"post-49077","1":"product","2":"type-product","3":"status-publish","4":"has-post-thumbnail","6":"product_cat-accessoires-the","7":"product_cat-cuilleres-the","8":"product_cat-tous-produits","9":"pa_herkunft-chine","11":"first","12":"instock","13":"shipping-taxable","14":"purchasable","15":"product-type-simple","16":"add-to-wishlist-before_image"},"yoast_head":"<!-- This site is optimized with the Yoast SEO plugin v27.6 - https:\/\/yoast.com\/product\/yoast-seo-wordpress\/ -->\n<title>Cuill\u00e8re \u00e0 th\u00e9 \u2013 1 Cup of Perfect Tea - TeaSense.ch<\/title>\n<meta name=\"description\" content=\"Cuill\u00e8re \u00e0 th\u00e9 \ud83c\udf75 Dose parfaite pour 1 tasse \u2013 inox, pratique pour th\u00e9 en vrac.\" \/>\n<meta name=\"robots\" content=\"index, follow, max-snippet:-1, max-image-preview:large, max-video-preview:-1\" \/>\n<link rel=\"canonical\" href=\"https:\/\/teasense.ch\/fr\/produit\/cuillere-a-the-1-cup-of-perfect-tea\/\" \/>\n<meta property=\"og:locale\" content=\"fr_FR\" \/>\n<meta property=\"og:type\" content=\"article\" \/>\n<meta property=\"og:title\" content=\"Cuill\u00e8re \u00e0 th\u00e9 \u2013 1 Cup of Perfect Tea - TeaSense.ch\" \/>\n<meta property=\"og:description\" content=\"Cuill\u00e8re \u00e0 th\u00e9 \ud83c\udf75 Dose parfaite pour 1 tasse \u2013 inox, pratique pour th\u00e9 en vrac.\" \/>\n<meta property=\"og:url\" content=\"https:\/\/teasense.ch\/fr\/produit\/cuillere-a-the-1-cup-of-perfect-tea\/\" \/>\n<meta property=\"og:site_name\" content=\"TeaSense.ch\" \/>\n<meta property=\"article:publisher\" content=\"https:\/\/www.facebook.com\/teasense.ch\" \/>\n<meta property=\"article:modified_time\" content=\"2026-05-01T01:16:38+00:00\" \/>\n<meta property=\"og:image\" content=\"https:\/\/teasense.ch\/wp-content\/uploads\/2025\/02\/hibiskus-tee-lose-und-aufgegossen-in-Tassen.png\" \/>\n\t<meta property=\"og:image:width\" content=\"800\" \/>\n\t<meta property=\"og:image:height\" content=\"800\" \/>\n\t<meta property=\"og:image:type\" content=\"image\/png\" \/>\n<meta name=\"twitter:card\" content=\"summary_large_image\" \/>\n<meta name=\"twitter:label1\" content=\"Est. reading time\" \/>\n\t<meta name=\"twitter:data1\" content=\"1 minute\" \/>\n<!-- \/ Yoast SEO plugin. -->","yoast_head_json":{"title":"Cuill\u00e8re \u00e0 th\u00e9 \u2013 1 Cup of Perfect Tea - TeaSense.ch","description":"Cuill\u00e8re \u00e0 th\u00e9 \ud83c\udf75 Dose parfaite pour 1 tasse \u2013 inox, pratique pour th\u00e9 en vrac.","robots":{"index":"index","follow":"follow","max-snippet":"max-snippet:-1","max-image-preview":"max-image-preview:large","max-video-preview":"max-video-preview:-1"},"canonical":"https:\/\/teasense.ch\/fr\/produit\/cuillere-a-the-1-cup-of-perfect-tea\/","og_locale":"fr_FR","og_type":"article","og_title":"Cuill\u00e8re \u00e0 th\u00e9 \u2013 1 Cup of Perfect Tea - TeaSense.ch","og_description":"Cuill\u00e8re \u00e0 th\u00e9 \ud83c\udf75 Dose parfaite pour 1 tasse \u2013 inox, pratique pour th\u00e9 en vrac.","og_url":"https:\/\/teasense.ch\/fr\/produit\/cuillere-a-the-1-cup-of-perfect-tea\/","og_site_name":"TeaSense.ch","article_publisher":"https:\/\/www.facebook.com\/teasense.ch","article_modified_time":"2026-05-01T01:16:38+00:00","og_image":[{"width":800,"height":800,"url":"https:\/\/teasense.ch\/wp-content\/uploads\/2025\/02\/hibiskus-tee-lose-und-aufgegossen-in-Tassen.png","type":"image\/png"}],"twitter_card":"summary_large_image","twitter_misc":{"Est. reading time":"1 minute"},"schema":{"@context":"https:\/\/schema.org","@graph":[{"@type":"WebPage","@id":"https:\/\/teasense.ch\/fr\/produit\/cuillere-a-the-1-cup-of-perfect-tea\/","url":"https:\/\/teasense.ch\/fr\/produit\/cuillere-a-the-1-cup-of-perfect-tea\/","name":"Cuill\u00e8re \u00e0 th\u00e9 \u2013 1 Cup of Perfect Tea - TeaSense.ch","isPartOf":{"@id":"https:\/\/teasense.ch\/fr\/#website"},"primaryImageOfPage":{"@id":"https:\/\/teasense.ch\/fr\/produit\/cuillere-a-the-1-cup-of-perfect-tea\/#primaryimage"},"image":{"@id":"https:\/\/teasense.ch\/fr\/produit\/cuillere-a-the-1-cup-of-perfect-tea\/#primaryimage"},"thumbnailUrl":"https:\/\/teasense.ch\/wp-content\/uploads\/2025\/02\/Teemassloeffel-\u2013-1-Cup-of-Perfect-Tea.png","datePublished":"2025-02-28T11:19:32+00:00","dateModified":"2026-05-01T01:16:38+00:00","description":"Cuill\u00e8re \u00e0 th\u00e9 \ud83c\udf75 Dose parfaite pour 1 tasse \u2013 inox, pratique pour th\u00e9 en vrac.","breadcrumb":{"@id":"https:\/\/teasense.ch\/fr\/produit\/cuillere-a-the-1-cup-of-perfect-tea\/#breadcrumb"},"inLanguage":"fr-CH","potentialAction":[{"@type":"ReadAction","target":["https:\/\/teasense.ch\/fr\/produit\/cuillere-a-the-1-cup-of-perfect-tea\/"]}]},{"@type":"ImageObject","inLanguage":"fr-CH","@id":"https:\/\/teasense.ch\/fr\/produit\/cuillere-a-the-1-cup-of-perfect-tea\/#primaryimage","url":"https:\/\/teasense.ch\/wp-content\/uploads\/2025\/02\/Teemassloeffel-\u2013-1-Cup-of-Perfect-Tea.png","contentUrl":"https:\/\/teasense.ch\/wp-content\/uploads\/2025\/02\/Teemassloeffel-\u2013-1-Cup-of-Perfect-Tea.png","width":800,"height":800,"caption":"Teemassl\u00f6ffel \u2013 1 Cup of Perfect Tea"},{"@type":"BreadcrumbList","@id":"https:\/\/teasense.ch\/fr\/produit\/cuillere-a-the-1-cup-of-perfect-tea\/#breadcrumb","itemListElement":[{"@type":"ListItem","position":1,"name":"Startseite","item":"https:\/\/teasense.ch\/fr\/"},{"@type":"ListItem","position":2,"name":"Boutique de th\u00e9 en ligne","item":"https:\/\/teasense.ch\/fr\/shop\/"},{"@type":"ListItem","position":3,"name":"Cuill\u00e8re \u00e0 th\u00e9 \u2013 1 Cup of Perfect Tea"}]},{"@type":"WebSite","@id":"https:\/\/teasense.ch\/fr\/#website","url":"https:\/\/teasense.ch\/fr\/","name":"TeaSense.ch","description":"Nat\u00fcrliche Teemischungen und klassischer Tee","publisher":{"@id":"https:\/\/teasense.ch\/fr\/#organization"},"alternateName":"TeaSense","potentialAction":[{"@type":"SearchAction","target":{"@type":"EntryPoint","urlTemplate":"https:\/\/teasense.ch\/fr\/?s={search_term_string}"},"query-input":{"@type":"PropertyValueSpecification","valueRequired":true,"valueName":"search_term_string"}}],"inLanguage":"fr-CH"},{"@type":"Organization","@id":"https:\/\/teasense.ch\/fr\/#organization","name":"Reale Selection","alternateName":"TeaSense.ch","url":"https:\/\/teasense.ch\/fr\/","logo":{"@type":"ImageObject","inLanguage":"fr-CH","@id":"https:\/\/teasense.ch\/fr\/#\/schema\/logo\/image\/","url":"https:\/\/teasense.ch\/wp-content\/uploads\/2023\/07\/cropped-logo-teasense-kategorie-onlineshop-alle-produkte.jpg","contentUrl":"https:\/\/teasense.ch\/wp-content\/uploads\/2023\/07\/cropped-logo-teasense-kategorie-onlineshop-alle-produkte.jpg","width":512,"height":512,"caption":"Reale Selection"},"image":{"@id":"https:\/\/teasense.ch\/fr\/#\/schema\/logo\/image\/"},"sameAs":["https:\/\/www.facebook.com\/teasense.ch"]}]}},"jetpack-related-posts":[{"id":49108,"url":"https:\/\/teasense.ch\/fr\/produit\/cuillere-a-the-en-bois\/","url_meta":{"origin":49077,"position":0},"title":"Cuill\u00e8re \u00e0 th\u00e9 en bois","author":"Reale Selection","date":"23 October 2024","format":false,"excerpt":"Cuill\u00e8re \u00e0 th\u00e9 en bois pour un dosage pr\u00e9cis La cuill\u00e8re \u00e0 th\u00e9 en bois est un accessoire pratique pour mesurer facilement la bonne quantit\u00e9 de th\u00e9. Id\u00e9ale pour une tasse ou une th\u00e9i\u00e8re. Dosage pr\u00e9cis La bonne quantit\u00e9 de th\u00e9 est importante pour le go\u00fbt. Cette cuill\u00e8re t\u2019aide \u00e0\u2026","rel":"","context":"Similar post","block_context":{"text":"Similar post","link":""},"img":{"alt_text":"Tee-Messl\u00f6ffel aus Holz","src":"https:\/\/i0.wp.com\/teasense.ch\/wp-content\/uploads\/2024\/10\/tee-messloeffel-aus-holz.png?resize=350%2C200&ssl=1","width":350,"height":200,"srcset":"https:\/\/i0.wp.com\/teasense.ch\/wp-content\/uploads\/2024\/10\/tee-messloeffel-aus-holz.png?resize=350%2C200&ssl=1 1x, https:\/\/i0.wp.com\/teasense.ch\/wp-content\/uploads\/2024\/10\/tee-messloeffel-aus-holz.png?resize=525%2C300&ssl=1 1.5x, https:\/\/i0.wp.com\/teasense.ch\/wp-content\/uploads\/2024\/10\/tee-messloeffel-aus-holz.png?resize=700%2C400&ssl=1 2x"},"classes":[]},{"id":49117,"url":"https:\/\/teasense.ch\/fr\/produit\/cuillere-matcha-en-bambou-chashaku\/","url_meta":{"origin":49077,"position":1},"title":"Cuill\u00e8re matcha en bambou \u2013 Chashaku","author":"Reale Selection","date":"22 October 2024","format":false,"excerpt":"Chashaku","rel":"","context":"Similar post","block_context":{"text":"Similar post","link":""},"img":{"alt_text":"Matchal\u00f6ffel Bambus","src":"https:\/\/i0.wp.com\/teasense.ch\/wp-content\/uploads\/2024\/10\/matchaloeffel-bambus.png?resize=350%2C200&ssl=1","width":350,"height":200,"srcset":"https:\/\/i0.wp.com\/teasense.ch\/wp-content\/uploads\/2024\/10\/matchaloeffel-bambus.png?resize=350%2C200&ssl=1 1x, https:\/\/i0.wp.com\/teasense.ch\/wp-content\/uploads\/2024\/10\/matchaloeffel-bambus.png?resize=525%2C300&ssl=1 1.5x, https:\/\/i0.wp.com\/teasense.ch\/wp-content\/uploads\/2024\/10\/matchaloeffel-bambus.png?resize=700%2C400&ssl=1 2x"},"classes":[]},{"id":49111,"url":"https:\/\/teasense.ch\/fr\/produit\/bombilla-avec-brosse-de-nettoyage\/","url_meta":{"origin":49077,"position":2},"title":"Bombilla avec brosse de nettoyage","author":"Reale Selection","date":"22 October 2024","format":false,"excerpt":"Bombilla avec brosse de nettoyage Ce set comprend une bombilla en acier inoxydable et une brosse de nettoyage. Il permet de boire le mat\u00e9 directement tout en filtrant les feuilles. Qu\u2019est-ce qu\u2019une bombilla? La bombilla est une paille traditionnelle utilis\u00e9e pour le mat\u00e9. Elle poss\u00e8de un filtre int\u00e9gr\u00e9. Caract\u00e9ristiques Acier\u2026","rel":"","context":"Similar post","block_context":{"text":"Similar post","link":""},"img":{"alt_text":"Bombilla mit Reinigungsb\u00fcrste 2-teilig","src":"https:\/\/i0.wp.com\/teasense.ch\/wp-content\/uploads\/2024\/10\/bombilla-mit-reinigungsbuerste-2-teilig.png?resize=350%2C200&ssl=1","width":350,"height":200,"srcset":"https:\/\/i0.wp.com\/teasense.ch\/wp-content\/uploads\/2024\/10\/bombilla-mit-reinigungsbuerste-2-teilig.png?resize=350%2C200&ssl=1 1x, https:\/\/i0.wp.com\/teasense.ch\/wp-content\/uploads\/2024\/10\/bombilla-mit-reinigungsbuerste-2-teilig.png?resize=525%2C300&ssl=1 1.5x, https:\/\/i0.wp.com\/teasense.ch\/wp-content\/uploads\/2024\/10\/bombilla-mit-reinigungsbuerste-2-teilig.png?resize=700%2C400&ssl=1 2x"},"classes":[]},{"id":49292,"url":"https:\/\/teasense.ch\/fr\/produit\/tasse-coeur-en-ceramique-avec-filtre-et-couvercle\/","url_meta":{"origin":49077,"position":3},"title":"Tasse c\u0153ur en c\u00e9ramique avec filtre et couvercle","author":"Reale Selection","date":"29 October 2024","format":false,"excerpt":"Tasse, filtre et couvercle (sans emballage cadeau) Contenance : 250 ml","rel":"","context":"Similar post","block_context":{"text":"Similar post","link":""},"img":{"alt_text":"Herz Keramik Deckelbecher zwei Varianten","src":"https:\/\/i0.wp.com\/teasense.ch\/wp-content\/uploads\/2024\/10\/herz-keramik-deckelbecher-zwei-varianten.png?resize=350%2C200&ssl=1","width":350,"height":200,"srcset":"https:\/\/i0.wp.com\/teasense.ch\/wp-content\/uploads\/2024\/10\/herz-keramik-deckelbecher-zwei-varianten.png?resize=350%2C200&ssl=1 1x, https:\/\/i0.wp.com\/teasense.ch\/wp-content\/uploads\/2024\/10\/herz-keramik-deckelbecher-zwei-varianten.png?resize=525%2C300&ssl=1 1.5x, https:\/\/i0.wp.com\/teasense.ch\/wp-content\/uploads\/2024\/10\/herz-keramik-deckelbecher-zwei-varianten.png?resize=700%2C400&ssl=1 2x"},"classes":[]},{"id":49059,"url":"https:\/\/teasense.ch\/fr\/produit\/coffret-the-the-vert-the-noir-en-verre\/","url_meta":{"origin":49077,"position":4},"title":"Coffret th\u00e9 \u2013 th\u00e9 vert &#038; th\u00e9 noir en verre","author":"Reale Selection","date":"27 July 2025","format":false,"excerpt":"\ud83e\udd44 Selon le type de th\u00e9 \ud83c\udf21\ufe0f Selon le type de th\u00e9 \u23f3 Suivre les instructions de chaque th\u00e9","rel":"","context":"Similar post","block_context":{"text":"Similar post","link":""},"img":{"alt_text":"Tee Geschenkset \u2013 Gr\u00fcntee & Schwarztee","src":"https:\/\/i0.wp.com\/teasense.ch\/wp-content\/uploads\/2025\/07\/Tee-Geschenkset-%E2%80%93-Gruentee-Schwarztee-weisser-Hintergrund.png?resize=350%2C200&ssl=1","width":350,"height":200,"srcset":"https:\/\/i0.wp.com\/teasense.ch\/wp-content\/uploads\/2025\/07\/Tee-Geschenkset-%E2%80%93-Gruentee-Schwarztee-weisser-Hintergrund.png?resize=350%2C200&ssl=1 1x, https:\/\/i0.wp.com\/teasense.ch\/wp-content\/uploads\/2025\/07\/Tee-Geschenkset-%E2%80%93-Gruentee-Schwarztee-weisser-Hintergrund.png?resize=525%2C300&ssl=1 1.5x, https:\/\/i0.wp.com\/teasense.ch\/wp-content\/uploads\/2025\/07\/Tee-Geschenkset-%E2%80%93-Gruentee-Schwarztee-weisser-Hintergrund.png?resize=700%2C400&ssl=1 2x"},"classes":[]},{"id":49065,"url":"https:\/\/teasense.ch\/fr\/produit\/filtre-a-the-en-coton-non-blanchi-o-9-cm\/","url_meta":{"origin":49077,"position":5},"title":"Filtre \u00e0 th\u00e9 en coton \u2013 non blanchi \u00d8 9 cm","author":"Reale Selection","date":"13 May 2025","format":false,"excerpt":"\ud83e\udd44 Remplir de th\u00e9 \ud83c\udf21\ufe0f Ajouter eau chaude selon le th\u00e9 \u23f3 Laisser infuser selon le type","rel":"","context":"Similar post","block_context":{"text":"Similar post","link":""},"img":{"alt_text":"Teenetz aus Baumwolle \u2013 ungebleicht \u00d8 9 cm","src":"https:\/\/i0.wp.com\/teasense.ch\/wp-content\/uploads\/2025\/05\/Teenetz-aus-Baumwolle-%E2%80%93-ungebleicht-O-9-cm.png?resize=350%2C200&ssl=1","width":350,"height":200,"srcset":"https:\/\/i0.wp.com\/teasense.ch\/wp-content\/uploads\/2025\/05\/Teenetz-aus-Baumwolle-%E2%80%93-ungebleicht-O-9-cm.png?resize=350%2C200&ssl=1 1x, https:\/\/i0.wp.com\/teasense.ch\/wp-content\/uploads\/2025\/05\/Teenetz-aus-Baumwolle-%E2%80%93-ungebleicht-O-9-cm.png?resize=525%2C300&ssl=1 1.5x, https:\/\/i0.wp.com\/teasense.ch\/wp-content\/uploads\/2025\/05\/Teenetz-aus-Baumwolle-%E2%80%93-ungebleicht-O-9-cm.png?resize=700%2C400&ssl=1 2x"},"classes":[]}],"jetpack_sharing_enabled":true,"jetpack_likes_enabled":false,"_links":{"self":[{"href":"https:\/\/teasense.ch\/fr\/wp-json\/wp\/v2\/product\/49077","targetHints":{"allow":["GET"]}}],"collection":[{"href":"https:\/\/teasense.ch\/fr\/wp-json\/wp\/v2\/product"}],"about":[{"href":"https:\/\/teasense.ch\/fr\/wp-json\/wp\/v2\/types\/product"}],"replies":[{"embeddable":true,"href":"https:\/\/teasense.ch\/fr\/wp-json\/wp\/v2\/comments?post=49077"}],"wp:featuredmedia":[{"embeddable":true,"href":"https:\/\/teasense.ch\/fr\/wp-json\/wp\/v2\/media\/44564"}],"wp:attachment":[{"href":"https:\/\/teasense.ch\/fr\/wp-json\/wp\/v2\/media?parent=49077"}],"wp:term":[{"taxonomy":"product_brand","embeddable":true,"href":"https:\/\/teasense.ch\/fr\/wp-json\/wp\/v2\/product_brand?post=49077"},{"taxonomy":"product_cat","embeddable":true,"href":"https:\/\/teasense.ch\/fr\/wp-json\/wp\/v2\/product_cat?post=49077"},{"taxonomy":"product_tag","embeddable":true,"href":"https:\/\/teasense.ch\/fr\/wp-json\/wp\/v2\/product_tag?post=49077"}],"curies":[{"name":"wp","href":"https:\/\/api.w.org\/{rel}","templated":true}]}}