{"id":49093,"date":"2024-11-01T15:04:00","date_gmt":"2024-11-01T14:04:00","guid":{"rendered":"https:\/\/teasense.ch\/produkt\/accroche-bouteille-epices-vin-chaud\/"},"modified":"2024-11-01T15:04:00","modified_gmt":"2024-11-01T14:04:00","slug":"accroche-bouteille-epices-vin-chaud","status":"publish","type":"product","link":"https:\/\/teasense.ch\/fr\/produit\/accroche-bouteille-epices-vin-chaud\/","title":{"rendered":"Accroche-bouteille \u00e9pices vin chaud"},"content":{"rendered":"<p>Une id\u00e9e cadeau originale : cet accroche-bouteille en kraft transforme chaque bouteille en cadeau. Il contient 40 g de <a href=\"https:\/\/teasense.ch\/produit\/gluehweingewuerz\/\">m\u00e9lange d\u2019\u00e9pices pour vin chaud<\/a>.<\/p>\n<p>Le m\u00e9lange comprend \u00e9corces d\u2019orange et de citron, morceaux de pomme, cannelle, clous de girofle, fenouil, anis, baies de geni\u00e8vre et vanille.<\/p>\n<h3>Id\u00e9es d\u2019utilisation<\/h3>\n<p><strong>Vin chaud<\/strong> : chauffer doucement avec du vin rouge et laisser infuser.<\/p>\n<p><strong>Punch<\/strong> : avec jus de poire et gingembre.<\/p>\n<p><strong>Desserts<\/strong> : dans p\u00e2tisseries ou compotes.<\/p>\n<h3>Id\u00e9e cadeau<\/h3>\n<p>Un cadeau simple et cr\u00e9atif pour l\u2019hiver.<\/p>\n","protected":false},"excerpt":{"rendered":"<p>1 pi\u00e8ce avec 40 g d\u2019\u00e9pices pour vin chaud \u2013 bouteille non incluse.<\/p>\n","protected":false},"featured_media":43553,"comment_status":"open","ping_status":"closed","template":"","meta":{"_et_pb_use_builder":"","_et_pb_old_content":"","_et_gb_content_width":""},"product_brand":[],"product_cat":[364,451,348],"product_tag":[],"class_list":{"0":"post-49093","1":"product","2":"type-product","3":"status-publish","4":"has-post-thumbnail","6":"product_cat-cadeaux-the","7":"product_cat-thes-hiver","8":"product_cat-tous-produits","9":"pa_herkunft-allemagne","10":"pa_weight-40-g","12":"first","13":"instock","14":"shipping-taxable","15":"purchasable","16":"product-type-simple","17":"add-to-wishlist-before_image"},"yoast_head":"<!-- This site is optimized with the Yoast SEO plugin v27.5 - https:\/\/yoast.com\/product\/yoast-seo-wordpress\/ -->\n<title>Accroche-bouteille \u00e9pices vin chaud - TeaSense.ch - Tee Shop Schweiz<\/title>\n<meta name=\"robots\" content=\"index, follow, max-snippet:-1, max-image-preview:large, max-video-preview:-1\" \/>\n<link rel=\"canonical\" href=\"https:\/\/teasense.ch\/fr\/produit\/accroche-bouteille-epices-vin-chaud\/\" \/>\n<meta property=\"og:locale\" content=\"fr_FR\" \/>\n<meta property=\"og:type\" content=\"article\" \/>\n<meta property=\"og:title\" content=\"Accroche-bouteille \u00e9pices vin chaud - TeaSense.ch - Tee Shop Schweiz\" \/>\n<meta property=\"og:description\" content=\"1 pi\u00e8ce avec 40 g d\u2019\u00e9pices pour vin chaud \u2013 bouteille non incluse.\" \/>\n<meta property=\"og:url\" content=\"https:\/\/teasense.ch\/fr\/produit\/accroche-bouteille-epices-vin-chaud\/\" \/>\n<meta property=\"og:site_name\" content=\"TeaSense.ch - Tee Shop Schweiz\" \/>\n<meta property=\"article:publisher\" content=\"https:\/\/www.facebook.com\/teasense.ch\" \/>\n<meta property=\"og:image\" content=\"https:\/\/teasense.ch\/wp-content\/uploads\/2025\/02\/hibiskus-tee-lose-und-aufgegossen-in-Tassen.png\" \/>\n\t<meta property=\"og:image:width\" content=\"800\" \/>\n\t<meta property=\"og:image:height\" content=\"800\" \/>\n\t<meta property=\"og:image:type\" content=\"image\/png\" \/>\n<meta name=\"twitter:card\" content=\"summary_large_image\" \/>\n<!-- \/ Yoast SEO plugin. -->","yoast_head_json":{"title":"Accroche-bouteille \u00e9pices vin chaud - TeaSense.ch - Tee Shop Schweiz","robots":{"index":"index","follow":"follow","max-snippet":"max-snippet:-1","max-image-preview":"max-image-preview:large","max-video-preview":"max-video-preview:-1"},"canonical":"https:\/\/teasense.ch\/fr\/produit\/accroche-bouteille-epices-vin-chaud\/","og_locale":"fr_FR","og_type":"article","og_title":"Accroche-bouteille \u00e9pices vin chaud - TeaSense.ch - Tee Shop Schweiz","og_description":"1 pi\u00e8ce avec 40 g d\u2019\u00e9pices pour vin chaud \u2013 bouteille non incluse.","og_url":"https:\/\/teasense.ch\/fr\/produit\/accroche-bouteille-epices-vin-chaud\/","og_site_name":"TeaSense.ch - Tee Shop Schweiz","article_publisher":"https:\/\/www.facebook.com\/teasense.ch","og_image":[{"width":800,"height":800,"url":"https:\/\/teasense.ch\/wp-content\/uploads\/2025\/02\/hibiskus-tee-lose-und-aufgegossen-in-Tassen.png","type":"image\/png"}],"twitter_card":"summary_large_image","schema":{"@context":"https:\/\/schema.org","@graph":[{"@type":"WebPage","@id":"https:\/\/teasense.ch\/fr\/produit\/accroche-bouteille-epices-vin-chaud\/","url":"https:\/\/teasense.ch\/fr\/produit\/accroche-bouteille-epices-vin-chaud\/","name":"Accroche-bouteille \u00e9pices vin chaud - TeaSense.ch - Tee Shop Schweiz","isPartOf":{"@id":"https:\/\/teasense.ch\/fr\/#website"},"primaryImageOfPage":{"@id":"https:\/\/teasense.ch\/fr\/produit\/accroche-bouteille-epices-vin-chaud\/#primaryimage"},"image":{"@id":"https:\/\/teasense.ch\/fr\/produit\/accroche-bouteille-epices-vin-chaud\/#primaryimage"},"thumbnailUrl":"https:\/\/teasense.ch\/wp-content\/uploads\/2024\/11\/flaschenanhaenger.png","datePublished":"2024-11-01T14:04:00+00:00","breadcrumb":{"@id":"https:\/\/teasense.ch\/fr\/produit\/accroche-bouteille-epices-vin-chaud\/#breadcrumb"},"inLanguage":"fr-CH","potentialAction":[{"@type":"ReadAction","target":["https:\/\/teasense.ch\/fr\/produit\/accroche-bouteille-epices-vin-chaud\/"]}]},{"@type":"ImageObject","inLanguage":"fr-CH","@id":"https:\/\/teasense.ch\/fr\/produit\/accroche-bouteille-epices-vin-chaud\/#primaryimage","url":"https:\/\/teasense.ch\/wp-content\/uploads\/2024\/11\/flaschenanhaenger.png","contentUrl":"https:\/\/teasense.ch\/wp-content\/uploads\/2024\/11\/flaschenanhaenger.png","width":800,"height":800,"caption":"Gl\u00fchweingew\u00fcrz-Flaschenanh\u00e4nger"},{"@type":"BreadcrumbList","@id":"https:\/\/teasense.ch\/fr\/produit\/accroche-bouteille-epices-vin-chaud\/#breadcrumb","itemListElement":[{"@type":"ListItem","position":1,"name":"Startseite","item":"https:\/\/teasense.ch\/fr\/startseite\/"},{"@type":"ListItem","position":2,"name":"Boutique de th\u00e9 en ligne","item":"https:\/\/teasense.ch\/fr\/shop\/"},{"@type":"ListItem","position":3,"name":"Accroche-bouteille \u00e9pices vin chaud"}]},{"@type":"WebSite","@id":"https:\/\/teasense.ch\/fr\/#website","url":"https:\/\/teasense.ch\/fr\/","name":"TeaSense.ch","description":"Nat\u00fcrliche Teemischungen und klassischer Tee","publisher":{"@id":"https:\/\/teasense.ch\/fr\/#organization"},"alternateName":"TeaSense","potentialAction":[{"@type":"SearchAction","target":{"@type":"EntryPoint","urlTemplate":"https:\/\/teasense.ch\/fr\/?s={search_term_string}"},"query-input":{"@type":"PropertyValueSpecification","valueRequired":true,"valueName":"search_term_string"}}],"inLanguage":"fr-CH"},{"@type":"Organization","@id":"https:\/\/teasense.ch\/fr\/#organization","name":"Reale Selection","alternateName":"TeaSense.ch","url":"https:\/\/teasense.ch\/fr\/","logo":{"@type":"ImageObject","inLanguage":"fr-CH","@id":"https:\/\/teasense.ch\/fr\/#\/schema\/logo\/image\/","url":"https:\/\/teasense.ch\/wp-content\/uploads\/2023\/07\/cropped-logo-teasense-kategorie-onlineshop-alle-produkte.jpg","contentUrl":"https:\/\/teasense.ch\/wp-content\/uploads\/2023\/07\/cropped-logo-teasense-kategorie-onlineshop-alle-produkte.jpg","width":512,"height":512,"caption":"Reale Selection"},"image":{"@id":"https:\/\/teasense.ch\/fr\/#\/schema\/logo\/image\/"},"sameAs":["https:\/\/www.facebook.com\/teasense.ch"]}]}},"jetpack-related-posts":[{"id":48568,"url":"https:\/\/teasense.ch\/fr\/produit\/melange-epices-curcuma\/","url_meta":{"origin":49093,"position":0},"title":"M\u00e9lange d\u2019\u00e9pices au curcuma","author":"Reale Selection","date":"22. October 2025","format":false,"excerpt":"Curcuma avec citronnelle, citron, gingembre et coriandre Id\u00e9al en infusion, en cuisine ou pour une boisson au curcuma Couleur dor\u00e9e, 100 % d\u2019ingr\u00e9dients naturels \u2013 sans additifs","rel":"","context":"Similar post","block_context":{"text":"Similar post","link":""},"img":{"alt_text":"Kurkuma Gew\u00fcrz-Mix Zitronengras, Zitrone, Ingwer und Koriander","src":"https:\/\/i0.wp.com\/teasense.ch\/wp-content\/uploads\/2025\/09\/kurkuma-zitrone-1.png?resize=350%2C200&ssl=1","width":350,"height":200,"srcset":"https:\/\/i0.wp.com\/teasense.ch\/wp-content\/uploads\/2025\/09\/kurkuma-zitrone-1.png?resize=350%2C200&ssl=1 1x, https:\/\/i0.wp.com\/teasense.ch\/wp-content\/uploads\/2025\/09\/kurkuma-zitrone-1.png?resize=525%2C300&ssl=1 1.5x, https:\/\/i0.wp.com\/teasense.ch\/wp-content\/uploads\/2025\/09\/kurkuma-zitrone-1.png?resize=700%2C400&ssl=1 2x"},"classes":[]},{"id":48501,"url":"https:\/\/teasense.ch\/fr\/produit\/passoire-the-54\/","url_meta":{"origin":49093,"position":1},"title":"Passoire \u00e0 th\u00e9 54 mm","author":"Reale Selection","date":"13. November 2025","format":false,"excerpt":"Passoire \u00e0 th\u00e9 \u00d8 54 mm","rel":"","context":"Similar post","block_context":{"text":"Similar post","link":""},"img":{"alt_text":"Teesieb 54 mm Durchmesser mit Teekanne Charm","src":"https:\/\/i0.wp.com\/teasense.ch\/wp-content\/uploads\/2025\/11\/teesieb.png?resize=350%2C200&ssl=1","width":350,"height":200,"srcset":"https:\/\/i0.wp.com\/teasense.ch\/wp-content\/uploads\/2025\/11\/teesieb.png?resize=350%2C200&ssl=1 1x, https:\/\/i0.wp.com\/teasense.ch\/wp-content\/uploads\/2025\/11\/teesieb.png?resize=525%2C300&ssl=1 1.5x, https:\/\/i0.wp.com\/teasense.ch\/wp-content\/uploads\/2025\/11\/teesieb.png?resize=700%2C400&ssl=1 2x"},"classes":[]},{"id":48465,"url":"https:\/\/teasense.ch\/fr\/produit\/cuillere-the-bois-7-cm\/","url_meta":{"origin":49093,"position":2},"title":"Cuill\u00e8re \u00e0 th\u00e9 en bois 7 cm","author":"Reale Selection","date":"16. November 2025","format":false,"excerpt":"Mat\u00e9riau: bois Longueur: 7 cm","rel":"","context":"Similar post","block_context":{"text":"Similar post","link":""},"img":{"alt_text":"Teeschaufel aus Holz 7 cm f\u00fcr Losen Tee oder Gew\u00fcrze","src":"https:\/\/i0.wp.com\/teasense.ch\/wp-content\/uploads\/2025\/11\/teeschaufel-aus-holz-7-cm.png?resize=350%2C200&ssl=1","width":350,"height":200,"srcset":"https:\/\/i0.wp.com\/teasense.ch\/wp-content\/uploads\/2025\/11\/teeschaufel-aus-holz-7-cm.png?resize=350%2C200&ssl=1 1x, https:\/\/i0.wp.com\/teasense.ch\/wp-content\/uploads\/2025\/11\/teeschaufel-aus-holz-7-cm.png?resize=525%2C300&ssl=1 1.5x, https:\/\/i0.wp.com\/teasense.ch\/wp-content\/uploads\/2025\/11\/teeschaufel-aus-holz-7-cm.png?resize=700%2C400&ssl=1 2x"},"classes":[]},{"id":49102,"url":"https:\/\/teasense.ch\/fr\/produit\/tasse-a-the-avec-couvercle-et-filtre-birdy\/","url_meta":{"origin":49093,"position":3},"title":"Tasse \u00e0 th\u00e9 avec couvercle et filtre \u2013 Birdy","author":"Reale Selection","date":"28. October 2024","format":false,"excerpt":"Tasse, filtre et couvercle (sans emballage cadeau) Capacit\u00e9 : 325 ml","rel":"","context":"Similar post","block_context":{"text":"Similar post","link":""},"img":{"alt_text":"Porzellan Deckelbecher Birdy ganz","src":"https:\/\/i0.wp.com\/teasense.ch\/wp-content\/uploads\/2024\/10\/porzellan-deckelbecher-birdy-ganz.png?resize=350%2C200&ssl=1","width":350,"height":200,"srcset":"https:\/\/i0.wp.com\/teasense.ch\/wp-content\/uploads\/2024\/10\/porzellan-deckelbecher-birdy-ganz.png?resize=350%2C200&ssl=1 1x, https:\/\/i0.wp.com\/teasense.ch\/wp-content\/uploads\/2024\/10\/porzellan-deckelbecher-birdy-ganz.png?resize=525%2C300&ssl=1 1.5x, https:\/\/i0.wp.com\/teasense.ch\/wp-content\/uploads\/2024\/10\/porzellan-deckelbecher-birdy-ganz.png?resize=700%2C400&ssl=1 2x"},"classes":[]},{"id":48591,"url":"https:\/\/teasense.ch\/fr\/produit\/pu-erh-citron\/","url_meta":{"origin":49093,"position":4},"title":"Pu Erh Citron","author":"Reale Selection","date":"13. October 2025","format":false,"excerpt":"Pr\u00e9paration Pu Erh Citron \ud83e\udd44 1 cuill\u00e8re \u00e0 caf\u00e9 pour 200 ml\ud83c\udf21\ufe0f 90 \u00b0C\u23f3 2 minutes","rel":"","context":"Similar post","block_context":{"text":"Similar post","link":""},"img":{"alt_text":"Pu Erh Zitrone - China Pu Erh Tee mit der frischen Note von Zitronenschalen und Lemongras","src":"https:\/\/i0.wp.com\/teasense.ch\/wp-content\/uploads\/2025\/10\/pu-erh-zitrone.png?resize=350%2C200&ssl=1","width":350,"height":200,"srcset":"https:\/\/i0.wp.com\/teasense.ch\/wp-content\/uploads\/2025\/10\/pu-erh-zitrone.png?resize=350%2C200&ssl=1 1x, https:\/\/i0.wp.com\/teasense.ch\/wp-content\/uploads\/2025\/10\/pu-erh-zitrone.png?resize=525%2C300&ssl=1 1.5x, https:\/\/i0.wp.com\/teasense.ch\/wp-content\/uploads\/2025\/10\/pu-erh-zitrone.png?resize=700%2C400&ssl=1 2x"},"classes":[]},{"id":49099,"url":"https:\/\/teasense.ch\/fr\/produit\/tasse-a-the-avec-couvercle-et-filtre-haku\/","url_meta":{"origin":49093,"position":5},"title":"Tasse \u00e0 th\u00e9 avec couvercle et filtre \u2013 Haku","author":"Reale Selection","date":"29. October 2024","format":false,"excerpt":"Tasse, filtre et couvercle (sans emballage cadeau) Capacit\u00e9 : 320 ml","rel":"","context":"Similar post","block_context":{"text":"Similar post","link":""},"img":{"alt_text":"Set Tasse Sieb Deckel Haku","src":"https:\/\/i0.wp.com\/teasense.ch\/wp-content\/uploads\/2024\/10\/porzellan-deckelbecher-haku-set.png?resize=350%2C200&ssl=1","width":350,"height":200,"srcset":"https:\/\/i0.wp.com\/teasense.ch\/wp-content\/uploads\/2024\/10\/porzellan-deckelbecher-haku-set.png?resize=350%2C200&ssl=1 1x, https:\/\/i0.wp.com\/teasense.ch\/wp-content\/uploads\/2024\/10\/porzellan-deckelbecher-haku-set.png?resize=525%2C300&ssl=1 1.5x, https:\/\/i0.wp.com\/teasense.ch\/wp-content\/uploads\/2024\/10\/porzellan-deckelbecher-haku-set.png?resize=700%2C400&ssl=1 2x"},"classes":[]}],"jetpack_sharing_enabled":true,"jetpack_likes_enabled":false,"_links":{"self":[{"href":"https:\/\/teasense.ch\/fr\/wp-json\/wp\/v2\/product\/49093","targetHints":{"allow":["GET"]}}],"collection":[{"href":"https:\/\/teasense.ch\/fr\/wp-json\/wp\/v2\/product"}],"about":[{"href":"https:\/\/teasense.ch\/fr\/wp-json\/wp\/v2\/types\/product"}],"replies":[{"embeddable":true,"href":"https:\/\/teasense.ch\/fr\/wp-json\/wp\/v2\/comments?post=49093"}],"wp:featuredmedia":[{"embeddable":true,"href":"https:\/\/teasense.ch\/fr\/wp-json\/wp\/v2\/media\/43553"}],"wp:attachment":[{"href":"https:\/\/teasense.ch\/fr\/wp-json\/wp\/v2\/media?parent=49093"}],"wp:term":[{"taxonomy":"product_brand","embeddable":true,"href":"https:\/\/teasense.ch\/fr\/wp-json\/wp\/v2\/product_brand?post=49093"},{"taxonomy":"product_cat","embeddable":true,"href":"https:\/\/teasense.ch\/fr\/wp-json\/wp\/v2\/product_cat?post=49093"},{"taxonomy":"product_tag","embeddable":true,"href":"https:\/\/teasense.ch\/fr\/wp-json\/wp\/v2\/product_tag?post=49093"}],"curies":[{"name":"wp","href":"https:\/\/api.w.org\/{rel}","templated":true}]}}