{"id":49135,"date":"2023-09-04T08:18:20","date_gmt":"2023-09-04T06:18:20","guid":{"rendered":"https:\/\/teasense.ch\/produkt\/boite-matcha\/"},"modified":"2026-05-01T16:28:34","modified_gmt":"2026-05-01T14:28:34","slug":"boite-matcha","status":"publish","type":"product","link":"https:\/\/teasense.ch\/fr\/produit\/boite-matcha\/","title":{"rendered":"Bo\u00eete matcha"},"content":{"rendered":"<h2>Bo\u00eete matcha pour une conservation optimale<\/h2>\n<p>Cette bo\u00eete ronde pour matcha permet de conserver la poudre dans de bonnes conditions. Le couvercle int\u00e9rieur aide \u00e0 limiter le contact avec l\u2019air et la lumi\u00e8re. \u00c0 conserver dans un endroit frais et sec.<\/p>\n<h3>Design pratique<\/h3>\n<p>La forme de la bo\u00eete facilite l\u2019utilisation au quotidien. Le couvercle int\u00e9rieur apporte une protection suppl\u00e9mentaire et aide \u00e0 pr\u00e9server la qualit\u00e9 du matcha.<\/p>\n<h3>Capacit\u00e9<\/h3>\n<p>La bo\u00eete peut contenir jusqu\u2019\u00e0 30 g de matcha. Nous recommandons de la remplir avec environ 25 g.<\/p>\n<h3>Taille et mat\u00e9riau<\/h3>\n<ul>\n<li><strong>Taille :<\/strong> \u00d8 60 x 45 mm<\/li>\n<li><strong>Mat\u00e9riau :<\/strong> m\u00e9tal de qualit\u00e9<\/li>\n<\/ul>\n<p>Le mat\u00e9riau robuste assure une bonne durabilit\u00e9.<\/p>\n<h3>Conseil de conservation<\/h3>\n<p>Remplir uniquement la quantit\u00e9 n\u00e9cessaire. Chaque ouverture laisse entrer de l\u2019air.<\/p>\n<p>Entretien :<br \/>\nNe pas remplir d\u2019eau ni laisser dans un environnement humide. Nettoyer avec un chiffon sec ou l\u00e9g\u00e8rement humide et s\u00e9cher imm\u00e9diatement.<\/p>\n<h4>Accessoires matcha<\/h4>\n<p>D\u00e9couvre aussi nos <a href=\"https:\/\/teasense.ch\/produit\/chasen-matcha-besen\/\">chasen<\/a> et <a href=\"https:\/\/teasense.ch\/fr\/produit\/cuillere-matcha-en-bambou-chashaku\/\">cuill\u00e8res matcha<\/a>.<\/p>\n","protected":false},"excerpt":{"rendered":"<p>Conservation du matcha<\/p>\n","protected":false},"featured_media":36575,"comment_status":"open","ping_status":"closed","template":"","meta":{"_et_pb_use_builder":"","_et_pb_old_content":"","_et_gb_content_width":""},"product_brand":[],"product_cat":[454,436,348],"product_tag":[],"class_list":{"0":"post-49135","1":"product","2":"type-product","3":"status-publish","4":"has-post-thumbnail","6":"product_cat-accessoires-the","7":"product_cat-matcha","8":"product_cat-tous-produits","9":"pa_herkunft-allemagne","11":"first","12":"instock","13":"shipping-taxable","14":"purchasable","15":"product-type-simple","16":"add-to-wishlist-before_image"},"yoast_head":"<!-- This site is optimized with the Yoast SEO plugin v27.5 - https:\/\/yoast.com\/product\/yoast-seo-wordpress\/ -->\n<title>Bo\u00eete matcha - TeaSense.ch - Tee Shop Schweiz<\/title>\n<meta name=\"description\" content=\"Bo\u00eete matcha avec double couvercle \u2013 prot\u00e8ge de la lumi\u00e8re et de l\u2019air, id\u00e9ale pour conserver le matcha.\" \/>\n<meta name=\"robots\" content=\"index, follow, max-snippet:-1, max-image-preview:large, max-video-preview:-1\" \/>\n<link rel=\"canonical\" href=\"https:\/\/teasense.ch\/fr\/produit\/boite-matcha\/\" \/>\n<meta property=\"og:locale\" content=\"fr_FR\" \/>\n<meta property=\"og:type\" content=\"article\" \/>\n<meta property=\"og:title\" content=\"Bo\u00eete matcha - TeaSense.ch - Tee Shop Schweiz\" \/>\n<meta property=\"og:description\" content=\"Bo\u00eete matcha avec double couvercle \u2013 prot\u00e8ge de la lumi\u00e8re et de l\u2019air, id\u00e9ale pour conserver le matcha.\" \/>\n<meta property=\"og:url\" content=\"https:\/\/teasense.ch\/fr\/produit\/boite-matcha\/\" \/>\n<meta property=\"og:site_name\" content=\"TeaSense.ch - Tee Shop Schweiz\" \/>\n<meta property=\"article:publisher\" content=\"https:\/\/www.facebook.com\/teasense.ch\" \/>\n<meta property=\"article:modified_time\" content=\"2026-05-01T14:28:34+00:00\" \/>\n<meta property=\"og:image\" content=\"https:\/\/teasense.ch\/wp-content\/uploads\/2025\/02\/hibiskus-tee-lose-und-aufgegossen-in-Tassen.png\" \/>\n\t<meta property=\"og:image:width\" content=\"800\" \/>\n\t<meta property=\"og:image:height\" content=\"800\" \/>\n\t<meta property=\"og:image:type\" content=\"image\/png\" \/>\n<meta name=\"twitter:card\" content=\"summary_large_image\" \/>\n<meta name=\"twitter:label1\" content=\"Est. reading time\" \/>\n\t<meta name=\"twitter:data1\" content=\"1 minute\" \/>\n<!-- \/ Yoast SEO plugin. -->","yoast_head_json":{"title":"Bo\u00eete matcha - TeaSense.ch - Tee Shop Schweiz","description":"Bo\u00eete matcha avec double couvercle \u2013 prot\u00e8ge de la lumi\u00e8re et de l\u2019air, id\u00e9ale pour conserver le matcha.","robots":{"index":"index","follow":"follow","max-snippet":"max-snippet:-1","max-image-preview":"max-image-preview:large","max-video-preview":"max-video-preview:-1"},"canonical":"https:\/\/teasense.ch\/fr\/produit\/boite-matcha\/","og_locale":"fr_FR","og_type":"article","og_title":"Bo\u00eete matcha - TeaSense.ch - Tee Shop Schweiz","og_description":"Bo\u00eete matcha avec double couvercle \u2013 prot\u00e8ge de la lumi\u00e8re et de l\u2019air, id\u00e9ale pour conserver le matcha.","og_url":"https:\/\/teasense.ch\/fr\/produit\/boite-matcha\/","og_site_name":"TeaSense.ch - Tee Shop Schweiz","article_publisher":"https:\/\/www.facebook.com\/teasense.ch","article_modified_time":"2026-05-01T14:28:34+00:00","og_image":[{"width":800,"height":800,"url":"https:\/\/teasense.ch\/wp-content\/uploads\/2025\/02\/hibiskus-tee-lose-und-aufgegossen-in-Tassen.png","type":"image\/png"}],"twitter_card":"summary_large_image","twitter_misc":{"Est. reading time":"1 minute"},"schema":{"@context":"https:\/\/schema.org","@graph":[{"@type":"WebPage","@id":"https:\/\/teasense.ch\/fr\/produit\/boite-matcha\/","url":"https:\/\/teasense.ch\/fr\/produit\/boite-matcha\/","name":"Bo\u00eete matcha - TeaSense.ch - Tee Shop Schweiz","isPartOf":{"@id":"https:\/\/teasense.ch\/fr\/#website"},"primaryImageOfPage":{"@id":"https:\/\/teasense.ch\/fr\/produit\/boite-matcha\/#primaryimage"},"image":{"@id":"https:\/\/teasense.ch\/fr\/produit\/boite-matcha\/#primaryimage"},"thumbnailUrl":"https:\/\/teasense.ch\/wp-content\/uploads\/2023\/09\/matchadose-plain.jpg","datePublished":"2023-09-04T06:18:20+00:00","dateModified":"2026-05-01T14:28:34+00:00","description":"Bo\u00eete matcha avec double couvercle \u2013 prot\u00e8ge de la lumi\u00e8re et de l\u2019air, id\u00e9ale pour conserver le matcha.","breadcrumb":{"@id":"https:\/\/teasense.ch\/fr\/produit\/boite-matcha\/#breadcrumb"},"inLanguage":"fr-CH","potentialAction":[{"@type":"ReadAction","target":["https:\/\/teasense.ch\/fr\/produit\/boite-matcha\/"]}]},{"@type":"ImageObject","inLanguage":"fr-CH","@id":"https:\/\/teasense.ch\/fr\/produit\/boite-matcha\/#primaryimage","url":"https:\/\/teasense.ch\/wp-content\/uploads\/2023\/09\/matchadose-plain.jpg","contentUrl":"https:\/\/teasense.ch\/wp-content\/uploads\/2023\/09\/matchadose-plain.jpg","width":800,"height":800,"caption":"Matchadose mit Doppeldeckel"},{"@type":"BreadcrumbList","@id":"https:\/\/teasense.ch\/fr\/produit\/boite-matcha\/#breadcrumb","itemListElement":[{"@type":"ListItem","position":1,"name":"Startseite","item":"https:\/\/teasense.ch\/fr\/"},{"@type":"ListItem","position":2,"name":"Boutique de th\u00e9 en ligne","item":"https:\/\/teasense.ch\/fr\/shop\/"},{"@type":"ListItem","position":3,"name":"Bo\u00eete matcha"}]},{"@type":"WebSite","@id":"https:\/\/teasense.ch\/fr\/#website","url":"https:\/\/teasense.ch\/fr\/","name":"TeaSense.ch","description":"Nat\u00fcrliche Teemischungen und klassischer Tee","publisher":{"@id":"https:\/\/teasense.ch\/fr\/#organization"},"alternateName":"TeaSense","potentialAction":[{"@type":"SearchAction","target":{"@type":"EntryPoint","urlTemplate":"https:\/\/teasense.ch\/fr\/?s={search_term_string}"},"query-input":{"@type":"PropertyValueSpecification","valueRequired":true,"valueName":"search_term_string"}}],"inLanguage":"fr-CH"},{"@type":"Organization","@id":"https:\/\/teasense.ch\/fr\/#organization","name":"Reale Selection","alternateName":"TeaSense.ch","url":"https:\/\/teasense.ch\/fr\/","logo":{"@type":"ImageObject","inLanguage":"fr-CH","@id":"https:\/\/teasense.ch\/fr\/#\/schema\/logo\/image\/","url":"https:\/\/teasense.ch\/wp-content\/uploads\/2023\/07\/cropped-logo-teasense-kategorie-onlineshop-alle-produkte.jpg","contentUrl":"https:\/\/teasense.ch\/wp-content\/uploads\/2023\/07\/cropped-logo-teasense-kategorie-onlineshop-alle-produkte.jpg","width":512,"height":512,"caption":"Reale Selection"},"image":{"@id":"https:\/\/teasense.ch\/fr\/#\/schema\/logo\/image\/"},"sameAs":["https:\/\/www.facebook.com\/teasense.ch"]}]}},"jetpack-related-posts":[{"id":48507,"url":"https:\/\/teasense.ch\/fr\/produit\/bol-matcha-bec-verseur\/","url_meta":{"origin":49135,"position":0},"title":"Bol matcha avec bec verseur","author":"Reale Selection","date":"11. November 2025","format":false,"excerpt":"Bol matcha en porcelaine avec bec verseur, 350 ml","rel":"","context":"Similar post","block_context":{"text":"Similar post","link":""},"img":{"alt_text":"Matcha-Schale aus Porzellan mit Ausguss weiss","src":"https:\/\/i0.wp.com\/teasense.ch\/wp-content\/uploads\/2025\/11\/matcha-schale-aus-porzellan-mit-ausguss.png?resize=350%2C200&ssl=1","width":350,"height":200,"srcset":"https:\/\/i0.wp.com\/teasense.ch\/wp-content\/uploads\/2025\/11\/matcha-schale-aus-porzellan-mit-ausguss.png?resize=350%2C200&ssl=1 1x, https:\/\/i0.wp.com\/teasense.ch\/wp-content\/uploads\/2025\/11\/matcha-schale-aus-porzellan-mit-ausguss.png?resize=525%2C300&ssl=1 1.5x, https:\/\/i0.wp.com\/teasense.ch\/wp-content\/uploads\/2025\/11\/matcha-schale-aus-porzellan-mit-ausguss.png?resize=700%2C400&ssl=1 2x"},"classes":[]},{"id":49096,"url":"https:\/\/teasense.ch\/fr\/produit\/boite-a-the-yule\/","url_meta":{"origin":49135,"position":1},"title":"Bo\u00eete \u00e0 th\u00e9 Yule","author":"Reale Selection","date":"31. October 2024","format":false,"excerpt":"Bo\u00eete \u00e0 th\u00e9 sans contenu","rel":"","context":"Similar post","block_context":{"text":"Similar post","link":""},"img":{"alt_text":"Steckdeckeldose Yule offen","src":"https:\/\/i0.wp.com\/teasense.ch\/wp-content\/uploads\/2024\/10\/steckdeckeldose-yule.png?resize=350%2C200&ssl=1","width":350,"height":200,"srcset":"https:\/\/i0.wp.com\/teasense.ch\/wp-content\/uploads\/2024\/10\/steckdeckeldose-yule.png?resize=350%2C200&ssl=1 1x, https:\/\/i0.wp.com\/teasense.ch\/wp-content\/uploads\/2024\/10\/steckdeckeldose-yule.png?resize=525%2C300&ssl=1 1.5x, https:\/\/i0.wp.com\/teasense.ch\/wp-content\/uploads\/2024\/10\/steckdeckeldose-yule.png?resize=700%2C400&ssl=1 2x"},"classes":[]},{"id":48491,"url":"https:\/\/teasense.ch\/fr\/produit\/porte-fouet-matcha-blanc\/","url_meta":{"origin":49135,"position":2},"title":"Porte-fouet Matcha blanc","author":"Reale Selection","date":"13. November 2025","format":false,"excerpt":"porte-fouet \u00e0 matcha en porcelaine Accessoires assortis pour notre Matcha Vivant.","rel":"","context":"Similar post","block_context":{"text":"Similar post","link":""},"img":{"alt_text":"Matcha Bambusbesenhalter Weiss aus Porzellan f\u00fcr Chasen Matchabesen","src":"https:\/\/i0.wp.com\/teasense.ch\/wp-content\/uploads\/2025\/11\/produktfoto-1.png?resize=350%2C200&ssl=1","width":350,"height":200,"srcset":"https:\/\/i0.wp.com\/teasense.ch\/wp-content\/uploads\/2025\/11\/produktfoto-1.png?resize=350%2C200&ssl=1 1x, https:\/\/i0.wp.com\/teasense.ch\/wp-content\/uploads\/2025\/11\/produktfoto-1.png?resize=525%2C300&ssl=1 1.5x, https:\/\/i0.wp.com\/teasense.ch\/wp-content\/uploads\/2025\/11\/produktfoto-1.png?resize=700%2C400&ssl=1 2x"},"classes":[]},{"id":49099,"url":"https:\/\/teasense.ch\/fr\/produit\/tasse-a-the-avec-couvercle-et-filtre-haku\/","url_meta":{"origin":49135,"position":3},"title":"Tasse \u00e0 th\u00e9 avec couvercle et filtre \u2013 Haku","author":"Reale Selection","date":"29. October 2024","format":false,"excerpt":"Tasse, filtre et couvercle (sans emballage cadeau) Capacit\u00e9 : 320 ml","rel":"","context":"Similar post","block_context":{"text":"Similar post","link":""},"img":{"alt_text":"Set Tasse Sieb Deckel Haku","src":"https:\/\/i0.wp.com\/teasense.ch\/wp-content\/uploads\/2024\/10\/porzellan-deckelbecher-haku-set.png?resize=350%2C200&ssl=1","width":350,"height":200,"srcset":"https:\/\/i0.wp.com\/teasense.ch\/wp-content\/uploads\/2024\/10\/porzellan-deckelbecher-haku-set.png?resize=350%2C200&ssl=1 1x, https:\/\/i0.wp.com\/teasense.ch\/wp-content\/uploads\/2024\/10\/porzellan-deckelbecher-haku-set.png?resize=525%2C300&ssl=1 1.5x, https:\/\/i0.wp.com\/teasense.ch\/wp-content\/uploads\/2024\/10\/porzellan-deckelbecher-haku-set.png?resize=700%2C400&ssl=1 2x"},"classes":[]},{"id":48559,"url":"https:\/\/teasense.ch\/fr\/produit\/tasse-mate-ceramique-vert-marbre\/","url_meta":{"origin":49135,"position":4},"title":"Tasse \u00e0 mat\u00e9 en c\u00e9ramique \u2013 vert marbr\u00e9","author":"Reale Selection","date":"10. November 2025","format":false,"excerpt":"Mat\u00e9riau: c\u00e9ramique Couleur: gla\u00e7ure verte marbr\u00e9e Contenance: 350 ml","rel":"","context":"Similar post","block_context":{"text":"Similar post","link":""},"img":{"alt_text":"Mate Becher aus Keramik mit Marmor Design Gr\u00fcn","src":"https:\/\/i0.wp.com\/teasense.ch\/wp-content\/uploads\/2025\/11\/mate-becher-keramik.png?resize=350%2C200&ssl=1","width":350,"height":200,"srcset":"https:\/\/i0.wp.com\/teasense.ch\/wp-content\/uploads\/2025\/11\/mate-becher-keramik.png?resize=350%2C200&ssl=1 1x, https:\/\/i0.wp.com\/teasense.ch\/wp-content\/uploads\/2025\/11\/mate-becher-keramik.png?resize=525%2C300&ssl=1 1.5x, https:\/\/i0.wp.com\/teasense.ch\/wp-content\/uploads\/2025\/11\/mate-becher-keramik.png?resize=700%2C400&ssl=1 2x"},"classes":[]},{"id":49102,"url":"https:\/\/teasense.ch\/fr\/produit\/tasse-a-the-avec-couvercle-et-filtre-birdy\/","url_meta":{"origin":49135,"position":5},"title":"Tasse \u00e0 th\u00e9 avec couvercle et filtre \u2013 Birdy","author":"Reale Selection","date":"28. October 2024","format":false,"excerpt":"Tasse, filtre et couvercle (sans emballage cadeau) Capacit\u00e9 : 325 ml","rel":"","context":"Similar post","block_context":{"text":"Similar post","link":""},"img":{"alt_text":"Porzellan Deckelbecher Birdy ganz","src":"https:\/\/i0.wp.com\/teasense.ch\/wp-content\/uploads\/2024\/10\/porzellan-deckelbecher-birdy-ganz.png?resize=350%2C200&ssl=1","width":350,"height":200,"srcset":"https:\/\/i0.wp.com\/teasense.ch\/wp-content\/uploads\/2024\/10\/porzellan-deckelbecher-birdy-ganz.png?resize=350%2C200&ssl=1 1x, https:\/\/i0.wp.com\/teasense.ch\/wp-content\/uploads\/2024\/10\/porzellan-deckelbecher-birdy-ganz.png?resize=525%2C300&ssl=1 1.5x, https:\/\/i0.wp.com\/teasense.ch\/wp-content\/uploads\/2024\/10\/porzellan-deckelbecher-birdy-ganz.png?resize=700%2C400&ssl=1 2x"},"classes":[]}],"jetpack_sharing_enabled":true,"jetpack_likes_enabled":false,"_links":{"self":[{"href":"https:\/\/teasense.ch\/fr\/wp-json\/wp\/v2\/product\/49135","targetHints":{"allow":["GET"]}}],"collection":[{"href":"https:\/\/teasense.ch\/fr\/wp-json\/wp\/v2\/product"}],"about":[{"href":"https:\/\/teasense.ch\/fr\/wp-json\/wp\/v2\/types\/product"}],"replies":[{"embeddable":true,"href":"https:\/\/teasense.ch\/fr\/wp-json\/wp\/v2\/comments?post=49135"}],"wp:featuredmedia":[{"embeddable":true,"href":"https:\/\/teasense.ch\/fr\/wp-json\/wp\/v2\/media\/36575"}],"wp:attachment":[{"href":"https:\/\/teasense.ch\/fr\/wp-json\/wp\/v2\/media?parent=49135"}],"wp:term":[{"taxonomy":"product_brand","embeddable":true,"href":"https:\/\/teasense.ch\/fr\/wp-json\/wp\/v2\/product_brand?post=49135"},{"taxonomy":"product_cat","embeddable":true,"href":"https:\/\/teasense.ch\/fr\/wp-json\/wp\/v2\/product_cat?post=49135"},{"taxonomy":"product_tag","embeddable":true,"href":"https:\/\/teasense.ch\/fr\/wp-json\/wp\/v2\/product_tag?post=49135"}],"curies":[{"name":"wp","href":"https:\/\/api.w.org\/{rel}","templated":true}]}}