{"id":49141,"date":"2023-06-29T15:35:32","date_gmt":"2023-06-29T13:35:32","guid":{"rendered":"https:\/\/teasense.ch\/produkt\/baton-de-sucre-candi-brun\/"},"modified":"2026-05-01T16:18:40","modified_gmt":"2026-05-01T14:18:40","slug":"baton-de-sucre-candi-brun","status":"publish","type":"product","link":"https:\/\/teasense.ch\/fr\/produit\/baton-de-sucre-candi-brun\/","title":{"rendered":"B\u00e2ton de sucre candi brun"},"content":{"rendered":"<h3>B\u00e2ton de sucre candi brun \u2013 2 en 1<\/h3>\n<p>D\u00e9couvre un accessoire pratique pour m\u00e9langer et sucrer ta boisson en m\u00eame temps. Les cristaux de sucre se dissolvent progressivement, ce qui te permet d\u2019ajuster la douceur selon tes pr\u00e9f\u00e9rences.<\/p>\n<p>Dans le th\u00e9 ou le caf\u00e9, ce b\u00e2ton apporte une touche sucr\u00e9e tout en servant de m\u00e9langeur. Une fois le go\u00fbt souhait\u00e9 atteint, il suffit de le retirer.<\/p>\n<p>Le sucre cristallis\u00e9 se dissout de mani\u00e8re homog\u00e8ne.<\/p>\n<h4>\u00c0 combiner avec diff\u00e9rents th\u00e9s<\/h4>\n<p>Ce b\u00e2ton se marie avec de nombreux th\u00e9s. D\u00e9couvre notre <a href=\"https:\/\/teasense.ch\/fr\/shop\/\">s\u00e9lection<\/a>.<\/p>\n<p><strong>Valeurs nutritionnelles pour 100 g<\/strong><br \/>\n\u00c9nergie 1700 kJ \/ 400 kcal<br \/>\n100 g de glucides (dont sucres)<\/p>\n","protected":false},"excerpt":{"rendered":"<h4>B\u00e2ton de sucre candi brun<\/h4>\n<p>Emball\u00e9 individuellement, env. 16 cm de long.<\/p>\n","protected":false},"featured_media":47315,"comment_status":"closed","ping_status":"closed","template":"","meta":{"_et_pb_use_builder":"","_et_pb_old_content":"","_et_gb_content_width":""},"product_brand":[],"product_cat":[454,348],"product_tag":[],"class_list":{"0":"post-49141","1":"product","2":"type-product","3":"status-publish","4":"has-post-thumbnail","6":"product_cat-accessoires-the","7":"product_cat-tous-produits","8":"pa_herkunft-allemagne","10":"first","11":"instock","12":"purchasable","13":"product-type-simple","14":"add-to-wishlist-before_image"},"yoast_head":"<!-- This site is optimized with the Yoast SEO plugin v27.5 - https:\/\/yoast.com\/product\/yoast-seo-wordpress\/ -->\n<title>B\u00e2ton de sucre candi brun - TeaSense.ch - Tee Shop Schweiz<\/title>\n<meta name=\"description\" content=\"B\u00e2ton de sucre candi brun \u2013 pratique pour m\u00e9langer et sucrer boissons chaudes.\" \/>\n<meta name=\"robots\" content=\"index, follow, max-snippet:-1, max-image-preview:large, max-video-preview:-1\" \/>\n<link rel=\"canonical\" href=\"https:\/\/teasense.ch\/fr\/produit\/baton-de-sucre-candi-brun\/\" \/>\n<meta property=\"og:locale\" content=\"fr_FR\" \/>\n<meta property=\"og:type\" content=\"article\" \/>\n<meta property=\"og:title\" content=\"B\u00e2ton de sucre candi brun - TeaSense.ch - Tee Shop Schweiz\" \/>\n<meta property=\"og:description\" content=\"B\u00e2ton de sucre candi brun \u2013 pratique pour m\u00e9langer et sucrer boissons chaudes.\" \/>\n<meta property=\"og:url\" content=\"https:\/\/teasense.ch\/fr\/produit\/baton-de-sucre-candi-brun\/\" \/>\n<meta property=\"og:site_name\" content=\"TeaSense.ch - Tee Shop Schweiz\" \/>\n<meta property=\"article:publisher\" content=\"https:\/\/www.facebook.com\/teasense.ch\" \/>\n<meta property=\"article:modified_time\" content=\"2026-05-01T14:18:40+00:00\" \/>\n<meta property=\"og:image\" content=\"https:\/\/teasense.ch\/wp-content\/uploads\/2025\/02\/hibiskus-tee-lose-und-aufgegossen-in-Tassen.png\" \/>\n\t<meta property=\"og:image:width\" content=\"800\" \/>\n\t<meta property=\"og:image:height\" content=\"800\" \/>\n\t<meta property=\"og:image:type\" content=\"image\/png\" \/>\n<meta name=\"twitter:card\" content=\"summary_large_image\" \/>\n<meta name=\"twitter:label1\" content=\"Est. reading time\" \/>\n\t<meta name=\"twitter:data1\" content=\"1 minute\" \/>\n<!-- \/ Yoast SEO plugin. -->","yoast_head_json":{"title":"B\u00e2ton de sucre candi brun - TeaSense.ch - Tee Shop Schweiz","description":"B\u00e2ton de sucre candi brun \u2013 pratique pour m\u00e9langer et sucrer boissons chaudes.","robots":{"index":"index","follow":"follow","max-snippet":"max-snippet:-1","max-image-preview":"max-image-preview:large","max-video-preview":"max-video-preview:-1"},"canonical":"https:\/\/teasense.ch\/fr\/produit\/baton-de-sucre-candi-brun\/","og_locale":"fr_FR","og_type":"article","og_title":"B\u00e2ton de sucre candi brun - TeaSense.ch - Tee Shop Schweiz","og_description":"B\u00e2ton de sucre candi brun \u2013 pratique pour m\u00e9langer et sucrer boissons chaudes.","og_url":"https:\/\/teasense.ch\/fr\/produit\/baton-de-sucre-candi-brun\/","og_site_name":"TeaSense.ch - Tee Shop Schweiz","article_publisher":"https:\/\/www.facebook.com\/teasense.ch","article_modified_time":"2026-05-01T14:18:40+00:00","og_image":[{"width":800,"height":800,"url":"https:\/\/teasense.ch\/wp-content\/uploads\/2025\/02\/hibiskus-tee-lose-und-aufgegossen-in-Tassen.png","type":"image\/png"}],"twitter_card":"summary_large_image","twitter_misc":{"Est. reading time":"1 minute"},"schema":{"@context":"https:\/\/schema.org","@graph":[{"@type":"WebPage","@id":"https:\/\/teasense.ch\/fr\/produit\/baton-de-sucre-candi-brun\/","url":"https:\/\/teasense.ch\/fr\/produit\/baton-de-sucre-candi-brun\/","name":"B\u00e2ton de sucre candi brun - TeaSense.ch - Tee Shop Schweiz","isPartOf":{"@id":"https:\/\/teasense.ch\/fr\/#website"},"primaryImageOfPage":{"@id":"https:\/\/teasense.ch\/fr\/produit\/baton-de-sucre-candi-brun\/#primaryimage"},"image":{"@id":"https:\/\/teasense.ch\/fr\/produit\/baton-de-sucre-candi-brun\/#primaryimage"},"thumbnailUrl":"https:\/\/teasense.ch\/wp-content\/uploads\/2023\/06\/kandiszucker-stick-braun.png","datePublished":"2023-06-29T13:35:32+00:00","dateModified":"2026-05-01T14:18:40+00:00","description":"B\u00e2ton de sucre candi brun \u2013 pratique pour m\u00e9langer et sucrer boissons chaudes.","breadcrumb":{"@id":"https:\/\/teasense.ch\/fr\/produit\/baton-de-sucre-candi-brun\/#breadcrumb"},"inLanguage":"fr-CH","potentialAction":[{"@type":"ReadAction","target":["https:\/\/teasense.ch\/fr\/produit\/baton-de-sucre-candi-brun\/"]}]},{"@type":"ImageObject","inLanguage":"fr-CH","@id":"https:\/\/teasense.ch\/fr\/produit\/baton-de-sucre-candi-brun\/#primaryimage","url":"https:\/\/teasense.ch\/wp-content\/uploads\/2023\/06\/kandiszucker-stick-braun.png","contentUrl":"https:\/\/teasense.ch\/wp-content\/uploads\/2023\/06\/kandiszucker-stick-braun.png","width":800,"height":800,"caption":"Kandis Stick einzeln verpackt, braun"},{"@type":"BreadcrumbList","@id":"https:\/\/teasense.ch\/fr\/produit\/baton-de-sucre-candi-brun\/#breadcrumb","itemListElement":[{"@type":"ListItem","position":1,"name":"Startseite","item":"https:\/\/teasense.ch\/fr\/startseite\/"},{"@type":"ListItem","position":2,"name":"Boutique de th\u00e9 en ligne","item":"https:\/\/teasense.ch\/fr\/shop\/"},{"@type":"ListItem","position":3,"name":"B\u00e2ton de sucre candi brun"}]},{"@type":"WebSite","@id":"https:\/\/teasense.ch\/fr\/#website","url":"https:\/\/teasense.ch\/fr\/","name":"TeaSense.ch","description":"Nat\u00fcrliche Teemischungen und klassischer Tee","publisher":{"@id":"https:\/\/teasense.ch\/fr\/#organization"},"alternateName":"TeaSense","potentialAction":[{"@type":"SearchAction","target":{"@type":"EntryPoint","urlTemplate":"https:\/\/teasense.ch\/fr\/?s={search_term_string}"},"query-input":{"@type":"PropertyValueSpecification","valueRequired":true,"valueName":"search_term_string"}}],"inLanguage":"fr-CH"},{"@type":"Organization","@id":"https:\/\/teasense.ch\/fr\/#organization","name":"Reale Selection","alternateName":"TeaSense.ch","url":"https:\/\/teasense.ch\/fr\/","logo":{"@type":"ImageObject","inLanguage":"fr-CH","@id":"https:\/\/teasense.ch\/fr\/#\/schema\/logo\/image\/","url":"https:\/\/teasense.ch\/wp-content\/uploads\/2023\/07\/cropped-logo-teasense-kategorie-onlineshop-alle-produkte.jpg","contentUrl":"https:\/\/teasense.ch\/wp-content\/uploads\/2023\/07\/cropped-logo-teasense-kategorie-onlineshop-alle-produkte.jpg","width":512,"height":512,"caption":"Reale Selection"},"image":{"@id":"https:\/\/teasense.ch\/fr\/#\/schema\/logo\/image\/"},"sameAs":["https:\/\/www.facebook.com\/teasense.ch"]}]}},"jetpack-related-posts":[{"id":49213,"url":"https:\/\/teasense.ch\/fr\/produit\/sucre-candi-brun\/","url_meta":{"origin":49141,"position":0},"title":"Sucre candi brun","author":"Reale Selection","date":"27. February 2025","format":false,"excerpt":"Utilisation dans le th\u00e9 \ud83e\udd44 Ajouter 1 c. \u00e0 caf\u00e9 \u23f3 Laisser fondre \ud83c\udf00 M\u00e9langer","rel":"","context":"Similar post","block_context":{"text":"Similar post","link":""},"img":{"alt_text":"Brauner Kandis gebrochen \u2013 Aromatischer Kandiszucker mit feiner Karamellnote","src":"https:\/\/i0.wp.com\/teasense.ch\/wp-content\/uploads\/2025\/02\/Kandis-Braun.png?resize=350%2C200&ssl=1","width":350,"height":200,"srcset":"https:\/\/i0.wp.com\/teasense.ch\/wp-content\/uploads\/2025\/02\/Kandis-Braun.png?resize=350%2C200&ssl=1 1x, https:\/\/i0.wp.com\/teasense.ch\/wp-content\/uploads\/2025\/02\/Kandis-Braun.png?resize=525%2C300&ssl=1 1.5x, https:\/\/i0.wp.com\/teasense.ch\/wp-content\/uploads\/2025\/02\/Kandis-Braun.png?resize=700%2C400&ssl=1 2x"},"classes":[]},{"id":49090,"url":"https:\/\/teasense.ch\/fr\/produit\/baton-de-sucre-candi-avec-safran\/","url_meta":{"origin":49141,"position":1},"title":"B\u00e2ton de sucre candi avec safran","author":"Reale Selection","date":"19. December 2024","format":false,"excerpt":"Emball\u00e9 dans un sachet en cellophane. Pour des quantit\u00e9s plus importantes, merci d\u2019indiquer si l\u2019emballage doit \u00eatre individuel ou group\u00e9. Important : La forme et le nombre de fils de safran peuvent varier.","rel":"","context":"Similar post","block_context":{"text":"Similar post","link":""},"img":{"alt_text":"Kandis Stick mit Safran Faeden","src":"https:\/\/i0.wp.com\/teasense.ch\/wp-content\/uploads\/2024\/12\/Kandis-Stick-mit-Safran-Faeden.png?resize=350%2C200&ssl=1","width":350,"height":200,"srcset":"https:\/\/i0.wp.com\/teasense.ch\/wp-content\/uploads\/2024\/12\/Kandis-Stick-mit-Safran-Faeden.png?resize=350%2C200&ssl=1 1x, https:\/\/i0.wp.com\/teasense.ch\/wp-content\/uploads\/2024\/12\/Kandis-Stick-mit-Safran-Faeden.png?resize=525%2C300&ssl=1 1.5x, https:\/\/i0.wp.com\/teasense.ch\/wp-content\/uploads\/2024\/12\/Kandis-Stick-mit-Safran-Faeden.png?resize=700%2C400&ssl=1 2x"},"classes":[]},{"id":48788,"url":"https:\/\/teasense.ch\/fr\/produit\/chai-cacao\/","url_meta":{"origin":49141,"position":2},"title":"Chai au cacao","author":"Reale Selection","date":"30. September 2025","format":false,"excerpt":"Pr\u00e9paration chai au cacao \ud83e\udd44 12\u201315 g\/l \ud83c\udf21\ufe0f 100 \u00b0C \u23f3 7\u201310 minutes","rel":"","context":"Similar post","block_context":{"text":"Similar post","link":""},"img":{"alt_text":"Kakao Chai Gew\u00fcrz und Kr\u00e4uter Tee mit Kakao Geschmack","src":"https:\/\/i0.wp.com\/teasense.ch\/wp-content\/uploads\/2025\/09\/kakau1.png?resize=350%2C200&ssl=1","width":350,"height":200,"srcset":"https:\/\/i0.wp.com\/teasense.ch\/wp-content\/uploads\/2025\/09\/kakau1.png?resize=350%2C200&ssl=1 1x, https:\/\/i0.wp.com\/teasense.ch\/wp-content\/uploads\/2025\/09\/kakau1.png?resize=525%2C300&ssl=1 1.5x, https:\/\/i0.wp.com\/teasense.ch\/wp-content\/uploads\/2025\/09\/kakau1.png?resize=700%2C400&ssl=1 2x"},"classes":[]},{"id":49167,"url":"https:\/\/teasense.ch\/fr\/produit\/rooibos-chai\/","url_meta":{"origin":49141,"position":3},"title":"Rooibos chai","author":"Reale Selection","date":"12. May 2025","format":false,"excerpt":"Pr\u00e9paration rooibos chai \ud83e\udd44 1 cuill\u00e8re \u00e0 caf\u00e9 pour 200 ml (14 g\/litre) \ud83c\udf21\ufe0f 100 \u00b0C \u23f3 5 minutes","rel":"","context":"Similar post","block_context":{"text":"Similar post","link":""},"img":{"alt_text":"Rooibusch Chai ohne Aroma Teemischung ohne Beutel","src":"https:\/\/i0.wp.com\/teasense.ch\/wp-content\/uploads\/2025\/05\/Rooibusch-Chai-ohne-Aroma.png?resize=350%2C200&ssl=1","width":350,"height":200,"srcset":"https:\/\/i0.wp.com\/teasense.ch\/wp-content\/uploads\/2025\/05\/Rooibusch-Chai-ohne-Aroma.png?resize=350%2C200&ssl=1 1x, https:\/\/i0.wp.com\/teasense.ch\/wp-content\/uploads\/2025\/05\/Rooibusch-Chai-ohne-Aroma.png?resize=525%2C300&ssl=1 1.5x, https:\/\/i0.wp.com\/teasense.ch\/wp-content\/uploads\/2025\/05\/Rooibusch-Chai-ohne-Aroma.png?resize=700%2C400&ssl=1 2x"},"classes":[]},{"id":48797,"url":"https:\/\/teasense.ch\/fr\/produit\/douceurs-automne-infusion-fruits\/","url_meta":{"origin":49141,"position":4},"title":"Douceurs d\u2019automne \u2013 Infusion de fruits","author":"Reale Selection","date":"30. September 2025","format":false,"excerpt":"Pr\u00e9paration infusion Douceurs d\u2019automne \ud83e\udd44 12\u201315 g\/l \ud83c\udf21\ufe0f 100 \u00b0C \u23f3 7\u201310 minutes","rel":"","context":"Similar post","block_context":{"text":"Similar post","link":""},"img":{"alt_text":"Herbstgef\u00fchle - Fr\u00fcchtetee, loser Fr\u00fcchtetee mit Kr\u00e4utern","src":"https:\/\/i0.wp.com\/teasense.ch\/wp-content\/uploads\/2025\/09\/herbst1.png?resize=350%2C200&ssl=1","width":350,"height":200,"srcset":"https:\/\/i0.wp.com\/teasense.ch\/wp-content\/uploads\/2025\/09\/herbst1.png?resize=350%2C200&ssl=1 1x, https:\/\/i0.wp.com\/teasense.ch\/wp-content\/uploads\/2025\/09\/herbst1.png?resize=525%2C300&ssl=1 1.5x, https:\/\/i0.wp.com\/teasense.ch\/wp-content\/uploads\/2025\/09\/herbst1.png?resize=700%2C400&ssl=1 2x"},"classes":[]},{"id":48631,"url":"https:\/\/teasense.ch\/fr\/produit\/tisane-feuilles-framboisier\/","url_meta":{"origin":49141,"position":5},"title":"Tisane de feuilles de framboisier","author":"Reale Selection","date":"13. October 2025","format":false,"excerpt":"Pr\u00e9paration feuilles de framboisier \ud83e\udd44 1-2 cuill\u00e8res \u00e0 caf\u00e9 pour 200 ml\ud83c\udf21\ufe0f 95 \u00b0C\u23f3 5-7 minutes","rel":"","context":"Similar post","block_context":{"text":"Similar post","link":""},"img":{"alt_text":"Himbeerbl\u00e4tter Tee \u2013 mild, aromatisch und wohlschmeckend","src":"https:\/\/i0.wp.com\/teasense.ch\/wp-content\/uploads\/2025\/10\/himbeerblaetter.png?resize=350%2C200&ssl=1","width":350,"height":200,"srcset":"https:\/\/i0.wp.com\/teasense.ch\/wp-content\/uploads\/2025\/10\/himbeerblaetter.png?resize=350%2C200&ssl=1 1x, https:\/\/i0.wp.com\/teasense.ch\/wp-content\/uploads\/2025\/10\/himbeerblaetter.png?resize=525%2C300&ssl=1 1.5x, https:\/\/i0.wp.com\/teasense.ch\/wp-content\/uploads\/2025\/10\/himbeerblaetter.png?resize=700%2C400&ssl=1 2x"},"classes":[]}],"jetpack_sharing_enabled":true,"jetpack_likes_enabled":false,"_links":{"self":[{"href":"https:\/\/teasense.ch\/fr\/wp-json\/wp\/v2\/product\/49141","targetHints":{"allow":["GET"]}}],"collection":[{"href":"https:\/\/teasense.ch\/fr\/wp-json\/wp\/v2\/product"}],"about":[{"href":"https:\/\/teasense.ch\/fr\/wp-json\/wp\/v2\/types\/product"}],"replies":[{"embeddable":true,"href":"https:\/\/teasense.ch\/fr\/wp-json\/wp\/v2\/comments?post=49141"}],"wp:featuredmedia":[{"embeddable":true,"href":"https:\/\/teasense.ch\/fr\/wp-json\/wp\/v2\/media\/47315"}],"wp:attachment":[{"href":"https:\/\/teasense.ch\/fr\/wp-json\/wp\/v2\/media?parent=49141"}],"wp:term":[{"taxonomy":"product_brand","embeddable":true,"href":"https:\/\/teasense.ch\/fr\/wp-json\/wp\/v2\/product_brand?post=49141"},{"taxonomy":"product_cat","embeddable":true,"href":"https:\/\/teasense.ch\/fr\/wp-json\/wp\/v2\/product_cat?post=49141"},{"taxonomy":"product_tag","embeddable":true,"href":"https:\/\/teasense.ch\/fr\/wp-json\/wp\/v2\/product_tag?post=49141"}],"curies":[{"name":"wp","href":"https:\/\/api.w.org\/{rel}","templated":true}]}}