{"id":49237,"date":"2023-08-01T18:34:00","date_gmt":"2023-08-01T16:34:00","guid":{"rendered":"https:\/\/teasense.ch\/produkt\/cardamome-entiere\/"},"modified":"2023-08-01T18:34:00","modified_gmt":"2023-08-01T16:34:00","slug":"cardamome-entiere","status":"publish","type":"product","link":"https:\/\/teasense.ch\/fr\/produit\/cardamome-entiere\/","title":{"rendered":"Cardamome enti\u00e8re"},"content":{"rendered":"<h3>Cardamome enti\u00e8re \u2013 \u00e9pice polyvalente pour cuisine et infusion<\/h3>\n<p>La cardamome est une \u00e9pice tr\u00e8s utilis\u00e9e dans de nombreuses cuisines. Elle convient aussi bien aux plats sucr\u00e9s qu\u2019aux recettes sal\u00e9es et aux m\u00e9langes d\u2019\u00e9pices. Elle est \u00e9galement utilis\u00e9e pour aromatiser des boissons comme le caf\u00e9, le lait chaud ou le chai.<\/p>\n<p>Pour lib\u00e9rer tout son ar\u00f4me, il est conseill\u00e9 d\u2019\u00e9craser l\u00e9g\u00e8rement les capsules avant utilisation.<\/p>\n<h3>Ar\u00f4me et go\u00fbt<\/h3>\n<p>La cardamome poss\u00e8de un parfum intense, chaud et l\u00e9g\u00e8rement fruit\u00e9, avec une note \u00e9pic\u00e9e. Les capsules peuvent \u00eatre utilis\u00e9es enti\u00e8res, moulues ou uniquement les graines.<\/p>\n<h3>Utilisation traditionnelle<\/h3>\n<p>La cardamome est largement utilis\u00e9e dans les m\u00e9langes d\u2019\u00e9pices et les boissons chaudes, notamment dans le chai.<\/p>\n<h3>Utilisation saisonni\u00e8re<\/h3>\n<p>Elle est souvent utilis\u00e9e dans les recettes hivernales, p\u00e2tisseries et boissons \u00e9pic\u00e9es.<\/p>\n<h3>Pr\u00e9paration en infusion<\/h3>\n<p>Utilise de l\u2019eau chaude \u00e0 env. 90\u201395 \u00b0C. \u00c9crase l\u00e9g\u00e8rement les capsules et laisse infuser quelques minutes.<\/p>\n","protected":false},"excerpt":{"rendered":"<p>Cardamome enti\u00e8re \u2013 \u00e9pice polyvalente pour cuisine et infusion La cardamome est une \u00e9pice tr\u00e8s utilis\u00e9e dans de nombreuses cuisines. Elle convient aussi bien aux plats sucr\u00e9s qu\u2019aux recettes sal\u00e9es et aux m\u00e9langes d\u2019\u00e9pices. Elle est \u00e9galement utilis\u00e9e pour aromatiser des boissons comme le caf\u00e9, le lait chaud ou le chai. Pour lib\u00e9rer tout son [&hellip;]<\/p>\n","protected":false},"featured_media":34594,"comment_status":"open","ping_status":"closed","template":"","meta":{"_et_pb_use_builder":"","_et_pb_old_content":"","_et_gb_content_width":""},"product_brand":[],"product_cat":[394,397,375,348],"product_tag":[],"class_list":{"0":"post-49237","1":"product","2":"type-product","3":"status-publish","4":"has-post-thumbnail","6":"product_cat-fruits-epices","7":"product_cat-the-ayurvedique","8":"product_cat-the-en-vrac","9":"product_cat-tous-produits","10":"pa_herkunft-pologne","11":"pa_weight-30-g","13":"first","14":"instock","15":"shipping-taxable","16":"purchasable","17":"product-type-variable","18":"has-default-attributes","19":"add-to-wishlist-before_image"},"yoast_head":"<!-- This site is optimized with the Yoast SEO plugin v27.5 - https:\/\/yoast.com\/product\/yoast-seo-wordpress\/ -->\n<title>Cardamome enti\u00e8re - TeaSense.ch - Tee Shop Schweiz<\/title>\n<meta name=\"description\" content=\"Cardamome enti\u00e8re avec un ar\u00f4me intense, l\u00e9g\u00e8rement frais et \u00e9pic\u00e9. \u00c0 \u00e9craser l\u00e9g\u00e8rement avant utilisation.\" \/>\n<meta name=\"robots\" content=\"index, follow, max-snippet:-1, max-image-preview:large, max-video-preview:-1\" \/>\n<link rel=\"canonical\" href=\"https:\/\/teasense.ch\/fr\/produit\/cardamome-entiere\/\" \/>\n<meta property=\"og:locale\" content=\"fr_FR\" \/>\n<meta property=\"og:type\" content=\"article\" \/>\n<meta property=\"og:title\" content=\"Cardamome enti\u00e8re - TeaSense.ch - Tee Shop Schweiz\" \/>\n<meta property=\"og:description\" content=\"Cardamome enti\u00e8re avec un ar\u00f4me intense, l\u00e9g\u00e8rement frais et \u00e9pic\u00e9. \u00c0 \u00e9craser l\u00e9g\u00e8rement avant utilisation.\" \/>\n<meta property=\"og:url\" content=\"https:\/\/teasense.ch\/fr\/produit\/cardamome-entiere\/\" \/>\n<meta property=\"og:site_name\" content=\"TeaSense.ch - Tee Shop Schweiz\" \/>\n<meta property=\"article:publisher\" content=\"https:\/\/www.facebook.com\/teasense.ch\" \/>\n<meta property=\"og:image\" content=\"https:\/\/teasense.ch\/wp-content\/uploads\/2025\/02\/hibiskus-tee-lose-und-aufgegossen-in-Tassen.png\" \/>\n\t<meta property=\"og:image:width\" content=\"800\" \/>\n\t<meta property=\"og:image:height\" content=\"800\" \/>\n\t<meta property=\"og:image:type\" content=\"image\/png\" \/>\n<meta name=\"twitter:card\" content=\"summary_large_image\" \/>\n<meta name=\"twitter:label1\" content=\"Est. reading time\" \/>\n\t<meta name=\"twitter:data1\" content=\"1 minute\" \/>\n<!-- \/ Yoast SEO plugin. -->","yoast_head_json":{"title":"Cardamome enti\u00e8re - TeaSense.ch - Tee Shop Schweiz","description":"Cardamome enti\u00e8re avec un ar\u00f4me intense, l\u00e9g\u00e8rement frais et \u00e9pic\u00e9. \u00c0 \u00e9craser l\u00e9g\u00e8rement avant utilisation.","robots":{"index":"index","follow":"follow","max-snippet":"max-snippet:-1","max-image-preview":"max-image-preview:large","max-video-preview":"max-video-preview:-1"},"canonical":"https:\/\/teasense.ch\/fr\/produit\/cardamome-entiere\/","og_locale":"fr_FR","og_type":"article","og_title":"Cardamome enti\u00e8re - TeaSense.ch - Tee Shop Schweiz","og_description":"Cardamome enti\u00e8re avec un ar\u00f4me intense, l\u00e9g\u00e8rement frais et \u00e9pic\u00e9. \u00c0 \u00e9craser l\u00e9g\u00e8rement avant utilisation.","og_url":"https:\/\/teasense.ch\/fr\/produit\/cardamome-entiere\/","og_site_name":"TeaSense.ch - Tee Shop Schweiz","article_publisher":"https:\/\/www.facebook.com\/teasense.ch","og_image":[{"width":800,"height":800,"url":"https:\/\/teasense.ch\/wp-content\/uploads\/2025\/02\/hibiskus-tee-lose-und-aufgegossen-in-Tassen.png","type":"image\/png"}],"twitter_card":"summary_large_image","twitter_misc":{"Est. reading time":"1 minute"},"schema":{"@context":"https:\/\/schema.org","@graph":[{"@type":"WebPage","@id":"https:\/\/teasense.ch\/fr\/produit\/cardamome-entiere\/","url":"https:\/\/teasense.ch\/fr\/produit\/cardamome-entiere\/","name":"Cardamome enti\u00e8re - TeaSense.ch - Tee Shop Schweiz","isPartOf":{"@id":"https:\/\/teasense.ch\/fr\/#website"},"primaryImageOfPage":{"@id":"https:\/\/teasense.ch\/fr\/produit\/cardamome-entiere\/#primaryimage"},"image":{"@id":"https:\/\/teasense.ch\/fr\/produit\/cardamome-entiere\/#primaryimage"},"thumbnailUrl":"https:\/\/teasense.ch\/wp-content\/uploads\/2023\/08\/kardamom-plain.jpg","datePublished":"2023-08-01T16:34:00+00:00","description":"Cardamome enti\u00e8re avec un ar\u00f4me intense, l\u00e9g\u00e8rement frais et \u00e9pic\u00e9. \u00c0 \u00e9craser l\u00e9g\u00e8rement avant utilisation.","breadcrumb":{"@id":"https:\/\/teasense.ch\/fr\/produit\/cardamome-entiere\/#breadcrumb"},"inLanguage":"fr-CH","potentialAction":[{"@type":"ReadAction","target":["https:\/\/teasense.ch\/fr\/produit\/cardamome-entiere\/"]}]},{"@type":"ImageObject","inLanguage":"fr-CH","@id":"https:\/\/teasense.ch\/fr\/produit\/cardamome-entiere\/#primaryimage","url":"https:\/\/teasense.ch\/wp-content\/uploads\/2023\/08\/kardamom-plain.jpg","contentUrl":"https:\/\/teasense.ch\/wp-content\/uploads\/2023\/08\/kardamom-plain.jpg","width":800,"height":800},{"@type":"BreadcrumbList","@id":"https:\/\/teasense.ch\/fr\/produit\/cardamome-entiere\/#breadcrumb","itemListElement":[{"@type":"ListItem","position":1,"name":"Startseite","item":"https:\/\/teasense.ch\/fr\/startseite\/"},{"@type":"ListItem","position":2,"name":"Boutique de th\u00e9 en ligne","item":"https:\/\/teasense.ch\/fr\/shop\/"},{"@type":"ListItem","position":3,"name":"Cardamome enti\u00e8re"}]},{"@type":"WebSite","@id":"https:\/\/teasense.ch\/fr\/#website","url":"https:\/\/teasense.ch\/fr\/","name":"TeaSense.ch","description":"Nat\u00fcrliche Teemischungen und klassischer Tee","publisher":{"@id":"https:\/\/teasense.ch\/fr\/#organization"},"alternateName":"TeaSense","potentialAction":[{"@type":"SearchAction","target":{"@type":"EntryPoint","urlTemplate":"https:\/\/teasense.ch\/fr\/?s={search_term_string}"},"query-input":{"@type":"PropertyValueSpecification","valueRequired":true,"valueName":"search_term_string"}}],"inLanguage":"fr-CH"},{"@type":"Organization","@id":"https:\/\/teasense.ch\/fr\/#organization","name":"Reale Selection","alternateName":"TeaSense.ch","url":"https:\/\/teasense.ch\/fr\/","logo":{"@type":"ImageObject","inLanguage":"fr-CH","@id":"https:\/\/teasense.ch\/fr\/#\/schema\/logo\/image\/","url":"https:\/\/teasense.ch\/wp-content\/uploads\/2023\/07\/cropped-logo-teasense-kategorie-onlineshop-alle-produkte.jpg","contentUrl":"https:\/\/teasense.ch\/wp-content\/uploads\/2023\/07\/cropped-logo-teasense-kategorie-onlineshop-alle-produkte.jpg","width":512,"height":512,"caption":"Reale Selection"},"image":{"@id":"https:\/\/teasense.ch\/fr\/#\/schema\/logo\/image\/"},"sameAs":["https:\/\/www.facebook.com\/teasense.ch"]}]}},"jetpack-related-posts":[{"id":48568,"url":"https:\/\/teasense.ch\/fr\/produit\/melange-epices-curcuma\/","url_meta":{"origin":49237,"position":0},"title":"M\u00e9lange d\u2019\u00e9pices au curcuma","author":"Reale Selection","date":"22. October 2025","format":false,"excerpt":"Curcuma avec citronnelle, citron, gingembre et coriandre Id\u00e9al en infusion, en cuisine ou pour une boisson au curcuma Couleur dor\u00e9e, 100 % d\u2019ingr\u00e9dients naturels \u2013 sans additifs","rel":"","context":"Similar post","block_context":{"text":"Similar post","link":""},"img":{"alt_text":"Kurkuma Gew\u00fcrz-Mix Zitronengras, Zitrone, Ingwer und Koriander","src":"https:\/\/i0.wp.com\/teasense.ch\/wp-content\/uploads\/2025\/09\/kurkuma-zitrone-1.png?resize=350%2C200&ssl=1","width":350,"height":200,"srcset":"https:\/\/i0.wp.com\/teasense.ch\/wp-content\/uploads\/2025\/09\/kurkuma-zitrone-1.png?resize=350%2C200&ssl=1 1x, https:\/\/i0.wp.com\/teasense.ch\/wp-content\/uploads\/2025\/09\/kurkuma-zitrone-1.png?resize=525%2C300&ssl=1 1.5x, https:\/\/i0.wp.com\/teasense.ch\/wp-content\/uploads\/2025\/09\/kurkuma-zitrone-1.png?resize=700%2C400&ssl=1 2x"},"classes":[]},{"id":49263,"url":"https:\/\/teasense.ch\/fr\/produit\/tisane-kapha-ayurvedique\/","url_meta":{"origin":49237,"position":1},"title":"Tisane Kapha ayurv\u00e9dique","author":"Reale Selection","date":"12. May 2025","format":false,"excerpt":"Pr\u00e9paration \u2013 tisane Kapha ayurv\u00e9dique \ud83e\udd44 2 g (env. 1 c. \u00e0 caf\u00e9) pour 200 ml \ud83c\udf21\ufe0f 100 \u00b0C \u23f3 7\u201310 minutes","rel":"","context":"Similar post","block_context":{"text":"Similar post","link":""},"img":{"alt_text":"Ayurveda Kapha Gew\u00fcrz- und Kr\u00e4utertee","src":"https:\/\/i0.wp.com\/teasense.ch\/wp-content\/uploads\/2025\/05\/Ayurveda-Kapha-Gewuerz-und-Kraeutertee.png?resize=350%2C200&ssl=1","width":350,"height":200,"srcset":"https:\/\/i0.wp.com\/teasense.ch\/wp-content\/uploads\/2025\/05\/Ayurveda-Kapha-Gewuerz-und-Kraeutertee.png?resize=350%2C200&ssl=1 1x, https:\/\/i0.wp.com\/teasense.ch\/wp-content\/uploads\/2025\/05\/Ayurveda-Kapha-Gewuerz-und-Kraeutertee.png?resize=525%2C300&ssl=1 1.5x, https:\/\/i0.wp.com\/teasense.ch\/wp-content\/uploads\/2025\/05\/Ayurveda-Kapha-Gewuerz-und-Kraeutertee.png?resize=700%2C400&ssl=1 2x"},"classes":[]},{"id":49248,"url":"https:\/\/teasense.ch\/fr\/produit\/rooibos-vert\/","url_meta":{"origin":49237,"position":2},"title":"Rooibos vert","author":"Reale Selection","date":"12. May 2025","format":false,"excerpt":"Pr\u00e9paration \u2013 rooibos vert \ud83e\udd44 1 c. \u00e0 caf\u00e9 pour 200 ml (20 g\/litre) \ud83c\udf21\ufe0f 90 \u00b0C \u23f3 5 minutes","rel":"","context":"Similar post","block_context":{"text":"Similar post","link":""},"img":{"alt_text":"Gr\u00fcner Rooibos Tee","src":"https:\/\/i0.wp.com\/teasense.ch\/wp-content\/uploads\/2025\/05\/Gruener-Rooibusch.png?resize=350%2C200&ssl=1","width":350,"height":200,"srcset":"https:\/\/i0.wp.com\/teasense.ch\/wp-content\/uploads\/2025\/05\/Gruener-Rooibusch.png?resize=350%2C200&ssl=1 1x, https:\/\/i0.wp.com\/teasense.ch\/wp-content\/uploads\/2025\/05\/Gruener-Rooibusch.png?resize=525%2C300&ssl=1 1.5x, https:\/\/i0.wp.com\/teasense.ch\/wp-content\/uploads\/2025\/05\/Gruener-Rooibusch.png?resize=700%2C400&ssl=1 2x"},"classes":[]},{"id":48465,"url":"https:\/\/teasense.ch\/fr\/produit\/cuillere-the-bois-7-cm\/","url_meta":{"origin":49237,"position":3},"title":"Cuill\u00e8re \u00e0 th\u00e9 en bois 7 cm","author":"Reale Selection","date":"16. November 2025","format":false,"excerpt":"Mat\u00e9riau: bois Longueur: 7 cm","rel":"","context":"Similar post","block_context":{"text":"Similar post","link":""},"img":{"alt_text":"Teeschaufel aus Holz 7 cm f\u00fcr Losen Tee oder Gew\u00fcrze","src":"https:\/\/i0.wp.com\/teasense.ch\/wp-content\/uploads\/2025\/11\/teeschaufel-aus-holz-7-cm.png?resize=350%2C200&ssl=1","width":350,"height":200,"srcset":"https:\/\/i0.wp.com\/teasense.ch\/wp-content\/uploads\/2025\/11\/teeschaufel-aus-holz-7-cm.png?resize=350%2C200&ssl=1 1x, https:\/\/i0.wp.com\/teasense.ch\/wp-content\/uploads\/2025\/11\/teeschaufel-aus-holz-7-cm.png?resize=525%2C300&ssl=1 1.5x, https:\/\/i0.wp.com\/teasense.ch\/wp-content\/uploads\/2025\/11\/teeschaufel-aus-holz-7-cm.png?resize=700%2C400&ssl=1 2x"},"classes":[]},{"id":48631,"url":"https:\/\/teasense.ch\/fr\/produit\/tisane-feuilles-framboisier\/","url_meta":{"origin":49237,"position":4},"title":"Tisane de feuilles de framboisier","author":"Reale Selection","date":"13. October 2025","format":false,"excerpt":"Pr\u00e9paration feuilles de framboisier \ud83e\udd44 1-2 cuill\u00e8res \u00e0 caf\u00e9 pour 200 ml\ud83c\udf21\ufe0f 95 \u00b0C\u23f3 5-7 minutes","rel":"","context":"Similar post","block_context":{"text":"Similar post","link":""},"img":{"alt_text":"Himbeerbl\u00e4tter Tee \u2013 mild, aromatisch und wohlschmeckend","src":"https:\/\/i0.wp.com\/teasense.ch\/wp-content\/uploads\/2025\/10\/himbeerblaetter.png?resize=350%2C200&ssl=1","width":350,"height":200,"srcset":"https:\/\/i0.wp.com\/teasense.ch\/wp-content\/uploads\/2025\/10\/himbeerblaetter.png?resize=350%2C200&ssl=1 1x, https:\/\/i0.wp.com\/teasense.ch\/wp-content\/uploads\/2025\/10\/himbeerblaetter.png?resize=525%2C300&ssl=1 1.5x, https:\/\/i0.wp.com\/teasense.ch\/wp-content\/uploads\/2025\/10\/himbeerblaetter.png?resize=700%2C400&ssl=1 2x"},"classes":[]},{"id":48613,"url":"https:\/\/teasense.ch\/fr\/produit\/the-noir-kenya-gfop-marinyn\/","url_meta":{"origin":49237,"position":5},"title":"Th\u00e9 noir Kenya GFOP Marinyn","author":"Reale Selection","date":"13. October 2025","format":false,"excerpt":"Pr\u00e9paration Kenya GFOP Marinyn \ud83e\udd44 1 cuill\u00e8re \u00e0 caf\u00e9 pour 200 ml\ud83c\udf21\ufe0f 100 \u00b0C\u23f3 3 minutes","rel":"","context":"Similar post","block_context":{"text":"Similar post","link":""},"img":{"alt_text":"Schwarztee aus Kenia loser Tee Kenya GFOP Marinyn","src":"https:\/\/i0.wp.com\/teasense.ch\/wp-content\/uploads\/2025\/10\/kenya-gfop-marinyn.png?resize=350%2C200&ssl=1","width":350,"height":200,"srcset":"https:\/\/i0.wp.com\/teasense.ch\/wp-content\/uploads\/2025\/10\/kenya-gfop-marinyn.png?resize=350%2C200&ssl=1 1x, https:\/\/i0.wp.com\/teasense.ch\/wp-content\/uploads\/2025\/10\/kenya-gfop-marinyn.png?resize=525%2C300&ssl=1 1.5x, https:\/\/i0.wp.com\/teasense.ch\/wp-content\/uploads\/2025\/10\/kenya-gfop-marinyn.png?resize=700%2C400&ssl=1 2x"},"classes":[]}],"jetpack_sharing_enabled":true,"jetpack_likes_enabled":false,"_links":{"self":[{"href":"https:\/\/teasense.ch\/fr\/wp-json\/wp\/v2\/product\/49237","targetHints":{"allow":["GET"]}}],"collection":[{"href":"https:\/\/teasense.ch\/fr\/wp-json\/wp\/v2\/product"}],"about":[{"href":"https:\/\/teasense.ch\/fr\/wp-json\/wp\/v2\/types\/product"}],"replies":[{"embeddable":true,"href":"https:\/\/teasense.ch\/fr\/wp-json\/wp\/v2\/comments?post=49237"}],"wp:featuredmedia":[{"embeddable":true,"href":"https:\/\/teasense.ch\/fr\/wp-json\/wp\/v2\/media\/34594"}],"wp:attachment":[{"href":"https:\/\/teasense.ch\/fr\/wp-json\/wp\/v2\/media?parent=49237"}],"wp:term":[{"taxonomy":"product_brand","embeddable":true,"href":"https:\/\/teasense.ch\/fr\/wp-json\/wp\/v2\/product_brand?post=49237"},{"taxonomy":"product_cat","embeddable":true,"href":"https:\/\/teasense.ch\/fr\/wp-json\/wp\/v2\/product_cat?post=49237"},{"taxonomy":"product_tag","embeddable":true,"href":"https:\/\/teasense.ch\/fr\/wp-json\/wp\/v2\/product_tag?post=49237"}],"curies":[{"name":"wp","href":"https:\/\/api.w.org\/{rel}","templated":true}]}}