{"id":49381,"date":"2025-05-10T14:24:38","date_gmt":"2025-05-10T12:24:38","guid":{"rendered":"https:\/\/teasense.ch\/produkt\/the-noir-reglisse\/"},"modified":"2026-05-02T18:16:15","modified_gmt":"2026-05-02T16:16:15","slug":"the-noir-reglisse","status":"publish","type":"product","link":"https:\/\/teasense.ch\/fr\/produit\/the-noir-reglisse\/","title":{"rendered":"Th\u00e9 noir r\u00e9glisse"},"content":{"rendered":"<h2>Th\u00e9 noir r\u00e9glisse \u2013 intense, \u00e9pic\u00e9 et original<\/h2>\n<p>Ce m\u00e9lange associe la profondeur du th\u00e9 noir \u00e0 la douceur naturelle et aux notes \u00e9pic\u00e9es de la r\u00e9glisse. Des th\u00e9s noirs provenant de Chine, d\u2019Inde (Assam) et du Sri Lanka (Ceylan) rencontrent la r\u00e9glisse, l\u2019anis et une herbe douce pour une exp\u00e9rience unique.<\/p>\n<p>Le r\u00e9sultat est un th\u00e9 cors\u00e9 et \u00e9pic\u00e9, id\u00e9al pour les amateurs de r\u00e9glisse et ceux qui recherchent de nouvelles saveurs.<\/p>\n<h3>Base de th\u00e9 noir et notes naturelles de r\u00e9glisse<\/h3>\n<p>La base est compos\u00e9e de th\u00e9s noirs issus de trois r\u00e9gions traditionnelles. Elle apporte structure et caract\u00e8re. La racine de r\u00e9glisse ajoute une douceur naturelle, tandis que l\u2019anis et l\u2019herbe douce compl\u00e8tent harmonieusement le profil.<\/p>\n<p>Sans ar\u00f4mes ajout\u00e9s, le go\u00fbt de r\u00e9glisse provient uniquement des ingr\u00e9dients naturels.<\/p>\n<h3>Pr\u00e9paration<\/h3>\n<p>Utiliser 1 cuill\u00e8re \u00e0 caf\u00e9 (env. 2 g) pour 200 ml. Verser de l\u2019eau \u00e0 90\u201395 \u00b0C et laisser infuser 3 \u00e0 5 minutes.<\/p>\n<h3>Ingr\u00e9dients<\/h3>\n<p>Th\u00e9 noir (Chine), racine de r\u00e9glisse, th\u00e9 noir Assam (Inde), anis, th\u00e9 noir Ceylan (Sri Lanka), herbe douce<\/p>\n","protected":false},"excerpt":{"rendered":"<h4>Pr\u00e9paration \u2013 Th\u00e9 noir r\u00e9glisse<\/h4>\n<p>\ud83e\udd44 2 g (1 c.\u00e0.c) pour 200 ml<br \/>\n\ud83c\udf21\ufe0f 90\u201395 \u00b0C<br \/>\n\u23f3 3\u20135 minutes<\/p>\n","protected":false},"featured_media":45479,"comment_status":"open","ping_status":"closed","template":"","meta":{"_et_pb_use_builder":"","_et_pb_old_content":"","_et_gb_content_width":""},"product_brand":[],"product_cat":[375,349,348],"product_tag":[],"class_list":{"0":"post-49381","1":"product","2":"type-product","3":"status-publish","4":"has-post-thumbnail","6":"product_cat-the-en-vrac","7":"product_cat-the-noir","8":"product_cat-tous-produits","9":"pa_herkunft-allemagne","10":"pa_weight-100-g","11":"pa_weight-200-g","12":"pa_weight-400-g","13":"pa_weight-50-g","15":"first","16":"instock","17":"shipping-taxable","18":"purchasable","19":"product-type-variable","20":"has-default-attributes","21":"add-to-wishlist-before_image"},"yoast_head":"<!-- This site is optimized with the Yoast SEO plugin v27.5 - https:\/\/yoast.com\/product\/yoast-seo-wordpress\/ -->\n<title>Th\u00e9 noir r\u00e9glisse - TeaSense.ch - Tee Shop Schweiz<\/title>\n<meta name=\"description\" content=\"Th\u00e9 noir r\u00e9glisse avec th\u00e9s de Chine, Assam et Ceylan, enrichi de racine de r\u00e9glisse et d\u2019anis. Cors\u00e9, \u00e9pic\u00e9 et naturellement doux.\" \/>\n<meta name=\"robots\" content=\"index, follow, max-snippet:-1, max-image-preview:large, max-video-preview:-1\" \/>\n<link rel=\"canonical\" href=\"https:\/\/teasense.ch\/fr\/produit\/the-noir-reglisse\/\" \/>\n<meta property=\"og:locale\" content=\"fr_FR\" \/>\n<meta property=\"og:type\" content=\"article\" \/>\n<meta property=\"og:title\" content=\"Th\u00e9 noir r\u00e9glisse - TeaSense.ch - Tee Shop Schweiz\" \/>\n<meta property=\"og:description\" content=\"Th\u00e9 noir r\u00e9glisse avec th\u00e9s de Chine, Assam et Ceylan, enrichi de racine de r\u00e9glisse et d\u2019anis. Cors\u00e9, \u00e9pic\u00e9 et naturellement doux.\" \/>\n<meta property=\"og:url\" content=\"https:\/\/teasense.ch\/fr\/produit\/the-noir-reglisse\/\" \/>\n<meta property=\"og:site_name\" content=\"TeaSense.ch - Tee Shop Schweiz\" \/>\n<meta property=\"article:publisher\" content=\"https:\/\/www.facebook.com\/teasense.ch\" \/>\n<meta property=\"article:modified_time\" content=\"2026-05-02T16:16:15+00:00\" \/>\n<meta property=\"og:image\" content=\"https:\/\/teasense.ch\/wp-content\/uploads\/2025\/02\/hibiskus-tee-lose-und-aufgegossen-in-Tassen.png\" \/>\n\t<meta property=\"og:image:width\" content=\"800\" \/>\n\t<meta property=\"og:image:height\" content=\"800\" \/>\n\t<meta property=\"og:image:type\" content=\"image\/png\" \/>\n<meta name=\"twitter:card\" content=\"summary_large_image\" \/>\n<meta name=\"twitter:label1\" content=\"Est. reading time\" \/>\n\t<meta name=\"twitter:data1\" content=\"1 minute\" \/>\n<!-- \/ Yoast SEO plugin. -->","yoast_head_json":{"title":"Th\u00e9 noir r\u00e9glisse - TeaSense.ch - Tee Shop Schweiz","description":"Th\u00e9 noir r\u00e9glisse avec th\u00e9s de Chine, Assam et Ceylan, enrichi de racine de r\u00e9glisse et d\u2019anis. Cors\u00e9, \u00e9pic\u00e9 et naturellement doux.","robots":{"index":"index","follow":"follow","max-snippet":"max-snippet:-1","max-image-preview":"max-image-preview:large","max-video-preview":"max-video-preview:-1"},"canonical":"https:\/\/teasense.ch\/fr\/produit\/the-noir-reglisse\/","og_locale":"fr_FR","og_type":"article","og_title":"Th\u00e9 noir r\u00e9glisse - TeaSense.ch - Tee Shop Schweiz","og_description":"Th\u00e9 noir r\u00e9glisse avec th\u00e9s de Chine, Assam et Ceylan, enrichi de racine de r\u00e9glisse et d\u2019anis. Cors\u00e9, \u00e9pic\u00e9 et naturellement doux.","og_url":"https:\/\/teasense.ch\/fr\/produit\/the-noir-reglisse\/","og_site_name":"TeaSense.ch - Tee Shop Schweiz","article_publisher":"https:\/\/www.facebook.com\/teasense.ch","article_modified_time":"2026-05-02T16:16:15+00:00","og_image":[{"width":800,"height":800,"url":"https:\/\/teasense.ch\/wp-content\/uploads\/2025\/02\/hibiskus-tee-lose-und-aufgegossen-in-Tassen.png","type":"image\/png"}],"twitter_card":"summary_large_image","twitter_misc":{"Est. reading time":"1 minute"},"schema":{"@context":"https:\/\/schema.org","@graph":[{"@type":"WebPage","@id":"https:\/\/teasense.ch\/fr\/produit\/the-noir-reglisse\/","url":"https:\/\/teasense.ch\/fr\/produit\/the-noir-reglisse\/","name":"Th\u00e9 noir r\u00e9glisse - TeaSense.ch - Tee Shop Schweiz","isPartOf":{"@id":"https:\/\/teasense.ch\/fr\/#website"},"primaryImageOfPage":{"@id":"https:\/\/teasense.ch\/fr\/produit\/the-noir-reglisse\/#primaryimage"},"image":{"@id":"https:\/\/teasense.ch\/fr\/produit\/the-noir-reglisse\/#primaryimage"},"thumbnailUrl":"https:\/\/teasense.ch\/wp-content\/uploads\/2025\/05\/Lakritz-Schwarztee.png","datePublished":"2025-05-10T12:24:38+00:00","dateModified":"2026-05-02T16:16:15+00:00","description":"Th\u00e9 noir r\u00e9glisse avec th\u00e9s de Chine, Assam et Ceylan, enrichi de racine de r\u00e9glisse et d\u2019anis. Cors\u00e9, \u00e9pic\u00e9 et naturellement doux.","breadcrumb":{"@id":"https:\/\/teasense.ch\/fr\/produit\/the-noir-reglisse\/#breadcrumb"},"inLanguage":"fr-CH","potentialAction":[{"@type":"ReadAction","target":["https:\/\/teasense.ch\/fr\/produit\/the-noir-reglisse\/"]}]},{"@type":"ImageObject","inLanguage":"fr-CH","@id":"https:\/\/teasense.ch\/fr\/produit\/the-noir-reglisse\/#primaryimage","url":"https:\/\/teasense.ch\/wp-content\/uploads\/2025\/05\/Lakritz-Schwarztee.png","contentUrl":"https:\/\/teasense.ch\/wp-content\/uploads\/2025\/05\/Lakritz-Schwarztee.png","width":800,"height":800,"caption":"Lakritz-Schwarztee"},{"@type":"BreadcrumbList","@id":"https:\/\/teasense.ch\/fr\/produit\/the-noir-reglisse\/#breadcrumb","itemListElement":[{"@type":"ListItem","position":1,"name":"Startseite","item":"https:\/\/teasense.ch\/fr\/startseite\/"},{"@type":"ListItem","position":2,"name":"Boutique de th\u00e9 en ligne","item":"https:\/\/teasense.ch\/fr\/shop\/"},{"@type":"ListItem","position":3,"name":"Th\u00e9 noir r\u00e9glisse"}]},{"@type":"WebSite","@id":"https:\/\/teasense.ch\/fr\/#website","url":"https:\/\/teasense.ch\/fr\/","name":"TeaSense.ch","description":"Nat\u00fcrliche Teemischungen und klassischer Tee","publisher":{"@id":"https:\/\/teasense.ch\/fr\/#organization"},"alternateName":"TeaSense","potentialAction":[{"@type":"SearchAction","target":{"@type":"EntryPoint","urlTemplate":"https:\/\/teasense.ch\/fr\/?s={search_term_string}"},"query-input":{"@type":"PropertyValueSpecification","valueRequired":true,"valueName":"search_term_string"}}],"inLanguage":"fr-CH"},{"@type":"Organization","@id":"https:\/\/teasense.ch\/fr\/#organization","name":"Reale Selection","alternateName":"TeaSense.ch","url":"https:\/\/teasense.ch\/fr\/","logo":{"@type":"ImageObject","inLanguage":"fr-CH","@id":"https:\/\/teasense.ch\/fr\/#\/schema\/logo\/image\/","url":"https:\/\/teasense.ch\/wp-content\/uploads\/2023\/07\/cropped-logo-teasense-kategorie-onlineshop-alle-produkte.jpg","contentUrl":"https:\/\/teasense.ch\/wp-content\/uploads\/2023\/07\/cropped-logo-teasense-kategorie-onlineshop-alle-produkte.jpg","width":512,"height":512,"caption":"Reale Selection"},"image":{"@id":"https:\/\/teasense.ch\/fr\/#\/schema\/logo\/image\/"},"sameAs":["https:\/\/www.facebook.com\/teasense.ch"]}]}},"jetpack-related-posts":[{"id":48631,"url":"https:\/\/teasense.ch\/fr\/produit\/tisane-feuilles-framboisier\/","url_meta":{"origin":49381,"position":0},"title":"Tisane de feuilles de framboisier","author":"Reale Selection","date":"13. October 2025","format":false,"excerpt":"Pr\u00e9paration feuilles de framboisier \ud83e\udd44 1-2 cuill\u00e8res \u00e0 caf\u00e9 pour 200 ml\ud83c\udf21\ufe0f 95 \u00b0C\u23f3 5-7 minutes","rel":"","context":"Similar post","block_context":{"text":"Similar post","link":""},"img":{"alt_text":"Himbeerbl\u00e4tter Tee \u2013 mild, aromatisch und wohlschmeckend","src":"https:\/\/i0.wp.com\/teasense.ch\/wp-content\/uploads\/2025\/10\/himbeerblaetter.png?resize=350%2C200&ssl=1","width":350,"height":200,"srcset":"https:\/\/i0.wp.com\/teasense.ch\/wp-content\/uploads\/2025\/10\/himbeerblaetter.png?resize=350%2C200&ssl=1 1x, https:\/\/i0.wp.com\/teasense.ch\/wp-content\/uploads\/2025\/10\/himbeerblaetter.png?resize=525%2C300&ssl=1 1.5x, https:\/\/i0.wp.com\/teasense.ch\/wp-content\/uploads\/2025\/10\/himbeerblaetter.png?resize=700%2C400&ssl=1 2x"},"classes":[]},{"id":48613,"url":"https:\/\/teasense.ch\/fr\/produit\/the-noir-kenya-gfop-marinyn\/","url_meta":{"origin":49381,"position":1},"title":"Th\u00e9 noir Kenya GFOP Marinyn","author":"Reale Selection","date":"13. October 2025","format":false,"excerpt":"Pr\u00e9paration Kenya GFOP Marinyn \ud83e\udd44 1 cuill\u00e8re \u00e0 caf\u00e9 pour 200 ml\ud83c\udf21\ufe0f 100 \u00b0C\u23f3 3 minutes","rel":"","context":"Similar post","block_context":{"text":"Similar post","link":""},"img":{"alt_text":"Schwarztee aus Kenia loser Tee Kenya GFOP Marinyn","src":"https:\/\/i0.wp.com\/teasense.ch\/wp-content\/uploads\/2025\/10\/kenya-gfop-marinyn.png?resize=350%2C200&ssl=1","width":350,"height":200,"srcset":"https:\/\/i0.wp.com\/teasense.ch\/wp-content\/uploads\/2025\/10\/kenya-gfop-marinyn.png?resize=350%2C200&ssl=1 1x, https:\/\/i0.wp.com\/teasense.ch\/wp-content\/uploads\/2025\/10\/kenya-gfop-marinyn.png?resize=525%2C300&ssl=1 1.5x, https:\/\/i0.wp.com\/teasense.ch\/wp-content\/uploads\/2025\/10\/kenya-gfop-marinyn.png?resize=700%2C400&ssl=1 2x"},"classes":[]},{"id":48451,"url":"https:\/\/teasense.ch\/fr\/produit\/composition-the\/","url_meta":{"origin":49381,"position":2},"title":"Composition de th\u00e9","author":"Reale Selection","date":"16. December 2025","format":false,"excerpt":"Pr\u00e9paration \ud83e\udd44 1 \u2013 2 c. \u00e0 caf\u00e9 par tasse (12 g\/litre)\ud83c\udf21\ufe0f 100 \u00b0C\u23f3 3 minutes","rel":"","context":"Similar post","block_context":{"text":"Similar post","link":""},"img":{"alt_text":"Tee Trilogie \u2013 Schwarz-, Gr\u00fcn- und Pu-Erh-Tee","src":"https:\/\/i0.wp.com\/teasense.ch\/wp-content\/uploads\/2025\/12\/tee-trilogie-%E2%80%93-schwarz-gruen-und-pu-erh-tee.png?resize=350%2C200&ssl=1","width":350,"height":200,"srcset":"https:\/\/i0.wp.com\/teasense.ch\/wp-content\/uploads\/2025\/12\/tee-trilogie-%E2%80%93-schwarz-gruen-und-pu-erh-tee.png?resize=350%2C200&ssl=1 1x, https:\/\/i0.wp.com\/teasense.ch\/wp-content\/uploads\/2025\/12\/tee-trilogie-%E2%80%93-schwarz-gruen-und-pu-erh-tee.png?resize=525%2C300&ssl=1 1.5x, https:\/\/i0.wp.com\/teasense.ch\/wp-content\/uploads\/2025\/12\/tee-trilogie-%E2%80%93-schwarz-gruen-und-pu-erh-tee.png?resize=700%2C400&ssl=1 2x"},"classes":[]},{"id":49263,"url":"https:\/\/teasense.ch\/fr\/produit\/tisane-kapha-ayurvedique\/","url_meta":{"origin":49381,"position":3},"title":"Tisane Kapha ayurv\u00e9dique","author":"Reale Selection","date":"12. May 2025","format":false,"excerpt":"Pr\u00e9paration \u2013 tisane Kapha ayurv\u00e9dique \ud83e\udd44 2 g (env. 1 c. \u00e0 caf\u00e9) pour 200 ml \ud83c\udf21\ufe0f 100 \u00b0C \u23f3 7\u201310 minutes","rel":"","context":"Similar post","block_context":{"text":"Similar post","link":""},"img":{"alt_text":"Ayurveda Kapha Gew\u00fcrz- und Kr\u00e4utertee","src":"https:\/\/i0.wp.com\/teasense.ch\/wp-content\/uploads\/2025\/05\/Ayurveda-Kapha-Gewuerz-und-Kraeutertee.png?resize=350%2C200&ssl=1","width":350,"height":200,"srcset":"https:\/\/i0.wp.com\/teasense.ch\/wp-content\/uploads\/2025\/05\/Ayurveda-Kapha-Gewuerz-und-Kraeutertee.png?resize=350%2C200&ssl=1 1x, https:\/\/i0.wp.com\/teasense.ch\/wp-content\/uploads\/2025\/05\/Ayurveda-Kapha-Gewuerz-und-Kraeutertee.png?resize=525%2C300&ssl=1 1.5x, https:\/\/i0.wp.com\/teasense.ch\/wp-content\/uploads\/2025\/05\/Ayurveda-Kapha-Gewuerz-und-Kraeutertee.png?resize=700%2C400&ssl=1 2x"},"classes":[]},{"id":49050,"url":"https:\/\/teasense.ch\/fr\/produit\/pekoe-the-noir-gorreana\/","url_meta":{"origin":49381,"position":4},"title":"Pekoe \u2013 Th\u00e9 noir Gorreana","author":"Reale Selection","date":"20. August 2025","format":false,"excerpt":"Th\u00e9 Pekoe \u2013 th\u00e9 noir classique de Gorreana Le Pekoe de Gorreana est un th\u00e9 noir classique des A\u00e7ores, appr\u00e9ci\u00e9 pour son caract\u00e8re \u00e9quilibr\u00e9 et doux. Alors que le Orange Pekoe repr\u00e9sente une qualit\u00e9 de feuille plus fine, le Pekoe s\u00e9duit par sa simplicit\u00e9 et convient parfaitement au quotidien. Origine\u2026","rel":"","context":"Similar post","block_context":{"text":"Similar post","link":""},"img":{"alt_text":"schwarzertee pekoe aus den Azoren Portugal","src":"https:\/\/i0.wp.com\/teasense.ch\/wp-content\/uploads\/2025\/08\/schwarzertee-pekoe.png?resize=350%2C200&ssl=1","width":350,"height":200,"srcset":"https:\/\/i0.wp.com\/teasense.ch\/wp-content\/uploads\/2025\/08\/schwarzertee-pekoe.png?resize=350%2C200&ssl=1 1x, https:\/\/i0.wp.com\/teasense.ch\/wp-content\/uploads\/2025\/08\/schwarzertee-pekoe.png?resize=525%2C300&ssl=1 1.5x, https:\/\/i0.wp.com\/teasense.ch\/wp-content\/uploads\/2025\/08\/schwarzertee-pekoe.png?resize=700%2C400&ssl=1 2x"},"classes":[]},{"id":48156,"url":"https:\/\/teasense.ch\/fr\/produit\/the-noir-cerise-sauvage\/","url_meta":{"origin":49381,"position":5},"title":"Th\u00e9 noir cerise sauvage","author":"Reale Selection","date":"17. December 2025","format":false,"excerpt":"Pr\u00e9paration th\u00e9 noir cerise sauvage naturel \ud83e\udd44 1 \u2013 2 c. \u00e0 c. par tasse (12 g\/litre)\ud83c\udf21\ufe0f 100 \u00b0C\u23f3 3 minutes","rel":"","context":"Similar post","block_context":{"text":"Similar post","link":""},"img":{"alt_text":"Schwarztee Wildkirsche Nat\u00fcrliche Teemischung","src":"https:\/\/i0.wp.com\/teasense.ch\/wp-content\/uploads\/2025\/12\/schwarztee-wildkirsche.png?resize=350%2C200&ssl=1","width":350,"height":200,"srcset":"https:\/\/i0.wp.com\/teasense.ch\/wp-content\/uploads\/2025\/12\/schwarztee-wildkirsche.png?resize=350%2C200&ssl=1 1x, https:\/\/i0.wp.com\/teasense.ch\/wp-content\/uploads\/2025\/12\/schwarztee-wildkirsche.png?resize=525%2C300&ssl=1 1.5x, https:\/\/i0.wp.com\/teasense.ch\/wp-content\/uploads\/2025\/12\/schwarztee-wildkirsche.png?resize=700%2C400&ssl=1 2x"},"classes":[]}],"jetpack_sharing_enabled":true,"jetpack_likes_enabled":false,"_links":{"self":[{"href":"https:\/\/teasense.ch\/fr\/wp-json\/wp\/v2\/product\/49381","targetHints":{"allow":["GET"]}}],"collection":[{"href":"https:\/\/teasense.ch\/fr\/wp-json\/wp\/v2\/product"}],"about":[{"href":"https:\/\/teasense.ch\/fr\/wp-json\/wp\/v2\/types\/product"}],"replies":[{"embeddable":true,"href":"https:\/\/teasense.ch\/fr\/wp-json\/wp\/v2\/comments?post=49381"}],"wp:featuredmedia":[{"embeddable":true,"href":"https:\/\/teasense.ch\/fr\/wp-json\/wp\/v2\/media\/45479"}],"wp:attachment":[{"href":"https:\/\/teasense.ch\/fr\/wp-json\/wp\/v2\/media?parent=49381"}],"wp:term":[{"taxonomy":"product_brand","embeddable":true,"href":"https:\/\/teasense.ch\/fr\/wp-json\/wp\/v2\/product_brand?post=49381"},{"taxonomy":"product_cat","embeddable":true,"href":"https:\/\/teasense.ch\/fr\/wp-json\/wp\/v2\/product_cat?post=49381"},{"taxonomy":"product_tag","embeddable":true,"href":"https:\/\/teasense.ch\/fr\/wp-json\/wp\/v2\/product_tag?post=49381"}],"curies":[{"name":"wp","href":"https:\/\/api.w.org\/{rel}","templated":true}]}}