{"id":49411,"date":"2025-05-10T13:51:45","date_gmt":"2025-05-10T11:51:45","guid":{"rendered":"https:\/\/teasense.ch\/produkt\/infusion-fruits-power\/"},"modified":"2026-05-03T16:09:09","modified_gmt":"2026-05-03T14:09:09","slug":"infusion-fruits-power","status":"publish","type":"product","link":"https:\/\/teasense.ch\/fr\/produit\/infusion-fruits-power\/","title":{"rendered":"Infusion fruits Power"},"content":{"rendered":"<h2>Infusion fruits Power \u2013 fra\u00eeche, fruit\u00e9e et l\u00e9g\u00e8rement \u00e9pic\u00e9e<\/h2>\n<p>Cette infusion fruit\u00e9e associe des ingr\u00e9dients naturels pour cr\u00e9er une boisson harmonieuse et agr\u00e9able. La douceur des fruits rencontre une l\u00e9g\u00e8re note \u00e9pic\u00e9e.<\/p>\n<h3>Base fruit\u00e9e avec une touche \u00e9pic\u00e9e<\/h3>\n<p>Les morceaux de pomme apportent une base douce et l\u00e9g\u00e8rement sucr\u00e9e. Le gingembre ajoute une subtile chaleur qui cr\u00e9e un contraste int\u00e9ressant.<\/p>\n<p>La citronnelle et les \u00e9corces de citron offrent une fra\u00eecheur citronn\u00e9e, tandis que les baies d\u2019aronia et de goji apportent une l\u00e9g\u00e8re note acidul\u00e9e. Une touche d\u2019huile de citron compl\u00e8te l\u2019ensemble.<\/p>\n<p>Une infusion \u00e9quilibr\u00e9e, fruit\u00e9e et l\u00e9g\u00e8rement \u00e9pic\u00e9e \u2013 id\u00e9ale chaude ou en th\u00e9 glac\u00e9.<\/p>\n<h3>Pr\u00e9paration<\/h3>\n<p>Utiliser 1\u20132 cuill\u00e8res \u00e0 caf\u00e9 (env. 2 g) pour 200 ml. Verser de l\u2019eau bouillante (100 \u00b0C) et laisser infuser 8 \u00e0 10 minutes.<\/p>\n<h3>Ingr\u00e9dients<\/h3>\n<p>Morceaux de pomme, gingembre, citronnelle, baies d\u2019aronia, huile de citron, \u00e9corces de citron, baies de goji<\/p>\n","protected":false},"excerpt":{"rendered":"<h4>Pr\u00e9paration \u2013 Infusion fruits Power<\/h4>\n<p>\ud83e\udd44 2 g (env. 1\u20132 c.\u00e0.c) pour 200 ml<br \/>\n\ud83c\udf21\ufe0f 100 \u00b0C<br \/>\n\u23f3 8\u201310 minutes<\/p>\n","protected":false},"featured_media":45473,"comment_status":"open","ping_status":"closed","template":"","meta":{"_et_pb_use_builder":"","_et_pb_old_content":"","_et_gb_content_width":""},"product_brand":[],"product_cat":[412,375,348],"product_tag":[],"class_list":{"0":"post-49411","1":"product","2":"type-product","3":"status-publish","4":"has-post-thumbnail","6":"product_cat-infusion-fruits","7":"product_cat-the-en-vrac","8":"product_cat-tous-produits","9":"pa_herkunft-allemagne","10":"pa_weight-100-g","11":"pa_weight-200-g","12":"pa_weight-400-g","13":"pa_weight-50-g","15":"first","16":"instock","17":"shipping-taxable","18":"purchasable","19":"product-type-variable","20":"has-default-attributes","21":"add-to-wishlist-before_image"},"yoast_head":"<!-- This site is optimized with the Yoast SEO plugin v27.5 - https:\/\/yoast.com\/product\/yoast-seo-wordpress\/ -->\n<title>Infusion fruits Power - TeaSense.ch - Tee Shop Schweiz<\/title>\n<meta name=\"description\" content=\"Infusion fruits Power avec pomme, gingembre, citronnelle, aronia et goji. Fra\u00eeche, fruit\u00e9e et naturellement \u00e9quilibr\u00e9e.\" \/>\n<meta name=\"robots\" content=\"index, follow, max-snippet:-1, max-image-preview:large, max-video-preview:-1\" \/>\n<link rel=\"canonical\" href=\"https:\/\/teasense.ch\/fr\/produit\/infusion-fruits-power\/\" \/>\n<meta property=\"og:locale\" content=\"fr_FR\" \/>\n<meta property=\"og:type\" content=\"article\" \/>\n<meta property=\"og:title\" content=\"Infusion fruits Power - TeaSense.ch - Tee Shop Schweiz\" \/>\n<meta property=\"og:description\" content=\"Infusion fruits Power avec pomme, gingembre, citronnelle, aronia et goji. Fra\u00eeche, fruit\u00e9e et naturellement \u00e9quilibr\u00e9e.\" \/>\n<meta property=\"og:url\" content=\"https:\/\/teasense.ch\/fr\/produit\/infusion-fruits-power\/\" \/>\n<meta property=\"og:site_name\" content=\"TeaSense.ch - Tee Shop Schweiz\" \/>\n<meta property=\"article:publisher\" content=\"https:\/\/www.facebook.com\/teasense.ch\" \/>\n<meta property=\"article:modified_time\" content=\"2026-05-03T14:09:09+00:00\" \/>\n<meta property=\"og:image\" content=\"https:\/\/teasense.ch\/wp-content\/uploads\/2025\/02\/hibiskus-tee-lose-und-aufgegossen-in-Tassen.png\" \/>\n\t<meta property=\"og:image:width\" content=\"800\" \/>\n\t<meta property=\"og:image:height\" content=\"800\" \/>\n\t<meta property=\"og:image:type\" content=\"image\/png\" \/>\n<meta name=\"twitter:card\" content=\"summary_large_image\" \/>\n<meta name=\"twitter:label1\" content=\"Est. reading time\" \/>\n\t<meta name=\"twitter:data1\" content=\"1 minute\" \/>\n<!-- \/ Yoast SEO plugin. -->","yoast_head_json":{"title":"Infusion fruits Power - TeaSense.ch - Tee Shop Schweiz","description":"Infusion fruits Power avec pomme, gingembre, citronnelle, aronia et goji. Fra\u00eeche, fruit\u00e9e et naturellement \u00e9quilibr\u00e9e.","robots":{"index":"index","follow":"follow","max-snippet":"max-snippet:-1","max-image-preview":"max-image-preview:large","max-video-preview":"max-video-preview:-1"},"canonical":"https:\/\/teasense.ch\/fr\/produit\/infusion-fruits-power\/","og_locale":"fr_FR","og_type":"article","og_title":"Infusion fruits Power - TeaSense.ch - Tee Shop Schweiz","og_description":"Infusion fruits Power avec pomme, gingembre, citronnelle, aronia et goji. Fra\u00eeche, fruit\u00e9e et naturellement \u00e9quilibr\u00e9e.","og_url":"https:\/\/teasense.ch\/fr\/produit\/infusion-fruits-power\/","og_site_name":"TeaSense.ch - Tee Shop Schweiz","article_publisher":"https:\/\/www.facebook.com\/teasense.ch","article_modified_time":"2026-05-03T14:09:09+00:00","og_image":[{"width":800,"height":800,"url":"https:\/\/teasense.ch\/wp-content\/uploads\/2025\/02\/hibiskus-tee-lose-und-aufgegossen-in-Tassen.png","type":"image\/png"}],"twitter_card":"summary_large_image","twitter_misc":{"Est. reading time":"1 minute"},"schema":{"@context":"https:\/\/schema.org","@graph":[{"@type":"WebPage","@id":"https:\/\/teasense.ch\/fr\/produit\/infusion-fruits-power\/","url":"https:\/\/teasense.ch\/fr\/produit\/infusion-fruits-power\/","name":"Infusion fruits Power - TeaSense.ch - Tee Shop Schweiz","isPartOf":{"@id":"https:\/\/teasense.ch\/fr\/#website"},"primaryImageOfPage":{"@id":"https:\/\/teasense.ch\/fr\/produit\/infusion-fruits-power\/#primaryimage"},"image":{"@id":"https:\/\/teasense.ch\/fr\/produit\/infusion-fruits-power\/#primaryimage"},"thumbnailUrl":"https:\/\/teasense.ch\/wp-content\/uploads\/2025\/05\/power-fruechtetee.png","datePublished":"2025-05-10T11:51:45+00:00","dateModified":"2026-05-03T14:09:09+00:00","description":"Infusion fruits Power avec pomme, gingembre, citronnelle, aronia et goji. Fra\u00eeche, fruit\u00e9e et naturellement \u00e9quilibr\u00e9e.","breadcrumb":{"@id":"https:\/\/teasense.ch\/fr\/produit\/infusion-fruits-power\/#breadcrumb"},"inLanguage":"fr-CH","potentialAction":[{"@type":"ReadAction","target":["https:\/\/teasense.ch\/fr\/produit\/infusion-fruits-power\/"]}]},{"@type":"ImageObject","inLanguage":"fr-CH","@id":"https:\/\/teasense.ch\/fr\/produit\/infusion-fruits-power\/#primaryimage","url":"https:\/\/teasense.ch\/wp-content\/uploads\/2025\/05\/power-fruechtetee.png","contentUrl":"https:\/\/teasense.ch\/wp-content\/uploads\/2025\/05\/power-fruechtetee.png","width":800,"height":800,"caption":"Power Fr\u00fcchtetee"},{"@type":"BreadcrumbList","@id":"https:\/\/teasense.ch\/fr\/produit\/infusion-fruits-power\/#breadcrumb","itemListElement":[{"@type":"ListItem","position":1,"name":"Startseite","item":"https:\/\/teasense.ch\/fr\/"},{"@type":"ListItem","position":2,"name":"Boutique de th\u00e9 en ligne","item":"https:\/\/teasense.ch\/fr\/shop\/"},{"@type":"ListItem","position":3,"name":"Infusion fruits Power"}]},{"@type":"WebSite","@id":"https:\/\/teasense.ch\/fr\/#website","url":"https:\/\/teasense.ch\/fr\/","name":"TeaSense.ch","description":"Nat\u00fcrliche Teemischungen und klassischer Tee","publisher":{"@id":"https:\/\/teasense.ch\/fr\/#organization"},"alternateName":"TeaSense","potentialAction":[{"@type":"SearchAction","target":{"@type":"EntryPoint","urlTemplate":"https:\/\/teasense.ch\/fr\/?s={search_term_string}"},"query-input":{"@type":"PropertyValueSpecification","valueRequired":true,"valueName":"search_term_string"}}],"inLanguage":"fr-CH"},{"@type":"Organization","@id":"https:\/\/teasense.ch\/fr\/#organization","name":"Reale Selection","alternateName":"TeaSense.ch","url":"https:\/\/teasense.ch\/fr\/","logo":{"@type":"ImageObject","inLanguage":"fr-CH","@id":"https:\/\/teasense.ch\/fr\/#\/schema\/logo\/image\/","url":"https:\/\/teasense.ch\/wp-content\/uploads\/2023\/07\/cropped-logo-teasense-kategorie-onlineshop-alle-produkte.jpg","contentUrl":"https:\/\/teasense.ch\/wp-content\/uploads\/2023\/07\/cropped-logo-teasense-kategorie-onlineshop-alle-produkte.jpg","width":512,"height":512,"caption":"Reale Selection"},"image":{"@id":"https:\/\/teasense.ch\/fr\/#\/schema\/logo\/image\/"},"sameAs":["https:\/\/www.facebook.com\/teasense.ch"]}]}},"jetpack-related-posts":[{"id":48568,"url":"https:\/\/teasense.ch\/fr\/produit\/melange-epices-curcuma\/","url_meta":{"origin":49411,"position":0},"title":"M\u00e9lange d\u2019\u00e9pices au curcuma","author":"Reale Selection","date":"22. October 2025","format":false,"excerpt":"Curcuma avec citronnelle, citron, gingembre et coriandre Id\u00e9al en infusion, en cuisine ou pour une boisson au curcuma Couleur dor\u00e9e, 100 % d\u2019ingr\u00e9dients naturels \u2013 sans additifs","rel":"","context":"Similar post","block_context":{"text":"Similar post","link":""},"img":{"alt_text":"Kurkuma Gew\u00fcrz-Mix Zitronengras, Zitrone, Ingwer und Koriander","src":"https:\/\/i0.wp.com\/teasense.ch\/wp-content\/uploads\/2025\/09\/kurkuma-zitrone-1.png?resize=350%2C200&ssl=1","width":350,"height":200,"srcset":"https:\/\/i0.wp.com\/teasense.ch\/wp-content\/uploads\/2025\/09\/kurkuma-zitrone-1.png?resize=350%2C200&ssl=1 1x, https:\/\/i0.wp.com\/teasense.ch\/wp-content\/uploads\/2025\/09\/kurkuma-zitrone-1.png?resize=525%2C300&ssl=1 1.5x, https:\/\/i0.wp.com\/teasense.ch\/wp-content\/uploads\/2025\/09\/kurkuma-zitrone-1.png?resize=700%2C400&ssl=1 2x"},"classes":[]},{"id":49263,"url":"https:\/\/teasense.ch\/fr\/produit\/tisane-kapha-ayurvedique\/","url_meta":{"origin":49411,"position":1},"title":"Tisane Kapha ayurv\u00e9dique","author":"Reale Selection","date":"12. May 2025","format":false,"excerpt":"Pr\u00e9paration \u2013 tisane Kapha ayurv\u00e9dique \ud83e\udd44 2 g (env. 1 c. \u00e0 caf\u00e9) pour 200 ml \ud83c\udf21\ufe0f 100 \u00b0C \u23f3 7\u201310 minutes","rel":"","context":"Similar post","block_context":{"text":"Similar post","link":""},"img":{"alt_text":"Ayurveda Kapha Gew\u00fcrz- und Kr\u00e4utertee","src":"https:\/\/i0.wp.com\/teasense.ch\/wp-content\/uploads\/2025\/05\/Ayurveda-Kapha-Gewuerz-und-Kraeutertee.png?resize=350%2C200&ssl=1","width":350,"height":200,"srcset":"https:\/\/i0.wp.com\/teasense.ch\/wp-content\/uploads\/2025\/05\/Ayurveda-Kapha-Gewuerz-und-Kraeutertee.png?resize=350%2C200&ssl=1 1x, https:\/\/i0.wp.com\/teasense.ch\/wp-content\/uploads\/2025\/05\/Ayurveda-Kapha-Gewuerz-und-Kraeutertee.png?resize=525%2C300&ssl=1 1.5x, https:\/\/i0.wp.com\/teasense.ch\/wp-content\/uploads\/2025\/05\/Ayurveda-Kapha-Gewuerz-und-Kraeutertee.png?resize=700%2C400&ssl=1 2x"},"classes":[]},{"id":48476,"url":"https:\/\/teasense.ch\/fr\/produit\/the-choco-menthe\/","url_meta":{"origin":49411,"position":2},"title":"Choco Menthe &#8211; M\u00e9lange de tisanes","author":"Reale Selection","date":"16. November 2025","format":false,"excerpt":"Pr\u00e9paration \ud83e\udd44 1 cuill\u00e8re \u00e0 caf\u00e9 (10\u201312 g par litre)\ud83c\udf21\ufe0f 100 \u00b0C\u23f3 5 - 8 minutes","rel":"","context":"Similar post","block_context":{"text":"Similar post","link":""},"img":{"alt_text":"Schoko Minze - Kr\u00e4uterteemischung","src":"https:\/\/i0.wp.com\/teasense.ch\/wp-content\/uploads\/2025\/11\/schoko-minze-kraeuterteemischung.png?resize=350%2C200&ssl=1","width":350,"height":200,"srcset":"https:\/\/i0.wp.com\/teasense.ch\/wp-content\/uploads\/2025\/11\/schoko-minze-kraeuterteemischung.png?resize=350%2C200&ssl=1 1x, https:\/\/i0.wp.com\/teasense.ch\/wp-content\/uploads\/2025\/11\/schoko-minze-kraeuterteemischung.png?resize=525%2C300&ssl=1 1.5x, https:\/\/i0.wp.com\/teasense.ch\/wp-content\/uploads\/2025\/11\/schoko-minze-kraeuterteemischung.png?resize=700%2C400&ssl=1 2x"},"classes":[]},{"id":49248,"url":"https:\/\/teasense.ch\/fr\/produit\/rooibos-vert\/","url_meta":{"origin":49411,"position":3},"title":"Rooibos vert","author":"Reale Selection","date":"12. May 2025","format":false,"excerpt":"Pr\u00e9paration \u2013 rooibos vert \ud83e\udd44 1 c. \u00e0 caf\u00e9 pour 200 ml (20 g\/litre) \ud83c\udf21\ufe0f 90 \u00b0C \u23f3 5 minutes","rel":"","context":"Similar post","block_context":{"text":"Similar post","link":""},"img":{"alt_text":"Gr\u00fcner Rooibos Tee","src":"https:\/\/i0.wp.com\/teasense.ch\/wp-content\/uploads\/2025\/05\/Gruener-Rooibusch.png?resize=350%2C200&ssl=1","width":350,"height":200,"srcset":"https:\/\/i0.wp.com\/teasense.ch\/wp-content\/uploads\/2025\/05\/Gruener-Rooibusch.png?resize=350%2C200&ssl=1 1x, https:\/\/i0.wp.com\/teasense.ch\/wp-content\/uploads\/2025\/05\/Gruener-Rooibusch.png?resize=525%2C300&ssl=1 1.5x, https:\/\/i0.wp.com\/teasense.ch\/wp-content\/uploads\/2025\/05\/Gruener-Rooibusch.png?resize=700%2C400&ssl=1 2x"},"classes":[]},{"id":48631,"url":"https:\/\/teasense.ch\/fr\/produit\/tisane-feuilles-framboisier\/","url_meta":{"origin":49411,"position":4},"title":"Tisane de feuilles de framboisier","author":"Reale Selection","date":"13. October 2025","format":false,"excerpt":"Pr\u00e9paration feuilles de framboisier \ud83e\udd44 1-2 cuill\u00e8res \u00e0 caf\u00e9 pour 200 ml\ud83c\udf21\ufe0f 95 \u00b0C\u23f3 5-7 minutes","rel":"","context":"Similar post","block_context":{"text":"Similar post","link":""},"img":{"alt_text":"Himbeerbl\u00e4tter Tee \u2013 mild, aromatisch und wohlschmeckend","src":"https:\/\/i0.wp.com\/teasense.ch\/wp-content\/uploads\/2025\/10\/himbeerblaetter.png?resize=350%2C200&ssl=1","width":350,"height":200,"srcset":"https:\/\/i0.wp.com\/teasense.ch\/wp-content\/uploads\/2025\/10\/himbeerblaetter.png?resize=350%2C200&ssl=1 1x, https:\/\/i0.wp.com\/teasense.ch\/wp-content\/uploads\/2025\/10\/himbeerblaetter.png?resize=525%2C300&ssl=1 1.5x, https:\/\/i0.wp.com\/teasense.ch\/wp-content\/uploads\/2025\/10\/himbeerblaetter.png?resize=700%2C400&ssl=1 2x"},"classes":[]},{"id":48156,"url":"https:\/\/teasense.ch\/fr\/produit\/the-noir-cerise-sauvage\/","url_meta":{"origin":49411,"position":5},"title":"Th\u00e9 noir cerise sauvage","author":"Reale Selection","date":"17. December 2025","format":false,"excerpt":"Pr\u00e9paration th\u00e9 noir cerise sauvage naturel \ud83e\udd44 1 \u2013 2 c. \u00e0 c. par tasse (12 g\/litre)\ud83c\udf21\ufe0f 100 \u00b0C\u23f3 3 minutes","rel":"","context":"Similar post","block_context":{"text":"Similar post","link":""},"img":{"alt_text":"Schwarztee Wildkirsche Nat\u00fcrliche Teemischung","src":"https:\/\/i0.wp.com\/teasense.ch\/wp-content\/uploads\/2025\/12\/schwarztee-wildkirsche.png?resize=350%2C200&ssl=1","width":350,"height":200,"srcset":"https:\/\/i0.wp.com\/teasense.ch\/wp-content\/uploads\/2025\/12\/schwarztee-wildkirsche.png?resize=350%2C200&ssl=1 1x, https:\/\/i0.wp.com\/teasense.ch\/wp-content\/uploads\/2025\/12\/schwarztee-wildkirsche.png?resize=525%2C300&ssl=1 1.5x, https:\/\/i0.wp.com\/teasense.ch\/wp-content\/uploads\/2025\/12\/schwarztee-wildkirsche.png?resize=700%2C400&ssl=1 2x"},"classes":[]}],"jetpack_sharing_enabled":true,"jetpack_likes_enabled":false,"_links":{"self":[{"href":"https:\/\/teasense.ch\/fr\/wp-json\/wp\/v2\/product\/49411","targetHints":{"allow":["GET"]}}],"collection":[{"href":"https:\/\/teasense.ch\/fr\/wp-json\/wp\/v2\/product"}],"about":[{"href":"https:\/\/teasense.ch\/fr\/wp-json\/wp\/v2\/types\/product"}],"replies":[{"embeddable":true,"href":"https:\/\/teasense.ch\/fr\/wp-json\/wp\/v2\/comments?post=49411"}],"wp:featuredmedia":[{"embeddable":true,"href":"https:\/\/teasense.ch\/fr\/wp-json\/wp\/v2\/media\/45473"}],"wp:attachment":[{"href":"https:\/\/teasense.ch\/fr\/wp-json\/wp\/v2\/media?parent=49411"}],"wp:term":[{"taxonomy":"product_brand","embeddable":true,"href":"https:\/\/teasense.ch\/fr\/wp-json\/wp\/v2\/product_brand?post=49411"},{"taxonomy":"product_cat","embeddable":true,"href":"https:\/\/teasense.ch\/fr\/wp-json\/wp\/v2\/product_cat?post=49411"},{"taxonomy":"product_tag","embeddable":true,"href":"https:\/\/teasense.ch\/fr\/wp-json\/wp\/v2\/product_tag?post=49411"}],"curies":[{"name":"wp","href":"https:\/\/api.w.org\/{rel}","templated":true}]}}