{"id":49426,"date":"2025-04-08T13:44:26","date_gmt":"2025-04-08T11:44:26","guid":{"rendered":"https:\/\/teasense.ch\/produkt\/the-noir-black-delight\/"},"modified":"2026-05-16T09:58:56","modified_gmt":"2026-05-16T07:58:56","slug":"the-noir-black-delight","status":"publish","type":"product","link":"https:\/\/teasense.ch\/fr\/produit\/the-noir-black-delight\/","title":{"rendered":"Th\u00e9 noir Black Delight"},"content":{"rendered":"<h2>Th\u00e9 noir Black Delight \u2013 th\u00e9 noir intense aux notes \u00e9pic\u00e9es<\/h2>\n<p>Le th\u00e9 noir Black Delight est une composition soigneusement \u00e9labor\u00e9e pour les amateurs de th\u00e9s riches et expressifs. Cette infusion associe du th\u00e9 noir classique \u00e0 des \u00e9pices chaleureuses pour une exp\u00e9rience aromatique intense.<\/p>\n<h3>M\u00e9lange harmonieux de th\u00e9 noir et d\u2019\u00e9pices<\/h3>\n<p>Le th\u00e9 noir constitue la base de cette infusion. Les \u00e9corces d\u2019orange apportent une note fruit\u00e9e l\u00e9g\u00e8re, tandis que les clous de girofle ajoutent une profondeur \u00e9pic\u00e9e. La cannelle compl\u00e8te l\u2019ensemble avec une douceur subtile.<\/p>\n<p>Le r\u00e9sultat est un th\u00e9 \u00e9quilibr\u00e9, l\u00e9g\u00e8rement \u00e9pic\u00e9 et agr\u00e9ablement aromatique \u2013 id\u00e9al pour un moment de d\u00e9tente.<\/p>\n<h3>Pr\u00e9paration<\/h3>\n<p>Utiliser 1 cuill\u00e8re \u00e0 caf\u00e9 (env. 2 g) par tasse. Verser de l\u2019eau chaude \u00e0 90\u2013100 \u00b0C et laisser infuser environ 3 minutes.<\/p>\n<h3>Ingr\u00e9dients<\/h3>\n<p>Th\u00e9 noir, clous de girofle, morceaux de cannelle, \u00e9corces d\u2019orange<\/p>\n","protected":false},"excerpt":{"rendered":"<h4>Pr\u00e9paration \u2013 Th\u00e9 noir Black Delight<\/h4>\n<p>\ud83e\udd44 1 c.\u00e0.c par tasse<br \/>\n\ud83c\udf21\ufe0f 90\u2013100 \u00b0C<br \/>\n\u23f3 3 minutes<\/p>\n","protected":false},"featured_media":50854,"comment_status":"open","ping_status":"closed","template":"","meta":{"_et_pb_use_builder":"","_et_pb_old_content":"","_et_gb_content_width":""},"product_brand":[],"product_cat":[375,349,348],"product_tag":[],"class_list":{"0":"post-49426","1":"product","2":"type-product","3":"status-publish","4":"has-post-thumbnail","6":"product_cat-the-en-vrac","7":"product_cat-the-noir","8":"product_cat-tous-produits","9":"pa_herkunft-allemagne","10":"pa_weight-100-g","11":"pa_weight-200-g","12":"pa_weight-400-g","13":"pa_weight-50-g","15":"first","16":"instock","17":"purchasable","18":"product-type-variable","19":"has-default-attributes","20":"add-to-wishlist-before_image"},"yoast_head":"<!-- This site is optimized with the Yoast SEO plugin v27.6 - https:\/\/yoast.com\/product\/yoast-seo-wordpress\/ -->\n<title>Th\u00e9 noir Black Delight - TeaSense.ch<\/title>\n<meta name=\"description\" content=\"Th\u00e9 noir Black Delight avec girofle, cannelle et \u00e9corces d\u2019orange. Intense, \u00e9pic\u00e9 et naturellement aromatique.\" \/>\n<meta name=\"robots\" content=\"index, follow, max-snippet:-1, max-image-preview:large, max-video-preview:-1\" \/>\n<link rel=\"canonical\" href=\"https:\/\/teasense.ch\/fr\/produit\/the-noir-black-delight\/\" \/>\n<meta property=\"og:locale\" content=\"fr_FR\" \/>\n<meta property=\"og:type\" content=\"article\" \/>\n<meta property=\"og:title\" content=\"Th\u00e9 noir Black Delight - TeaSense.ch\" \/>\n<meta property=\"og:description\" content=\"Th\u00e9 noir Black Delight avec girofle, cannelle et \u00e9corces d\u2019orange. Intense, \u00e9pic\u00e9 et naturellement aromatique.\" \/>\n<meta property=\"og:url\" content=\"https:\/\/teasense.ch\/fr\/produit\/the-noir-black-delight\/\" \/>\n<meta property=\"og:site_name\" content=\"TeaSense.ch\" \/>\n<meta property=\"article:publisher\" content=\"https:\/\/www.facebook.com\/teasense.ch\" \/>\n<meta property=\"article:modified_time\" content=\"2026-05-16T07:58:56+00:00\" \/>\n<meta property=\"og:image\" content=\"https:\/\/teasense.ch\/wp-content\/uploads\/2023\/10\/weihnachtstee-plain.jpg\" \/>\n\t<meta property=\"og:image:width\" content=\"800\" \/>\n\t<meta property=\"og:image:height\" content=\"800\" \/>\n\t<meta property=\"og:image:type\" content=\"image\/jpeg\" \/>\n<meta name=\"twitter:card\" content=\"summary_large_image\" \/>\n<meta name=\"twitter:label1\" content=\"Est. reading time\" \/>\n\t<meta name=\"twitter:data1\" content=\"1 minute\" \/>\n<!-- \/ Yoast SEO plugin. -->","yoast_head_json":{"title":"Th\u00e9 noir Black Delight - TeaSense.ch","description":"Th\u00e9 noir Black Delight avec girofle, cannelle et \u00e9corces d\u2019orange. Intense, \u00e9pic\u00e9 et naturellement aromatique.","robots":{"index":"index","follow":"follow","max-snippet":"max-snippet:-1","max-image-preview":"max-image-preview:large","max-video-preview":"max-video-preview:-1"},"canonical":"https:\/\/teasense.ch\/fr\/produit\/the-noir-black-delight\/","og_locale":"fr_FR","og_type":"article","og_title":"Th\u00e9 noir Black Delight - TeaSense.ch","og_description":"Th\u00e9 noir Black Delight avec girofle, cannelle et \u00e9corces d\u2019orange. Intense, \u00e9pic\u00e9 et naturellement aromatique.","og_url":"https:\/\/teasense.ch\/fr\/produit\/the-noir-black-delight\/","og_site_name":"TeaSense.ch","article_publisher":"https:\/\/www.facebook.com\/teasense.ch","article_modified_time":"2026-05-16T07:58:56+00:00","og_image":[{"width":800,"height":800,"url":"https:\/\/teasense.ch\/wp-content\/uploads\/2023\/10\/weihnachtstee-plain.jpg","type":"image\/jpeg"}],"twitter_card":"summary_large_image","twitter_misc":{"Est. reading time":"1 minute"},"schema":{"@context":"https:\/\/schema.org","@graph":[{"@type":"WebPage","@id":"https:\/\/teasense.ch\/fr\/produit\/the-noir-black-delight\/","url":"https:\/\/teasense.ch\/fr\/produit\/the-noir-black-delight\/","name":"Th\u00e9 noir Black Delight - TeaSense.ch","isPartOf":{"@id":"https:\/\/teasense.ch\/fr\/#website"},"primaryImageOfPage":{"@id":"https:\/\/teasense.ch\/fr\/produit\/the-noir-black-delight\/#primaryimage"},"image":{"@id":"https:\/\/teasense.ch\/fr\/produit\/the-noir-black-delight\/#primaryimage"},"thumbnailUrl":"https:\/\/teasense.ch\/wp-content\/uploads\/2023\/10\/weihnachtstee-plain.jpg","datePublished":"2025-04-08T11:44:26+00:00","dateModified":"2026-05-16T07:58:56+00:00","description":"Th\u00e9 noir Black Delight avec girofle, cannelle et \u00e9corces d\u2019orange. Intense, \u00e9pic\u00e9 et naturellement aromatique.","breadcrumb":{"@id":"https:\/\/teasense.ch\/fr\/produit\/the-noir-black-delight\/#breadcrumb"},"inLanguage":"fr-CH","potentialAction":[{"@type":"ReadAction","target":["https:\/\/teasense.ch\/fr\/produit\/the-noir-black-delight\/"]}]},{"@type":"ImageObject","inLanguage":"fr-CH","@id":"https:\/\/teasense.ch\/fr\/produit\/the-noir-black-delight\/#primaryimage","url":"https:\/\/teasense.ch\/wp-content\/uploads\/2023\/10\/weihnachtstee-plain.jpg","contentUrl":"https:\/\/teasense.ch\/wp-content\/uploads\/2023\/10\/weihnachtstee-plain.jpg","width":800,"height":800,"caption":"Black Delight Schwarzteemischung"},{"@type":"BreadcrumbList","@id":"https:\/\/teasense.ch\/fr\/produit\/the-noir-black-delight\/#breadcrumb","itemListElement":[{"@type":"ListItem","position":1,"name":"Startseite","item":"https:\/\/teasense.ch\/fr\/"},{"@type":"ListItem","position":2,"name":"Boutique de th\u00e9 en ligne","item":"https:\/\/teasense.ch\/fr\/shop\/"},{"@type":"ListItem","position":3,"name":"Th\u00e9 noir Black Delight"}]},{"@type":"WebSite","@id":"https:\/\/teasense.ch\/fr\/#website","url":"https:\/\/teasense.ch\/fr\/","name":"TeaSense.ch","description":"Nat\u00fcrliche Teemischungen und klassischer Tee","publisher":{"@id":"https:\/\/teasense.ch\/fr\/#organization"},"alternateName":"TeaSense","potentialAction":[{"@type":"SearchAction","target":{"@type":"EntryPoint","urlTemplate":"https:\/\/teasense.ch\/fr\/?s={search_term_string}"},"query-input":{"@type":"PropertyValueSpecification","valueRequired":true,"valueName":"search_term_string"}}],"inLanguage":"fr-CH"},{"@type":"Organization","@id":"https:\/\/teasense.ch\/fr\/#organization","name":"Reale Selection","alternateName":"TeaSense.ch","url":"https:\/\/teasense.ch\/fr\/","logo":{"@type":"ImageObject","inLanguage":"fr-CH","@id":"https:\/\/teasense.ch\/fr\/#\/schema\/logo\/image\/","url":"https:\/\/teasense.ch\/wp-content\/uploads\/2023\/07\/cropped-logo-teasense-kategorie-onlineshop-alle-produkte.jpg","contentUrl":"https:\/\/teasense.ch\/wp-content\/uploads\/2023\/07\/cropped-logo-teasense-kategorie-onlineshop-alle-produkte.jpg","width":512,"height":512,"caption":"Reale Selection"},"image":{"@id":"https:\/\/teasense.ch\/fr\/#\/schema\/logo\/image\/"},"sameAs":["https:\/\/www.facebook.com\/teasense.ch"]}]}},"jetpack-related-posts":[{"id":49050,"url":"https:\/\/teasense.ch\/fr\/produit\/pekoe-the-noir-gorreana\/","url_meta":{"origin":49426,"position":0},"title":"Pekoe \u2013 Th\u00e9 noir Gorreana","author":"Reale Selection","date":"20 ao\u00fbt 2025","format":false,"excerpt":"Th\u00e9 Pekoe \u2013 th\u00e9 noir classique de Gorreana Le Pekoe de Gorreana est un th\u00e9 noir classique des A\u00e7ores, appr\u00e9ci\u00e9 pour son caract\u00e8re \u00e9quilibr\u00e9 et doux. Alors que le Orange Pekoe repr\u00e9sente une qualit\u00e9 de feuille plus fine, le Pekoe s\u00e9duit par sa simplicit\u00e9 et convient parfaitement au quotidien. Origine\u2026","rel":"","context":"Similar post","block_context":{"text":"Similar post","link":""},"img":{"alt_text":"schwarzertee pekoe aus den Azoren Portugal","src":"https:\/\/i0.wp.com\/teasense.ch\/wp-content\/uploads\/2025\/08\/schwarzertee-pekoe.png?resize=350%2C200&ssl=1","width":350,"height":200,"srcset":"https:\/\/i0.wp.com\/teasense.ch\/wp-content\/uploads\/2025\/08\/schwarzertee-pekoe.png?resize=350%2C200&ssl=1 1x, https:\/\/i0.wp.com\/teasense.ch\/wp-content\/uploads\/2025\/08\/schwarzertee-pekoe.png?resize=525%2C300&ssl=1 1.5x, https:\/\/i0.wp.com\/teasense.ch\/wp-content\/uploads\/2025\/08\/schwarzertee-pekoe.png?resize=700%2C400&ssl=1 2x"},"classes":[]},{"id":50233,"url":"https:\/\/teasense.ch\/fr\/produit\/earl-grey-blue-royal\/","url_meta":{"origin":49426,"position":1},"title":"Earl Grey Blue Royal","author":"Reale Selection","date":"29 ao\u00fbt 2023","format":false,"excerpt":"Th\u00e9 noir naturellement aromatis\u00e9 Pr\u00e9paration Earl Grey Blue Royal \ud83e\udd44 2,5 g pour 200 ml d\u2019eau \ud83c\udf21\ufe0f 100 \u00b0C \u23f3 3\u20135 minutes","rel":"","context":"Similar post","block_context":{"text":"Similar post","link":""},"img":{"alt_text":"Lose Schwarzteemischung","src":"https:\/\/i0.wp.com\/teasense.ch\/wp-content\/uploads\/2023\/08\/earl-grey-blue-royal-plain.jpg?resize=350%2C200&ssl=1","width":350,"height":200,"srcset":"https:\/\/i0.wp.com\/teasense.ch\/wp-content\/uploads\/2023\/08\/earl-grey-blue-royal-plain.jpg?resize=350%2C200&ssl=1 1x, https:\/\/i0.wp.com\/teasense.ch\/wp-content\/uploads\/2023\/08\/earl-grey-blue-royal-plain.jpg?resize=525%2C300&ssl=1 1.5x, https:\/\/i0.wp.com\/teasense.ch\/wp-content\/uploads\/2023\/08\/earl-grey-blue-royal-plain.jpg?resize=700%2C400&ssl=1 2x"},"classes":[]},{"id":48451,"url":"https:\/\/teasense.ch\/fr\/produit\/composition-the\/","url_meta":{"origin":49426,"position":2},"title":"Composition de th\u00e9","author":"Reale Selection","date":"16 December 2025","format":false,"excerpt":"Pr\u00e9paration \ud83e\udd44 1 \u2013 2 c. \u00e0 caf\u00e9 par tasse (12 g\/litre)\ud83c\udf21\ufe0f 100 \u00b0C\u23f3 3 minutes","rel":"","context":"Similar post","block_context":{"text":"Similar post","link":""},"img":{"alt_text":"Trilogie de th\u00e9s \u2013 Th\u00e9 noir, th\u00e9 vert et th\u00e9 Pu-erh","src":"https:\/\/i0.wp.com\/teasense.ch\/wp-content\/uploads\/2025\/12\/tee-trilogie-%E2%80%93-schwarz-gruen-und-pu-erh-tee.png?resize=350%2C200&ssl=1","width":350,"height":200,"srcset":"https:\/\/i0.wp.com\/teasense.ch\/wp-content\/uploads\/2025\/12\/tee-trilogie-%E2%80%93-schwarz-gruen-und-pu-erh-tee.png?resize=350%2C200&ssl=1 1x, https:\/\/i0.wp.com\/teasense.ch\/wp-content\/uploads\/2025\/12\/tee-trilogie-%E2%80%93-schwarz-gruen-und-pu-erh-tee.png?resize=525%2C300&ssl=1 1.5x, https:\/\/i0.wp.com\/teasense.ch\/wp-content\/uploads\/2025\/12\/tee-trilogie-%E2%80%93-schwarz-gruen-und-pu-erh-tee.png?resize=700%2C400&ssl=1 2x"},"classes":[]},{"id":48613,"url":"https:\/\/teasense.ch\/fr\/produit\/the-noir-kenya-gfop-marinyn\/","url_meta":{"origin":49426,"position":3},"title":"Th\u00e9 noir Kenya GFOP Marinyn","author":"Reale Selection","date":"13 October 2025","format":false,"excerpt":"Pr\u00e9paration Kenya GFOP Marinyn \ud83e\udd44 1 cuill\u00e8re \u00e0 caf\u00e9 pour 200 ml\ud83c\udf21\ufe0f 100 \u00b0C\u23f3 3 minutes","rel":"","context":"Similar post","block_context":{"text":"Similar post","link":""},"img":{"alt_text":"Schwarztee aus Kenia loser Tee Kenya GFOP Marinyn","src":"https:\/\/i0.wp.com\/teasense.ch\/wp-content\/uploads\/2025\/10\/kenya-gfop-marinyn.png?resize=350%2C200&ssl=1","width":350,"height":200,"srcset":"https:\/\/i0.wp.com\/teasense.ch\/wp-content\/uploads\/2025\/10\/kenya-gfop-marinyn.png?resize=350%2C200&ssl=1 1x, https:\/\/i0.wp.com\/teasense.ch\/wp-content\/uploads\/2025\/10\/kenya-gfop-marinyn.png?resize=525%2C300&ssl=1 1.5x, https:\/\/i0.wp.com\/teasense.ch\/wp-content\/uploads\/2025\/10\/kenya-gfop-marinyn.png?resize=700%2C400&ssl=1 2x"},"classes":[]},{"id":49866,"url":"https:\/\/teasense.ch\/fr\/produit\/infusion-ayurveda-vata-aux-epices\/","url_meta":{"origin":49426,"position":4},"title":"Infusion Ayurveda Vata aux \u00e9pices","author":"Reale Selection","date":"28 ao\u00fbt 2023","format":false,"excerpt":"Le principe ayurv\u00e9dique Vata est associ\u00e9 \u00e0 l\u2019air et \u00e0 l\u2019espace. Pr\u00e9paration \u2013 infusion Ayurveda Vata \ud83e\udd44 2 g (env. 1 c.\u00e0.c) pour 200 ml d\u2019eau \ud83c\udf21\ufe0f 100 \u00b0C \u23f3 7 \u2013 10 minutes","rel":"","context":"Similar post","block_context":{"text":"Similar post","link":""},"img":{"alt_text":"Ayurveda Vata Gew\u00fcrztee","src":"https:\/\/i0.wp.com\/teasense.ch\/wp-content\/uploads\/2023\/08\/Ayurveda-Vata-Gewuerztee.png?resize=350%2C200&ssl=1","width":350,"height":200,"srcset":"https:\/\/i0.wp.com\/teasense.ch\/wp-content\/uploads\/2023\/08\/Ayurveda-Vata-Gewuerztee.png?resize=350%2C200&ssl=1 1x, https:\/\/i0.wp.com\/teasense.ch\/wp-content\/uploads\/2023\/08\/Ayurveda-Vata-Gewuerztee.png?resize=525%2C300&ssl=1 1.5x, https:\/\/i0.wp.com\/teasense.ch\/wp-content\/uploads\/2023\/08\/Ayurveda-Vata-Gewuerztee.png?resize=700%2C400&ssl=1 2x"},"classes":[]},{"id":49263,"url":"https:\/\/teasense.ch\/fr\/produit\/tisane-kapha-ayurvedique\/","url_meta":{"origin":49426,"position":5},"title":"Tisane Kapha ayurv\u00e9dique","author":"Reale Selection","date":"12 May 2025","format":false,"excerpt":"Pr\u00e9paration \u2013 tisane Kapha ayurv\u00e9dique \ud83e\udd44 2 g (env. 1 c. \u00e0 caf\u00e9) pour 200 ml \ud83c\udf21\ufe0f 100 \u00b0C \u23f3 7\u201310 minutes","rel":"","context":"Similar post","block_context":{"text":"Similar post","link":""},"img":{"alt_text":"Ayurveda Kapha Gew\u00fcrz- und Kr\u00e4utertee","src":"https:\/\/i0.wp.com\/teasense.ch\/wp-content\/uploads\/2025\/05\/Ayurveda-Kapha-Gewuerz-und-Kraeutertee.png?resize=350%2C200&ssl=1","width":350,"height":200,"srcset":"https:\/\/i0.wp.com\/teasense.ch\/wp-content\/uploads\/2025\/05\/Ayurveda-Kapha-Gewuerz-und-Kraeutertee.png?resize=350%2C200&ssl=1 1x, https:\/\/i0.wp.com\/teasense.ch\/wp-content\/uploads\/2025\/05\/Ayurveda-Kapha-Gewuerz-und-Kraeutertee.png?resize=525%2C300&ssl=1 1.5x, https:\/\/i0.wp.com\/teasense.ch\/wp-content\/uploads\/2025\/05\/Ayurveda-Kapha-Gewuerz-und-Kraeutertee.png?resize=700%2C400&ssl=1 2x"},"classes":[]}],"jetpack_sharing_enabled":true,"jetpack_likes_enabled":false,"_links":{"self":[{"href":"https:\/\/teasense.ch\/fr\/wp-json\/wp\/v2\/product\/49426","targetHints":{"allow":["GET"]}}],"collection":[{"href":"https:\/\/teasense.ch\/fr\/wp-json\/wp\/v2\/product"}],"about":[{"href":"https:\/\/teasense.ch\/fr\/wp-json\/wp\/v2\/types\/product"}],"replies":[{"embeddable":true,"href":"https:\/\/teasense.ch\/fr\/wp-json\/wp\/v2\/comments?post=49426"}],"wp:featuredmedia":[{"embeddable":true,"href":"https:\/\/teasense.ch\/fr\/wp-json\/wp\/v2\/media\/50854"}],"wp:attachment":[{"href":"https:\/\/teasense.ch\/fr\/wp-json\/wp\/v2\/media?parent=49426"}],"wp:term":[{"taxonomy":"product_brand","embeddable":true,"href":"https:\/\/teasense.ch\/fr\/wp-json\/wp\/v2\/product_brand?post=49426"},{"taxonomy":"product_cat","embeddable":true,"href":"https:\/\/teasense.ch\/fr\/wp-json\/wp\/v2\/product_cat?post=49426"},{"taxonomy":"product_tag","embeddable":true,"href":"https:\/\/teasense.ch\/fr\/wp-json\/wp\/v2\/product_tag?post=49426"}],"curies":[{"name":"wp","href":"https:\/\/api.w.org\/{rel}","templated":true}]}}