{"id":49456,"date":"2024-10-22T16:02:59","date_gmt":"2024-10-22T14:02:59","guid":{"rendered":"https:\/\/teasense.ch\/produkt\/infusion-aux-herbes-a-lorange\/"},"modified":"2026-05-03T16:53:20","modified_gmt":"2026-05-03T14:53:20","slug":"infusion-aux-herbes-a-lorange","status":"publish","type":"product","link":"https:\/\/teasense.ch\/fr\/produit\/infusion-aux-herbes-a-lorange\/","title":{"rendered":"Infusion aux herbes \u00e0 l\u2019orange"},"content":{"rendered":"<h2>Infusion aux herbes \u00e0 l\u2019orange \u2013 m\u00e9lange fruit\u00e9 et frais<\/h2>\n<p>Cette infusion aux herbes \u00e0 l\u2019orange associe douceur fruit\u00e9e et fra\u00eecheur naturelle. La combinaison d\u2019ingr\u00e9dients soigneusement s\u00e9lectionn\u00e9s offre une tasse harmonieuse et agr\u00e9able.<\/p>\n<p>La citronnelle apporte une note fra\u00eeche et citronn\u00e9e, tandis que les morceaux de pomme offrent une base douce. L\u2019hibiscus et les \u00e9corces de cynorrhodon ajoutent une l\u00e9g\u00e8re acidit\u00e9 et une belle couleur. Les \u00e9corces d\u2019orange et l\u2019huile d\u2019orange compl\u00e8tent le profil aromatique, accompagn\u00e9es de morceaux de framboise.<\/p>\n<p>\u00c0 savourer chaude ou froide, cette infusion s\u2019adapte \u00e0 toutes les occasions.<\/p>\n<h3>Ingr\u00e9dients s\u00e9lectionn\u00e9s<\/h3>\n<ul>\n<li><strong>Citronnelle<\/strong> \u2013 fra\u00eecheur citronn\u00e9e<\/li>\n<li><strong>Morceaux de pomme<\/strong> \u2013 douceur naturelle<\/li>\n<li><strong>Hibiscus &#038; cynorrhodon<\/strong> \u2013 acidit\u00e9 fruit\u00e9e<\/li>\n<li><strong>\u00c9corces d\u2019orange<\/strong> \u2013 ar\u00f4me intense<\/li>\n<li><strong>Framboise<\/strong> \u2013 touche fruit\u00e9e<\/li>\n<li><strong>Feuilles de st\u00e9via<\/strong> \u2013 douceur naturelle<\/li>\n<\/ul>\n<h3>Pr\u00e9paration<\/h3>\n<p>Utilise 1 cuill\u00e8re \u00e0 caf\u00e9 par tasse et verse de l\u2019eau bouillante (100 \u00b0C). Laisse infuser 6 \u00e0 10 minutes.<\/p>\n","protected":false},"excerpt":{"rendered":"<h4>Pr\u00e9paration \u2013 Infusion aux herbes \u00e0 l\u2019orange<\/h4>\n<p>\ud83e\udd44 1 c.\u00e0.c par tasse<br \/>\n\ud83c\udf21\ufe0f 100 \u00b0C<br \/>\n\u23f3 6\u201310 minutes<\/p>\n","protected":false},"featured_media":43495,"comment_status":"open","ping_status":"closed","template":"","meta":{"_et_pb_use_builder":"","_et_pb_old_content":"","_et_gb_content_width":""},"product_brand":[],"product_cat":[375,380,348],"product_tag":[],"class_list":{"0":"post-49456","1":"product","2":"type-product","3":"status-publish","4":"has-post-thumbnail","6":"product_cat-the-en-vrac","7":"product_cat-tisane","8":"product_cat-tous-produits","9":"pa_herkunft-allemagne","10":"pa_weight-100-g","11":"pa_weight-200-g","12":"pa_weight-400-g","13":"pa_weight-50-g","15":"first","16":"instock","17":"shipping-taxable","18":"purchasable","19":"product-type-variable","20":"has-default-attributes","21":"add-to-wishlist-before_image"},"yoast_head":"<!-- This site is optimized with the Yoast SEO plugin v27.5 - https:\/\/yoast.com\/product\/yoast-seo-wordpress\/ -->\n<title>Infusion aux herbes \u00e0 l\u2019orange - TeaSense.ch - Tee Shop Schweiz<\/title>\n<meta name=\"description\" content=\"Infusion aux herbes \u00e0 l\u2019orange avec pomme, citronnelle et \u00e9corces d\u2019orange. M\u00e9lange frais et fruit\u00e9, \u00e0 d\u00e9guster chaud ou froid.\" \/>\n<meta name=\"robots\" content=\"index, follow, max-snippet:-1, max-image-preview:large, max-video-preview:-1\" \/>\n<link rel=\"canonical\" href=\"https:\/\/teasense.ch\/fr\/produit\/infusion-aux-herbes-a-lorange\/\" \/>\n<meta property=\"og:locale\" content=\"fr_FR\" \/>\n<meta property=\"og:type\" content=\"article\" \/>\n<meta property=\"og:title\" content=\"Infusion aux herbes \u00e0 l\u2019orange - TeaSense.ch - Tee Shop Schweiz\" \/>\n<meta property=\"og:description\" content=\"Infusion aux herbes \u00e0 l\u2019orange avec pomme, citronnelle et \u00e9corces d\u2019orange. M\u00e9lange frais et fruit\u00e9, \u00e0 d\u00e9guster chaud ou froid.\" \/>\n<meta property=\"og:url\" content=\"https:\/\/teasense.ch\/fr\/produit\/infusion-aux-herbes-a-lorange\/\" \/>\n<meta property=\"og:site_name\" content=\"TeaSense.ch - Tee Shop Schweiz\" \/>\n<meta property=\"article:publisher\" content=\"https:\/\/www.facebook.com\/teasense.ch\" \/>\n<meta property=\"article:modified_time\" content=\"2026-05-03T14:53:20+00:00\" \/>\n<meta property=\"og:image\" content=\"https:\/\/teasense.ch\/wp-content\/uploads\/2025\/02\/hibiskus-tee-lose-und-aufgegossen-in-Tassen.png\" \/>\n\t<meta property=\"og:image:width\" content=\"800\" \/>\n\t<meta property=\"og:image:height\" content=\"800\" \/>\n\t<meta property=\"og:image:type\" content=\"image\/png\" \/>\n<meta name=\"twitter:card\" content=\"summary_large_image\" \/>\n<meta name=\"twitter:label1\" content=\"Est. reading time\" \/>\n\t<meta name=\"twitter:data1\" content=\"1 minute\" \/>\n<!-- \/ Yoast SEO plugin. -->","yoast_head_json":{"title":"Infusion aux herbes \u00e0 l\u2019orange - TeaSense.ch - Tee Shop Schweiz","description":"Infusion aux herbes \u00e0 l\u2019orange avec pomme, citronnelle et \u00e9corces d\u2019orange. M\u00e9lange frais et fruit\u00e9, \u00e0 d\u00e9guster chaud ou froid.","robots":{"index":"index","follow":"follow","max-snippet":"max-snippet:-1","max-image-preview":"max-image-preview:large","max-video-preview":"max-video-preview:-1"},"canonical":"https:\/\/teasense.ch\/fr\/produit\/infusion-aux-herbes-a-lorange\/","og_locale":"fr_FR","og_type":"article","og_title":"Infusion aux herbes \u00e0 l\u2019orange - TeaSense.ch - Tee Shop Schweiz","og_description":"Infusion aux herbes \u00e0 l\u2019orange avec pomme, citronnelle et \u00e9corces d\u2019orange. M\u00e9lange frais et fruit\u00e9, \u00e0 d\u00e9guster chaud ou froid.","og_url":"https:\/\/teasense.ch\/fr\/produit\/infusion-aux-herbes-a-lorange\/","og_site_name":"TeaSense.ch - Tee Shop Schweiz","article_publisher":"https:\/\/www.facebook.com\/teasense.ch","article_modified_time":"2026-05-03T14:53:20+00:00","og_image":[{"width":800,"height":800,"url":"https:\/\/teasense.ch\/wp-content\/uploads\/2025\/02\/hibiskus-tee-lose-und-aufgegossen-in-Tassen.png","type":"image\/png"}],"twitter_card":"summary_large_image","twitter_misc":{"Est. reading time":"1 minute"},"schema":{"@context":"https:\/\/schema.org","@graph":[{"@type":"WebPage","@id":"https:\/\/teasense.ch\/fr\/produit\/infusion-aux-herbes-a-lorange\/","url":"https:\/\/teasense.ch\/fr\/produit\/infusion-aux-herbes-a-lorange\/","name":"Infusion aux herbes \u00e0 l\u2019orange - TeaSense.ch - Tee Shop Schweiz","isPartOf":{"@id":"https:\/\/teasense.ch\/fr\/#website"},"primaryImageOfPage":{"@id":"https:\/\/teasense.ch\/fr\/produit\/infusion-aux-herbes-a-lorange\/#primaryimage"},"image":{"@id":"https:\/\/teasense.ch\/fr\/produit\/infusion-aux-herbes-a-lorange\/#primaryimage"},"thumbnailUrl":"https:\/\/teasense.ch\/wp-content\/uploads\/2024\/10\/gold.png","datePublished":"2024-10-22T14:02:59+00:00","dateModified":"2026-05-03T14:53:20+00:00","description":"Infusion aux herbes \u00e0 l\u2019orange avec pomme, citronnelle et \u00e9corces d\u2019orange. M\u00e9lange frais et fruit\u00e9, \u00e0 d\u00e9guster chaud ou froid.","breadcrumb":{"@id":"https:\/\/teasense.ch\/fr\/produit\/infusion-aux-herbes-a-lorange\/#breadcrumb"},"inLanguage":"fr-CH","potentialAction":[{"@type":"ReadAction","target":["https:\/\/teasense.ch\/fr\/produit\/infusion-aux-herbes-a-lorange\/"]}]},{"@type":"ImageObject","inLanguage":"fr-CH","@id":"https:\/\/teasense.ch\/fr\/produit\/infusion-aux-herbes-a-lorange\/#primaryimage","url":"https:\/\/teasense.ch\/wp-content\/uploads\/2024\/10\/gold.png","contentUrl":"https:\/\/teasense.ch\/wp-content\/uploads\/2024\/10\/gold.png","width":800,"height":800,"caption":"Goldorange Teemischung lose"},{"@type":"BreadcrumbList","@id":"https:\/\/teasense.ch\/fr\/produit\/infusion-aux-herbes-a-lorange\/#breadcrumb","itemListElement":[{"@type":"ListItem","position":1,"name":"Startseite","item":"https:\/\/teasense.ch\/fr\/"},{"@type":"ListItem","position":2,"name":"Boutique de th\u00e9 en ligne","item":"https:\/\/teasense.ch\/fr\/shop\/"},{"@type":"ListItem","position":3,"name":"Infusion aux herbes \u00e0 l\u2019orange"}]},{"@type":"WebSite","@id":"https:\/\/teasense.ch\/fr\/#website","url":"https:\/\/teasense.ch\/fr\/","name":"TeaSense.ch","description":"Nat\u00fcrliche Teemischungen und klassischer Tee","publisher":{"@id":"https:\/\/teasense.ch\/fr\/#organization"},"alternateName":"TeaSense","potentialAction":[{"@type":"SearchAction","target":{"@type":"EntryPoint","urlTemplate":"https:\/\/teasense.ch\/fr\/?s={search_term_string}"},"query-input":{"@type":"PropertyValueSpecification","valueRequired":true,"valueName":"search_term_string"}}],"inLanguage":"fr-CH"},{"@type":"Organization","@id":"https:\/\/teasense.ch\/fr\/#organization","name":"Reale Selection","alternateName":"TeaSense.ch","url":"https:\/\/teasense.ch\/fr\/","logo":{"@type":"ImageObject","inLanguage":"fr-CH","@id":"https:\/\/teasense.ch\/fr\/#\/schema\/logo\/image\/","url":"https:\/\/teasense.ch\/wp-content\/uploads\/2023\/07\/cropped-logo-teasense-kategorie-onlineshop-alle-produkte.jpg","contentUrl":"https:\/\/teasense.ch\/wp-content\/uploads\/2023\/07\/cropped-logo-teasense-kategorie-onlineshop-alle-produkte.jpg","width":512,"height":512,"caption":"Reale Selection"},"image":{"@id":"https:\/\/teasense.ch\/fr\/#\/schema\/logo\/image\/"},"sameAs":["https:\/\/www.facebook.com\/teasense.ch"]}]}},"jetpack-related-posts":[{"id":48631,"url":"https:\/\/teasense.ch\/fr\/produit\/tisane-feuilles-framboisier\/","url_meta":{"origin":49456,"position":0},"title":"Tisane de feuilles de framboisier","author":"Reale Selection","date":"13. October 2025","format":false,"excerpt":"Pr\u00e9paration feuilles de framboisier \ud83e\udd44 1-2 cuill\u00e8res \u00e0 caf\u00e9 pour 200 ml\ud83c\udf21\ufe0f 95 \u00b0C\u23f3 5-7 minutes","rel":"","context":"Similar post","block_context":{"text":"Similar post","link":""},"img":{"alt_text":"Himbeerbl\u00e4tter Tee \u2013 mild, aromatisch und wohlschmeckend","src":"https:\/\/i0.wp.com\/teasense.ch\/wp-content\/uploads\/2025\/10\/himbeerblaetter.png?resize=350%2C200&ssl=1","width":350,"height":200,"srcset":"https:\/\/i0.wp.com\/teasense.ch\/wp-content\/uploads\/2025\/10\/himbeerblaetter.png?resize=350%2C200&ssl=1 1x, https:\/\/i0.wp.com\/teasense.ch\/wp-content\/uploads\/2025\/10\/himbeerblaetter.png?resize=525%2C300&ssl=1 1.5x, https:\/\/i0.wp.com\/teasense.ch\/wp-content\/uploads\/2025\/10\/himbeerblaetter.png?resize=700%2C400&ssl=1 2x"},"classes":[]},{"id":48541,"url":"https:\/\/teasense.ch\/fr\/produit\/soba-cha-the-sarrasin-cuit-au-four\/","url_meta":{"origin":49456,"position":1},"title":"Soba Cha \u2013 th\u00e9 de sarrasin (cuit au four)","author":"Reale Selection","date":"10. November 2025","format":false,"excerpt":"\ud83e\udd44 2 cuill\u00e8res \u00e0 caf\u00e9 par tasse (14 g\/litre) \ud83c\udf21\ufe0f 100 \u00b0C \u23f3 2 minutes","rel":"","context":"Similar post","block_context":{"text":"Similar post","link":""},"img":{"alt_text":"Soba Cha \u2013 gebackener Buchweizen Tee","src":"https:\/\/i0.wp.com\/teasense.ch\/wp-content\/uploads\/2025\/11\/buchweizen.png?resize=350%2C200&ssl=1","width":350,"height":200,"srcset":"https:\/\/i0.wp.com\/teasense.ch\/wp-content\/uploads\/2025\/11\/buchweizen.png?resize=350%2C200&ssl=1 1x, https:\/\/i0.wp.com\/teasense.ch\/wp-content\/uploads\/2025\/11\/buchweizen.png?resize=525%2C300&ssl=1 1.5x, https:\/\/i0.wp.com\/teasense.ch\/wp-content\/uploads\/2025\/11\/buchweizen.png?resize=700%2C400&ssl=1 2x"},"classes":[]},{"id":48568,"url":"https:\/\/teasense.ch\/fr\/produit\/melange-epices-curcuma\/","url_meta":{"origin":49456,"position":2},"title":"M\u00e9lange d\u2019\u00e9pices au curcuma","author":"Reale Selection","date":"22. October 2025","format":false,"excerpt":"Curcuma avec citronnelle, citron, gingembre et coriandre Id\u00e9al en infusion, en cuisine ou pour une boisson au curcuma Couleur dor\u00e9e, 100 % d\u2019ingr\u00e9dients naturels \u2013 sans additifs","rel":"","context":"Similar post","block_context":{"text":"Similar post","link":""},"img":{"alt_text":"Kurkuma Gew\u00fcrz-Mix Zitronengras, Zitrone, Ingwer und Koriander","src":"https:\/\/i0.wp.com\/teasense.ch\/wp-content\/uploads\/2025\/09\/kurkuma-zitrone-1.png?resize=350%2C200&ssl=1","width":350,"height":200,"srcset":"https:\/\/i0.wp.com\/teasense.ch\/wp-content\/uploads\/2025\/09\/kurkuma-zitrone-1.png?resize=350%2C200&ssl=1 1x, https:\/\/i0.wp.com\/teasense.ch\/wp-content\/uploads\/2025\/09\/kurkuma-zitrone-1.png?resize=525%2C300&ssl=1 1.5x, https:\/\/i0.wp.com\/teasense.ch\/wp-content\/uploads\/2025\/09\/kurkuma-zitrone-1.png?resize=700%2C400&ssl=1 2x"},"classes":[]},{"id":49248,"url":"https:\/\/teasense.ch\/fr\/produit\/rooibos-vert\/","url_meta":{"origin":49456,"position":3},"title":"Rooibos vert","author":"Reale Selection","date":"12. May 2025","format":false,"excerpt":"Pr\u00e9paration \u2013 rooibos vert \ud83e\udd44 1 c. \u00e0 caf\u00e9 pour 200 ml (20 g\/litre) \ud83c\udf21\ufe0f 90 \u00b0C \u23f3 5 minutes","rel":"","context":"Similar post","block_context":{"text":"Similar post","link":""},"img":{"alt_text":"Gr\u00fcner Rooibos Tee","src":"https:\/\/i0.wp.com\/teasense.ch\/wp-content\/uploads\/2025\/05\/Gruener-Rooibusch.png?resize=350%2C200&ssl=1","width":350,"height":200,"srcset":"https:\/\/i0.wp.com\/teasense.ch\/wp-content\/uploads\/2025\/05\/Gruener-Rooibusch.png?resize=350%2C200&ssl=1 1x, https:\/\/i0.wp.com\/teasense.ch\/wp-content\/uploads\/2025\/05\/Gruener-Rooibusch.png?resize=525%2C300&ssl=1 1.5x, https:\/\/i0.wp.com\/teasense.ch\/wp-content\/uploads\/2025\/05\/Gruener-Rooibusch.png?resize=700%2C400&ssl=1 2x"},"classes":[]},{"id":48522,"url":"https:\/\/teasense.ch\/fr\/produit\/feuilles-stevia\/","url_meta":{"origin":49456,"position":4},"title":"Feuilles de stevia","author":"Reale Selection","date":"10. November 2025","format":false,"excerpt":"Pr\u00e9paration Feuilles de stevia \ud83e\udd44 cuill\u00e8re \u00e0 caf\u00e9 par tasse dans le m\u00e9lange \ud83c\udf21\ufe0f 100 \u00b0C \u23f3 5\u20138 minutes (selon le m\u00e9lange)","rel":"","context":"Similar post","block_context":{"text":"Similar post","link":""},"img":{"alt_text":"Stevia Bl\u00e4tter als Tee Zutat f\u00fcr Fr\u00fcchte und Kr\u00e4utertee","src":"https:\/\/i0.wp.com\/teasense.ch\/wp-content\/uploads\/2025\/11\/steviablaetter-als-tee.png?resize=350%2C200&ssl=1","width":350,"height":200,"srcset":"https:\/\/i0.wp.com\/teasense.ch\/wp-content\/uploads\/2025\/11\/steviablaetter-als-tee.png?resize=350%2C200&ssl=1 1x, https:\/\/i0.wp.com\/teasense.ch\/wp-content\/uploads\/2025\/11\/steviablaetter-als-tee.png?resize=525%2C300&ssl=1 1.5x, https:\/\/i0.wp.com\/teasense.ch\/wp-content\/uploads\/2025\/11\/steviablaetter-als-tee.png?resize=700%2C400&ssl=1 2x"},"classes":[]},{"id":48175,"url":"https:\/\/teasense.ch\/fr\/produit\/tisane-douce-nuit\/","url_meta":{"origin":49456,"position":5},"title":"Tisane Douce Nuit","author":"Reale Selection","date":"23. October 2024","format":false,"excerpt":"Pr\u00e9paration de la Tisane Douce Nuit \ud83e\udd44 1 cuill\u00e8re \u00e0 caf\u00e9 par tasse (14 g\/litre)\ud83c\udf21\ufe0f 100 \u00b0C\u23f3 5 minutes","rel":"","context":"Similar post","block_context":{"text":"Similar post","link":""},"img":{"alt_text":"Schlafm\u00fctze Kr\u00e4utertee weisser Hintergrund","src":"https:\/\/i0.wp.com\/teasense.ch\/wp-content\/uploads\/2024\/10\/schlafmuetze-kraeutertee-weisser-hintergrund.png?resize=350%2C200&ssl=1","width":350,"height":200,"srcset":"https:\/\/i0.wp.com\/teasense.ch\/wp-content\/uploads\/2024\/10\/schlafmuetze-kraeutertee-weisser-hintergrund.png?resize=350%2C200&ssl=1 1x, https:\/\/i0.wp.com\/teasense.ch\/wp-content\/uploads\/2024\/10\/schlafmuetze-kraeutertee-weisser-hintergrund.png?resize=525%2C300&ssl=1 1.5x, https:\/\/i0.wp.com\/teasense.ch\/wp-content\/uploads\/2024\/10\/schlafmuetze-kraeutertee-weisser-hintergrund.png?resize=700%2C400&ssl=1 2x"},"classes":[]}],"jetpack_sharing_enabled":true,"jetpack_likes_enabled":false,"_links":{"self":[{"href":"https:\/\/teasense.ch\/fr\/wp-json\/wp\/v2\/product\/49456","targetHints":{"allow":["GET"]}}],"collection":[{"href":"https:\/\/teasense.ch\/fr\/wp-json\/wp\/v2\/product"}],"about":[{"href":"https:\/\/teasense.ch\/fr\/wp-json\/wp\/v2\/types\/product"}],"replies":[{"embeddable":true,"href":"https:\/\/teasense.ch\/fr\/wp-json\/wp\/v2\/comments?post=49456"}],"wp:featuredmedia":[{"embeddable":true,"href":"https:\/\/teasense.ch\/fr\/wp-json\/wp\/v2\/media\/43495"}],"wp:attachment":[{"href":"https:\/\/teasense.ch\/fr\/wp-json\/wp\/v2\/media?parent=49456"}],"wp:term":[{"taxonomy":"product_brand","embeddable":true,"href":"https:\/\/teasense.ch\/fr\/wp-json\/wp\/v2\/product_brand?post=49456"},{"taxonomy":"product_cat","embeddable":true,"href":"https:\/\/teasense.ch\/fr\/wp-json\/wp\/v2\/product_cat?post=49456"},{"taxonomy":"product_tag","embeddable":true,"href":"https:\/\/teasense.ch\/fr\/wp-json\/wp\/v2\/product_tag?post=49456"}],"curies":[{"name":"wp","href":"https:\/\/api.w.org\/{rel}","templated":true}]}}