{"id":49652,"date":"2025-02-26T16:37:49","date_gmt":"2025-02-26T15:37:49","guid":{"rendered":"https:\/\/teasense.ch\/produkt\/morceaux-de-mangue-sechee\/"},"modified":"2026-05-05T13:44:45","modified_gmt":"2026-05-05T11:44:45","slug":"morceaux-de-mangue-sechee","status":"publish","type":"product","link":"https:\/\/teasense.ch\/fr\/produit\/morceaux-de-mangue-sechee\/","title":{"rendered":"Morceaux de mangue s\u00e9ch\u00e9e"},"content":{"rendered":"<h2>Morceaux de mangue s\u00e9ch\u00e9e \u2013 Doux, fruit\u00e9s et exotiques<\/h2>\n<p>Nos morceaux de mangue s\u00e9ch\u00e9e offrent le go\u00fbt des mangues m\u00fbries au soleil. Soigneusement pr\u00e9par\u00e9s et d\u00e9licatement s\u00e9ch\u00e9s, ils sont l\u00e9g\u00e8rement sucr\u00e9s afin de renforcer leur ar\u00f4me naturellement fruit\u00e9. Leur texture reste ainsi tendre et agr\u00e9able.<\/p>\n<p>Que ce soit en snack, dans un m\u00fcesli ou en p\u00e2tisserie, ces morceaux de mangue sont tr\u00e8s polyvalents. Ils ne contiennent aucun ar\u00f4me ni colorant artificiel \u2013 uniquement le go\u00fbt pur de la mangue.<\/p>\n<h3>Pourquoi choisir nos morceaux de mangue s\u00e9ch\u00e9e ?<\/h3>\n<ul>\n<li><strong>Mangue m\u00fbrie au soleil<\/strong> \u2013 saveur intense<\/li>\n<li><strong>Douce et l\u00e9g\u00e8rement acidul\u00e9e<\/strong> \u2013 \u00e9quilibre parfait<\/li>\n<li><strong>Texture tendre<\/strong> \u2013 agr\u00e9able en bouche<\/li>\n<li><strong>Utilisation vari\u00e9e<\/strong> \u2013 snack ou recettes<\/li>\n<li><strong>Sans additifs artificiels<\/strong> \u2013 l\u00e9g\u00e8rement sucr\u00e9e<\/li>\n<\/ul>\n<h3>Go\u00fbt &#038; utilisation<\/h3>\n<p>Les morceaux de mangue s\u00e9ch\u00e9e offrent un \u00e9quilibre entre douceur et acidit\u00e9. Leur texture tendre les rend parfaits pour les smoothies, yaourts ou m\u00fceslis.<\/p>\n<h3>Conservation<\/h3>\n<p>\u00c0 conserver au sec et dans un r\u00e9cipient herm\u00e9tique.<\/p>\n<p>\ud83d\udca1 Astuce<br \/>\nFaire tremper les morceaux avant utilisation pour la p\u00e2tisserie ou des plats exotiques.<\/p>\n","protected":false},"excerpt":{"rendered":"<h4>Pr\u00e9paration morceaux de mangue s\u00e9ch\u00e9e en infusion<\/h4>\n<p>\ud83e\udd44 1 &#8211; 2 c.\u00e0.c pour 250 ml d\u2019eau<br \/>\n\ud83c\udf21\ufe0f 100 \u00b0C<br \/>\n\u23f3 10 &#8211; 15 minutes<\/p>\n<p><strong>Astuce \ud83d\udca1<\/strong><br \/>\nD\u00e9licieux seul ou avec gingembre et citronnelle.<\/p>\n","protected":false},"featured_media":44255,"comment_status":"open","ping_status":"closed","template":"","meta":{"_et_pb_use_builder":"","_et_pb_old_content":"","_et_gb_content_width":""},"product_brand":[],"product_cat":[394,412,348],"product_tag":[],"class_list":{"0":"post-49652","1":"product","2":"type-product","3":"status-publish","4":"has-post-thumbnail","6":"product_cat-fruits-epices","7":"product_cat-infusion-fruits","8":"product_cat-tous-produits","9":"pa_herkunft-thailande","10":"pa_weight-100-g","11":"pa_weight-200-g","12":"pa_weight-30-g","14":"first","15":"instock","16":"shipping-taxable","17":"purchasable","18":"product-type-variable","19":"has-default-attributes","20":"add-to-wishlist-before_image"},"yoast_head":"<!-- This site is optimized with the Yoast SEO plugin v27.5 - https:\/\/yoast.com\/product\/yoast-seo-wordpress\/ -->\n<title>Morceaux de mangue s\u00e9ch\u00e9e - TeaSense.ch<\/title>\n<meta name=\"description\" content=\"Morceaux de mangue s\u00e9ch\u00e9e \u2013 doux, fruit\u00e9s et exotiques. Id\u00e9al en snack ou en cuisine. \ud83e\udd6d\" \/>\n<meta name=\"robots\" content=\"index, follow, max-snippet:-1, max-image-preview:large, max-video-preview:-1\" \/>\n<link rel=\"canonical\" href=\"https:\/\/teasense.ch\/fr\/produit\/morceaux-de-mangue-sechee\/\" \/>\n<meta property=\"og:locale\" content=\"fr_FR\" \/>\n<meta property=\"og:type\" content=\"article\" \/>\n<meta property=\"og:title\" content=\"Morceaux de mangue s\u00e9ch\u00e9e - TeaSense.ch\" \/>\n<meta property=\"og:description\" content=\"Morceaux de mangue s\u00e9ch\u00e9e \u2013 doux, fruit\u00e9s et exotiques. Id\u00e9al en snack ou en cuisine. \ud83e\udd6d\" \/>\n<meta property=\"og:url\" content=\"https:\/\/teasense.ch\/fr\/produit\/morceaux-de-mangue-sechee\/\" \/>\n<meta property=\"og:site_name\" content=\"TeaSense.ch\" \/>\n<meta property=\"article:publisher\" content=\"https:\/\/www.facebook.com\/teasense.ch\" \/>\n<meta property=\"article:modified_time\" content=\"2026-05-05T11:44:45+00:00\" \/>\n<meta property=\"og:image\" content=\"https:\/\/teasense.ch\/wp-content\/uploads\/2025\/02\/hibiskus-tee-lose-und-aufgegossen-in-Tassen.png\" \/>\n\t<meta property=\"og:image:width\" content=\"800\" \/>\n\t<meta property=\"og:image:height\" content=\"800\" \/>\n\t<meta property=\"og:image:type\" content=\"image\/png\" \/>\n<meta name=\"twitter:card\" content=\"summary_large_image\" \/>\n<meta name=\"twitter:label1\" content=\"Est. reading time\" \/>\n\t<meta name=\"twitter:data1\" content=\"1 minute\" \/>\n<!-- \/ Yoast SEO plugin. -->","yoast_head_json":{"title":"Morceaux de mangue s\u00e9ch\u00e9e - TeaSense.ch","description":"Morceaux de mangue s\u00e9ch\u00e9e \u2013 doux, fruit\u00e9s et exotiques. Id\u00e9al en snack ou en cuisine. \ud83e\udd6d","robots":{"index":"index","follow":"follow","max-snippet":"max-snippet:-1","max-image-preview":"max-image-preview:large","max-video-preview":"max-video-preview:-1"},"canonical":"https:\/\/teasense.ch\/fr\/produit\/morceaux-de-mangue-sechee\/","og_locale":"fr_FR","og_type":"article","og_title":"Morceaux de mangue s\u00e9ch\u00e9e - TeaSense.ch","og_description":"Morceaux de mangue s\u00e9ch\u00e9e \u2013 doux, fruit\u00e9s et exotiques. Id\u00e9al en snack ou en cuisine. \ud83e\udd6d","og_url":"https:\/\/teasense.ch\/fr\/produit\/morceaux-de-mangue-sechee\/","og_site_name":"TeaSense.ch","article_publisher":"https:\/\/www.facebook.com\/teasense.ch","article_modified_time":"2026-05-05T11:44:45+00:00","og_image":[{"width":800,"height":800,"url":"https:\/\/teasense.ch\/wp-content\/uploads\/2025\/02\/hibiskus-tee-lose-und-aufgegossen-in-Tassen.png","type":"image\/png"}],"twitter_card":"summary_large_image","twitter_misc":{"Est. reading time":"1 minute"},"schema":{"@context":"https:\/\/schema.org","@graph":[{"@type":"WebPage","@id":"https:\/\/teasense.ch\/fr\/produit\/morceaux-de-mangue-sechee\/","url":"https:\/\/teasense.ch\/fr\/produit\/morceaux-de-mangue-sechee\/","name":"Morceaux de mangue s\u00e9ch\u00e9e - TeaSense.ch","isPartOf":{"@id":"https:\/\/teasense.ch\/fr\/#website"},"primaryImageOfPage":{"@id":"https:\/\/teasense.ch\/fr\/produit\/morceaux-de-mangue-sechee\/#primaryimage"},"image":{"@id":"https:\/\/teasense.ch\/fr\/produit\/morceaux-de-mangue-sechee\/#primaryimage"},"thumbnailUrl":"https:\/\/teasense.ch\/wp-content\/uploads\/2025\/02\/Mango.png","datePublished":"2025-02-26T15:37:49+00:00","dateModified":"2026-05-05T11:44:45+00:00","description":"Morceaux de mangue s\u00e9ch\u00e9e \u2013 doux, fruit\u00e9s et exotiques. Id\u00e9al en snack ou en cuisine. \ud83e\udd6d","breadcrumb":{"@id":"https:\/\/teasense.ch\/fr\/produit\/morceaux-de-mangue-sechee\/#breadcrumb"},"inLanguage":"fr-CH","potentialAction":[{"@type":"ReadAction","target":["https:\/\/teasense.ch\/fr\/produit\/morceaux-de-mangue-sechee\/"]}]},{"@type":"ImageObject","inLanguage":"fr-CH","@id":"https:\/\/teasense.ch\/fr\/produit\/morceaux-de-mangue-sechee\/#primaryimage","url":"https:\/\/teasense.ch\/wp-content\/uploads\/2025\/02\/Mango.png","contentUrl":"https:\/\/teasense.ch\/wp-content\/uploads\/2025\/02\/Mango.png","width":800,"height":800,"caption":"Mango St\u00fccke gezuckert aus Thailand f\u00fcr Tee"},{"@type":"BreadcrumbList","@id":"https:\/\/teasense.ch\/fr\/produit\/morceaux-de-mangue-sechee\/#breadcrumb","itemListElement":[{"@type":"ListItem","position":1,"name":"Startseite","item":"https:\/\/teasense.ch\/fr\/"},{"@type":"ListItem","position":2,"name":"Boutique de th\u00e9 en ligne","item":"https:\/\/teasense.ch\/fr\/shop\/"},{"@type":"ListItem","position":3,"name":"Morceaux de mangue s\u00e9ch\u00e9e"}]},{"@type":"WebSite","@id":"https:\/\/teasense.ch\/fr\/#website","url":"https:\/\/teasense.ch\/fr\/","name":"TeaSense.ch","description":"Nat\u00fcrliche Teemischungen und klassischer Tee","publisher":{"@id":"https:\/\/teasense.ch\/fr\/#organization"},"alternateName":"TeaSense","potentialAction":[{"@type":"SearchAction","target":{"@type":"EntryPoint","urlTemplate":"https:\/\/teasense.ch\/fr\/?s={search_term_string}"},"query-input":{"@type":"PropertyValueSpecification","valueRequired":true,"valueName":"search_term_string"}}],"inLanguage":"fr-CH"},{"@type":"Organization","@id":"https:\/\/teasense.ch\/fr\/#organization","name":"Reale Selection","alternateName":"TeaSense.ch","url":"https:\/\/teasense.ch\/fr\/","logo":{"@type":"ImageObject","inLanguage":"fr-CH","@id":"https:\/\/teasense.ch\/fr\/#\/schema\/logo\/image\/","url":"https:\/\/teasense.ch\/wp-content\/uploads\/2023\/07\/cropped-logo-teasense-kategorie-onlineshop-alle-produkte.jpg","contentUrl":"https:\/\/teasense.ch\/wp-content\/uploads\/2023\/07\/cropped-logo-teasense-kategorie-onlineshop-alle-produkte.jpg","width":512,"height":512,"caption":"Reale Selection"},"image":{"@id":"https:\/\/teasense.ch\/fr\/#\/schema\/logo\/image\/"},"sameAs":["https:\/\/www.facebook.com\/teasense.ch"]}]}},"jetpack-related-posts":[{"id":49568,"url":"https:\/\/teasense.ch\/fr\/produit\/tisane-fruits-enfants\/","url_meta":{"origin":49652,"position":0},"title":"Tisane aux fruits enfants","author":"Reale Selection","date":"22 October 2024","format":false,"excerpt":"Le classique, sans ar\u00f4mes ajout\u00e9s et sans caf\u00e9ine. Pr\u00e9paration tisane fruits enfants \ud83e\udd44 1 c.\u00e0.c par tasse \ud83c\udf21\ufe0f 100\u00b0C \u23f3 6 - 10 minutes","rel":"","context":"Similar post","block_context":{"text":"Similar post","link":""},"img":{"alt_text":"Kinderfr\u00fcchtetee Natur","src":"https:\/\/i0.wp.com\/teasense.ch\/wp-content\/uploads\/2024\/10\/kinderfruechtetee.png?resize=350%2C200&ssl=1","width":350,"height":200,"srcset":"https:\/\/i0.wp.com\/teasense.ch\/wp-content\/uploads\/2024\/10\/kinderfruechtetee.png?resize=350%2C200&ssl=1 1x, https:\/\/i0.wp.com\/teasense.ch\/wp-content\/uploads\/2024\/10\/kinderfruechtetee.png?resize=525%2C300&ssl=1 1.5x, https:\/\/i0.wp.com\/teasense.ch\/wp-content\/uploads\/2024\/10\/kinderfruechtetee.png?resize=700%2C400&ssl=1 2x"},"classes":[]},{"id":48156,"url":"https:\/\/teasense.ch\/fr\/produit\/the-noir-cerise-sauvage\/","url_meta":{"origin":49652,"position":1},"title":"Th\u00e9 noir cerise sauvage","author":"Reale Selection","date":"17 December 2025","format":false,"excerpt":"Pr\u00e9paration th\u00e9 noir cerise sauvage naturel \ud83e\udd44 1 \u2013 2 c. \u00e0 c. par tasse (12 g\/litre)\ud83c\udf21\ufe0f 100 \u00b0C\u23f3 3 minutes","rel":"","context":"Similar post","block_context":{"text":"Similar post","link":""},"img":{"alt_text":"Schwarztee Wildkirsche Nat\u00fcrliche Teemischung","src":"https:\/\/i0.wp.com\/teasense.ch\/wp-content\/uploads\/2025\/12\/schwarztee-wildkirsche.png?resize=350%2C200&ssl=1","width":350,"height":200,"srcset":"https:\/\/i0.wp.com\/teasense.ch\/wp-content\/uploads\/2025\/12\/schwarztee-wildkirsche.png?resize=350%2C200&ssl=1 1x, https:\/\/i0.wp.com\/teasense.ch\/wp-content\/uploads\/2025\/12\/schwarztee-wildkirsche.png?resize=525%2C300&ssl=1 1.5x, https:\/\/i0.wp.com\/teasense.ch\/wp-content\/uploads\/2025\/12\/schwarztee-wildkirsche.png?resize=700%2C400&ssl=1 2x"},"classes":[]},{"id":50074,"url":"https:\/\/teasense.ch\/fr\/produit\/tisane-fraicheur\/","url_meta":{"origin":49652,"position":2},"title":"Tisane Fra\u00eecheur","author":"Reale Selection","date":"22 October 2023","format":false,"excerpt":"Infusion aux herbes go\u00fbt menthe-citron Pr\u00e9paration Tisane Fra\u00eecheur \ud83e\udd44 1\u20132 c.\u00e0.c par litre (14 g\/litre) \ud83c\udf21\ufe0f 100 \u00b0C \u23f3 5 minutes","rel":"","context":"Similar post","block_context":{"text":"Similar post","link":""},"img":{"alt_text":"Loser Koriander Teemischung","src":"https:\/\/i0.wp.com\/teasense.ch\/wp-content\/uploads\/2023\/10\/kraeuterteemischung-bleib-fresh-plain.jpg?resize=350%2C200&ssl=1","width":350,"height":200,"srcset":"https:\/\/i0.wp.com\/teasense.ch\/wp-content\/uploads\/2023\/10\/kraeuterteemischung-bleib-fresh-plain.jpg?resize=350%2C200&ssl=1 1x, https:\/\/i0.wp.com\/teasense.ch\/wp-content\/uploads\/2023\/10\/kraeuterteemischung-bleib-fresh-plain.jpg?resize=525%2C300&ssl=1 1.5x, https:\/\/i0.wp.com\/teasense.ch\/wp-content\/uploads\/2023\/10\/kraeuterteemischung-bleib-fresh-plain.jpg?resize=700%2C400&ssl=1 2x"},"classes":[]},{"id":48476,"url":"https:\/\/teasense.ch\/fr\/produit\/the-choco-menthe\/","url_meta":{"origin":49652,"position":3},"title":"Choco Menthe &#8211; M\u00e9lange de tisanes","author":"Reale Selection","date":"16 novembre 2025","format":false,"excerpt":"Pr\u00e9paration \ud83e\udd44 1 cuill\u00e8re \u00e0 caf\u00e9 (10\u201312 g par litre)\ud83c\udf21\ufe0f 100 \u00b0C\u23f3 5 - 8 minutes","rel":"","context":"Similar post","block_context":{"text":"Similar post","link":""},"img":{"alt_text":"Schoko Minze - Kr\u00e4uterteemischung","src":"https:\/\/i0.wp.com\/teasense.ch\/wp-content\/uploads\/2025\/11\/schoko-minze-kraeuterteemischung.png?resize=350%2C200&ssl=1","width":350,"height":200,"srcset":"https:\/\/i0.wp.com\/teasense.ch\/wp-content\/uploads\/2025\/11\/schoko-minze-kraeuterteemischung.png?resize=350%2C200&ssl=1 1x, https:\/\/i0.wp.com\/teasense.ch\/wp-content\/uploads\/2025\/11\/schoko-minze-kraeuterteemischung.png?resize=525%2C300&ssl=1 1.5x, https:\/\/i0.wp.com\/teasense.ch\/wp-content\/uploads\/2025\/11\/schoko-minze-kraeuterteemischung.png?resize=700%2C400&ssl=1 2x"},"classes":[]},{"id":49975,"url":"https:\/\/teasense.ch\/fr\/produit\/infusion-de-lavent\/","url_meta":{"origin":49652,"position":4},"title":"Infusion de l\u2019Avent","author":"Reale Selection","date":"17 October 2023","format":false,"excerpt":"D\u00e9licieuse m\u00eame hors de l\u2019hiver. \u2603\ufe0f\u2744\ufe0f Pr\u00e9paration infusion de l\u2019Avent \ud83e\udd44 1 - 2 c.\u00e0.c bomb\u00e9es par tasse (20 g\/litre) \ud83c\udf21\ufe0f 100 \u00b0C \u23f3 8 \u2013 10 minutes","rel":"","context":"Similar post","block_context":{"text":"Similar post","link":""},"img":{"alt_text":"Winterfr\u00fcchte Teemischung","src":"https:\/\/i0.wp.com\/teasense.ch\/wp-content\/uploads\/2023\/10\/adventstee-plain.jpg?resize=350%2C200&ssl=1","width":350,"height":200,"srcset":"https:\/\/i0.wp.com\/teasense.ch\/wp-content\/uploads\/2023\/10\/adventstee-plain.jpg?resize=350%2C200&ssl=1 1x, https:\/\/i0.wp.com\/teasense.ch\/wp-content\/uploads\/2023\/10\/adventstee-plain.jpg?resize=525%2C300&ssl=1 1.5x, https:\/\/i0.wp.com\/teasense.ch\/wp-content\/uploads\/2023\/10\/adventstee-plain.jpg?resize=700%2C400&ssl=1 2x"},"classes":[]},{"id":48631,"url":"https:\/\/teasense.ch\/fr\/produit\/tisane-feuilles-framboisier\/","url_meta":{"origin":49652,"position":5},"title":"Tisane de feuilles de framboisier","author":"Reale Selection","date":"13 October 2025","format":false,"excerpt":"Pr\u00e9paration feuilles de framboisier \ud83e\udd44 1-2 cuill\u00e8res \u00e0 caf\u00e9 pour 200 ml\ud83c\udf21\ufe0f 95 \u00b0C\u23f3 5-7 minutes","rel":"","context":"Similar post","block_context":{"text":"Similar post","link":""},"img":{"alt_text":"Himbeerbl\u00e4tter Tee \u2013 mild, aromatisch und wohlschmeckend","src":"https:\/\/i0.wp.com\/teasense.ch\/wp-content\/uploads\/2025\/10\/himbeerblaetter.png?resize=350%2C200&ssl=1","width":350,"height":200,"srcset":"https:\/\/i0.wp.com\/teasense.ch\/wp-content\/uploads\/2025\/10\/himbeerblaetter.png?resize=350%2C200&ssl=1 1x, https:\/\/i0.wp.com\/teasense.ch\/wp-content\/uploads\/2025\/10\/himbeerblaetter.png?resize=525%2C300&ssl=1 1.5x, https:\/\/i0.wp.com\/teasense.ch\/wp-content\/uploads\/2025\/10\/himbeerblaetter.png?resize=700%2C400&ssl=1 2x"},"classes":[]}],"jetpack_sharing_enabled":true,"jetpack_likes_enabled":false,"_links":{"self":[{"href":"https:\/\/teasense.ch\/fr\/wp-json\/wp\/v2\/product\/49652","targetHints":{"allow":["GET"]}}],"collection":[{"href":"https:\/\/teasense.ch\/fr\/wp-json\/wp\/v2\/product"}],"about":[{"href":"https:\/\/teasense.ch\/fr\/wp-json\/wp\/v2\/types\/product"}],"replies":[{"embeddable":true,"href":"https:\/\/teasense.ch\/fr\/wp-json\/wp\/v2\/comments?post=49652"}],"wp:featuredmedia":[{"embeddable":true,"href":"https:\/\/teasense.ch\/fr\/wp-json\/wp\/v2\/media\/44255"}],"wp:attachment":[{"href":"https:\/\/teasense.ch\/fr\/wp-json\/wp\/v2\/media?parent=49652"}],"wp:term":[{"taxonomy":"product_brand","embeddable":true,"href":"https:\/\/teasense.ch\/fr\/wp-json\/wp\/v2\/product_brand?post=49652"},{"taxonomy":"product_cat","embeddable":true,"href":"https:\/\/teasense.ch\/fr\/wp-json\/wp\/v2\/product_cat?post=49652"},{"taxonomy":"product_tag","embeddable":true,"href":"https:\/\/teasense.ch\/fr\/wp-json\/wp\/v2\/product_tag?post=49652"}],"curies":[{"name":"wp","href":"https:\/\/api.w.org\/{rel}","templated":true}]}}