{"id":49693,"date":"2024-10-22T15:37:22","date_gmt":"2024-10-22T13:37:22","guid":{"rendered":"https:\/\/teasense.ch\/produkt\/infusion-lavande-baies\/"},"modified":"2026-05-05T14:44:27","modified_gmt":"2026-05-05T12:44:27","slug":"infusion-lavande-baies","status":"publish","type":"product","link":"https:\/\/teasense.ch\/fr\/produit\/infusion-lavande-baies\/","title":{"rendered":"Infusion lavande &#038; baies"},"content":{"rendered":"<h2>Infusion lavande &#038; baies \u2013 Un plaisir fruit\u00e9 et floral<\/h2>\n<p>D\u00e9couvre une infusion qui associe harmonieusement des ar\u00f4mes fruit\u00e9s et floraux. Cette combinaison soigneusement \u00e9labor\u00e9e offre une exp\u00e9rience \u00e9quilibr\u00e9e et agr\u00e9able \u00e0 chaque tasse.<\/p>\n<h3>Ingr\u00e9dients s\u00e9lectionn\u00e9s<\/h3>\n<p>Cette infusion contient des morceaux de pomme, de la betterave, des \u00e9corces de cynorrhodon, des fleurs de lavande (5 %), de l\u2019hibiscus, des myrtilles (2 %), des baies de sureau, un ar\u00f4me naturel de myrtille et de m\u00fbre ainsi que des p\u00e9tales de rose. L\u2019ensemble cr\u00e9e un \u00e9quilibre entre douceur, fra\u00eecheur et notes florales.<\/p>\n<h3>Une infusion pour chaque moment<\/h3>\n<p>Elle se d\u00e9guste \u00e0 tout moment de la journ\u00e9e, chaude pour se d\u00e9tendre ou froide pour une boisson rafra\u00eechissante.<\/p>\n<h3>Pr\u00e9paration<\/h3>\n<p>Utilise 1 cuill\u00e8re \u00e0 caf\u00e9 par tasse, verse de l\u2019eau chaude (100 \u00b0C) et laisse infuser 8 \u00e0 10 minutes. \u00c0 savourer nature ou avec un filet de citron.<\/p>\n","protected":false},"excerpt":{"rendered":"<h4>Pr\u00e9paration infusion lavande &#038; baies<\/h4>\n<p>\ud83e\udd44 1 c.\u00e0.c par tasse<br \/>\n\ud83c\udf21\ufe0f 100 \u00b0C<br \/>\n\u23f3 8 &#8211; 10 minutes<\/p>\n","protected":false},"featured_media":43496,"comment_status":"open","ping_status":"closed","template":"","meta":{"_et_pb_use_builder":"","_et_pb_old_content":"","_et_gb_content_width":""},"product_brand":[],"product_cat":[412,375,348],"product_tag":[],"class_list":{"0":"post-49693","1":"product","2":"type-product","3":"status-publish","4":"has-post-thumbnail","6":"product_cat-infusion-fruits","7":"product_cat-the-en-vrac","8":"product_cat-tous-produits","9":"pa_herkunft-allemagne","10":"pa_weight-100-g","11":"pa_weight-200-g","12":"pa_weight-400-g","13":"pa_weight-50-g","15":"first","16":"instock","17":"shipping-taxable","18":"purchasable","19":"product-type-variable","20":"has-default-attributes","21":"add-to-wishlist-before_image"},"yoast_head":"<!-- This site is optimized with the Yoast SEO plugin v27.5 - https:\/\/yoast.com\/product\/yoast-seo-wordpress\/ -->\n<title>Infusion lavande &amp; baies - TeaSense.ch<\/title>\n<meta name=\"description\" content=\"Infusion lavande &amp; baies \u2013 m\u00e9lange fruit\u00e9 et floral avec pomme, hibiscus et lavande. \ud83c\udf38\ud83c\udf53\" \/>\n<meta name=\"robots\" content=\"index, follow, max-snippet:-1, max-image-preview:large, max-video-preview:-1\" \/>\n<link rel=\"canonical\" href=\"https:\/\/teasense.ch\/fr\/produit\/infusion-lavande-baies\/\" \/>\n<meta property=\"og:locale\" content=\"fr_FR\" \/>\n<meta property=\"og:type\" content=\"article\" \/>\n<meta property=\"og:title\" content=\"Infusion lavande &amp; baies - TeaSense.ch\" \/>\n<meta property=\"og:description\" content=\"Infusion lavande &amp; baies \u2013 m\u00e9lange fruit\u00e9 et floral avec pomme, hibiscus et lavande. \ud83c\udf38\ud83c\udf53\" \/>\n<meta property=\"og:url\" content=\"https:\/\/teasense.ch\/fr\/produit\/infusion-lavande-baies\/\" \/>\n<meta property=\"og:site_name\" content=\"TeaSense.ch\" \/>\n<meta property=\"article:publisher\" content=\"https:\/\/www.facebook.com\/teasense.ch\" \/>\n<meta property=\"article:modified_time\" content=\"2026-05-05T12:44:27+00:00\" \/>\n<meta property=\"og:image\" content=\"https:\/\/teasense.ch\/wp-content\/uploads\/2025\/02\/hibiskus-tee-lose-und-aufgegossen-in-Tassen.png\" \/>\n\t<meta property=\"og:image:width\" content=\"800\" \/>\n\t<meta property=\"og:image:height\" content=\"800\" \/>\n\t<meta property=\"og:image:type\" content=\"image\/png\" \/>\n<meta name=\"twitter:card\" content=\"summary_large_image\" \/>\n<meta name=\"twitter:label1\" content=\"Est. reading time\" \/>\n\t<meta name=\"twitter:data1\" content=\"1 minute\" \/>\n<!-- \/ Yoast SEO plugin. -->","yoast_head_json":{"title":"Infusion lavande & baies - TeaSense.ch","description":"Infusion lavande & baies \u2013 m\u00e9lange fruit\u00e9 et floral avec pomme, hibiscus et lavande. \ud83c\udf38\ud83c\udf53","robots":{"index":"index","follow":"follow","max-snippet":"max-snippet:-1","max-image-preview":"max-image-preview:large","max-video-preview":"max-video-preview:-1"},"canonical":"https:\/\/teasense.ch\/fr\/produit\/infusion-lavande-baies\/","og_locale":"fr_FR","og_type":"article","og_title":"Infusion lavande & baies - TeaSense.ch","og_description":"Infusion lavande & baies \u2013 m\u00e9lange fruit\u00e9 et floral avec pomme, hibiscus et lavande. \ud83c\udf38\ud83c\udf53","og_url":"https:\/\/teasense.ch\/fr\/produit\/infusion-lavande-baies\/","og_site_name":"TeaSense.ch","article_publisher":"https:\/\/www.facebook.com\/teasense.ch","article_modified_time":"2026-05-05T12:44:27+00:00","og_image":[{"width":800,"height":800,"url":"https:\/\/teasense.ch\/wp-content\/uploads\/2025\/02\/hibiskus-tee-lose-und-aufgegossen-in-Tassen.png","type":"image\/png"}],"twitter_card":"summary_large_image","twitter_misc":{"Est. reading time":"1 minute"},"schema":{"@context":"https:\/\/schema.org","@graph":[{"@type":"WebPage","@id":"https:\/\/teasense.ch\/fr\/produit\/infusion-lavande-baies\/","url":"https:\/\/teasense.ch\/fr\/produit\/infusion-lavande-baies\/","name":"Infusion lavande & baies - TeaSense.ch","isPartOf":{"@id":"https:\/\/teasense.ch\/fr\/#website"},"primaryImageOfPage":{"@id":"https:\/\/teasense.ch\/fr\/produit\/infusion-lavande-baies\/#primaryimage"},"image":{"@id":"https:\/\/teasense.ch\/fr\/produit\/infusion-lavande-baies\/#primaryimage"},"thumbnailUrl":"https:\/\/teasense.ch\/wp-content\/uploads\/2024\/10\/produktfoto.png","datePublished":"2024-10-22T13:37:22+00:00","dateModified":"2026-05-05T12:44:27+00:00","description":"Infusion lavande & baies \u2013 m\u00e9lange fruit\u00e9 et floral avec pomme, hibiscus et lavande. \ud83c\udf38\ud83c\udf53","breadcrumb":{"@id":"https:\/\/teasense.ch\/fr\/produit\/infusion-lavande-baies\/#breadcrumb"},"inLanguage":"fr-CH","potentialAction":[{"@type":"ReadAction","target":["https:\/\/teasense.ch\/fr\/produit\/infusion-lavande-baies\/"]}]},{"@type":"ImageObject","inLanguage":"fr-CH","@id":"https:\/\/teasense.ch\/fr\/produit\/infusion-lavande-baies\/#primaryimage","url":"https:\/\/teasense.ch\/wp-content\/uploads\/2024\/10\/produktfoto.png","contentUrl":"https:\/\/teasense.ch\/wp-content\/uploads\/2024\/10\/produktfoto.png","width":800,"height":800,"caption":"Lavendelbeeren Teemischung"},{"@type":"BreadcrumbList","@id":"https:\/\/teasense.ch\/fr\/produit\/infusion-lavande-baies\/#breadcrumb","itemListElement":[{"@type":"ListItem","position":1,"name":"Startseite","item":"https:\/\/teasense.ch\/fr\/"},{"@type":"ListItem","position":2,"name":"Boutique de th\u00e9 en ligne","item":"https:\/\/teasense.ch\/fr\/shop\/"},{"@type":"ListItem","position":3,"name":"Infusion lavande &#038; baies"}]},{"@type":"WebSite","@id":"https:\/\/teasense.ch\/fr\/#website","url":"https:\/\/teasense.ch\/fr\/","name":"TeaSense.ch","description":"Nat\u00fcrliche Teemischungen und klassischer Tee","publisher":{"@id":"https:\/\/teasense.ch\/fr\/#organization"},"alternateName":"TeaSense","potentialAction":[{"@type":"SearchAction","target":{"@type":"EntryPoint","urlTemplate":"https:\/\/teasense.ch\/fr\/?s={search_term_string}"},"query-input":{"@type":"PropertyValueSpecification","valueRequired":true,"valueName":"search_term_string"}}],"inLanguage":"fr-CH"},{"@type":"Organization","@id":"https:\/\/teasense.ch\/fr\/#organization","name":"Reale Selection","alternateName":"TeaSense.ch","url":"https:\/\/teasense.ch\/fr\/","logo":{"@type":"ImageObject","inLanguage":"fr-CH","@id":"https:\/\/teasense.ch\/fr\/#\/schema\/logo\/image\/","url":"https:\/\/teasense.ch\/wp-content\/uploads\/2023\/07\/cropped-logo-teasense-kategorie-onlineshop-alle-produkte.jpg","contentUrl":"https:\/\/teasense.ch\/wp-content\/uploads\/2023\/07\/cropped-logo-teasense-kategorie-onlineshop-alle-produkte.jpg","width":512,"height":512,"caption":"Reale Selection"},"image":{"@id":"https:\/\/teasense.ch\/fr\/#\/schema\/logo\/image\/"},"sameAs":["https:\/\/www.facebook.com\/teasense.ch"]}]}},"jetpack-related-posts":[{"id":50218,"url":"https:\/\/teasense.ch\/fr\/produit\/tisane-des-sens\/","url_meta":{"origin":49693,"position":0},"title":"Tisane des Sens","author":"Reale Selection","date":"29 ao\u00fbt 2023","format":false,"excerpt":"Pr\u00e9paration Tisane des Sens \ud83e\udd44 2,5 g pour 200 ml d\u2019eau \ud83c\udf21\ufe0f 100 \u00b0C \u23f3 5\u20138 minutes","rel":"","context":"Similar post","block_context":{"text":"Similar post","link":""},"img":{"alt_text":"Sinneskr\u00e4uter Lose Teemischung","src":"https:\/\/i0.wp.com\/teasense.ch\/wp-content\/uploads\/2023\/08\/sinneskraeuter-teemischung-plain.jpg?resize=350%2C200&ssl=1","width":350,"height":200,"srcset":"https:\/\/i0.wp.com\/teasense.ch\/wp-content\/uploads\/2023\/08\/sinneskraeuter-teemischung-plain.jpg?resize=350%2C200&ssl=1 1x, https:\/\/i0.wp.com\/teasense.ch\/wp-content\/uploads\/2023\/08\/sinneskraeuter-teemischung-plain.jpg?resize=525%2C300&ssl=1 1.5x, https:\/\/i0.wp.com\/teasense.ch\/wp-content\/uploads\/2023\/08\/sinneskraeuter-teemischung-plain.jpg?resize=700%2C400&ssl=1 2x"},"classes":[]},{"id":49568,"url":"https:\/\/teasense.ch\/fr\/produit\/tisane-fruits-enfants\/","url_meta":{"origin":49693,"position":1},"title":"Tisane aux fruits enfants","author":"Reale Selection","date":"22 October 2024","format":false,"excerpt":"Le classique, sans ar\u00f4mes ajout\u00e9s et sans caf\u00e9ine. Pr\u00e9paration tisane fruits enfants \ud83e\udd44 1 c.\u00e0.c par tasse \ud83c\udf21\ufe0f 100\u00b0C \u23f3 6 - 10 minutes","rel":"","context":"Similar post","block_context":{"text":"Similar post","link":""},"img":{"alt_text":"Kinderfr\u00fcchtetee Natur","src":"https:\/\/i0.wp.com\/teasense.ch\/wp-content\/uploads\/2024\/10\/kinderfruechtetee.png?resize=350%2C200&ssl=1","width":350,"height":200,"srcset":"https:\/\/i0.wp.com\/teasense.ch\/wp-content\/uploads\/2024\/10\/kinderfruechtetee.png?resize=350%2C200&ssl=1 1x, https:\/\/i0.wp.com\/teasense.ch\/wp-content\/uploads\/2024\/10\/kinderfruechtetee.png?resize=525%2C300&ssl=1 1.5x, https:\/\/i0.wp.com\/teasense.ch\/wp-content\/uploads\/2024\/10\/kinderfruechtetee.png?resize=700%2C400&ssl=1 2x"},"classes":[]},{"id":48631,"url":"https:\/\/teasense.ch\/fr\/produit\/tisane-feuilles-framboisier\/","url_meta":{"origin":49693,"position":2},"title":"Tisane de feuilles de framboisier","author":"Reale Selection","date":"13 October 2025","format":false,"excerpt":"Pr\u00e9paration feuilles de framboisier \ud83e\udd44 1-2 cuill\u00e8res \u00e0 caf\u00e9 pour 200 ml\ud83c\udf21\ufe0f 95 \u00b0C\u23f3 5-7 minutes","rel":"","context":"Similar post","block_context":{"text":"Similar post","link":""},"img":{"alt_text":"Himbeerbl\u00e4tter Tee \u2013 mild, aromatisch und wohlschmeckend","src":"https:\/\/i0.wp.com\/teasense.ch\/wp-content\/uploads\/2025\/10\/himbeerblaetter.png?resize=350%2C200&ssl=1","width":350,"height":200,"srcset":"https:\/\/i0.wp.com\/teasense.ch\/wp-content\/uploads\/2025\/10\/himbeerblaetter.png?resize=350%2C200&ssl=1 1x, https:\/\/i0.wp.com\/teasense.ch\/wp-content\/uploads\/2025\/10\/himbeerblaetter.png?resize=525%2C300&ssl=1 1.5x, https:\/\/i0.wp.com\/teasense.ch\/wp-content\/uploads\/2025\/10\/himbeerblaetter.png?resize=700%2C400&ssl=1 2x"},"classes":[]},{"id":49248,"url":"https:\/\/teasense.ch\/fr\/produit\/rooibos-vert\/","url_meta":{"origin":49693,"position":3},"title":"Rooibos vert","author":"Reale Selection","date":"12 May 2025","format":false,"excerpt":"Pr\u00e9paration \u2013 rooibos vert \ud83e\udd44 1 c. \u00e0 caf\u00e9 pour 200 ml (20 g\/litre) \ud83c\udf21\ufe0f 90 \u00b0C \u23f3 5 minutes","rel":"","context":"Similar post","block_context":{"text":"Similar post","link":""},"img":{"alt_text":"Gr\u00fcner Rooibos Tee","src":"https:\/\/i0.wp.com\/teasense.ch\/wp-content\/uploads\/2025\/05\/Gruener-Rooibusch.png?resize=350%2C200&ssl=1","width":350,"height":200,"srcset":"https:\/\/i0.wp.com\/teasense.ch\/wp-content\/uploads\/2025\/05\/Gruener-Rooibusch.png?resize=350%2C200&ssl=1 1x, https:\/\/i0.wp.com\/teasense.ch\/wp-content\/uploads\/2025\/05\/Gruener-Rooibusch.png?resize=525%2C300&ssl=1 1.5x, https:\/\/i0.wp.com\/teasense.ch\/wp-content\/uploads\/2025\/05\/Gruener-Rooibusch.png?resize=700%2C400&ssl=1 2x"},"classes":[]},{"id":49736,"url":"https:\/\/teasense.ch\/fr\/produit\/the-noir-nepal-sf-tgfop1-kanchanjangha\/","url_meta":{"origin":49693,"position":4},"title":"Th\u00e9 noir Nepal SF TGFOP1 Kanchanjangha","author":"Reale Selection","date":"22 October 2024","format":false,"excerpt":"Th\u00e9 noir classique Pr\u00e9paration th\u00e9 noir Nepal SF TGFOP1 \ud83e\udd44 1 c.\u00e0.c par tasse \ud83c\udf21\ufe0f 90 - 95 \u00b0C \u23f3 3 - 5 minutes","rel":"","context":"Similar post","block_context":{"text":"Similar post","link":""},"img":{"alt_text":"Nepal SF TGFOP1 Typ Kanchanjangha lose","src":"https:\/\/i0.wp.com\/teasense.ch\/wp-content\/uploads\/2024\/10\/nepal-sf-tgfop1-typ-kanchanjangha-lose.png?resize=350%2C200&ssl=1","width":350,"height":200,"srcset":"https:\/\/i0.wp.com\/teasense.ch\/wp-content\/uploads\/2024\/10\/nepal-sf-tgfop1-typ-kanchanjangha-lose.png?resize=350%2C200&ssl=1 1x, https:\/\/i0.wp.com\/teasense.ch\/wp-content\/uploads\/2024\/10\/nepal-sf-tgfop1-typ-kanchanjangha-lose.png?resize=525%2C300&ssl=1 1.5x, https:\/\/i0.wp.com\/teasense.ch\/wp-content\/uploads\/2024\/10\/nepal-sf-tgfop1-typ-kanchanjangha-lose.png?resize=700%2C400&ssl=1 2x"},"classes":[]},{"id":50074,"url":"https:\/\/teasense.ch\/fr\/produit\/tisane-fraicheur\/","url_meta":{"origin":49693,"position":5},"title":"Tisane Fra\u00eecheur","author":"Reale Selection","date":"22 October 2023","format":false,"excerpt":"Infusion aux herbes go\u00fbt menthe-citron Pr\u00e9paration Tisane Fra\u00eecheur \ud83e\udd44 1\u20132 c.\u00e0.c par litre (14 g\/litre) \ud83c\udf21\ufe0f 100 \u00b0C \u23f3 5 minutes","rel":"","context":"Similar post","block_context":{"text":"Similar post","link":""},"img":{"alt_text":"Loser Koriander Teemischung","src":"https:\/\/i0.wp.com\/teasense.ch\/wp-content\/uploads\/2023\/10\/kraeuterteemischung-bleib-fresh-plain.jpg?resize=350%2C200&ssl=1","width":350,"height":200,"srcset":"https:\/\/i0.wp.com\/teasense.ch\/wp-content\/uploads\/2023\/10\/kraeuterteemischung-bleib-fresh-plain.jpg?resize=350%2C200&ssl=1 1x, https:\/\/i0.wp.com\/teasense.ch\/wp-content\/uploads\/2023\/10\/kraeuterteemischung-bleib-fresh-plain.jpg?resize=525%2C300&ssl=1 1.5x, https:\/\/i0.wp.com\/teasense.ch\/wp-content\/uploads\/2023\/10\/kraeuterteemischung-bleib-fresh-plain.jpg?resize=700%2C400&ssl=1 2x"},"classes":[]}],"jetpack_sharing_enabled":true,"jetpack_likes_enabled":false,"_links":{"self":[{"href":"https:\/\/teasense.ch\/fr\/wp-json\/wp\/v2\/product\/49693","targetHints":{"allow":["GET"]}}],"collection":[{"href":"https:\/\/teasense.ch\/fr\/wp-json\/wp\/v2\/product"}],"about":[{"href":"https:\/\/teasense.ch\/fr\/wp-json\/wp\/v2\/types\/product"}],"replies":[{"embeddable":true,"href":"https:\/\/teasense.ch\/fr\/wp-json\/wp\/v2\/comments?post=49693"}],"wp:featuredmedia":[{"embeddable":true,"href":"https:\/\/teasense.ch\/fr\/wp-json\/wp\/v2\/media\/43496"}],"wp:attachment":[{"href":"https:\/\/teasense.ch\/fr\/wp-json\/wp\/v2\/media?parent=49693"}],"wp:term":[{"taxonomy":"product_brand","embeddable":true,"href":"https:\/\/teasense.ch\/fr\/wp-json\/wp\/v2\/product_brand?post=49693"},{"taxonomy":"product_cat","embeddable":true,"href":"https:\/\/teasense.ch\/fr\/wp-json\/wp\/v2\/product_cat?post=49693"},{"taxonomy":"product_tag","embeddable":true,"href":"https:\/\/teasense.ch\/fr\/wp-json\/wp\/v2\/product_tag?post=49693"}],"curies":[{"name":"wp","href":"https:\/\/api.w.org\/{rel}","templated":true}]}}