{"id":49707,"date":"2024-10-21T16:13:06","date_gmt":"2024-10-21T14:13:06","guid":{"rendered":"https:\/\/teasense.ch\/produkt\/menthe-verte\/"},"modified":"2026-05-05T15:07:29","modified_gmt":"2026-05-05T13:07:29","slug":"menthe-verte","status":"publish","type":"product","link":"https:\/\/teasense.ch\/fr\/produit\/menthe-verte\/","title":{"rendered":"Menthe verte"},"content":{"rendered":"<h2>Menthe verte \u2013 Une infusion douce et rafra\u00eechissante<\/h2>\n<p>La menthe verte est une plante aromatique douce et rafra\u00eechissante, avec une note l\u00e9g\u00e8rement sucr\u00e9e. Elle offre une infusion agr\u00e9able et naturelle, id\u00e9ale pour un moment de d\u00e9tente.<\/p>\n<p>Moins intense que la menthe poivr\u00e9e, elle se distingue par son go\u00fbt plus doux, parfait pour une consommation quotidienne.<\/p>\n<p>Elle est \u00e9galement tr\u00e8s polyvalente, que ce soit en infusion, en cuisine ou dans des boissons rafra\u00eechissantes.<\/p>\n<h3>Pr\u00e9paration<\/h3>\n<ul>\n<li>Ajouter 1 \u00e0 2 cuill\u00e8res \u00e0 caf\u00e9 de feuilles dans une tasse.<\/li>\n<li>Verser 200 ml d\u2019eau bouillante.<\/li>\n<li>Laisser infuser 6 \u00e0 10 minutes selon le go\u00fbt.<\/li>\n<li>Filtrer et d\u00e9guster.<\/li>\n<\/ul>\n<p>\u00c0 savourer chaude ou en version glac\u00e9e avec des gla\u00e7ons et un peu de citron.<\/p>\n<h3>Associations<\/h3>\n<p>La menthe verte se combine parfaitement avec la citronnelle, le fenouil, la camomille ou la m\u00e9lisse pour cr\u00e9er des infusions douces et \u00e9quilibr\u00e9es.<\/p>\n","protected":false},"excerpt":{"rendered":"<h4>Pr\u00e9paration menthe verte<\/h4>\n<p>\ud83e\udd44 1 &#8211; 2 c.\u00e0.c par tasse<br \/>\n\ud83c\udf21\ufe0f 100 \u00b0C<br \/>\n\u23f3 6 &#8211; 10 minutes<\/p>\n","protected":false},"featured_media":43513,"comment_status":"open","ping_status":"closed","template":"","meta":{"_et_pb_use_builder":"","_et_pb_old_content":"","_et_gb_content_width":""},"product_brand":[],"product_cat":[442,375,380,348],"product_tag":[],"class_list":{"0":"post-49707","1":"product","2":"type-product","3":"status-publish","4":"has-post-thumbnail","6":"product_cat-monoherbes","7":"product_cat-the-en-vrac","8":"product_cat-tisane","9":"product_cat-tous-produits","10":"pa_herkunft-egypte","11":"pa_weight-100-g","12":"pa_weight-200-g","13":"pa_weight-400-g","15":"first","16":"instock","17":"shipping-taxable","18":"purchasable","19":"product-type-variable","20":"has-default-attributes","21":"add-to-wishlist-before_image"},"yoast_head":"<!-- This site is optimized with the Yoast SEO plugin v27.5 - https:\/\/yoast.com\/product\/yoast-seo-wordpress\/ -->\n<title>Menthe verte - TeaSense.ch - Tee Shop Schweiz<\/title>\n<meta name=\"description\" content=\"Menthe verte \u2013 infusion douce et rafra\u00eechissante, id\u00e9ale chaude ou glac\u00e9e. \ud83c\udf3f\" \/>\n<meta name=\"robots\" content=\"index, follow, max-snippet:-1, max-image-preview:large, max-video-preview:-1\" \/>\n<link rel=\"canonical\" href=\"https:\/\/teasense.ch\/fr\/produit\/menthe-verte\/\" \/>\n<meta property=\"og:locale\" content=\"fr_FR\" \/>\n<meta property=\"og:type\" content=\"article\" \/>\n<meta property=\"og:title\" content=\"Menthe verte - TeaSense.ch - Tee Shop Schweiz\" \/>\n<meta property=\"og:description\" content=\"Menthe verte \u2013 infusion douce et rafra\u00eechissante, id\u00e9ale chaude ou glac\u00e9e. \ud83c\udf3f\" \/>\n<meta property=\"og:url\" content=\"https:\/\/teasense.ch\/fr\/produit\/menthe-verte\/\" \/>\n<meta property=\"og:site_name\" content=\"TeaSense.ch - Tee Shop Schweiz\" \/>\n<meta property=\"article:publisher\" content=\"https:\/\/www.facebook.com\/teasense.ch\" \/>\n<meta property=\"article:modified_time\" content=\"2026-05-05T13:07:29+00:00\" \/>\n<meta property=\"og:image\" content=\"https:\/\/teasense.ch\/wp-content\/uploads\/2025\/02\/hibiskus-tee-lose-und-aufgegossen-in-Tassen.png\" \/>\n\t<meta property=\"og:image:width\" content=\"800\" \/>\n\t<meta property=\"og:image:height\" content=\"800\" \/>\n\t<meta property=\"og:image:type\" content=\"image\/png\" \/>\n<meta name=\"twitter:card\" content=\"summary_large_image\" \/>\n<meta name=\"twitter:label1\" content=\"Est. reading time\" \/>\n\t<meta name=\"twitter:data1\" content=\"1 minute\" \/>\n<!-- \/ Yoast SEO plugin. -->","yoast_head_json":{"title":"Menthe verte - TeaSense.ch - Tee Shop Schweiz","description":"Menthe verte \u2013 infusion douce et rafra\u00eechissante, id\u00e9ale chaude ou glac\u00e9e. \ud83c\udf3f","robots":{"index":"index","follow":"follow","max-snippet":"max-snippet:-1","max-image-preview":"max-image-preview:large","max-video-preview":"max-video-preview:-1"},"canonical":"https:\/\/teasense.ch\/fr\/produit\/menthe-verte\/","og_locale":"fr_FR","og_type":"article","og_title":"Menthe verte - TeaSense.ch - Tee Shop Schweiz","og_description":"Menthe verte \u2013 infusion douce et rafra\u00eechissante, id\u00e9ale chaude ou glac\u00e9e. \ud83c\udf3f","og_url":"https:\/\/teasense.ch\/fr\/produit\/menthe-verte\/","og_site_name":"TeaSense.ch - Tee Shop Schweiz","article_publisher":"https:\/\/www.facebook.com\/teasense.ch","article_modified_time":"2026-05-05T13:07:29+00:00","og_image":[{"width":800,"height":800,"url":"https:\/\/teasense.ch\/wp-content\/uploads\/2025\/02\/hibiskus-tee-lose-und-aufgegossen-in-Tassen.png","type":"image\/png"}],"twitter_card":"summary_large_image","twitter_misc":{"Est. reading time":"1 minute"},"schema":{"@context":"https:\/\/schema.org","@graph":[{"@type":"WebPage","@id":"https:\/\/teasense.ch\/fr\/produit\/menthe-verte\/","url":"https:\/\/teasense.ch\/fr\/produit\/menthe-verte\/","name":"Menthe verte - TeaSense.ch - Tee Shop Schweiz","isPartOf":{"@id":"https:\/\/teasense.ch\/fr\/#website"},"primaryImageOfPage":{"@id":"https:\/\/teasense.ch\/fr\/produit\/menthe-verte\/#primaryimage"},"image":{"@id":"https:\/\/teasense.ch\/fr\/produit\/menthe-verte\/#primaryimage"},"thumbnailUrl":"https:\/\/teasense.ch\/wp-content\/uploads\/2024\/10\/spearmint.png","datePublished":"2024-10-21T14:13:06+00:00","dateModified":"2026-05-05T13:07:29+00:00","description":"Menthe verte \u2013 infusion douce et rafra\u00eechissante, id\u00e9ale chaude ou glac\u00e9e. \ud83c\udf3f","breadcrumb":{"@id":"https:\/\/teasense.ch\/fr\/produit\/menthe-verte\/#breadcrumb"},"inLanguage":"fr-CH","potentialAction":[{"@type":"ReadAction","target":["https:\/\/teasense.ch\/fr\/produit\/menthe-verte\/"]}]},{"@type":"ImageObject","inLanguage":"fr-CH","@id":"https:\/\/teasense.ch\/fr\/produit\/menthe-verte\/#primaryimage","url":"https:\/\/teasense.ch\/wp-content\/uploads\/2024\/10\/spearmint.png","contentUrl":"https:\/\/teasense.ch\/wp-content\/uploads\/2024\/10\/spearmint.png","width":800,"height":800,"caption":"Spearmint lose Minze"},{"@type":"BreadcrumbList","@id":"https:\/\/teasense.ch\/fr\/produit\/menthe-verte\/#breadcrumb","itemListElement":[{"@type":"ListItem","position":1,"name":"Startseite","item":"https:\/\/teasense.ch\/fr\/"},{"@type":"ListItem","position":2,"name":"Boutique de th\u00e9 en ligne","item":"https:\/\/teasense.ch\/fr\/shop\/"},{"@type":"ListItem","position":3,"name":"Menthe verte"}]},{"@type":"WebSite","@id":"https:\/\/teasense.ch\/fr\/#website","url":"https:\/\/teasense.ch\/fr\/","name":"TeaSense.ch","description":"Nat\u00fcrliche Teemischungen und klassischer Tee","publisher":{"@id":"https:\/\/teasense.ch\/fr\/#organization"},"alternateName":"TeaSense","potentialAction":[{"@type":"SearchAction","target":{"@type":"EntryPoint","urlTemplate":"https:\/\/teasense.ch\/fr\/?s={search_term_string}"},"query-input":{"@type":"PropertyValueSpecification","valueRequired":true,"valueName":"search_term_string"}}],"inLanguage":"fr-CH"},{"@type":"Organization","@id":"https:\/\/teasense.ch\/fr\/#organization","name":"Reale Selection","alternateName":"TeaSense.ch","url":"https:\/\/teasense.ch\/fr\/","logo":{"@type":"ImageObject","inLanguage":"fr-CH","@id":"https:\/\/teasense.ch\/fr\/#\/schema\/logo\/image\/","url":"https:\/\/teasense.ch\/wp-content\/uploads\/2023\/07\/cropped-logo-teasense-kategorie-onlineshop-alle-produkte.jpg","contentUrl":"https:\/\/teasense.ch\/wp-content\/uploads\/2023\/07\/cropped-logo-teasense-kategorie-onlineshop-alle-produkte.jpg","width":512,"height":512,"caption":"Reale Selection"},"image":{"@id":"https:\/\/teasense.ch\/fr\/#\/schema\/logo\/image\/"},"sameAs":["https:\/\/www.facebook.com\/teasense.ch"]}]}},"jetpack-related-posts":[{"id":50020,"url":"https:\/\/teasense.ch\/fr\/produit\/menthe-marocaine\/","url_meta":{"origin":49707,"position":0},"title":"Menthe marocaine","author":"Reale Selection","date":"15. October 2023","format":false,"excerpt":"Menthe verte coup\u00e9e Pr\u00e9paration infusion menthe marocaine \ud83e\udd44 4\u20135 c.\u00e0.c par litre (ou 1\u20132 c.\u00e0.c par tasse) \ud83c\udf21\ufe0f 100 \u00b0C \u23f3 5 minutes","rel":"","context":"Similar post","block_context":{"text":"Similar post","link":""},"img":{"alt_text":"Nana Minze Marokkanische Minze Tee","src":"https:\/\/i0.wp.com\/teasense.ch\/wp-content\/uploads\/2023\/10\/nana.png?resize=350%2C200&ssl=1","width":350,"height":200,"srcset":"https:\/\/i0.wp.com\/teasense.ch\/wp-content\/uploads\/2023\/10\/nana.png?resize=350%2C200&ssl=1 1x, https:\/\/i0.wp.com\/teasense.ch\/wp-content\/uploads\/2023\/10\/nana.png?resize=525%2C300&ssl=1 1.5x, https:\/\/i0.wp.com\/teasense.ch\/wp-content\/uploads\/2023\/10\/nana.png?resize=700%2C400&ssl=1 2x"},"classes":[]},{"id":49151,"url":"https:\/\/teasense.ch\/fr\/produit\/menthe-poivree-coupee\/","url_meta":{"origin":49707,"position":1},"title":"Menthe poivr\u00e9e coup\u00e9e","author":"Reale Selection","date":"13. May 2025","format":false,"excerpt":"Pr\u00e9paration \ud83e\udd44 1 cuill\u00e8re \u00e0 caf\u00e9 par tasse (12 g\/litre) \ud83c\udf21\ufe0f 100 \u00b0C \u23f3 5 minutes","rel":"","context":"Similar post","block_context":{"text":"Similar post","link":""},"img":{"alt_text":"Pfefferminze geschnitten","src":"https:\/\/i0.wp.com\/teasense.ch\/wp-content\/uploads\/2025\/05\/Pfefferminze-geschnitten.png?resize=350%2C200&ssl=1","width":350,"height":200,"srcset":"https:\/\/i0.wp.com\/teasense.ch\/wp-content\/uploads\/2025\/05\/Pfefferminze-geschnitten.png?resize=350%2C200&ssl=1 1x, https:\/\/i0.wp.com\/teasense.ch\/wp-content\/uploads\/2025\/05\/Pfefferminze-geschnitten.png?resize=525%2C300&ssl=1 1.5x, https:\/\/i0.wp.com\/teasense.ch\/wp-content\/uploads\/2025\/05\/Pfefferminze-geschnitten.png?resize=700%2C400&ssl=1 2x"},"classes":[]},{"id":49305,"url":"https:\/\/teasense.ch\/fr\/produit\/infusion-pomme-menthe\/","url_meta":{"origin":49707,"position":2},"title":"Infusion pomme menthe","author":"Reale Selection","date":"10. May 2025","format":false,"excerpt":"Pr\u00e9paration \u2013 infusion pomme menthe \ud83e\udd44 2 g (env. 1\u20132 c. \u00e0 caf\u00e9) pour 200 ml \ud83c\udf21\ufe0f 90 \u00b0C \u23f3 5\u20138 minutes","rel":"","context":"Similar post","block_context":{"text":"Similar post","link":""},"img":{"alt_text":"Apfel-Minz-Teemischung","src":"https:\/\/i0.wp.com\/teasense.ch\/wp-content\/uploads\/2025\/05\/Apfel-Minz-Tee.png?resize=350%2C200&ssl=1","width":350,"height":200,"srcset":"https:\/\/i0.wp.com\/teasense.ch\/wp-content\/uploads\/2025\/05\/Apfel-Minz-Tee.png?resize=350%2C200&ssl=1 1x, https:\/\/i0.wp.com\/teasense.ch\/wp-content\/uploads\/2025\/05\/Apfel-Minz-Tee.png?resize=525%2C300&ssl=1 1.5x, https:\/\/i0.wp.com\/teasense.ch\/wp-content\/uploads\/2025\/05\/Apfel-Minz-Tee.png?resize=700%2C400&ssl=1 2x"},"classes":[]},{"id":49528,"url":"https:\/\/teasense.ch\/fr\/produit\/the-vert-gunpowder-de-chine\/","url_meta":{"origin":49707,"position":3},"title":"Th\u00e9 vert Gunpowder de Chine","author":"Reale Selection","date":"27. February 2025","format":false,"excerpt":"Pr\u00e9paration \u2013 Th\u00e9 vert Gunpowder de Chine \ud83e\udd44 1 c.\u00e0.c par 200 ml \ud83c\udf21\ufe0f 80 \u00b0C \u23f3 2 minutes","rel":"","context":"Similar post","block_context":{"text":"Similar post","link":""},"img":{"alt_text":"China Gunpowder Gr\u00fcntee Loser Tee","src":"https:\/\/i0.wp.com\/teasense.ch\/wp-content\/uploads\/2025\/02\/China-Gunpowder.png?resize=350%2C200&ssl=1","width":350,"height":200,"srcset":"https:\/\/i0.wp.com\/teasense.ch\/wp-content\/uploads\/2025\/02\/China-Gunpowder.png?resize=350%2C200&ssl=1 1x, https:\/\/i0.wp.com\/teasense.ch\/wp-content\/uploads\/2025\/02\/China-Gunpowder.png?resize=525%2C300&ssl=1 1.5x, https:\/\/i0.wp.com\/teasense.ch\/wp-content\/uploads\/2025\/02\/China-Gunpowder.png?resize=700%2C400&ssl=1 2x"},"classes":[]},{"id":48476,"url":"https:\/\/teasense.ch\/fr\/produit\/the-choco-menthe\/","url_meta":{"origin":49707,"position":4},"title":"Choco Menthe &#8211; M\u00e9lange de tisanes","author":"Reale Selection","date":"16. November 2025","format":false,"excerpt":"Pr\u00e9paration \ud83e\udd44 1 cuill\u00e8re \u00e0 caf\u00e9 (10\u201312 g par litre)\ud83c\udf21\ufe0f 100 \u00b0C\u23f3 5 - 8 minutes","rel":"","context":"Similar post","block_context":{"text":"Similar post","link":""},"img":{"alt_text":"Schoko Minze - Kr\u00e4uterteemischung","src":"https:\/\/i0.wp.com\/teasense.ch\/wp-content\/uploads\/2025\/11\/schoko-minze-kraeuterteemischung.png?resize=350%2C200&ssl=1","width":350,"height":200,"srcset":"https:\/\/i0.wp.com\/teasense.ch\/wp-content\/uploads\/2025\/11\/schoko-minze-kraeuterteemischung.png?resize=350%2C200&ssl=1 1x, https:\/\/i0.wp.com\/teasense.ch\/wp-content\/uploads\/2025\/11\/schoko-minze-kraeuterteemischung.png?resize=525%2C300&ssl=1 1.5x, https:\/\/i0.wp.com\/teasense.ch\/wp-content\/uploads\/2025\/11\/schoko-minze-kraeuterteemischung.png?resize=700%2C400&ssl=1 2x"},"classes":[]},{"id":50074,"url":"https:\/\/teasense.ch\/fr\/produit\/tisane-fraicheur\/","url_meta":{"origin":49707,"position":5},"title":"Tisane Fra\u00eecheur","author":"Reale Selection","date":"22. October 2023","format":false,"excerpt":"Infusion aux herbes go\u00fbt menthe-citron Pr\u00e9paration Tisane Fra\u00eecheur \ud83e\udd44 1\u20132 c.\u00e0.c par litre (14 g\/litre) \ud83c\udf21\ufe0f 100 \u00b0C \u23f3 5 minutes","rel":"","context":"Similar post","block_context":{"text":"Similar post","link":""},"img":{"alt_text":"Loser Koriander Teemischung","src":"https:\/\/i0.wp.com\/teasense.ch\/wp-content\/uploads\/2023\/10\/kraeuterteemischung-bleib-fresh-plain.jpg?resize=350%2C200&ssl=1","width":350,"height":200,"srcset":"https:\/\/i0.wp.com\/teasense.ch\/wp-content\/uploads\/2023\/10\/kraeuterteemischung-bleib-fresh-plain.jpg?resize=350%2C200&ssl=1 1x, https:\/\/i0.wp.com\/teasense.ch\/wp-content\/uploads\/2023\/10\/kraeuterteemischung-bleib-fresh-plain.jpg?resize=525%2C300&ssl=1 1.5x, https:\/\/i0.wp.com\/teasense.ch\/wp-content\/uploads\/2023\/10\/kraeuterteemischung-bleib-fresh-plain.jpg?resize=700%2C400&ssl=1 2x"},"classes":[]}],"jetpack_sharing_enabled":true,"jetpack_likes_enabled":false,"_links":{"self":[{"href":"https:\/\/teasense.ch\/fr\/wp-json\/wp\/v2\/product\/49707","targetHints":{"allow":["GET"]}}],"collection":[{"href":"https:\/\/teasense.ch\/fr\/wp-json\/wp\/v2\/product"}],"about":[{"href":"https:\/\/teasense.ch\/fr\/wp-json\/wp\/v2\/types\/product"}],"replies":[{"embeddable":true,"href":"https:\/\/teasense.ch\/fr\/wp-json\/wp\/v2\/comments?post=49707"}],"wp:featuredmedia":[{"embeddable":true,"href":"https:\/\/teasense.ch\/fr\/wp-json\/wp\/v2\/media\/43513"}],"wp:attachment":[{"href":"https:\/\/teasense.ch\/fr\/wp-json\/wp\/v2\/media?parent=49707"}],"wp:term":[{"taxonomy":"product_brand","embeddable":true,"href":"https:\/\/teasense.ch\/fr\/wp-json\/wp\/v2\/product_brand?post=49707"},{"taxonomy":"product_cat","embeddable":true,"href":"https:\/\/teasense.ch\/fr\/wp-json\/wp\/v2\/product_cat?post=49707"},{"taxonomy":"product_tag","embeddable":true,"href":"https:\/\/teasense.ch\/fr\/wp-json\/wp\/v2\/product_tag?post=49707"}],"curies":[{"name":"wp","href":"https:\/\/api.w.org\/{rel}","templated":true}]}}