{"id":49720,"date":"2023-08-01T20:15:59","date_gmt":"2023-08-01T18:15:59","guid":{"rendered":"https:\/\/teasense.ch\/produkt\/fleurs-de-lavande\/"},"modified":"2026-05-07T11:33:43","modified_gmt":"2026-05-07T09:33:43","slug":"fleurs-de-lavande","status":"publish","type":"product","link":"https:\/\/teasense.ch\/fr\/produit\/fleurs-de-lavande\/","title":{"rendered":"Fleurs de lavande"},"content":{"rendered":"<h2>Fleurs de lavande \u2013 Parfum\u00e9es et polyvalentes<\/h2>\n<p>Les fleurs de lavande s\u00e9duisent par leur apparence d\u00e9licate et leur parfum caract\u00e9ristique. Elles sont appr\u00e9ci\u00e9es pour leur utilisation d\u00e9corative et aromatique.<\/p>\n<h3>Parfum et d\u00e9coration<\/h3>\n<p>En sachets parfum\u00e9s ou comme \u00e9l\u00e9ment d\u00e9coratif, la lavande cr\u00e9e une atmosph\u00e8re agr\u00e9able et naturelle.<\/p>\n<h3>Utilisation culinaire<\/h3>\n<p>Les fleurs de lavande peuvent \u00eatre utilis\u00e9es en cuisine, notamment dans les desserts, p\u00e2tisseries ou boissons. Leur go\u00fbt floral apporte une touche originale.<\/p>\n<h3>En infusion<\/h3>\n<p>Utilise environ 2 cuill\u00e8res \u00e0 caf\u00e9 par tasse (250 ml), verse de l\u2019eau bouillante et laisse infuser 8 \u00e0 10 minutes \u00e0 couvert.<\/p>\n<p>Les fleurs de lavande apportent une note florale d\u00e9licate aux infusions et peuvent \u00eatre combin\u00e9es avec d\u2019autres plantes.<\/p>\n","protected":false},"excerpt":{"rendered":"<h4>Pr\u00e9paration fleurs de lavande<\/h4>\n<p>\ud83e\udd44 2 c.\u00e0.c par tasse (250 ml)<br \/>\n\ud83c\udf21\ufe0f 90 \u2013 100 \u00b0C<br \/>\n\u23f3 8 \u2013 10 minutes<\/p>\n","protected":false},"featured_media":34608,"comment_status":"open","ping_status":"closed","template":"","meta":{"_et_pb_use_builder":"","_et_pb_old_content":"","_et_gb_content_width":""},"product_brand":[],"product_cat":[394,445,375,348],"product_tag":[],"class_list":{"0":"post-49720","1":"product","2":"type-product","3":"status-publish","4":"has-post-thumbnail","6":"product_cat-fruits-epices","7":"product_cat-promotions","8":"product_cat-the-en-vrac","9":"product_cat-tous-produits","10":"pa_herkunft-albanie","11":"pa_weight-100-g","12":"pa_weight-200-g","13":"pa_weight-400-g","14":"pa_weight-50-g","16":"first","17":"instock","18":"shipping-taxable","19":"purchasable","20":"product-type-variable","21":"has-default-attributes","22":"add-to-wishlist-before_image"},"yoast_head":"<!-- This site is optimized with the Yoast SEO plugin v27.5 - https:\/\/yoast.com\/product\/yoast-seo-wordpress\/ -->\n<title>Fleurs de lavande - TeaSense.ch<\/title>\n<meta name=\"description\" content=\"Fleurs de lavande \u2013 parfum\u00e9es et polyvalentes, id\u00e9ales pour infusion, d\u00e9co et cuisine. \ud83e\udebb\" \/>\n<meta name=\"robots\" content=\"index, follow, max-snippet:-1, max-image-preview:large, max-video-preview:-1\" \/>\n<link rel=\"canonical\" href=\"https:\/\/teasense.ch\/fr\/produit\/fleurs-de-lavande\/\" \/>\n<meta property=\"og:locale\" content=\"fr_FR\" \/>\n<meta property=\"og:type\" content=\"article\" \/>\n<meta property=\"og:title\" content=\"Fleurs de lavande - TeaSense.ch\" \/>\n<meta property=\"og:description\" content=\"Fleurs de lavande \u2013 parfum\u00e9es et polyvalentes, id\u00e9ales pour infusion, d\u00e9co et cuisine. \ud83e\udebb\" \/>\n<meta property=\"og:url\" content=\"https:\/\/teasense.ch\/fr\/produit\/fleurs-de-lavande\/\" \/>\n<meta property=\"og:site_name\" content=\"TeaSense.ch\" \/>\n<meta property=\"article:publisher\" content=\"https:\/\/www.facebook.com\/teasense.ch\" \/>\n<meta property=\"article:modified_time\" content=\"2026-05-07T09:33:43+00:00\" \/>\n<meta property=\"og:image\" content=\"https:\/\/teasense.ch\/wp-content\/uploads\/2025\/02\/hibiskus-tee-lose-und-aufgegossen-in-Tassen.png\" \/>\n\t<meta property=\"og:image:width\" content=\"800\" \/>\n\t<meta property=\"og:image:height\" content=\"800\" \/>\n\t<meta property=\"og:image:type\" content=\"image\/png\" \/>\n<meta name=\"twitter:card\" content=\"summary_large_image\" \/>\n<meta name=\"twitter:label1\" content=\"Est. reading time\" \/>\n\t<meta name=\"twitter:data1\" content=\"1 minute\" \/>\n<!-- \/ Yoast SEO plugin. -->","yoast_head_json":{"title":"Fleurs de lavande - TeaSense.ch","description":"Fleurs de lavande \u2013 parfum\u00e9es et polyvalentes, id\u00e9ales pour infusion, d\u00e9co et cuisine. \ud83e\udebb","robots":{"index":"index","follow":"follow","max-snippet":"max-snippet:-1","max-image-preview":"max-image-preview:large","max-video-preview":"max-video-preview:-1"},"canonical":"https:\/\/teasense.ch\/fr\/produit\/fleurs-de-lavande\/","og_locale":"fr_FR","og_type":"article","og_title":"Fleurs de lavande - TeaSense.ch","og_description":"Fleurs de lavande \u2013 parfum\u00e9es et polyvalentes, id\u00e9ales pour infusion, d\u00e9co et cuisine. \ud83e\udebb","og_url":"https:\/\/teasense.ch\/fr\/produit\/fleurs-de-lavande\/","og_site_name":"TeaSense.ch","article_publisher":"https:\/\/www.facebook.com\/teasense.ch","article_modified_time":"2026-05-07T09:33:43+00:00","og_image":[{"width":800,"height":800,"url":"https:\/\/teasense.ch\/wp-content\/uploads\/2025\/02\/hibiskus-tee-lose-und-aufgegossen-in-Tassen.png","type":"image\/png"}],"twitter_card":"summary_large_image","twitter_misc":{"Est. reading time":"1 minute"},"schema":{"@context":"https:\/\/schema.org","@graph":[{"@type":"WebPage","@id":"https:\/\/teasense.ch\/fr\/produit\/fleurs-de-lavande\/","url":"https:\/\/teasense.ch\/fr\/produit\/fleurs-de-lavande\/","name":"Fleurs de lavande - TeaSense.ch","isPartOf":{"@id":"https:\/\/teasense.ch\/fr\/#website"},"primaryImageOfPage":{"@id":"https:\/\/teasense.ch\/fr\/produit\/fleurs-de-lavande\/#primaryimage"},"image":{"@id":"https:\/\/teasense.ch\/fr\/produit\/fleurs-de-lavande\/#primaryimage"},"thumbnailUrl":"https:\/\/teasense.ch\/wp-content\/uploads\/2023\/08\/lavendelblueten-plain.jpg","datePublished":"2023-08-01T18:15:59+00:00","dateModified":"2026-05-07T09:33:43+00:00","description":"Fleurs de lavande \u2013 parfum\u00e9es et polyvalentes, id\u00e9ales pour infusion, d\u00e9co et cuisine. \ud83e\udebb","breadcrumb":{"@id":"https:\/\/teasense.ch\/fr\/produit\/fleurs-de-lavande\/#breadcrumb"},"inLanguage":"fr-CH","potentialAction":[{"@type":"ReadAction","target":["https:\/\/teasense.ch\/fr\/produit\/fleurs-de-lavande\/"]}]},{"@type":"ImageObject","inLanguage":"fr-CH","@id":"https:\/\/teasense.ch\/fr\/produit\/fleurs-de-lavande\/#primaryimage","url":"https:\/\/teasense.ch\/wp-content\/uploads\/2023\/08\/lavendelblueten-plain.jpg","contentUrl":"https:\/\/teasense.ch\/wp-content\/uploads\/2023\/08\/lavendelblueten-plain.jpg","width":800,"height":800,"caption":"Lavendelbl\u00fcten"},{"@type":"BreadcrumbList","@id":"https:\/\/teasense.ch\/fr\/produit\/fleurs-de-lavande\/#breadcrumb","itemListElement":[{"@type":"ListItem","position":1,"name":"Startseite","item":"https:\/\/teasense.ch\/fr\/"},{"@type":"ListItem","position":2,"name":"Boutique de th\u00e9 en ligne","item":"https:\/\/teasense.ch\/fr\/shop\/"},{"@type":"ListItem","position":3,"name":"Fleurs de lavande"}]},{"@type":"WebSite","@id":"https:\/\/teasense.ch\/fr\/#website","url":"https:\/\/teasense.ch\/fr\/","name":"TeaSense.ch","description":"Nat\u00fcrliche Teemischungen und klassischer Tee","publisher":{"@id":"https:\/\/teasense.ch\/fr\/#organization"},"alternateName":"TeaSense","potentialAction":[{"@type":"SearchAction","target":{"@type":"EntryPoint","urlTemplate":"https:\/\/teasense.ch\/fr\/?s={search_term_string}"},"query-input":{"@type":"PropertyValueSpecification","valueRequired":true,"valueName":"search_term_string"}}],"inLanguage":"fr-CH"},{"@type":"Organization","@id":"https:\/\/teasense.ch\/fr\/#organization","name":"Reale Selection","alternateName":"TeaSense.ch","url":"https:\/\/teasense.ch\/fr\/","logo":{"@type":"ImageObject","inLanguage":"fr-CH","@id":"https:\/\/teasense.ch\/fr\/#\/schema\/logo\/image\/","url":"https:\/\/teasense.ch\/wp-content\/uploads\/2023\/07\/cropped-logo-teasense-kategorie-onlineshop-alle-produkte.jpg","contentUrl":"https:\/\/teasense.ch\/wp-content\/uploads\/2023\/07\/cropped-logo-teasense-kategorie-onlineshop-alle-produkte.jpg","width":512,"height":512,"caption":"Reale Selection"},"image":{"@id":"https:\/\/teasense.ch\/fr\/#\/schema\/logo\/image\/"},"sameAs":["https:\/\/www.facebook.com\/teasense.ch"]}]}},"jetpack-related-posts":[{"id":49693,"url":"https:\/\/teasense.ch\/fr\/produit\/infusion-lavande-baies\/","url_meta":{"origin":49720,"position":0},"title":"Infusion lavande &#038; baies","author":"Reale Selection","date":"22 October 2024","format":false,"excerpt":"Pr\u00e9paration infusion lavande & baies \ud83e\udd44 1 c.\u00e0.c par tasse \ud83c\udf21\ufe0f 100 \u00b0C \u23f3 8 - 10 minutes","rel":"","context":"Similar post","block_context":{"text":"Similar post","link":""},"img":{"alt_text":"Lavendelbeeren Teemischung","src":"https:\/\/i0.wp.com\/teasense.ch\/wp-content\/uploads\/2024\/10\/produktfoto.png?resize=350%2C200&ssl=1","width":350,"height":200,"srcset":"https:\/\/i0.wp.com\/teasense.ch\/wp-content\/uploads\/2024\/10\/produktfoto.png?resize=350%2C200&ssl=1 1x, https:\/\/i0.wp.com\/teasense.ch\/wp-content\/uploads\/2024\/10\/produktfoto.png?resize=525%2C300&ssl=1 1.5x, https:\/\/i0.wp.com\/teasense.ch\/wp-content\/uploads\/2024\/10\/produktfoto.png?resize=700%2C400&ssl=1 2x"},"classes":[]},{"id":49278,"url":"https:\/\/teasense.ch\/fr\/produit\/tisane-aux-herbes\/","url_meta":{"origin":49720,"position":1},"title":"Tisane aux herbes","author":"Reale Selection","date":"10 May 2025","format":false,"excerpt":"Pr\u00e9paration \u2013 tisane aux herbes \ud83e\udd44 2 g (env. 1\u20132 c. \u00e0 caf\u00e9) pour 200 ml \ud83c\udf21\ufe0f 90 \u00b0C \u23f3 8\u201310 minutes","rel":"","context":"Similar post","block_context":{"text":"Similar post","link":""},"img":{"alt_text":"Wohlf\u00fchltee Kr\u00e4utermischung","src":"https:\/\/i0.wp.com\/teasense.ch\/wp-content\/uploads\/2025\/05\/Wohlfuehltee.png?resize=350%2C200&ssl=1","width":350,"height":200,"srcset":"https:\/\/i0.wp.com\/teasense.ch\/wp-content\/uploads\/2025\/05\/Wohlfuehltee.png?resize=350%2C200&ssl=1 1x, https:\/\/i0.wp.com\/teasense.ch\/wp-content\/uploads\/2025\/05\/Wohlfuehltee.png?resize=525%2C300&ssl=1 1.5x, https:\/\/i0.wp.com\/teasense.ch\/wp-content\/uploads\/2025\/05\/Wohlfuehltee.png?resize=700%2C400&ssl=1 2x"},"classes":[]},{"id":49366,"url":"https:\/\/teasense.ch\/fr\/produit\/tisane-dallaitement\/","url_meta":{"origin":49720,"position":2},"title":"Tisane d\u2019allaitement","author":"Reale Selection","date":"10 May 2025","format":false,"excerpt":"Pr\u00e9paration \u2013 Tisane d\u2019allaitement \ud83e\udd44 2 g (1\u20132 c.\u00e0.c) pour 200 ml \ud83c\udf21\ufe0f 90 \u00b0C \u23f3 8\u201310 minutes","rel":"","context":"Similar post","block_context":{"text":"Similar post","link":""},"img":{"alt_text":"Stilltee Teemischung","src":"https:\/\/i0.wp.com\/teasense.ch\/wp-content\/uploads\/2025\/05\/Stilltee.png?resize=350%2C200&ssl=1","width":350,"height":200,"srcset":"https:\/\/i0.wp.com\/teasense.ch\/wp-content\/uploads\/2025\/05\/Stilltee.png?resize=350%2C200&ssl=1 1x, https:\/\/i0.wp.com\/teasense.ch\/wp-content\/uploads\/2025\/05\/Stilltee.png?resize=525%2C300&ssl=1 1.5x, https:\/\/i0.wp.com\/teasense.ch\/wp-content\/uploads\/2025\/05\/Stilltee.png?resize=700%2C400&ssl=1 2x"},"classes":[]},{"id":48969,"url":"https:\/\/teasense.ch\/fr\/produit\/fleurs-camomille\/","url_meta":{"origin":49720,"position":3},"title":"Fleurs de camomille","author":"Reale Selection","date":"23 October 2024","format":false,"excerpt":"Pr\u00e9paration infusion de camomille \ud83e\udd44 1 c. \u00e0 caf\u00e9 par tasse \ud83c\udf21\ufe0f 90 \u00b0C \u23f3 5\u20137 minutes","rel":"","context":"Similar post","block_context":{"text":"Similar post","link":""},"img":{"alt_text":"Kamillenbl\u00fcten weisser Hintergrund","src":"https:\/\/i0.wp.com\/teasense.ch\/wp-content\/uploads\/2024\/10\/kamillenblueten-weisser-hintergrund.png?resize=350%2C200&ssl=1","width":350,"height":200,"srcset":"https:\/\/i0.wp.com\/teasense.ch\/wp-content\/uploads\/2024\/10\/kamillenblueten-weisser-hintergrund.png?resize=350%2C200&ssl=1 1x, https:\/\/i0.wp.com\/teasense.ch\/wp-content\/uploads\/2024\/10\/kamillenblueten-weisser-hintergrund.png?resize=525%2C300&ssl=1 1.5x, https:\/\/i0.wp.com\/teasense.ch\/wp-content\/uploads\/2024\/10\/kamillenblueten-weisser-hintergrund.png?resize=700%2C400&ssl=1 2x"},"classes":[]},{"id":49003,"url":"https:\/\/teasense.ch\/fr\/produit\/tisane-reine-des-pres\/","url_meta":{"origin":49720,"position":4},"title":"Tisane de Reine-des-pr\u00e9s","author":"Reale Selection","date":"14 septembre 2025","format":false,"excerpt":"\ud83e\udd44 1\u20132 cuill\u00e8res \u00e0 caf\u00e9 par tasse \ud83c\udf21\ufe0f 95\u2013100 \u00b0C \u23f3 8\u201310 minutes","rel":"","context":"Similar post","block_context":{"text":"Similar post","link":""},"img":{"alt_text":"M\u00e4des\u00fcssbl\u00fcten mit Kraut bio gerebelt, Spierblume, Wiesengeissbart, spireae ulmariae flos cum herba","src":"https:\/\/i0.wp.com\/teasense.ch\/wp-content\/uploads\/2025\/09\/maedesuessblueten-mit-kraut-bio-gerebelt-spierblume-wiesengeissbart-spireae-ulmariae-flos-cum-herba.png?resize=350%2C200&ssl=1","width":350,"height":200,"srcset":"https:\/\/i0.wp.com\/teasense.ch\/wp-content\/uploads\/2025\/09\/maedesuessblueten-mit-kraut-bio-gerebelt-spierblume-wiesengeissbart-spireae-ulmariae-flos-cum-herba.png?resize=350%2C200&ssl=1 1x, https:\/\/i0.wp.com\/teasense.ch\/wp-content\/uploads\/2025\/09\/maedesuessblueten-mit-kraut-bio-gerebelt-spierblume-wiesengeissbart-spireae-ulmariae-flos-cum-herba.png?resize=525%2C300&ssl=1 1.5x, https:\/\/i0.wp.com\/teasense.ch\/wp-content\/uploads\/2025\/09\/maedesuessblueten-mit-kraut-bio-gerebelt-spierblume-wiesengeissbart-spireae-ulmariae-flos-cum-herba.png?resize=700%2C400&ssl=1 2x"},"classes":[]},{"id":48809,"url":"https:\/\/teasense.ch\/fr\/produit\/oolong-fleurs-osmanthus-chine\/","url_meta":{"origin":49720,"position":5},"title":"Oolong fleurs d\u2019osmanthus de Chine","author":"Reale Selection","date":"19 septembre 2025","format":false,"excerpt":"Pr\u00e9paration oolong fleurs d\u2019osmanthus \ud83e\udd44 1\u20132 cuill\u00e8res \u00e0 caf\u00e9 pour 200 ml d\u2019eau \ud83c\udf21\ufe0f 85\u201390 \u00b0C \u23f3 2\u20134 minutes, plusieurs infusions possibles","rel":"","context":"Similar post","block_context":{"text":"Similar post","link":""},"img":{"alt_text":"Kwai Flower Oolong loser Tee","src":"https:\/\/i0.wp.com\/teasense.ch\/wp-content\/uploads\/2025\/09\/kwai-flower-oolong.png?resize=350%2C200&ssl=1","width":350,"height":200,"srcset":"https:\/\/i0.wp.com\/teasense.ch\/wp-content\/uploads\/2025\/09\/kwai-flower-oolong.png?resize=350%2C200&ssl=1 1x, https:\/\/i0.wp.com\/teasense.ch\/wp-content\/uploads\/2025\/09\/kwai-flower-oolong.png?resize=525%2C300&ssl=1 1.5x, https:\/\/i0.wp.com\/teasense.ch\/wp-content\/uploads\/2025\/09\/kwai-flower-oolong.png?resize=700%2C400&ssl=1 2x"},"classes":[]}],"jetpack_sharing_enabled":true,"jetpack_likes_enabled":false,"_links":{"self":[{"href":"https:\/\/teasense.ch\/fr\/wp-json\/wp\/v2\/product\/49720","targetHints":{"allow":["GET"]}}],"collection":[{"href":"https:\/\/teasense.ch\/fr\/wp-json\/wp\/v2\/product"}],"about":[{"href":"https:\/\/teasense.ch\/fr\/wp-json\/wp\/v2\/types\/product"}],"replies":[{"embeddable":true,"href":"https:\/\/teasense.ch\/fr\/wp-json\/wp\/v2\/comments?post=49720"}],"wp:featuredmedia":[{"embeddable":true,"href":"https:\/\/teasense.ch\/fr\/wp-json\/wp\/v2\/media\/34608"}],"wp:attachment":[{"href":"https:\/\/teasense.ch\/fr\/wp-json\/wp\/v2\/media?parent=49720"}],"wp:term":[{"taxonomy":"product_brand","embeddable":true,"href":"https:\/\/teasense.ch\/fr\/wp-json\/wp\/v2\/product_brand?post=49720"},{"taxonomy":"product_cat","embeddable":true,"href":"https:\/\/teasense.ch\/fr\/wp-json\/wp\/v2\/product_cat?post=49720"},{"taxonomy":"product_tag","embeddable":true,"href":"https:\/\/teasense.ch\/fr\/wp-json\/wp\/v2\/product_tag?post=49720"}],"curies":[{"name":"wp","href":"https:\/\/api.w.org\/{rel}","templated":true}]}}