{"id":49736,"date":"2024-10-22T13:30:16","date_gmt":"2024-10-22T11:30:16","guid":{"rendered":"https:\/\/teasense.ch\/produkt\/the-noir-nepal-sf-tgfop1-kanchanjangha\/"},"modified":"2026-05-05T16:09:02","modified_gmt":"2026-05-05T14:09:02","slug":"the-noir-nepal-sf-tgfop1-kanchanjangha","status":"publish","type":"product","link":"https:\/\/teasense.ch\/fr\/produit\/the-noir-nepal-sf-tgfop1-kanchanjangha\/","title":{"rendered":"Th\u00e9 noir Nepal SF TGFOP1 Kanchanjangha"},"content":{"rendered":"<h2>Th\u00e9 noir Nepal SF TGFOP1 Kanchanjangha \u2013 Un th\u00e9 raffin\u00e9 de l\u2019Himalaya<\/h2>\n<p>D\u00e9couvre un th\u00e9 noir de qualit\u00e9 issu des hauteurs de l\u2019Himalaya. L\u2019appellation SF TGFOP1 indique une feuille fine avec des pointes dor\u00e9es, synonyme de haute qualit\u00e9. Ce th\u00e9 s\u00e9duit par son caract\u00e8re floral et \u00e9quilibr\u00e9.<\/p>\n<h3>Go\u00fbt &#038; ar\u00f4me<\/h3>\n<p>Il offre un \u00e9quilibre harmonieux entre des notes florales, une l\u00e9g\u00e8re douceur naturelle et une subtile touche fruit\u00e9e. La tasse dor\u00e9e refl\u00e8te la qualit\u00e9 des feuilles.<\/p>\n<h3>Origine<\/h3>\n<p>Ce th\u00e9 provient de la r\u00e9gion de Kanchanjangha au N\u00e9pal, cultiv\u00e9 entre 1 500 et 2 500 m\u00e8tres d\u2019altitude. Les conditions naturelles y sont id\u00e9ales pour produire des th\u00e9s de caract\u00e8re.<\/p>\n<h3>Pr\u00e9paration<\/h3>\n<p>Utilise 1 cuill\u00e8re \u00e0 caf\u00e9 par tasse avec une eau \u00e0 90\u201395 \u00b0C. Laisse infuser 3 \u00e0 5 minutes. Plusieurs infusions sont possibles.<\/p>\n<h3>Un th\u00e9 pour les moments sp\u00e9ciaux<\/h3>\n<p>Parfait pour une pause raffin\u00e9e ou pour accompagner des douceurs.<\/p>\n","protected":false},"excerpt":{"rendered":"<p>Th\u00e9 noir classique<\/p>\n<h4>Pr\u00e9paration th\u00e9 noir Nepal SF TGFOP1<\/h4>\n<p>\ud83e\udd44 1 c.\u00e0.c par tasse<br \/>\n\ud83c\udf21\ufe0f 90 &#8211; 95 \u00b0C<br \/>\n\u23f3 3 &#8211; 5 minutes<\/p>\n","protected":false},"featured_media":43476,"comment_status":"open","ping_status":"closed","template":"","meta":{"_et_pb_use_builder":"","_et_pb_old_content":"","_et_gb_content_width":""},"product_brand":[],"product_cat":[375,349,348],"product_tag":[],"class_list":{"0":"post-49736","1":"product","2":"type-product","3":"status-publish","4":"has-post-thumbnail","6":"product_cat-the-en-vrac","7":"product_cat-the-noir","8":"product_cat-tous-produits","9":"pa_herkunft-nepal","10":"pa_weight-100-g","11":"pa_weight-20-g","12":"pa_weight-200-g","13":"pa_weight-400-g","14":"pa_weight-50-g","16":"first","17":"instock","18":"shipping-taxable","19":"purchasable","20":"product-type-variable","21":"has-default-attributes","22":"add-to-wishlist-before_image"},"yoast_head":"<!-- This site is optimized with the Yoast SEO plugin v27.5 - https:\/\/yoast.com\/product\/yoast-seo-wordpress\/ -->\n<title>Th\u00e9 noir Nepal SF TGFOP1 Kanchanjangha - TeaSense.ch<\/title>\n<meta name=\"description\" content=\"Th\u00e9 noir Nepal SF TGFOP1 Kanchanjangha \u2013 th\u00e9 fin de l\u2019Himalaya aux notes florales. \ud83c\udf43\" \/>\n<meta name=\"robots\" content=\"index, follow, max-snippet:-1, max-image-preview:large, max-video-preview:-1\" \/>\n<link rel=\"canonical\" href=\"https:\/\/teasense.ch\/fr\/produit\/the-noir-nepal-sf-tgfop1-kanchanjangha\/\" \/>\n<meta property=\"og:locale\" content=\"fr_FR\" \/>\n<meta property=\"og:type\" content=\"article\" \/>\n<meta property=\"og:title\" content=\"Th\u00e9 noir Nepal SF TGFOP1 Kanchanjangha - TeaSense.ch\" \/>\n<meta property=\"og:description\" content=\"Th\u00e9 noir Nepal SF TGFOP1 Kanchanjangha \u2013 th\u00e9 fin de l\u2019Himalaya aux notes florales. \ud83c\udf43\" \/>\n<meta property=\"og:url\" content=\"https:\/\/teasense.ch\/fr\/produit\/the-noir-nepal-sf-tgfop1-kanchanjangha\/\" \/>\n<meta property=\"og:site_name\" content=\"TeaSense.ch\" \/>\n<meta property=\"article:publisher\" content=\"https:\/\/www.facebook.com\/teasense.ch\" \/>\n<meta property=\"article:modified_time\" content=\"2026-05-05T14:09:02+00:00\" \/>\n<meta property=\"og:image\" content=\"https:\/\/teasense.ch\/wp-content\/uploads\/2025\/02\/hibiskus-tee-lose-und-aufgegossen-in-Tassen.png\" \/>\n\t<meta property=\"og:image:width\" content=\"800\" \/>\n\t<meta property=\"og:image:height\" content=\"800\" \/>\n\t<meta property=\"og:image:type\" content=\"image\/png\" \/>\n<meta name=\"twitter:card\" content=\"summary_large_image\" \/>\n<meta name=\"twitter:label1\" content=\"Est. reading time\" \/>\n\t<meta name=\"twitter:data1\" content=\"1 minute\" \/>\n<!-- \/ Yoast SEO plugin. -->","yoast_head_json":{"title":"Th\u00e9 noir Nepal SF TGFOP1 Kanchanjangha - TeaSense.ch","description":"Th\u00e9 noir Nepal SF TGFOP1 Kanchanjangha \u2013 th\u00e9 fin de l\u2019Himalaya aux notes florales. \ud83c\udf43","robots":{"index":"index","follow":"follow","max-snippet":"max-snippet:-1","max-image-preview":"max-image-preview:large","max-video-preview":"max-video-preview:-1"},"canonical":"https:\/\/teasense.ch\/fr\/produit\/the-noir-nepal-sf-tgfop1-kanchanjangha\/","og_locale":"fr_FR","og_type":"article","og_title":"Th\u00e9 noir Nepal SF TGFOP1 Kanchanjangha - TeaSense.ch","og_description":"Th\u00e9 noir Nepal SF TGFOP1 Kanchanjangha \u2013 th\u00e9 fin de l\u2019Himalaya aux notes florales. \ud83c\udf43","og_url":"https:\/\/teasense.ch\/fr\/produit\/the-noir-nepal-sf-tgfop1-kanchanjangha\/","og_site_name":"TeaSense.ch","article_publisher":"https:\/\/www.facebook.com\/teasense.ch","article_modified_time":"2026-05-05T14:09:02+00:00","og_image":[{"width":800,"height":800,"url":"https:\/\/teasense.ch\/wp-content\/uploads\/2025\/02\/hibiskus-tee-lose-und-aufgegossen-in-Tassen.png","type":"image\/png"}],"twitter_card":"summary_large_image","twitter_misc":{"Est. reading time":"1 minute"},"schema":{"@context":"https:\/\/schema.org","@graph":[{"@type":"WebPage","@id":"https:\/\/teasense.ch\/fr\/produit\/the-noir-nepal-sf-tgfop1-kanchanjangha\/","url":"https:\/\/teasense.ch\/fr\/produit\/the-noir-nepal-sf-tgfop1-kanchanjangha\/","name":"Th\u00e9 noir Nepal SF TGFOP1 Kanchanjangha - TeaSense.ch","isPartOf":{"@id":"https:\/\/teasense.ch\/fr\/#website"},"primaryImageOfPage":{"@id":"https:\/\/teasense.ch\/fr\/produit\/the-noir-nepal-sf-tgfop1-kanchanjangha\/#primaryimage"},"image":{"@id":"https:\/\/teasense.ch\/fr\/produit\/the-noir-nepal-sf-tgfop1-kanchanjangha\/#primaryimage"},"thumbnailUrl":"https:\/\/teasense.ch\/wp-content\/uploads\/2024\/10\/nepal-sf-tgfop1-typ-kanchanjangha-lose.png","datePublished":"2024-10-22T11:30:16+00:00","dateModified":"2026-05-05T14:09:02+00:00","description":"Th\u00e9 noir Nepal SF TGFOP1 Kanchanjangha \u2013 th\u00e9 fin de l\u2019Himalaya aux notes florales. \ud83c\udf43","breadcrumb":{"@id":"https:\/\/teasense.ch\/fr\/produit\/the-noir-nepal-sf-tgfop1-kanchanjangha\/#breadcrumb"},"inLanguage":"fr-CH","potentialAction":[{"@type":"ReadAction","target":["https:\/\/teasense.ch\/fr\/produit\/the-noir-nepal-sf-tgfop1-kanchanjangha\/"]}]},{"@type":"ImageObject","inLanguage":"fr-CH","@id":"https:\/\/teasense.ch\/fr\/produit\/the-noir-nepal-sf-tgfop1-kanchanjangha\/#primaryimage","url":"https:\/\/teasense.ch\/wp-content\/uploads\/2024\/10\/nepal-sf-tgfop1-typ-kanchanjangha-lose.png","contentUrl":"https:\/\/teasense.ch\/wp-content\/uploads\/2024\/10\/nepal-sf-tgfop1-typ-kanchanjangha-lose.png","width":800,"height":800,"caption":"Nepal SF TGFOP1 Typ Kanchanjangha lose"},{"@type":"BreadcrumbList","@id":"https:\/\/teasense.ch\/fr\/produit\/the-noir-nepal-sf-tgfop1-kanchanjangha\/#breadcrumb","itemListElement":[{"@type":"ListItem","position":1,"name":"Startseite","item":"https:\/\/teasense.ch\/fr\/"},{"@type":"ListItem","position":2,"name":"Boutique de th\u00e9 en ligne","item":"https:\/\/teasense.ch\/fr\/shop\/"},{"@type":"ListItem","position":3,"name":"Th\u00e9 noir Nepal SF TGFOP1 Kanchanjangha"}]},{"@type":"WebSite","@id":"https:\/\/teasense.ch\/fr\/#website","url":"https:\/\/teasense.ch\/fr\/","name":"TeaSense.ch","description":"Nat\u00fcrliche Teemischungen und klassischer Tee","publisher":{"@id":"https:\/\/teasense.ch\/fr\/#organization"},"alternateName":"TeaSense","potentialAction":[{"@type":"SearchAction","target":{"@type":"EntryPoint","urlTemplate":"https:\/\/teasense.ch\/fr\/?s={search_term_string}"},"query-input":{"@type":"PropertyValueSpecification","valueRequired":true,"valueName":"search_term_string"}}],"inLanguage":"fr-CH"},{"@type":"Organization","@id":"https:\/\/teasense.ch\/fr\/#organization","name":"Reale Selection","alternateName":"TeaSense.ch","url":"https:\/\/teasense.ch\/fr\/","logo":{"@type":"ImageObject","inLanguage":"fr-CH","@id":"https:\/\/teasense.ch\/fr\/#\/schema\/logo\/image\/","url":"https:\/\/teasense.ch\/wp-content\/uploads\/2023\/07\/cropped-logo-teasense-kategorie-onlineshop-alle-produkte.jpg","contentUrl":"https:\/\/teasense.ch\/wp-content\/uploads\/2023\/07\/cropped-logo-teasense-kategorie-onlineshop-alle-produkte.jpg","width":512,"height":512,"caption":"Reale Selection"},"image":{"@id":"https:\/\/teasense.ch\/fr\/#\/schema\/logo\/image\/"},"sameAs":["https:\/\/www.facebook.com\/teasense.ch"]}]}},"jetpack-related-posts":[{"id":49050,"url":"https:\/\/teasense.ch\/fr\/produit\/pekoe-the-noir-gorreana\/","url_meta":{"origin":49736,"position":0},"title":"Pekoe \u2013 Th\u00e9 noir Gorreana","author":"Reale Selection","date":"20 ao\u00fbt 2025","format":false,"excerpt":"Th\u00e9 Pekoe \u2013 th\u00e9 noir classique de Gorreana Le Pekoe de Gorreana est un th\u00e9 noir classique des A\u00e7ores, appr\u00e9ci\u00e9 pour son caract\u00e8re \u00e9quilibr\u00e9 et doux. Alors que le Orange Pekoe repr\u00e9sente une qualit\u00e9 de feuille plus fine, le Pekoe s\u00e9duit par sa simplicit\u00e9 et convient parfaitement au quotidien. Origine\u2026","rel":"","context":"Similar post","block_context":{"text":"Similar post","link":""},"img":{"alt_text":"schwarzertee pekoe aus den Azoren Portugal","src":"https:\/\/i0.wp.com\/teasense.ch\/wp-content\/uploads\/2025\/08\/schwarzertee-pekoe.png?resize=350%2C200&ssl=1","width":350,"height":200,"srcset":"https:\/\/i0.wp.com\/teasense.ch\/wp-content\/uploads\/2025\/08\/schwarzertee-pekoe.png?resize=350%2C200&ssl=1 1x, https:\/\/i0.wp.com\/teasense.ch\/wp-content\/uploads\/2025\/08\/schwarzertee-pekoe.png?resize=525%2C300&ssl=1 1.5x, https:\/\/i0.wp.com\/teasense.ch\/wp-content\/uploads\/2025\/08\/schwarzertee-pekoe.png?resize=700%2C400&ssl=1 2x"},"classes":[]},{"id":49053,"url":"https:\/\/teasense.ch\/fr\/produit\/encosta-de-bruma-the-vert-des-acores\/","url_meta":{"origin":49736,"position":1},"title":"Encosta de Bruma \u2013 Th\u00e9 vert des A\u00e7ores","author":"Reale Selection","date":"20 ao\u00fbt 2025","format":false,"excerpt":"Pr\u00e9paration Encosta de Bruma \u2013 th\u00e9 vert des A\u00e7ores \ud83e\udd44 1\u20132 cuill\u00e8res \u00e0 caf\u00e9 (env. 2 g) pour 200 ml d\u2019eau\ud83c\udf21\ufe0f 75\u201380 \u00b0C\u23f3 2\u20133 minutes","rel":"","context":"Similar post","block_context":{"text":"Similar post","link":""},"img":{"alt_text":"Encosta de Bruma - Azoren Gr\u00fcntee","src":"https:\/\/i0.wp.com\/teasense.ch\/wp-content\/uploads\/2025\/08\/encosta-de-bruma-azoren-gruentee.png?resize=350%2C200&ssl=1","width":350,"height":200,"srcset":"https:\/\/i0.wp.com\/teasense.ch\/wp-content\/uploads\/2025\/08\/encosta-de-bruma-azoren-gruentee.png?resize=350%2C200&ssl=1 1x, https:\/\/i0.wp.com\/teasense.ch\/wp-content\/uploads\/2025\/08\/encosta-de-bruma-azoren-gruentee.png?resize=525%2C300&ssl=1 1.5x, https:\/\/i0.wp.com\/teasense.ch\/wp-content\/uploads\/2025\/08\/encosta-de-bruma-azoren-gruentee.png?resize=700%2C400&ssl=1 2x"},"classes":[]},{"id":48613,"url":"https:\/\/teasense.ch\/fr\/produit\/the-noir-kenya-gfop-marinyn\/","url_meta":{"origin":49736,"position":2},"title":"Th\u00e9 noir Kenya GFOP Marinyn","author":"Reale Selection","date":"13 October 2025","format":false,"excerpt":"Pr\u00e9paration Kenya GFOP Marinyn \ud83e\udd44 1 cuill\u00e8re \u00e0 caf\u00e9 pour 200 ml\ud83c\udf21\ufe0f 100 \u00b0C\u23f3 3 minutes","rel":"","context":"Similar post","block_context":{"text":"Similar post","link":""},"img":{"alt_text":"Schwarztee aus Kenia loser Tee Kenya GFOP Marinyn","src":"https:\/\/i0.wp.com\/teasense.ch\/wp-content\/uploads\/2025\/10\/kenya-gfop-marinyn.png?resize=350%2C200&ssl=1","width":350,"height":200,"srcset":"https:\/\/i0.wp.com\/teasense.ch\/wp-content\/uploads\/2025\/10\/kenya-gfop-marinyn.png?resize=350%2C200&ssl=1 1x, https:\/\/i0.wp.com\/teasense.ch\/wp-content\/uploads\/2025\/10\/kenya-gfop-marinyn.png?resize=525%2C300&ssl=1 1.5x, https:\/\/i0.wp.com\/teasense.ch\/wp-content\/uploads\/2025\/10\/kenya-gfop-marinyn.png?resize=700%2C400&ssl=1 2x"},"classes":[]},{"id":49809,"url":"https:\/\/teasense.ch\/fr\/produit\/the-blanc-china-yunnan-mao-feng\/","url_meta":{"origin":49736,"position":3},"title":"Th\u00e9 blanc China Yunnan Mao Feng","author":"Reale Selection","date":"23 October 2024","format":false,"excerpt":"Rabais en raison de la DDM 31.08.2026 Th\u00e9 blanc d\u00e9licat aux fines pointes Pr\u00e9paration China Yunnan White Mao Feng \ud83e\udd44 1 c.\u00e0.c (env. 2 g) par tasse \ud83c\udf21\ufe0f 80 \u00b0C \u23f3 2 - 3 minutes","rel":"","context":"Similar post","block_context":{"text":"Similar post","link":""},"img":{"alt_text":"China Yunnan White Mao Feng weisser Hintergrund","src":"https:\/\/i0.wp.com\/teasense.ch\/wp-content\/uploads\/2024\/10\/china-yunnan-white-mao-feng-weisser-hintergrund.png?resize=350%2C200&ssl=1","width":350,"height":200,"srcset":"https:\/\/i0.wp.com\/teasense.ch\/wp-content\/uploads\/2024\/10\/china-yunnan-white-mao-feng-weisser-hintergrund.png?resize=350%2C200&ssl=1 1x, https:\/\/i0.wp.com\/teasense.ch\/wp-content\/uploads\/2024\/10\/china-yunnan-white-mao-feng-weisser-hintergrund.png?resize=525%2C300&ssl=1 1.5x, https:\/\/i0.wp.com\/teasense.ch\/wp-content\/uploads\/2024\/10\/china-yunnan-white-mao-feng-weisser-hintergrund.png?resize=700%2C400&ssl=1 2x"},"classes":[]},{"id":50233,"url":"https:\/\/teasense.ch\/fr\/produit\/earl-grey-blue-royal\/","url_meta":{"origin":49736,"position":4},"title":"Earl Grey Blue Royal","author":"Reale Selection","date":"29 ao\u00fbt 2023","format":false,"excerpt":"Th\u00e9 noir naturellement aromatis\u00e9 Pr\u00e9paration Earl Grey Blue Royal \ud83e\udd44 2,5 g pour 200 ml d\u2019eau \ud83c\udf21\ufe0f 100 \u00b0C \u23f3 3\u20135 minutes","rel":"","context":"Similar post","block_context":{"text":"Similar post","link":""},"img":{"alt_text":"Lose Schwarzteemischung","src":"https:\/\/i0.wp.com\/teasense.ch\/wp-content\/uploads\/2023\/08\/earl-grey-blue-royal-plain.jpg?resize=350%2C200&ssl=1","width":350,"height":200,"srcset":"https:\/\/i0.wp.com\/teasense.ch\/wp-content\/uploads\/2023\/08\/earl-grey-blue-royal-plain.jpg?resize=350%2C200&ssl=1 1x, https:\/\/i0.wp.com\/teasense.ch\/wp-content\/uploads\/2023\/08\/earl-grey-blue-royal-plain.jpg?resize=525%2C300&ssl=1 1.5x, https:\/\/i0.wp.com\/teasense.ch\/wp-content\/uploads\/2023\/08\/earl-grey-blue-royal-plain.jpg?resize=700%2C400&ssl=1 2x"},"classes":[]},{"id":48631,"url":"https:\/\/teasense.ch\/fr\/produit\/tisane-feuilles-framboisier\/","url_meta":{"origin":49736,"position":5},"title":"Tisane de feuilles de framboisier","author":"Reale Selection","date":"13 October 2025","format":false,"excerpt":"Pr\u00e9paration feuilles de framboisier \ud83e\udd44 1-2 cuill\u00e8res \u00e0 caf\u00e9 pour 200 ml\ud83c\udf21\ufe0f 95 \u00b0C\u23f3 5-7 minutes","rel":"","context":"Similar post","block_context":{"text":"Similar post","link":""},"img":{"alt_text":"Himbeerbl\u00e4tter Tee \u2013 mild, aromatisch und wohlschmeckend","src":"https:\/\/i0.wp.com\/teasense.ch\/wp-content\/uploads\/2025\/10\/himbeerblaetter.png?resize=350%2C200&ssl=1","width":350,"height":200,"srcset":"https:\/\/i0.wp.com\/teasense.ch\/wp-content\/uploads\/2025\/10\/himbeerblaetter.png?resize=350%2C200&ssl=1 1x, https:\/\/i0.wp.com\/teasense.ch\/wp-content\/uploads\/2025\/10\/himbeerblaetter.png?resize=525%2C300&ssl=1 1.5x, https:\/\/i0.wp.com\/teasense.ch\/wp-content\/uploads\/2025\/10\/himbeerblaetter.png?resize=700%2C400&ssl=1 2x"},"classes":[]}],"jetpack_sharing_enabled":true,"jetpack_likes_enabled":false,"_links":{"self":[{"href":"https:\/\/teasense.ch\/fr\/wp-json\/wp\/v2\/product\/49736","targetHints":{"allow":["GET"]}}],"collection":[{"href":"https:\/\/teasense.ch\/fr\/wp-json\/wp\/v2\/product"}],"about":[{"href":"https:\/\/teasense.ch\/fr\/wp-json\/wp\/v2\/types\/product"}],"replies":[{"embeddable":true,"href":"https:\/\/teasense.ch\/fr\/wp-json\/wp\/v2\/comments?post=49736"}],"wp:featuredmedia":[{"embeddable":true,"href":"https:\/\/teasense.ch\/fr\/wp-json\/wp\/v2\/media\/43476"}],"wp:attachment":[{"href":"https:\/\/teasense.ch\/fr\/wp-json\/wp\/v2\/media?parent=49736"}],"wp:term":[{"taxonomy":"product_brand","embeddable":true,"href":"https:\/\/teasense.ch\/fr\/wp-json\/wp\/v2\/product_brand?post=49736"},{"taxonomy":"product_cat","embeddable":true,"href":"https:\/\/teasense.ch\/fr\/wp-json\/wp\/v2\/product_cat?post=49736"},{"taxonomy":"product_tag","embeddable":true,"href":"https:\/\/teasense.ch\/fr\/wp-json\/wp\/v2\/product_tag?post=49736"}],"curies":[{"name":"wp","href":"https:\/\/api.w.org\/{rel}","templated":true}]}}