{"id":49752,"date":"2024-10-23T16:04:56","date_gmt":"2024-10-23T14:04:56","guid":{"rendered":"https:\/\/teasense.ch\/produkt\/feuilles-de-melisse\/"},"modified":"2026-05-05T16:18:08","modified_gmt":"2026-05-05T14:18:08","slug":"feuilles-de-melisse","status":"publish","type":"product","link":"https:\/\/teasense.ch\/fr\/produit\/feuilles-de-melisse\/","title":{"rendered":"Feuilles de m\u00e9lisse"},"content":{"rendered":"<h2>Feuilles de m\u00e9lisse \u2013 Une infusion fra\u00eeche et citronn\u00e9e<\/h2>\n<p>Les feuilles de m\u00e9lisse offrent un ar\u00f4me doux avec une l\u00e9g\u00e8re note citronn\u00e9e. Cette plante polyvalente est appr\u00e9ci\u00e9e aussi bien en infusion qu\u2019en cuisine.<\/p>\n<h3>Une tradition ancienne<\/h3>\n<p>La m\u00e9lisse est cultiv\u00e9e depuis des si\u00e8cles, notamment dans les jardins de monast\u00e8res. Son go\u00fbt doux et frais en fait une plante incontournable.<\/p>\n<h3>Pr\u00e9paration<\/h3>\n<p>Utilise 1 \u00e0 2 cuill\u00e8res \u00e0 caf\u00e9 par tasse. Verse de l\u2019eau chaude (env. 90 \u00b0C) et laisse infuser 5 \u00e0 10 minutes.<\/p>\n<h3>Go\u00fbt &#038; ar\u00f4me<\/h3>\n<p>Une saveur douce avec une touche citronn\u00e9e et une l\u00e9g\u00e8re douceur. \u00c0 savourer chaude ou froide.<\/p>\n<h3>Utilisation<\/h3>\n<p>Elle s\u2019utilise aussi en cuisine pour parfumer salades, desserts ou boissons.<\/p>\n","protected":false},"excerpt":{"rendered":"<h4>Pr\u00e9paration feuilles de m\u00e9lisse<\/h4>\n<p>\ud83e\udd44 1 \u2013 2 c.\u00e0.c (env. 1,5 g) pour 200 ml d\u2019eau<br \/>\n\ud83c\udf21\ufe0f 90 \u00b0C<br \/>\n\u23f3 5 \u2013 10 minutes<\/p>\n","protected":false},"featured_media":43409,"comment_status":"open","ping_status":"closed","template":"","meta":{"_et_pb_use_builder":"","_et_pb_old_content":"","_et_gb_content_width":""},"product_brand":[],"product_cat":[442,375,380,348],"product_tag":[],"class_list":{"0":"post-49752","1":"product","2":"type-product","3":"status-publish","4":"has-post-thumbnail","6":"product_cat-monoherbes","7":"product_cat-the-en-vrac","8":"product_cat-tisane","9":"product_cat-tous-produits","10":"pa_herkunft-serbie","11":"pa_weight-100-g","12":"pa_weight-200-g","13":"pa_weight-50-g","15":"first","16":"instock","17":"shipping-taxable","18":"purchasable","19":"product-type-variable","20":"has-default-attributes","21":"add-to-wishlist-before_image"},"yoast_head":"<!-- This site is optimized with the Yoast SEO plugin v27.5 - https:\/\/yoast.com\/product\/yoast-seo-wordpress\/ -->\n<title>Feuilles de m\u00e9lisse - TeaSense.ch<\/title>\n<meta name=\"description\" content=\"Feuilles de m\u00e9lisse \u2013 infusion douce et citronn\u00e9e, id\u00e9ale chaude ou glac\u00e9e. \ud83c\udf3f\" \/>\n<meta name=\"robots\" content=\"index, follow, max-snippet:-1, max-image-preview:large, max-video-preview:-1\" \/>\n<link rel=\"canonical\" href=\"https:\/\/teasense.ch\/fr\/produit\/feuilles-de-melisse\/\" \/>\n<meta property=\"og:locale\" content=\"fr_FR\" \/>\n<meta property=\"og:type\" content=\"article\" \/>\n<meta property=\"og:title\" content=\"Feuilles de m\u00e9lisse - TeaSense.ch\" \/>\n<meta property=\"og:description\" content=\"Feuilles de m\u00e9lisse \u2013 infusion douce et citronn\u00e9e, id\u00e9ale chaude ou glac\u00e9e. \ud83c\udf3f\" \/>\n<meta property=\"og:url\" content=\"https:\/\/teasense.ch\/fr\/produit\/feuilles-de-melisse\/\" \/>\n<meta property=\"og:site_name\" content=\"TeaSense.ch\" \/>\n<meta property=\"article:publisher\" content=\"https:\/\/www.facebook.com\/teasense.ch\" \/>\n<meta property=\"article:modified_time\" content=\"2026-05-05T14:18:08+00:00\" \/>\n<meta property=\"og:image\" content=\"https:\/\/teasense.ch\/wp-content\/uploads\/2025\/02\/hibiskus-tee-lose-und-aufgegossen-in-Tassen.png\" \/>\n\t<meta property=\"og:image:width\" content=\"800\" \/>\n\t<meta property=\"og:image:height\" content=\"800\" \/>\n\t<meta property=\"og:image:type\" content=\"image\/png\" \/>\n<meta name=\"twitter:card\" content=\"summary_large_image\" \/>\n<meta name=\"twitter:label1\" content=\"Est. reading time\" \/>\n\t<meta name=\"twitter:data1\" content=\"1 minute\" \/>\n<!-- \/ Yoast SEO plugin. -->","yoast_head_json":{"title":"Feuilles de m\u00e9lisse - TeaSense.ch","description":"Feuilles de m\u00e9lisse \u2013 infusion douce et citronn\u00e9e, id\u00e9ale chaude ou glac\u00e9e. \ud83c\udf3f","robots":{"index":"index","follow":"follow","max-snippet":"max-snippet:-1","max-image-preview":"max-image-preview:large","max-video-preview":"max-video-preview:-1"},"canonical":"https:\/\/teasense.ch\/fr\/produit\/feuilles-de-melisse\/","og_locale":"fr_FR","og_type":"article","og_title":"Feuilles de m\u00e9lisse - TeaSense.ch","og_description":"Feuilles de m\u00e9lisse \u2013 infusion douce et citronn\u00e9e, id\u00e9ale chaude ou glac\u00e9e. \ud83c\udf3f","og_url":"https:\/\/teasense.ch\/fr\/produit\/feuilles-de-melisse\/","og_site_name":"TeaSense.ch","article_publisher":"https:\/\/www.facebook.com\/teasense.ch","article_modified_time":"2026-05-05T14:18:08+00:00","og_image":[{"width":800,"height":800,"url":"https:\/\/teasense.ch\/wp-content\/uploads\/2025\/02\/hibiskus-tee-lose-und-aufgegossen-in-Tassen.png","type":"image\/png"}],"twitter_card":"summary_large_image","twitter_misc":{"Est. reading time":"1 minute"},"schema":{"@context":"https:\/\/schema.org","@graph":[{"@type":"WebPage","@id":"https:\/\/teasense.ch\/fr\/produit\/feuilles-de-melisse\/","url":"https:\/\/teasense.ch\/fr\/produit\/feuilles-de-melisse\/","name":"Feuilles de m\u00e9lisse - TeaSense.ch","isPartOf":{"@id":"https:\/\/teasense.ch\/fr\/#website"},"primaryImageOfPage":{"@id":"https:\/\/teasense.ch\/fr\/produit\/feuilles-de-melisse\/#primaryimage"},"image":{"@id":"https:\/\/teasense.ch\/fr\/produit\/feuilles-de-melisse\/#primaryimage"},"thumbnailUrl":"https:\/\/teasense.ch\/wp-content\/uploads\/2024\/10\/melissenblaetter-weisser-hintergrund.png","datePublished":"2024-10-23T14:04:56+00:00","dateModified":"2026-05-05T14:18:08+00:00","description":"Feuilles de m\u00e9lisse \u2013 infusion douce et citronn\u00e9e, id\u00e9ale chaude ou glac\u00e9e. \ud83c\udf3f","breadcrumb":{"@id":"https:\/\/teasense.ch\/fr\/produit\/feuilles-de-melisse\/#breadcrumb"},"inLanguage":"fr-CH","potentialAction":[{"@type":"ReadAction","target":["https:\/\/teasense.ch\/fr\/produit\/feuilles-de-melisse\/"]}]},{"@type":"ImageObject","inLanguage":"fr-CH","@id":"https:\/\/teasense.ch\/fr\/produit\/feuilles-de-melisse\/#primaryimage","url":"https:\/\/teasense.ch\/wp-content\/uploads\/2024\/10\/melissenblaetter-weisser-hintergrund.png","contentUrl":"https:\/\/teasense.ch\/wp-content\/uploads\/2024\/10\/melissenblaetter-weisser-hintergrund.png","width":800,"height":800,"caption":"Melissenbl\u00e4tter getrocknet auf weissem Hintergrund"},{"@type":"BreadcrumbList","@id":"https:\/\/teasense.ch\/fr\/produit\/feuilles-de-melisse\/#breadcrumb","itemListElement":[{"@type":"ListItem","position":1,"name":"Startseite","item":"https:\/\/teasense.ch\/fr\/"},{"@type":"ListItem","position":2,"name":"Boutique de th\u00e9 en ligne","item":"https:\/\/teasense.ch\/fr\/shop\/"},{"@type":"ListItem","position":3,"name":"Feuilles de m\u00e9lisse"}]},{"@type":"WebSite","@id":"https:\/\/teasense.ch\/fr\/#website","url":"https:\/\/teasense.ch\/fr\/","name":"TeaSense.ch","description":"Nat\u00fcrliche Teemischungen und klassischer Tee","publisher":{"@id":"https:\/\/teasense.ch\/fr\/#organization"},"alternateName":"TeaSense","potentialAction":[{"@type":"SearchAction","target":{"@type":"EntryPoint","urlTemplate":"https:\/\/teasense.ch\/fr\/?s={search_term_string}"},"query-input":{"@type":"PropertyValueSpecification","valueRequired":true,"valueName":"search_term_string"}}],"inLanguage":"fr-CH"},{"@type":"Organization","@id":"https:\/\/teasense.ch\/fr\/#organization","name":"Reale Selection","alternateName":"TeaSense.ch","url":"https:\/\/teasense.ch\/fr\/","logo":{"@type":"ImageObject","inLanguage":"fr-CH","@id":"https:\/\/teasense.ch\/fr\/#\/schema\/logo\/image\/","url":"https:\/\/teasense.ch\/wp-content\/uploads\/2023\/07\/cropped-logo-teasense-kategorie-onlineshop-alle-produkte.jpg","contentUrl":"https:\/\/teasense.ch\/wp-content\/uploads\/2023\/07\/cropped-logo-teasense-kategorie-onlineshop-alle-produkte.jpg","width":512,"height":512,"caption":"Reale Selection"},"image":{"@id":"https:\/\/teasense.ch\/fr\/#\/schema\/logo\/image\/"},"sameAs":["https:\/\/www.facebook.com\/teasense.ch"]}]}},"jetpack-related-posts":[{"id":48631,"url":"https:\/\/teasense.ch\/fr\/produit\/tisane-feuilles-framboisier\/","url_meta":{"origin":49752,"position":0},"title":"Tisane de feuilles de framboisier","author":"Reale Selection","date":"13 October 2025","format":false,"excerpt":"Pr\u00e9paration feuilles de framboisier \ud83e\udd44 1-2 cuill\u00e8res \u00e0 caf\u00e9 pour 200 ml\ud83c\udf21\ufe0f 95 \u00b0C\u23f3 5-7 minutes","rel":"","context":"Similar post","block_context":{"text":"Similar post","link":""},"img":{"alt_text":"Himbeerbl\u00e4tter Tee \u2013 mild, aromatisch und wohlschmeckend","src":"https:\/\/i0.wp.com\/teasense.ch\/wp-content\/uploads\/2025\/10\/himbeerblaetter.png?resize=350%2C200&ssl=1","width":350,"height":200,"srcset":"https:\/\/i0.wp.com\/teasense.ch\/wp-content\/uploads\/2025\/10\/himbeerblaetter.png?resize=350%2C200&ssl=1 1x, https:\/\/i0.wp.com\/teasense.ch\/wp-content\/uploads\/2025\/10\/himbeerblaetter.png?resize=525%2C300&ssl=1 1.5x, https:\/\/i0.wp.com\/teasense.ch\/wp-content\/uploads\/2025\/10\/himbeerblaetter.png?resize=700%2C400&ssl=1 2x"},"classes":[]},{"id":50218,"url":"https:\/\/teasense.ch\/fr\/produit\/tisane-des-sens\/","url_meta":{"origin":49752,"position":1},"title":"Tisane des Sens","author":"Reale Selection","date":"29 ao\u00fbt 2023","format":false,"excerpt":"Pr\u00e9paration Tisane des Sens \ud83e\udd44 2,5 g pour 200 ml d\u2019eau \ud83c\udf21\ufe0f 100 \u00b0C \u23f3 5\u20138 minutes","rel":"","context":"Similar post","block_context":{"text":"Similar post","link":""},"img":{"alt_text":"Sinneskr\u00e4uter Lose Teemischung","src":"https:\/\/i0.wp.com\/teasense.ch\/wp-content\/uploads\/2023\/08\/sinneskraeuter-teemischung-plain.jpg?resize=350%2C200&ssl=1","width":350,"height":200,"srcset":"https:\/\/i0.wp.com\/teasense.ch\/wp-content\/uploads\/2023\/08\/sinneskraeuter-teemischung-plain.jpg?resize=350%2C200&ssl=1 1x, https:\/\/i0.wp.com\/teasense.ch\/wp-content\/uploads\/2023\/08\/sinneskraeuter-teemischung-plain.jpg?resize=525%2C300&ssl=1 1.5x, https:\/\/i0.wp.com\/teasense.ch\/wp-content\/uploads\/2023\/08\/sinneskraeuter-teemischung-plain.jpg?resize=700%2C400&ssl=1 2x"},"classes":[]},{"id":49248,"url":"https:\/\/teasense.ch\/fr\/produit\/rooibos-vert\/","url_meta":{"origin":49752,"position":2},"title":"Rooibos vert","author":"Reale Selection","date":"12 May 2025","format":false,"excerpt":"Pr\u00e9paration \u2013 rooibos vert \ud83e\udd44 1 c. \u00e0 caf\u00e9 pour 200 ml (20 g\/litre) \ud83c\udf21\ufe0f 90 \u00b0C \u23f3 5 minutes","rel":"","context":"Similar post","block_context":{"text":"Similar post","link":""},"img":{"alt_text":"Gr\u00fcner Rooibos Tee","src":"https:\/\/i0.wp.com\/teasense.ch\/wp-content\/uploads\/2025\/05\/Gruener-Rooibusch.png?resize=350%2C200&ssl=1","width":350,"height":200,"srcset":"https:\/\/i0.wp.com\/teasense.ch\/wp-content\/uploads\/2025\/05\/Gruener-Rooibusch.png?resize=350%2C200&ssl=1 1x, https:\/\/i0.wp.com\/teasense.ch\/wp-content\/uploads\/2025\/05\/Gruener-Rooibusch.png?resize=525%2C300&ssl=1 1.5x, https:\/\/i0.wp.com\/teasense.ch\/wp-content\/uploads\/2025\/05\/Gruener-Rooibusch.png?resize=700%2C400&ssl=1 2x"},"classes":[]},{"id":50074,"url":"https:\/\/teasense.ch\/fr\/produit\/tisane-fraicheur\/","url_meta":{"origin":49752,"position":3},"title":"Tisane Fra\u00eecheur","author":"Reale Selection","date":"22 October 2023","format":false,"excerpt":"Infusion aux herbes go\u00fbt menthe-citron Pr\u00e9paration Tisane Fra\u00eecheur \ud83e\udd44 1\u20132 c.\u00e0.c par litre (14 g\/litre) \ud83c\udf21\ufe0f 100 \u00b0C \u23f3 5 minutes","rel":"","context":"Similar post","block_context":{"text":"Similar post","link":""},"img":{"alt_text":"Loser Koriander Teemischung","src":"https:\/\/i0.wp.com\/teasense.ch\/wp-content\/uploads\/2023\/10\/kraeuterteemischung-bleib-fresh-plain.jpg?resize=350%2C200&ssl=1","width":350,"height":200,"srcset":"https:\/\/i0.wp.com\/teasense.ch\/wp-content\/uploads\/2023\/10\/kraeuterteemischung-bleib-fresh-plain.jpg?resize=350%2C200&ssl=1 1x, https:\/\/i0.wp.com\/teasense.ch\/wp-content\/uploads\/2023\/10\/kraeuterteemischung-bleib-fresh-plain.jpg?resize=525%2C300&ssl=1 1.5x, https:\/\/i0.wp.com\/teasense.ch\/wp-content\/uploads\/2023\/10\/kraeuterteemischung-bleib-fresh-plain.jpg?resize=700%2C400&ssl=1 2x"},"classes":[]},{"id":48175,"url":"https:\/\/teasense.ch\/fr\/produit\/tisane-douce-nuit\/","url_meta":{"origin":49752,"position":4},"title":"Tisane Douce Nuit","author":"Reale Selection","date":"23 October 2024","format":false,"excerpt":"Pr\u00e9paration de la Tisane Douce Nuit \ud83e\udd44 1 cuill\u00e8re \u00e0 caf\u00e9 par tasse (14 g\/litre)\ud83c\udf21\ufe0f 100 \u00b0C\u23f3 5 minutes","rel":"","context":"Similar post","block_context":{"text":"Similar post","link":""},"img":{"alt_text":"Schlafm\u00fctze Kr\u00e4utertee weisser Hintergrund","src":"https:\/\/i0.wp.com\/teasense.ch\/wp-content\/uploads\/2024\/10\/schlafmuetze-kraeutertee-weisser-hintergrund.png?resize=350%2C200&ssl=1","width":350,"height":200,"srcset":"https:\/\/i0.wp.com\/teasense.ch\/wp-content\/uploads\/2024\/10\/schlafmuetze-kraeutertee-weisser-hintergrund.png?resize=350%2C200&ssl=1 1x, https:\/\/i0.wp.com\/teasense.ch\/wp-content\/uploads\/2024\/10\/schlafmuetze-kraeutertee-weisser-hintergrund.png?resize=525%2C300&ssl=1 1.5x, https:\/\/i0.wp.com\/teasense.ch\/wp-content\/uploads\/2024\/10\/schlafmuetze-kraeutertee-weisser-hintergrund.png?resize=700%2C400&ssl=1 2x"},"classes":[]},{"id":49050,"url":"https:\/\/teasense.ch\/fr\/produit\/pekoe-the-noir-gorreana\/","url_meta":{"origin":49752,"position":5},"title":"Pekoe \u2013 Th\u00e9 noir Gorreana","author":"Reale Selection","date":"20 ao\u00fbt 2025","format":false,"excerpt":"Th\u00e9 Pekoe \u2013 th\u00e9 noir classique de Gorreana Le Pekoe de Gorreana est un th\u00e9 noir classique des A\u00e7ores, appr\u00e9ci\u00e9 pour son caract\u00e8re \u00e9quilibr\u00e9 et doux. Alors que le Orange Pekoe repr\u00e9sente une qualit\u00e9 de feuille plus fine, le Pekoe s\u00e9duit par sa simplicit\u00e9 et convient parfaitement au quotidien. Origine\u2026","rel":"","context":"Similar post","block_context":{"text":"Similar post","link":""},"img":{"alt_text":"schwarzertee pekoe aus den Azoren Portugal","src":"https:\/\/i0.wp.com\/teasense.ch\/wp-content\/uploads\/2025\/08\/schwarzertee-pekoe.png?resize=350%2C200&ssl=1","width":350,"height":200,"srcset":"https:\/\/i0.wp.com\/teasense.ch\/wp-content\/uploads\/2025\/08\/schwarzertee-pekoe.png?resize=350%2C200&ssl=1 1x, https:\/\/i0.wp.com\/teasense.ch\/wp-content\/uploads\/2025\/08\/schwarzertee-pekoe.png?resize=525%2C300&ssl=1 1.5x, https:\/\/i0.wp.com\/teasense.ch\/wp-content\/uploads\/2025\/08\/schwarzertee-pekoe.png?resize=700%2C400&ssl=1 2x"},"classes":[]}],"jetpack_sharing_enabled":true,"jetpack_likes_enabled":false,"_links":{"self":[{"href":"https:\/\/teasense.ch\/fr\/wp-json\/wp\/v2\/product\/49752","targetHints":{"allow":["GET"]}}],"collection":[{"href":"https:\/\/teasense.ch\/fr\/wp-json\/wp\/v2\/product"}],"about":[{"href":"https:\/\/teasense.ch\/fr\/wp-json\/wp\/v2\/types\/product"}],"replies":[{"embeddable":true,"href":"https:\/\/teasense.ch\/fr\/wp-json\/wp\/v2\/comments?post=49752"}],"wp:featuredmedia":[{"embeddable":true,"href":"https:\/\/teasense.ch\/fr\/wp-json\/wp\/v2\/media\/43409"}],"wp:attachment":[{"href":"https:\/\/teasense.ch\/fr\/wp-json\/wp\/v2\/media?parent=49752"}],"wp:term":[{"taxonomy":"product_brand","embeddable":true,"href":"https:\/\/teasense.ch\/fr\/wp-json\/wp\/v2\/product_brand?post=49752"},{"taxonomy":"product_cat","embeddable":true,"href":"https:\/\/teasense.ch\/fr\/wp-json\/wp\/v2\/product_cat?post=49752"},{"taxonomy":"product_tag","embeddable":true,"href":"https:\/\/teasense.ch\/fr\/wp-json\/wp\/v2\/product_tag?post=49752"}],"curies":[{"name":"wp","href":"https:\/\/api.w.org\/{rel}","templated":true}]}}