{"id":49777,"date":"2025-02-25T21:37:00","date_gmt":"2025-02-25T20:37:00","guid":{"rendered":"https:\/\/teasense.ch\/produkt\/honeybush-naturel\/"},"modified":"2026-05-05T16:42:01","modified_gmt":"2026-05-05T14:42:01","slug":"honeybush-naturel","status":"publish","type":"product","link":"https:\/\/teasense.ch\/fr\/produit\/honeybush-naturel\/","title":{"rendered":"Honeybush naturel"},"content":{"rendered":"<h2>Honeybush naturel \u2013 Une infusion douce et naturellement sucr\u00e9e<\/h2>\n<p>Le honeybush est une infusion originaire d\u2019Afrique du Sud, appr\u00e9ci\u00e9e pour son go\u00fbt doux et l\u00e9g\u00e8rement sucr\u00e9. La plante pousse dans les r\u00e9gions montagneuses du Cap.<\/p>\n<p>Son nom provient de son parfum d\u00e9licatement miell\u00e9 lors de l\u2019infusion. Plus doux que le rooibos, il offre une note florale agr\u00e9able.<\/p>\n<p>Naturellement sans caf\u00e9ine, il peut \u00eatre consomm\u00e9 \u00e0 tout moment de la journ\u00e9e.<\/p>\n<h3>Pourquoi le honeybush ?<\/h3>\n<p>\u2714 <strong>Doux &#038; naturellement sucr\u00e9<\/strong><br \/>\n\u2714 <strong>100% pur<\/strong> \u2013 sans additifs<br \/>\n\u2714 <strong>Polyvalent<\/strong> \u2013 nature, avec lait ou glac\u00e9<br \/>\n\u2714 <strong>Sans caf\u00e9ine<\/strong><\/p>\n<h3>Origine &#038; transformation<\/h3>\n<p>Le honeybush pousse uniquement en Afrique du Sud et est souvent r\u00e9colt\u00e9 \u00e0 l\u2019\u00e9tat sauvage. Il est ensuite s\u00e9ch\u00e9 d\u00e9licatement.<\/p>\n<h3>Go\u00fbt &#038; ar\u00f4me<\/h3>\n<p>Une infusion douce, florale avec une l\u00e9g\u00e8re note de miel. Moins terreuse que le rooibos.<\/p>\n","protected":false},"excerpt":{"rendered":"<h4>Pr\u00e9paration honeybush<\/h4>\n<p>\ud83e\udd44 1 c.\u00e0.c bomb\u00e9e (env. 2 g) pour 200 ml d\u2019eau<br \/>\n\ud83c\udf21\ufe0f 100 \u00b0C<br \/>\n\u23f3 7\u201310 minutes<\/p>\n<p><strong>Astuce \ud83d\udca1<\/strong><br \/>\nProlonge l\u2019infusion pour plus d\u2019intensit\u00e9.<\/p>\n","protected":false},"featured_media":44212,"comment_status":"open","ping_status":"closed","template":"","meta":{"_et_pb_use_builder":"","_et_pb_old_content":"","_et_gb_content_width":""},"product_brand":[],"product_cat":[442,424,375,380,348],"product_tag":[],"class_list":{"0":"post-49777","1":"product","2":"type-product","3":"status-publish","4":"has-post-thumbnail","6":"product_cat-monoherbes","7":"product_cat-rooibos","8":"product_cat-the-en-vrac","9":"product_cat-tisane","10":"product_cat-tous-produits","11":"pa_herkunft-afrique-du-sud","12":"pa_weight-100-g","13":"pa_weight-200-g","14":"pa_weight-400-g","15":"pa_weight-50-g","17":"first","18":"instock","19":"shipping-taxable","20":"purchasable","21":"product-type-variable","22":"has-default-attributes","23":"add-to-wishlist-before_image"},"yoast_head":"<!-- This site is optimized with the Yoast SEO plugin v27.5 - https:\/\/yoast.com\/product\/yoast-seo-wordpress\/ -->\n<title>Honeybush naturel - TeaSense.ch<\/title>\n<meta name=\"description\" content=\"Honeybush naturel \u2013 infusion douce et sans caf\u00e9ine, aux notes l\u00e9g\u00e8rement miell\u00e9es. \ud83c\udf3f\" \/>\n<meta name=\"robots\" content=\"index, follow, max-snippet:-1, max-image-preview:large, max-video-preview:-1\" \/>\n<link rel=\"canonical\" href=\"https:\/\/teasense.ch\/fr\/produit\/honeybush-naturel\/\" \/>\n<meta property=\"og:locale\" content=\"fr_FR\" \/>\n<meta property=\"og:type\" content=\"article\" \/>\n<meta property=\"og:title\" content=\"Honeybush naturel - TeaSense.ch\" \/>\n<meta property=\"og:description\" content=\"Honeybush naturel \u2013 infusion douce et sans caf\u00e9ine, aux notes l\u00e9g\u00e8rement miell\u00e9es. \ud83c\udf3f\" \/>\n<meta property=\"og:url\" content=\"https:\/\/teasense.ch\/fr\/produit\/honeybush-naturel\/\" \/>\n<meta property=\"og:site_name\" content=\"TeaSense.ch\" \/>\n<meta property=\"article:publisher\" content=\"https:\/\/www.facebook.com\/teasense.ch\" \/>\n<meta property=\"article:modified_time\" content=\"2026-05-05T14:42:01+00:00\" \/>\n<meta property=\"og:image\" content=\"https:\/\/teasense.ch\/wp-content\/uploads\/2025\/02\/hibiskus-tee-lose-und-aufgegossen-in-Tassen.png\" \/>\n\t<meta property=\"og:image:width\" content=\"800\" \/>\n\t<meta property=\"og:image:height\" content=\"800\" \/>\n\t<meta property=\"og:image:type\" content=\"image\/png\" \/>\n<meta name=\"twitter:card\" content=\"summary_large_image\" \/>\n<meta name=\"twitter:label1\" content=\"Est. reading time\" \/>\n\t<meta name=\"twitter:data1\" content=\"1 minute\" \/>\n<!-- \/ Yoast SEO plugin. -->","yoast_head_json":{"title":"Honeybush naturel - TeaSense.ch","description":"Honeybush naturel \u2013 infusion douce et sans caf\u00e9ine, aux notes l\u00e9g\u00e8rement miell\u00e9es. \ud83c\udf3f","robots":{"index":"index","follow":"follow","max-snippet":"max-snippet:-1","max-image-preview":"max-image-preview:large","max-video-preview":"max-video-preview:-1"},"canonical":"https:\/\/teasense.ch\/fr\/produit\/honeybush-naturel\/","og_locale":"fr_FR","og_type":"article","og_title":"Honeybush naturel - TeaSense.ch","og_description":"Honeybush naturel \u2013 infusion douce et sans caf\u00e9ine, aux notes l\u00e9g\u00e8rement miell\u00e9es. \ud83c\udf3f","og_url":"https:\/\/teasense.ch\/fr\/produit\/honeybush-naturel\/","og_site_name":"TeaSense.ch","article_publisher":"https:\/\/www.facebook.com\/teasense.ch","article_modified_time":"2026-05-05T14:42:01+00:00","og_image":[{"width":800,"height":800,"url":"https:\/\/teasense.ch\/wp-content\/uploads\/2025\/02\/hibiskus-tee-lose-und-aufgegossen-in-Tassen.png","type":"image\/png"}],"twitter_card":"summary_large_image","twitter_misc":{"Est. reading time":"1 minute"},"schema":{"@context":"https:\/\/schema.org","@graph":[{"@type":"WebPage","@id":"https:\/\/teasense.ch\/fr\/produit\/honeybush-naturel\/","url":"https:\/\/teasense.ch\/fr\/produit\/honeybush-naturel\/","name":"Honeybush naturel - TeaSense.ch","isPartOf":{"@id":"https:\/\/teasense.ch\/fr\/#website"},"primaryImageOfPage":{"@id":"https:\/\/teasense.ch\/fr\/produit\/honeybush-naturel\/#primaryimage"},"image":{"@id":"https:\/\/teasense.ch\/fr\/produit\/honeybush-naturel\/#primaryimage"},"thumbnailUrl":"https:\/\/teasense.ch\/wp-content\/uploads\/2025\/02\/Honeybush-Natur-\u2013-Spezialitaet-aus-Suedafrika-im-Tee-Shop-Schweiz.png","datePublished":"2025-02-25T20:37:00+00:00","dateModified":"2026-05-05T14:42:01+00:00","description":"Honeybush naturel \u2013 infusion douce et sans caf\u00e9ine, aux notes l\u00e9g\u00e8rement miell\u00e9es. \ud83c\udf3f","breadcrumb":{"@id":"https:\/\/teasense.ch\/fr\/produit\/honeybush-naturel\/#breadcrumb"},"inLanguage":"fr-CH","potentialAction":[{"@type":"ReadAction","target":["https:\/\/teasense.ch\/fr\/produit\/honeybush-naturel\/"]}]},{"@type":"ImageObject","inLanguage":"fr-CH","@id":"https:\/\/teasense.ch\/fr\/produit\/honeybush-naturel\/#primaryimage","url":"https:\/\/teasense.ch\/wp-content\/uploads\/2025\/02\/Honeybush-Natur-\u2013-Spezialitaet-aus-Suedafrika-im-Tee-Shop-Schweiz.png","contentUrl":"https:\/\/teasense.ch\/wp-content\/uploads\/2025\/02\/Honeybush-Natur-\u2013-Spezialitaet-aus-Suedafrika-im-Tee-Shop-Schweiz.png","width":800,"height":800,"caption":"Honeybush Natur \u2013 Spezialit\u00e4t aus S\u00fcdafrika"},{"@type":"BreadcrumbList","@id":"https:\/\/teasense.ch\/fr\/produit\/honeybush-naturel\/#breadcrumb","itemListElement":[{"@type":"ListItem","position":1,"name":"Startseite","item":"https:\/\/teasense.ch\/fr\/"},{"@type":"ListItem","position":2,"name":"Boutique de th\u00e9 en ligne","item":"https:\/\/teasense.ch\/fr\/shop\/"},{"@type":"ListItem","position":3,"name":"Honeybush naturel"}]},{"@type":"WebSite","@id":"https:\/\/teasense.ch\/fr\/#website","url":"https:\/\/teasense.ch\/fr\/","name":"TeaSense.ch","description":"Nat\u00fcrliche Teemischungen und klassischer Tee","publisher":{"@id":"https:\/\/teasense.ch\/fr\/#organization"},"alternateName":"TeaSense","potentialAction":[{"@type":"SearchAction","target":{"@type":"EntryPoint","urlTemplate":"https:\/\/teasense.ch\/fr\/?s={search_term_string}"},"query-input":{"@type":"PropertyValueSpecification","valueRequired":true,"valueName":"search_term_string"}}],"inLanguage":"fr-CH"},{"@type":"Organization","@id":"https:\/\/teasense.ch\/fr\/#organization","name":"Reale Selection","alternateName":"TeaSense.ch","url":"https:\/\/teasense.ch\/fr\/","logo":{"@type":"ImageObject","inLanguage":"fr-CH","@id":"https:\/\/teasense.ch\/fr\/#\/schema\/logo\/image\/","url":"https:\/\/teasense.ch\/wp-content\/uploads\/2023\/07\/cropped-logo-teasense-kategorie-onlineshop-alle-produkte.jpg","contentUrl":"https:\/\/teasense.ch\/wp-content\/uploads\/2023\/07\/cropped-logo-teasense-kategorie-onlineshop-alle-produkte.jpg","width":512,"height":512,"caption":"Reale Selection"},"image":{"@id":"https:\/\/teasense.ch\/fr\/#\/schema\/logo\/image\/"},"sameAs":["https:\/\/www.facebook.com\/teasense.ch"]}]}},"jetpack-related-posts":[{"id":49248,"url":"https:\/\/teasense.ch\/fr\/produit\/rooibos-vert\/","url_meta":{"origin":49777,"position":0},"title":"Rooibos vert","author":"Reale Selection","date":"12 May 2025","format":false,"excerpt":"Pr\u00e9paration \u2013 rooibos vert \ud83e\udd44 1 c. \u00e0 caf\u00e9 pour 200 ml (20 g\/litre) \ud83c\udf21\ufe0f 90 \u00b0C \u23f3 5 minutes","rel":"","context":"Similar post","block_context":{"text":"Similar post","link":""},"img":{"alt_text":"Gr\u00fcner Rooibos Tee","src":"https:\/\/i0.wp.com\/teasense.ch\/wp-content\/uploads\/2025\/05\/Gruener-Rooibusch.png?resize=350%2C200&ssl=1","width":350,"height":200,"srcset":"https:\/\/i0.wp.com\/teasense.ch\/wp-content\/uploads\/2025\/05\/Gruener-Rooibusch.png?resize=350%2C200&ssl=1 1x, https:\/\/i0.wp.com\/teasense.ch\/wp-content\/uploads\/2025\/05\/Gruener-Rooibusch.png?resize=525%2C300&ssl=1 1.5x, https:\/\/i0.wp.com\/teasense.ch\/wp-content\/uploads\/2025\/05\/Gruener-Rooibusch.png?resize=700%2C400&ssl=1 2x"},"classes":[]},{"id":48631,"url":"https:\/\/teasense.ch\/fr\/produit\/tisane-feuilles-framboisier\/","url_meta":{"origin":49777,"position":1},"title":"Tisane de feuilles de framboisier","author":"Reale Selection","date":"13 October 2025","format":false,"excerpt":"Pr\u00e9paration feuilles de framboisier \ud83e\udd44 1-2 cuill\u00e8res \u00e0 caf\u00e9 pour 200 ml\ud83c\udf21\ufe0f 95 \u00b0C\u23f3 5-7 minutes","rel":"","context":"Similar post","block_context":{"text":"Similar post","link":""},"img":{"alt_text":"Himbeerbl\u00e4tter Tee \u2013 mild, aromatisch und wohlschmeckend","src":"https:\/\/i0.wp.com\/teasense.ch\/wp-content\/uploads\/2025\/10\/himbeerblaetter.png?resize=350%2C200&ssl=1","width":350,"height":200,"srcset":"https:\/\/i0.wp.com\/teasense.ch\/wp-content\/uploads\/2025\/10\/himbeerblaetter.png?resize=350%2C200&ssl=1 1x, https:\/\/i0.wp.com\/teasense.ch\/wp-content\/uploads\/2025\/10\/himbeerblaetter.png?resize=525%2C300&ssl=1 1.5x, https:\/\/i0.wp.com\/teasense.ch\/wp-content\/uploads\/2025\/10\/himbeerblaetter.png?resize=700%2C400&ssl=1 2x"},"classes":[]},{"id":48541,"url":"https:\/\/teasense.ch\/fr\/produit\/soba-cha-the-sarrasin-cuit-au-four\/","url_meta":{"origin":49777,"position":2},"title":"Soba Cha \u2013 th\u00e9 de sarrasin (cuit au four)","author":"Reale Selection","date":"10 novembre 2025","format":false,"excerpt":"\ud83e\udd44 2 cuill\u00e8res \u00e0 caf\u00e9 par tasse (14 g\/litre) \ud83c\udf21\ufe0f 100 \u00b0C \u23f3 2 minutes","rel":"","context":"Similar post","block_context":{"text":"Similar post","link":""},"img":{"alt_text":"Soba Cha \u2013 gebackener Buchweizen Tee","src":"https:\/\/i0.wp.com\/teasense.ch\/wp-content\/uploads\/2025\/11\/buchweizen.png?resize=350%2C200&ssl=1","width":350,"height":200,"srcset":"https:\/\/i0.wp.com\/teasense.ch\/wp-content\/uploads\/2025\/11\/buchweizen.png?resize=350%2C200&ssl=1 1x, https:\/\/i0.wp.com\/teasense.ch\/wp-content\/uploads\/2025\/11\/buchweizen.png?resize=525%2C300&ssl=1 1.5x, https:\/\/i0.wp.com\/teasense.ch\/wp-content\/uploads\/2025\/11\/buchweizen.png?resize=700%2C400&ssl=1 2x"},"classes":[]},{"id":49568,"url":"https:\/\/teasense.ch\/fr\/produit\/tisane-fruits-enfants\/","url_meta":{"origin":49777,"position":3},"title":"Tisane aux fruits enfants","author":"Reale Selection","date":"22 October 2024","format":false,"excerpt":"Le classique, sans ar\u00f4mes ajout\u00e9s et sans caf\u00e9ine. Pr\u00e9paration tisane fruits enfants \ud83e\udd44 1 c.\u00e0.c par tasse \ud83c\udf21\ufe0f 100\u00b0C \u23f3 6 - 10 minutes","rel":"","context":"Similar post","block_context":{"text":"Similar post","link":""},"img":{"alt_text":"Kinderfr\u00fcchtetee Natur","src":"https:\/\/i0.wp.com\/teasense.ch\/wp-content\/uploads\/2024\/10\/kinderfruechtetee.png?resize=350%2C200&ssl=1","width":350,"height":200,"srcset":"https:\/\/i0.wp.com\/teasense.ch\/wp-content\/uploads\/2024\/10\/kinderfruechtetee.png?resize=350%2C200&ssl=1 1x, https:\/\/i0.wp.com\/teasense.ch\/wp-content\/uploads\/2024\/10\/kinderfruechtetee.png?resize=525%2C300&ssl=1 1.5x, https:\/\/i0.wp.com\/teasense.ch\/wp-content\/uploads\/2024\/10\/kinderfruechtetee.png?resize=700%2C400&ssl=1 2x"},"classes":[]},{"id":49050,"url":"https:\/\/teasense.ch\/fr\/produit\/pekoe-the-noir-gorreana\/","url_meta":{"origin":49777,"position":4},"title":"Pekoe \u2013 Th\u00e9 noir Gorreana","author":"Reale Selection","date":"20 ao\u00fbt 2025","format":false,"excerpt":"Th\u00e9 Pekoe \u2013 th\u00e9 noir classique de Gorreana Le Pekoe de Gorreana est un th\u00e9 noir classique des A\u00e7ores, appr\u00e9ci\u00e9 pour son caract\u00e8re \u00e9quilibr\u00e9 et doux. Alors que le Orange Pekoe repr\u00e9sente une qualit\u00e9 de feuille plus fine, le Pekoe s\u00e9duit par sa simplicit\u00e9 et convient parfaitement au quotidien. Origine\u2026","rel":"","context":"Similar post","block_context":{"text":"Similar post","link":""},"img":{"alt_text":"schwarzertee pekoe aus den Azoren Portugal","src":"https:\/\/i0.wp.com\/teasense.ch\/wp-content\/uploads\/2025\/08\/schwarzertee-pekoe.png?resize=350%2C200&ssl=1","width":350,"height":200,"srcset":"https:\/\/i0.wp.com\/teasense.ch\/wp-content\/uploads\/2025\/08\/schwarzertee-pekoe.png?resize=350%2C200&ssl=1 1x, https:\/\/i0.wp.com\/teasense.ch\/wp-content\/uploads\/2025\/08\/schwarzertee-pekoe.png?resize=525%2C300&ssl=1 1.5x, https:\/\/i0.wp.com\/teasense.ch\/wp-content\/uploads\/2025\/08\/schwarzertee-pekoe.png?resize=700%2C400&ssl=1 2x"},"classes":[]},{"id":48156,"url":"https:\/\/teasense.ch\/fr\/produit\/the-noir-cerise-sauvage\/","url_meta":{"origin":49777,"position":5},"title":"Th\u00e9 noir cerise sauvage","author":"Reale Selection","date":"17 December 2025","format":false,"excerpt":"Pr\u00e9paration th\u00e9 noir cerise sauvage naturel \ud83e\udd44 1 \u2013 2 c. \u00e0 c. par tasse (12 g\/litre)\ud83c\udf21\ufe0f 100 \u00b0C\u23f3 3 minutes","rel":"","context":"Similar post","block_context":{"text":"Similar post","link":""},"img":{"alt_text":"Schwarztee Wildkirsche Nat\u00fcrliche Teemischung","src":"https:\/\/i0.wp.com\/teasense.ch\/wp-content\/uploads\/2025\/12\/schwarztee-wildkirsche.png?resize=350%2C200&ssl=1","width":350,"height":200,"srcset":"https:\/\/i0.wp.com\/teasense.ch\/wp-content\/uploads\/2025\/12\/schwarztee-wildkirsche.png?resize=350%2C200&ssl=1 1x, https:\/\/i0.wp.com\/teasense.ch\/wp-content\/uploads\/2025\/12\/schwarztee-wildkirsche.png?resize=525%2C300&ssl=1 1.5x, https:\/\/i0.wp.com\/teasense.ch\/wp-content\/uploads\/2025\/12\/schwarztee-wildkirsche.png?resize=700%2C400&ssl=1 2x"},"classes":[]}],"jetpack_sharing_enabled":true,"jetpack_likes_enabled":false,"_links":{"self":[{"href":"https:\/\/teasense.ch\/fr\/wp-json\/wp\/v2\/product\/49777","targetHints":{"allow":["GET"]}}],"collection":[{"href":"https:\/\/teasense.ch\/fr\/wp-json\/wp\/v2\/product"}],"about":[{"href":"https:\/\/teasense.ch\/fr\/wp-json\/wp\/v2\/types\/product"}],"replies":[{"embeddable":true,"href":"https:\/\/teasense.ch\/fr\/wp-json\/wp\/v2\/comments?post=49777"}],"wp:featuredmedia":[{"embeddable":true,"href":"https:\/\/teasense.ch\/fr\/wp-json\/wp\/v2\/media\/44212"}],"wp:attachment":[{"href":"https:\/\/teasense.ch\/fr\/wp-json\/wp\/v2\/media?parent=49777"}],"wp:term":[{"taxonomy":"product_brand","embeddable":true,"href":"https:\/\/teasense.ch\/fr\/wp-json\/wp\/v2\/product_brand?post=49777"},{"taxonomy":"product_cat","embeddable":true,"href":"https:\/\/teasense.ch\/fr\/wp-json\/wp\/v2\/product_cat?post=49777"},{"taxonomy":"product_tag","embeddable":true,"href":"https:\/\/teasense.ch\/fr\/wp-json\/wp\/v2\/product_tag?post=49777"}],"curies":[{"name":"wp","href":"https:\/\/api.w.org\/{rel}","templated":true}]}}