{"id":49792,"date":"2025-02-25T21:15:43","date_gmt":"2025-02-25T20:15:43","guid":{"rendered":"https:\/\/teasense.ch\/produkt\/earl-grey-au-jasmin\/"},"modified":"2026-05-05T16:53:59","modified_gmt":"2026-05-05T14:53:59","slug":"earl-grey-au-jasmin","status":"publish","type":"product","link":"https:\/\/teasense.ch\/fr\/produit\/earl-grey-au-jasmin\/","title":{"rendered":"Earl Grey au jasmin"},"content":{"rendered":"<h2>Earl Grey au jasmin \u2013 Th\u00e9 noir \u00e0 la bergamote et notes florales<\/h2>\n<p>Ce Earl Grey au jasmin associe l\u2019\u00e9l\u00e9gance du th\u00e9 noir aromatis\u00e9 \u00e0 la bergamote \u00e0 la d\u00e9licatesse des fleurs de jasmin. Une combinaison harmonieuse et raffin\u00e9e.<\/p>\n<p>La base de th\u00e9 noir apporte de la profondeur, tandis que la bergamote offre une note fra\u00eeche et citronn\u00e9e. Le jasmin ajoute une touche florale subtile.<\/p>\n<h3>Pourquoi Earl Grey au jasmin ?<\/h3>\n<p>\u2714 <strong>Association unique<\/strong><br \/>\n\u2714 <strong>Ar\u00f4me \u00e9quilibr\u00e9<\/strong> \u2013 frais et floral<br \/>\n\u2714 <strong>Th\u00e9 noir de qualit\u00e9<\/strong><br \/>\n\u2714 <strong>Polyvalent<\/strong> \u2013 nature, avec lait ou glac\u00e9<\/p>\n<p><strong>Ingr\u00e9dients :<\/strong> M\u00e9lange de th\u00e9s noirs (Ceylan, Kenya, Chine), fleurs de jasmin, ar\u00f4me naturel.<\/p>\n<h3>D\u00e9gustation<\/h3>\n<p>Une infusion \u00e9quilibr\u00e9e entre la fra\u00eecheur de la bergamote et la douceur florale du jasmin.<\/p>\n","protected":false},"excerpt":{"rendered":"<h4>Pr\u00e9paration Earl Grey au jasmin<\/h4>\n<p>\ud83e\udd44 2,5 g pour 200 ml d\u2019eau<br \/>\n\ud83c\udf21\ufe0f 90 &#8211; 95 \u00b0C<br \/>\n\u23f3 3 &#8211; 5 minutes<\/p>\n<p><strong>Astuce \ud83d\udca1<\/strong><br \/>\nR\u00e9duire le temps d\u2019infusion pour un go\u00fbt plus doux.<\/p>\n","protected":false},"featured_media":44197,"comment_status":"open","ping_status":"closed","template":"","meta":{"_et_pb_use_builder":"","_et_pb_old_content":"","_et_gb_content_width":""},"product_brand":[],"product_cat":[375,349,403,348],"product_tag":[],"class_list":{"0":"post-49792","1":"product","2":"type-product","3":"status-publish","4":"has-post-thumbnail","6":"product_cat-the-en-vrac","7":"product_cat-the-noir","8":"product_cat-tisanes-fleurs","9":"product_cat-tous-produits","10":"pa_herkunft-allemagne","11":"pa_weight-100-g","12":"pa_weight-200-g","13":"pa_weight-400-g","14":"pa_weight-50-g","16":"first","17":"instock","18":"shipping-taxable","19":"purchasable","20":"product-type-variable","21":"has-default-attributes","22":"add-to-wishlist-before_image"},"yoast_head":"<!-- This site is optimized with the Yoast SEO plugin v27.5 - https:\/\/yoast.com\/product\/yoast-seo-wordpress\/ -->\n<title>Earl Grey au jasmin - TeaSense.ch<\/title>\n<meta name=\"description\" content=\"Earl Grey au jasmin \u2013 th\u00e9 noir raffin\u00e9 \u00e0 la bergamote et notes florales. \ud83c\udf38\" \/>\n<meta name=\"robots\" content=\"index, follow, max-snippet:-1, max-image-preview:large, max-video-preview:-1\" \/>\n<link rel=\"canonical\" href=\"https:\/\/teasense.ch\/fr\/produit\/earl-grey-au-jasmin\/\" \/>\n<meta property=\"og:locale\" content=\"fr_FR\" \/>\n<meta property=\"og:type\" content=\"article\" \/>\n<meta property=\"og:title\" content=\"Earl Grey au jasmin - TeaSense.ch\" \/>\n<meta property=\"og:description\" content=\"Earl Grey au jasmin \u2013 th\u00e9 noir raffin\u00e9 \u00e0 la bergamote et notes florales. \ud83c\udf38\" \/>\n<meta property=\"og:url\" content=\"https:\/\/teasense.ch\/fr\/produit\/earl-grey-au-jasmin\/\" \/>\n<meta property=\"og:site_name\" content=\"TeaSense.ch\" \/>\n<meta property=\"article:publisher\" content=\"https:\/\/www.facebook.com\/teasense.ch\" \/>\n<meta property=\"article:modified_time\" content=\"2026-05-05T14:53:59+00:00\" \/>\n<meta property=\"og:image\" content=\"https:\/\/teasense.ch\/wp-content\/uploads\/2025\/02\/hibiskus-tee-lose-und-aufgegossen-in-Tassen.png\" \/>\n\t<meta property=\"og:image:width\" content=\"800\" \/>\n\t<meta property=\"og:image:height\" content=\"800\" \/>\n\t<meta property=\"og:image:type\" content=\"image\/png\" \/>\n<meta name=\"twitter:card\" content=\"summary_large_image\" \/>\n<meta name=\"twitter:label1\" content=\"Est. reading time\" \/>\n\t<meta name=\"twitter:data1\" content=\"1 minute\" \/>\n<!-- \/ Yoast SEO plugin. -->","yoast_head_json":{"title":"Earl Grey au jasmin - TeaSense.ch","description":"Earl Grey au jasmin \u2013 th\u00e9 noir raffin\u00e9 \u00e0 la bergamote et notes florales. \ud83c\udf38","robots":{"index":"index","follow":"follow","max-snippet":"max-snippet:-1","max-image-preview":"max-image-preview:large","max-video-preview":"max-video-preview:-1"},"canonical":"https:\/\/teasense.ch\/fr\/produit\/earl-grey-au-jasmin\/","og_locale":"fr_FR","og_type":"article","og_title":"Earl Grey au jasmin - TeaSense.ch","og_description":"Earl Grey au jasmin \u2013 th\u00e9 noir raffin\u00e9 \u00e0 la bergamote et notes florales. \ud83c\udf38","og_url":"https:\/\/teasense.ch\/fr\/produit\/earl-grey-au-jasmin\/","og_site_name":"TeaSense.ch","article_publisher":"https:\/\/www.facebook.com\/teasense.ch","article_modified_time":"2026-05-05T14:53:59+00:00","og_image":[{"width":800,"height":800,"url":"https:\/\/teasense.ch\/wp-content\/uploads\/2025\/02\/hibiskus-tee-lose-und-aufgegossen-in-Tassen.png","type":"image\/png"}],"twitter_card":"summary_large_image","twitter_misc":{"Est. reading time":"1 minute"},"schema":{"@context":"https:\/\/schema.org","@graph":[{"@type":"WebPage","@id":"https:\/\/teasense.ch\/fr\/produit\/earl-grey-au-jasmin\/","url":"https:\/\/teasense.ch\/fr\/produit\/earl-grey-au-jasmin\/","name":"Earl Grey au jasmin - TeaSense.ch","isPartOf":{"@id":"https:\/\/teasense.ch\/fr\/#website"},"primaryImageOfPage":{"@id":"https:\/\/teasense.ch\/fr\/produit\/earl-grey-au-jasmin\/#primaryimage"},"image":{"@id":"https:\/\/teasense.ch\/fr\/produit\/earl-grey-au-jasmin\/#primaryimage"},"thumbnailUrl":"https:\/\/teasense.ch\/wp-content\/uploads\/2025\/02\/Earl-Grey-mit-Jasminblueten.png","datePublished":"2025-02-25T20:15:43+00:00","dateModified":"2026-05-05T14:53:59+00:00","description":"Earl Grey au jasmin \u2013 th\u00e9 noir raffin\u00e9 \u00e0 la bergamote et notes florales. \ud83c\udf38","breadcrumb":{"@id":"https:\/\/teasense.ch\/fr\/produit\/earl-grey-au-jasmin\/#breadcrumb"},"inLanguage":"fr-CH","potentialAction":[{"@type":"ReadAction","target":["https:\/\/teasense.ch\/fr\/produit\/earl-grey-au-jasmin\/"]}]},{"@type":"ImageObject","inLanguage":"fr-CH","@id":"https:\/\/teasense.ch\/fr\/produit\/earl-grey-au-jasmin\/#primaryimage","url":"https:\/\/teasense.ch\/wp-content\/uploads\/2025\/02\/Earl-Grey-mit-Jasminblueten.png","contentUrl":"https:\/\/teasense.ch\/wp-content\/uploads\/2025\/02\/Earl-Grey-mit-Jasminblueten.png","width":800,"height":800,"caption":"Earl Grey mit Jasminbl\u00fcten \u2013 Aromatisierter Schwarztee mit feiner Blumennote"},{"@type":"BreadcrumbList","@id":"https:\/\/teasense.ch\/fr\/produit\/earl-grey-au-jasmin\/#breadcrumb","itemListElement":[{"@type":"ListItem","position":1,"name":"Startseite","item":"https:\/\/teasense.ch\/fr\/"},{"@type":"ListItem","position":2,"name":"Boutique de th\u00e9 en ligne","item":"https:\/\/teasense.ch\/fr\/shop\/"},{"@type":"ListItem","position":3,"name":"Earl Grey au jasmin"}]},{"@type":"WebSite","@id":"https:\/\/teasense.ch\/fr\/#website","url":"https:\/\/teasense.ch\/fr\/","name":"TeaSense.ch","description":"Nat\u00fcrliche Teemischungen und klassischer Tee","publisher":{"@id":"https:\/\/teasense.ch\/fr\/#organization"},"alternateName":"TeaSense","potentialAction":[{"@type":"SearchAction","target":{"@type":"EntryPoint","urlTemplate":"https:\/\/teasense.ch\/fr\/?s={search_term_string}"},"query-input":{"@type":"PropertyValueSpecification","valueRequired":true,"valueName":"search_term_string"}}],"inLanguage":"fr-CH"},{"@type":"Organization","@id":"https:\/\/teasense.ch\/fr\/#organization","name":"Reale Selection","alternateName":"TeaSense.ch","url":"https:\/\/teasense.ch\/fr\/","logo":{"@type":"ImageObject","inLanguage":"fr-CH","@id":"https:\/\/teasense.ch\/fr\/#\/schema\/logo\/image\/","url":"https:\/\/teasense.ch\/wp-content\/uploads\/2023\/07\/cropped-logo-teasense-kategorie-onlineshop-alle-produkte.jpg","contentUrl":"https:\/\/teasense.ch\/wp-content\/uploads\/2023\/07\/cropped-logo-teasense-kategorie-onlineshop-alle-produkte.jpg","width":512,"height":512,"caption":"Reale Selection"},"image":{"@id":"https:\/\/teasense.ch\/fr\/#\/schema\/logo\/image\/"},"sameAs":["https:\/\/www.facebook.com\/teasense.ch"]}]}},"jetpack-related-posts":[{"id":48727,"url":"https:\/\/teasense.ch\/fr\/produit\/perles-jasmin-dragon\/","url_meta":{"origin":49792,"position":0},"title":"Perles de Jasmin Dragon","author":"Reale Selection","date":"2 October 2025","format":false,"excerpt":"Pr\u00e9paration Perles de Jasmin Dragon \ud83e\udd44 1 cuill\u00e8re \u00e0 caf\u00e9 pour 200 ml \ud83c\udf21\ufe0f 70\u201380 \u00b0C \u23f3 2\u20133 minutes \ud83d\udd01 plusieurs infusions possibles","rel":"","context":"Similar post","block_context":{"text":"Similar post","link":""},"img":{"alt_text":"Jasmin Dragon Pearls Jasmin Tee Perlen","src":"https:\/\/i0.wp.com\/teasense.ch\/wp-content\/uploads\/2025\/10\/jasmin-dragon-pearls1.png?resize=350%2C200&ssl=1","width":350,"height":200,"srcset":"https:\/\/i0.wp.com\/teasense.ch\/wp-content\/uploads\/2025\/10\/jasmin-dragon-pearls1.png?resize=350%2C200&ssl=1 1x, https:\/\/i0.wp.com\/teasense.ch\/wp-content\/uploads\/2025\/10\/jasmin-dragon-pearls1.png?resize=525%2C300&ssl=1 1.5x, https:\/\/i0.wp.com\/teasense.ch\/wp-content\/uploads\/2025\/10\/jasmin-dragon-pearls1.png?resize=700%2C400&ssl=1 2x"},"classes":[]},{"id":50150,"url":"https:\/\/teasense.ch\/fr\/produit\/the-noir-de-ceylan\/","url_meta":{"origin":49792,"position":1},"title":"Th\u00e9 noir de Ceylan","author":"Reale Selection","date":"6 July 2023","format":false,"excerpt":"Pr\u00e9paration th\u00e9 noir de Ceylan du Sri Lanka \ud83e\udd44 1 c.\u00e0.c (env. 2 g) par tasse \ud83c\udf21\ufe0f 100 \u00b0C \u23f3 2\u20133 minutes","rel":"","context":"Similar post","block_context":{"text":"Similar post","link":""},"img":{"alt_text":"Ceylon Tee","src":"https:\/\/i0.wp.com\/teasense.ch\/wp-content\/uploads\/2023\/07\/ceylon-tee-von-der-insel-sri-lanka-plain.jpg?resize=350%2C200&ssl=1","width":350,"height":200,"srcset":"https:\/\/i0.wp.com\/teasense.ch\/wp-content\/uploads\/2023\/07\/ceylon-tee-von-der-insel-sri-lanka-plain.jpg?resize=350%2C200&ssl=1 1x, https:\/\/i0.wp.com\/teasense.ch\/wp-content\/uploads\/2023\/07\/ceylon-tee-von-der-insel-sri-lanka-plain.jpg?resize=525%2C300&ssl=1 1.5x, https:\/\/i0.wp.com\/teasense.ch\/wp-content\/uploads\/2023\/07\/ceylon-tee-von-der-insel-sri-lanka-plain.jpg?resize=700%2C400&ssl=1 2x"},"classes":[]},{"id":49059,"url":"https:\/\/teasense.ch\/fr\/produit\/coffret-the-the-vert-the-noir-en-verre\/","url_meta":{"origin":49792,"position":2},"title":"Coffret th\u00e9 \u2013 th\u00e9 vert &#038; th\u00e9 noir en verre","author":"Reale Selection","date":"27 July 2025","format":false,"excerpt":"\ud83e\udd44 Selon le type de th\u00e9 \ud83c\udf21\ufe0f Selon le type de th\u00e9 \u23f3 Suivre les instructions de chaque th\u00e9","rel":"","context":"Similar post","block_context":{"text":"Similar post","link":""},"img":{"alt_text":"Tee Geschenkset \u2013 Gr\u00fcntee & Schwarztee","src":"https:\/\/i0.wp.com\/teasense.ch\/wp-content\/uploads\/2025\/07\/Tee-Geschenkset-%E2%80%93-Gruentee-Schwarztee-weisser-Hintergrund.png?resize=350%2C200&ssl=1","width":350,"height":200,"srcset":"https:\/\/i0.wp.com\/teasense.ch\/wp-content\/uploads\/2025\/07\/Tee-Geschenkset-%E2%80%93-Gruentee-Schwarztee-weisser-Hintergrund.png?resize=350%2C200&ssl=1 1x, https:\/\/i0.wp.com\/teasense.ch\/wp-content\/uploads\/2025\/07\/Tee-Geschenkset-%E2%80%93-Gruentee-Schwarztee-weisser-Hintergrund.png?resize=525%2C300&ssl=1 1.5x, https:\/\/i0.wp.com\/teasense.ch\/wp-content\/uploads\/2025\/07\/Tee-Geschenkset-%E2%80%93-Gruentee-Schwarztee-weisser-Hintergrund.png?resize=700%2C400&ssl=1 2x"},"classes":[]},{"id":49606,"url":"https:\/\/teasense.ch\/fr\/produit\/the-noir-melange-ostfrison-gold\/","url_meta":{"origin":49792,"position":3},"title":"Th\u00e9 noir m\u00e9lange Ostfrison Gold","author":"Reale Selection","date":"23 October 2024","format":false,"excerpt":"M\u00e9lange de th\u00e9 noir puissant d\u2019Assam et de Sumatra Pr\u00e9paration Th\u00e9 noir m\u00e9lange Ostfrison Gold \ud83e\udd44 1 c.\u00e0.c (env. 2 g) par tasse \ud83c\udf21\ufe0f 100 \u00b0C \u23f3 3 - 5 minutes","rel":"","context":"Similar post","block_context":{"text":"Similar post","link":""},"img":{"alt_text":"Ostfriesische Brokenmischung Gold lose Teemischung","src":"https:\/\/i0.wp.com\/teasense.ch\/wp-content\/uploads\/2024\/10\/ostfriesische-brokenmischung-gold-lose-teemischung.png?resize=350%2C200&ssl=1","width":350,"height":200,"srcset":"https:\/\/i0.wp.com\/teasense.ch\/wp-content\/uploads\/2024\/10\/ostfriesische-brokenmischung-gold-lose-teemischung.png?resize=350%2C200&ssl=1 1x, https:\/\/i0.wp.com\/teasense.ch\/wp-content\/uploads\/2024\/10\/ostfriesische-brokenmischung-gold-lose-teemischung.png?resize=525%2C300&ssl=1 1.5x, https:\/\/i0.wp.com\/teasense.ch\/wp-content\/uploads\/2024\/10\/ostfriesische-brokenmischung-gold-lose-teemischung.png?resize=700%2C400&ssl=1 2x"},"classes":[]},{"id":50190,"url":"https:\/\/teasense.ch\/fr\/produit\/the-cold-brew-peche\/","url_meta":{"origin":49792,"position":4},"title":"Th\u00e9 Cold Brew P\u00eache","author":"Reale Selection","date":"30 ao\u00fbt 2023","format":false,"excerpt":"Saveur rafra\u00eechissante de p\u00eache \u2013 id\u00e9al \u00e0 emporter Pr\u00e9paration th\u00e9 Cold Brew P\u00eache \ud83e\udd44 2,5 g de th\u00e9 pour 200 ml d\u2019eau (12\u201315 g\/litre) \ud83c\udf21\ufe0f 20 \u00b0C \u23f3 9\u201311 minutes","rel":"","context":"Similar post","block_context":{"text":"Similar post","link":""},"img":{"alt_text":"Cold Brew Pfirsich Kalt Tee Aufgiessen Teemischung","src":"https:\/\/i0.wp.com\/teasense.ch\/wp-content\/uploads\/2023\/08\/cold-brew-pfirsich.png?resize=350%2C200&ssl=1","width":350,"height":200,"srcset":"https:\/\/i0.wp.com\/teasense.ch\/wp-content\/uploads\/2023\/08\/cold-brew-pfirsich.png?resize=350%2C200&ssl=1 1x, https:\/\/i0.wp.com\/teasense.ch\/wp-content\/uploads\/2023\/08\/cold-brew-pfirsich.png?resize=525%2C300&ssl=1 1.5x, https:\/\/i0.wp.com\/teasense.ch\/wp-content\/uploads\/2023\/08\/cold-brew-pfirsich.png?resize=700%2C400&ssl=1 2x"},"classes":[]},{"id":48806,"url":"https:\/\/teasense.ch\/fr\/produit\/the-gingembre-curcuma\/","url_meta":{"origin":49792,"position":5},"title":"Th\u00e9 gingembre-curcuma","author":"Reale Selection","date":"19 septembre 2025","format":false,"excerpt":"Pr\u00e9paration th\u00e9 gingembre-curcuma \ud83e\udd44 1 cuill\u00e8re \u00e0 caf\u00e9 pour 200 ml d\u2019eau \ud83c\udf21\ufe0f 100 \u00b0C (eau bouillante) \u23f3 5 minutes","rel":"","context":"Similar post","block_context":{"text":"Similar post","link":""},"img":{"alt_text":"Ingwer Kurkuma Teemischung","src":"https:\/\/i0.wp.com\/teasense.ch\/wp-content\/uploads\/2025\/09\/ingwer-kurkuma-teemischung.png?resize=350%2C200&ssl=1","width":350,"height":200,"srcset":"https:\/\/i0.wp.com\/teasense.ch\/wp-content\/uploads\/2025\/09\/ingwer-kurkuma-teemischung.png?resize=350%2C200&ssl=1 1x, https:\/\/i0.wp.com\/teasense.ch\/wp-content\/uploads\/2025\/09\/ingwer-kurkuma-teemischung.png?resize=525%2C300&ssl=1 1.5x, https:\/\/i0.wp.com\/teasense.ch\/wp-content\/uploads\/2025\/09\/ingwer-kurkuma-teemischung.png?resize=700%2C400&ssl=1 2x"},"classes":[]}],"jetpack_sharing_enabled":true,"jetpack_likes_enabled":false,"_links":{"self":[{"href":"https:\/\/teasense.ch\/fr\/wp-json\/wp\/v2\/product\/49792","targetHints":{"allow":["GET"]}}],"collection":[{"href":"https:\/\/teasense.ch\/fr\/wp-json\/wp\/v2\/product"}],"about":[{"href":"https:\/\/teasense.ch\/fr\/wp-json\/wp\/v2\/types\/product"}],"replies":[{"embeddable":true,"href":"https:\/\/teasense.ch\/fr\/wp-json\/wp\/v2\/comments?post=49792"}],"wp:featuredmedia":[{"embeddable":true,"href":"https:\/\/teasense.ch\/fr\/wp-json\/wp\/v2\/media\/44197"}],"wp:attachment":[{"href":"https:\/\/teasense.ch\/fr\/wp-json\/wp\/v2\/media?parent=49792"}],"wp:term":[{"taxonomy":"product_brand","embeddable":true,"href":"https:\/\/teasense.ch\/fr\/wp-json\/wp\/v2\/product_brand?post=49792"},{"taxonomy":"product_cat","embeddable":true,"href":"https:\/\/teasense.ch\/fr\/wp-json\/wp\/v2\/product_cat?post=49792"},{"taxonomy":"product_tag","embeddable":true,"href":"https:\/\/teasense.ch\/fr\/wp-json\/wp\/v2\/product_tag?post=49792"}],"curies":[{"name":"wp","href":"https:\/\/api.w.org\/{rel}","templated":true}]}}