{"id":49809,"date":"2024-10-23T15:07:10","date_gmt":"2024-10-23T13:07:10","guid":{"rendered":"https:\/\/teasense.ch\/produkt\/the-blanc-china-yunnan-mao-feng\/"},"modified":"2026-05-06T09:50:33","modified_gmt":"2026-05-06T07:50:33","slug":"the-blanc-china-yunnan-mao-feng","status":"publish","type":"product","link":"https:\/\/teasense.ch\/fr\/produit\/the-blanc-china-yunnan-mao-feng\/","title":{"rendered":"Th\u00e9 blanc China Yunnan Mao Feng"},"content":{"rendered":"<h2>Th\u00e9 blanc China Yunnan Mao Feng \u2013 Th\u00e9 blanc raffin\u00e9 aux pointes d\u00e9licates<\/h2>\n<p>Le China Yunnan White Mao Feng est un th\u00e9 blanc raffin\u00e9 provenant de la c\u00e9l\u00e8bre r\u00e9gion du Yunnan en Chine. Enti\u00e8rement travaill\u00e9 \u00e0 la main, il se distingue par ses nombreuses pointes blanches d\u00e9licates.<\/p>\n<h3>Les particularit\u00e9s du White Mao Feng<\/h3>\n<p>La tasse pr\u00e9sente une couleur dor\u00e9e claire et un ar\u00f4me floral d\u00e9licat. Son go\u00fbt harmonieux associe des notes florales \u00e0 une l\u00e9g\u00e8re douceur naturelle.<\/p>\n<p>Pour r\u00e9v\u00e9ler pleinement ses ar\u00f4mes, pr\u00e9pare-le avec une eau \u00e0 <strong>80 \u00b0C pendant 2 \u00e0 3 minutes<\/strong>.<\/p>\n<h3>Moments de d\u00e9gustation<\/h3>\n<p>Ce th\u00e9 \u00e9l\u00e9gant accompagne parfaitement les moments de calme ou les occasions sp\u00e9ciales. Un peu d\u2019\u00e9corce de citron peut souligner ses notes florales.<\/p>\n<h3>La signification de \u201cMao Feng\u201d<\/h3>\n<p>Le terme \u201cMao Feng\u201d fait r\u00e9f\u00e9rence aux fines pointes duveteuses caract\u00e9ristiques des th\u00e9s de haute qualit\u00e9.<\/p>\n","protected":false},"excerpt":{"rendered":"<p><strong><span style=\"color: #ff0000;\">Rabais en raison de la DDM 31.08.2026<\/span><\/strong><\/p>\n<p>Th\u00e9 blanc d\u00e9licat aux fines pointes<\/p>\n<h3>Pr\u00e9paration China Yunnan White Mao Feng<\/h3>\n<p>\ud83e\udd44 1 c.\u00e0.c (env. 2 g) par tasse<br \/>\n\ud83c\udf21\ufe0f 80 \u00b0C<br \/>\n\u23f3 2 &#8211; 3 minutes<\/p>\n","protected":false},"featured_media":43383,"comment_status":"open","ping_status":"closed","template":"","meta":{"_et_pb_use_builder":"","_et_pb_old_content":"","_et_gb_content_width":""},"product_brand":[],"product_cat":[445,433,375,348],"product_tag":[],"class_list":{"0":"post-49809","1":"product","2":"type-product","3":"status-publish","4":"has-post-thumbnail","6":"product_cat-promotions","7":"product_cat-the-blanc","8":"product_cat-the-en-vrac","9":"product_cat-tous-produits","10":"pa_herkunft-chine","11":"pa_weight-100-g","12":"pa_weight-20-g","13":"pa_weight-200-g","14":"pa_weight-50-g","16":"first","17":"instock","18":"sale","19":"shipping-taxable","20":"purchasable","21":"product-type-variable","22":"has-default-attributes","23":"add-to-wishlist-before_image"},"yoast_head":"<!-- This site is optimized with the Yoast SEO plugin v27.5 - https:\/\/yoast.com\/product\/yoast-seo-wordpress\/ -->\n<title>Th\u00e9 blanc China Yunnan Mao Feng - TeaSense.ch - Tee Shop Schweiz<\/title>\n<meta name=\"description\" content=\"Th\u00e9 blanc China Yunnan Mao Feng \u2013 th\u00e9 blanc d\u00e9licat aux notes florales et aux fines pointes argent\u00e9es. \ud83c\udf43\" \/>\n<meta name=\"robots\" content=\"index, follow, max-snippet:-1, max-image-preview:large, max-video-preview:-1\" \/>\n<link rel=\"canonical\" href=\"https:\/\/teasense.ch\/fr\/produit\/the-blanc-china-yunnan-mao-feng\/\" \/>\n<meta property=\"og:locale\" content=\"fr_FR\" \/>\n<meta property=\"og:type\" content=\"article\" \/>\n<meta property=\"og:title\" content=\"Th\u00e9 blanc China Yunnan Mao Feng - TeaSense.ch - Tee Shop Schweiz\" \/>\n<meta property=\"og:description\" content=\"Th\u00e9 blanc China Yunnan Mao Feng \u2013 th\u00e9 blanc d\u00e9licat aux notes florales et aux fines pointes argent\u00e9es. \ud83c\udf43\" \/>\n<meta property=\"og:url\" content=\"https:\/\/teasense.ch\/fr\/produit\/the-blanc-china-yunnan-mao-feng\/\" \/>\n<meta property=\"og:site_name\" content=\"TeaSense.ch - Tee Shop Schweiz\" \/>\n<meta property=\"article:publisher\" content=\"https:\/\/www.facebook.com\/teasense.ch\" \/>\n<meta property=\"article:modified_time\" content=\"2026-05-06T07:50:33+00:00\" \/>\n<meta property=\"og:image\" content=\"https:\/\/teasense.ch\/wp-content\/uploads\/2025\/02\/hibiskus-tee-lose-und-aufgegossen-in-Tassen.png\" \/>\n\t<meta property=\"og:image:width\" content=\"800\" \/>\n\t<meta property=\"og:image:height\" content=\"800\" \/>\n\t<meta property=\"og:image:type\" content=\"image\/png\" \/>\n<meta name=\"twitter:card\" content=\"summary_large_image\" \/>\n<meta name=\"twitter:label1\" content=\"Est. reading time\" \/>\n\t<meta name=\"twitter:data1\" content=\"1 minute\" \/>\n<!-- \/ Yoast SEO plugin. -->","yoast_head_json":{"title":"Th\u00e9 blanc China Yunnan Mao Feng - TeaSense.ch - Tee Shop Schweiz","description":"Th\u00e9 blanc China Yunnan Mao Feng \u2013 th\u00e9 blanc d\u00e9licat aux notes florales et aux fines pointes argent\u00e9es. \ud83c\udf43","robots":{"index":"index","follow":"follow","max-snippet":"max-snippet:-1","max-image-preview":"max-image-preview:large","max-video-preview":"max-video-preview:-1"},"canonical":"https:\/\/teasense.ch\/fr\/produit\/the-blanc-china-yunnan-mao-feng\/","og_locale":"fr_FR","og_type":"article","og_title":"Th\u00e9 blanc China Yunnan Mao Feng - TeaSense.ch - Tee Shop Schweiz","og_description":"Th\u00e9 blanc China Yunnan Mao Feng \u2013 th\u00e9 blanc d\u00e9licat aux notes florales et aux fines pointes argent\u00e9es. \ud83c\udf43","og_url":"https:\/\/teasense.ch\/fr\/produit\/the-blanc-china-yunnan-mao-feng\/","og_site_name":"TeaSense.ch - Tee Shop Schweiz","article_publisher":"https:\/\/www.facebook.com\/teasense.ch","article_modified_time":"2026-05-06T07:50:33+00:00","og_image":[{"width":800,"height":800,"url":"https:\/\/teasense.ch\/wp-content\/uploads\/2025\/02\/hibiskus-tee-lose-und-aufgegossen-in-Tassen.png","type":"image\/png"}],"twitter_card":"summary_large_image","twitter_misc":{"Est. reading time":"1 minute"},"schema":{"@context":"https:\/\/schema.org","@graph":[{"@type":"WebPage","@id":"https:\/\/teasense.ch\/fr\/produit\/the-blanc-china-yunnan-mao-feng\/","url":"https:\/\/teasense.ch\/fr\/produit\/the-blanc-china-yunnan-mao-feng\/","name":"Th\u00e9 blanc China Yunnan Mao Feng - TeaSense.ch - Tee Shop Schweiz","isPartOf":{"@id":"https:\/\/teasense.ch\/fr\/#website"},"primaryImageOfPage":{"@id":"https:\/\/teasense.ch\/fr\/produit\/the-blanc-china-yunnan-mao-feng\/#primaryimage"},"image":{"@id":"https:\/\/teasense.ch\/fr\/produit\/the-blanc-china-yunnan-mao-feng\/#primaryimage"},"thumbnailUrl":"https:\/\/teasense.ch\/wp-content\/uploads\/2024\/10\/china-yunnan-white-mao-feng-weisser-hintergrund.png","datePublished":"2024-10-23T13:07:10+00:00","dateModified":"2026-05-06T07:50:33+00:00","description":"Th\u00e9 blanc China Yunnan Mao Feng \u2013 th\u00e9 blanc d\u00e9licat aux notes florales et aux fines pointes argent\u00e9es. \ud83c\udf43","breadcrumb":{"@id":"https:\/\/teasense.ch\/fr\/produit\/the-blanc-china-yunnan-mao-feng\/#breadcrumb"},"inLanguage":"fr-CH","potentialAction":[{"@type":"ReadAction","target":["https:\/\/teasense.ch\/fr\/produit\/the-blanc-china-yunnan-mao-feng\/"]}]},{"@type":"ImageObject","inLanguage":"fr-CH","@id":"https:\/\/teasense.ch\/fr\/produit\/the-blanc-china-yunnan-mao-feng\/#primaryimage","url":"https:\/\/teasense.ch\/wp-content\/uploads\/2024\/10\/china-yunnan-white-mao-feng-weisser-hintergrund.png","contentUrl":"https:\/\/teasense.ch\/wp-content\/uploads\/2024\/10\/china-yunnan-white-mao-feng-weisser-hintergrund.png","width":800,"height":800,"caption":"China Yunnan White Mao Feng weisser Hintergrund"},{"@type":"BreadcrumbList","@id":"https:\/\/teasense.ch\/fr\/produit\/the-blanc-china-yunnan-mao-feng\/#breadcrumb","itemListElement":[{"@type":"ListItem","position":1,"name":"Startseite","item":"https:\/\/teasense.ch\/fr\/"},{"@type":"ListItem","position":2,"name":"Boutique de th\u00e9 en ligne","item":"https:\/\/teasense.ch\/fr\/shop\/"},{"@type":"ListItem","position":3,"name":"Th\u00e9 blanc China Yunnan Mao Feng"}]},{"@type":"WebSite","@id":"https:\/\/teasense.ch\/fr\/#website","url":"https:\/\/teasense.ch\/fr\/","name":"TeaSense.ch","description":"Nat\u00fcrliche Teemischungen und klassischer Tee","publisher":{"@id":"https:\/\/teasense.ch\/fr\/#organization"},"alternateName":"TeaSense","potentialAction":[{"@type":"SearchAction","target":{"@type":"EntryPoint","urlTemplate":"https:\/\/teasense.ch\/fr\/?s={search_term_string}"},"query-input":{"@type":"PropertyValueSpecification","valueRequired":true,"valueName":"search_term_string"}}],"inLanguage":"fr-CH"},{"@type":"Organization","@id":"https:\/\/teasense.ch\/fr\/#organization","name":"Reale Selection","alternateName":"TeaSense.ch","url":"https:\/\/teasense.ch\/fr\/","logo":{"@type":"ImageObject","inLanguage":"fr-CH","@id":"https:\/\/teasense.ch\/fr\/#\/schema\/logo\/image\/","url":"https:\/\/teasense.ch\/wp-content\/uploads\/2023\/07\/cropped-logo-teasense-kategorie-onlineshop-alle-produkte.jpg","contentUrl":"https:\/\/teasense.ch\/wp-content\/uploads\/2023\/07\/cropped-logo-teasense-kategorie-onlineshop-alle-produkte.jpg","width":512,"height":512,"caption":"Reale Selection"},"image":{"@id":"https:\/\/teasense.ch\/fr\/#\/schema\/logo\/image\/"},"sameAs":["https:\/\/www.facebook.com\/teasense.ch"]}]}},"jetpack-related-posts":[{"id":49804,"url":"https:\/\/teasense.ch\/en\/produit\/china-yunnan-white-mao-feng\/","url_meta":{"origin":49809,"position":0},"title":"China Yunnan White Mao Feng","author":"Reale Selection","date":"23 October 2024","format":false,"excerpt":"<p><strong><span style=\"color: #ff0000;\">Discount due to best before date 31.08.2026<\/span><\/strong><\/p> <p>Delicate white tea with fine leaf tips<\/p> <h3>Preparation China Yunnan White Mao Feng<\/h3><p>\ud83e\udd44 1 tsp (approx. 2 g) per cup<br \/>\ud83c\udf21\ufe0f 80 \u00b0C<br \/>\u23f3 2 - 3 minutes<\/p>","rel":"","context":"Similar post","block_context":{"text":"Similar post","link":""},"img":{"alt_text":"China Yunnan White Mao Feng weisser Hintergrund","src":"https:\/\/i0.wp.com\/teasense.ch\/wp-content\/uploads\/2024\/10\/china-yunnan-white-mao-feng-weisser-hintergrund.png?resize=350%2C200&ssl=1","width":350,"height":200,"srcset":"https:\/\/i0.wp.com\/teasense.ch\/wp-content\/uploads\/2024\/10\/china-yunnan-white-mao-feng-weisser-hintergrund.png?resize=350%2C200&ssl=1 1x, https:\/\/i0.wp.com\/teasense.ch\/wp-content\/uploads\/2024\/10\/china-yunnan-white-mao-feng-weisser-hintergrund.png?resize=525%2C300&ssl=1 1.5x, https:\/\/i0.wp.com\/teasense.ch\/wp-content\/uploads\/2024\/10\/china-yunnan-white-mao-feng-weisser-hintergrund.png?resize=700%2C400&ssl=1 2x"},"classes":[]},{"id":49814,"url":"https:\/\/teasense.ch\/it\/produit\/te-bianco-china-yunnan-mao-feng\/","url_meta":{"origin":49809,"position":1},"title":"T\u00e8 bianco China Yunnan Mao Feng","author":"Reale Selection","date":"23 October 2024","format":false,"excerpt":"Sconto per TMC 31.08.2026 Delicato t\u00e8 bianco con punte pregiate Preparazione China Yunnan White Mao Feng \ud83e\udd44 1 cucchiaino (ca. 2 g) per tazza \ud83c\udf21\ufe0f 80 \u00b0C \u23f3 2 - 3 minuti","rel":"","context":"Similar post","block_context":{"text":"Similar post","link":""},"img":{"alt_text":"China Yunnan White Mao Feng weisser Hintergrund","src":"https:\/\/i0.wp.com\/teasense.ch\/wp-content\/uploads\/2024\/10\/china-yunnan-white-mao-feng-weisser-hintergrund.png?resize=350%2C200&ssl=1","width":350,"height":200,"srcset":"https:\/\/i0.wp.com\/teasense.ch\/wp-content\/uploads\/2024\/10\/china-yunnan-white-mao-feng-weisser-hintergrund.png?resize=350%2C200&ssl=1 1x, https:\/\/i0.wp.com\/teasense.ch\/wp-content\/uploads\/2024\/10\/china-yunnan-white-mao-feng-weisser-hintergrund.png?resize=525%2C300&ssl=1 1.5x, https:\/\/i0.wp.com\/teasense.ch\/wp-content\/uploads\/2024\/10\/china-yunnan-white-mao-feng-weisser-hintergrund.png?resize=700%2C400&ssl=1 2x"},"classes":[]},{"id":43231,"url":"https:\/\/teasense.ch\/produit\/china-yunnan-white-mao-feng\/","url_meta":{"origin":49809,"position":2},"title":"China Yunnan White Mao Feng","author":"Reale Selection","date":"23 October 2024","format":false,"excerpt":"Rabatt wegen MHD 31.08.2026 Zarter weisser Tee mit Blattspitzen Zubereitung China Yunnan White Mao Feng \ud83e\udd44 1 Teel\u00f6ffel (ca. 2 g) pro Tasse\ud83c\udf21\ufe0f 80 \u00b0C\u23f3 2 - 3 Minuten","rel":"","context":"Similar post","block_context":{"text":"Similar post","link":""},"img":{"alt_text":"China Yunnan White Mao Feng weisser Hintergrund","src":"https:\/\/i0.wp.com\/teasense.ch\/wp-content\/uploads\/2024\/10\/china-yunnan-white-mao-feng-weisser-hintergrund.png?resize=350%2C200&ssl=1","width":350,"height":200,"srcset":"https:\/\/i0.wp.com\/teasense.ch\/wp-content\/uploads\/2024\/10\/china-yunnan-white-mao-feng-weisser-hintergrund.png?resize=350%2C200&ssl=1 1x, https:\/\/i0.wp.com\/teasense.ch\/wp-content\/uploads\/2024\/10\/china-yunnan-white-mao-feng-weisser-hintergrund.png?resize=525%2C300&ssl=1 1.5x, https:\/\/i0.wp.com\/teasense.ch\/wp-content\/uploads\/2024\/10\/china-yunnan-white-mao-feng-weisser-hintergrund.png?resize=700%2C400&ssl=1 2x"},"classes":[]},{"id":48451,"url":"https:\/\/teasense.ch\/fr\/produit\/composition-the\/","url_meta":{"origin":49809,"position":3},"title":"Composition de th\u00e9","author":"Reale Selection","date":"16 December 2025","format":false,"excerpt":"Pr\u00e9paration \ud83e\udd44 1 \u2013 2 c. \u00e0 caf\u00e9 par tasse (12 g\/litre)\ud83c\udf21\ufe0f 100 \u00b0C\u23f3 3 minutes","rel":"","context":"Similar post","block_context":{"text":"Similar post","link":""},"img":{"alt_text":"Tee Trilogie \u2013 Schwarz-, Gr\u00fcn- und Pu-Erh-Tee","src":"https:\/\/i0.wp.com\/teasense.ch\/wp-content\/uploads\/2025\/12\/tee-trilogie-%E2%80%93-schwarz-gruen-und-pu-erh-tee.png?resize=350%2C200&ssl=1","width":350,"height":200,"srcset":"https:\/\/i0.wp.com\/teasense.ch\/wp-content\/uploads\/2025\/12\/tee-trilogie-%E2%80%93-schwarz-gruen-und-pu-erh-tee.png?resize=350%2C200&ssl=1 1x, https:\/\/i0.wp.com\/teasense.ch\/wp-content\/uploads\/2025\/12\/tee-trilogie-%E2%80%93-schwarz-gruen-und-pu-erh-tee.png?resize=525%2C300&ssl=1 1.5x, https:\/\/i0.wp.com\/teasense.ch\/wp-content\/uploads\/2025\/12\/tee-trilogie-%E2%80%93-schwarz-gruen-und-pu-erh-tee.png?resize=700%2C400&ssl=1 2x"},"classes":[]},{"id":49736,"url":"https:\/\/teasense.ch\/fr\/produit\/the-noir-nepal-sf-tgfop1-kanchanjangha\/","url_meta":{"origin":49809,"position":4},"title":"Th\u00e9 noir Nepal SF TGFOP1 Kanchanjangha","author":"Reale Selection","date":"22 October 2024","format":false,"excerpt":"Th\u00e9 noir classique Pr\u00e9paration th\u00e9 noir Nepal SF TGFOP1 \ud83e\udd44 1 c.\u00e0.c par tasse \ud83c\udf21\ufe0f 90 - 95 \u00b0C \u23f3 3 - 5 minutes","rel":"","context":"Similar post","block_context":{"text":"Similar post","link":""},"img":{"alt_text":"Nepal SF TGFOP1 Typ Kanchanjangha lose","src":"https:\/\/i0.wp.com\/teasense.ch\/wp-content\/uploads\/2024\/10\/nepal-sf-tgfop1-typ-kanchanjangha-lose.png?resize=350%2C200&ssl=1","width":350,"height":200,"srcset":"https:\/\/i0.wp.com\/teasense.ch\/wp-content\/uploads\/2024\/10\/nepal-sf-tgfop1-typ-kanchanjangha-lose.png?resize=350%2C200&ssl=1 1x, https:\/\/i0.wp.com\/teasense.ch\/wp-content\/uploads\/2024\/10\/nepal-sf-tgfop1-typ-kanchanjangha-lose.png?resize=525%2C300&ssl=1 1.5x, https:\/\/i0.wp.com\/teasense.ch\/wp-content\/uploads\/2024\/10\/nepal-sf-tgfop1-typ-kanchanjangha-lose.png?resize=700%2C400&ssl=1 2x"},"classes":[]},{"id":49053,"url":"https:\/\/teasense.ch\/fr\/produit\/encosta-de-bruma-the-vert-des-acores\/","url_meta":{"origin":49809,"position":5},"title":"Encosta de Bruma \u2013 Th\u00e9 vert des A\u00e7ores","author":"Reale Selection","date":"20 ao\u00fbt 2025","format":false,"excerpt":"Pr\u00e9paration Encosta de Bruma \u2013 th\u00e9 vert des A\u00e7ores \ud83e\udd44 1\u20132 cuill\u00e8res \u00e0 caf\u00e9 (env. 2 g) pour 200 ml d\u2019eau\ud83c\udf21\ufe0f 75\u201380 \u00b0C\u23f3 2\u20133 minutes","rel":"","context":"Similar post","block_context":{"text":"Similar post","link":""},"img":{"alt_text":"Encosta de Bruma - Azoren Gr\u00fcntee","src":"https:\/\/i0.wp.com\/teasense.ch\/wp-content\/uploads\/2025\/08\/encosta-de-bruma-azoren-gruentee.png?resize=350%2C200&ssl=1","width":350,"height":200,"srcset":"https:\/\/i0.wp.com\/teasense.ch\/wp-content\/uploads\/2025\/08\/encosta-de-bruma-azoren-gruentee.png?resize=350%2C200&ssl=1 1x, https:\/\/i0.wp.com\/teasense.ch\/wp-content\/uploads\/2025\/08\/encosta-de-bruma-azoren-gruentee.png?resize=525%2C300&ssl=1 1.5x, https:\/\/i0.wp.com\/teasense.ch\/wp-content\/uploads\/2025\/08\/encosta-de-bruma-azoren-gruentee.png?resize=700%2C400&ssl=1 2x"},"classes":[]}],"jetpack_sharing_enabled":true,"jetpack_likes_enabled":false,"_links":{"self":[{"href":"https:\/\/teasense.ch\/fr\/wp-json\/wp\/v2\/product\/49809","targetHints":{"allow":["GET"]}}],"collection":[{"href":"https:\/\/teasense.ch\/fr\/wp-json\/wp\/v2\/product"}],"about":[{"href":"https:\/\/teasense.ch\/fr\/wp-json\/wp\/v2\/types\/product"}],"replies":[{"embeddable":true,"href":"https:\/\/teasense.ch\/fr\/wp-json\/wp\/v2\/comments?post=49809"}],"wp:featuredmedia":[{"embeddable":true,"href":"https:\/\/teasense.ch\/fr\/wp-json\/wp\/v2\/media\/43383"}],"wp:attachment":[{"href":"https:\/\/teasense.ch\/fr\/wp-json\/wp\/v2\/media?parent=49809"}],"wp:term":[{"taxonomy":"product_brand","embeddable":true,"href":"https:\/\/teasense.ch\/fr\/wp-json\/wp\/v2\/product_brand?post=49809"},{"taxonomy":"product_cat","embeddable":true,"href":"https:\/\/teasense.ch\/fr\/wp-json\/wp\/v2\/product_cat?post=49809"},{"taxonomy":"product_tag","embeddable":true,"href":"https:\/\/teasense.ch\/fr\/wp-json\/wp\/v2\/product_tag?post=49809"}],"curies":[{"name":"wp","href":"https:\/\/api.w.org\/{rel}","templated":true}]}}