{"id":49851,"date":"2024-03-26T21:49:31","date_gmt":"2024-03-26T20:49:31","guid":{"rendered":"https:\/\/teasense.ch\/produkt\/infusion-ayurveda-pitta-aux-herbes-et-epices\/"},"modified":"2026-05-06T10:57:52","modified_gmt":"2026-05-06T08:57:52","slug":"infusion-ayurveda-pitta-aux-herbes-et-epices","status":"publish","type":"product","link":"https:\/\/teasense.ch\/fr\/produit\/infusion-ayurveda-pitta-aux-herbes-et-epices\/","title":{"rendered":"Infusion Ayurveda Pitta aux herbes et \u00e9pices"},"content":{"rendered":"<h2>Infusion Ayurveda Pitta aux herbes et \u00e9pices<\/h2>\n<p>Cette infusion Ayurveda Pitta associe des herbes et \u00e9pices soigneusement s\u00e9lectionn\u00e9es pour cr\u00e9er une saveur harmonieuse et \u00e9quilibr\u00e9e.<\/p>\n<p>Le gingembre, le fenouil, le cumin et la cannelle apportent une chaleur agr\u00e9able, tandis que la r\u00e9glisse ajoute une douceur d\u00e9licate. L\u2019ortie et la menthe verte compl\u00e8tent le m\u00e9lange avec une touche de fra\u00eecheur.<\/p>\n<p>Le curcuma, les clous de girofle, la coriandre et la cardamome apportent des notes \u00e9pic\u00e9es raffin\u00e9es.<\/p>\n<p>Cette infusion est id\u00e9ale pour les moments de d\u00e9tente et les pauses th\u00e9 relaxantes.<\/p>\n<h3>Ingr\u00e9dients<\/h3>\n<p>R\u00e9glisse, gingembre, cannelle, fenouil, cumin, feuilles d\u2019ortie, menthe verte, coriandre, cardamome, curcuma, clous de girofle<\/p>\n<h3>Pour tes moments de d\u00e9tente<\/h3>\n<p>Une infusion parfaite pour savourer un moment calme et chaleureux au quotidien.<\/p>\n","protected":false},"excerpt":{"rendered":"<p>Dosha feu et eau<\/p>\n<h3>Pr\u00e9paration infusion Ayurveda Pitta<\/h3>\n<p>\ud83e\udd44 2 g (env. 1 c.\u00e0.c) pour 200 ml d\u2019eau<br \/>\n\ud83c\udf21\ufe0f 70 \u2013 80 \u00b0C<br \/>\n\u23f3 5 \u2013 7 minutes<\/p>\n","protected":false},"featured_media":45501,"comment_status":"open","ping_status":"closed","template":"","meta":{"_et_pb_use_builder":"","_et_pb_old_content":"","_et_gb_content_width":""},"product_brand":[],"product_cat":[397,375,380,348],"product_tag":[],"class_list":{"0":"post-49851","1":"product","2":"type-product","3":"status-publish","4":"has-post-thumbnail","6":"product_cat-the-ayurvedique","7":"product_cat-the-en-vrac","8":"product_cat-tisane","9":"product_cat-tous-produits","10":"pa_herkunft-allemagne","11":"pa_weight-100-g","12":"pa_weight-200-g","13":"pa_weight-400-g","14":"pa_weight-50-g","16":"first","17":"instock","18":"shipping-taxable","19":"purchasable","20":"product-type-variable","21":"has-default-attributes","22":"add-to-wishlist-before_image"},"yoast_head":"<!-- This site is optimized with the Yoast SEO plugin v27.5 - https:\/\/yoast.com\/product\/yoast-seo-wordpress\/ -->\n<title>Infusion Ayurveda Pitta aux herbes et \u00e9pices - TeaSense.ch<\/title>\n<meta name=\"description\" content=\"Infusion Ayurveda Pitta aux herbes et \u00e9pices \u2013 m\u00e9lange harmonieux au gingembre, fenouil et \u00e9pices. \ud83c\udf3f\" \/>\n<meta name=\"robots\" content=\"index, follow, max-snippet:-1, max-image-preview:large, max-video-preview:-1\" \/>\n<link rel=\"canonical\" href=\"https:\/\/teasense.ch\/fr\/produit\/infusion-ayurveda-pitta-aux-herbes-et-epices\/\" \/>\n<meta property=\"og:locale\" content=\"fr_FR\" \/>\n<meta property=\"og:type\" content=\"article\" \/>\n<meta property=\"og:title\" content=\"Infusion Ayurveda Pitta aux herbes et \u00e9pices - TeaSense.ch\" \/>\n<meta property=\"og:description\" content=\"Infusion Ayurveda Pitta aux herbes et \u00e9pices \u2013 m\u00e9lange harmonieux au gingembre, fenouil et \u00e9pices. \ud83c\udf3f\" \/>\n<meta property=\"og:url\" content=\"https:\/\/teasense.ch\/fr\/produit\/infusion-ayurveda-pitta-aux-herbes-et-epices\/\" \/>\n<meta property=\"og:site_name\" content=\"TeaSense.ch\" \/>\n<meta property=\"article:publisher\" content=\"https:\/\/www.facebook.com\/teasense.ch\" \/>\n<meta property=\"article:modified_time\" content=\"2026-05-06T08:57:52+00:00\" \/>\n<meta property=\"og:image\" content=\"https:\/\/teasense.ch\/wp-content\/uploads\/2025\/02\/hibiskus-tee-lose-und-aufgegossen-in-Tassen.png\" \/>\n\t<meta property=\"og:image:width\" content=\"800\" \/>\n\t<meta property=\"og:image:height\" content=\"800\" \/>\n\t<meta property=\"og:image:type\" content=\"image\/png\" \/>\n<meta name=\"twitter:card\" content=\"summary_large_image\" \/>\n<meta name=\"twitter:label1\" content=\"Est. reading time\" \/>\n\t<meta name=\"twitter:data1\" content=\"1 minute\" \/>\n<!-- \/ Yoast SEO plugin. -->","yoast_head_json":{"title":"Infusion Ayurveda Pitta aux herbes et \u00e9pices - TeaSense.ch","description":"Infusion Ayurveda Pitta aux herbes et \u00e9pices \u2013 m\u00e9lange harmonieux au gingembre, fenouil et \u00e9pices. \ud83c\udf3f","robots":{"index":"index","follow":"follow","max-snippet":"max-snippet:-1","max-image-preview":"max-image-preview:large","max-video-preview":"max-video-preview:-1"},"canonical":"https:\/\/teasense.ch\/fr\/produit\/infusion-ayurveda-pitta-aux-herbes-et-epices\/","og_locale":"fr_FR","og_type":"article","og_title":"Infusion Ayurveda Pitta aux herbes et \u00e9pices - TeaSense.ch","og_description":"Infusion Ayurveda Pitta aux herbes et \u00e9pices \u2013 m\u00e9lange harmonieux au gingembre, fenouil et \u00e9pices. \ud83c\udf3f","og_url":"https:\/\/teasense.ch\/fr\/produit\/infusion-ayurveda-pitta-aux-herbes-et-epices\/","og_site_name":"TeaSense.ch","article_publisher":"https:\/\/www.facebook.com\/teasense.ch","article_modified_time":"2026-05-06T08:57:52+00:00","og_image":[{"width":800,"height":800,"url":"https:\/\/teasense.ch\/wp-content\/uploads\/2025\/02\/hibiskus-tee-lose-und-aufgegossen-in-Tassen.png","type":"image\/png"}],"twitter_card":"summary_large_image","twitter_misc":{"Est. reading time":"1 minute"},"schema":{"@context":"https:\/\/schema.org","@graph":[{"@type":"WebPage","@id":"https:\/\/teasense.ch\/fr\/produit\/infusion-ayurveda-pitta-aux-herbes-et-epices\/","url":"https:\/\/teasense.ch\/fr\/produit\/infusion-ayurveda-pitta-aux-herbes-et-epices\/","name":"Infusion Ayurveda Pitta aux herbes et \u00e9pices - TeaSense.ch","isPartOf":{"@id":"https:\/\/teasense.ch\/fr\/#website"},"primaryImageOfPage":{"@id":"https:\/\/teasense.ch\/fr\/produit\/infusion-ayurveda-pitta-aux-herbes-et-epices\/#primaryimage"},"image":{"@id":"https:\/\/teasense.ch\/fr\/produit\/infusion-ayurveda-pitta-aux-herbes-et-epices\/#primaryimage"},"thumbnailUrl":"https:\/\/teasense.ch\/wp-content\/uploads\/2024\/03\/Ayurveda-Pitta-Kraeuter-und-Gewuerztee.png","datePublished":"2024-03-26T20:49:31+00:00","dateModified":"2026-05-06T08:57:52+00:00","description":"Infusion Ayurveda Pitta aux herbes et \u00e9pices \u2013 m\u00e9lange harmonieux au gingembre, fenouil et \u00e9pices. \ud83c\udf3f","breadcrumb":{"@id":"https:\/\/teasense.ch\/fr\/produit\/infusion-ayurveda-pitta-aux-herbes-et-epices\/#breadcrumb"},"inLanguage":"fr-CH","potentialAction":[{"@type":"ReadAction","target":["https:\/\/teasense.ch\/fr\/produit\/infusion-ayurveda-pitta-aux-herbes-et-epices\/"]}]},{"@type":"ImageObject","inLanguage":"fr-CH","@id":"https:\/\/teasense.ch\/fr\/produit\/infusion-ayurveda-pitta-aux-herbes-et-epices\/#primaryimage","url":"https:\/\/teasense.ch\/wp-content\/uploads\/2024\/03\/Ayurveda-Pitta-Kraeuter-und-Gewuerztee.png","contentUrl":"https:\/\/teasense.ch\/wp-content\/uploads\/2024\/03\/Ayurveda-Pitta-Kraeuter-und-Gewuerztee.png","width":800,"height":800,"caption":"Ayurveda Pitta Kr\u00e4uter- und Gew\u00fcrztee"},{"@type":"BreadcrumbList","@id":"https:\/\/teasense.ch\/fr\/produit\/infusion-ayurveda-pitta-aux-herbes-et-epices\/#breadcrumb","itemListElement":[{"@type":"ListItem","position":1,"name":"Startseite","item":"https:\/\/teasense.ch\/fr\/"},{"@type":"ListItem","position":2,"name":"Boutique de th\u00e9 en ligne","item":"https:\/\/teasense.ch\/fr\/shop\/"},{"@type":"ListItem","position":3,"name":"Infusion Ayurveda Pitta aux herbes et \u00e9pices"}]},{"@type":"WebSite","@id":"https:\/\/teasense.ch\/fr\/#website","url":"https:\/\/teasense.ch\/fr\/","name":"TeaSense.ch","description":"Nat\u00fcrliche Teemischungen und klassischer Tee","publisher":{"@id":"https:\/\/teasense.ch\/fr\/#organization"},"alternateName":"TeaSense","potentialAction":[{"@type":"SearchAction","target":{"@type":"EntryPoint","urlTemplate":"https:\/\/teasense.ch\/fr\/?s={search_term_string}"},"query-input":{"@type":"PropertyValueSpecification","valueRequired":true,"valueName":"search_term_string"}}],"inLanguage":"fr-CH"},{"@type":"Organization","@id":"https:\/\/teasense.ch\/fr\/#organization","name":"Reale Selection","alternateName":"TeaSense.ch","url":"https:\/\/teasense.ch\/fr\/","logo":{"@type":"ImageObject","inLanguage":"fr-CH","@id":"https:\/\/teasense.ch\/fr\/#\/schema\/logo\/image\/","url":"https:\/\/teasense.ch\/wp-content\/uploads\/2023\/07\/cropped-logo-teasense-kategorie-onlineshop-alle-produkte.jpg","contentUrl":"https:\/\/teasense.ch\/wp-content\/uploads\/2023\/07\/cropped-logo-teasense-kategorie-onlineshop-alle-produkte.jpg","width":512,"height":512,"caption":"Reale Selection"},"image":{"@id":"https:\/\/teasense.ch\/fr\/#\/schema\/logo\/image\/"},"sameAs":["https:\/\/www.facebook.com\/teasense.ch"]}]}},"jetpack-related-posts":[{"id":49866,"url":"https:\/\/teasense.ch\/fr\/produit\/infusion-ayurveda-vata-aux-epices\/","url_meta":{"origin":49851,"position":0},"title":"Infusion Ayurveda Vata aux \u00e9pices","author":"Reale Selection","date":"28 ao\u00fbt 2023","format":false,"excerpt":"Le principe ayurv\u00e9dique Vata est associ\u00e9 \u00e0 l\u2019air et \u00e0 l\u2019espace. Pr\u00e9paration \u2013 infusion Ayurveda Vata \ud83e\udd44 2 g (env. 1 c.\u00e0.c) pour 200 ml d\u2019eau \ud83c\udf21\ufe0f 100 \u00b0C \u23f3 7 \u2013 10 minutes","rel":"","context":"Similar post","block_context":{"text":"Similar post","link":""},"img":{"alt_text":"Ayurveda Vata Gew\u00fcrztee","src":"https:\/\/i0.wp.com\/teasense.ch\/wp-content\/uploads\/2023\/08\/Ayurveda-Vata-Gewuerztee.png?resize=350%2C200&ssl=1","width":350,"height":200,"srcset":"https:\/\/i0.wp.com\/teasense.ch\/wp-content\/uploads\/2023\/08\/Ayurveda-Vata-Gewuerztee.png?resize=350%2C200&ssl=1 1x, https:\/\/i0.wp.com\/teasense.ch\/wp-content\/uploads\/2023\/08\/Ayurveda-Vata-Gewuerztee.png?resize=525%2C300&ssl=1 1.5x, https:\/\/i0.wp.com\/teasense.ch\/wp-content\/uploads\/2023\/08\/Ayurveda-Vata-Gewuerztee.png?resize=700%2C400&ssl=1 2x"},"classes":[]},{"id":49975,"url":"https:\/\/teasense.ch\/fr\/produit\/infusion-de-lavent\/","url_meta":{"origin":49851,"position":1},"title":"Infusion de l\u2019Avent","author":"Reale Selection","date":"17 October 2023","format":false,"excerpt":"D\u00e9licieuse m\u00eame hors de l\u2019hiver. \u2603\ufe0f\u2744\ufe0f Pr\u00e9paration infusion de l\u2019Avent \ud83e\udd44 1 - 2 c.\u00e0.c bomb\u00e9es par tasse (20 g\/litre) \ud83c\udf21\ufe0f 100 \u00b0C \u23f3 8 \u2013 10 minutes","rel":"","context":"Similar post","block_context":{"text":"Similar post","link":""},"img":{"alt_text":"Winterfr\u00fcchte Teemischung","src":"https:\/\/i0.wp.com\/teasense.ch\/wp-content\/uploads\/2023\/10\/adventstee-plain.jpg?resize=350%2C200&ssl=1","width":350,"height":200,"srcset":"https:\/\/i0.wp.com\/teasense.ch\/wp-content\/uploads\/2023\/10\/adventstee-plain.jpg?resize=350%2C200&ssl=1 1x, https:\/\/i0.wp.com\/teasense.ch\/wp-content\/uploads\/2023\/10\/adventstee-plain.jpg?resize=525%2C300&ssl=1 1.5x, https:\/\/i0.wp.com\/teasense.ch\/wp-content\/uploads\/2023\/10\/adventstee-plain.jpg?resize=700%2C400&ssl=1 2x"},"classes":[]},{"id":48568,"url":"https:\/\/teasense.ch\/fr\/produit\/melange-epices-curcuma\/","url_meta":{"origin":49851,"position":2},"title":"M\u00e9lange d\u2019\u00e9pices au curcuma","author":"Reale Selection","date":"22 October 2025","format":false,"excerpt":"Curcuma avec citronnelle, citron, gingembre et coriandre Id\u00e9al en infusion, en cuisine ou pour une boisson au curcuma Couleur dor\u00e9e, 100 % d\u2019ingr\u00e9dients naturels \u2013 sans additifs","rel":"","context":"Similar post","block_context":{"text":"Similar post","link":""},"img":{"alt_text":"Kurkuma Gew\u00fcrz-Mix Zitronengras, Zitrone, Ingwer und Koriander","src":"https:\/\/i0.wp.com\/teasense.ch\/wp-content\/uploads\/2025\/09\/kurkuma-zitrone-1.png?resize=350%2C200&ssl=1","width":350,"height":200,"srcset":"https:\/\/i0.wp.com\/teasense.ch\/wp-content\/uploads\/2025\/09\/kurkuma-zitrone-1.png?resize=350%2C200&ssl=1 1x, https:\/\/i0.wp.com\/teasense.ch\/wp-content\/uploads\/2025\/09\/kurkuma-zitrone-1.png?resize=525%2C300&ssl=1 1.5x, https:\/\/i0.wp.com\/teasense.ch\/wp-content\/uploads\/2025\/09\/kurkuma-zitrone-1.png?resize=700%2C400&ssl=1 2x"},"classes":[]},{"id":50074,"url":"https:\/\/teasense.ch\/fr\/produit\/tisane-fraicheur\/","url_meta":{"origin":49851,"position":3},"title":"Tisane Fra\u00eecheur","author":"Reale Selection","date":"22 October 2023","format":false,"excerpt":"Infusion aux herbes go\u00fbt menthe-citron Pr\u00e9paration Tisane Fra\u00eecheur \ud83e\udd44 1\u20132 c.\u00e0.c par litre (14 g\/litre) \ud83c\udf21\ufe0f 100 \u00b0C \u23f3 5 minutes","rel":"","context":"Similar post","block_context":{"text":"Similar post","link":""},"img":{"alt_text":"Loser Koriander Teemischung","src":"https:\/\/i0.wp.com\/teasense.ch\/wp-content\/uploads\/2023\/10\/kraeuterteemischung-bleib-fresh-plain.jpg?resize=350%2C200&ssl=1","width":350,"height":200,"srcset":"https:\/\/i0.wp.com\/teasense.ch\/wp-content\/uploads\/2023\/10\/kraeuterteemischung-bleib-fresh-plain.jpg?resize=350%2C200&ssl=1 1x, https:\/\/i0.wp.com\/teasense.ch\/wp-content\/uploads\/2023\/10\/kraeuterteemischung-bleib-fresh-plain.jpg?resize=525%2C300&ssl=1 1.5x, https:\/\/i0.wp.com\/teasense.ch\/wp-content\/uploads\/2023\/10\/kraeuterteemischung-bleib-fresh-plain.jpg?resize=700%2C400&ssl=1 2x"},"classes":[]},{"id":49263,"url":"https:\/\/teasense.ch\/fr\/produit\/tisane-kapha-ayurvedique\/","url_meta":{"origin":49851,"position":4},"title":"Tisane Kapha ayurv\u00e9dique","author":"Reale Selection","date":"12 May 2025","format":false,"excerpt":"Pr\u00e9paration \u2013 tisane Kapha ayurv\u00e9dique \ud83e\udd44 2 g (env. 1 c. \u00e0 caf\u00e9) pour 200 ml \ud83c\udf21\ufe0f 100 \u00b0C \u23f3 7\u201310 minutes","rel":"","context":"Similar post","block_context":{"text":"Similar post","link":""},"img":{"alt_text":"Ayurveda Kapha Gew\u00fcrz- und Kr\u00e4utertee","src":"https:\/\/i0.wp.com\/teasense.ch\/wp-content\/uploads\/2025\/05\/Ayurveda-Kapha-Gewuerz-und-Kraeutertee.png?resize=350%2C200&ssl=1","width":350,"height":200,"srcset":"https:\/\/i0.wp.com\/teasense.ch\/wp-content\/uploads\/2025\/05\/Ayurveda-Kapha-Gewuerz-und-Kraeutertee.png?resize=350%2C200&ssl=1 1x, https:\/\/i0.wp.com\/teasense.ch\/wp-content\/uploads\/2025\/05\/Ayurveda-Kapha-Gewuerz-und-Kraeutertee.png?resize=525%2C300&ssl=1 1.5x, https:\/\/i0.wp.com\/teasense.ch\/wp-content\/uploads\/2025\/05\/Ayurveda-Kapha-Gewuerz-und-Kraeutertee.png?resize=700%2C400&ssl=1 2x"},"classes":[]},{"id":50218,"url":"https:\/\/teasense.ch\/fr\/produit\/tisane-des-sens\/","url_meta":{"origin":49851,"position":5},"title":"Tisane des Sens","author":"Reale Selection","date":"29 ao\u00fbt 2023","format":false,"excerpt":"Pr\u00e9paration Tisane des Sens \ud83e\udd44 2,5 g pour 200 ml d\u2019eau \ud83c\udf21\ufe0f 100 \u00b0C \u23f3 5\u20138 minutes","rel":"","context":"Similar post","block_context":{"text":"Similar post","link":""},"img":{"alt_text":"Sinneskr\u00e4uter Lose Teemischung","src":"https:\/\/i0.wp.com\/teasense.ch\/wp-content\/uploads\/2023\/08\/sinneskraeuter-teemischung-plain.jpg?resize=350%2C200&ssl=1","width":350,"height":200,"srcset":"https:\/\/i0.wp.com\/teasense.ch\/wp-content\/uploads\/2023\/08\/sinneskraeuter-teemischung-plain.jpg?resize=350%2C200&ssl=1 1x, https:\/\/i0.wp.com\/teasense.ch\/wp-content\/uploads\/2023\/08\/sinneskraeuter-teemischung-plain.jpg?resize=525%2C300&ssl=1 1.5x, https:\/\/i0.wp.com\/teasense.ch\/wp-content\/uploads\/2023\/08\/sinneskraeuter-teemischung-plain.jpg?resize=700%2C400&ssl=1 2x"},"classes":[]}],"jetpack_sharing_enabled":true,"jetpack_likes_enabled":false,"_links":{"self":[{"href":"https:\/\/teasense.ch\/fr\/wp-json\/wp\/v2\/product\/49851","targetHints":{"allow":["GET"]}}],"collection":[{"href":"https:\/\/teasense.ch\/fr\/wp-json\/wp\/v2\/product"}],"about":[{"href":"https:\/\/teasense.ch\/fr\/wp-json\/wp\/v2\/types\/product"}],"replies":[{"embeddable":true,"href":"https:\/\/teasense.ch\/fr\/wp-json\/wp\/v2\/comments?post=49851"}],"wp:featuredmedia":[{"embeddable":true,"href":"https:\/\/teasense.ch\/fr\/wp-json\/wp\/v2\/media\/45501"}],"wp:attachment":[{"href":"https:\/\/teasense.ch\/fr\/wp-json\/wp\/v2\/media?parent=49851"}],"wp:term":[{"taxonomy":"product_brand","embeddable":true,"href":"https:\/\/teasense.ch\/fr\/wp-json\/wp\/v2\/product_brand?post=49851"},{"taxonomy":"product_cat","embeddable":true,"href":"https:\/\/teasense.ch\/fr\/wp-json\/wp\/v2\/product_cat?post=49851"},{"taxonomy":"product_tag","embeddable":true,"href":"https:\/\/teasense.ch\/fr\/wp-json\/wp\/v2\/product_tag?post=49851"}],"curies":[{"name":"wp","href":"https:\/\/api.w.org\/{rel}","templated":true}]}}