{"id":49881,"date":"2025-02-25T14:07:23","date_gmt":"2025-02-25T13:07:23","guid":{"rendered":"https:\/\/teasense.ch\/produkt\/infusion-harmonie-au-mate\/"},"modified":"2026-05-06T11:53:57","modified_gmt":"2026-05-06T09:53:57","slug":"infusion-harmonie-au-mate","status":"publish","type":"product","link":"https:\/\/teasense.ch\/fr\/produit\/infusion-harmonie-au-mate\/","title":{"rendered":"Infusion Harmonie au mat\u00e9"},"content":{"rendered":"<p>L\u2019infusion Harmonie est un m\u00e9lange \u00e9quilibr\u00e9 d\u2019herbes aux notes douces, l\u00e9g\u00e8rement sucr\u00e9es et fra\u00eeches. Le mat\u00e9, les feuilles de framboisier et de m\u00fbrier, les \u00e9corces d\u2019\u00e9glantier et le fenouil cr\u00e9ent une infusion harmonieuse.<\/p>\n<p>Les \u00e9corces d\u2019\u00e9glantier apportent une l\u00e9g\u00e8re note fruit\u00e9e, tandis que les feuilles de m\u00fbrier et de framboisier offrent une douceur v\u00e9g\u00e9tale agr\u00e9able. Le mat\u00e9 ajoute une l\u00e9g\u00e8re fra\u00eecheur.<\/p>\n<p>Cette infusion accompagne parfaitement les moments de d\u00e9tente tout au long de la journ\u00e9e.<\/p>\n<h2>Pourquoi choisir notre infusion Harmonie au mat\u00e9 ?<\/h2>\n<ul>\n<li>M\u00e9lange harmonieux et \u00e9quilibr\u00e9<\/li>\n<li>Sans ar\u00f4mes artificiels<\/li>\n<li>Notes douces et l\u00e9g\u00e8rement sucr\u00e9es<\/li>\n<li>D\u00e9licieuse chaude ou glac\u00e9e<\/li>\n<li>Parfaite pour les pauses th\u00e9 relaxantes<\/li>\n<\/ul>\n<h3>Ingr\u00e9dients<\/h3>\n<p>Mat\u00e9 vert, \u00e9corces d\u2019\u00e9glantier, feuilles de framboisier, feuilles de m\u00fbrier, feuilles de cassis, anis, fenouil, barbe de ma\u00efs.<\/p>\n<p><strong>Go\u00fbt &#038; ar\u00f4me :<\/strong><br \/>\nUne infusion douce aux notes v\u00e9g\u00e9tales, l\u00e9g\u00e8rement fruit\u00e9es et subtilement \u00e9pic\u00e9es.<\/p>\n<h3>Pr\u00e9paration<\/h3>\n<p><strong>Infusion chaude<\/strong><br \/>\nVerser de l\u2019eau bouillante sur 1\u20132 c.\u00e0.c bomb\u00e9es et laisser infuser 6\u201310 minutes.<\/p>\n<p><strong>Version glac\u00e9e<\/strong><br \/>\nPr\u00e9parer une infusion plus concentr\u00e9e puis servir avec des gla\u00e7ons.<\/p>\n<p><strong>Conservation<\/strong><br \/>\nConserver dans un endroit frais et sec.<\/p>\n","protected":false},"excerpt":{"rendered":"<h4>Pr\u00e9paration infusion Harmonie au mat\u00e9<\/h4>\n<p>\ud83e\udd44 1 &#8211; 2 c.\u00e0.c bomb\u00e9es (env. 2 g) pour 200 ml d\u2019eau<br \/>\n\ud83c\udf21\ufe0f 100 \u00b0C<br \/>\n\u23f3 6 &#8211; 10 minutes<\/p>\n","protected":false},"featured_media":44194,"comment_status":"open","ping_status":"closed","template":"","meta":{"_et_pb_use_builder":"","_et_pb_old_content":"","_et_gb_content_width":""},"product_brand":[],"product_cat":[375,380,348],"product_tag":[],"class_list":{"0":"post-49881","1":"product","2":"type-product","3":"status-publish","4":"has-post-thumbnail","6":"product_cat-the-en-vrac","7":"product_cat-tisane","8":"product_cat-tous-produits","9":"pa_herkunft-allemagne","10":"pa_weight-100-g","11":"pa_weight-200-g","12":"pa_weight-400-g","13":"pa_weight-50-g","15":"first","16":"instock","17":"shipping-taxable","18":"purchasable","19":"product-type-variable","20":"has-default-attributes","21":"add-to-wishlist-before_image"},"yoast_head":"<!-- This site is optimized with the Yoast SEO plugin v27.6 - https:\/\/yoast.com\/product\/yoast-seo-wordpress\/ -->\n<title>Infusion Harmonie au mat\u00e9 - TeaSense.ch<\/title>\n<meta name=\"description\" content=\"Infusion Harmonie au mat\u00e9, anis et feuilles de m\u00fbrier \u2013 m\u00e9lange doux et \u00e9quilibr\u00e9. \ud83c\udf3f\" \/>\n<meta name=\"robots\" content=\"index, follow, max-snippet:-1, max-image-preview:large, max-video-preview:-1\" \/>\n<link rel=\"canonical\" href=\"https:\/\/teasense.ch\/fr\/produit\/infusion-harmonie-au-mate\/\" \/>\n<meta property=\"og:locale\" content=\"fr_FR\" \/>\n<meta property=\"og:type\" content=\"article\" \/>\n<meta property=\"og:title\" content=\"Infusion Harmonie au mat\u00e9 - TeaSense.ch\" \/>\n<meta property=\"og:description\" content=\"Infusion Harmonie au mat\u00e9, anis et feuilles de m\u00fbrier \u2013 m\u00e9lange doux et \u00e9quilibr\u00e9. \ud83c\udf3f\" \/>\n<meta property=\"og:url\" content=\"https:\/\/teasense.ch\/fr\/produit\/infusion-harmonie-au-mate\/\" \/>\n<meta property=\"og:site_name\" content=\"TeaSense.ch\" \/>\n<meta property=\"article:publisher\" content=\"https:\/\/www.facebook.com\/teasense.ch\" \/>\n<meta property=\"article:modified_time\" content=\"2026-05-06T09:53:57+00:00\" \/>\n<meta property=\"og:image\" content=\"https:\/\/teasense.ch\/wp-content\/uploads\/2025\/02\/hibiskus-tee-lose-und-aufgegossen-in-Tassen.png\" \/>\n\t<meta property=\"og:image:width\" content=\"800\" \/>\n\t<meta property=\"og:image:height\" content=\"800\" \/>\n\t<meta property=\"og:image:type\" content=\"image\/png\" \/>\n<meta name=\"twitter:card\" content=\"summary_large_image\" \/>\n<meta name=\"twitter:label1\" content=\"Est. reading time\" \/>\n\t<meta name=\"twitter:data1\" content=\"1 minute\" \/>\n<!-- \/ Yoast SEO plugin. -->","yoast_head_json":{"title":"Infusion Harmonie au mat\u00e9 - TeaSense.ch","description":"Infusion Harmonie au mat\u00e9, anis et feuilles de m\u00fbrier \u2013 m\u00e9lange doux et \u00e9quilibr\u00e9. \ud83c\udf3f","robots":{"index":"index","follow":"follow","max-snippet":"max-snippet:-1","max-image-preview":"max-image-preview:large","max-video-preview":"max-video-preview:-1"},"canonical":"https:\/\/teasense.ch\/fr\/produit\/infusion-harmonie-au-mate\/","og_locale":"fr_FR","og_type":"article","og_title":"Infusion Harmonie au mat\u00e9 - TeaSense.ch","og_description":"Infusion Harmonie au mat\u00e9, anis et feuilles de m\u00fbrier \u2013 m\u00e9lange doux et \u00e9quilibr\u00e9. \ud83c\udf3f","og_url":"https:\/\/teasense.ch\/fr\/produit\/infusion-harmonie-au-mate\/","og_site_name":"TeaSense.ch","article_publisher":"https:\/\/www.facebook.com\/teasense.ch","article_modified_time":"2026-05-06T09:53:57+00:00","og_image":[{"width":800,"height":800,"url":"https:\/\/teasense.ch\/wp-content\/uploads\/2025\/02\/hibiskus-tee-lose-und-aufgegossen-in-Tassen.png","type":"image\/png"}],"twitter_card":"summary_large_image","twitter_misc":{"Est. reading time":"1 minute"},"schema":{"@context":"https:\/\/schema.org","@graph":[{"@type":"WebPage","@id":"https:\/\/teasense.ch\/fr\/produit\/infusion-harmonie-au-mate\/","url":"https:\/\/teasense.ch\/fr\/produit\/infusion-harmonie-au-mate\/","name":"Infusion Harmonie au mat\u00e9 - TeaSense.ch","isPartOf":{"@id":"https:\/\/teasense.ch\/fr\/#website"},"primaryImageOfPage":{"@id":"https:\/\/teasense.ch\/fr\/produit\/infusion-harmonie-au-mate\/#primaryimage"},"image":{"@id":"https:\/\/teasense.ch\/fr\/produit\/infusion-harmonie-au-mate\/#primaryimage"},"thumbnailUrl":"https:\/\/teasense.ch\/wp-content\/uploads\/2025\/02\/Harmonie-Kraeutertee-\u2013-Sanfte-Kraeutermischung-mit-Mate.png","datePublished":"2025-02-25T13:07:23+00:00","dateModified":"2026-05-06T09:53:57+00:00","description":"Infusion Harmonie au mat\u00e9, anis et feuilles de m\u00fbrier \u2013 m\u00e9lange doux et \u00e9quilibr\u00e9. \ud83c\udf3f","breadcrumb":{"@id":"https:\/\/teasense.ch\/fr\/produit\/infusion-harmonie-au-mate\/#breadcrumb"},"inLanguage":"fr-CH","potentialAction":[{"@type":"ReadAction","target":["https:\/\/teasense.ch\/fr\/produit\/infusion-harmonie-au-mate\/"]}]},{"@type":"ImageObject","inLanguage":"fr-CH","@id":"https:\/\/teasense.ch\/fr\/produit\/infusion-harmonie-au-mate\/#primaryimage","url":"https:\/\/teasense.ch\/wp-content\/uploads\/2025\/02\/Harmonie-Kraeutertee-\u2013-Sanfte-Kraeutermischung-mit-Mate.png","contentUrl":"https:\/\/teasense.ch\/wp-content\/uploads\/2025\/02\/Harmonie-Kraeutertee-\u2013-Sanfte-Kraeutermischung-mit-Mate.png","width":800,"height":800,"caption":"Harmonie Kr\u00e4utertee \u2013 Sanfte Kr\u00e4utermischung mit Mate"},{"@type":"BreadcrumbList","@id":"https:\/\/teasense.ch\/fr\/produit\/infusion-harmonie-au-mate\/#breadcrumb","itemListElement":[{"@type":"ListItem","position":1,"name":"Startseite","item":"https:\/\/teasense.ch\/fr\/"},{"@type":"ListItem","position":2,"name":"Boutique de th\u00e9 en ligne","item":"https:\/\/teasense.ch\/fr\/shop\/"},{"@type":"ListItem","position":3,"name":"Infusion Harmonie au mat\u00e9"}]},{"@type":"WebSite","@id":"https:\/\/teasense.ch\/fr\/#website","url":"https:\/\/teasense.ch\/fr\/","name":"TeaSense.ch","description":"Nat\u00fcrliche Teemischungen und klassischer Tee","publisher":{"@id":"https:\/\/teasense.ch\/fr\/#organization"},"alternateName":"TeaSense","potentialAction":[{"@type":"SearchAction","target":{"@type":"EntryPoint","urlTemplate":"https:\/\/teasense.ch\/fr\/?s={search_term_string}"},"query-input":{"@type":"PropertyValueSpecification","valueRequired":true,"valueName":"search_term_string"}}],"inLanguage":"fr-CH"},{"@type":"Organization","@id":"https:\/\/teasense.ch\/fr\/#organization","name":"Reale Selection","alternateName":"TeaSense.ch","url":"https:\/\/teasense.ch\/fr\/","logo":{"@type":"ImageObject","inLanguage":"fr-CH","@id":"https:\/\/teasense.ch\/fr\/#\/schema\/logo\/image\/","url":"https:\/\/teasense.ch\/wp-content\/uploads\/2023\/07\/cropped-logo-teasense-kategorie-onlineshop-alle-produkte.jpg","contentUrl":"https:\/\/teasense.ch\/wp-content\/uploads\/2023\/07\/cropped-logo-teasense-kategorie-onlineshop-alle-produkte.jpg","width":512,"height":512,"caption":"Reale Selection"},"image":{"@id":"https:\/\/teasense.ch\/fr\/#\/schema\/logo\/image\/"},"sameAs":["https:\/\/www.facebook.com\/teasense.ch"]}]}},"jetpack-related-posts":[{"id":49396,"url":"https:\/\/teasense.ch\/fr\/produit\/infusion-careme\/","url_meta":{"origin":49881,"position":0},"title":"Infusion Car\u00eame","author":"Reale Selection","date":"24 October 2023","format":false,"excerpt":"Pr\u00e9paration \u2013 Infusion Car\u00eame \ud83e\udd44 1\u20132 c.\u00e0.c (env. 2 g) pour 200 ml \ud83c\udf21\ufe0f 100 \u00b0C \u23f3 6\u201310 minutes","rel":"","context":"Similar post","block_context":{"text":"Similar post","link":""},"img":{"alt_text":"","src":"https:\/\/i0.wp.com\/teasense.ch\/wp-content\/uploads\/2023\/10\/fastenkraeuter-plain-teemischung.jpg?resize=350%2C200&ssl=1","width":350,"height":200,"srcset":"https:\/\/i0.wp.com\/teasense.ch\/wp-content\/uploads\/2023\/10\/fastenkraeuter-plain-teemischung.jpg?resize=350%2C200&ssl=1 1x, https:\/\/i0.wp.com\/teasense.ch\/wp-content\/uploads\/2023\/10\/fastenkraeuter-plain-teemischung.jpg?resize=525%2C300&ssl=1 1.5x, https:\/\/i0.wp.com\/teasense.ch\/wp-content\/uploads\/2023\/10\/fastenkraeuter-plain-teemischung.jpg?resize=700%2C400&ssl=1 2x"},"classes":[]},{"id":49752,"url":"https:\/\/teasense.ch\/fr\/produit\/feuilles-de-melisse\/","url_meta":{"origin":49881,"position":1},"title":"Feuilles de m\u00e9lisse","author":"Reale Selection","date":"23 October 2024","format":false,"excerpt":"Pr\u00e9paration feuilles de m\u00e9lisse \ud83e\udd44 1 \u2013 2 c.\u00e0.c (env. 1,5 g) pour 200 ml d\u2019eau \ud83c\udf21\ufe0f 90 \u00b0C \u23f3 5 \u2013 10 minutes","rel":"","context":"Similar post","block_context":{"text":"Similar post","link":""},"img":{"alt_text":"Melissenbl\u00e4tter getrocknet auf weissem Hintergrund","src":"https:\/\/i0.wp.com\/teasense.ch\/wp-content\/uploads\/2024\/10\/melissenblaetter-weisser-hintergrund.png?resize=350%2C200&ssl=1","width":350,"height":200,"srcset":"https:\/\/i0.wp.com\/teasense.ch\/wp-content\/uploads\/2024\/10\/melissenblaetter-weisser-hintergrund.png?resize=350%2C200&ssl=1 1x, https:\/\/i0.wp.com\/teasense.ch\/wp-content\/uploads\/2024\/10\/melissenblaetter-weisser-hintergrund.png?resize=525%2C300&ssl=1 1.5x, https:\/\/i0.wp.com\/teasense.ch\/wp-content\/uploads\/2024\/10\/melissenblaetter-weisser-hintergrund.png?resize=700%2C400&ssl=1 2x"},"classes":[]},{"id":49677,"url":"https:\/\/teasense.ch\/fr\/produit\/infusion-fruits-herbes\/","url_meta":{"origin":49881,"position":2},"title":"Infusion fruits &#038; herbes","author":"Reale Selection","date":"22 October 2024","format":false,"excerpt":"Pr\u00e9paration infusion fruits & herbes \ud83e\udd44 1 c.\u00e0.c par tasse \ud83c\udf21\ufe0f 100 \u00b0C \u23f3 6 - 10 minutes","rel":"","context":"Similar post","block_context":{"text":"Similar post","link":""},"img":{"alt_text":"Waldgefl\u00fcster Teemischung","src":"https:\/\/i0.wp.com\/teasense.ch\/wp-content\/uploads\/2024\/10\/waldgefluester.png?resize=350%2C200&ssl=1","width":350,"height":200,"srcset":"https:\/\/i0.wp.com\/teasense.ch\/wp-content\/uploads\/2024\/10\/waldgefluester.png?resize=350%2C200&ssl=1 1x, https:\/\/i0.wp.com\/teasense.ch\/wp-content\/uploads\/2024\/10\/waldgefluester.png?resize=525%2C300&ssl=1 1.5x, https:\/\/i0.wp.com\/teasense.ch\/wp-content\/uploads\/2024\/10\/waldgefluester.png?resize=700%2C400&ssl=1 2x"},"classes":[]},{"id":49990,"url":"https:\/\/teasense.ch\/fr\/produit\/sauge-sclaree\/","url_meta":{"origin":49881,"position":3},"title":"Sauge sclar\u00e9e","author":"Reale Selection","date":"24 October 2023","format":false,"excerpt":"Salvia sclarea, sauge romaine Pr\u00e9paration infusion sauge sclar\u00e9e \ud83e\udd44 1 c.\u00e0.c pour 200 ml d\u2019eau \ud83c\udf21\ufe0f 90 \u2013 95 \u00b0C \u23f3 5 minutes","rel":"","context":"Similar post","block_context":{"text":"Similar post","link":""},"img":{"alt_text":"Loser Muskatellersalbei","src":"https:\/\/i0.wp.com\/teasense.ch\/wp-content\/uploads\/2023\/10\/muskateller-salbei-mit-weissem-hintergrund.jpg?resize=350%2C200&ssl=1","width":350,"height":200,"srcset":"https:\/\/i0.wp.com\/teasense.ch\/wp-content\/uploads\/2023\/10\/muskateller-salbei-mit-weissem-hintergrund.jpg?resize=350%2C200&ssl=1 1x, https:\/\/i0.wp.com\/teasense.ch\/wp-content\/uploads\/2023\/10\/muskateller-salbei-mit-weissem-hintergrund.jpg?resize=525%2C300&ssl=1 1.5x, https:\/\/i0.wp.com\/teasense.ch\/wp-content\/uploads\/2023\/10\/muskateller-salbei-mit-weissem-hintergrund.jpg?resize=700%2C400&ssl=1 2x"},"classes":[]},{"id":49335,"url":"https:\/\/teasense.ch\/fr\/produit\/the-grec-de-montagne-olympus\/","url_meta":{"origin":49881,"position":4},"title":"Th\u00e9 grec de montagne Olympus","author":"Reale Selection","date":"6 July 2023","format":false,"excerpt":"Pr\u00e9paration \u2013 th\u00e9 grec de montagne Olympus \ud83e\udd44 1\u20132 c. \u00e0 caf\u00e9 (14 g\/litre) \ud83c\udf21\ufe0f 100 \u00b0C \u23f3 5 minutes","rel":"","context":"Similar post","block_context":{"text":"Similar post","link":""},"img":{"alt_text":"Teemischung Olympus Bergtee Griechenland","src":"https:\/\/i0.wp.com\/teasense.ch\/wp-content\/uploads\/2023\/07\/olympus-tee.jpg?resize=350%2C200&ssl=1","width":350,"height":200,"srcset":"https:\/\/i0.wp.com\/teasense.ch\/wp-content\/uploads\/2023\/07\/olympus-tee.jpg?resize=350%2C200&ssl=1 1x, https:\/\/i0.wp.com\/teasense.ch\/wp-content\/uploads\/2023\/07\/olympus-tee.jpg?resize=525%2C300&ssl=1 1.5x, https:\/\/i0.wp.com\/teasense.ch\/wp-content\/uploads\/2023\/07\/olympus-tee.jpg?resize=700%2C400&ssl=1 2x"},"classes":[]},{"id":50150,"url":"https:\/\/teasense.ch\/fr\/produit\/the-noir-de-ceylan\/","url_meta":{"origin":49881,"position":5},"title":"Th\u00e9 noir de Ceylan","author":"Reale Selection","date":"6 July 2023","format":false,"excerpt":"Pr\u00e9paration th\u00e9 noir de Ceylan du Sri Lanka \ud83e\udd44 1 c.\u00e0.c (env. 2 g) par tasse \ud83c\udf21\ufe0f 100 \u00b0C \u23f3 2\u20133 minutes","rel":"","context":"Similar post","block_context":{"text":"Similar post","link":""},"img":{"alt_text":"Ceylon Tee","src":"https:\/\/i0.wp.com\/teasense.ch\/wp-content\/uploads\/2023\/07\/ceylon-tee-von-der-insel-sri-lanka-plain.jpg?resize=350%2C200&ssl=1","width":350,"height":200,"srcset":"https:\/\/i0.wp.com\/teasense.ch\/wp-content\/uploads\/2023\/07\/ceylon-tee-von-der-insel-sri-lanka-plain.jpg?resize=350%2C200&ssl=1 1x, https:\/\/i0.wp.com\/teasense.ch\/wp-content\/uploads\/2023\/07\/ceylon-tee-von-der-insel-sri-lanka-plain.jpg?resize=525%2C300&ssl=1 1.5x, https:\/\/i0.wp.com\/teasense.ch\/wp-content\/uploads\/2023\/07\/ceylon-tee-von-der-insel-sri-lanka-plain.jpg?resize=700%2C400&ssl=1 2x"},"classes":[]}],"jetpack_sharing_enabled":true,"jetpack_likes_enabled":false,"_links":{"self":[{"href":"https:\/\/teasense.ch\/fr\/wp-json\/wp\/v2\/product\/49881","targetHints":{"allow":["GET"]}}],"collection":[{"href":"https:\/\/teasense.ch\/fr\/wp-json\/wp\/v2\/product"}],"about":[{"href":"https:\/\/teasense.ch\/fr\/wp-json\/wp\/v2\/types\/product"}],"replies":[{"embeddable":true,"href":"https:\/\/teasense.ch\/fr\/wp-json\/wp\/v2\/comments?post=49881"}],"wp:featuredmedia":[{"embeddable":true,"href":"https:\/\/teasense.ch\/fr\/wp-json\/wp\/v2\/media\/44194"}],"wp:attachment":[{"href":"https:\/\/teasense.ch\/fr\/wp-json\/wp\/v2\/media?parent=49881"}],"wp:term":[{"taxonomy":"product_brand","embeddable":true,"href":"https:\/\/teasense.ch\/fr\/wp-json\/wp\/v2\/product_brand?post=49881"},{"taxonomy":"product_cat","embeddable":true,"href":"https:\/\/teasense.ch\/fr\/wp-json\/wp\/v2\/product_cat?post=49881"},{"taxonomy":"product_tag","embeddable":true,"href":"https:\/\/teasense.ch\/fr\/wp-json\/wp\/v2\/product_tag?post=49881"}],"curies":[{"name":"wp","href":"https:\/\/api.w.org\/{rel}","templated":true}]}}