{"id":49990,"date":"2023-10-24T21:29:34","date_gmt":"2023-10-24T19:29:34","guid":{"rendered":"https:\/\/teasense.ch\/produkt\/sauge-sclaree\/"},"modified":"2026-05-06T14:56:26","modified_gmt":"2026-05-06T12:56:26","slug":"sauge-sclaree","status":"publish","type":"product","link":"https:\/\/teasense.ch\/fr\/produit\/sauge-sclaree\/","title":{"rendered":"Sauge sclar\u00e9e"},"content":{"rendered":"<h2>Sauge sclar\u00e9e \u2013 aromatique et polyvalente<\/h2>\n<p>La sauge sclar\u00e9e, connue sous le nom botanique Salvia sclarea, est une plante aromatique appr\u00e9ci\u00e9e pour son parfum chaleureux et ses nombreuses utilisations.<\/p>\n<p>Son parfum l\u00e9g\u00e8rement musqu\u00e9 lui donne un caract\u00e8re unique et agr\u00e9able.<\/p>\n<h3>Pr\u00e9paration de l\u2019infusion de sauge sclar\u00e9e<\/h3>\n<p>Verser de l\u2019eau chaude sur 1 c.\u00e0.c de feuilles s\u00e9ch\u00e9es et laisser infuser environ 5 minutes.<\/p>\n<p>L\u2019infusion offre un go\u00fbt doux et agr\u00e9able, parfait pour les moments de d\u00e9tente.<\/p>\n<h3>Utilisations vari\u00e9es<\/h3>\n<p>La sauge sclar\u00e9e peut \u00eatre utilis\u00e9e dans les infusions, la cuisine, les boissons aromatiques ou encore les sachets parfum\u00e9s.<\/p>\n<h3>Cuisine et p\u00e2tisserie<\/h3>\n<p>Elle apporte une note aromatique originale aux soupes, sauces et pr\u00e9parations sal\u00e9es.<\/p>\n<h3>Boissons aromatiques<\/h3>\n<p>Quelques feuilles suffisent pour parfumer limonades, jus ou cocktails.<\/p>\n<h3>Sachets parfum\u00e9s et pot-pourri<\/h3>\n<p>Les feuilles s\u00e9ch\u00e9es sont id\u00e9ales pour les m\u00e9langes parfum\u00e9s et d\u00e9coratifs.<\/p>\n","protected":false},"excerpt":{"rendered":"<p>Salvia sclarea, sauge romaine<\/p>\n<h4>Pr\u00e9paration infusion sauge sclar\u00e9e<\/h4>\n<p>\ud83e\udd44 1 c.\u00e0.c pour 200 ml d\u2019eau<br \/>\n\ud83c\udf21\ufe0f 90 \u2013 95 \u00b0C<br \/>\n\u23f3 5 minutes<\/p>\n","protected":false},"featured_media":38581,"comment_status":"open","ping_status":"closed","template":"","meta":{"_et_pb_use_builder":"","_et_pb_old_content":"","_et_gb_content_width":""},"product_brand":[],"product_cat":[442,375,380,348],"product_tag":[],"class_list":{"0":"post-49990","1":"product","2":"type-product","3":"status-publish","4":"has-post-thumbnail","6":"product_cat-monoherbes","7":"product_cat-the-en-vrac","8":"product_cat-tisane","9":"product_cat-tous-produits","10":"pa_herkunft-allemagne","11":"pa_weight-100-g","12":"pa_weight-200-g","13":"pa_weight-50-g","14":"pa_weight-60-g","16":"first","17":"instock","18":"shipping-taxable","19":"purchasable","20":"product-type-variable","21":"has-default-attributes","22":"add-to-wishlist-before_image"},"yoast_head":"<!-- This site is optimized with the Yoast SEO plugin v27.5 - https:\/\/yoast.com\/product\/yoast-seo-wordpress\/ -->\n<title>Sauge sclar\u00e9e - TeaSense.ch<\/title>\n<meta name=\"description\" content=\"La sauge sclar\u00e9e (Salvia sclarea) est une plante aromatique id\u00e9ale pour les infusions, la cuisine et les m\u00e9langes parfum\u00e9s aux notes chaleureuses.\" \/>\n<meta name=\"robots\" content=\"index, follow, max-snippet:-1, max-image-preview:large, max-video-preview:-1\" \/>\n<link rel=\"canonical\" href=\"https:\/\/teasense.ch\/fr\/produit\/sauge-sclaree\/\" \/>\n<meta property=\"og:locale\" content=\"fr_FR\" \/>\n<meta property=\"og:type\" content=\"article\" \/>\n<meta property=\"og:title\" content=\"Sauge sclar\u00e9e - TeaSense.ch\" \/>\n<meta property=\"og:description\" content=\"La sauge sclar\u00e9e (Salvia sclarea) est une plante aromatique id\u00e9ale pour les infusions, la cuisine et les m\u00e9langes parfum\u00e9s aux notes chaleureuses.\" \/>\n<meta property=\"og:url\" content=\"https:\/\/teasense.ch\/fr\/produit\/sauge-sclaree\/\" \/>\n<meta property=\"og:site_name\" content=\"TeaSense.ch\" \/>\n<meta property=\"article:publisher\" content=\"https:\/\/www.facebook.com\/teasense.ch\" \/>\n<meta property=\"article:modified_time\" content=\"2026-05-06T12:56:26+00:00\" \/>\n<meta property=\"og:image\" content=\"https:\/\/teasense.ch\/wp-content\/uploads\/2025\/02\/hibiskus-tee-lose-und-aufgegossen-in-Tassen.png\" \/>\n\t<meta property=\"og:image:width\" content=\"800\" \/>\n\t<meta property=\"og:image:height\" content=\"800\" \/>\n\t<meta property=\"og:image:type\" content=\"image\/png\" \/>\n<meta name=\"twitter:card\" content=\"summary_large_image\" \/>\n<meta name=\"twitter:label1\" content=\"Est. reading time\" \/>\n\t<meta name=\"twitter:data1\" content=\"1 minute\" \/>\n<!-- \/ Yoast SEO plugin. -->","yoast_head_json":{"title":"Sauge sclar\u00e9e - TeaSense.ch","description":"La sauge sclar\u00e9e (Salvia sclarea) est une plante aromatique id\u00e9ale pour les infusions, la cuisine et les m\u00e9langes parfum\u00e9s aux notes chaleureuses.","robots":{"index":"index","follow":"follow","max-snippet":"max-snippet:-1","max-image-preview":"max-image-preview:large","max-video-preview":"max-video-preview:-1"},"canonical":"https:\/\/teasense.ch\/fr\/produit\/sauge-sclaree\/","og_locale":"fr_FR","og_type":"article","og_title":"Sauge sclar\u00e9e - TeaSense.ch","og_description":"La sauge sclar\u00e9e (Salvia sclarea) est une plante aromatique id\u00e9ale pour les infusions, la cuisine et les m\u00e9langes parfum\u00e9s aux notes chaleureuses.","og_url":"https:\/\/teasense.ch\/fr\/produit\/sauge-sclaree\/","og_site_name":"TeaSense.ch","article_publisher":"https:\/\/www.facebook.com\/teasense.ch","article_modified_time":"2026-05-06T12:56:26+00:00","og_image":[{"width":800,"height":800,"url":"https:\/\/teasense.ch\/wp-content\/uploads\/2025\/02\/hibiskus-tee-lose-und-aufgegossen-in-Tassen.png","type":"image\/png"}],"twitter_card":"summary_large_image","twitter_misc":{"Est. reading time":"1 minute"},"schema":{"@context":"https:\/\/schema.org","@graph":[{"@type":"WebPage","@id":"https:\/\/teasense.ch\/fr\/produit\/sauge-sclaree\/","url":"https:\/\/teasense.ch\/fr\/produit\/sauge-sclaree\/","name":"Sauge sclar\u00e9e - TeaSense.ch","isPartOf":{"@id":"https:\/\/teasense.ch\/fr\/#website"},"primaryImageOfPage":{"@id":"https:\/\/teasense.ch\/fr\/produit\/sauge-sclaree\/#primaryimage"},"image":{"@id":"https:\/\/teasense.ch\/fr\/produit\/sauge-sclaree\/#primaryimage"},"thumbnailUrl":"https:\/\/teasense.ch\/wp-content\/uploads\/2023\/10\/muskateller-salbei-mit-weissem-hintergrund.jpg","datePublished":"2023-10-24T19:29:34+00:00","dateModified":"2026-05-06T12:56:26+00:00","description":"La sauge sclar\u00e9e (Salvia sclarea) est une plante aromatique id\u00e9ale pour les infusions, la cuisine et les m\u00e9langes parfum\u00e9s aux notes chaleureuses.","breadcrumb":{"@id":"https:\/\/teasense.ch\/fr\/produit\/sauge-sclaree\/#breadcrumb"},"inLanguage":"fr-CH","potentialAction":[{"@type":"ReadAction","target":["https:\/\/teasense.ch\/fr\/produit\/sauge-sclaree\/"]}]},{"@type":"ImageObject","inLanguage":"fr-CH","@id":"https:\/\/teasense.ch\/fr\/produit\/sauge-sclaree\/#primaryimage","url":"https:\/\/teasense.ch\/wp-content\/uploads\/2023\/10\/muskateller-salbei-mit-weissem-hintergrund.jpg","contentUrl":"https:\/\/teasense.ch\/wp-content\/uploads\/2023\/10\/muskateller-salbei-mit-weissem-hintergrund.jpg","width":800,"height":800,"caption":"Loser Muskatellersalbei"},{"@type":"BreadcrumbList","@id":"https:\/\/teasense.ch\/fr\/produit\/sauge-sclaree\/#breadcrumb","itemListElement":[{"@type":"ListItem","position":1,"name":"Startseite","item":"https:\/\/teasense.ch\/fr\/"},{"@type":"ListItem","position":2,"name":"Boutique de th\u00e9 en ligne","item":"https:\/\/teasense.ch\/fr\/shop\/"},{"@type":"ListItem","position":3,"name":"Sauge sclar\u00e9e"}]},{"@type":"WebSite","@id":"https:\/\/teasense.ch\/fr\/#website","url":"https:\/\/teasense.ch\/fr\/","name":"TeaSense.ch","description":"Nat\u00fcrliche Teemischungen und klassischer Tee","publisher":{"@id":"https:\/\/teasense.ch\/fr\/#organization"},"alternateName":"TeaSense","potentialAction":[{"@type":"SearchAction","target":{"@type":"EntryPoint","urlTemplate":"https:\/\/teasense.ch\/fr\/?s={search_term_string}"},"query-input":{"@type":"PropertyValueSpecification","valueRequired":true,"valueName":"search_term_string"}}],"inLanguage":"fr-CH"},{"@type":"Organization","@id":"https:\/\/teasense.ch\/fr\/#organization","name":"Reale Selection","alternateName":"TeaSense.ch","url":"https:\/\/teasense.ch\/fr\/","logo":{"@type":"ImageObject","inLanguage":"fr-CH","@id":"https:\/\/teasense.ch\/fr\/#\/schema\/logo\/image\/","url":"https:\/\/teasense.ch\/wp-content\/uploads\/2023\/07\/cropped-logo-teasense-kategorie-onlineshop-alle-produkte.jpg","contentUrl":"https:\/\/teasense.ch\/wp-content\/uploads\/2023\/07\/cropped-logo-teasense-kategorie-onlineshop-alle-produkte.jpg","width":512,"height":512,"caption":"Reale Selection"},"image":{"@id":"https:\/\/teasense.ch\/fr\/#\/schema\/logo\/image\/"},"sameAs":["https:\/\/www.facebook.com\/teasense.ch"]}]}},"jetpack-related-posts":[{"id":50218,"url":"https:\/\/teasense.ch\/fr\/produit\/tisane-des-sens\/","url_meta":{"origin":49990,"position":0},"title":"Tisane des Sens","author":"Reale Selection","date":"29 ao\u00fbt 2023","format":false,"excerpt":"Pr\u00e9paration Tisane des Sens \ud83e\udd44 2,5 g pour 200 ml d\u2019eau \ud83c\udf21\ufe0f 100 \u00b0C \u23f3 5\u20138 minutes","rel":"","context":"Similar post","block_context":{"text":"Similar post","link":""},"img":{"alt_text":"Sinneskr\u00e4uter Lose Teemischung","src":"https:\/\/i0.wp.com\/teasense.ch\/wp-content\/uploads\/2023\/08\/sinneskraeuter-teemischung-plain.jpg?resize=350%2C200&ssl=1","width":350,"height":200,"srcset":"https:\/\/i0.wp.com\/teasense.ch\/wp-content\/uploads\/2023\/08\/sinneskraeuter-teemischung-plain.jpg?resize=350%2C200&ssl=1 1x, https:\/\/i0.wp.com\/teasense.ch\/wp-content\/uploads\/2023\/08\/sinneskraeuter-teemischung-plain.jpg?resize=525%2C300&ssl=1 1.5x, https:\/\/i0.wp.com\/teasense.ch\/wp-content\/uploads\/2023\/08\/sinneskraeuter-teemischung-plain.jpg?resize=700%2C400&ssl=1 2x"},"classes":[]},{"id":50074,"url":"https:\/\/teasense.ch\/fr\/produit\/tisane-fraicheur\/","url_meta":{"origin":49990,"position":1},"title":"Tisane Fra\u00eecheur","author":"Reale Selection","date":"22 October 2023","format":false,"excerpt":"Infusion aux herbes go\u00fbt menthe-citron Pr\u00e9paration Tisane Fra\u00eecheur \ud83e\udd44 1\u20132 c.\u00e0.c par litre (14 g\/litre) \ud83c\udf21\ufe0f 100 \u00b0C \u23f3 5 minutes","rel":"","context":"Similar post","block_context":{"text":"Similar post","link":""},"img":{"alt_text":"Loser Koriander Teemischung","src":"https:\/\/i0.wp.com\/teasense.ch\/wp-content\/uploads\/2023\/10\/kraeuterteemischung-bleib-fresh-plain.jpg?resize=350%2C200&ssl=1","width":350,"height":200,"srcset":"https:\/\/i0.wp.com\/teasense.ch\/wp-content\/uploads\/2023\/10\/kraeuterteemischung-bleib-fresh-plain.jpg?resize=350%2C200&ssl=1 1x, https:\/\/i0.wp.com\/teasense.ch\/wp-content\/uploads\/2023\/10\/kraeuterteemischung-bleib-fresh-plain.jpg?resize=525%2C300&ssl=1 1.5x, https:\/\/i0.wp.com\/teasense.ch\/wp-content\/uploads\/2023\/10\/kraeuterteemischung-bleib-fresh-plain.jpg?resize=700%2C400&ssl=1 2x"},"classes":[]},{"id":48568,"url":"https:\/\/teasense.ch\/fr\/produit\/melange-epices-curcuma\/","url_meta":{"origin":49990,"position":2},"title":"M\u00e9lange d\u2019\u00e9pices au curcuma","author":"Reale Selection","date":"22 October 2025","format":false,"excerpt":"Curcuma avec citronnelle, citron, gingembre et coriandre Id\u00e9al en infusion, en cuisine ou pour une boisson au curcuma Couleur dor\u00e9e, 100 % d\u2019ingr\u00e9dients naturels \u2013 sans additifs","rel":"","context":"Similar post","block_context":{"text":"Similar post","link":""},"img":{"alt_text":"Kurkuma Gew\u00fcrz-Mix Zitronengras, Zitrone, Ingwer und Koriander","src":"https:\/\/i0.wp.com\/teasense.ch\/wp-content\/uploads\/2025\/09\/kurkuma-zitrone-1.png?resize=350%2C200&ssl=1","width":350,"height":200,"srcset":"https:\/\/i0.wp.com\/teasense.ch\/wp-content\/uploads\/2025\/09\/kurkuma-zitrone-1.png?resize=350%2C200&ssl=1 1x, https:\/\/i0.wp.com\/teasense.ch\/wp-content\/uploads\/2025\/09\/kurkuma-zitrone-1.png?resize=525%2C300&ssl=1 1.5x, https:\/\/i0.wp.com\/teasense.ch\/wp-content\/uploads\/2025\/09\/kurkuma-zitrone-1.png?resize=700%2C400&ssl=1 2x"},"classes":[]},{"id":49838,"url":"https:\/\/teasense.ch\/fr\/produit\/graines-de-fenouil\/","url_meta":{"origin":49990,"position":3},"title":"Graines de fenouil","author":"Reale Selection","date":"1 ao\u00fbt 2023","format":false,"excerpt":"Rabais en raison de la DDM 09.10.2026 Pr\u00e9paration infusion de fenouil \ud83e\udd44 15 g par litre d\u2019eau \ud83c\udf21\ufe0f 100 \u00b0C \u23f3 5 minutes","rel":"","context":"Similar post","block_context":{"text":"Similar post","link":""},"img":{"alt_text":"Fenchelsamen lose f\u00fcr Tee oder zum Kochen","src":"https:\/\/i0.wp.com\/teasense.ch\/wp-content\/uploads\/2023\/08\/bio-fenchel-plain.jpg?resize=350%2C200&ssl=1","width":350,"height":200,"srcset":"https:\/\/i0.wp.com\/teasense.ch\/wp-content\/uploads\/2023\/08\/bio-fenchel-plain.jpg?resize=350%2C200&ssl=1 1x, https:\/\/i0.wp.com\/teasense.ch\/wp-content\/uploads\/2023\/08\/bio-fenchel-plain.jpg?resize=525%2C300&ssl=1 1.5x, https:\/\/i0.wp.com\/teasense.ch\/wp-content\/uploads\/2023\/08\/bio-fenchel-plain.jpg?resize=700%2C400&ssl=1 2x"},"classes":[]},{"id":49594,"url":"https:\/\/teasense.ch\/fr\/produit\/mate-tee-geroestet\/","url_meta":{"origin":49990,"position":4},"title":"Th\u00e9 mat\u00e9 torr\u00e9fi\u00e9","author":"Reale Selection","date":"23 October 2024","format":false,"excerpt":"Mat\u00e9 torr\u00e9fi\u00e9 traditionnel Pr\u00e9paration mat\u00e9 torr\u00e9fi\u00e9 \ud83e\udd44 1 cuill\u00e8re \u00e0 caf\u00e9 par tasse (12 g\/litre)\ud83c\udf21\ufe0f 80 - 90 \u00b0C\u23f3 5 minutes","rel":"","context":"Similar post","block_context":{"text":"Similar post","link":""},"img":{"alt_text":"Mate ger\u00f6stet auf weissem Hintergrund","src":"https:\/\/i0.wp.com\/teasense.ch\/wp-content\/uploads\/2024\/10\/mate-geroestet-auf-weissem-hintergrund.png?resize=350%2C200&ssl=1","width":350,"height":200,"srcset":"https:\/\/i0.wp.com\/teasense.ch\/wp-content\/uploads\/2024\/10\/mate-geroestet-auf-weissem-hintergrund.png?resize=350%2C200&ssl=1 1x, https:\/\/i0.wp.com\/teasense.ch\/wp-content\/uploads\/2024\/10\/mate-geroestet-auf-weissem-hintergrund.png?resize=525%2C300&ssl=1 1.5x, https:\/\/i0.wp.com\/teasense.ch\/wp-content\/uploads\/2024\/10\/mate-geroestet-auf-weissem-hintergrund.png?resize=700%2C400&ssl=1 2x"},"classes":[]},{"id":48175,"url":"https:\/\/teasense.ch\/fr\/produit\/tisane-douce-nuit\/","url_meta":{"origin":49990,"position":5},"title":"Tisane Douce Nuit","author":"Reale Selection","date":"23 October 2024","format":false,"excerpt":"Pr\u00e9paration de la Tisane Douce Nuit \ud83e\udd44 1 cuill\u00e8re \u00e0 caf\u00e9 par tasse (14 g\/litre)\ud83c\udf21\ufe0f 100 \u00b0C\u23f3 5 minutes","rel":"","context":"Similar post","block_context":{"text":"Similar post","link":""},"img":{"alt_text":"Schlafm\u00fctze Kr\u00e4utertee weisser Hintergrund","src":"https:\/\/i0.wp.com\/teasense.ch\/wp-content\/uploads\/2024\/10\/schlafmuetze-kraeutertee-weisser-hintergrund.png?resize=350%2C200&ssl=1","width":350,"height":200,"srcset":"https:\/\/i0.wp.com\/teasense.ch\/wp-content\/uploads\/2024\/10\/schlafmuetze-kraeutertee-weisser-hintergrund.png?resize=350%2C200&ssl=1 1x, https:\/\/i0.wp.com\/teasense.ch\/wp-content\/uploads\/2024\/10\/schlafmuetze-kraeutertee-weisser-hintergrund.png?resize=525%2C300&ssl=1 1.5x, https:\/\/i0.wp.com\/teasense.ch\/wp-content\/uploads\/2024\/10\/schlafmuetze-kraeutertee-weisser-hintergrund.png?resize=700%2C400&ssl=1 2x"},"classes":[]}],"jetpack_sharing_enabled":true,"jetpack_likes_enabled":false,"_links":{"self":[{"href":"https:\/\/teasense.ch\/fr\/wp-json\/wp\/v2\/product\/49990","targetHints":{"allow":["GET"]}}],"collection":[{"href":"https:\/\/teasense.ch\/fr\/wp-json\/wp\/v2\/product"}],"about":[{"href":"https:\/\/teasense.ch\/fr\/wp-json\/wp\/v2\/types\/product"}],"replies":[{"embeddable":true,"href":"https:\/\/teasense.ch\/fr\/wp-json\/wp\/v2\/comments?post=49990"}],"wp:featuredmedia":[{"embeddable":true,"href":"https:\/\/teasense.ch\/fr\/wp-json\/wp\/v2\/media\/38581"}],"wp:attachment":[{"href":"https:\/\/teasense.ch\/fr\/wp-json\/wp\/v2\/media?parent=49990"}],"wp:term":[{"taxonomy":"product_brand","embeddable":true,"href":"https:\/\/teasense.ch\/fr\/wp-json\/wp\/v2\/product_brand?post=49990"},{"taxonomy":"product_cat","embeddable":true,"href":"https:\/\/teasense.ch\/fr\/wp-json\/wp\/v2\/product_cat?post=49990"},{"taxonomy":"product_tag","embeddable":true,"href":"https:\/\/teasense.ch\/fr\/wp-json\/wp\/v2\/product_tag?post=49990"}],"curies":[{"name":"wp","href":"https:\/\/api.w.org\/{rel}","templated":true}]}}