{"id":50005,"date":"2023-10-24T16:30:42","date_gmt":"2023-10-24T14:30:42","guid":{"rendered":"https:\/\/teasense.ch\/produkt\/rooibos-nature\/"},"modified":"2026-05-06T15:26:57","modified_gmt":"2026-05-06T13:26:57","slug":"rooibos-nature","status":"publish","type":"product","link":"https:\/\/teasense.ch\/fr\/produit\/rooibos-nature\/","title":{"rendered":"Rooibos nature"},"content":{"rendered":"<h2>Rooibos nature \u2013 le go\u00fbt authentique d\u2019Afrique du Sud<\/h2>\n<p>Notre rooibos nature est id\u00e9al pour les amateurs de th\u00e9 qui appr\u00e9cient les saveurs authentiques et naturelles. Sans additifs ni ar\u00f4mes artificiels, il s\u00e9duit par son go\u00fbt doux et l\u00e9g\u00e8rement sucr\u00e9.<\/p>\n<h3>\u00c0 savourer chaud ou glac\u00e9<\/h3>\n<p>Naturellement sans caf\u00e9ine, le rooibos accompagne parfaitement chaque moment de la journ\u00e9e, chaud comme glac\u00e9.<\/p>\n<p>Sa qualit\u00e9 pure en fait un excellent choix pour des pauses th\u00e9 simples et naturelles.<\/p>\n<h3>Pr\u00e9paration<\/h3>\n<p>Utiliser environ 1 c.\u00e0.c (2\u20133 g) par tasse. Verser de l\u2019eau \u00e0 95\u2013100 \u00b0C et laisser infuser 5\u20137 minutes.<\/p>\n<h3>Conservation<\/h3>\n<ul>\n<li>Conserver dans un r\u00e9cipient herm\u00e9tique.<\/li>\n<li>Tenir \u00e9loign\u00e9 des odeurs fortes.<\/li>\n<li>Stocker dans un endroit frais et sec.<\/li>\n<\/ul>\n<p><strong>Ingr\u00e9dients<\/strong><br \/>\n100 % rooibos<\/p>\n","protected":false},"excerpt":{"rendered":"<p>Aspalathus linearis<\/p>\n<h3>Pr\u00e9paration rooibos nature<\/h3>\n<p>\ud83e\udd44 1 c.\u00e0.c (env. 2\u20133 g) par tasse<br \/>\n\ud83c\udf21\ufe0f 100 \u00b0C<br \/>\n\u23f3 5\u20137 minutes<\/p>\n","protected":false},"featured_media":38567,"comment_status":"open","ping_status":"closed","template":"","meta":{"_et_pb_use_builder":"","_et_pb_old_content":"","_et_gb_content_width":""},"product_brand":[],"product_cat":[424,375,380,348],"product_tag":[],"class_list":{"0":"post-50005","1":"product","2":"type-product","3":"status-publish","4":"has-post-thumbnail","6":"product_cat-rooibos","7":"product_cat-the-en-vrac","8":"product_cat-tisane","9":"product_cat-tous-produits","10":"pa_herkunft-afrique-du-sud","11":"pa_weight-100-g","12":"pa_weight-200-g","13":"pa_weight-400-g","14":"pa_weight-50-g","16":"first","17":"instock","18":"shipping-taxable","19":"purchasable","20":"product-type-variable","21":"has-default-attributes","22":"add-to-wishlist-before_image"},"yoast_head":"<!-- This site is optimized with the Yoast SEO plugin v27.5 - https:\/\/yoast.com\/product\/yoast-seo-wordpress\/ -->\n<title>Rooibos nature - TeaSense.ch<\/title>\n<meta name=\"description\" content=\"Rooibos nature d\u2019Afrique du Sud \u2013 naturellement sans caf\u00e9ine avec un go\u00fbt doux et agr\u00e9able. D\u00e9licieux chaud ou glac\u00e9. \ud83c\udf42\" \/>\n<meta name=\"robots\" content=\"index, follow, max-snippet:-1, max-image-preview:large, max-video-preview:-1\" \/>\n<link rel=\"canonical\" href=\"https:\/\/teasense.ch\/fr\/produit\/rooibos-nature\/\" \/>\n<meta property=\"og:locale\" content=\"fr_FR\" \/>\n<meta property=\"og:type\" content=\"article\" \/>\n<meta property=\"og:title\" content=\"Rooibos nature - TeaSense.ch\" \/>\n<meta property=\"og:description\" content=\"Rooibos nature d\u2019Afrique du Sud \u2013 naturellement sans caf\u00e9ine avec un go\u00fbt doux et agr\u00e9able. D\u00e9licieux chaud ou glac\u00e9. \ud83c\udf42\" \/>\n<meta property=\"og:url\" content=\"https:\/\/teasense.ch\/fr\/produit\/rooibos-nature\/\" \/>\n<meta property=\"og:site_name\" content=\"TeaSense.ch\" \/>\n<meta property=\"article:publisher\" content=\"https:\/\/www.facebook.com\/teasense.ch\" \/>\n<meta property=\"article:modified_time\" content=\"2026-05-06T13:26:57+00:00\" \/>\n<meta property=\"og:image\" content=\"https:\/\/teasense.ch\/wp-content\/uploads\/2025\/02\/hibiskus-tee-lose-und-aufgegossen-in-Tassen.png\" \/>\n\t<meta property=\"og:image:width\" content=\"800\" \/>\n\t<meta property=\"og:image:height\" content=\"800\" \/>\n\t<meta property=\"og:image:type\" content=\"image\/png\" \/>\n<meta name=\"twitter:card\" content=\"summary_large_image\" \/>\n<meta name=\"twitter:label1\" content=\"Est. reading time\" \/>\n\t<meta name=\"twitter:data1\" content=\"1 minute\" \/>\n<!-- \/ Yoast SEO plugin. -->","yoast_head_json":{"title":"Rooibos nature - TeaSense.ch","description":"Rooibos nature d\u2019Afrique du Sud \u2013 naturellement sans caf\u00e9ine avec un go\u00fbt doux et agr\u00e9able. D\u00e9licieux chaud ou glac\u00e9. \ud83c\udf42","robots":{"index":"index","follow":"follow","max-snippet":"max-snippet:-1","max-image-preview":"max-image-preview:large","max-video-preview":"max-video-preview:-1"},"canonical":"https:\/\/teasense.ch\/fr\/produit\/rooibos-nature\/","og_locale":"fr_FR","og_type":"article","og_title":"Rooibos nature - TeaSense.ch","og_description":"Rooibos nature d\u2019Afrique du Sud \u2013 naturellement sans caf\u00e9ine avec un go\u00fbt doux et agr\u00e9able. D\u00e9licieux chaud ou glac\u00e9. \ud83c\udf42","og_url":"https:\/\/teasense.ch\/fr\/produit\/rooibos-nature\/","og_site_name":"TeaSense.ch","article_publisher":"https:\/\/www.facebook.com\/teasense.ch","article_modified_time":"2026-05-06T13:26:57+00:00","og_image":[{"width":800,"height":800,"url":"https:\/\/teasense.ch\/wp-content\/uploads\/2025\/02\/hibiskus-tee-lose-und-aufgegossen-in-Tassen.png","type":"image\/png"}],"twitter_card":"summary_large_image","twitter_misc":{"Est. reading time":"1 minute"},"schema":{"@context":"https:\/\/schema.org","@graph":[{"@type":"WebPage","@id":"https:\/\/teasense.ch\/fr\/produit\/rooibos-nature\/","url":"https:\/\/teasense.ch\/fr\/produit\/rooibos-nature\/","name":"Rooibos nature - TeaSense.ch","isPartOf":{"@id":"https:\/\/teasense.ch\/fr\/#website"},"primaryImageOfPage":{"@id":"https:\/\/teasense.ch\/fr\/produit\/rooibos-nature\/#primaryimage"},"image":{"@id":"https:\/\/teasense.ch\/fr\/produit\/rooibos-nature\/#primaryimage"},"thumbnailUrl":"https:\/\/teasense.ch\/wp-content\/uploads\/2023\/10\/rooibusch-plain.jpg","datePublished":"2023-10-24T14:30:42+00:00","dateModified":"2026-05-06T13:26:57+00:00","description":"Rooibos nature d\u2019Afrique du Sud \u2013 naturellement sans caf\u00e9ine avec un go\u00fbt doux et agr\u00e9able. D\u00e9licieux chaud ou glac\u00e9. \ud83c\udf42","breadcrumb":{"@id":"https:\/\/teasense.ch\/fr\/produit\/rooibos-nature\/#breadcrumb"},"inLanguage":"fr-CH","potentialAction":[{"@type":"ReadAction","target":["https:\/\/teasense.ch\/fr\/produit\/rooibos-nature\/"]}]},{"@type":"ImageObject","inLanguage":"fr-CH","@id":"https:\/\/teasense.ch\/fr\/produit\/rooibos-nature\/#primaryimage","url":"https:\/\/teasense.ch\/wp-content\/uploads\/2023\/10\/rooibusch-plain.jpg","contentUrl":"https:\/\/teasense.ch\/wp-content\/uploads\/2023\/10\/rooibusch-plain.jpg","width":800,"height":800,"caption":"Rooibos loser Tee mit weissem Hintergrund."},{"@type":"BreadcrumbList","@id":"https:\/\/teasense.ch\/fr\/produit\/rooibos-nature\/#breadcrumb","itemListElement":[{"@type":"ListItem","position":1,"name":"Startseite","item":"https:\/\/teasense.ch\/fr\/"},{"@type":"ListItem","position":2,"name":"Boutique de th\u00e9 en ligne","item":"https:\/\/teasense.ch\/fr\/shop\/"},{"@type":"ListItem","position":3,"name":"Rooibos nature"}]},{"@type":"WebSite","@id":"https:\/\/teasense.ch\/fr\/#website","url":"https:\/\/teasense.ch\/fr\/","name":"TeaSense.ch","description":"Nat\u00fcrliche Teemischungen und klassischer Tee","publisher":{"@id":"https:\/\/teasense.ch\/fr\/#organization"},"alternateName":"TeaSense","potentialAction":[{"@type":"SearchAction","target":{"@type":"EntryPoint","urlTemplate":"https:\/\/teasense.ch\/fr\/?s={search_term_string}"},"query-input":{"@type":"PropertyValueSpecification","valueRequired":true,"valueName":"search_term_string"}}],"inLanguage":"fr-CH"},{"@type":"Organization","@id":"https:\/\/teasense.ch\/fr\/#organization","name":"Reale Selection","alternateName":"TeaSense.ch","url":"https:\/\/teasense.ch\/fr\/","logo":{"@type":"ImageObject","inLanguage":"fr-CH","@id":"https:\/\/teasense.ch\/fr\/#\/schema\/logo\/image\/","url":"https:\/\/teasense.ch\/wp-content\/uploads\/2023\/07\/cropped-logo-teasense-kategorie-onlineshop-alle-produkte.jpg","contentUrl":"https:\/\/teasense.ch\/wp-content\/uploads\/2023\/07\/cropped-logo-teasense-kategorie-onlineshop-alle-produkte.jpg","width":512,"height":512,"caption":"Reale Selection"},"image":{"@id":"https:\/\/teasense.ch\/fr\/#\/schema\/logo\/image\/"},"sameAs":["https:\/\/www.facebook.com\/teasense.ch"]}]}},"jetpack-related-posts":[{"id":49777,"url":"https:\/\/teasense.ch\/fr\/produit\/honeybush-naturel\/","url_meta":{"origin":50005,"position":0},"title":"Honeybush naturel","author":"Reale Selection","date":"25 February 2025","format":false,"excerpt":"Pr\u00e9paration honeybush \ud83e\udd44 1 c.\u00e0.c bomb\u00e9e (env. 2 g) pour 200 ml d\u2019eau \ud83c\udf21\ufe0f 100 \u00b0C \u23f3 7\u201310 minutes Astuce \ud83d\udca1 Prolonge l\u2019infusion pour plus d\u2019intensit\u00e9.","rel":"","context":"Similar post","block_context":{"text":"Similar post","link":""},"img":{"alt_text":"Honeybush Natur \u2013 Spezialit\u00e4t aus S\u00fcdafrika","src":"https:\/\/i0.wp.com\/teasense.ch\/wp-content\/uploads\/2025\/02\/Honeybush-Natur-%E2%80%93-Spezialitaet-aus-Suedafrika-im-Tee-Shop-Schweiz.png?resize=350%2C200&ssl=1","width":350,"height":200,"srcset":"https:\/\/i0.wp.com\/teasense.ch\/wp-content\/uploads\/2025\/02\/Honeybush-Natur-%E2%80%93-Spezialitaet-aus-Suedafrika-im-Tee-Shop-Schweiz.png?resize=350%2C200&ssl=1 1x, https:\/\/i0.wp.com\/teasense.ch\/wp-content\/uploads\/2025\/02\/Honeybush-Natur-%E2%80%93-Spezialitaet-aus-Suedafrika-im-Tee-Shop-Schweiz.png?resize=525%2C300&ssl=1 1.5x, https:\/\/i0.wp.com\/teasense.ch\/wp-content\/uploads\/2025\/02\/Honeybush-Natur-%E2%80%93-Spezialitaet-aus-Suedafrika-im-Tee-Shop-Schweiz.png?resize=700%2C400&ssl=1 2x"},"classes":[]},{"id":49621,"url":"https:\/\/teasense.ch\/fr\/produit\/the-vert-jasmin-chine\/","url_meta":{"origin":50005,"position":1},"title":"Th\u00e9 vert jasmin de Chine","author":"Reale Selection","date":"27 February 2025","format":false,"excerpt":"Th\u00e9 vert parfum\u00e9 naturellement au jasmin Pr\u00e9paration Th\u00e9 vert jasmin de Chine \ud83e\udd44 1 c.\u00e0.c pour 200 ml d\u2019eau \ud83c\udf21\ufe0f 75 - 80 \u00b0C \u23f3 2 - 3 minutes","rel":"","context":"Similar post","block_context":{"text":"Similar post","link":""},"img":{"alt_text":"China Jasmin Gr\u00fcntee","src":"https:\/\/i0.wp.com\/teasense.ch\/wp-content\/uploads\/2025\/02\/China-Jasmin-Gruentee.png?resize=350%2C200&ssl=1","width":350,"height":200,"srcset":"https:\/\/i0.wp.com\/teasense.ch\/wp-content\/uploads\/2025\/02\/China-Jasmin-Gruentee.png?resize=350%2C200&ssl=1 1x, https:\/\/i0.wp.com\/teasense.ch\/wp-content\/uploads\/2025\/02\/China-Jasmin-Gruentee.png?resize=525%2C300&ssl=1 1.5x, https:\/\/i0.wp.com\/teasense.ch\/wp-content\/uploads\/2025\/02\/China-Jasmin-Gruentee.png?resize=700%2C400&ssl=1 2x"},"classes":[]},{"id":49707,"url":"https:\/\/teasense.ch\/fr\/produit\/menthe-verte\/","url_meta":{"origin":50005,"position":2},"title":"Menthe verte","author":"Reale Selection","date":"21 October 2024","format":false,"excerpt":"Pr\u00e9paration menthe verte \ud83e\udd44 1 - 2 c.\u00e0.c par tasse \ud83c\udf21\ufe0f 100 \u00b0C \u23f3 6 - 10 minutes","rel":"","context":"Similar post","block_context":{"text":"Similar post","link":""},"img":{"alt_text":"Spearmint lose Minze","src":"https:\/\/i0.wp.com\/teasense.ch\/wp-content\/uploads\/2024\/10\/spearmint.png?resize=350%2C200&ssl=1","width":350,"height":200,"srcset":"https:\/\/i0.wp.com\/teasense.ch\/wp-content\/uploads\/2024\/10\/spearmint.png?resize=350%2C200&ssl=1 1x, https:\/\/i0.wp.com\/teasense.ch\/wp-content\/uploads\/2024\/10\/spearmint.png?resize=525%2C300&ssl=1 1.5x, https:\/\/i0.wp.com\/teasense.ch\/wp-content\/uploads\/2024\/10\/spearmint.png?resize=700%2C400&ssl=1 2x"},"classes":[]},{"id":49638,"url":"https:\/\/teasense.ch\/fr\/produit\/the-noir-nilgiri-op-parkside\/","url_meta":{"origin":50005,"position":3},"title":"Th\u00e9 noir Nilgiri OP Parkside","author":"Reale Selection","date":"27 February 2025","format":false,"excerpt":"Th\u00e9 noir des montagnes Nilgiri en Inde du Sud Pr\u00e9paration Th\u00e9 noir Nilgiri OP Parkside \ud83e\udd44 1 c.\u00e0.c (env. 2 g) pour 200 ml d\u2019eau \ud83c\udf21\ufe0f 90 - 95 \u00b0C \u23f3 3 - 5 minutes","rel":"","context":"Similar post","block_context":{"text":"Similar post","link":""},"img":{"alt_text":"Nilgiri OP Parkside \u2013 S\u00fcdindien Schwarztee Loser Tee von den Nilgiri Bergen","src":"https:\/\/i0.wp.com\/teasense.ch\/wp-content\/uploads\/2025\/02\/Schwarztee-Suedindien.png?resize=350%2C200&ssl=1","width":350,"height":200,"srcset":"https:\/\/i0.wp.com\/teasense.ch\/wp-content\/uploads\/2025\/02\/Schwarztee-Suedindien.png?resize=350%2C200&ssl=1 1x, https:\/\/i0.wp.com\/teasense.ch\/wp-content\/uploads\/2025\/02\/Schwarztee-Suedindien.png?resize=525%2C300&ssl=1 1.5x, https:\/\/i0.wp.com\/teasense.ch\/wp-content\/uploads\/2025\/02\/Schwarztee-Suedindien.png?resize=700%2C400&ssl=1 2x"},"classes":[]},{"id":50035,"url":"https:\/\/teasense.ch\/fr\/produit\/petales-de-rose-seches\/","url_meta":{"origin":50005,"position":4},"title":"P\u00e9tales de rose s\u00e9ch\u00e9s","author":"Reale Selection","date":"15 October 2023","format":false,"excerpt":"Infusion de la famille des Rosaceae Pr\u00e9paration infusion p\u00e9tales de rose \ud83e\udd44 1\u20132 c.\u00e0.c par tasse (150 ml) \ud83c\udf21\ufe0f 100 \u00b0C \u23f3 5\u201310 minutes","rel":"","context":"Similar post","block_context":{"text":"Similar post","link":""},"img":{"alt_text":"Rosenbl\u00fcten mit weissem Hintergrund f\u00fcr die Verwendung von Tee und Gerichte.","src":"https:\/\/i0.wp.com\/teasense.ch\/wp-content\/uploads\/2023\/10\/rosenblueten-plain.jpg?resize=350%2C200&ssl=1","width":350,"height":200,"srcset":"https:\/\/i0.wp.com\/teasense.ch\/wp-content\/uploads\/2023\/10\/rosenblueten-plain.jpg?resize=350%2C200&ssl=1 1x, https:\/\/i0.wp.com\/teasense.ch\/wp-content\/uploads\/2023\/10\/rosenblueten-plain.jpg?resize=525%2C300&ssl=1 1.5x, https:\/\/i0.wp.com\/teasense.ch\/wp-content\/uploads\/2023\/10\/rosenblueten-plain.jpg?resize=700%2C400&ssl=1 2x"},"classes":[]},{"id":49764,"url":"https:\/\/teasense.ch\/fr\/produit\/morceaux-dananas-sechee\/","url_meta":{"origin":50005,"position":5},"title":"Morceaux d\u2019ananas s\u00e9ch\u00e9e","author":"Reale Selection","date":"26 February 2025","format":false,"excerpt":"Pr\u00e9paration ananas en infusion \ud83e\udd44 1 - 2 c.\u00e0.c pour 250 ml d\u2019eau \ud83c\udf21\ufe0f 100 \u00b0C \u23f3 10 - 15 minutes Astuce \ud83d\udca1 Faire tremper les morceaux avant infusion pour plus d\u2019intensit\u00e9.","rel":"","context":"Similar post","block_context":{"text":"Similar post","link":""},"img":{"alt_text":"Ananasst\u00fccke aus Thailand gezuckert","src":"https:\/\/i0.wp.com\/teasense.ch\/wp-content\/uploads\/2025\/02\/Ananasstuecke.png?resize=350%2C200&ssl=1","width":350,"height":200,"srcset":"https:\/\/i0.wp.com\/teasense.ch\/wp-content\/uploads\/2025\/02\/Ananasstuecke.png?resize=350%2C200&ssl=1 1x, https:\/\/i0.wp.com\/teasense.ch\/wp-content\/uploads\/2025\/02\/Ananasstuecke.png?resize=525%2C300&ssl=1 1.5x, https:\/\/i0.wp.com\/teasense.ch\/wp-content\/uploads\/2025\/02\/Ananasstuecke.png?resize=700%2C400&ssl=1 2x"},"classes":[]}],"jetpack_sharing_enabled":true,"jetpack_likes_enabled":false,"_links":{"self":[{"href":"https:\/\/teasense.ch\/fr\/wp-json\/wp\/v2\/product\/50005","targetHints":{"allow":["GET"]}}],"collection":[{"href":"https:\/\/teasense.ch\/fr\/wp-json\/wp\/v2\/product"}],"about":[{"href":"https:\/\/teasense.ch\/fr\/wp-json\/wp\/v2\/types\/product"}],"replies":[{"embeddable":true,"href":"https:\/\/teasense.ch\/fr\/wp-json\/wp\/v2\/comments?post=50005"}],"wp:featuredmedia":[{"embeddable":true,"href":"https:\/\/teasense.ch\/fr\/wp-json\/wp\/v2\/media\/38567"}],"wp:attachment":[{"href":"https:\/\/teasense.ch\/fr\/wp-json\/wp\/v2\/media?parent=50005"}],"wp:term":[{"taxonomy":"product_brand","embeddable":true,"href":"https:\/\/teasense.ch\/fr\/wp-json\/wp\/v2\/product_brand?post=50005"},{"taxonomy":"product_cat","embeddable":true,"href":"https:\/\/teasense.ch\/fr\/wp-json\/wp\/v2\/product_cat?post=50005"},{"taxonomy":"product_tag","embeddable":true,"href":"https:\/\/teasense.ch\/fr\/wp-json\/wp\/v2\/product_tag?post=50005"}],"curies":[{"name":"wp","href":"https:\/\/api.w.org\/{rel}","templated":true}]}}