{"id":50035,"date":"2023-10-15T19:42:18","date_gmt":"2023-10-15T17:42:18","guid":{"rendered":"https:\/\/teasense.ch\/produkt\/petales-de-rose-seches\/"},"modified":"2026-05-06T16:17:08","modified_gmt":"2026-05-06T14:17:08","slug":"petales-de-rose-seches","status":"publish","type":"product","link":"https:\/\/teasense.ch\/fr\/produit\/petales-de-rose-seches\/","title":{"rendered":"P\u00e9tales de rose s\u00e9ch\u00e9s"},"content":{"rendered":"<h2>Acheter des p\u00e9tales de rose s\u00e9ch\u00e9s<\/h2>\n<p><strong>\u00c9l\u00e9gance et plaisir<\/strong><\/p>\n<p>Les p\u00e9tales de rose sont une magnifique d\u00e9coration naturelle et un ingr\u00e9dient raffin\u00e9 pour les infusions, desserts et recettes cr\u00e9atives.<\/p>\n<p>Leur parfum floral d\u00e9licat est appr\u00e9ci\u00e9 depuis des si\u00e8cles dans les cuisines persane, turque et europ\u00e9enne.<\/p>\n<h3>Infusion de p\u00e9tales de rose<\/h3>\n<p>Dans l\u2019eau chaude, les p\u00e9tales de rose s\u00e9ch\u00e9s d\u00e9veloppent un ar\u00f4me floral d\u00e9licat et agr\u00e9able. L\u2019infusion se d\u00e9guste chaude ou glac\u00e9e.<\/p>\n<p><strong>Pr\u00e9paration :<\/strong> Ajouter 1\u20132 c.\u00e0.c dans une tasse (150 ml) d\u2019eau bouillante et laisser infuser 5\u201310 minutes \u00e0 couvert.<\/p>\n<h3>Utilisation culinaire<\/h3>\n<p>Les p\u00e9tales de rose apportent une touche florale \u00e9l\u00e9gante \u00e0 :<\/p>\n<ul>\n<li>G\u00e2teaux, biscuits et desserts<\/li>\n<li>Mueslis, smoothies et yaourts<\/li>\n<li>Plats orientaux et m\u00e9diterran\u00e9ens<\/li>\n<li>Eau de rose, sirops ou confitures maison<\/li>\n<\/ul>\n<p>Associ\u00e9s \u00e0 la cardamome, la cannelle ou la vanille, ils cr\u00e9ent des saveurs raffin\u00e9es.<\/p>\n<h3>Recette eau de rose<\/h3>\n<p>Verser 20 g de p\u00e9tales s\u00e9ch\u00e9s dans un bol et couvrir avec 1 litre d\u2019eau bouillante. Laisser infuser environ une heure.<\/p>\n<p>Filtrer, refaire bouillir puis ajouter \u00e0 nouveau 20 g de p\u00e9tales. Laisser infuser encore une heure puis filtrer. \ud83c\udf39<\/p>\n","protected":false},"excerpt":{"rendered":"<p>Infusion de la famille des Rosaceae<\/p>\n<h4>Pr\u00e9paration infusion p\u00e9tales de rose<\/h4>\n<p>\ud83e\udd44 1\u20132 c.\u00e0.c par tasse (150 ml)<br \/>\n\ud83c\udf21\ufe0f 100 \u00b0C<br \/>\n\u23f3 5\u201310 minutes<\/p>\n","protected":false},"featured_media":38035,"comment_status":"closed","ping_status":"closed","template":"","meta":{"_et_pb_use_builder":"","_et_pb_old_content":"","_et_gb_content_width":""},"product_brand":[],"product_cat":[394,442,375,403,348],"product_tag":[],"class_list":{"0":"post-50035","1":"product","2":"type-product","3":"status-publish","4":"has-post-thumbnail","6":"product_cat-fruits-epices","7":"product_cat-monoherbes","8":"product_cat-the-en-vrac","9":"product_cat-tisanes-fleurs","10":"product_cat-tous-produits","11":"pa_herkunft-pakistan","12":"pa_weight-100-g","13":"pa_weight-20-g","14":"pa_weight-200-g","15":"pa_weight-50-g","17":"first","18":"instock","19":"shipping-taxable","20":"purchasable","21":"product-type-variable","22":"has-default-attributes","23":"add-to-wishlist-before_image"},"yoast_head":"<!-- This site is optimized with the Yoast SEO plugin v27.5 - https:\/\/yoast.com\/product\/yoast-seo-wordpress\/ -->\n<title>P\u00e9tales de rose s\u00e9ch\u00e9s - TeaSense.ch - Tee Shop Schweiz<\/title>\n<meta name=\"description\" content=\"P\u00e9tales de rose s\u00e9ch\u00e9s pour infusion, desserts et recettes cr\u00e9atives. Ar\u00f4me floral d\u00e9licat pour eau de rose et th\u00e9. \ud83c\udf39\" \/>\n<meta name=\"robots\" content=\"index, follow, max-snippet:-1, max-image-preview:large, max-video-preview:-1\" \/>\n<link rel=\"canonical\" href=\"https:\/\/teasense.ch\/fr\/produit\/petales-de-rose-seches\/\" \/>\n<meta property=\"og:locale\" content=\"fr_FR\" \/>\n<meta property=\"og:type\" content=\"article\" \/>\n<meta property=\"og:title\" content=\"P\u00e9tales de rose s\u00e9ch\u00e9s - TeaSense.ch - Tee Shop Schweiz\" \/>\n<meta property=\"og:description\" content=\"P\u00e9tales de rose s\u00e9ch\u00e9s pour infusion, desserts et recettes cr\u00e9atives. Ar\u00f4me floral d\u00e9licat pour eau de rose et th\u00e9. \ud83c\udf39\" \/>\n<meta property=\"og:url\" content=\"https:\/\/teasense.ch\/fr\/produit\/petales-de-rose-seches\/\" \/>\n<meta property=\"og:site_name\" content=\"TeaSense.ch - Tee Shop Schweiz\" \/>\n<meta property=\"article:publisher\" content=\"https:\/\/www.facebook.com\/teasense.ch\" \/>\n<meta property=\"article:modified_time\" content=\"2026-05-06T14:17:08+00:00\" \/>\n<meta property=\"og:image\" content=\"https:\/\/teasense.ch\/wp-content\/uploads\/2025\/02\/hibiskus-tee-lose-und-aufgegossen-in-Tassen.png\" \/>\n\t<meta property=\"og:image:width\" content=\"800\" \/>\n\t<meta property=\"og:image:height\" content=\"800\" \/>\n\t<meta property=\"og:image:type\" content=\"image\/png\" \/>\n<meta name=\"twitter:card\" content=\"summary_large_image\" \/>\n<meta name=\"twitter:label1\" content=\"Est. reading time\" \/>\n\t<meta name=\"twitter:data1\" content=\"1 minute\" \/>\n<!-- \/ Yoast SEO plugin. -->","yoast_head_json":{"title":"P\u00e9tales de rose s\u00e9ch\u00e9s - TeaSense.ch - Tee Shop Schweiz","description":"P\u00e9tales de rose s\u00e9ch\u00e9s pour infusion, desserts et recettes cr\u00e9atives. Ar\u00f4me floral d\u00e9licat pour eau de rose et th\u00e9. \ud83c\udf39","robots":{"index":"index","follow":"follow","max-snippet":"max-snippet:-1","max-image-preview":"max-image-preview:large","max-video-preview":"max-video-preview:-1"},"canonical":"https:\/\/teasense.ch\/fr\/produit\/petales-de-rose-seches\/","og_locale":"fr_FR","og_type":"article","og_title":"P\u00e9tales de rose s\u00e9ch\u00e9s - TeaSense.ch - Tee Shop Schweiz","og_description":"P\u00e9tales de rose s\u00e9ch\u00e9s pour infusion, desserts et recettes cr\u00e9atives. Ar\u00f4me floral d\u00e9licat pour eau de rose et th\u00e9. \ud83c\udf39","og_url":"https:\/\/teasense.ch\/fr\/produit\/petales-de-rose-seches\/","og_site_name":"TeaSense.ch - Tee Shop Schweiz","article_publisher":"https:\/\/www.facebook.com\/teasense.ch","article_modified_time":"2026-05-06T14:17:08+00:00","og_image":[{"width":800,"height":800,"url":"https:\/\/teasense.ch\/wp-content\/uploads\/2025\/02\/hibiskus-tee-lose-und-aufgegossen-in-Tassen.png","type":"image\/png"}],"twitter_card":"summary_large_image","twitter_misc":{"Est. reading time":"1 minute"},"schema":{"@context":"https:\/\/schema.org","@graph":[{"@type":"WebPage","@id":"https:\/\/teasense.ch\/fr\/produit\/petales-de-rose-seches\/","url":"https:\/\/teasense.ch\/fr\/produit\/petales-de-rose-seches\/","name":"P\u00e9tales de rose s\u00e9ch\u00e9s - TeaSense.ch - Tee Shop Schweiz","isPartOf":{"@id":"https:\/\/teasense.ch\/fr\/#website"},"primaryImageOfPage":{"@id":"https:\/\/teasense.ch\/fr\/produit\/petales-de-rose-seches\/#primaryimage"},"image":{"@id":"https:\/\/teasense.ch\/fr\/produit\/petales-de-rose-seches\/#primaryimage"},"thumbnailUrl":"https:\/\/teasense.ch\/wp-content\/uploads\/2023\/10\/rosenblueten-plain.jpg","datePublished":"2023-10-15T17:42:18+00:00","dateModified":"2026-05-06T14:17:08+00:00","description":"P\u00e9tales de rose s\u00e9ch\u00e9s pour infusion, desserts et recettes cr\u00e9atives. Ar\u00f4me floral d\u00e9licat pour eau de rose et th\u00e9. \ud83c\udf39","breadcrumb":{"@id":"https:\/\/teasense.ch\/fr\/produit\/petales-de-rose-seches\/#breadcrumb"},"inLanguage":"fr-CH","potentialAction":[{"@type":"ReadAction","target":["https:\/\/teasense.ch\/fr\/produit\/petales-de-rose-seches\/"]}]},{"@type":"ImageObject","inLanguage":"fr-CH","@id":"https:\/\/teasense.ch\/fr\/produit\/petales-de-rose-seches\/#primaryimage","url":"https:\/\/teasense.ch\/wp-content\/uploads\/2023\/10\/rosenblueten-plain.jpg","contentUrl":"https:\/\/teasense.ch\/wp-content\/uploads\/2023\/10\/rosenblueten-plain.jpg","width":800,"height":800,"caption":"Rosenbl\u00fcten mit weissem Hintergrund f\u00fcr die Verwendung von Tee und Gerichte."},{"@type":"BreadcrumbList","@id":"https:\/\/teasense.ch\/fr\/produit\/petales-de-rose-seches\/#breadcrumb","itemListElement":[{"@type":"ListItem","position":1,"name":"Startseite","item":"https:\/\/teasense.ch\/fr\/"},{"@type":"ListItem","position":2,"name":"Boutique de th\u00e9 en ligne","item":"https:\/\/teasense.ch\/fr\/shop\/"},{"@type":"ListItem","position":3,"name":"P\u00e9tales de rose s\u00e9ch\u00e9s"}]},{"@type":"WebSite","@id":"https:\/\/teasense.ch\/fr\/#website","url":"https:\/\/teasense.ch\/fr\/","name":"TeaSense.ch","description":"Nat\u00fcrliche Teemischungen und klassischer Tee","publisher":{"@id":"https:\/\/teasense.ch\/fr\/#organization"},"alternateName":"TeaSense","potentialAction":[{"@type":"SearchAction","target":{"@type":"EntryPoint","urlTemplate":"https:\/\/teasense.ch\/fr\/?s={search_term_string}"},"query-input":{"@type":"PropertyValueSpecification","valueRequired":true,"valueName":"search_term_string"}}],"inLanguage":"fr-CH"},{"@type":"Organization","@id":"https:\/\/teasense.ch\/fr\/#organization","name":"Reale Selection","alternateName":"TeaSense.ch","url":"https:\/\/teasense.ch\/fr\/","logo":{"@type":"ImageObject","inLanguage":"fr-CH","@id":"https:\/\/teasense.ch\/fr\/#\/schema\/logo\/image\/","url":"https:\/\/teasense.ch\/wp-content\/uploads\/2023\/07\/cropped-logo-teasense-kategorie-onlineshop-alle-produkte.jpg","contentUrl":"https:\/\/teasense.ch\/wp-content\/uploads\/2023\/07\/cropped-logo-teasense-kategorie-onlineshop-alle-produkte.jpg","width":512,"height":512,"caption":"Reale Selection"},"image":{"@id":"https:\/\/teasense.ch\/fr\/#\/schema\/logo\/image\/"},"sameAs":["https:\/\/www.facebook.com\/teasense.ch"]}]}},"jetpack-related-posts":[{"id":50218,"url":"https:\/\/teasense.ch\/fr\/produit\/tisane-des-sens\/","url_meta":{"origin":50035,"position":0},"title":"Tisane des Sens","author":"Reale Selection","date":"29. ao\u00fbt 2023","format":false,"excerpt":"Pr\u00e9paration Tisane des Sens \ud83e\udd44 2,5 g pour 200 ml d\u2019eau \ud83c\udf21\ufe0f 100 \u00b0C \u23f3 5\u20138 minutes","rel":"","context":"Similar post","block_context":{"text":"Similar post","link":""},"img":{"alt_text":"Sinneskr\u00e4uter Lose Teemischung","src":"https:\/\/i0.wp.com\/teasense.ch\/wp-content\/uploads\/2023\/08\/sinneskraeuter-teemischung-plain.jpg?resize=350%2C200&ssl=1","width":350,"height":200,"srcset":"https:\/\/i0.wp.com\/teasense.ch\/wp-content\/uploads\/2023\/08\/sinneskraeuter-teemischung-plain.jpg?resize=350%2C200&ssl=1 1x, https:\/\/i0.wp.com\/teasense.ch\/wp-content\/uploads\/2023\/08\/sinneskraeuter-teemischung-plain.jpg?resize=525%2C300&ssl=1 1.5x, https:\/\/i0.wp.com\/teasense.ch\/wp-content\/uploads\/2023\/08\/sinneskraeuter-teemischung-plain.jpg?resize=700%2C400&ssl=1 2x"},"classes":[]},{"id":50233,"url":"https:\/\/teasense.ch\/fr\/produit\/earl-grey-blue-royal\/","url_meta":{"origin":50035,"position":1},"title":"Earl Grey Blue Royal","author":"Reale Selection","date":"29. ao\u00fbt 2023","format":false,"excerpt":"Th\u00e9 noir naturellement aromatis\u00e9 Pr\u00e9paration Earl Grey Blue Royal \ud83e\udd44 2,5 g pour 200 ml d\u2019eau \ud83c\udf21\ufe0f 100 \u00b0C \u23f3 3\u20135 minutes","rel":"","context":"Similar post","block_context":{"text":"Similar post","link":""},"img":{"alt_text":"Lose Schwarzteemischung","src":"https:\/\/i0.wp.com\/teasense.ch\/wp-content\/uploads\/2023\/08\/earl-grey-blue-royal-plain.jpg?resize=350%2C200&ssl=1","width":350,"height":200,"srcset":"https:\/\/i0.wp.com\/teasense.ch\/wp-content\/uploads\/2023\/08\/earl-grey-blue-royal-plain.jpg?resize=350%2C200&ssl=1 1x, https:\/\/i0.wp.com\/teasense.ch\/wp-content\/uploads\/2023\/08\/earl-grey-blue-royal-plain.jpg?resize=525%2C300&ssl=1 1.5x, https:\/\/i0.wp.com\/teasense.ch\/wp-content\/uploads\/2023\/08\/earl-grey-blue-royal-plain.jpg?resize=700%2C400&ssl=1 2x"},"classes":[]},{"id":48568,"url":"https:\/\/teasense.ch\/fr\/produit\/melange-epices-curcuma\/","url_meta":{"origin":50035,"position":2},"title":"M\u00e9lange d\u2019\u00e9pices au curcuma","author":"Reale Selection","date":"22. October 2025","format":false,"excerpt":"Curcuma avec citronnelle, citron, gingembre et coriandre Id\u00e9al en infusion, en cuisine ou pour une boisson au curcuma Couleur dor\u00e9e, 100 % d\u2019ingr\u00e9dients naturels \u2013 sans additifs","rel":"","context":"Similar post","block_context":{"text":"Similar post","link":""},"img":{"alt_text":"Kurkuma Gew\u00fcrz-Mix Zitronengras, Zitrone, Ingwer und Koriander","src":"https:\/\/i0.wp.com\/teasense.ch\/wp-content\/uploads\/2025\/09\/kurkuma-zitrone-1.png?resize=350%2C200&ssl=1","width":350,"height":200,"srcset":"https:\/\/i0.wp.com\/teasense.ch\/wp-content\/uploads\/2025\/09\/kurkuma-zitrone-1.png?resize=350%2C200&ssl=1 1x, https:\/\/i0.wp.com\/teasense.ch\/wp-content\/uploads\/2025\/09\/kurkuma-zitrone-1.png?resize=525%2C300&ssl=1 1.5x, https:\/\/i0.wp.com\/teasense.ch\/wp-content\/uploads\/2025\/09\/kurkuma-zitrone-1.png?resize=700%2C400&ssl=1 2x"},"classes":[]},{"id":48631,"url":"https:\/\/teasense.ch\/fr\/produit\/tisane-feuilles-framboisier\/","url_meta":{"origin":50035,"position":3},"title":"Tisane de feuilles de framboisier","author":"Reale Selection","date":"13. October 2025","format":false,"excerpt":"Pr\u00e9paration feuilles de framboisier \ud83e\udd44 1-2 cuill\u00e8res \u00e0 caf\u00e9 pour 200 ml\ud83c\udf21\ufe0f 95 \u00b0C\u23f3 5-7 minutes","rel":"","context":"Similar post","block_context":{"text":"Similar post","link":""},"img":{"alt_text":"Himbeerbl\u00e4tter Tee \u2013 mild, aromatisch und wohlschmeckend","src":"https:\/\/i0.wp.com\/teasense.ch\/wp-content\/uploads\/2025\/10\/himbeerblaetter.png?resize=350%2C200&ssl=1","width":350,"height":200,"srcset":"https:\/\/i0.wp.com\/teasense.ch\/wp-content\/uploads\/2025\/10\/himbeerblaetter.png?resize=350%2C200&ssl=1 1x, https:\/\/i0.wp.com\/teasense.ch\/wp-content\/uploads\/2025\/10\/himbeerblaetter.png?resize=525%2C300&ssl=1 1.5x, https:\/\/i0.wp.com\/teasense.ch\/wp-content\/uploads\/2025\/10\/himbeerblaetter.png?resize=700%2C400&ssl=1 2x"},"classes":[]},{"id":48476,"url":"https:\/\/teasense.ch\/fr\/produit\/the-choco-menthe\/","url_meta":{"origin":50035,"position":4},"title":"Choco Menthe &#8211; M\u00e9lange de tisanes","author":"Reale Selection","date":"16. novembre 2025","format":false,"excerpt":"Pr\u00e9paration \ud83e\udd44 1 cuill\u00e8re \u00e0 caf\u00e9 (10\u201312 g par litre)\ud83c\udf21\ufe0f 100 \u00b0C\u23f3 5 - 8 minutes","rel":"","context":"Similar post","block_context":{"text":"Similar post","link":""},"img":{"alt_text":"Schoko Minze - Kr\u00e4uterteemischung","src":"https:\/\/i0.wp.com\/teasense.ch\/wp-content\/uploads\/2025\/11\/schoko-minze-kraeuterteemischung.png?resize=350%2C200&ssl=1","width":350,"height":200,"srcset":"https:\/\/i0.wp.com\/teasense.ch\/wp-content\/uploads\/2025\/11\/schoko-minze-kraeuterteemischung.png?resize=350%2C200&ssl=1 1x, https:\/\/i0.wp.com\/teasense.ch\/wp-content\/uploads\/2025\/11\/schoko-minze-kraeuterteemischung.png?resize=525%2C300&ssl=1 1.5x, https:\/\/i0.wp.com\/teasense.ch\/wp-content\/uploads\/2025\/11\/schoko-minze-kraeuterteemischung.png?resize=700%2C400&ssl=1 2x"},"classes":[]},{"id":50074,"url":"https:\/\/teasense.ch\/fr\/produit\/tisane-fraicheur\/","url_meta":{"origin":50035,"position":5},"title":"Tisane Fra\u00eecheur","author":"Reale Selection","date":"22. October 2023","format":false,"excerpt":"Infusion aux herbes go\u00fbt menthe-citron Pr\u00e9paration Tisane Fra\u00eecheur \ud83e\udd44 1\u20132 c.\u00e0.c par litre (14 g\/litre) \ud83c\udf21\ufe0f 100 \u00b0C \u23f3 5 minutes","rel":"","context":"Similar post","block_context":{"text":"Similar post","link":""},"img":{"alt_text":"Loser Koriander Teemischung","src":"https:\/\/i0.wp.com\/teasense.ch\/wp-content\/uploads\/2023\/10\/kraeuterteemischung-bleib-fresh-plain.jpg?resize=350%2C200&ssl=1","width":350,"height":200,"srcset":"https:\/\/i0.wp.com\/teasense.ch\/wp-content\/uploads\/2023\/10\/kraeuterteemischung-bleib-fresh-plain.jpg?resize=350%2C200&ssl=1 1x, https:\/\/i0.wp.com\/teasense.ch\/wp-content\/uploads\/2023\/10\/kraeuterteemischung-bleib-fresh-plain.jpg?resize=525%2C300&ssl=1 1.5x, https:\/\/i0.wp.com\/teasense.ch\/wp-content\/uploads\/2023\/10\/kraeuterteemischung-bleib-fresh-plain.jpg?resize=700%2C400&ssl=1 2x"},"classes":[]}],"jetpack_sharing_enabled":true,"jetpack_likes_enabled":false,"_links":{"self":[{"href":"https:\/\/teasense.ch\/fr\/wp-json\/wp\/v2\/product\/50035","targetHints":{"allow":["GET"]}}],"collection":[{"href":"https:\/\/teasense.ch\/fr\/wp-json\/wp\/v2\/product"}],"about":[{"href":"https:\/\/teasense.ch\/fr\/wp-json\/wp\/v2\/types\/product"}],"replies":[{"embeddable":true,"href":"https:\/\/teasense.ch\/fr\/wp-json\/wp\/v2\/comments?post=50035"}],"wp:featuredmedia":[{"embeddable":true,"href":"https:\/\/teasense.ch\/fr\/wp-json\/wp\/v2\/media\/38035"}],"wp:attachment":[{"href":"https:\/\/teasense.ch\/fr\/wp-json\/wp\/v2\/media?parent=50035"}],"wp:term":[{"taxonomy":"product_brand","embeddable":true,"href":"https:\/\/teasense.ch\/fr\/wp-json\/wp\/v2\/product_brand?post=50035"},{"taxonomy":"product_cat","embeddable":true,"href":"https:\/\/teasense.ch\/fr\/wp-json\/wp\/v2\/product_cat?post=50035"},{"taxonomy":"product_tag","embeddable":true,"href":"https:\/\/teasense.ch\/fr\/wp-json\/wp\/v2\/product_tag?post=50035"}],"curies":[{"name":"wp","href":"https:\/\/api.w.org\/{rel}","templated":true}]}}