{"id":50050,"date":"2023-10-15T20:36:40","date_gmt":"2023-10-15T18:36:40","guid":{"rendered":"https:\/\/teasense.ch\/produkt\/infusion-aux-herbes-sans-arome\/"},"modified":"2026-05-06T16:24:11","modified_gmt":"2026-05-06T14:24:11","slug":"infusion-aux-herbes-sans-arome","status":"publish","type":"product","link":"https:\/\/teasense.ch\/fr\/produit\/infusion-aux-herbes-sans-arome\/","title":{"rendered":"Infusion aux herbes sans ar\u00f4me"},"content":{"rendered":"<h2>Infusion aux herbes sans ar\u00f4me \u2013 une composition harmonieuse<\/h2>\n<p>D\u00e9couvre une infusion \u00e9quilibr\u00e9e associant des notes fruit\u00e9es, florales et \u00e9pic\u00e9es dans une composition naturelle et raffin\u00e9e.<\/p>\n<p>Cette infusion r\u00e9unit feuilles de framboisier, fenouil, \u00e9corces de cynorrhodon et morceaux de pomme avec de la menthe poivr\u00e9e, du plantain et diff\u00e9rentes fleurs.<\/p>\n<h3>Un m\u00e9lange de plantes, fruits et \u00e9pices<\/h3>\n<p>Les notes douces et fruit\u00e9es rencontrent une fra\u00eecheur v\u00e9g\u00e9tale agr\u00e9able et des \u00e9pices chaleureuses comme la cannelle, le gingembre et le clou de girofle.<\/p>\n<p>Les feuilles de m\u00fbrier et de fraisier ainsi que la m\u00e9lisse apportent profondeur et \u00e9quilibre.<\/p>\n<h3>Un plaisir floral pour les sens<\/h3>\n<p>Les fleurs de tournesol, calendula, sureau, rose et mol\u00e8ne cr\u00e9ent une infusion aussi belle qu\u2019aromatique.<\/p>\n<h3>Parfaite en toute saison<\/h3>\n<p>Cette infusion se d\u00e9guste chaude pendant les journ\u00e9es fra\u00eeches ou glac\u00e9e durant l\u2019\u00e9t\u00e9.<\/p>\n<p><strong>Pr\u00e9paration<\/strong><br \/>\nUtiliser 1\u20132 c.\u00e0.c par tasse (200 ml), verser de l\u2019eau bouillante (100 \u00b0C) et laisser infuser 6\u20138 minutes.<\/p>\n<h4>Ingr\u00e9dients infusion aux herbes sans ar\u00f4me<\/h4>\n<p>M\u00e9lange de plantes sans ar\u00f4me, feuilles de framboisier, fenouil, \u00e9corces de cynorrhodon, morceaux de pomme, anis, feuilles de m\u00fbrier, feuilles de fraisier, plantain, menthe poivr\u00e9e, fleurs de tournesol, fleurs de calendula, fleurs de sureau, m\u00e9lisse, p\u00e9tales de rose, fleurs de mol\u00e8ne, \u00e9corces d\u2019orange, cannelle, clous de girofle, morceaux de gingembre, b\u00e2tons de cannelle<\/p>\n","protected":false},"excerpt":{"rendered":"<h4>Pr\u00e9paration infusion aux herbes sans ar\u00f4me<\/h4>\n<p>\ud83e\udd44 1\u20132 c.\u00e0.c par tasse<br \/>\n\ud83c\udf21\ufe0f 100 \u00b0C<br \/>\n\u23f3 6\u20138 minutes<\/p>\n","protected":false},"featured_media":38044,"comment_status":"closed","ping_status":"closed","template":"","meta":{"_et_pb_use_builder":"","_et_pb_old_content":"","_et_gb_content_width":""},"product_brand":[],"product_cat":[375,451,380,348],"product_tag":[],"class_list":{"0":"post-50050","1":"product","2":"type-product","3":"status-publish","4":"has-post-thumbnail","6":"product_cat-the-en-vrac","7":"product_cat-thes-hiver","8":"product_cat-tisane","9":"product_cat-tous-produits","10":"pa_herkunft-allemagne","11":"pa_weight-100-g","12":"pa_weight-200-g","13":"pa_weight-400-g","14":"pa_weight-50-g","16":"first","17":"instock","18":"shipping-taxable","19":"purchasable","20":"product-type-variable","21":"has-default-attributes","22":"add-to-wishlist-before_image"},"yoast_head":"<!-- This site is optimized with the Yoast SEO plugin v27.5 - https:\/\/yoast.com\/product\/yoast-seo-wordpress\/ -->\n<title>Infusion aux herbes sans ar\u00f4me - TeaSense.ch<\/title>\n<meta name=\"description\" content=\"Infusion aux herbes sans ar\u00f4me aux notes fruit\u00e9es, florales et \u00e9pic\u00e9es. Une tisane \u00e9quilibr\u00e9e \u00e0 savourer chaude ou glac\u00e9e. \ud83c\udf3f\" \/>\n<meta name=\"robots\" content=\"index, follow, max-snippet:-1, max-image-preview:large, max-video-preview:-1\" \/>\n<link rel=\"canonical\" href=\"https:\/\/teasense.ch\/fr\/produit\/infusion-aux-herbes-sans-arome\/\" \/>\n<meta property=\"og:locale\" content=\"fr_FR\" \/>\n<meta property=\"og:type\" content=\"article\" \/>\n<meta property=\"og:title\" content=\"Infusion aux herbes sans ar\u00f4me - TeaSense.ch\" \/>\n<meta property=\"og:description\" content=\"Infusion aux herbes sans ar\u00f4me aux notes fruit\u00e9es, florales et \u00e9pic\u00e9es. Une tisane \u00e9quilibr\u00e9e \u00e0 savourer chaude ou glac\u00e9e. \ud83c\udf3f\" \/>\n<meta property=\"og:url\" content=\"https:\/\/teasense.ch\/fr\/produit\/infusion-aux-herbes-sans-arome\/\" \/>\n<meta property=\"og:site_name\" content=\"TeaSense.ch\" \/>\n<meta property=\"article:publisher\" content=\"https:\/\/www.facebook.com\/teasense.ch\" \/>\n<meta property=\"article:modified_time\" content=\"2026-05-06T14:24:11+00:00\" \/>\n<meta property=\"og:image\" content=\"https:\/\/teasense.ch\/wp-content\/uploads\/2025\/02\/hibiskus-tee-lose-und-aufgegossen-in-Tassen.png\" \/>\n\t<meta property=\"og:image:width\" content=\"800\" \/>\n\t<meta property=\"og:image:height\" content=\"800\" \/>\n\t<meta property=\"og:image:type\" content=\"image\/png\" \/>\n<meta name=\"twitter:card\" content=\"summary_large_image\" \/>\n<meta name=\"twitter:label1\" content=\"Est. reading time\" \/>\n\t<meta name=\"twitter:data1\" content=\"1 minute\" \/>\n<!-- \/ Yoast SEO plugin. -->","yoast_head_json":{"title":"Infusion aux herbes sans ar\u00f4me - TeaSense.ch","description":"Infusion aux herbes sans ar\u00f4me aux notes fruit\u00e9es, florales et \u00e9pic\u00e9es. Une tisane \u00e9quilibr\u00e9e \u00e0 savourer chaude ou glac\u00e9e. \ud83c\udf3f","robots":{"index":"index","follow":"follow","max-snippet":"max-snippet:-1","max-image-preview":"max-image-preview:large","max-video-preview":"max-video-preview:-1"},"canonical":"https:\/\/teasense.ch\/fr\/produit\/infusion-aux-herbes-sans-arome\/","og_locale":"fr_FR","og_type":"article","og_title":"Infusion aux herbes sans ar\u00f4me - TeaSense.ch","og_description":"Infusion aux herbes sans ar\u00f4me aux notes fruit\u00e9es, florales et \u00e9pic\u00e9es. Une tisane \u00e9quilibr\u00e9e \u00e0 savourer chaude ou glac\u00e9e. \ud83c\udf3f","og_url":"https:\/\/teasense.ch\/fr\/produit\/infusion-aux-herbes-sans-arome\/","og_site_name":"TeaSense.ch","article_publisher":"https:\/\/www.facebook.com\/teasense.ch","article_modified_time":"2026-05-06T14:24:11+00:00","og_image":[{"width":800,"height":800,"url":"https:\/\/teasense.ch\/wp-content\/uploads\/2025\/02\/hibiskus-tee-lose-und-aufgegossen-in-Tassen.png","type":"image\/png"}],"twitter_card":"summary_large_image","twitter_misc":{"Est. reading time":"1 minute"},"schema":{"@context":"https:\/\/schema.org","@graph":[{"@type":"WebPage","@id":"https:\/\/teasense.ch\/fr\/produit\/infusion-aux-herbes-sans-arome\/","url":"https:\/\/teasense.ch\/fr\/produit\/infusion-aux-herbes-sans-arome\/","name":"Infusion aux herbes sans ar\u00f4me - TeaSense.ch","isPartOf":{"@id":"https:\/\/teasense.ch\/fr\/#website"},"primaryImageOfPage":{"@id":"https:\/\/teasense.ch\/fr\/produit\/infusion-aux-herbes-sans-arome\/#primaryimage"},"image":{"@id":"https:\/\/teasense.ch\/fr\/produit\/infusion-aux-herbes-sans-arome\/#primaryimage"},"thumbnailUrl":"https:\/\/teasense.ch\/wp-content\/uploads\/2023\/10\/winterpunsch-plain.jpg","datePublished":"2023-10-15T18:36:40+00:00","dateModified":"2026-05-06T14:24:11+00:00","description":"Infusion aux herbes sans ar\u00f4me aux notes fruit\u00e9es, florales et \u00e9pic\u00e9es. Une tisane \u00e9quilibr\u00e9e \u00e0 savourer chaude ou glac\u00e9e. \ud83c\udf3f","breadcrumb":{"@id":"https:\/\/teasense.ch\/fr\/produit\/infusion-aux-herbes-sans-arome\/#breadcrumb"},"inLanguage":"fr-CH","potentialAction":[{"@type":"ReadAction","target":["https:\/\/teasense.ch\/fr\/produit\/infusion-aux-herbes-sans-arome\/"]}]},{"@type":"ImageObject","inLanguage":"fr-CH","@id":"https:\/\/teasense.ch\/fr\/produit\/infusion-aux-herbes-sans-arome\/#primaryimage","url":"https:\/\/teasense.ch\/wp-content\/uploads\/2023\/10\/winterpunsch-plain.jpg","contentUrl":"https:\/\/teasense.ch\/wp-content\/uploads\/2023\/10\/winterpunsch-plain.jpg","width":800,"height":800,"caption":"Naturklang Kr\u00e4utertee Teemischung Zutaten auf weissem Hintergrund."},{"@type":"BreadcrumbList","@id":"https:\/\/teasense.ch\/fr\/produit\/infusion-aux-herbes-sans-arome\/#breadcrumb","itemListElement":[{"@type":"ListItem","position":1,"name":"Startseite","item":"https:\/\/teasense.ch\/fr\/"},{"@type":"ListItem","position":2,"name":"Boutique de th\u00e9 en ligne","item":"https:\/\/teasense.ch\/fr\/shop\/"},{"@type":"ListItem","position":3,"name":"Infusion aux herbes sans ar\u00f4me"}]},{"@type":"WebSite","@id":"https:\/\/teasense.ch\/fr\/#website","url":"https:\/\/teasense.ch\/fr\/","name":"TeaSense.ch","description":"Nat\u00fcrliche Teemischungen und klassischer Tee","publisher":{"@id":"https:\/\/teasense.ch\/fr\/#organization"},"alternateName":"TeaSense","potentialAction":[{"@type":"SearchAction","target":{"@type":"EntryPoint","urlTemplate":"https:\/\/teasense.ch\/fr\/?s={search_term_string}"},"query-input":{"@type":"PropertyValueSpecification","valueRequired":true,"valueName":"search_term_string"}}],"inLanguage":"fr-CH"},{"@type":"Organization","@id":"https:\/\/teasense.ch\/fr\/#organization","name":"Reale Selection","alternateName":"TeaSense.ch","url":"https:\/\/teasense.ch\/fr\/","logo":{"@type":"ImageObject","inLanguage":"fr-CH","@id":"https:\/\/teasense.ch\/fr\/#\/schema\/logo\/image\/","url":"https:\/\/teasense.ch\/wp-content\/uploads\/2023\/07\/cropped-logo-teasense-kategorie-onlineshop-alle-produkte.jpg","contentUrl":"https:\/\/teasense.ch\/wp-content\/uploads\/2023\/07\/cropped-logo-teasense-kategorie-onlineshop-alle-produkte.jpg","width":512,"height":512,"caption":"Reale Selection"},"image":{"@id":"https:\/\/teasense.ch\/fr\/#\/schema\/logo\/image\/"},"sameAs":["https:\/\/www.facebook.com\/teasense.ch"]}]}},"jetpack-related-posts":[{"id":49881,"url":"https:\/\/teasense.ch\/fr\/produit\/infusion-harmonie-au-mate\/","url_meta":{"origin":50050,"position":0},"title":"Infusion Harmonie au mat\u00e9","author":"Reale Selection","date":"25 February 2025","format":false,"excerpt":"Pr\u00e9paration infusion Harmonie au mat\u00e9 \ud83e\udd44 1 - 2 c.\u00e0.c bomb\u00e9es (env. 2 g) pour 200 ml d\u2019eau \ud83c\udf21\ufe0f 100 \u00b0C \u23f3 6 - 10 minutes","rel":"","context":"Similar post","block_context":{"text":"Similar post","link":""},"img":{"alt_text":"Harmonie Kr\u00e4utertee \u2013 Sanfte Kr\u00e4utermischung mit Mate","src":"https:\/\/i0.wp.com\/teasense.ch\/wp-content\/uploads\/2025\/02\/Harmonie-Kraeutertee-%E2%80%93-Sanfte-Kraeutermischung-mit-Mate.png?resize=350%2C200&ssl=1","width":350,"height":200,"srcset":"https:\/\/i0.wp.com\/teasense.ch\/wp-content\/uploads\/2025\/02\/Harmonie-Kraeutertee-%E2%80%93-Sanfte-Kraeutermischung-mit-Mate.png?resize=350%2C200&ssl=1 1x, https:\/\/i0.wp.com\/teasense.ch\/wp-content\/uploads\/2025\/02\/Harmonie-Kraeutertee-%E2%80%93-Sanfte-Kraeutermischung-mit-Mate.png?resize=525%2C300&ssl=1 1.5x, https:\/\/i0.wp.com\/teasense.ch\/wp-content\/uploads\/2025\/02\/Harmonie-Kraeutertee-%E2%80%93-Sanfte-Kraeutermischung-mit-Mate.png?resize=700%2C400&ssl=1 2x"},"classes":[]},{"id":49677,"url":"https:\/\/teasense.ch\/fr\/produit\/infusion-fruits-herbes\/","url_meta":{"origin":50050,"position":1},"title":"Infusion fruits &#038; herbes","author":"Reale Selection","date":"22 October 2024","format":false,"excerpt":"Pr\u00e9paration infusion fruits & herbes \ud83e\udd44 1 c.\u00e0.c par tasse \ud83c\udf21\ufe0f 100 \u00b0C \u23f3 6 - 10 minutes","rel":"","context":"Similar post","block_context":{"text":"Similar post","link":""},"img":{"alt_text":"Waldgefl\u00fcster Teemischung","src":"https:\/\/i0.wp.com\/teasense.ch\/wp-content\/uploads\/2024\/10\/waldgefluester.png?resize=350%2C200&ssl=1","width":350,"height":200,"srcset":"https:\/\/i0.wp.com\/teasense.ch\/wp-content\/uploads\/2024\/10\/waldgefluester.png?resize=350%2C200&ssl=1 1x, https:\/\/i0.wp.com\/teasense.ch\/wp-content\/uploads\/2024\/10\/waldgefluester.png?resize=525%2C300&ssl=1 1.5x, https:\/\/i0.wp.com\/teasense.ch\/wp-content\/uploads\/2024\/10\/waldgefluester.png?resize=700%2C400&ssl=1 2x"},"classes":[]},{"id":49278,"url":"https:\/\/teasense.ch\/fr\/produit\/tisane-aux-herbes\/","url_meta":{"origin":50050,"position":2},"title":"Tisane aux herbes","author":"Reale Selection","date":"10 May 2025","format":false,"excerpt":"Pr\u00e9paration \u2013 tisane aux herbes \ud83e\udd44 2 g (env. 1\u20132 c. \u00e0 caf\u00e9) pour 200 ml \ud83c\udf21\ufe0f 90 \u00b0C \u23f3 8\u201310 minutes","rel":"","context":"Similar post","block_context":{"text":"Similar post","link":""},"img":{"alt_text":"Wohlf\u00fchltee Kr\u00e4utermischung","src":"https:\/\/i0.wp.com\/teasense.ch\/wp-content\/uploads\/2025\/05\/Wohlfuehltee.png?resize=350%2C200&ssl=1","width":350,"height":200,"srcset":"https:\/\/i0.wp.com\/teasense.ch\/wp-content\/uploads\/2025\/05\/Wohlfuehltee.png?resize=350%2C200&ssl=1 1x, https:\/\/i0.wp.com\/teasense.ch\/wp-content\/uploads\/2025\/05\/Wohlfuehltee.png?resize=525%2C300&ssl=1 1.5x, https:\/\/i0.wp.com\/teasense.ch\/wp-content\/uploads\/2025\/05\/Wohlfuehltee.png?resize=700%2C400&ssl=1 2x"},"classes":[]},{"id":49396,"url":"https:\/\/teasense.ch\/fr\/produit\/infusion-careme\/","url_meta":{"origin":50050,"position":3},"title":"Infusion Car\u00eame","author":"Reale Selection","date":"24 October 2023","format":false,"excerpt":"Pr\u00e9paration \u2013 Infusion Car\u00eame \ud83e\udd44 1\u20132 c.\u00e0.c (env. 2 g) pour 200 ml \ud83c\udf21\ufe0f 100 \u00b0C \u23f3 6\u201310 minutes","rel":"","context":"Similar post","block_context":{"text":"Similar post","link":""},"img":{"alt_text":"","src":"https:\/\/i0.wp.com\/teasense.ch\/wp-content\/uploads\/2023\/10\/fastenkraeuter-plain-teemischung.jpg?resize=350%2C200&ssl=1","width":350,"height":200,"srcset":"https:\/\/i0.wp.com\/teasense.ch\/wp-content\/uploads\/2023\/10\/fastenkraeuter-plain-teemischung.jpg?resize=350%2C200&ssl=1 1x, https:\/\/i0.wp.com\/teasense.ch\/wp-content\/uploads\/2023\/10\/fastenkraeuter-plain-teemischung.jpg?resize=525%2C300&ssl=1 1.5x, https:\/\/i0.wp.com\/teasense.ch\/wp-content\/uploads\/2023\/10\/fastenkraeuter-plain-teemischung.jpg?resize=700%2C400&ssl=1 2x"},"classes":[]},{"id":48969,"url":"https:\/\/teasense.ch\/fr\/produit\/fleurs-camomille\/","url_meta":{"origin":50050,"position":4},"title":"Fleurs de camomille","author":"Reale Selection","date":"23 October 2024","format":false,"excerpt":"Pr\u00e9paration infusion de camomille \ud83e\udd44 1 c. \u00e0 caf\u00e9 par tasse \ud83c\udf21\ufe0f 90 \u00b0C \u23f3 5\u20137 minutes","rel":"","context":"Similar post","block_context":{"text":"Similar post","link":""},"img":{"alt_text":"Kamillenbl\u00fcten weisser Hintergrund","src":"https:\/\/i0.wp.com\/teasense.ch\/wp-content\/uploads\/2024\/10\/kamillenblueten-weisser-hintergrund.png?resize=350%2C200&ssl=1","width":350,"height":200,"srcset":"https:\/\/i0.wp.com\/teasense.ch\/wp-content\/uploads\/2024\/10\/kamillenblueten-weisser-hintergrund.png?resize=350%2C200&ssl=1 1x, https:\/\/i0.wp.com\/teasense.ch\/wp-content\/uploads\/2024\/10\/kamillenblueten-weisser-hintergrund.png?resize=525%2C300&ssl=1 1.5x, https:\/\/i0.wp.com\/teasense.ch\/wp-content\/uploads\/2024\/10\/kamillenblueten-weisser-hintergrund.png?resize=700%2C400&ssl=1 2x"},"classes":[]},{"id":49752,"url":"https:\/\/teasense.ch\/fr\/produit\/feuilles-de-melisse\/","url_meta":{"origin":50050,"position":5},"title":"Feuilles de m\u00e9lisse","author":"Reale Selection","date":"23 October 2024","format":false,"excerpt":"Pr\u00e9paration feuilles de m\u00e9lisse \ud83e\udd44 1 \u2013 2 c.\u00e0.c (env. 1,5 g) pour 200 ml d\u2019eau \ud83c\udf21\ufe0f 90 \u00b0C \u23f3 5 \u2013 10 minutes","rel":"","context":"Similar post","block_context":{"text":"Similar post","link":""},"img":{"alt_text":"Melissenbl\u00e4tter getrocknet auf weissem Hintergrund","src":"https:\/\/i0.wp.com\/teasense.ch\/wp-content\/uploads\/2024\/10\/melissenblaetter-weisser-hintergrund.png?resize=350%2C200&ssl=1","width":350,"height":200,"srcset":"https:\/\/i0.wp.com\/teasense.ch\/wp-content\/uploads\/2024\/10\/melissenblaetter-weisser-hintergrund.png?resize=350%2C200&ssl=1 1x, https:\/\/i0.wp.com\/teasense.ch\/wp-content\/uploads\/2024\/10\/melissenblaetter-weisser-hintergrund.png?resize=525%2C300&ssl=1 1.5x, https:\/\/i0.wp.com\/teasense.ch\/wp-content\/uploads\/2024\/10\/melissenblaetter-weisser-hintergrund.png?resize=700%2C400&ssl=1 2x"},"classes":[]}],"jetpack_sharing_enabled":true,"jetpack_likes_enabled":false,"_links":{"self":[{"href":"https:\/\/teasense.ch\/fr\/wp-json\/wp\/v2\/product\/50050","targetHints":{"allow":["GET"]}}],"collection":[{"href":"https:\/\/teasense.ch\/fr\/wp-json\/wp\/v2\/product"}],"about":[{"href":"https:\/\/teasense.ch\/fr\/wp-json\/wp\/v2\/types\/product"}],"replies":[{"embeddable":true,"href":"https:\/\/teasense.ch\/fr\/wp-json\/wp\/v2\/comments?post=50050"}],"wp:featuredmedia":[{"embeddable":true,"href":"https:\/\/teasense.ch\/fr\/wp-json\/wp\/v2\/media\/38044"}],"wp:attachment":[{"href":"https:\/\/teasense.ch\/fr\/wp-json\/wp\/v2\/media?parent=50050"}],"wp:term":[{"taxonomy":"product_brand","embeddable":true,"href":"https:\/\/teasense.ch\/fr\/wp-json\/wp\/v2\/product_brand?post=50050"},{"taxonomy":"product_cat","embeddable":true,"href":"https:\/\/teasense.ch\/fr\/wp-json\/wp\/v2\/product_cat?post=50050"},{"taxonomy":"product_tag","embeddable":true,"href":"https:\/\/teasense.ch\/fr\/wp-json\/wp\/v2\/product_tag?post=50050"}],"curies":[{"name":"wp","href":"https:\/\/api.w.org\/{rel}","templated":true}]}}