{"id":50088,"date":"2023-10-22T19:13:31","date_gmt":"2023-10-22T17:13:31","guid":{"rendered":"https:\/\/teasense.ch\/produkt\/graines-de-cumin-noir\/"},"modified":"2026-05-06T19:45:22","modified_gmt":"2026-05-06T17:45:22","slug":"graines-de-cumin-noir","status":"publish","type":"product","link":"https:\/\/teasense.ch\/fr\/produit\/graines-de-cumin-noir\/","title":{"rendered":"Graines de cumin noir"},"content":{"rendered":"<h2>Graines de cumin noir \u2013 \u00e9pice aromatique pour cuisine et infusion<\/h2>\n<p>D\u00e9couvrez les graines de cumin noir et apportez une touche orientale \u00e0 vos cr\u00e9ations culinaires gr\u00e2ce \u00e0 leur ar\u00f4me intense et l\u00e9g\u00e8rement \u00e9pic\u00e9.<\/p>\n<p>Le cumin noir, \u00e9galement connu sous le nom de Nigella sativa, est tr\u00e8s appr\u00e9ci\u00e9 dans la cuisine orientale et indienne. Il entre notamment dans des m\u00e9langes d\u2019\u00e9pices traditionnels comme le Ras el Hanout.<\/p>\n<h3>Utilisation polyvalente en cuisine<\/h3>\n<p>Les graines de cumin noir sont id\u00e9ales pour assaisonner salades, soupes, rago\u00fbts et sauces. Elles sont \u00e9galement tr\u00e8s appr\u00e9ci\u00e9es dans le pain et les p\u00e2tisseries.<\/p>\n<p>Saupoudrez simplement quelques graines sur votre p\u00e2te avant cuisson pour ajouter une note aromatique unique.<\/p>\n<p>Pour un go\u00fbt plus intense, les graines peuvent \u00eatre l\u00e9g\u00e8rement \u00e9cras\u00e9es au mortier afin de lib\u00e9rer davantage leurs huiles essentielles.<\/p>\n<h3>Infusion au cumin noir<\/h3>\n<p>Les graines de cumin noir peuvent \u00e9galement \u00eatre utilis\u00e9es pour pr\u00e9parer une infusion aromatique. Ajouter une cuill\u00e8re \u00e0 caf\u00e9 dans une tasse ou une th\u00e9i\u00e8re et verser de l\u2019eau chaude.<\/p>\n<p>Laisser infuser quelques minutes avant d\u00e9gustation.<\/p>\n<p>Gr\u00e2ce \u00e0 son go\u00fbt intense, le cumin noir s\u2019utilise avec mod\u00e9ration aussi bien en cuisine qu\u2019en infusion.<\/p>\n<p>Une \u00e9pice polyvalente qui apporte du caract\u00e8re \u00e0 de nombreuses recettes.<\/p>\n","protected":false},"excerpt":{"rendered":"<h4>Pr\u00e9paration infusion cumin noir<\/h4>\n<p>\ud83e\udd44 1 c.\u00e0.c de graines par tasse<br \/>\n\ud83c\udf21\ufe0f 100 \u00b0C<br \/>\n\u23f3 5\u201310 minutes<\/p>\n","protected":false},"featured_media":38225,"comment_status":"open","ping_status":"closed","template":"","meta":{"_et_pb_use_builder":"","_et_pb_old_content":"","_et_gb_content_width":""},"product_brand":[],"product_cat":[394,348],"product_tag":[],"class_list":{"0":"post-50088","1":"product","2":"type-product","3":"status-publish","4":"has-post-thumbnail","6":"product_cat-fruits-epices","7":"product_cat-tous-produits","8":"pa_herkunft-egypte","9":"pa_weight-100-g","10":"pa_weight-200-g","11":"pa_weight-30-g","13":"first","14":"instock","15":"shipping-taxable","16":"purchasable","17":"product-type-variable","18":"has-default-attributes","19":"add-to-wishlist-before_image"},"yoast_head":"<!-- This site is optimized with the Yoast SEO plugin v27.5 - https:\/\/yoast.com\/product\/yoast-seo-wordpress\/ -->\n<title>Graines de cumin noir - TeaSense.ch<\/title>\n<meta name=\"description\" content=\"Graines de cumin noir aux notes orientales intenses. Id\u00e9ales pour infusion, pain et cuisine \u00e9pic\u00e9e.\" \/>\n<meta name=\"robots\" content=\"index, follow, max-snippet:-1, max-image-preview:large, max-video-preview:-1\" \/>\n<link rel=\"canonical\" href=\"https:\/\/teasense.ch\/fr\/produit\/graines-de-cumin-noir\/\" \/>\n<meta property=\"og:locale\" content=\"fr_FR\" \/>\n<meta property=\"og:type\" content=\"article\" \/>\n<meta property=\"og:title\" content=\"Graines de cumin noir - TeaSense.ch\" \/>\n<meta property=\"og:description\" content=\"Graines de cumin noir aux notes orientales intenses. Id\u00e9ales pour infusion, pain et cuisine \u00e9pic\u00e9e.\" \/>\n<meta property=\"og:url\" content=\"https:\/\/teasense.ch\/fr\/produit\/graines-de-cumin-noir\/\" \/>\n<meta property=\"og:site_name\" content=\"TeaSense.ch\" \/>\n<meta property=\"article:publisher\" content=\"https:\/\/www.facebook.com\/teasense.ch\" \/>\n<meta property=\"article:modified_time\" content=\"2026-05-06T17:45:22+00:00\" \/>\n<meta property=\"og:image\" content=\"https:\/\/teasense.ch\/wp-content\/uploads\/2025\/02\/hibiskus-tee-lose-und-aufgegossen-in-Tassen.png\" \/>\n\t<meta property=\"og:image:width\" content=\"800\" \/>\n\t<meta property=\"og:image:height\" content=\"800\" \/>\n\t<meta property=\"og:image:type\" content=\"image\/png\" \/>\n<meta name=\"twitter:card\" content=\"summary_large_image\" \/>\n<meta name=\"twitter:label1\" content=\"Est. reading time\" \/>\n\t<meta name=\"twitter:data1\" content=\"1 minute\" \/>\n<!-- \/ Yoast SEO plugin. -->","yoast_head_json":{"title":"Graines de cumin noir - TeaSense.ch","description":"Graines de cumin noir aux notes orientales intenses. Id\u00e9ales pour infusion, pain et cuisine \u00e9pic\u00e9e.","robots":{"index":"index","follow":"follow","max-snippet":"max-snippet:-1","max-image-preview":"max-image-preview:large","max-video-preview":"max-video-preview:-1"},"canonical":"https:\/\/teasense.ch\/fr\/produit\/graines-de-cumin-noir\/","og_locale":"fr_FR","og_type":"article","og_title":"Graines de cumin noir - TeaSense.ch","og_description":"Graines de cumin noir aux notes orientales intenses. Id\u00e9ales pour infusion, pain et cuisine \u00e9pic\u00e9e.","og_url":"https:\/\/teasense.ch\/fr\/produit\/graines-de-cumin-noir\/","og_site_name":"TeaSense.ch","article_publisher":"https:\/\/www.facebook.com\/teasense.ch","article_modified_time":"2026-05-06T17:45:22+00:00","og_image":[{"width":800,"height":800,"url":"https:\/\/teasense.ch\/wp-content\/uploads\/2025\/02\/hibiskus-tee-lose-und-aufgegossen-in-Tassen.png","type":"image\/png"}],"twitter_card":"summary_large_image","twitter_misc":{"Est. reading time":"1 minute"},"schema":{"@context":"https:\/\/schema.org","@graph":[{"@type":"WebPage","@id":"https:\/\/teasense.ch\/fr\/produit\/graines-de-cumin-noir\/","url":"https:\/\/teasense.ch\/fr\/produit\/graines-de-cumin-noir\/","name":"Graines de cumin noir - TeaSense.ch","isPartOf":{"@id":"https:\/\/teasense.ch\/fr\/#website"},"primaryImageOfPage":{"@id":"https:\/\/teasense.ch\/fr\/produit\/graines-de-cumin-noir\/#primaryimage"},"image":{"@id":"https:\/\/teasense.ch\/fr\/produit\/graines-de-cumin-noir\/#primaryimage"},"thumbnailUrl":"https:\/\/teasense.ch\/wp-content\/uploads\/2023\/10\/schwarzkuemmel-plain.jpg","datePublished":"2023-10-22T17:13:31+00:00","dateModified":"2026-05-06T17:45:22+00:00","description":"Graines de cumin noir aux notes orientales intenses. Id\u00e9ales pour infusion, pain et cuisine \u00e9pic\u00e9e.","breadcrumb":{"@id":"https:\/\/teasense.ch\/fr\/produit\/graines-de-cumin-noir\/#breadcrumb"},"inLanguage":"fr-CH","potentialAction":[{"@type":"ReadAction","target":["https:\/\/teasense.ch\/fr\/produit\/graines-de-cumin-noir\/"]}]},{"@type":"ImageObject","inLanguage":"fr-CH","@id":"https:\/\/teasense.ch\/fr\/produit\/graines-de-cumin-noir\/#primaryimage","url":"https:\/\/teasense.ch\/wp-content\/uploads\/2023\/10\/schwarzkuemmel-plain.jpg","contentUrl":"https:\/\/teasense.ch\/wp-content\/uploads\/2023\/10\/schwarzkuemmel-plain.jpg","width":800,"height":800,"caption":"Loser Schwarzk\u00fcmmel"},{"@type":"BreadcrumbList","@id":"https:\/\/teasense.ch\/fr\/produit\/graines-de-cumin-noir\/#breadcrumb","itemListElement":[{"@type":"ListItem","position":1,"name":"Startseite","item":"https:\/\/teasense.ch\/fr\/"},{"@type":"ListItem","position":2,"name":"Boutique de th\u00e9 en ligne","item":"https:\/\/teasense.ch\/fr\/shop\/"},{"@type":"ListItem","position":3,"name":"Graines de cumin noir"}]},{"@type":"WebSite","@id":"https:\/\/teasense.ch\/fr\/#website","url":"https:\/\/teasense.ch\/fr\/","name":"TeaSense.ch","description":"Nat\u00fcrliche Teemischungen und klassischer Tee","publisher":{"@id":"https:\/\/teasense.ch\/fr\/#organization"},"alternateName":"TeaSense","potentialAction":[{"@type":"SearchAction","target":{"@type":"EntryPoint","urlTemplate":"https:\/\/teasense.ch\/fr\/?s={search_term_string}"},"query-input":{"@type":"PropertyValueSpecification","valueRequired":true,"valueName":"search_term_string"}}],"inLanguage":"fr-CH"},{"@type":"Organization","@id":"https:\/\/teasense.ch\/fr\/#organization","name":"Reale Selection","alternateName":"TeaSense.ch","url":"https:\/\/teasense.ch\/fr\/","logo":{"@type":"ImageObject","inLanguage":"fr-CH","@id":"https:\/\/teasense.ch\/fr\/#\/schema\/logo\/image\/","url":"https:\/\/teasense.ch\/wp-content\/uploads\/2023\/07\/cropped-logo-teasense-kategorie-onlineshop-alle-produkte.jpg","contentUrl":"https:\/\/teasense.ch\/wp-content\/uploads\/2023\/07\/cropped-logo-teasense-kategorie-onlineshop-alle-produkte.jpg","width":512,"height":512,"caption":"Reale Selection"},"image":{"@id":"https:\/\/teasense.ch\/fr\/#\/schema\/logo\/image\/"},"sameAs":["https:\/\/www.facebook.com\/teasense.ch"]}]}},"jetpack-related-posts":[{"id":49838,"url":"https:\/\/teasense.ch\/fr\/produit\/graines-de-fenouil\/","url_meta":{"origin":50088,"position":0},"title":"Graines de fenouil","author":"Reale Selection","date":"1 ao\u00fbt 2023","format":false,"excerpt":"Rabais en raison de la DDM 09.10.2026 Pr\u00e9paration infusion de fenouil \ud83e\udd44 15 g par litre d\u2019eau \ud83c\udf21\ufe0f 100 \u00b0C \u23f3 5 minutes","rel":"","context":"Similar post","block_context":{"text":"Similar post","link":""},"img":{"alt_text":"Fenchelsamen lose f\u00fcr Tee oder zum Kochen","src":"https:\/\/i0.wp.com\/teasense.ch\/wp-content\/uploads\/2023\/08\/bio-fenchel-plain.jpg?resize=350%2C200&ssl=1","width":350,"height":200,"srcset":"https:\/\/i0.wp.com\/teasense.ch\/wp-content\/uploads\/2023\/08\/bio-fenchel-plain.jpg?resize=350%2C200&ssl=1 1x, https:\/\/i0.wp.com\/teasense.ch\/wp-content\/uploads\/2023\/08\/bio-fenchel-plain.jpg?resize=525%2C300&ssl=1 1.5x, https:\/\/i0.wp.com\/teasense.ch\/wp-content\/uploads\/2023\/08\/bio-fenchel-plain.jpg?resize=700%2C400&ssl=1 2x"},"classes":[]},{"id":49050,"url":"https:\/\/teasense.ch\/fr\/produit\/pekoe-the-noir-gorreana\/","url_meta":{"origin":50088,"position":1},"title":"Pekoe \u2013 Th\u00e9 noir Gorreana","author":"Reale Selection","date":"20 ao\u00fbt 2025","format":false,"excerpt":"Th\u00e9 Pekoe \u2013 th\u00e9 noir classique de Gorreana Le Pekoe de Gorreana est un th\u00e9 noir classique des A\u00e7ores, appr\u00e9ci\u00e9 pour son caract\u00e8re \u00e9quilibr\u00e9 et doux. Alors que le Orange Pekoe repr\u00e9sente une qualit\u00e9 de feuille plus fine, le Pekoe s\u00e9duit par sa simplicit\u00e9 et convient parfaitement au quotidien. Origine\u2026","rel":"","context":"Similar post","block_context":{"text":"Similar post","link":""},"img":{"alt_text":"schwarzertee pekoe aus den Azoren Portugal","src":"https:\/\/i0.wp.com\/teasense.ch\/wp-content\/uploads\/2025\/08\/schwarzertee-pekoe.png?resize=350%2C200&ssl=1","width":350,"height":200,"srcset":"https:\/\/i0.wp.com\/teasense.ch\/wp-content\/uploads\/2025\/08\/schwarzertee-pekoe.png?resize=350%2C200&ssl=1 1x, https:\/\/i0.wp.com\/teasense.ch\/wp-content\/uploads\/2025\/08\/schwarzertee-pekoe.png?resize=525%2C300&ssl=1 1.5x, https:\/\/i0.wp.com\/teasense.ch\/wp-content\/uploads\/2025\/08\/schwarzertee-pekoe.png?resize=700%2C400&ssl=1 2x"},"classes":[]},{"id":48631,"url":"https:\/\/teasense.ch\/fr\/produit\/tisane-feuilles-framboisier\/","url_meta":{"origin":50088,"position":2},"title":"Tisane de feuilles de framboisier","author":"Reale Selection","date":"13 October 2025","format":false,"excerpt":"Pr\u00e9paration feuilles de framboisier \ud83e\udd44 1-2 cuill\u00e8res \u00e0 caf\u00e9 pour 200 ml\ud83c\udf21\ufe0f 95 \u00b0C\u23f3 5-7 minutes","rel":"","context":"Similar post","block_context":{"text":"Similar post","link":""},"img":{"alt_text":"Himbeerbl\u00e4tter Tee \u2013 mild, aromatisch und wohlschmeckend","src":"https:\/\/i0.wp.com\/teasense.ch\/wp-content\/uploads\/2025\/10\/himbeerblaetter.png?resize=350%2C200&ssl=1","width":350,"height":200,"srcset":"https:\/\/i0.wp.com\/teasense.ch\/wp-content\/uploads\/2025\/10\/himbeerblaetter.png?resize=350%2C200&ssl=1 1x, https:\/\/i0.wp.com\/teasense.ch\/wp-content\/uploads\/2025\/10\/himbeerblaetter.png?resize=525%2C300&ssl=1 1.5x, https:\/\/i0.wp.com\/teasense.ch\/wp-content\/uploads\/2025\/10\/himbeerblaetter.png?resize=700%2C400&ssl=1 2x"},"classes":[]},{"id":49866,"url":"https:\/\/teasense.ch\/fr\/produit\/infusion-ayurveda-vata-aux-epices\/","url_meta":{"origin":50088,"position":3},"title":"Infusion Ayurveda Vata aux \u00e9pices","author":"Reale Selection","date":"28 ao\u00fbt 2023","format":false,"excerpt":"Le principe ayurv\u00e9dique Vata est associ\u00e9 \u00e0 l\u2019air et \u00e0 l\u2019espace. Pr\u00e9paration \u2013 infusion Ayurveda Vata \ud83e\udd44 2 g (env. 1 c.\u00e0.c) pour 200 ml d\u2019eau \ud83c\udf21\ufe0f 100 \u00b0C \u23f3 7 \u2013 10 minutes","rel":"","context":"Similar post","block_context":{"text":"Similar post","link":""},"img":{"alt_text":"Ayurveda Vata Gew\u00fcrztee","src":"https:\/\/i0.wp.com\/teasense.ch\/wp-content\/uploads\/2023\/08\/Ayurveda-Vata-Gewuerztee.png?resize=350%2C200&ssl=1","width":350,"height":200,"srcset":"https:\/\/i0.wp.com\/teasense.ch\/wp-content\/uploads\/2023\/08\/Ayurveda-Vata-Gewuerztee.png?resize=350%2C200&ssl=1 1x, https:\/\/i0.wp.com\/teasense.ch\/wp-content\/uploads\/2023\/08\/Ayurveda-Vata-Gewuerztee.png?resize=525%2C300&ssl=1 1.5x, https:\/\/i0.wp.com\/teasense.ch\/wp-content\/uploads\/2023\/08\/Ayurveda-Vata-Gewuerztee.png?resize=700%2C400&ssl=1 2x"},"classes":[]},{"id":48613,"url":"https:\/\/teasense.ch\/fr\/produit\/the-noir-kenya-gfop-marinyn\/","url_meta":{"origin":50088,"position":4},"title":"Th\u00e9 noir Kenya GFOP Marinyn","author":"Reale Selection","date":"13 October 2025","format":false,"excerpt":"Pr\u00e9paration Kenya GFOP Marinyn \ud83e\udd44 1 cuill\u00e8re \u00e0 caf\u00e9 pour 200 ml\ud83c\udf21\ufe0f 100 \u00b0C\u23f3 3 minutes","rel":"","context":"Similar post","block_context":{"text":"Similar post","link":""},"img":{"alt_text":"Schwarztee aus Kenia loser Tee Kenya GFOP Marinyn","src":"https:\/\/i0.wp.com\/teasense.ch\/wp-content\/uploads\/2025\/10\/kenya-gfop-marinyn.png?resize=350%2C200&ssl=1","width":350,"height":200,"srcset":"https:\/\/i0.wp.com\/teasense.ch\/wp-content\/uploads\/2025\/10\/kenya-gfop-marinyn.png?resize=350%2C200&ssl=1 1x, https:\/\/i0.wp.com\/teasense.ch\/wp-content\/uploads\/2025\/10\/kenya-gfop-marinyn.png?resize=525%2C300&ssl=1 1.5x, https:\/\/i0.wp.com\/teasense.ch\/wp-content\/uploads\/2025\/10\/kenya-gfop-marinyn.png?resize=700%2C400&ssl=1 2x"},"classes":[]},{"id":48568,"url":"https:\/\/teasense.ch\/fr\/produit\/melange-epices-curcuma\/","url_meta":{"origin":50088,"position":5},"title":"M\u00e9lange d\u2019\u00e9pices au curcuma","author":"Reale Selection","date":"22 October 2025","format":false,"excerpt":"Curcuma avec citronnelle, citron, gingembre et coriandre Id\u00e9al en infusion, en cuisine ou pour une boisson au curcuma Couleur dor\u00e9e, 100 % d\u2019ingr\u00e9dients naturels \u2013 sans additifs","rel":"","context":"Similar post","block_context":{"text":"Similar post","link":""},"img":{"alt_text":"Kurkuma Gew\u00fcrz-Mix Zitronengras, Zitrone, Ingwer und Koriander","src":"https:\/\/i0.wp.com\/teasense.ch\/wp-content\/uploads\/2025\/09\/kurkuma-zitrone-1.png?resize=350%2C200&ssl=1","width":350,"height":200,"srcset":"https:\/\/i0.wp.com\/teasense.ch\/wp-content\/uploads\/2025\/09\/kurkuma-zitrone-1.png?resize=350%2C200&ssl=1 1x, https:\/\/i0.wp.com\/teasense.ch\/wp-content\/uploads\/2025\/09\/kurkuma-zitrone-1.png?resize=525%2C300&ssl=1 1.5x, https:\/\/i0.wp.com\/teasense.ch\/wp-content\/uploads\/2025\/09\/kurkuma-zitrone-1.png?resize=700%2C400&ssl=1 2x"},"classes":[]}],"jetpack_sharing_enabled":true,"jetpack_likes_enabled":false,"_links":{"self":[{"href":"https:\/\/teasense.ch\/fr\/wp-json\/wp\/v2\/product\/50088","targetHints":{"allow":["GET"]}}],"collection":[{"href":"https:\/\/teasense.ch\/fr\/wp-json\/wp\/v2\/product"}],"about":[{"href":"https:\/\/teasense.ch\/fr\/wp-json\/wp\/v2\/types\/product"}],"replies":[{"embeddable":true,"href":"https:\/\/teasense.ch\/fr\/wp-json\/wp\/v2\/comments?post=50088"}],"wp:featuredmedia":[{"embeddable":true,"href":"https:\/\/teasense.ch\/fr\/wp-json\/wp\/v2\/media\/38225"}],"wp:attachment":[{"href":"https:\/\/teasense.ch\/fr\/wp-json\/wp\/v2\/media?parent=50088"}],"wp:term":[{"taxonomy":"product_brand","embeddable":true,"href":"https:\/\/teasense.ch\/fr\/wp-json\/wp\/v2\/product_brand?post=50088"},{"taxonomy":"product_cat","embeddable":true,"href":"https:\/\/teasense.ch\/fr\/wp-json\/wp\/v2\/product_cat?post=50088"},{"taxonomy":"product_tag","embeddable":true,"href":"https:\/\/teasense.ch\/fr\/wp-json\/wp\/v2\/product_tag?post=50088"}],"curies":[{"name":"wp","href":"https:\/\/api.w.org\/{rel}","templated":true}]}}