{"id":50150,"date":"2023-07-06T18:26:52","date_gmt":"2023-07-06T16:26:52","guid":{"rendered":"https:\/\/teasense.ch\/produkt\/the-noir-de-ceylan\/"},"modified":"2026-05-07T10:46:21","modified_gmt":"2026-05-07T08:46:21","slug":"the-noir-de-ceylan","status":"publish","type":"product","link":"https:\/\/teasense.ch\/fr\/produit\/the-noir-de-ceylan\/","title":{"rendered":"Th\u00e9 noir de Ceylan"},"content":{"rendered":"<h2>Th\u00e9 noir de Ceylan \u2013 un classique charg\u00e9 d\u2019histoire<\/h2>\n<p>Le th\u00e9 noir de Ceylan poss\u00e8de une longue histoire qui remonte au XIXe si\u00e8cle. Les premi\u00e8res plantations de th\u00e9 au Sri Lanka actuel ont \u00e9t\u00e9 d\u00e9velopp\u00e9es par l\u2019\u00c9cossais James Taylor.<\/p>\n<p>Aujourd\u2019hui, le th\u00e9 de Ceylan est appr\u00e9ci\u00e9 dans le monde entier pour son ar\u00f4me \u00e9quilibr\u00e9 et son caract\u00e8re unique.<\/p>\n<h3>Un th\u00e9 des hauts plateaux du Sri Lanka<\/h3>\n<p>Les meilleurs th\u00e9s de Ceylan poussent dans les r\u00e9gions montagneuses situ\u00e9es \u00e0 plus de 1\u2019200 m\u00e8tres d\u2019altitude.<\/p>\n<p>Le climat particulier et les sols fertiles donnent au th\u00e9 un go\u00fbt aromatique, frais et l\u00e9g\u00e8rement vif.<\/p>\n<h3>\u00c0 savourer selon vos envies<\/h3>\n<p>Le th\u00e9 noir de Ceylan peut \u00eatre d\u00e9gust\u00e9 nature ou accompagn\u00e9 de sucre candi.<\/p>\n<p>Pour une exp\u00e9rience typiquement britannique, ajoutez un peu de lait ou une alternative v\u00e9g\u00e9tale.<\/p>\n<h3>\u00c0 associer avec diff\u00e9rentes \u00e9pices<\/h3>\n<p>Ce th\u00e9 noir se marie \u00e9galement tr\u00e8s bien avec la cannelle, le gingembre ou la cardamome.<\/p>\n<p>Essayez diff\u00e9rentes associations et trouvez votre pr\u00e9paration pr\u00e9f\u00e9r\u00e9e.<\/p>\n<h3>Pr\u00e9paration th\u00e9 noir de Ceylan<\/h3>\n<p>Verser de l\u2019eau bouillante sur les feuilles de th\u00e9 et laisser infuser 2\u20133 minutes.<\/p>\n<p>Si les feuilles sont plus petites ou bris\u00e9es, une infusion plus courte d\u2019environ 1 minute suffit.<\/p>\n<h3>Un th\u00e9 pour chaque jour<\/h3>\n<p>Que ce soit le matin, pendant une pause ou avec des invit\u00e9s, le th\u00e9 noir de Ceylan offre un moment de d\u00e9gustation classique et aromatique.<\/p>\n","protected":false},"excerpt":{"rendered":"<h4>Pr\u00e9paration th\u00e9 noir de Ceylan du Sri Lanka<\/h4>\n<p>\ud83e\udd44 1 c.\u00e0.c (env. 2 g) par tasse<br \/>\n\ud83c\udf21\ufe0f 100 \u00b0C<br \/>\n\u23f3 2\u20133 minutes<\/p>\n","protected":false},"featured_media":33411,"comment_status":"open","ping_status":"closed","template":"","meta":{"_et_pb_use_builder":"","_et_pb_old_content":"","_et_gb_content_width":""},"product_brand":[],"product_cat":[375,349,348],"product_tag":[],"class_list":{"0":"post-50150","1":"product","2":"type-product","3":"status-publish","4":"has-post-thumbnail","6":"product_cat-the-en-vrac","7":"product_cat-the-noir","8":"product_cat-tous-produits","9":"pa_herkunft-sri-lanka","10":"pa_weight-100-g","11":"pa_weight-1000-g","12":"pa_weight-200-g","13":"pa_weight-400-g","15":"first","16":"instock","17":"purchasable","18":"product-type-variable","19":"has-default-attributes","20":"add-to-wishlist-before_image"},"yoast_head":"<!-- This site is optimized with the Yoast SEO plugin v27.5 - https:\/\/yoast.com\/product\/yoast-seo-wordpress\/ -->\n<title>Th\u00e9 noir de Ceylan - TeaSense.ch<\/title>\n<meta name=\"description\" content=\"Th\u00e9 noir de Ceylan du Sri Lanka au caract\u00e8re frais et aromatique. D\u00e9couvrez un grand classique des hauts plateaux. \u2615\" \/>\n<meta name=\"robots\" content=\"index, follow, max-snippet:-1, max-image-preview:large, max-video-preview:-1\" \/>\n<link rel=\"canonical\" href=\"https:\/\/teasense.ch\/fr\/produit\/the-noir-de-ceylan\/\" \/>\n<meta property=\"og:locale\" content=\"fr_FR\" \/>\n<meta property=\"og:type\" content=\"article\" \/>\n<meta property=\"og:title\" content=\"Th\u00e9 noir de Ceylan - TeaSense.ch\" \/>\n<meta property=\"og:description\" content=\"Th\u00e9 noir de Ceylan du Sri Lanka au caract\u00e8re frais et aromatique. D\u00e9couvrez un grand classique des hauts plateaux. \u2615\" \/>\n<meta property=\"og:url\" content=\"https:\/\/teasense.ch\/fr\/produit\/the-noir-de-ceylan\/\" \/>\n<meta property=\"og:site_name\" content=\"TeaSense.ch\" \/>\n<meta property=\"article:publisher\" content=\"https:\/\/www.facebook.com\/teasense.ch\" \/>\n<meta property=\"article:modified_time\" content=\"2026-05-07T08:46:21+00:00\" \/>\n<meta property=\"og:image\" content=\"https:\/\/teasense.ch\/wp-content\/uploads\/2025\/02\/hibiskus-tee-lose-und-aufgegossen-in-Tassen.png\" \/>\n\t<meta property=\"og:image:width\" content=\"800\" \/>\n\t<meta property=\"og:image:height\" content=\"800\" \/>\n\t<meta property=\"og:image:type\" content=\"image\/png\" \/>\n<meta name=\"twitter:card\" content=\"summary_large_image\" \/>\n<meta name=\"twitter:label1\" content=\"Est. reading time\" \/>\n\t<meta name=\"twitter:data1\" content=\"1 minute\" \/>\n<!-- \/ Yoast SEO plugin. -->","yoast_head_json":{"title":"Th\u00e9 noir de Ceylan - TeaSense.ch","description":"Th\u00e9 noir de Ceylan du Sri Lanka au caract\u00e8re frais et aromatique. D\u00e9couvrez un grand classique des hauts plateaux. \u2615","robots":{"index":"index","follow":"follow","max-snippet":"max-snippet:-1","max-image-preview":"max-image-preview:large","max-video-preview":"max-video-preview:-1"},"canonical":"https:\/\/teasense.ch\/fr\/produit\/the-noir-de-ceylan\/","og_locale":"fr_FR","og_type":"article","og_title":"Th\u00e9 noir de Ceylan - TeaSense.ch","og_description":"Th\u00e9 noir de Ceylan du Sri Lanka au caract\u00e8re frais et aromatique. D\u00e9couvrez un grand classique des hauts plateaux. \u2615","og_url":"https:\/\/teasense.ch\/fr\/produit\/the-noir-de-ceylan\/","og_site_name":"TeaSense.ch","article_publisher":"https:\/\/www.facebook.com\/teasense.ch","article_modified_time":"2026-05-07T08:46:21+00:00","og_image":[{"width":800,"height":800,"url":"https:\/\/teasense.ch\/wp-content\/uploads\/2025\/02\/hibiskus-tee-lose-und-aufgegossen-in-Tassen.png","type":"image\/png"}],"twitter_card":"summary_large_image","twitter_misc":{"Est. reading time":"1 minute"},"schema":{"@context":"https:\/\/schema.org","@graph":[{"@type":"WebPage","@id":"https:\/\/teasense.ch\/fr\/produit\/the-noir-de-ceylan\/","url":"https:\/\/teasense.ch\/fr\/produit\/the-noir-de-ceylan\/","name":"Th\u00e9 noir de Ceylan - TeaSense.ch","isPartOf":{"@id":"https:\/\/teasense.ch\/fr\/#website"},"primaryImageOfPage":{"@id":"https:\/\/teasense.ch\/fr\/produit\/the-noir-de-ceylan\/#primaryimage"},"image":{"@id":"https:\/\/teasense.ch\/fr\/produit\/the-noir-de-ceylan\/#primaryimage"},"thumbnailUrl":"https:\/\/teasense.ch\/wp-content\/uploads\/2023\/07\/ceylon-tee-von-der-insel-sri-lanka-plain.jpg","datePublished":"2023-07-06T16:26:52+00:00","dateModified":"2026-05-07T08:46:21+00:00","description":"Th\u00e9 noir de Ceylan du Sri Lanka au caract\u00e8re frais et aromatique. D\u00e9couvrez un grand classique des hauts plateaux. \u2615","breadcrumb":{"@id":"https:\/\/teasense.ch\/fr\/produit\/the-noir-de-ceylan\/#breadcrumb"},"inLanguage":"fr-CH","potentialAction":[{"@type":"ReadAction","target":["https:\/\/teasense.ch\/fr\/produit\/the-noir-de-ceylan\/"]}]},{"@type":"ImageObject","inLanguage":"fr-CH","@id":"https:\/\/teasense.ch\/fr\/produit\/the-noir-de-ceylan\/#primaryimage","url":"https:\/\/teasense.ch\/wp-content\/uploads\/2023\/07\/ceylon-tee-von-der-insel-sri-lanka-plain.jpg","contentUrl":"https:\/\/teasense.ch\/wp-content\/uploads\/2023\/07\/ceylon-tee-von-der-insel-sri-lanka-plain.jpg","width":800,"height":800,"caption":"Ceylon Tee"},{"@type":"BreadcrumbList","@id":"https:\/\/teasense.ch\/fr\/produit\/the-noir-de-ceylan\/#breadcrumb","itemListElement":[{"@type":"ListItem","position":1,"name":"Startseite","item":"https:\/\/teasense.ch\/fr\/"},{"@type":"ListItem","position":2,"name":"Boutique de th\u00e9 en ligne","item":"https:\/\/teasense.ch\/fr\/shop\/"},{"@type":"ListItem","position":3,"name":"Th\u00e9 noir de Ceylan"}]},{"@type":"WebSite","@id":"https:\/\/teasense.ch\/fr\/#website","url":"https:\/\/teasense.ch\/fr\/","name":"TeaSense.ch","description":"Nat\u00fcrliche Teemischungen und klassischer Tee","publisher":{"@id":"https:\/\/teasense.ch\/fr\/#organization"},"alternateName":"TeaSense","potentialAction":[{"@type":"SearchAction","target":{"@type":"EntryPoint","urlTemplate":"https:\/\/teasense.ch\/fr\/?s={search_term_string}"},"query-input":{"@type":"PropertyValueSpecification","valueRequired":true,"valueName":"search_term_string"}}],"inLanguage":"fr-CH"},{"@type":"Organization","@id":"https:\/\/teasense.ch\/fr\/#organization","name":"Reale Selection","alternateName":"TeaSense.ch","url":"https:\/\/teasense.ch\/fr\/","logo":{"@type":"ImageObject","inLanguage":"fr-CH","@id":"https:\/\/teasense.ch\/fr\/#\/schema\/logo\/image\/","url":"https:\/\/teasense.ch\/wp-content\/uploads\/2023\/07\/cropped-logo-teasense-kategorie-onlineshop-alle-produkte.jpg","contentUrl":"https:\/\/teasense.ch\/wp-content\/uploads\/2023\/07\/cropped-logo-teasense-kategorie-onlineshop-alle-produkte.jpg","width":512,"height":512,"caption":"Reale Selection"},"image":{"@id":"https:\/\/teasense.ch\/fr\/#\/schema\/logo\/image\/"},"sameAs":["https:\/\/www.facebook.com\/teasense.ch"]}]}},"jetpack-related-posts":[{"id":49050,"url":"https:\/\/teasense.ch\/fr\/produit\/pekoe-the-noir-gorreana\/","url_meta":{"origin":50150,"position":0},"title":"Pekoe \u2013 Th\u00e9 noir Gorreana","author":"Reale Selection","date":"20 ao\u00fbt 2025","format":false,"excerpt":"Th\u00e9 Pekoe \u2013 th\u00e9 noir classique de Gorreana Le Pekoe de Gorreana est un th\u00e9 noir classique des A\u00e7ores, appr\u00e9ci\u00e9 pour son caract\u00e8re \u00e9quilibr\u00e9 et doux. Alors que le Orange Pekoe repr\u00e9sente une qualit\u00e9 de feuille plus fine, le Pekoe s\u00e9duit par sa simplicit\u00e9 et convient parfaitement au quotidien. Origine\u2026","rel":"","context":"Similar post","block_context":{"text":"Similar post","link":""},"img":{"alt_text":"schwarzertee pekoe aus den Azoren Portugal","src":"https:\/\/i0.wp.com\/teasense.ch\/wp-content\/uploads\/2025\/08\/schwarzertee-pekoe.png?resize=350%2C200&ssl=1","width":350,"height":200,"srcset":"https:\/\/i0.wp.com\/teasense.ch\/wp-content\/uploads\/2025\/08\/schwarzertee-pekoe.png?resize=350%2C200&ssl=1 1x, https:\/\/i0.wp.com\/teasense.ch\/wp-content\/uploads\/2025\/08\/schwarzertee-pekoe.png?resize=525%2C300&ssl=1 1.5x, https:\/\/i0.wp.com\/teasense.ch\/wp-content\/uploads\/2025\/08\/schwarzertee-pekoe.png?resize=700%2C400&ssl=1 2x"},"classes":[]},{"id":48613,"url":"https:\/\/teasense.ch\/fr\/produit\/the-noir-kenya-gfop-marinyn\/","url_meta":{"origin":50150,"position":1},"title":"Th\u00e9 noir Kenya GFOP Marinyn","author":"Reale Selection","date":"13 October 2025","format":false,"excerpt":"Pr\u00e9paration Kenya GFOP Marinyn \ud83e\udd44 1 cuill\u00e8re \u00e0 caf\u00e9 pour 200 ml\ud83c\udf21\ufe0f 100 \u00b0C\u23f3 3 minutes","rel":"","context":"Similar post","block_context":{"text":"Similar post","link":""},"img":{"alt_text":"Schwarztee aus Kenia loser Tee Kenya GFOP Marinyn","src":"https:\/\/i0.wp.com\/teasense.ch\/wp-content\/uploads\/2025\/10\/kenya-gfop-marinyn.png?resize=350%2C200&ssl=1","width":350,"height":200,"srcset":"https:\/\/i0.wp.com\/teasense.ch\/wp-content\/uploads\/2025\/10\/kenya-gfop-marinyn.png?resize=350%2C200&ssl=1 1x, https:\/\/i0.wp.com\/teasense.ch\/wp-content\/uploads\/2025\/10\/kenya-gfop-marinyn.png?resize=525%2C300&ssl=1 1.5x, https:\/\/i0.wp.com\/teasense.ch\/wp-content\/uploads\/2025\/10\/kenya-gfop-marinyn.png?resize=700%2C400&ssl=1 2x"},"classes":[]},{"id":48451,"url":"https:\/\/teasense.ch\/fr\/produit\/composition-the\/","url_meta":{"origin":50150,"position":2},"title":"Composition de th\u00e9","author":"Reale Selection","date":"16 December 2025","format":false,"excerpt":"Pr\u00e9paration \ud83e\udd44 1 \u2013 2 c. \u00e0 caf\u00e9 par tasse (12 g\/litre)\ud83c\udf21\ufe0f 100 \u00b0C\u23f3 3 minutes","rel":"","context":"Similar post","block_context":{"text":"Similar post","link":""},"img":{"alt_text":"Tee Trilogie \u2013 Schwarz-, Gr\u00fcn- und Pu-Erh-Tee","src":"https:\/\/i0.wp.com\/teasense.ch\/wp-content\/uploads\/2025\/12\/tee-trilogie-%E2%80%93-schwarz-gruen-und-pu-erh-tee.png?resize=350%2C200&ssl=1","width":350,"height":200,"srcset":"https:\/\/i0.wp.com\/teasense.ch\/wp-content\/uploads\/2025\/12\/tee-trilogie-%E2%80%93-schwarz-gruen-und-pu-erh-tee.png?resize=350%2C200&ssl=1 1x, https:\/\/i0.wp.com\/teasense.ch\/wp-content\/uploads\/2025\/12\/tee-trilogie-%E2%80%93-schwarz-gruen-und-pu-erh-tee.png?resize=525%2C300&ssl=1 1.5x, https:\/\/i0.wp.com\/teasense.ch\/wp-content\/uploads\/2025\/12\/tee-trilogie-%E2%80%93-schwarz-gruen-und-pu-erh-tee.png?resize=700%2C400&ssl=1 2x"},"classes":[]},{"id":48156,"url":"https:\/\/teasense.ch\/fr\/produit\/the-noir-cerise-sauvage\/","url_meta":{"origin":50150,"position":3},"title":"Th\u00e9 noir cerise sauvage","author":"Reale Selection","date":"17 December 2025","format":false,"excerpt":"Pr\u00e9paration th\u00e9 noir cerise sauvage naturel \ud83e\udd44 1 \u2013 2 c. \u00e0 c. par tasse (12 g\/litre)\ud83c\udf21\ufe0f 100 \u00b0C\u23f3 3 minutes","rel":"","context":"Similar post","block_context":{"text":"Similar post","link":""},"img":{"alt_text":"Schwarztee Wildkirsche Nat\u00fcrliche Teemischung","src":"https:\/\/i0.wp.com\/teasense.ch\/wp-content\/uploads\/2025\/12\/schwarztee-wildkirsche.png?resize=350%2C200&ssl=1","width":350,"height":200,"srcset":"https:\/\/i0.wp.com\/teasense.ch\/wp-content\/uploads\/2025\/12\/schwarztee-wildkirsche.png?resize=350%2C200&ssl=1 1x, https:\/\/i0.wp.com\/teasense.ch\/wp-content\/uploads\/2025\/12\/schwarztee-wildkirsche.png?resize=525%2C300&ssl=1 1.5x, https:\/\/i0.wp.com\/teasense.ch\/wp-content\/uploads\/2025\/12\/schwarztee-wildkirsche.png?resize=700%2C400&ssl=1 2x"},"classes":[]},{"id":49736,"url":"https:\/\/teasense.ch\/fr\/produit\/the-noir-nepal-sf-tgfop1-kanchanjangha\/","url_meta":{"origin":50150,"position":4},"title":"Th\u00e9 noir Nepal SF TGFOP1 Kanchanjangha","author":"Reale Selection","date":"22 October 2024","format":false,"excerpt":"Th\u00e9 noir classique Pr\u00e9paration th\u00e9 noir Nepal SF TGFOP1 \ud83e\udd44 1 c.\u00e0.c par tasse \ud83c\udf21\ufe0f 90 - 95 \u00b0C \u23f3 3 - 5 minutes","rel":"","context":"Similar post","block_context":{"text":"Similar post","link":""},"img":{"alt_text":"Nepal SF TGFOP1 Typ Kanchanjangha lose","src":"https:\/\/i0.wp.com\/teasense.ch\/wp-content\/uploads\/2024\/10\/nepal-sf-tgfop1-typ-kanchanjangha-lose.png?resize=350%2C200&ssl=1","width":350,"height":200,"srcset":"https:\/\/i0.wp.com\/teasense.ch\/wp-content\/uploads\/2024\/10\/nepal-sf-tgfop1-typ-kanchanjangha-lose.png?resize=350%2C200&ssl=1 1x, https:\/\/i0.wp.com\/teasense.ch\/wp-content\/uploads\/2024\/10\/nepal-sf-tgfop1-typ-kanchanjangha-lose.png?resize=525%2C300&ssl=1 1.5x, https:\/\/i0.wp.com\/teasense.ch\/wp-content\/uploads\/2024\/10\/nepal-sf-tgfop1-typ-kanchanjangha-lose.png?resize=700%2C400&ssl=1 2x"},"classes":[]},{"id":48631,"url":"https:\/\/teasense.ch\/fr\/produit\/tisane-feuilles-framboisier\/","url_meta":{"origin":50150,"position":5},"title":"Tisane de feuilles de framboisier","author":"Reale Selection","date":"13 October 2025","format":false,"excerpt":"Pr\u00e9paration feuilles de framboisier \ud83e\udd44 1-2 cuill\u00e8res \u00e0 caf\u00e9 pour 200 ml\ud83c\udf21\ufe0f 95 \u00b0C\u23f3 5-7 minutes","rel":"","context":"Similar post","block_context":{"text":"Similar post","link":""},"img":{"alt_text":"Himbeerbl\u00e4tter Tee \u2013 mild, aromatisch und wohlschmeckend","src":"https:\/\/i0.wp.com\/teasense.ch\/wp-content\/uploads\/2025\/10\/himbeerblaetter.png?resize=350%2C200&ssl=1","width":350,"height":200,"srcset":"https:\/\/i0.wp.com\/teasense.ch\/wp-content\/uploads\/2025\/10\/himbeerblaetter.png?resize=350%2C200&ssl=1 1x, https:\/\/i0.wp.com\/teasense.ch\/wp-content\/uploads\/2025\/10\/himbeerblaetter.png?resize=525%2C300&ssl=1 1.5x, https:\/\/i0.wp.com\/teasense.ch\/wp-content\/uploads\/2025\/10\/himbeerblaetter.png?resize=700%2C400&ssl=1 2x"},"classes":[]}],"jetpack_sharing_enabled":true,"jetpack_likes_enabled":false,"_links":{"self":[{"href":"https:\/\/teasense.ch\/fr\/wp-json\/wp\/v2\/product\/50150","targetHints":{"allow":["GET"]}}],"collection":[{"href":"https:\/\/teasense.ch\/fr\/wp-json\/wp\/v2\/product"}],"about":[{"href":"https:\/\/teasense.ch\/fr\/wp-json\/wp\/v2\/types\/product"}],"replies":[{"embeddable":true,"href":"https:\/\/teasense.ch\/fr\/wp-json\/wp\/v2\/comments?post=50150"}],"wp:featuredmedia":[{"embeddable":true,"href":"https:\/\/teasense.ch\/fr\/wp-json\/wp\/v2\/media\/33411"}],"wp:attachment":[{"href":"https:\/\/teasense.ch\/fr\/wp-json\/wp\/v2\/media?parent=50150"}],"wp:term":[{"taxonomy":"product_brand","embeddable":true,"href":"https:\/\/teasense.ch\/fr\/wp-json\/wp\/v2\/product_brand?post=50150"},{"taxonomy":"product_cat","embeddable":true,"href":"https:\/\/teasense.ch\/fr\/wp-json\/wp\/v2\/product_cat?post=50150"},{"taxonomy":"product_tag","embeddable":true,"href":"https:\/\/teasense.ch\/fr\/wp-json\/wp\/v2\/product_tag?post=50150"}],"curies":[{"name":"wp","href":"https:\/\/api.w.org\/{rel}","templated":true}]}}