{"id":50293,"date":"2023-08-27T19:37:38","date_gmt":"2023-08-27T17:37:38","guid":{"rendered":"https:\/\/teasense.ch\/produkt\/tisane-tulsi\/"},"modified":"2026-05-07T15:01:14","modified_gmt":"2026-05-07T13:01:14","slug":"tisane-tulsi","status":"publish","type":"product","link":"https:\/\/teasense.ch\/fr\/produit\/tisane-tulsi\/","title":{"rendered":"Tisane Tulsi"},"content":{"rendered":"<h2>Tisane Tulsi \u2013 une plante sacr\u00e9e aux riches traditions<\/h2>\n<p>Le Tulsi, \u00e9galement appel\u00e9 basilic sacr\u00e9, est appr\u00e9ci\u00e9 depuis des si\u00e8cles dans la culture indienne et souvent consid\u00e9r\u00e9 comme un \u00ab cadeau des dieux \u00bb.<\/p>\n<p>Aujourd\u2019hui, cette plante aromatique s\u00e9duit dans le monde entier gr\u00e2ce \u00e0 son go\u00fbt unique et son histoire culturelle.<\/p>\n<p>La Tisane Tulsi offre une exp\u00e9rience aromatique agr\u00e9able et pleine de caract\u00e8re.<\/p>\n<p>Son profil aromatique particulier et sa longue tradition en font une infusion tr\u00e8s appr\u00e9ci\u00e9e des amateurs de plantes.<\/p>\n<h2>100 % feuilles de Tulsi<\/h2>\n<p>Notre Tisane Tulsi est compos\u00e9e exclusivement de feuilles de Tulsi s\u00e9ch\u00e9es.<\/p>\n<p>Aucun autre ingr\u00e9dient n\u2019est ajout\u00e9 afin de pr\u00e9server l\u2019authenticit\u00e9 et la puret\u00e9 de cette plante exceptionnelle.<\/p>\n<h2>Pr\u00e9paration Tisane Tulsi<\/h2>\n<p>Utiliser environ 2,5 g de feuilles de Tulsi pour 200 ml d\u2019eau.<\/p>\n<p>Verser de l\u2019eau bouillante \u00e0 100 \u00b0C et laisser infuser 5 \u00e0 8 minutes.<\/p>\n<p>Cette pr\u00e9paration permet de d\u00e9velopper pleinement les ar\u00f4mes naturels du Tulsi.<\/p>\n<p>La Tisane Tulsi associe tradition, authenticit\u00e9 et plaisir des plantes dans chaque tasse.<\/p>\n<p><strong>Romina :<\/strong> \u00ab C\u2019est fascinant de voir \u00e0 quel point une seule plante peut offrir une telle richesse aromatique, presque comme un m\u00e9lange d\u2019herbes. \u00bb<\/p>\n","protected":false},"excerpt":{"rendered":"<h4>Pr\u00e9paration Tisane Tulsi<\/h4>\n<p>\ud83e\udd44 2,5 g (env. 1 c.\u00e0.c.) de feuilles de Tulsi<br \/>\n\ud83c\udf21\ufe0f 100 \u00b0C<br \/>\n\u23f3 5\u20138 minutes<\/p>\n","protected":false},"featured_media":36150,"comment_status":"open","ping_status":"closed","template":"","meta":{"_et_pb_use_builder":"","_et_pb_old_content":"","_et_gb_content_width":""},"product_brand":[],"product_cat":[442,397,375,380,348],"product_tag":[],"class_list":{"0":"post-50293","1":"product","2":"type-product","3":"status-publish","4":"has-post-thumbnail","6":"product_cat-monoherbes","7":"product_cat-the-ayurvedique","8":"product_cat-the-en-vrac","9":"product_cat-tisane","10":"product_cat-tous-produits","11":"pa_herkunft-indonesie","12":"pa_weight-100-g","13":"pa_weight-200-g","14":"pa_weight-400-g","15":"pa_weight-50-g","17":"first","18":"instock","19":"shipping-taxable","20":"purchasable","21":"product-type-variable","22":"has-default-attributes","23":"add-to-wishlist-before_image"},"yoast_head":"<!-- This site is optimized with the Yoast SEO plugin v27.5 - https:\/\/yoast.com\/product\/yoast-seo-wordpress\/ -->\n<title>Tisane Tulsi - TeaSense.ch<\/title>\n<meta name=\"description\" content=\"Tisane Tulsi compos\u00e9e \u00e0 100 % de feuilles de Tulsi s\u00e9ch\u00e9es. Infusion aromatique inspir\u00e9e des traditions indiennes. \ud83c\udf3f\" \/>\n<meta name=\"robots\" content=\"index, follow, max-snippet:-1, max-image-preview:large, max-video-preview:-1\" \/>\n<link rel=\"canonical\" href=\"https:\/\/teasense.ch\/fr\/produit\/tisane-tulsi\/\" \/>\n<meta property=\"og:locale\" content=\"fr_FR\" \/>\n<meta property=\"og:type\" content=\"article\" \/>\n<meta property=\"og:title\" content=\"Tisane Tulsi - TeaSense.ch\" \/>\n<meta property=\"og:description\" content=\"Tisane Tulsi compos\u00e9e \u00e0 100 % de feuilles de Tulsi s\u00e9ch\u00e9es. Infusion aromatique inspir\u00e9e des traditions indiennes. \ud83c\udf3f\" \/>\n<meta property=\"og:url\" content=\"https:\/\/teasense.ch\/fr\/produit\/tisane-tulsi\/\" \/>\n<meta property=\"og:site_name\" content=\"TeaSense.ch\" \/>\n<meta property=\"article:publisher\" content=\"https:\/\/www.facebook.com\/teasense.ch\" \/>\n<meta property=\"article:modified_time\" content=\"2026-05-07T13:01:14+00:00\" \/>\n<meta property=\"og:image\" content=\"https:\/\/teasense.ch\/wp-content\/uploads\/2025\/02\/hibiskus-tee-lose-und-aufgegossen-in-Tassen.png\" \/>\n\t<meta property=\"og:image:width\" content=\"800\" \/>\n\t<meta property=\"og:image:height\" content=\"800\" \/>\n\t<meta property=\"og:image:type\" content=\"image\/png\" \/>\n<meta name=\"twitter:card\" content=\"summary_large_image\" \/>\n<meta name=\"twitter:label1\" content=\"Est. reading time\" \/>\n\t<meta name=\"twitter:data1\" content=\"1 minute\" \/>\n<!-- \/ Yoast SEO plugin. -->","yoast_head_json":{"title":"Tisane Tulsi - TeaSense.ch","description":"Tisane Tulsi compos\u00e9e \u00e0 100 % de feuilles de Tulsi s\u00e9ch\u00e9es. Infusion aromatique inspir\u00e9e des traditions indiennes. \ud83c\udf3f","robots":{"index":"index","follow":"follow","max-snippet":"max-snippet:-1","max-image-preview":"max-image-preview:large","max-video-preview":"max-video-preview:-1"},"canonical":"https:\/\/teasense.ch\/fr\/produit\/tisane-tulsi\/","og_locale":"fr_FR","og_type":"article","og_title":"Tisane Tulsi - TeaSense.ch","og_description":"Tisane Tulsi compos\u00e9e \u00e0 100 % de feuilles de Tulsi s\u00e9ch\u00e9es. Infusion aromatique inspir\u00e9e des traditions indiennes. \ud83c\udf3f","og_url":"https:\/\/teasense.ch\/fr\/produit\/tisane-tulsi\/","og_site_name":"TeaSense.ch","article_publisher":"https:\/\/www.facebook.com\/teasense.ch","article_modified_time":"2026-05-07T13:01:14+00:00","og_image":[{"width":800,"height":800,"url":"https:\/\/teasense.ch\/wp-content\/uploads\/2025\/02\/hibiskus-tee-lose-und-aufgegossen-in-Tassen.png","type":"image\/png"}],"twitter_card":"summary_large_image","twitter_misc":{"Est. reading time":"1 minute"},"schema":{"@context":"https:\/\/schema.org","@graph":[{"@type":"WebPage","@id":"https:\/\/teasense.ch\/fr\/produit\/tisane-tulsi\/","url":"https:\/\/teasense.ch\/fr\/produit\/tisane-tulsi\/","name":"Tisane Tulsi - TeaSense.ch","isPartOf":{"@id":"https:\/\/teasense.ch\/fr\/#website"},"primaryImageOfPage":{"@id":"https:\/\/teasense.ch\/fr\/produit\/tisane-tulsi\/#primaryimage"},"image":{"@id":"https:\/\/teasense.ch\/fr\/produit\/tisane-tulsi\/#primaryimage"},"thumbnailUrl":"https:\/\/teasense.ch\/wp-content\/uploads\/2023\/08\/tulsi-plain.jpg","datePublished":"2023-08-27T17:37:38+00:00","dateModified":"2026-05-07T13:01:14+00:00","description":"Tisane Tulsi compos\u00e9e \u00e0 100 % de feuilles de Tulsi s\u00e9ch\u00e9es. Infusion aromatique inspir\u00e9e des traditions indiennes. \ud83c\udf3f","breadcrumb":{"@id":"https:\/\/teasense.ch\/fr\/produit\/tisane-tulsi\/#breadcrumb"},"inLanguage":"fr-CH","potentialAction":[{"@type":"ReadAction","target":["https:\/\/teasense.ch\/fr\/produit\/tisane-tulsi\/"]}]},{"@type":"ImageObject","inLanguage":"fr-CH","@id":"https:\/\/teasense.ch\/fr\/produit\/tisane-tulsi\/#primaryimage","url":"https:\/\/teasense.ch\/wp-content\/uploads\/2023\/08\/tulsi-plain.jpg","contentUrl":"https:\/\/teasense.ch\/wp-content\/uploads\/2023\/08\/tulsi-plain.jpg","width":800,"height":800,"caption":"Tulsi Teebl\u00e4tter f\u00fcr Tee heiliges Basilikum"},{"@type":"BreadcrumbList","@id":"https:\/\/teasense.ch\/fr\/produit\/tisane-tulsi\/#breadcrumb","itemListElement":[{"@type":"ListItem","position":1,"name":"Startseite","item":"https:\/\/teasense.ch\/fr\/"},{"@type":"ListItem","position":2,"name":"Boutique de th\u00e9 en ligne","item":"https:\/\/teasense.ch\/fr\/shop\/"},{"@type":"ListItem","position":3,"name":"Tisane Tulsi"}]},{"@type":"WebSite","@id":"https:\/\/teasense.ch\/fr\/#website","url":"https:\/\/teasense.ch\/fr\/","name":"TeaSense.ch","description":"Nat\u00fcrliche Teemischungen und klassischer Tee","publisher":{"@id":"https:\/\/teasense.ch\/fr\/#organization"},"alternateName":"TeaSense","potentialAction":[{"@type":"SearchAction","target":{"@type":"EntryPoint","urlTemplate":"https:\/\/teasense.ch\/fr\/?s={search_term_string}"},"query-input":{"@type":"PropertyValueSpecification","valueRequired":true,"valueName":"search_term_string"}}],"inLanguage":"fr-CH"},{"@type":"Organization","@id":"https:\/\/teasense.ch\/fr\/#organization","name":"Reale Selection","alternateName":"TeaSense.ch","url":"https:\/\/teasense.ch\/fr\/","logo":{"@type":"ImageObject","inLanguage":"fr-CH","@id":"https:\/\/teasense.ch\/fr\/#\/schema\/logo\/image\/","url":"https:\/\/teasense.ch\/wp-content\/uploads\/2023\/07\/cropped-logo-teasense-kategorie-onlineshop-alle-produkte.jpg","contentUrl":"https:\/\/teasense.ch\/wp-content\/uploads\/2023\/07\/cropped-logo-teasense-kategorie-onlineshop-alle-produkte.jpg","width":512,"height":512,"caption":"Reale Selection"},"image":{"@id":"https:\/\/teasense.ch\/fr\/#\/schema\/logo\/image\/"},"sameAs":["https:\/\/www.facebook.com\/teasense.ch"]}]}},"jetpack-related-posts":[{"id":48631,"url":"https:\/\/teasense.ch\/fr\/produit\/tisane-feuilles-framboisier\/","url_meta":{"origin":50293,"position":0},"title":"Tisane de feuilles de framboisier","author":"Reale Selection","date":"13 October 2025","format":false,"excerpt":"Pr\u00e9paration feuilles de framboisier \ud83e\udd44 1-2 cuill\u00e8res \u00e0 caf\u00e9 pour 200 ml\ud83c\udf21\ufe0f 95 \u00b0C\u23f3 5-7 minutes","rel":"","context":"Similar post","block_context":{"text":"Similar post","link":""},"img":{"alt_text":"Himbeerbl\u00e4tter Tee \u2013 mild, aromatisch und wohlschmeckend","src":"https:\/\/i0.wp.com\/teasense.ch\/wp-content\/uploads\/2025\/10\/himbeerblaetter.png?resize=350%2C200&ssl=1","width":350,"height":200,"srcset":"https:\/\/i0.wp.com\/teasense.ch\/wp-content\/uploads\/2025\/10\/himbeerblaetter.png?resize=350%2C200&ssl=1 1x, https:\/\/i0.wp.com\/teasense.ch\/wp-content\/uploads\/2025\/10\/himbeerblaetter.png?resize=525%2C300&ssl=1 1.5x, https:\/\/i0.wp.com\/teasense.ch\/wp-content\/uploads\/2025\/10\/himbeerblaetter.png?resize=700%2C400&ssl=1 2x"},"classes":[]},{"id":50218,"url":"https:\/\/teasense.ch\/fr\/produit\/tisane-des-sens\/","url_meta":{"origin":50293,"position":1},"title":"Tisane des Sens","author":"Reale Selection","date":"29 ao\u00fbt 2023","format":false,"excerpt":"Pr\u00e9paration Tisane des Sens \ud83e\udd44 2,5 g pour 200 ml d\u2019eau \ud83c\udf21\ufe0f 100 \u00b0C \u23f3 5\u20138 minutes","rel":"","context":"Similar post","block_context":{"text":"Similar post","link":""},"img":{"alt_text":"Sinneskr\u00e4uter Lose Teemischung","src":"https:\/\/i0.wp.com\/teasense.ch\/wp-content\/uploads\/2023\/08\/sinneskraeuter-teemischung-plain.jpg?resize=350%2C200&ssl=1","width":350,"height":200,"srcset":"https:\/\/i0.wp.com\/teasense.ch\/wp-content\/uploads\/2023\/08\/sinneskraeuter-teemischung-plain.jpg?resize=350%2C200&ssl=1 1x, https:\/\/i0.wp.com\/teasense.ch\/wp-content\/uploads\/2023\/08\/sinneskraeuter-teemischung-plain.jpg?resize=525%2C300&ssl=1 1.5x, https:\/\/i0.wp.com\/teasense.ch\/wp-content\/uploads\/2023\/08\/sinneskraeuter-teemischung-plain.jpg?resize=700%2C400&ssl=1 2x"},"classes":[]},{"id":49594,"url":"https:\/\/teasense.ch\/fr\/produit\/mate-tee-geroestet\/","url_meta":{"origin":50293,"position":2},"title":"Th\u00e9 mat\u00e9 torr\u00e9fi\u00e9","author":"Reale Selection","date":"23 October 2024","format":false,"excerpt":"Mat\u00e9 torr\u00e9fi\u00e9 traditionnel Pr\u00e9paration mat\u00e9 torr\u00e9fi\u00e9 \ud83e\udd44 1 cuill\u00e8re \u00e0 caf\u00e9 par tasse (12 g\/litre)\ud83c\udf21\ufe0f 80 - 90 \u00b0C\u23f3 5 minutes","rel":"","context":"Similar post","block_context":{"text":"Similar post","link":""},"img":{"alt_text":"Mate ger\u00f6stet auf weissem Hintergrund","src":"https:\/\/i0.wp.com\/teasense.ch\/wp-content\/uploads\/2024\/10\/mate-geroestet-auf-weissem-hintergrund.png?resize=350%2C200&ssl=1","width":350,"height":200,"srcset":"https:\/\/i0.wp.com\/teasense.ch\/wp-content\/uploads\/2024\/10\/mate-geroestet-auf-weissem-hintergrund.png?resize=350%2C200&ssl=1 1x, https:\/\/i0.wp.com\/teasense.ch\/wp-content\/uploads\/2024\/10\/mate-geroestet-auf-weissem-hintergrund.png?resize=525%2C300&ssl=1 1.5x, https:\/\/i0.wp.com\/teasense.ch\/wp-content\/uploads\/2024\/10\/mate-geroestet-auf-weissem-hintergrund.png?resize=700%2C400&ssl=1 2x"},"classes":[]},{"id":50074,"url":"https:\/\/teasense.ch\/fr\/produit\/tisane-fraicheur\/","url_meta":{"origin":50293,"position":3},"title":"Tisane Fra\u00eecheur","author":"Reale Selection","date":"22 October 2023","format":false,"excerpt":"Infusion aux herbes go\u00fbt menthe-citron Pr\u00e9paration Tisane Fra\u00eecheur \ud83e\udd44 1\u20132 c.\u00e0.c par litre (14 g\/litre) \ud83c\udf21\ufe0f 100 \u00b0C \u23f3 5 minutes","rel":"","context":"Similar post","block_context":{"text":"Similar post","link":""},"img":{"alt_text":"Loser Koriander Teemischung","src":"https:\/\/i0.wp.com\/teasense.ch\/wp-content\/uploads\/2023\/10\/kraeuterteemischung-bleib-fresh-plain.jpg?resize=350%2C200&ssl=1","width":350,"height":200,"srcset":"https:\/\/i0.wp.com\/teasense.ch\/wp-content\/uploads\/2023\/10\/kraeuterteemischung-bleib-fresh-plain.jpg?resize=350%2C200&ssl=1 1x, https:\/\/i0.wp.com\/teasense.ch\/wp-content\/uploads\/2023\/10\/kraeuterteemischung-bleib-fresh-plain.jpg?resize=525%2C300&ssl=1 1.5x, https:\/\/i0.wp.com\/teasense.ch\/wp-content\/uploads\/2023\/10\/kraeuterteemischung-bleib-fresh-plain.jpg?resize=700%2C400&ssl=1 2x"},"classes":[]},{"id":49050,"url":"https:\/\/teasense.ch\/fr\/produit\/pekoe-the-noir-gorreana\/","url_meta":{"origin":50293,"position":4},"title":"Pekoe \u2013 Th\u00e9 noir Gorreana","author":"Reale Selection","date":"20 ao\u00fbt 2025","format":false,"excerpt":"Th\u00e9 Pekoe \u2013 th\u00e9 noir classique de Gorreana Le Pekoe de Gorreana est un th\u00e9 noir classique des A\u00e7ores, appr\u00e9ci\u00e9 pour son caract\u00e8re \u00e9quilibr\u00e9 et doux. Alors que le Orange Pekoe repr\u00e9sente une qualit\u00e9 de feuille plus fine, le Pekoe s\u00e9duit par sa simplicit\u00e9 et convient parfaitement au quotidien. Origine\u2026","rel":"","context":"Similar post","block_context":{"text":"Similar post","link":""},"img":{"alt_text":"schwarzertee pekoe aus den Azoren Portugal","src":"https:\/\/i0.wp.com\/teasense.ch\/wp-content\/uploads\/2025\/08\/schwarzertee-pekoe.png?resize=350%2C200&ssl=1","width":350,"height":200,"srcset":"https:\/\/i0.wp.com\/teasense.ch\/wp-content\/uploads\/2025\/08\/schwarzertee-pekoe.png?resize=350%2C200&ssl=1 1x, https:\/\/i0.wp.com\/teasense.ch\/wp-content\/uploads\/2025\/08\/schwarzertee-pekoe.png?resize=525%2C300&ssl=1 1.5x, https:\/\/i0.wp.com\/teasense.ch\/wp-content\/uploads\/2025\/08\/schwarzertee-pekoe.png?resize=700%2C400&ssl=1 2x"},"classes":[]},{"id":48175,"url":"https:\/\/teasense.ch\/fr\/produit\/tisane-douce-nuit\/","url_meta":{"origin":50293,"position":5},"title":"Tisane Douce Nuit","author":"Reale Selection","date":"23 October 2024","format":false,"excerpt":"Pr\u00e9paration de la Tisane Douce Nuit \ud83e\udd44 1 cuill\u00e8re \u00e0 caf\u00e9 par tasse (14 g\/litre)\ud83c\udf21\ufe0f 100 \u00b0C\u23f3 5 minutes","rel":"","context":"Similar post","block_context":{"text":"Similar post","link":""},"img":{"alt_text":"Schlafm\u00fctze Kr\u00e4utertee weisser Hintergrund","src":"https:\/\/i0.wp.com\/teasense.ch\/wp-content\/uploads\/2024\/10\/schlafmuetze-kraeutertee-weisser-hintergrund.png?resize=350%2C200&ssl=1","width":350,"height":200,"srcset":"https:\/\/i0.wp.com\/teasense.ch\/wp-content\/uploads\/2024\/10\/schlafmuetze-kraeutertee-weisser-hintergrund.png?resize=350%2C200&ssl=1 1x, https:\/\/i0.wp.com\/teasense.ch\/wp-content\/uploads\/2024\/10\/schlafmuetze-kraeutertee-weisser-hintergrund.png?resize=525%2C300&ssl=1 1.5x, https:\/\/i0.wp.com\/teasense.ch\/wp-content\/uploads\/2024\/10\/schlafmuetze-kraeutertee-weisser-hintergrund.png?resize=700%2C400&ssl=1 2x"},"classes":[]}],"jetpack_sharing_enabled":true,"jetpack_likes_enabled":false,"_links":{"self":[{"href":"https:\/\/teasense.ch\/fr\/wp-json\/wp\/v2\/product\/50293","targetHints":{"allow":["GET"]}}],"collection":[{"href":"https:\/\/teasense.ch\/fr\/wp-json\/wp\/v2\/product"}],"about":[{"href":"https:\/\/teasense.ch\/fr\/wp-json\/wp\/v2\/types\/product"}],"replies":[{"embeddable":true,"href":"https:\/\/teasense.ch\/fr\/wp-json\/wp\/v2\/comments?post=50293"}],"wp:featuredmedia":[{"embeddable":true,"href":"https:\/\/teasense.ch\/fr\/wp-json\/wp\/v2\/media\/36150"}],"wp:attachment":[{"href":"https:\/\/teasense.ch\/fr\/wp-json\/wp\/v2\/media?parent=50293"}],"wp:term":[{"taxonomy":"product_brand","embeddable":true,"href":"https:\/\/teasense.ch\/fr\/wp-json\/wp\/v2\/product_brand?post=50293"},{"taxonomy":"product_cat","embeddable":true,"href":"https:\/\/teasense.ch\/fr\/wp-json\/wp\/v2\/product_cat?post=50293"},{"taxonomy":"product_tag","embeddable":true,"href":"https:\/\/teasense.ch\/fr\/wp-json\/wp\/v2\/product_tag?post=50293"}],"curies":[{"name":"wp","href":"https:\/\/api.w.org\/{rel}","templated":true}]}}