{"id":50307,"date":"2023-08-08T13:17:13","date_gmt":"2023-08-08T11:17:13","guid":{"rendered":"https:\/\/teasense.ch\/produkt\/fleurs-dhibiscus-moulues\/"},"modified":"2026-05-07T15:16:52","modified_gmt":"2026-05-07T13:16:52","slug":"fleurs-dhibiscus-moulues","status":"publish","type":"product","link":"https:\/\/teasense.ch\/fr\/produit\/fleurs-dhibiscus-moulues\/","title":{"rendered":"Fleurs d\u2019hibiscus moulues"},"content":{"rendered":"<h3>Fleurs d\u2019hibiscus moulues<\/h3>\n<p>L\u2019hibiscus est appr\u00e9ci\u00e9 depuis des si\u00e8cles pour sa couleur intense et son go\u00fbt rafra\u00eechissant. Ses fleurs rouge fonc\u00e9 offrent des notes fruit\u00e9es avec une agr\u00e9able touche acidul\u00e9e.<\/p>\n<p>Dans de nombreuses cultures, l\u2019hibiscus occupe une place importante aussi bien dans les infusions que dans la cuisine.<\/p>\n<p>La plante constitue \u00e9galement une source de nourriture appr\u00e9ci\u00e9e des abeilles et autres pollinisateurs gr\u00e2ce \u00e0 ses fleurs color\u00e9es.<\/p>\n<p>Nos fleurs d\u2019hibiscus finement moulues sont tr\u00e8s polyvalentes et parfaites pour les infusions, boissons glac\u00e9es, desserts ou recettes cr\u00e9atives.<\/p>\n<p>Associ\u00e9 \u00e0 la citronnelle ou \u00e0 la pomme, l\u2019hibiscus permet de pr\u00e9parer des boissons particuli\u00e8rement rafra\u00eechissantes.<\/p>\n<p>La poudre d\u00e9veloppe une magnifique couleur rouge-rose gr\u00e2ce aux pigments naturels des fleurs.<\/p>\n<p>En dehors de l\u2019Europe, cette poudre est parfois appel\u00e9e \u00ab red matcha \u00bb.<\/p>\n<p>Chaude ou froide, sucr\u00e9e ou utilis\u00e9e en cuisine, l\u2019hibiscus apporte couleur et originalit\u00e9 au quotidien.<\/p>\n<h3>Infusion d\u2019hibiscus avec fleurs moulues<\/h3>\n<p>Il suffit de m\u00e9langer la poudre dans de l\u2019eau chaude pour pr\u00e9parer une infusion d\u2019hibiscus.<\/p>\n<p>Pour un go\u00fbt \u00e9quilibr\u00e9, il est conseill\u00e9 de ne pas d\u00e9passer 8 minutes d\u2019infusion.<\/p>\n<p>L\u2019hibiscus peut \u00eatre d\u00e9gust\u00e9 chaud ou froid selon les envies.<\/p>\n<p><strong>Ingr\u00e9dients fleurs d\u2019hibiscus moulues<\/strong><br \/>\n100 % fleurs d\u2019hibiscus moulues<\/p>\n<h4>D\u00e9couvre les fleurs d\u2019hibiscus moulues \u2764\ufe0f<\/h4>\n<p>Apporte couleur et saveur \u00e0 tes recettes avec nos fleurs d\u2019hibiscus moulues.<\/p>\n<p>Id\u00e9ales pour les infusions, desserts, p\u00e2tisseries ou boissons cr\u00e9atives.<\/p>\n<h4>Recette de sirop d\u2019hibiscus<\/h4>\n<h5>Ingr\u00e9dients<\/h5>\n<p>480 ml d\u2019eau (env. 2 tasses), 200 g de sucre (env. 1 tasse), 2 cuill\u00e8res \u00e0 soupe de fleurs d\u2019hibiscus moulues (env. 10 g), 2 cuill\u00e8res \u00e0 caf\u00e9 de jus de citron (env. 10 ml)<\/p>\n<h5>Pr\u00e9paration du sirop d\u2019hibiscus<\/h5>\n<ol>\n<li>Faire chauffer l\u2019eau et le sucre jusqu\u2019\u00e0 dissolution compl\u00e8te.<\/li>\n<li>Ajouter les fleurs d\u2019hibiscus moulues.<\/li>\n<li>Laisser mijoter doucement 5\u201310 minutes.<\/li>\n<li>Ajouter le jus de citron et laisser refroidir l\u00e9g\u00e8rement.<\/li>\n<li>Filtrer et verser dans des bouteilles ou bocaux.<\/li>\n<\/ol>\n","protected":false},"excerpt":{"rendered":"<p>Fleurs d\u2019hibiscus moulues (Hibiscus sabdariffa)<br \/>\nPoudre de karkad\u00e9<\/p>\n<h3>Pr\u00e9paration fleurs d\u2019hibiscus moulues<\/h3>\n<p>\ud83e\udd44 1 cuill\u00e8re \u00e0 caf\u00e9 (env. 2 g) par tasse<br \/>\n\ud83c\udf21\ufe0f Eau chaude \u00e0 95\u2013100 \u00b0C<br \/>\n\ud83e\udd64 M\u00e9langer directement la poudre dans l\u2019eau<\/p>\n","protected":false},"featured_media":34987,"comment_status":"open","ping_status":"closed","template":"","meta":{"_et_pb_use_builder":"","_et_pb_old_content":"","_et_gb_content_width":""},"product_brand":[],"product_cat":[394,448,397,348],"product_tag":[],"class_list":{"0":"post-50307","1":"product","2":"type-product","3":"status-publish","4":"has-post-thumbnail","6":"product_cat-fruits-epices","7":"product_cat-superaliments","8":"product_cat-the-ayurvedique","9":"product_cat-tous-produits","10":"pa_herkunft-egypte","11":"pa_weight-100-g","12":"pa_weight-200-g","13":"pa_weight-50-g","15":"first","16":"instock","17":"shipping-taxable","18":"purchasable","19":"product-type-variable","20":"has-default-attributes","21":"add-to-wishlist-before_image"},"yoast_head":"<!-- This site is optimized with the Yoast SEO plugin v27.5 - https:\/\/yoast.com\/product\/yoast-seo-wordpress\/ -->\n<title>Fleurs d\u2019hibiscus moulues - TeaSense.ch<\/title>\n<meta name=\"description\" content=\"Fleurs d\u2019hibiscus moulues 100 % pures. Id\u00e9ales pour infusions, desserts, boissons glac\u00e9es et recettes cr\u00e9atives. \u2764\ufe0f\" \/>\n<meta name=\"robots\" content=\"index, follow, max-snippet:-1, max-image-preview:large, max-video-preview:-1\" \/>\n<link rel=\"canonical\" href=\"https:\/\/teasense.ch\/fr\/produit\/fleurs-dhibiscus-moulues\/\" \/>\n<meta property=\"og:locale\" content=\"fr_FR\" \/>\n<meta property=\"og:type\" content=\"article\" \/>\n<meta property=\"og:title\" content=\"Fleurs d\u2019hibiscus moulues - TeaSense.ch\" \/>\n<meta property=\"og:description\" content=\"Fleurs d\u2019hibiscus moulues 100 % pures. Id\u00e9ales pour infusions, desserts, boissons glac\u00e9es et recettes cr\u00e9atives. \u2764\ufe0f\" \/>\n<meta property=\"og:url\" content=\"https:\/\/teasense.ch\/fr\/produit\/fleurs-dhibiscus-moulues\/\" \/>\n<meta property=\"og:site_name\" content=\"TeaSense.ch\" \/>\n<meta property=\"article:publisher\" content=\"https:\/\/www.facebook.com\/teasense.ch\" \/>\n<meta property=\"article:modified_time\" content=\"2026-05-07T13:16:52+00:00\" \/>\n<meta property=\"og:image\" content=\"https:\/\/teasense.ch\/wp-content\/uploads\/2025\/02\/hibiskus-tee-lose-und-aufgegossen-in-Tassen.png\" \/>\n\t<meta property=\"og:image:width\" content=\"800\" \/>\n\t<meta property=\"og:image:height\" content=\"800\" \/>\n\t<meta property=\"og:image:type\" content=\"image\/png\" \/>\n<meta name=\"twitter:card\" content=\"summary_large_image\" \/>\n<meta name=\"twitter:label1\" content=\"Est. reading time\" \/>\n\t<meta name=\"twitter:data1\" content=\"2 minutes\" \/>\n<!-- \/ Yoast SEO plugin. -->","yoast_head_json":{"title":"Fleurs d\u2019hibiscus moulues - TeaSense.ch","description":"Fleurs d\u2019hibiscus moulues 100 % pures. Id\u00e9ales pour infusions, desserts, boissons glac\u00e9es et recettes cr\u00e9atives. \u2764\ufe0f","robots":{"index":"index","follow":"follow","max-snippet":"max-snippet:-1","max-image-preview":"max-image-preview:large","max-video-preview":"max-video-preview:-1"},"canonical":"https:\/\/teasense.ch\/fr\/produit\/fleurs-dhibiscus-moulues\/","og_locale":"fr_FR","og_type":"article","og_title":"Fleurs d\u2019hibiscus moulues - TeaSense.ch","og_description":"Fleurs d\u2019hibiscus moulues 100 % pures. Id\u00e9ales pour infusions, desserts, boissons glac\u00e9es et recettes cr\u00e9atives. \u2764\ufe0f","og_url":"https:\/\/teasense.ch\/fr\/produit\/fleurs-dhibiscus-moulues\/","og_site_name":"TeaSense.ch","article_publisher":"https:\/\/www.facebook.com\/teasense.ch","article_modified_time":"2026-05-07T13:16:52+00:00","og_image":[{"width":800,"height":800,"url":"https:\/\/teasense.ch\/wp-content\/uploads\/2025\/02\/hibiskus-tee-lose-und-aufgegossen-in-Tassen.png","type":"image\/png"}],"twitter_card":"summary_large_image","twitter_misc":{"Est. reading time":"2 minutes"},"schema":{"@context":"https:\/\/schema.org","@graph":[{"@type":"WebPage","@id":"https:\/\/teasense.ch\/fr\/produit\/fleurs-dhibiscus-moulues\/","url":"https:\/\/teasense.ch\/fr\/produit\/fleurs-dhibiscus-moulues\/","name":"Fleurs d\u2019hibiscus moulues - TeaSense.ch","isPartOf":{"@id":"https:\/\/teasense.ch\/fr\/#website"},"primaryImageOfPage":{"@id":"https:\/\/teasense.ch\/fr\/produit\/fleurs-dhibiscus-moulues\/#primaryimage"},"image":{"@id":"https:\/\/teasense.ch\/fr\/produit\/fleurs-dhibiscus-moulues\/#primaryimage"},"thumbnailUrl":"https:\/\/teasense.ch\/wp-content\/uploads\/2023\/08\/hibiskusblueten-pulver-loeffel.jpg","datePublished":"2023-08-08T11:17:13+00:00","dateModified":"2026-05-07T13:16:52+00:00","description":"Fleurs d\u2019hibiscus moulues 100 % pures. Id\u00e9ales pour infusions, desserts, boissons glac\u00e9es et recettes cr\u00e9atives. \u2764\ufe0f","breadcrumb":{"@id":"https:\/\/teasense.ch\/fr\/produit\/fleurs-dhibiscus-moulues\/#breadcrumb"},"inLanguage":"fr-CH","potentialAction":[{"@type":"ReadAction","target":["https:\/\/teasense.ch\/fr\/produit\/fleurs-dhibiscus-moulues\/"]}]},{"@type":"ImageObject","inLanguage":"fr-CH","@id":"https:\/\/teasense.ch\/fr\/produit\/fleurs-dhibiscus-moulues\/#primaryimage","url":"https:\/\/teasense.ch\/wp-content\/uploads\/2023\/08\/hibiskusblueten-pulver-loeffel.jpg","contentUrl":"https:\/\/teasense.ch\/wp-content\/uploads\/2023\/08\/hibiskusblueten-pulver-loeffel.jpg","width":800,"height":800,"caption":"Hibiskusbl\u00fcten Pulver auf L\u00f6ffel"},{"@type":"BreadcrumbList","@id":"https:\/\/teasense.ch\/fr\/produit\/fleurs-dhibiscus-moulues\/#breadcrumb","itemListElement":[{"@type":"ListItem","position":1,"name":"Startseite","item":"https:\/\/teasense.ch\/fr\/"},{"@type":"ListItem","position":2,"name":"Boutique de th\u00e9 en ligne","item":"https:\/\/teasense.ch\/fr\/shop\/"},{"@type":"ListItem","position":3,"name":"Fleurs d\u2019hibiscus moulues"}]},{"@type":"WebSite","@id":"https:\/\/teasense.ch\/fr\/#website","url":"https:\/\/teasense.ch\/fr\/","name":"TeaSense.ch","description":"Nat\u00fcrliche Teemischungen und klassischer Tee","publisher":{"@id":"https:\/\/teasense.ch\/fr\/#organization"},"alternateName":"TeaSense","potentialAction":[{"@type":"SearchAction","target":{"@type":"EntryPoint","urlTemplate":"https:\/\/teasense.ch\/fr\/?s={search_term_string}"},"query-input":{"@type":"PropertyValueSpecification","valueRequired":true,"valueName":"search_term_string"}}],"inLanguage":"fr-CH"},{"@type":"Organization","@id":"https:\/\/teasense.ch\/fr\/#organization","name":"Reale Selection","alternateName":"TeaSense.ch","url":"https:\/\/teasense.ch\/fr\/","logo":{"@type":"ImageObject","inLanguage":"fr-CH","@id":"https:\/\/teasense.ch\/fr\/#\/schema\/logo\/image\/","url":"https:\/\/teasense.ch\/wp-content\/uploads\/2023\/07\/cropped-logo-teasense-kategorie-onlineshop-alle-produkte.jpg","contentUrl":"https:\/\/teasense.ch\/wp-content\/uploads\/2023\/07\/cropped-logo-teasense-kategorie-onlineshop-alle-produkte.jpg","width":512,"height":512,"caption":"Reale Selection"},"image":{"@id":"https:\/\/teasense.ch\/fr\/#\/schema\/logo\/image\/"},"sameAs":["https:\/\/www.facebook.com\/teasense.ch"]}]}},"jetpack-related-posts":[{"id":50190,"url":"https:\/\/teasense.ch\/fr\/produit\/the-cold-brew-peche\/","url_meta":{"origin":50307,"position":0},"title":"Th\u00e9 Cold Brew P\u00eache","author":"Reale Selection","date":"30 ao\u00fbt 2023","format":false,"excerpt":"Saveur rafra\u00eechissante de p\u00eache \u2013 id\u00e9al \u00e0 emporter Pr\u00e9paration th\u00e9 Cold Brew P\u00eache \ud83e\udd44 2,5 g de th\u00e9 pour 200 ml d\u2019eau (12\u201315 g\/litre) \ud83c\udf21\ufe0f 20 \u00b0C \u23f3 9\u201311 minutes","rel":"","context":"Similar post","block_context":{"text":"Similar post","link":""},"img":{"alt_text":"Cold Brew Pfirsich Kalt Tee Aufgiessen Teemischung","src":"https:\/\/i0.wp.com\/teasense.ch\/wp-content\/uploads\/2023\/08\/cold-brew-pfirsich.png?resize=350%2C200&ssl=1","width":350,"height":200,"srcset":"https:\/\/i0.wp.com\/teasense.ch\/wp-content\/uploads\/2023\/08\/cold-brew-pfirsich.png?resize=350%2C200&ssl=1 1x, https:\/\/i0.wp.com\/teasense.ch\/wp-content\/uploads\/2023\/08\/cold-brew-pfirsich.png?resize=525%2C300&ssl=1 1.5x, https:\/\/i0.wp.com\/teasense.ch\/wp-content\/uploads\/2023\/08\/cold-brew-pfirsich.png?resize=700%2C400&ssl=1 2x"},"classes":[]},{"id":48969,"url":"https:\/\/teasense.ch\/fr\/produit\/fleurs-camomille\/","url_meta":{"origin":50307,"position":1},"title":"Fleurs de camomille","author":"Reale Selection","date":"23 October 2024","format":false,"excerpt":"Pr\u00e9paration infusion de camomille \ud83e\udd44 1 c. \u00e0 caf\u00e9 par tasse \ud83c\udf21\ufe0f 90 \u00b0C \u23f3 5\u20137 minutes","rel":"","context":"Similar post","block_context":{"text":"Similar post","link":""},"img":{"alt_text":"Kamillenbl\u00fcten weisser Hintergrund","src":"https:\/\/i0.wp.com\/teasense.ch\/wp-content\/uploads\/2024\/10\/kamillenblueten-weisser-hintergrund.png?resize=350%2C200&ssl=1","width":350,"height":200,"srcset":"https:\/\/i0.wp.com\/teasense.ch\/wp-content\/uploads\/2024\/10\/kamillenblueten-weisser-hintergrund.png?resize=350%2C200&ssl=1 1x, https:\/\/i0.wp.com\/teasense.ch\/wp-content\/uploads\/2024\/10\/kamillenblueten-weisser-hintergrund.png?resize=525%2C300&ssl=1 1.5x, https:\/\/i0.wp.com\/teasense.ch\/wp-content\/uploads\/2024\/10\/kamillenblueten-weisser-hintergrund.png?resize=700%2C400&ssl=1 2x"},"classes":[]},{"id":49720,"url":"https:\/\/teasense.ch\/fr\/produit\/fleurs-de-lavande\/","url_meta":{"origin":50307,"position":2},"title":"Fleurs de lavande","author":"Reale Selection","date":"1 ao\u00fbt 2023","format":false,"excerpt":"Pr\u00e9paration fleurs de lavande \ud83e\udd44 2 c.\u00e0.c par tasse (250 ml) \ud83c\udf21\ufe0f 90 \u2013 100 \u00b0C \u23f3 8 \u2013 10 minutes","rel":"","context":"Similar post","block_context":{"text":"Similar post","link":""},"img":{"alt_text":"Lavendelbl\u00fcten","src":"https:\/\/i0.wp.com\/teasense.ch\/wp-content\/uploads\/2023\/08\/lavendelblueten-plain.jpg?resize=350%2C200&ssl=1","width":350,"height":200,"srcset":"https:\/\/i0.wp.com\/teasense.ch\/wp-content\/uploads\/2023\/08\/lavendelblueten-plain.jpg?resize=350%2C200&ssl=1 1x, https:\/\/i0.wp.com\/teasense.ch\/wp-content\/uploads\/2023\/08\/lavendelblueten-plain.jpg?resize=525%2C300&ssl=1 1.5x, https:\/\/i0.wp.com\/teasense.ch\/wp-content\/uploads\/2023\/08\/lavendelblueten-plain.jpg?resize=700%2C400&ssl=1 2x"},"classes":[]},{"id":49693,"url":"https:\/\/teasense.ch\/fr\/produit\/infusion-lavande-baies\/","url_meta":{"origin":50307,"position":3},"title":"Infusion lavande &#038; baies","author":"Reale Selection","date":"22 October 2024","format":false,"excerpt":"Pr\u00e9paration infusion lavande & baies \ud83e\udd44 1 c.\u00e0.c par tasse \ud83c\udf21\ufe0f 100 \u00b0C \u23f3 8 - 10 minutes","rel":"","context":"Similar post","block_context":{"text":"Similar post","link":""},"img":{"alt_text":"Lavendelbeeren Teemischung","src":"https:\/\/i0.wp.com\/teasense.ch\/wp-content\/uploads\/2024\/10\/produktfoto.png?resize=350%2C200&ssl=1","width":350,"height":200,"srcset":"https:\/\/i0.wp.com\/teasense.ch\/wp-content\/uploads\/2024\/10\/produktfoto.png?resize=350%2C200&ssl=1 1x, https:\/\/i0.wp.com\/teasense.ch\/wp-content\/uploads\/2024\/10\/produktfoto.png?resize=525%2C300&ssl=1 1.5x, https:\/\/i0.wp.com\/teasense.ch\/wp-content\/uploads\/2024\/10\/produktfoto.png?resize=700%2C400&ssl=1 2x"},"classes":[]},{"id":50319,"url":"https:\/\/teasense.ch\/fr\/produit\/baies-daronia-sechees\/","url_meta":{"origin":50307,"position":4},"title":"Baies d\u2019aronia s\u00e9ch\u00e9es","author":"Reale Selection","date":"1 ao\u00fbt 2023","format":false,"excerpt":"Baies d\u2019aronia s\u00e9ch\u00e9es","rel":"","context":"Similar post","block_context":{"text":"Similar post","link":""},"img":{"alt_text":"","src":"https:\/\/i0.wp.com\/teasense.ch\/wp-content\/uploads\/2023\/08\/bio-aronia-beeren-plain.jpg?resize=350%2C200&ssl=1","width":350,"height":200,"srcset":"https:\/\/i0.wp.com\/teasense.ch\/wp-content\/uploads\/2023\/08\/bio-aronia-beeren-plain.jpg?resize=350%2C200&ssl=1 1x, https:\/\/i0.wp.com\/teasense.ch\/wp-content\/uploads\/2023\/08\/bio-aronia-beeren-plain.jpg?resize=525%2C300&ssl=1 1.5x, https:\/\/i0.wp.com\/teasense.ch\/wp-content\/uploads\/2023\/08\/bio-aronia-beeren-plain.jpg?resize=700%2C400&ssl=1 2x"},"classes":[]},{"id":49278,"url":"https:\/\/teasense.ch\/fr\/produit\/tisane-aux-herbes\/","url_meta":{"origin":50307,"position":5},"title":"Tisane aux herbes","author":"Reale Selection","date":"10 May 2025","format":false,"excerpt":"Pr\u00e9paration \u2013 tisane aux herbes \ud83e\udd44 2 g (env. 1\u20132 c. \u00e0 caf\u00e9) pour 200 ml \ud83c\udf21\ufe0f 90 \u00b0C \u23f3 8\u201310 minutes","rel":"","context":"Similar post","block_context":{"text":"Similar post","link":""},"img":{"alt_text":"Wohlf\u00fchltee Kr\u00e4utermischung","src":"https:\/\/i0.wp.com\/teasense.ch\/wp-content\/uploads\/2025\/05\/Wohlfuehltee.png?resize=350%2C200&ssl=1","width":350,"height":200,"srcset":"https:\/\/i0.wp.com\/teasense.ch\/wp-content\/uploads\/2025\/05\/Wohlfuehltee.png?resize=350%2C200&ssl=1 1x, https:\/\/i0.wp.com\/teasense.ch\/wp-content\/uploads\/2025\/05\/Wohlfuehltee.png?resize=525%2C300&ssl=1 1.5x, https:\/\/i0.wp.com\/teasense.ch\/wp-content\/uploads\/2025\/05\/Wohlfuehltee.png?resize=700%2C400&ssl=1 2x"},"classes":[]}],"jetpack_sharing_enabled":true,"jetpack_likes_enabled":false,"_links":{"self":[{"href":"https:\/\/teasense.ch\/fr\/wp-json\/wp\/v2\/product\/50307","targetHints":{"allow":["GET"]}}],"collection":[{"href":"https:\/\/teasense.ch\/fr\/wp-json\/wp\/v2\/product"}],"about":[{"href":"https:\/\/teasense.ch\/fr\/wp-json\/wp\/v2\/types\/product"}],"replies":[{"embeddable":true,"href":"https:\/\/teasense.ch\/fr\/wp-json\/wp\/v2\/comments?post=50307"}],"wp:featuredmedia":[{"embeddable":true,"href":"https:\/\/teasense.ch\/fr\/wp-json\/wp\/v2\/media\/34987"}],"wp:attachment":[{"href":"https:\/\/teasense.ch\/fr\/wp-json\/wp\/v2\/media?parent=50307"}],"wp:term":[{"taxonomy":"product_brand","embeddable":true,"href":"https:\/\/teasense.ch\/fr\/wp-json\/wp\/v2\/product_brand?post=50307"},{"taxonomy":"product_cat","embeddable":true,"href":"https:\/\/teasense.ch\/fr\/wp-json\/wp\/v2\/product_cat?post=50307"},{"taxonomy":"product_tag","embeddable":true,"href":"https:\/\/teasense.ch\/fr\/wp-json\/wp\/v2\/product_tag?post=50307"}],"curies":[{"name":"wp","href":"https:\/\/api.w.org\/{rel}","templated":true}]}}