{"id":50319,"date":"2023-08-01T19:00:13","date_gmt":"2023-08-01T17:00:13","guid":{"rendered":"https:\/\/teasense.ch\/produkt\/baies-daronia-sechees\/"},"modified":"2026-05-07T15:44:34","modified_gmt":"2026-05-07T13:44:34","slug":"baies-daronia-sechees","status":"publish","type":"product","link":"https:\/\/teasense.ch\/fr\/produit\/baies-daronia-sechees\/","title":{"rendered":"Baies d\u2019aronia s\u00e9ch\u00e9es"},"content":{"rendered":"<h2>Baies d\u2019aronia s\u00e9ch\u00e9es<\/h2>\n<p>Les baies d\u2019aronia s\u00e9duisent par leur couleur fonc\u00e9e intense et leur go\u00fbt fruit\u00e9 avec une l\u00e9g\u00e8re note acidul\u00e9e et tannique.<\/p>\n<p>Tr\u00e8s polyvalentes, elles peuvent \u00eatre d\u00e9gust\u00e9es dans un muesli, un yaourt, un smoothie, des desserts ou des infusions.<\/p>\n<p>Elles sont \u00e9galement d\u00e9licieuses comme snack et apportent une touche originale aux recettes sucr\u00e9es comme sal\u00e9es.<\/p>\n<p>Les baies d\u2019aronia sont souvent appr\u00e9ci\u00e9es comme ingr\u00e9dient de type superfood gr\u00e2ce \u00e0 leur polyvalence.<\/p>\n<h3>Pr\u00e9paration en infusion<\/h3>\n<p>Les baies d\u2019aronia peuvent \u00eatre utilis\u00e9es pour pr\u00e9parer une infusion fruit\u00e9e.<\/p>\n<p>Il suffit de les recouvrir d\u2019eau chaude et de laisser infuser quelques minutes afin de d\u00e9velopper pleinement leurs ar\u00f4mes.<\/p>\n<p>La cannelle ou le gingembre accompagnent particuli\u00e8rement bien leurs notes fruit\u00e9es.<\/p>\n<h3>Id\u00e9es recettes avec les baies d\u2019aronia<\/h3>\n<p>Les baies d\u2019aronia sont id\u00e9ales dans un muesli, un yaourt ou un smoothie, mais aussi comme garniture sur une salade.<\/p>\n<p>Elles peuvent \u00e9galement \u00eatre utilis\u00e9es dans des sauces pour accompagner viande ou poisson.<\/p>\n<p>Pour pr\u00e9parer une sauce fruit\u00e9e, il suffit de mixer les baies puis d\u2019ajouter du miel, du vinaigre ou des herbes aromatiques comme le thym ou le romarin.<\/p>\n<p>Teste diff\u00e9rentes associations et d\u00e9couvre tes recettes pr\u00e9f\u00e9r\u00e9es avec les baies d\u2019aronia.<\/p>\n<p>La cannelle et la cardamome s\u2019accordent particuli\u00e8rement bien avec leurs ar\u00f4mes, tandis que le gingembre apporte une touche \u00e9pic\u00e9e.<\/p>\n<h4><strong>Valeurs nutritionnelles pour 100 g<\/strong><\/h4>\n<p>Valeur \u00e9nerg\u00e9tique 325 kcal \/ 1368 kJ<br \/>\nMati\u00e8res grasses 1,55 g<br \/>\ndont acides gras satur\u00e9s 0,10 g<br \/>\nGlucides 85,30 g<br \/>\ndont sucres 64,90 g<br \/>\nProt\u00e9ines 2,60 g<br \/>\nSel 0,01 g<\/p>\n","protected":false},"excerpt":{"rendered":"<p>Baies d\u2019aronia s\u00e9ch\u00e9es<\/p>\n","protected":false},"featured_media":34600,"comment_status":"open","ping_status":"closed","template":"","meta":{"_et_pb_use_builder":"","_et_pb_old_content":"","_et_gb_content_width":""},"product_brand":[],"product_cat":[448,348],"product_tag":[],"class_list":{"0":"post-50319","1":"product","2":"type-product","3":"status-publish","4":"has-post-thumbnail","6":"product_cat-superaliments","7":"product_cat-tous-produits","8":"pa_herkunft-bulgarie","9":"pa_weight-100-g","10":"pa_weight-200-g","11":"pa_weight-50-g","13":"first","14":"instock","15":"shipping-taxable","16":"purchasable","17":"product-type-variable","18":"has-default-attributes","19":"add-to-wishlist-before_image"},"yoast_head":"<!-- This site is optimized with the Yoast SEO plugin v27.5 - https:\/\/yoast.com\/product\/yoast-seo-wordpress\/ -->\n<title>Baies d\u2019aronia s\u00e9ch\u00e9es - TeaSense.ch<\/title>\n<meta name=\"description\" content=\"Baies d\u2019aronia s\u00e9ch\u00e9es au go\u00fbt fruit\u00e9 et l\u00e9g\u00e8rement acidul\u00e9. Parfaites pour infusion, muesli, smoothies ou snacks. \ud83c\udf47\" \/>\n<meta name=\"robots\" content=\"index, follow, max-snippet:-1, max-image-preview:large, max-video-preview:-1\" \/>\n<link rel=\"canonical\" href=\"https:\/\/teasense.ch\/fr\/produit\/baies-daronia-sechees\/\" \/>\n<meta property=\"og:locale\" content=\"fr_FR\" \/>\n<meta property=\"og:type\" content=\"article\" \/>\n<meta property=\"og:title\" content=\"Baies d\u2019aronia s\u00e9ch\u00e9es - TeaSense.ch\" \/>\n<meta property=\"og:description\" content=\"Baies d\u2019aronia s\u00e9ch\u00e9es au go\u00fbt fruit\u00e9 et l\u00e9g\u00e8rement acidul\u00e9. Parfaites pour infusion, muesli, smoothies ou snacks. \ud83c\udf47\" \/>\n<meta property=\"og:url\" content=\"https:\/\/teasense.ch\/fr\/produit\/baies-daronia-sechees\/\" \/>\n<meta property=\"og:site_name\" content=\"TeaSense.ch\" \/>\n<meta property=\"article:publisher\" content=\"https:\/\/www.facebook.com\/teasense.ch\" \/>\n<meta property=\"article:modified_time\" content=\"2026-05-07T13:44:34+00:00\" \/>\n<meta property=\"og:image\" content=\"https:\/\/teasense.ch\/wp-content\/uploads\/2025\/02\/hibiskus-tee-lose-und-aufgegossen-in-Tassen.png\" \/>\n\t<meta property=\"og:image:width\" content=\"800\" \/>\n\t<meta property=\"og:image:height\" content=\"800\" \/>\n\t<meta property=\"og:image:type\" content=\"image\/png\" \/>\n<meta name=\"twitter:card\" content=\"summary_large_image\" \/>\n<meta name=\"twitter:label1\" content=\"Est. reading time\" \/>\n\t<meta name=\"twitter:data1\" content=\"1 minute\" \/>\n<!-- \/ Yoast SEO plugin. -->","yoast_head_json":{"title":"Baies d\u2019aronia s\u00e9ch\u00e9es - TeaSense.ch","description":"Baies d\u2019aronia s\u00e9ch\u00e9es au go\u00fbt fruit\u00e9 et l\u00e9g\u00e8rement acidul\u00e9. Parfaites pour infusion, muesli, smoothies ou snacks. \ud83c\udf47","robots":{"index":"index","follow":"follow","max-snippet":"max-snippet:-1","max-image-preview":"max-image-preview:large","max-video-preview":"max-video-preview:-1"},"canonical":"https:\/\/teasense.ch\/fr\/produit\/baies-daronia-sechees\/","og_locale":"fr_FR","og_type":"article","og_title":"Baies d\u2019aronia s\u00e9ch\u00e9es - TeaSense.ch","og_description":"Baies d\u2019aronia s\u00e9ch\u00e9es au go\u00fbt fruit\u00e9 et l\u00e9g\u00e8rement acidul\u00e9. Parfaites pour infusion, muesli, smoothies ou snacks. \ud83c\udf47","og_url":"https:\/\/teasense.ch\/fr\/produit\/baies-daronia-sechees\/","og_site_name":"TeaSense.ch","article_publisher":"https:\/\/www.facebook.com\/teasense.ch","article_modified_time":"2026-05-07T13:44:34+00:00","og_image":[{"width":800,"height":800,"url":"https:\/\/teasense.ch\/wp-content\/uploads\/2025\/02\/hibiskus-tee-lose-und-aufgegossen-in-Tassen.png","type":"image\/png"}],"twitter_card":"summary_large_image","twitter_misc":{"Est. reading time":"1 minute"},"schema":{"@context":"https:\/\/schema.org","@graph":[{"@type":"WebPage","@id":"https:\/\/teasense.ch\/fr\/produit\/baies-daronia-sechees\/","url":"https:\/\/teasense.ch\/fr\/produit\/baies-daronia-sechees\/","name":"Baies d\u2019aronia s\u00e9ch\u00e9es - TeaSense.ch","isPartOf":{"@id":"https:\/\/teasense.ch\/fr\/#website"},"primaryImageOfPage":{"@id":"https:\/\/teasense.ch\/fr\/produit\/baies-daronia-sechees\/#primaryimage"},"image":{"@id":"https:\/\/teasense.ch\/fr\/produit\/baies-daronia-sechees\/#primaryimage"},"thumbnailUrl":"https:\/\/teasense.ch\/wp-content\/uploads\/2023\/08\/bio-aronia-beeren-plain.jpg","datePublished":"2023-08-01T17:00:13+00:00","dateModified":"2026-05-07T13:44:34+00:00","description":"Baies d\u2019aronia s\u00e9ch\u00e9es au go\u00fbt fruit\u00e9 et l\u00e9g\u00e8rement acidul\u00e9. Parfaites pour infusion, muesli, smoothies ou snacks. \ud83c\udf47","breadcrumb":{"@id":"https:\/\/teasense.ch\/fr\/produit\/baies-daronia-sechees\/#breadcrumb"},"inLanguage":"fr-CH","potentialAction":[{"@type":"ReadAction","target":["https:\/\/teasense.ch\/fr\/produit\/baies-daronia-sechees\/"]}]},{"@type":"ImageObject","inLanguage":"fr-CH","@id":"https:\/\/teasense.ch\/fr\/produit\/baies-daronia-sechees\/#primaryimage","url":"https:\/\/teasense.ch\/wp-content\/uploads\/2023\/08\/bio-aronia-beeren-plain.jpg","contentUrl":"https:\/\/teasense.ch\/wp-content\/uploads\/2023\/08\/bio-aronia-beeren-plain.jpg","width":800,"height":800},{"@type":"BreadcrumbList","@id":"https:\/\/teasense.ch\/fr\/produit\/baies-daronia-sechees\/#breadcrumb","itemListElement":[{"@type":"ListItem","position":1,"name":"Startseite","item":"https:\/\/teasense.ch\/fr\/"},{"@type":"ListItem","position":2,"name":"Boutique de th\u00e9 en ligne","item":"https:\/\/teasense.ch\/fr\/shop\/"},{"@type":"ListItem","position":3,"name":"Baies d\u2019aronia s\u00e9ch\u00e9es"}]},{"@type":"WebSite","@id":"https:\/\/teasense.ch\/fr\/#website","url":"https:\/\/teasense.ch\/fr\/","name":"TeaSense.ch","description":"Nat\u00fcrliche Teemischungen und klassischer Tee","publisher":{"@id":"https:\/\/teasense.ch\/fr\/#organization"},"alternateName":"TeaSense","potentialAction":[{"@type":"SearchAction","target":{"@type":"EntryPoint","urlTemplate":"https:\/\/teasense.ch\/fr\/?s={search_term_string}"},"query-input":{"@type":"PropertyValueSpecification","valueRequired":true,"valueName":"search_term_string"}}],"inLanguage":"fr-CH"},{"@type":"Organization","@id":"https:\/\/teasense.ch\/fr\/#organization","name":"Reale Selection","alternateName":"TeaSense.ch","url":"https:\/\/teasense.ch\/fr\/","logo":{"@type":"ImageObject","inLanguage":"fr-CH","@id":"https:\/\/teasense.ch\/fr\/#\/schema\/logo\/image\/","url":"https:\/\/teasense.ch\/wp-content\/uploads\/2023\/07\/cropped-logo-teasense-kategorie-onlineshop-alle-produkte.jpg","contentUrl":"https:\/\/teasense.ch\/wp-content\/uploads\/2023\/07\/cropped-logo-teasense-kategorie-onlineshop-alle-produkte.jpg","width":512,"height":512,"caption":"Reale Selection"},"image":{"@id":"https:\/\/teasense.ch\/fr\/#\/schema\/logo\/image\/"},"sameAs":["https:\/\/www.facebook.com\/teasense.ch"]}]}},"jetpack-related-posts":[{"id":50088,"url":"https:\/\/teasense.ch\/fr\/produit\/graines-de-cumin-noir\/","url_meta":{"origin":50319,"position":0},"title":"Graines de cumin noir","author":"Reale Selection","date":"22 October 2023","format":false,"excerpt":"Pr\u00e9paration infusion cumin noir \ud83e\udd44 1 c.\u00e0.c de graines par tasse \ud83c\udf21\ufe0f 100 \u00b0C \u23f3 5\u201310 minutes","rel":"","context":"Similar post","block_context":{"text":"Similar post","link":""},"img":{"alt_text":"Loser Schwarzk\u00fcmmel","src":"https:\/\/i0.wp.com\/teasense.ch\/wp-content\/uploads\/2023\/10\/schwarzkuemmel-plain.jpg?resize=350%2C200&ssl=1","width":350,"height":200,"srcset":"https:\/\/i0.wp.com\/teasense.ch\/wp-content\/uploads\/2023\/10\/schwarzkuemmel-plain.jpg?resize=350%2C200&ssl=1 1x, https:\/\/i0.wp.com\/teasense.ch\/wp-content\/uploads\/2023\/10\/schwarzkuemmel-plain.jpg?resize=525%2C300&ssl=1 1.5x, https:\/\/i0.wp.com\/teasense.ch\/wp-content\/uploads\/2023\/10\/schwarzkuemmel-plain.jpg?resize=700%2C400&ssl=1 2x"},"classes":[]},{"id":49764,"url":"https:\/\/teasense.ch\/fr\/produit\/morceaux-dananas-sechee\/","url_meta":{"origin":50319,"position":1},"title":"Morceaux d\u2019ananas s\u00e9ch\u00e9e","author":"Reale Selection","date":"26 February 2025","format":false,"excerpt":"Pr\u00e9paration ananas en infusion \ud83e\udd44 1 - 2 c.\u00e0.c pour 250 ml d\u2019eau \ud83c\udf21\ufe0f 100 \u00b0C \u23f3 10 - 15 minutes Astuce \ud83d\udca1 Faire tremper les morceaux avant infusion pour plus d\u2019intensit\u00e9.","rel":"","context":"Similar post","block_context":{"text":"Similar post","link":""},"img":{"alt_text":"Ananasst\u00fccke aus Thailand gezuckert","src":"https:\/\/i0.wp.com\/teasense.ch\/wp-content\/uploads\/2025\/02\/Ananasstuecke.png?resize=350%2C200&ssl=1","width":350,"height":200,"srcset":"https:\/\/i0.wp.com\/teasense.ch\/wp-content\/uploads\/2025\/02\/Ananasstuecke.png?resize=350%2C200&ssl=1 1x, https:\/\/i0.wp.com\/teasense.ch\/wp-content\/uploads\/2025\/02\/Ananasstuecke.png?resize=525%2C300&ssl=1 1.5x, https:\/\/i0.wp.com\/teasense.ch\/wp-content\/uploads\/2025\/02\/Ananasstuecke.png?resize=700%2C400&ssl=1 2x"},"classes":[]},{"id":49237,"url":"https:\/\/teasense.ch\/fr\/produit\/cardamome-entiere\/","url_meta":{"origin":50319,"position":2},"title":"Cardamome enti\u00e8re","author":"Reale Selection","date":"1 ao\u00fbt 2023","format":false,"excerpt":"Cardamome enti\u00e8re","rel":"","context":"Similar post","block_context":{"text":"Similar post","link":""},"img":{"alt_text":"","src":"https:\/\/i0.wp.com\/teasense.ch\/wp-content\/uploads\/2023\/08\/kardamom-plain.jpg?resize=350%2C200&ssl=1","width":350,"height":200,"srcset":"https:\/\/i0.wp.com\/teasense.ch\/wp-content\/uploads\/2023\/08\/kardamom-plain.jpg?resize=350%2C200&ssl=1 1x, https:\/\/i0.wp.com\/teasense.ch\/wp-content\/uploads\/2023\/08\/kardamom-plain.jpg?resize=525%2C300&ssl=1 1.5x, https:\/\/i0.wp.com\/teasense.ch\/wp-content\/uploads\/2023\/08\/kardamom-plain.jpg?resize=700%2C400&ssl=1 2x"},"classes":[]},{"id":49046,"url":"https:\/\/teasense.ch\/fr\/produit\/lata-de-cha-deluxe-the-vert-gorreana\/","url_meta":{"origin":50319,"position":3},"title":"Lata de Ch\u00e1 Deluxe \u2013 Th\u00e9 vert Gorreana","author":"Reale Selection","date":"20 ao\u00fbt 2025","format":false,"excerpt":"Zubereitung Gorreana Gr\u00fcntee \ud83e\udd44 1\u20132 cuill\u00e8res \u00e0 caf\u00e9 (env. 2 g) pour 200 ml d\u2019eau \ud83c\udf21\ufe0f 75\u201380 \u00b0C \u23f3 2\u20133 minutes","rel":"","context":"Similar post","block_context":{"text":"Similar post","link":""},"img":{"alt_text":"Encosta de Bruma - Premium Gr\u00fcntee aus den Azoren als Geschenk","src":"https:\/\/i0.wp.com\/teasense.ch\/wp-content\/uploads\/2025\/08\/encosta-de-bruma-premium.png?resize=350%2C200&ssl=1","width":350,"height":200,"srcset":"https:\/\/i0.wp.com\/teasense.ch\/wp-content\/uploads\/2025\/08\/encosta-de-bruma-premium.png?resize=350%2C200&ssl=1 1x, https:\/\/i0.wp.com\/teasense.ch\/wp-content\/uploads\/2025\/08\/encosta-de-bruma-premium.png?resize=525%2C300&ssl=1 1.5x, https:\/\/i0.wp.com\/teasense.ch\/wp-content\/uploads\/2025\/08\/encosta-de-bruma-premium.png?resize=700%2C400&ssl=1 2x"},"classes":[]},{"id":50263,"url":"https:\/\/teasense.ch\/fr\/produit\/tisane-vitalis\/","url_meta":{"origin":50319,"position":4},"title":"Tisane Vitalis","author":"Reale Selection","date":"28 ao\u00fbt 2023","format":false,"excerpt":"Tisane fruit\u00e9e et rafra\u00eechissante sans th\u00e9ine Pr\u00e9paration Tisane Vitalis \ud83e\udd44 2,5 g par tasse (200 ml) \ud83c\udf21\ufe0f 100 \u00b0C \u23f3 5\u20138 minutes","rel":"","context":"Similar post","block_context":{"text":"Similar post","link":""},"img":{"alt_text":"Kr\u00e4utertee Vitalis","src":"https:\/\/i0.wp.com\/teasense.ch\/wp-content\/uploads\/2023\/08\/vitalis-multivitamin-teemischung.jpg?resize=350%2C200&ssl=1","width":350,"height":200,"srcset":"https:\/\/i0.wp.com\/teasense.ch\/wp-content\/uploads\/2023\/08\/vitalis-multivitamin-teemischung.jpg?resize=350%2C200&ssl=1 1x, https:\/\/i0.wp.com\/teasense.ch\/wp-content\/uploads\/2023\/08\/vitalis-multivitamin-teemischung.jpg?resize=525%2C300&ssl=1 1.5x, https:\/\/i0.wp.com\/teasense.ch\/wp-content\/uploads\/2023\/08\/vitalis-multivitamin-teemischung.jpg?resize=700%2C400&ssl=1 2x"},"classes":[]},{"id":49151,"url":"https:\/\/teasense.ch\/fr\/produit\/menthe-poivree-coupee\/","url_meta":{"origin":50319,"position":5},"title":"Menthe poivr\u00e9e coup\u00e9e","author":"Reale Selection","date":"13 May 2025","format":false,"excerpt":"Pr\u00e9paration \ud83e\udd44 1 cuill\u00e8re \u00e0 caf\u00e9 par tasse (12 g\/litre) \ud83c\udf21\ufe0f 100 \u00b0C \u23f3 5 minutes","rel":"","context":"Similar post","block_context":{"text":"Similar post","link":""},"img":{"alt_text":"Pfefferminze geschnitten","src":"https:\/\/i0.wp.com\/teasense.ch\/wp-content\/uploads\/2025\/05\/Pfefferminze-geschnitten.png?resize=350%2C200&ssl=1","width":350,"height":200,"srcset":"https:\/\/i0.wp.com\/teasense.ch\/wp-content\/uploads\/2025\/05\/Pfefferminze-geschnitten.png?resize=350%2C200&ssl=1 1x, https:\/\/i0.wp.com\/teasense.ch\/wp-content\/uploads\/2025\/05\/Pfefferminze-geschnitten.png?resize=525%2C300&ssl=1 1.5x, https:\/\/i0.wp.com\/teasense.ch\/wp-content\/uploads\/2025\/05\/Pfefferminze-geschnitten.png?resize=700%2C400&ssl=1 2x"},"classes":[]}],"jetpack_sharing_enabled":true,"jetpack_likes_enabled":false,"_links":{"self":[{"href":"https:\/\/teasense.ch\/fr\/wp-json\/wp\/v2\/product\/50319","targetHints":{"allow":["GET"]}}],"collection":[{"href":"https:\/\/teasense.ch\/fr\/wp-json\/wp\/v2\/product"}],"about":[{"href":"https:\/\/teasense.ch\/fr\/wp-json\/wp\/v2\/types\/product"}],"replies":[{"embeddable":true,"href":"https:\/\/teasense.ch\/fr\/wp-json\/wp\/v2\/comments?post=50319"}],"wp:featuredmedia":[{"embeddable":true,"href":"https:\/\/teasense.ch\/fr\/wp-json\/wp\/v2\/media\/34600"}],"wp:attachment":[{"href":"https:\/\/teasense.ch\/fr\/wp-json\/wp\/v2\/media?parent=50319"}],"wp:term":[{"taxonomy":"product_brand","embeddable":true,"href":"https:\/\/teasense.ch\/fr\/wp-json\/wp\/v2\/product_brand?post=50319"},{"taxonomy":"product_cat","embeddable":true,"href":"https:\/\/teasense.ch\/fr\/wp-json\/wp\/v2\/product_cat?post=50319"},{"taxonomy":"product_tag","embeddable":true,"href":"https:\/\/teasense.ch\/fr\/wp-json\/wp\/v2\/product_tag?post=50319"}],"curies":[{"name":"wp","href":"https:\/\/api.w.org\/{rel}","templated":true}]}}