{"id":50737,"date":"2026-05-12T14:20:03","date_gmt":"2026-05-12T12:20:03","guid":{"rendered":"https:\/\/teasense.ch\/produkt\/poudre-betterave\/"},"modified":"2026-05-12T14:20:03","modified_gmt":"2026-05-12T12:20:03","slug":"poudre-betterave","status":"publish","type":"product","link":"https:\/\/teasense.ch\/fr\/produit\/poudre-betterave\/","title":{"rendered":"Poudre de betterave"},"content":{"rendered":"<p>La poudre de betterave s\u00e9duit par sa couleur rouge intense et son go\u00fbt agr\u00e9ablement terreux. Cette poudre finement moulue est id\u00e9ale pour des boissons cr\u00e9atives, smoothies et cr\u00e9ations latte, ou pour sublimer mueslis, bowls et desserts.<br \/>Elle est \u00e9galement parfaite pour la p\u00e2tisserie ou pour colorer naturellement les aliments, apportant des touches visuelles \u00e9clatantes en cuisine. Elle se m\u00e9lange facilement dans les pr\u00e9parations chaudes ou froides, ce qui la rend tr\u00e8s polyvalente.   <\/p>\n<h2>Pr\u00e9paration<\/h2>\n<p>Pour l\u2019utilisation, m\u00e9langer 1 \u00e0 2 cuill\u00e8res \u00e0 caf\u00e9 de poudre de betterave directement dans des smoothies, jus, lattes ou autres boissons, ainsi que dans des aliments comme mueslis, bowls ou desserts. Bien m\u00e9langer ou mixer afin d\u2019obtenir une r\u00e9partition homog\u00e8ne et une belle couleur naturelle. <\/p>\n<h3>Id\u00e9es d\u2019utilisation<\/h3>\n<ul>\n<li>dans les mueslis, bowls ou yaourts<\/li>\n<li>en p\u00e2tisserie (p\u00e2tes ou gla\u00e7ages)<\/li>\n<li>pour colorer naturellement desserts et boissons<\/li>\n<\/ul>\n<p>&nbsp;<\/p>\n<p>Ingr\u00e9dients: 100 % poudre de betterave<\/p>\n<p>Conservation: \u00c0 conserver dans un endroit frais, sec et \u00e0 l\u2019abri de la lumi\u00e8re.<\/p>\n","protected":false},"excerpt":{"rendered":"<p>\ud83e\udd44 1\u20132 c. \u00e0 caf\u00e9 de poudre de betterave<br \/>\n\ud83e\udd64 \u00c0 m\u00e9langer dans boissons ou aliments<br \/>\n\u2764\ufe0f Pour une couleur naturelle et des recettes cr\u00e9atives<\/p>\n","protected":false},"featured_media":50730,"comment_status":"open","ping_status":"closed","template":"","meta":{"_et_pb_use_builder":"","_et_pb_old_content":"","_et_gb_content_width":""},"product_brand":[],"product_cat":[448,348],"product_tag":[],"class_list":{"0":"post-50737","1":"product","2":"type-product","3":"status-publish","4":"has-post-thumbnail","6":"product_cat-superaliments","7":"product_cat-tous-produits","8":"pa_herkunft-inde","9":"pa_weight-100-g","10":"pa_weight-200-g","12":"first","13":"instock","14":"shipping-taxable","15":"purchasable","16":"product-type-variable","17":"has-default-attributes","18":"add-to-wishlist-before_image"},"yoast_head":"<!-- This site is optimized with the Yoast SEO plugin v27.6 - https:\/\/yoast.com\/product\/yoast-seo-wordpress\/ -->\n<title>Poudre de betterave - TeaSense.ch<\/title>\n<meta name=\"description\" content=\"Poudre de betterave \u00e0 acheter \u2013 finement moulue, couleur rouge intense et go\u00fbt terreux. Id\u00e9ale pour smoothies, bowls, lattes et recettes cr\u00e9atives. \u2764\ufe0f\" \/>\n<meta name=\"robots\" content=\"index, follow, max-snippet:-1, max-image-preview:large, max-video-preview:-1\" \/>\n<link rel=\"canonical\" href=\"https:\/\/teasense.ch\/fr\/produit\/poudre-betterave\/\" \/>\n<meta property=\"og:locale\" content=\"fr_FR\" \/>\n<meta property=\"og:type\" content=\"article\" \/>\n<meta property=\"og:title\" content=\"Poudre de betterave - TeaSense.ch\" \/>\n<meta property=\"og:description\" content=\"Poudre de betterave \u00e0 acheter \u2013 finement moulue, couleur rouge intense et go\u00fbt terreux. Id\u00e9ale pour smoothies, bowls, lattes et recettes cr\u00e9atives. \u2764\ufe0f\" \/>\n<meta property=\"og:url\" content=\"https:\/\/teasense.ch\/fr\/produit\/poudre-betterave\/\" \/>\n<meta property=\"og:site_name\" content=\"TeaSense.ch\" \/>\n<meta property=\"article:publisher\" content=\"https:\/\/www.facebook.com\/teasense.ch\" \/>\n<meta property=\"og:image\" content=\"https:\/\/teasense.ch\/wp-content\/uploads\/2026\/05\/rbp.png\" \/>\n\t<meta property=\"og:image:width\" content=\"800\" \/>\n\t<meta property=\"og:image:height\" content=\"800\" \/>\n\t<meta property=\"og:image:type\" content=\"image\/png\" \/>\n<meta name=\"twitter:card\" content=\"summary_large_image\" \/>\n<meta name=\"twitter:label1\" content=\"Est. reading time\" \/>\n\t<meta name=\"twitter:data1\" content=\"1 minute\" \/>\n<!-- \/ Yoast SEO plugin. -->","yoast_head_json":{"title":"Poudre de betterave - TeaSense.ch","description":"Poudre de betterave \u00e0 acheter \u2013 finement moulue, couleur rouge intense et go\u00fbt terreux. Id\u00e9ale pour smoothies, bowls, lattes et recettes cr\u00e9atives. \u2764\ufe0f","robots":{"index":"index","follow":"follow","max-snippet":"max-snippet:-1","max-image-preview":"max-image-preview:large","max-video-preview":"max-video-preview:-1"},"canonical":"https:\/\/teasense.ch\/fr\/produit\/poudre-betterave\/","og_locale":"fr_FR","og_type":"article","og_title":"Poudre de betterave - TeaSense.ch","og_description":"Poudre de betterave \u00e0 acheter \u2013 finement moulue, couleur rouge intense et go\u00fbt terreux. Id\u00e9ale pour smoothies, bowls, lattes et recettes cr\u00e9atives. \u2764\ufe0f","og_url":"https:\/\/teasense.ch\/fr\/produit\/poudre-betterave\/","og_site_name":"TeaSense.ch","article_publisher":"https:\/\/www.facebook.com\/teasense.ch","og_image":[{"width":800,"height":800,"url":"https:\/\/teasense.ch\/wp-content\/uploads\/2026\/05\/rbp.png","type":"image\/png"}],"twitter_card":"summary_large_image","twitter_misc":{"Est. reading time":"1 minute"},"schema":{"@context":"https:\/\/schema.org","@graph":[{"@type":"WebPage","@id":"https:\/\/teasense.ch\/fr\/produit\/poudre-betterave\/","url":"https:\/\/teasense.ch\/fr\/produit\/poudre-betterave\/","name":"Poudre de betterave - TeaSense.ch","isPartOf":{"@id":"https:\/\/teasense.ch\/fr\/#website"},"primaryImageOfPage":{"@id":"https:\/\/teasense.ch\/fr\/produit\/poudre-betterave\/#primaryimage"},"image":{"@id":"https:\/\/teasense.ch\/fr\/produit\/poudre-betterave\/#primaryimage"},"thumbnailUrl":"https:\/\/teasense.ch\/wp-content\/uploads\/2026\/05\/rbp.png","datePublished":"2026-05-12T12:20:03+00:00","description":"Poudre de betterave \u00e0 acheter \u2013 finement moulue, couleur rouge intense et go\u00fbt terreux. Id\u00e9ale pour smoothies, bowls, lattes et recettes cr\u00e9atives. \u2764\ufe0f","breadcrumb":{"@id":"https:\/\/teasense.ch\/fr\/produit\/poudre-betterave\/#breadcrumb"},"inLanguage":"fr-CH","potentialAction":[{"@type":"ReadAction","target":["https:\/\/teasense.ch\/fr\/produit\/poudre-betterave\/"]}]},{"@type":"ImageObject","inLanguage":"fr-CH","@id":"https:\/\/teasense.ch\/fr\/produit\/poudre-betterave\/#primaryimage","url":"https:\/\/teasense.ch\/wp-content\/uploads\/2026\/05\/rbp.png","contentUrl":"https:\/\/teasense.ch\/wp-content\/uploads\/2026\/05\/rbp.png","width":800,"height":800,"caption":"Rote Beete Pulver"},{"@type":"BreadcrumbList","@id":"https:\/\/teasense.ch\/fr\/produit\/poudre-betterave\/#breadcrumb","itemListElement":[{"@type":"ListItem","position":1,"name":"Startseite","item":"https:\/\/teasense.ch\/fr\/"},{"@type":"ListItem","position":2,"name":"Boutique de th\u00e9 en ligne","item":"https:\/\/teasense.ch\/fr\/shop\/"},{"@type":"ListItem","position":3,"name":"Poudre de betterave"}]},{"@type":"WebSite","@id":"https:\/\/teasense.ch\/fr\/#website","url":"https:\/\/teasense.ch\/fr\/","name":"TeaSense.ch","description":"Nat\u00fcrliche Teemischungen und klassischer Tee","publisher":{"@id":"https:\/\/teasense.ch\/fr\/#organization"},"alternateName":"TeaSense","potentialAction":[{"@type":"SearchAction","target":{"@type":"EntryPoint","urlTemplate":"https:\/\/teasense.ch\/fr\/?s={search_term_string}"},"query-input":{"@type":"PropertyValueSpecification","valueRequired":true,"valueName":"search_term_string"}}],"inLanguage":"fr-CH"},{"@type":"Organization","@id":"https:\/\/teasense.ch\/fr\/#organization","name":"Reale Selection","alternateName":"TeaSense.ch","url":"https:\/\/teasense.ch\/fr\/","logo":{"@type":"ImageObject","inLanguage":"fr-CH","@id":"https:\/\/teasense.ch\/fr\/#\/schema\/logo\/image\/","url":"https:\/\/teasense.ch\/wp-content\/uploads\/2023\/07\/cropped-logo-teasense-kategorie-onlineshop-alle-produkte.jpg","contentUrl":"https:\/\/teasense.ch\/wp-content\/uploads\/2023\/07\/cropped-logo-teasense-kategorie-onlineshop-alle-produkte.jpg","width":512,"height":512,"caption":"Reale Selection"},"image":{"@id":"https:\/\/teasense.ch\/fr\/#\/schema\/logo\/image\/"},"sameAs":["https:\/\/www.facebook.com\/teasense.ch"]}]}},"jetpack-related-posts":[{"id":50549,"url":"https:\/\/teasense.ch\/fr\/produit\/poudre-ube-latte\/","url_meta":{"origin":50737,"position":0},"title":"Poudre Ube Latte","author":"Reale Selection","date":"9 May 2026","format":false,"excerpt":"Pr\u00e9paration Ube Latte \ud83d\udc9c \ud83e\udd44 2\u20133 g de poudre Ube Latte \ud83d\udca7 M\u00e9langer avec 150\u2013200 ml d\u2019eau ti\u00e8de \ud83e\udd5b Ajouter du lait ou une boisson v\u00e9g\u00e9tale \u2728 Sucrer ou faire mousser selon les envies","rel":"","context":"Similar post","block_context":{"text":"Similar post","link":""},"img":{"alt_text":"Ube-Latte-Pulver 100g","src":"https:\/\/i0.wp.com\/teasense.ch\/wp-content\/uploads\/2026\/05\/ube-latte-pulver-100g.png?resize=350%2C200&ssl=1","width":350,"height":200,"srcset":"https:\/\/i0.wp.com\/teasense.ch\/wp-content\/uploads\/2026\/05\/ube-latte-pulver-100g.png?resize=350%2C200&ssl=1 1x, https:\/\/i0.wp.com\/teasense.ch\/wp-content\/uploads\/2026\/05\/ube-latte-pulver-100g.png?resize=525%2C300&ssl=1 1.5x, https:\/\/i0.wp.com\/teasense.ch\/wp-content\/uploads\/2026\/05\/ube-latte-pulver-100g.png?resize=700%2C400&ssl=1 2x"},"classes":[]},{"id":48568,"url":"https:\/\/teasense.ch\/fr\/produit\/melange-epices-curcuma\/","url_meta":{"origin":50737,"position":1},"title":"M\u00e9lange d\u2019\u00e9pices au curcuma","author":"Reale Selection","date":"22 October 2025","format":false,"excerpt":"Curcuma avec citronnelle, citron, gingembre et coriandre Id\u00e9al en infusion, en cuisine ou pour une boisson au curcuma Couleur dor\u00e9e, 100 % d\u2019ingr\u00e9dients naturels \u2013 sans additifs","rel":"","context":"Similar post","block_context":{"text":"Similar post","link":""},"img":{"alt_text":"Kurkuma Gew\u00fcrz-Mix Zitronengras, Zitrone, Ingwer und Koriander","src":"https:\/\/i0.wp.com\/teasense.ch\/wp-content\/uploads\/2025\/09\/kurkuma-zitrone-1.png?resize=350%2C200&ssl=1","width":350,"height":200,"srcset":"https:\/\/i0.wp.com\/teasense.ch\/wp-content\/uploads\/2025\/09\/kurkuma-zitrone-1.png?resize=350%2C200&ssl=1 1x, https:\/\/i0.wp.com\/teasense.ch\/wp-content\/uploads\/2025\/09\/kurkuma-zitrone-1.png?resize=525%2C300&ssl=1 1.5x, https:\/\/i0.wp.com\/teasense.ch\/wp-content\/uploads\/2025\/09\/kurkuma-zitrone-1.png?resize=700%2C400&ssl=1 2x"},"classes":[]},{"id":49568,"url":"https:\/\/teasense.ch\/fr\/produit\/tisane-fruits-enfants\/","url_meta":{"origin":50737,"position":2},"title":"Tisane aux fruits enfants","author":"Reale Selection","date":"22 October 2024","format":false,"excerpt":"Le classique, sans ar\u00f4mes ajout\u00e9s et sans caf\u00e9ine. Pr\u00e9paration tisane fruits enfants \ud83e\udd44 1 c.\u00e0.c par tasse \ud83c\udf21\ufe0f 100\u00b0C \u23f3 6 - 10 minutes","rel":"","context":"Similar post","block_context":{"text":"Similar post","link":""},"img":{"alt_text":"Kinderfr\u00fcchtetee Natur","src":"https:\/\/i0.wp.com\/teasense.ch\/wp-content\/uploads\/2024\/10\/kinderfruechtetee.png?resize=350%2C200&ssl=1","width":350,"height":200,"srcset":"https:\/\/i0.wp.com\/teasense.ch\/wp-content\/uploads\/2024\/10\/kinderfruechtetee.png?resize=350%2C200&ssl=1 1x, https:\/\/i0.wp.com\/teasense.ch\/wp-content\/uploads\/2024\/10\/kinderfruechtetee.png?resize=525%2C300&ssl=1 1.5x, https:\/\/i0.wp.com\/teasense.ch\/wp-content\/uploads\/2024\/10\/kinderfruechtetee.png?resize=700%2C400&ssl=1 2x"},"classes":[]},{"id":48631,"url":"https:\/\/teasense.ch\/fr\/produit\/tisane-feuilles-framboisier\/","url_meta":{"origin":50737,"position":3},"title":"Tisane de feuilles de framboisier","author":"Reale Selection","date":"13 October 2025","format":false,"excerpt":"Pr\u00e9paration feuilles de framboisier \ud83e\udd44 1-2 cuill\u00e8res \u00e0 caf\u00e9 pour 200 ml\ud83c\udf21\ufe0f 95 \u00b0C\u23f3 5-7 minutes","rel":"","context":"Similar post","block_context":{"text":"Similar post","link":""},"img":{"alt_text":"Himbeerbl\u00e4tter Tee \u2013 mild, aromatisch und wohlschmeckend","src":"https:\/\/i0.wp.com\/teasense.ch\/wp-content\/uploads\/2025\/10\/himbeerblaetter.png?resize=350%2C200&ssl=1","width":350,"height":200,"srcset":"https:\/\/i0.wp.com\/teasense.ch\/wp-content\/uploads\/2025\/10\/himbeerblaetter.png?resize=350%2C200&ssl=1 1x, https:\/\/i0.wp.com\/teasense.ch\/wp-content\/uploads\/2025\/10\/himbeerblaetter.png?resize=525%2C300&ssl=1 1.5x, https:\/\/i0.wp.com\/teasense.ch\/wp-content\/uploads\/2025\/10\/himbeerblaetter.png?resize=700%2C400&ssl=1 2x"},"classes":[]},{"id":50063,"url":"https:\/\/teasense.ch\/fr\/produit\/matcha-vivant\/","url_meta":{"origin":50737,"position":4},"title":"Matcha Vivant","author":"Reale Selection","date":"30 ao\u00fbt 2023","format":false,"excerpt":"Pr\u00e9paration Matcha Vivant \ud83e\udd44 1\/2 c.\u00e0.c ou 1 cuill\u00e8re \u00e0 matcha \ud83c\udf21\ufe0f 60\u201370 \u00b0C \u23f3 2\u20133 minutes","rel":"","context":"Similar post","block_context":{"text":"Similar post","link":""},"img":{"alt_text":"Matcha Pulver auf L\u00f6ffel mit Spruch I love you so matcha","src":"https:\/\/i0.wp.com\/teasense.ch\/wp-content\/uploads\/2023\/08\/produktfoto-matcha-mit-spruch.jpg?resize=350%2C200&ssl=1","width":350,"height":200,"srcset":"https:\/\/i0.wp.com\/teasense.ch\/wp-content\/uploads\/2023\/08\/produktfoto-matcha-mit-spruch.jpg?resize=350%2C200&ssl=1 1x, https:\/\/i0.wp.com\/teasense.ch\/wp-content\/uploads\/2023\/08\/produktfoto-matcha-mit-spruch.jpg?resize=525%2C300&ssl=1 1.5x, https:\/\/i0.wp.com\/teasense.ch\/wp-content\/uploads\/2023\/08\/produktfoto-matcha-mit-spruch.jpg?resize=700%2C400&ssl=1 2x"},"classes":[]},{"id":49594,"url":"https:\/\/teasense.ch\/fr\/produit\/mate-tee-geroestet\/","url_meta":{"origin":50737,"position":5},"title":"Th\u00e9 mat\u00e9 torr\u00e9fi\u00e9","author":"Reale Selection","date":"23 October 2024","format":false,"excerpt":"Mat\u00e9 torr\u00e9fi\u00e9 traditionnel Pr\u00e9paration mat\u00e9 torr\u00e9fi\u00e9 \ud83e\udd44 1 cuill\u00e8re \u00e0 caf\u00e9 par tasse (12 g\/litre)\ud83c\udf21\ufe0f 80 - 90 \u00b0C\u23f3 5 minutes","rel":"","context":"Similar post","block_context":{"text":"Similar post","link":""},"img":{"alt_text":"Mate ger\u00f6stet auf weissem Hintergrund","src":"https:\/\/i0.wp.com\/teasense.ch\/wp-content\/uploads\/2024\/10\/mate-geroestet-auf-weissem-hintergrund.png?resize=350%2C200&ssl=1","width":350,"height":200,"srcset":"https:\/\/i0.wp.com\/teasense.ch\/wp-content\/uploads\/2024\/10\/mate-geroestet-auf-weissem-hintergrund.png?resize=350%2C200&ssl=1 1x, https:\/\/i0.wp.com\/teasense.ch\/wp-content\/uploads\/2024\/10\/mate-geroestet-auf-weissem-hintergrund.png?resize=525%2C300&ssl=1 1.5x, https:\/\/i0.wp.com\/teasense.ch\/wp-content\/uploads\/2024\/10\/mate-geroestet-auf-weissem-hintergrund.png?resize=700%2C400&ssl=1 2x"},"classes":[]}],"jetpack_sharing_enabled":true,"jetpack_likes_enabled":false,"_links":{"self":[{"href":"https:\/\/teasense.ch\/fr\/wp-json\/wp\/v2\/product\/50737","targetHints":{"allow":["GET"]}}],"collection":[{"href":"https:\/\/teasense.ch\/fr\/wp-json\/wp\/v2\/product"}],"about":[{"href":"https:\/\/teasense.ch\/fr\/wp-json\/wp\/v2\/types\/product"}],"replies":[{"embeddable":true,"href":"https:\/\/teasense.ch\/fr\/wp-json\/wp\/v2\/comments?post=50737"}],"wp:featuredmedia":[{"embeddable":true,"href":"https:\/\/teasense.ch\/fr\/wp-json\/wp\/v2\/media\/50730"}],"wp:attachment":[{"href":"https:\/\/teasense.ch\/fr\/wp-json\/wp\/v2\/media?parent=50737"}],"wp:term":[{"taxonomy":"product_brand","embeddable":true,"href":"https:\/\/teasense.ch\/fr\/wp-json\/wp\/v2\/product_brand?post=50737"},{"taxonomy":"product_cat","embeddable":true,"href":"https:\/\/teasense.ch\/fr\/wp-json\/wp\/v2\/product_cat?post=50737"},{"taxonomy":"product_tag","embeddable":true,"href":"https:\/\/teasense.ch\/fr\/wp-json\/wp\/v2\/product_tag?post=50737"}],"curies":[{"name":"wp","href":"https:\/\/api.w.org\/{rel}","templated":true}]}}