{"id":50757,"date":"2026-05-12T16:57:28","date_gmt":"2026-05-12T14:57:28","guid":{"rendered":"https:\/\/teasense.ch\/produkt\/poudre-spiruline\/"},"modified":"2026-05-12T16:57:28","modified_gmt":"2026-05-12T14:57:28","slug":"poudre-spiruline","status":"publish","type":"product","link":"https:\/\/teasense.ch\/fr\/produit\/poudre-spiruline\/","title":{"rendered":"Poudre de spiruline"},"content":{"rendered":"<p>La poudre de spiruline s\u00e9duit par sa couleur naturellement vert fonc\u00e9 et son go\u00fbt doux. Finement moulue et facile \u00e0 utiliser, elle est id\u00e9ale pour les smoothies, bowls et boissons cr\u00e9atives, tout en apportant une touche originale \u00e0 de nombreuses recettes. <\/p>\n<p>Que ce soit dans des smoothies, boissons v\u00e9g\u00e9tales, mueslis ou pr\u00e9parations p\u00e2tissi\u00e8res, la spiruline apporte une belle couleur naturelle et de nouvelles inspirations en cuisine. Elle se m\u00e9lange facilement aux pr\u00e9parations chaudes comme froides. <\/p>\n<h2>Pr\u00e9paration<\/h2>\n<p>Ajouter la poudre de spiruline selon vos envies dans des smoothies, jus, boissons v\u00e9g\u00e9tales ou autres boissons. Elle peut \u00e9galement \u00eatre incorpor\u00e9e dans des mueslis, bowls, yaourts ou desserts. Bien m\u00e9langer ou mixer afin d\u2019obtenir une r\u00e9partition homog\u00e8ne et une couleur vert fonc\u00e9 intense.  <\/p>\n<h3>Id\u00e9es d\u2019utilisation<\/h3>\n<ul>\n<li>dans les smoothies, bowls ou mueslis<\/li>\n<li>dans les boissons v\u00e9g\u00e9tales ou jus<\/li>\n<li>pour la p\u00e2tisserie et les recettes cr\u00e9atives<\/li>\n<li>pour colorer naturellement aliments et boissons<\/li>\n<\/ul>\n<p>Ingr\u00e9dients: 100 % spiruline (microalgue)<\/p>\n<p>Conservation: \u00c0 conserver dans un endroit frais, sec et \u00e0 l\u2019abri de la lumi\u00e8re.<\/p>\n","protected":false},"excerpt":{"rendered":"<p>\ud83e\udd44 \u00c0 m\u00e9langer selon vos envies dans boissons ou aliments<br data-start=\"1270\" data-end=\"1273\">\ud83e\udd64 Id\u00e9ale pour smoothies, bowls et boissons cr\u00e9atives<br data-start=\"1322\" data-end=\"1325\">\ud83d\udc9a Naturellement vert fonc\u00e9<\/p>\n","protected":false},"featured_media":50743,"comment_status":"open","ping_status":"closed","template":"","meta":{"_et_pb_use_builder":"","_et_pb_old_content":"","_et_gb_content_width":""},"product_brand":[],"product_cat":[448,348],"product_tag":[],"class_list":{"0":"post-50757","1":"product","2":"type-product","3":"status-publish","4":"has-post-thumbnail","6":"product_cat-superaliments","7":"product_cat-tous-produits","8":"pa_herkunft-chine","9":"pa_weight-100-g","11":"first","12":"instock","13":"shipping-taxable","14":"purchasable","15":"product-type-variable","16":"has-default-attributes","17":"add-to-wishlist-before_image"},"yoast_head":"<!-- This site is optimized with the Yoast SEO plugin v27.6 - https:\/\/yoast.com\/product\/yoast-seo-wordpress\/ -->\n<title>Poudre de spiruline - TeaSense.ch<\/title>\n<meta name=\"description\" content=\"Acheter poudre de spiruline \u2013 finement moulue avec une couleur naturellement vert fonc\u00e9. Id\u00e9ale pour smoothies, bowls et boissons cr\u00e9atives. \ud83d\udc9a\" \/>\n<meta name=\"robots\" content=\"index, follow, max-snippet:-1, max-image-preview:large, max-video-preview:-1\" \/>\n<link rel=\"canonical\" href=\"https:\/\/teasense.ch\/fr\/produit\/poudre-spiruline\/\" \/>\n<meta property=\"og:locale\" content=\"fr_FR\" \/>\n<meta property=\"og:type\" content=\"article\" \/>\n<meta property=\"og:title\" content=\"Poudre de spiruline - TeaSense.ch\" \/>\n<meta property=\"og:description\" content=\"Acheter poudre de spiruline \u2013 finement moulue avec une couleur naturellement vert fonc\u00e9. Id\u00e9ale pour smoothies, bowls et boissons cr\u00e9atives. \ud83d\udc9a\" \/>\n<meta property=\"og:url\" content=\"https:\/\/teasense.ch\/fr\/produit\/poudre-spiruline\/\" \/>\n<meta property=\"og:site_name\" content=\"TeaSense.ch\" \/>\n<meta property=\"article:publisher\" content=\"https:\/\/www.facebook.com\/teasense.ch\" \/>\n<meta property=\"og:image\" content=\"https:\/\/teasense.ch\/wp-content\/uploads\/2026\/05\/sp.png\" \/>\n\t<meta property=\"og:image:width\" content=\"800\" \/>\n\t<meta property=\"og:image:height\" content=\"800\" \/>\n\t<meta property=\"og:image:type\" content=\"image\/png\" \/>\n<meta name=\"twitter:card\" content=\"summary_large_image\" \/>\n<meta name=\"twitter:label1\" content=\"Est. reading time\" \/>\n\t<meta name=\"twitter:data1\" content=\"1 minute\" \/>\n<!-- \/ Yoast SEO plugin. -->","yoast_head_json":{"title":"Poudre de spiruline - TeaSense.ch","description":"Acheter poudre de spiruline \u2013 finement moulue avec une couleur naturellement vert fonc\u00e9. Id\u00e9ale pour smoothies, bowls et boissons cr\u00e9atives. \ud83d\udc9a","robots":{"index":"index","follow":"follow","max-snippet":"max-snippet:-1","max-image-preview":"max-image-preview:large","max-video-preview":"max-video-preview:-1"},"canonical":"https:\/\/teasense.ch\/fr\/produit\/poudre-spiruline\/","og_locale":"fr_FR","og_type":"article","og_title":"Poudre de spiruline - TeaSense.ch","og_description":"Acheter poudre de spiruline \u2013 finement moulue avec une couleur naturellement vert fonc\u00e9. Id\u00e9ale pour smoothies, bowls et boissons cr\u00e9atives. \ud83d\udc9a","og_url":"https:\/\/teasense.ch\/fr\/produit\/poudre-spiruline\/","og_site_name":"TeaSense.ch","article_publisher":"https:\/\/www.facebook.com\/teasense.ch","og_image":[{"width":800,"height":800,"url":"https:\/\/teasense.ch\/wp-content\/uploads\/2026\/05\/sp.png","type":"image\/png"}],"twitter_card":"summary_large_image","twitter_misc":{"Est. reading time":"1 minute"},"schema":{"@context":"https:\/\/schema.org","@graph":[{"@type":"WebPage","@id":"https:\/\/teasense.ch\/fr\/produit\/poudre-spiruline\/","url":"https:\/\/teasense.ch\/fr\/produit\/poudre-spiruline\/","name":"Poudre de spiruline - TeaSense.ch","isPartOf":{"@id":"https:\/\/teasense.ch\/fr\/#website"},"primaryImageOfPage":{"@id":"https:\/\/teasense.ch\/fr\/produit\/poudre-spiruline\/#primaryimage"},"image":{"@id":"https:\/\/teasense.ch\/fr\/produit\/poudre-spiruline\/#primaryimage"},"thumbnailUrl":"https:\/\/teasense.ch\/wp-content\/uploads\/2026\/05\/sp.png","datePublished":"2026-05-12T14:57:28+00:00","description":"Acheter poudre de spiruline \u2013 finement moulue avec une couleur naturellement vert fonc\u00e9. Id\u00e9ale pour smoothies, bowls et boissons cr\u00e9atives. \ud83d\udc9a","breadcrumb":{"@id":"https:\/\/teasense.ch\/fr\/produit\/poudre-spiruline\/#breadcrumb"},"inLanguage":"fr-CH","potentialAction":[{"@type":"ReadAction","target":["https:\/\/teasense.ch\/fr\/produit\/poudre-spiruline\/"]}]},{"@type":"ImageObject","inLanguage":"fr-CH","@id":"https:\/\/teasense.ch\/fr\/produit\/poudre-spiruline\/#primaryimage","url":"https:\/\/teasense.ch\/wp-content\/uploads\/2026\/05\/sp.png","contentUrl":"https:\/\/teasense.ch\/wp-content\/uploads\/2026\/05\/sp.png","width":800,"height":800,"caption":"Poudre de spiruline"},{"@type":"BreadcrumbList","@id":"https:\/\/teasense.ch\/fr\/produit\/poudre-spiruline\/#breadcrumb","itemListElement":[{"@type":"ListItem","position":1,"name":"Startseite","item":"https:\/\/teasense.ch\/fr\/"},{"@type":"ListItem","position":2,"name":"Boutique de th\u00e9 en ligne","item":"https:\/\/teasense.ch\/fr\/shop\/"},{"@type":"ListItem","position":3,"name":"Poudre de spiruline"}]},{"@type":"WebSite","@id":"https:\/\/teasense.ch\/fr\/#website","url":"https:\/\/teasense.ch\/fr\/","name":"TeaSense.ch","description":"Nat\u00fcrliche Teemischungen und klassischer Tee","publisher":{"@id":"https:\/\/teasense.ch\/fr\/#organization"},"alternateName":"TeaSense","potentialAction":[{"@type":"SearchAction","target":{"@type":"EntryPoint","urlTemplate":"https:\/\/teasense.ch\/fr\/?s={search_term_string}"},"query-input":{"@type":"PropertyValueSpecification","valueRequired":true,"valueName":"search_term_string"}}],"inLanguage":"fr-CH"},{"@type":"Organization","@id":"https:\/\/teasense.ch\/fr\/#organization","name":"Reale Selection","alternateName":"TeaSense.ch","url":"https:\/\/teasense.ch\/fr\/","logo":{"@type":"ImageObject","inLanguage":"fr-CH","@id":"https:\/\/teasense.ch\/fr\/#\/schema\/logo\/image\/","url":"https:\/\/teasense.ch\/wp-content\/uploads\/2023\/07\/cropped-logo-teasense-kategorie-onlineshop-alle-produkte.jpg","contentUrl":"https:\/\/teasense.ch\/wp-content\/uploads\/2023\/07\/cropped-logo-teasense-kategorie-onlineshop-alle-produkte.jpg","width":512,"height":512,"caption":"Reale Selection"},"image":{"@id":"https:\/\/teasense.ch\/fr\/#\/schema\/logo\/image\/"},"sameAs":["https:\/\/www.facebook.com\/teasense.ch"]}]}},"jetpack-related-posts":[{"id":50737,"url":"https:\/\/teasense.ch\/fr\/produit\/poudre-betterave\/","url_meta":{"origin":50757,"position":0},"title":"Poudre de betterave","author":"Reale Selection","date":"12 May 2026","format":false,"excerpt":"\ud83e\udd44 1\u20132 c. \u00e0 caf\u00e9 de poudre de betterave \ud83e\udd64 \u00c0 m\u00e9langer dans boissons ou aliments \u2764\ufe0f Pour une couleur naturelle et des recettes cr\u00e9atives","rel":"","context":"Similar post","block_context":{"text":"Similar post","link":""},"img":{"alt_text":"Rote Beete Pulver","src":"https:\/\/i0.wp.com\/teasense.ch\/wp-content\/uploads\/2026\/05\/rbp.png?resize=350%2C200&ssl=1","width":350,"height":200,"srcset":"https:\/\/i0.wp.com\/teasense.ch\/wp-content\/uploads\/2026\/05\/rbp.png?resize=350%2C200&ssl=1 1x, https:\/\/i0.wp.com\/teasense.ch\/wp-content\/uploads\/2026\/05\/rbp.png?resize=525%2C300&ssl=1 1.5x, https:\/\/i0.wp.com\/teasense.ch\/wp-content\/uploads\/2026\/05\/rbp.png?resize=700%2C400&ssl=1 2x"},"classes":[]},{"id":50549,"url":"https:\/\/teasense.ch\/fr\/produit\/poudre-ube-latte\/","url_meta":{"origin":50757,"position":1},"title":"Poudre Ube Latte","author":"Reale Selection","date":"9 May 2026","format":false,"excerpt":"Pr\u00e9paration Ube Latte \ud83d\udc9c \ud83e\udd44 2\u20133 g de poudre Ube Latte \ud83d\udca7 M\u00e9langer avec 150\u2013200 ml d\u2019eau ti\u00e8de \ud83e\udd5b Ajouter du lait ou une boisson v\u00e9g\u00e9tale \u2728 Sucrer ou faire mousser selon les envies","rel":"","context":"Similar post","block_context":{"text":"Similar post","link":""},"img":{"alt_text":"Ube-Latte-Pulver 100g","src":"https:\/\/i0.wp.com\/teasense.ch\/wp-content\/uploads\/2026\/05\/ube-latte-pulver-100g.png?resize=350%2C200&ssl=1","width":350,"height":200,"srcset":"https:\/\/i0.wp.com\/teasense.ch\/wp-content\/uploads\/2026\/05\/ube-latte-pulver-100g.png?resize=350%2C200&ssl=1 1x, https:\/\/i0.wp.com\/teasense.ch\/wp-content\/uploads\/2026\/05\/ube-latte-pulver-100g.png?resize=525%2C300&ssl=1 1.5x, https:\/\/i0.wp.com\/teasense.ch\/wp-content\/uploads\/2026\/05\/ube-latte-pulver-100g.png?resize=700%2C400&ssl=1 2x"},"classes":[]},{"id":48568,"url":"https:\/\/teasense.ch\/fr\/produit\/melange-epices-curcuma\/","url_meta":{"origin":50757,"position":2},"title":"M\u00e9lange d\u2019\u00e9pices au curcuma","author":"Reale Selection","date":"22 October 2025","format":false,"excerpt":"Curcuma avec citronnelle, citron, gingembre et coriandre Id\u00e9al en infusion, en cuisine ou pour une boisson au curcuma Couleur dor\u00e9e, 100 % d\u2019ingr\u00e9dients naturels \u2013 sans additifs","rel":"","context":"Similar post","block_context":{"text":"Similar post","link":""},"img":{"alt_text":"Kurkuma Gew\u00fcrz-Mix Zitronengras, Zitrone, Ingwer und Koriander","src":"https:\/\/i0.wp.com\/teasense.ch\/wp-content\/uploads\/2025\/09\/kurkuma-zitrone-1.png?resize=350%2C200&ssl=1","width":350,"height":200,"srcset":"https:\/\/i0.wp.com\/teasense.ch\/wp-content\/uploads\/2025\/09\/kurkuma-zitrone-1.png?resize=350%2C200&ssl=1 1x, https:\/\/i0.wp.com\/teasense.ch\/wp-content\/uploads\/2025\/09\/kurkuma-zitrone-1.png?resize=525%2C300&ssl=1 1.5x, https:\/\/i0.wp.com\/teasense.ch\/wp-content\/uploads\/2025\/09\/kurkuma-zitrone-1.png?resize=700%2C400&ssl=1 2x"},"classes":[]},{"id":49568,"url":"https:\/\/teasense.ch\/fr\/produit\/tisane-fruits-enfants\/","url_meta":{"origin":50757,"position":3},"title":"Tisane aux fruits enfants","author":"Reale Selection","date":"22 October 2024","format":false,"excerpt":"Le classique, sans ar\u00f4mes ajout\u00e9s et sans caf\u00e9ine. Pr\u00e9paration tisane fruits enfants \ud83e\udd44 1 c.\u00e0.c par tasse \ud83c\udf21\ufe0f 100\u00b0C \u23f3 6 - 10 minutes","rel":"","context":"Similar post","block_context":{"text":"Similar post","link":""},"img":{"alt_text":"Kinderfr\u00fcchtetee Natur","src":"https:\/\/i0.wp.com\/teasense.ch\/wp-content\/uploads\/2024\/10\/kinderfruechtetee.png?resize=350%2C200&ssl=1","width":350,"height":200,"srcset":"https:\/\/i0.wp.com\/teasense.ch\/wp-content\/uploads\/2024\/10\/kinderfruechtetee.png?resize=350%2C200&ssl=1 1x, https:\/\/i0.wp.com\/teasense.ch\/wp-content\/uploads\/2024\/10\/kinderfruechtetee.png?resize=525%2C300&ssl=1 1.5x, https:\/\/i0.wp.com\/teasense.ch\/wp-content\/uploads\/2024\/10\/kinderfruechtetee.png?resize=700%2C400&ssl=1 2x"},"classes":[]},{"id":49248,"url":"https:\/\/teasense.ch\/fr\/produit\/rooibos-vert\/","url_meta":{"origin":50757,"position":4},"title":"Rooibos vert","author":"Reale Selection","date":"12 May 2025","format":false,"excerpt":"Pr\u00e9paration \u2013 rooibos vert \ud83e\udd44 1 c. \u00e0 caf\u00e9 pour 200 ml (20 g\/litre) \ud83c\udf21\ufe0f 90 \u00b0C \u23f3 5 minutes","rel":"","context":"Similar post","block_context":{"text":"Similar post","link":""},"img":{"alt_text":"Gr\u00fcner Rooibos Tee","src":"https:\/\/i0.wp.com\/teasense.ch\/wp-content\/uploads\/2025\/05\/Gruener-Rooibusch.png?resize=350%2C200&ssl=1","width":350,"height":200,"srcset":"https:\/\/i0.wp.com\/teasense.ch\/wp-content\/uploads\/2025\/05\/Gruener-Rooibusch.png?resize=350%2C200&ssl=1 1x, https:\/\/i0.wp.com\/teasense.ch\/wp-content\/uploads\/2025\/05\/Gruener-Rooibusch.png?resize=525%2C300&ssl=1 1.5x, https:\/\/i0.wp.com\/teasense.ch\/wp-content\/uploads\/2025\/05\/Gruener-Rooibusch.png?resize=700%2C400&ssl=1 2x"},"classes":[]},{"id":48631,"url":"https:\/\/teasense.ch\/fr\/produit\/tisane-feuilles-framboisier\/","url_meta":{"origin":50757,"position":5},"title":"Tisane de feuilles de framboisier","author":"Reale Selection","date":"13 October 2025","format":false,"excerpt":"Pr\u00e9paration feuilles de framboisier \ud83e\udd44 1-2 cuill\u00e8res \u00e0 caf\u00e9 pour 200 ml\ud83c\udf21\ufe0f 95 \u00b0C\u23f3 5-7 minutes","rel":"","context":"Similar post","block_context":{"text":"Similar post","link":""},"img":{"alt_text":"Himbeerbl\u00e4tter Tee \u2013 mild, aromatisch und wohlschmeckend","src":"https:\/\/i0.wp.com\/teasense.ch\/wp-content\/uploads\/2025\/10\/himbeerblaetter.png?resize=350%2C200&ssl=1","width":350,"height":200,"srcset":"https:\/\/i0.wp.com\/teasense.ch\/wp-content\/uploads\/2025\/10\/himbeerblaetter.png?resize=350%2C200&ssl=1 1x, https:\/\/i0.wp.com\/teasense.ch\/wp-content\/uploads\/2025\/10\/himbeerblaetter.png?resize=525%2C300&ssl=1 1.5x, https:\/\/i0.wp.com\/teasense.ch\/wp-content\/uploads\/2025\/10\/himbeerblaetter.png?resize=700%2C400&ssl=1 2x"},"classes":[]}],"jetpack_sharing_enabled":true,"jetpack_likes_enabled":false,"_links":{"self":[{"href":"https:\/\/teasense.ch\/fr\/wp-json\/wp\/v2\/product\/50757","targetHints":{"allow":["GET"]}}],"collection":[{"href":"https:\/\/teasense.ch\/fr\/wp-json\/wp\/v2\/product"}],"about":[{"href":"https:\/\/teasense.ch\/fr\/wp-json\/wp\/v2\/types\/product"}],"replies":[{"embeddable":true,"href":"https:\/\/teasense.ch\/fr\/wp-json\/wp\/v2\/comments?post=50757"}],"wp:featuredmedia":[{"embeddable":true,"href":"https:\/\/teasense.ch\/fr\/wp-json\/wp\/v2\/media\/50743"}],"wp:attachment":[{"href":"https:\/\/teasense.ch\/fr\/wp-json\/wp\/v2\/media?parent=50757"}],"wp:term":[{"taxonomy":"product_brand","embeddable":true,"href":"https:\/\/teasense.ch\/fr\/wp-json\/wp\/v2\/product_brand?post=50757"},{"taxonomy":"product_cat","embeddable":true,"href":"https:\/\/teasense.ch\/fr\/wp-json\/wp\/v2\/product_cat?post=50757"},{"taxonomy":"product_tag","embeddable":true,"href":"https:\/\/teasense.ch\/fr\/wp-json\/wp\/v2\/product_tag?post=50757"}],"curies":[{"name":"wp","href":"https:\/\/api.w.org\/{rel}","templated":true}]}}