{"id":50774,"date":"2026-05-12T19:52:45","date_gmt":"2026-05-12T17:52:45","guid":{"rendered":"https:\/\/teasense.ch\/produkt\/poudre-boisson-guarana\/"},"modified":"2026-05-12T19:52:45","modified_gmt":"2026-05-12T17:52:45","slug":"poudre-boisson-guarana","status":"publish","type":"product","link":"https:\/\/teasense.ch\/fr\/produit\/poudre-boisson-guarana\/","title":{"rendered":"Poudre de boisson au guarana"},"content":{"rendered":"<p>La poudre de boisson au guarana est un produit finement transform\u00e9 destin\u00e9 \u00e0 \u00eatre utilis\u00e9 dans des boissons et des recettes cr\u00e9atives. Son go\u00fbt l\u00e9g\u00e8rement amer se marie bien avec des ingr\u00e9dients fruit\u00e9s ou v\u00e9g\u00e9taux. <\/p>\n<p>Le guarana est aujourd\u2019hui utilis\u00e9 dans diverses cr\u00e9ations de boissons et constitue un ingr\u00e9dient appr\u00e9ci\u00e9 des boissons modernes.<\/p>\n<h2>Pr\u00e9paration<\/h2>\n<p>Ajouter une demi \u00e0 une cuill\u00e8re \u00e0 caf\u00e9 de poudre de guarana dans la boisson de votre choix et bien m\u00e9langer jusqu\u2019\u00e0 r\u00e9partition homog\u00e8ne. Convient particuli\u00e8rement aux smoothies, jus ou boissons v\u00e9g\u00e9tales. <\/p>\n<h3 data-section-id=\"1p78uxs\" data-start=\"930\" data-end=\"940\">Ingr\u00e9dients<\/h3>\n<ul>\n<li data-start=\"942\" data-end=\"1071\">Dextrine: utilis\u00e9e comme support pour faciliter la transformation et le dosage de la poudre.<\/li>\n<li data-start=\"942\" data-end=\"1071\">Extrait de guarana issu de graines s\u00e9ch\u00e9es de <em data-start=\"1008\" data-end=\"1026\">Paullinia cupana<\/em><\/li>\n<li data-start=\"942\" data-end=\"1071\">Extrait de caf\u00e9 de <em data-start=\"1046\" data-end=\"1062\">Coffea robusta<\/em><\/li>\n<li data-start=\"942\" data-end=\"1071\">Koffein<\/li>\n<\/ul>\n","protected":false},"excerpt":{"rendered":"<p>\ud83e\udd44 \u00bd \u00e0 1 c. \u00e0 caf\u00e9 par boisson<br data-start=\"824\" data-end=\"827\">\ud83e\udd64 \u00c0 m\u00e9langer dans smoothies, jus ou boissons<br data-start=\"871\" data-end=\"874\">\u2728 Bien remuer pour une r\u00e9partition homog\u00e8ne<\/p>\n","protected":false},"featured_media":50765,"comment_status":"open","ping_status":"closed","template":"","meta":{"_et_pb_use_builder":"","_et_pb_old_content":"","_et_gb_content_width":""},"product_brand":[],"product_cat":[448,348],"product_tag":[],"class_list":{"0":"post-50774","1":"product","2":"type-product","3":"status-publish","4":"has-post-thumbnail","6":"product_cat-superaliments","7":"product_cat-tous-produits","8":"pa_herkunft-inde","9":"pa_weight-100-g","10":"pa_weight-50-g","12":"first","13":"instock","14":"shipping-taxable","15":"purchasable","16":"product-type-variable","17":"has-default-attributes","18":"add-to-wishlist-before_image"},"yoast_head":"<!-- This site is optimized with the Yoast SEO plugin v27.6 - https:\/\/yoast.com\/product\/yoast-seo-wordpress\/ -->\n<title>Poudre de boisson au guarana - TeaSense.ch<\/title>\n<meta name=\"description\" content=\"Poudre de boisson au guarana pour smoothies, jus et boissons. Finement transform\u00e9e avec extrait de guarana, extrait de caf\u00e9 et support pour recettes cr\u00e9atives.\" \/>\n<meta name=\"robots\" content=\"index, follow, max-snippet:-1, max-image-preview:large, max-video-preview:-1\" \/>\n<link rel=\"canonical\" href=\"https:\/\/teasense.ch\/fr\/produit\/poudre-boisson-guarana\/\" \/>\n<meta property=\"og:locale\" content=\"fr_FR\" \/>\n<meta property=\"og:type\" content=\"article\" \/>\n<meta property=\"og:title\" content=\"Poudre de boisson au guarana - TeaSense.ch\" \/>\n<meta property=\"og:description\" content=\"Poudre de boisson au guarana pour smoothies, jus et boissons. Finement transform\u00e9e avec extrait de guarana, extrait de caf\u00e9 et support pour recettes cr\u00e9atives.\" \/>\n<meta property=\"og:url\" content=\"https:\/\/teasense.ch\/fr\/produit\/poudre-boisson-guarana\/\" \/>\n<meta property=\"og:site_name\" content=\"TeaSense.ch\" \/>\n<meta property=\"article:publisher\" content=\"https:\/\/www.facebook.com\/teasense.ch\" \/>\n<meta property=\"og:image\" content=\"https:\/\/teasense.ch\/wp-content\/uploads\/2026\/05\/guarana-getraenkepulver.png\" \/>\n\t<meta property=\"og:image:width\" content=\"800\" \/>\n\t<meta property=\"og:image:height\" content=\"800\" \/>\n\t<meta property=\"og:image:type\" content=\"image\/png\" \/>\n<meta name=\"twitter:card\" content=\"summary_large_image\" \/>\n<meta name=\"twitter:label1\" content=\"Est. reading time\" \/>\n\t<meta name=\"twitter:data1\" content=\"1 minute\" \/>\n<!-- \/ Yoast SEO plugin. -->","yoast_head_json":{"title":"Poudre de boisson au guarana - TeaSense.ch","description":"Poudre de boisson au guarana pour smoothies, jus et boissons. Finement transform\u00e9e avec extrait de guarana, extrait de caf\u00e9 et support pour recettes cr\u00e9atives.","robots":{"index":"index","follow":"follow","max-snippet":"max-snippet:-1","max-image-preview":"max-image-preview:large","max-video-preview":"max-video-preview:-1"},"canonical":"https:\/\/teasense.ch\/fr\/produit\/poudre-boisson-guarana\/","og_locale":"fr_FR","og_type":"article","og_title":"Poudre de boisson au guarana - TeaSense.ch","og_description":"Poudre de boisson au guarana pour smoothies, jus et boissons. Finement transform\u00e9e avec extrait de guarana, extrait de caf\u00e9 et support pour recettes cr\u00e9atives.","og_url":"https:\/\/teasense.ch\/fr\/produit\/poudre-boisson-guarana\/","og_site_name":"TeaSense.ch","article_publisher":"https:\/\/www.facebook.com\/teasense.ch","og_image":[{"width":800,"height":800,"url":"https:\/\/teasense.ch\/wp-content\/uploads\/2026\/05\/guarana-getraenkepulver.png","type":"image\/png"}],"twitter_card":"summary_large_image","twitter_misc":{"Est. reading time":"1 minute"},"schema":{"@context":"https:\/\/schema.org","@graph":[{"@type":"WebPage","@id":"https:\/\/teasense.ch\/fr\/produit\/poudre-boisson-guarana\/","url":"https:\/\/teasense.ch\/fr\/produit\/poudre-boisson-guarana\/","name":"Poudre de boisson au guarana - TeaSense.ch","isPartOf":{"@id":"https:\/\/teasense.ch\/fr\/#website"},"primaryImageOfPage":{"@id":"https:\/\/teasense.ch\/fr\/produit\/poudre-boisson-guarana\/#primaryimage"},"image":{"@id":"https:\/\/teasense.ch\/fr\/produit\/poudre-boisson-guarana\/#primaryimage"},"thumbnailUrl":"https:\/\/teasense.ch\/wp-content\/uploads\/2026\/05\/guarana-getraenkepulver.png","datePublished":"2026-05-12T17:52:45+00:00","description":"Poudre de boisson au guarana pour smoothies, jus et boissons. Finement transform\u00e9e avec extrait de guarana, extrait de caf\u00e9 et support pour recettes cr\u00e9atives.","breadcrumb":{"@id":"https:\/\/teasense.ch\/fr\/produit\/poudre-boisson-guarana\/#breadcrumb"},"inLanguage":"fr-CH","potentialAction":[{"@type":"ReadAction","target":["https:\/\/teasense.ch\/fr\/produit\/poudre-boisson-guarana\/"]}]},{"@type":"ImageObject","inLanguage":"fr-CH","@id":"https:\/\/teasense.ch\/fr\/produit\/poudre-boisson-guarana\/#primaryimage","url":"https:\/\/teasense.ch\/wp-content\/uploads\/2026\/05\/guarana-getraenkepulver.png","contentUrl":"https:\/\/teasense.ch\/wp-content\/uploads\/2026\/05\/guarana-getraenkepulver.png","width":800,"height":800,"caption":"Guarana Getr\u00e4nkepulver"},{"@type":"BreadcrumbList","@id":"https:\/\/teasense.ch\/fr\/produit\/poudre-boisson-guarana\/#breadcrumb","itemListElement":[{"@type":"ListItem","position":1,"name":"Startseite","item":"https:\/\/teasense.ch\/fr\/"},{"@type":"ListItem","position":2,"name":"Boutique de th\u00e9 en ligne","item":"https:\/\/teasense.ch\/fr\/shop\/"},{"@type":"ListItem","position":3,"name":"Poudre de boisson au guarana"}]},{"@type":"WebSite","@id":"https:\/\/teasense.ch\/fr\/#website","url":"https:\/\/teasense.ch\/fr\/","name":"TeaSense.ch","description":"Nat\u00fcrliche Teemischungen und klassischer Tee","publisher":{"@id":"https:\/\/teasense.ch\/fr\/#organization"},"alternateName":"TeaSense","potentialAction":[{"@type":"SearchAction","target":{"@type":"EntryPoint","urlTemplate":"https:\/\/teasense.ch\/fr\/?s={search_term_string}"},"query-input":{"@type":"PropertyValueSpecification","valueRequired":true,"valueName":"search_term_string"}}],"inLanguage":"fr-CH"},{"@type":"Organization","@id":"https:\/\/teasense.ch\/fr\/#organization","name":"Reale Selection","alternateName":"TeaSense.ch","url":"https:\/\/teasense.ch\/fr\/","logo":{"@type":"ImageObject","inLanguage":"fr-CH","@id":"https:\/\/teasense.ch\/fr\/#\/schema\/logo\/image\/","url":"https:\/\/teasense.ch\/wp-content\/uploads\/2023\/07\/cropped-logo-teasense-kategorie-onlineshop-alle-produkte.jpg","contentUrl":"https:\/\/teasense.ch\/wp-content\/uploads\/2023\/07\/cropped-logo-teasense-kategorie-onlineshop-alle-produkte.jpg","width":512,"height":512,"caption":"Reale Selection"},"image":{"@id":"https:\/\/teasense.ch\/fr\/#\/schema\/logo\/image\/"},"sameAs":["https:\/\/www.facebook.com\/teasense.ch"]}]}},"jetpack-related-posts":[{"id":50737,"url":"https:\/\/teasense.ch\/fr\/produit\/poudre-betterave\/","url_meta":{"origin":50774,"position":0},"title":"Poudre de betterave","author":"Reale Selection","date":"12 May 2026","format":false,"excerpt":"\ud83e\udd44 1\u20132 c. \u00e0 caf\u00e9 de poudre de betterave \ud83e\udd64 \u00c0 m\u00e9langer dans boissons ou aliments \u2764\ufe0f Pour une couleur naturelle et des recettes cr\u00e9atives","rel":"","context":"Similar post","block_context":{"text":"Similar post","link":""},"img":{"alt_text":"Rote Beete Pulver","src":"https:\/\/i0.wp.com\/teasense.ch\/wp-content\/uploads\/2026\/05\/rbp.png?resize=350%2C200&ssl=1","width":350,"height":200,"srcset":"https:\/\/i0.wp.com\/teasense.ch\/wp-content\/uploads\/2026\/05\/rbp.png?resize=350%2C200&ssl=1 1x, https:\/\/i0.wp.com\/teasense.ch\/wp-content\/uploads\/2026\/05\/rbp.png?resize=525%2C300&ssl=1 1.5x, https:\/\/i0.wp.com\/teasense.ch\/wp-content\/uploads\/2026\/05\/rbp.png?resize=700%2C400&ssl=1 2x"},"classes":[]},{"id":48568,"url":"https:\/\/teasense.ch\/fr\/produit\/melange-epices-curcuma\/","url_meta":{"origin":50774,"position":1},"title":"M\u00e9lange d\u2019\u00e9pices au curcuma","author":"Reale Selection","date":"22 October 2025","format":false,"excerpt":"Curcuma avec citronnelle, citron, gingembre et coriandre Id\u00e9al en infusion, en cuisine ou pour une boisson au curcuma Couleur dor\u00e9e, 100 % d\u2019ingr\u00e9dients naturels \u2013 sans additifs","rel":"","context":"Similar post","block_context":{"text":"Similar post","link":""},"img":{"alt_text":"Kurkuma Gew\u00fcrz-Mix Zitronengras, Zitrone, Ingwer und Koriander","src":"https:\/\/i0.wp.com\/teasense.ch\/wp-content\/uploads\/2025\/09\/kurkuma-zitrone-1.png?resize=350%2C200&ssl=1","width":350,"height":200,"srcset":"https:\/\/i0.wp.com\/teasense.ch\/wp-content\/uploads\/2025\/09\/kurkuma-zitrone-1.png?resize=350%2C200&ssl=1 1x, https:\/\/i0.wp.com\/teasense.ch\/wp-content\/uploads\/2025\/09\/kurkuma-zitrone-1.png?resize=525%2C300&ssl=1 1.5x, https:\/\/i0.wp.com\/teasense.ch\/wp-content\/uploads\/2025\/09\/kurkuma-zitrone-1.png?resize=700%2C400&ssl=1 2x"},"classes":[]},{"id":50549,"url":"https:\/\/teasense.ch\/fr\/produit\/poudre-ube-latte\/","url_meta":{"origin":50774,"position":2},"title":"Poudre Ube Latte","author":"Reale Selection","date":"9 May 2026","format":false,"excerpt":"Pr\u00e9paration Ube Latte \ud83d\udc9c \ud83e\udd44 2\u20133 g de poudre Ube Latte \ud83d\udca7 M\u00e9langer avec 150\u2013200 ml d\u2019eau ti\u00e8de \ud83e\udd5b Ajouter du lait ou une boisson v\u00e9g\u00e9tale \u2728 Sucrer ou faire mousser selon les envies","rel":"","context":"Similar post","block_context":{"text":"Similar post","link":""},"img":{"alt_text":"Ube-Latte-Pulver 100g","src":"https:\/\/i0.wp.com\/teasense.ch\/wp-content\/uploads\/2026\/05\/ube-latte-pulver-100g.png?resize=350%2C200&ssl=1","width":350,"height":200,"srcset":"https:\/\/i0.wp.com\/teasense.ch\/wp-content\/uploads\/2026\/05\/ube-latte-pulver-100g.png?resize=350%2C200&ssl=1 1x, https:\/\/i0.wp.com\/teasense.ch\/wp-content\/uploads\/2026\/05\/ube-latte-pulver-100g.png?resize=525%2C300&ssl=1 1.5x, https:\/\/i0.wp.com\/teasense.ch\/wp-content\/uploads\/2026\/05\/ube-latte-pulver-100g.png?resize=700%2C400&ssl=1 2x"},"classes":[]},{"id":49248,"url":"https:\/\/teasense.ch\/fr\/produit\/rooibos-vert\/","url_meta":{"origin":50774,"position":3},"title":"Rooibos vert","author":"Reale Selection","date":"12 May 2025","format":false,"excerpt":"Pr\u00e9paration \u2013 rooibos vert \ud83e\udd44 1 c. \u00e0 caf\u00e9 pour 200 ml (20 g\/litre) \ud83c\udf21\ufe0f 90 \u00b0C \u23f3 5 minutes","rel":"","context":"Similar post","block_context":{"text":"Similar post","link":""},"img":{"alt_text":"Gr\u00fcner Rooibos Tee","src":"https:\/\/i0.wp.com\/teasense.ch\/wp-content\/uploads\/2025\/05\/Gruener-Rooibusch.png?resize=350%2C200&ssl=1","width":350,"height":200,"srcset":"https:\/\/i0.wp.com\/teasense.ch\/wp-content\/uploads\/2025\/05\/Gruener-Rooibusch.png?resize=350%2C200&ssl=1 1x, https:\/\/i0.wp.com\/teasense.ch\/wp-content\/uploads\/2025\/05\/Gruener-Rooibusch.png?resize=525%2C300&ssl=1 1.5x, https:\/\/i0.wp.com\/teasense.ch\/wp-content\/uploads\/2025\/05\/Gruener-Rooibusch.png?resize=700%2C400&ssl=1 2x"},"classes":[]},{"id":49568,"url":"https:\/\/teasense.ch\/fr\/produit\/tisane-fruits-enfants\/","url_meta":{"origin":50774,"position":4},"title":"Tisane aux fruits enfants","author":"Reale Selection","date":"22 October 2024","format":false,"excerpt":"Le classique, sans ar\u00f4mes ajout\u00e9s et sans caf\u00e9ine. Pr\u00e9paration tisane fruits enfants \ud83e\udd44 1 c.\u00e0.c par tasse \ud83c\udf21\ufe0f 100\u00b0C \u23f3 6 - 10 minutes","rel":"","context":"Similar post","block_context":{"text":"Similar post","link":""},"img":{"alt_text":"Kinderfr\u00fcchtetee Natur","src":"https:\/\/i0.wp.com\/teasense.ch\/wp-content\/uploads\/2024\/10\/kinderfruechtetee.png?resize=350%2C200&ssl=1","width":350,"height":200,"srcset":"https:\/\/i0.wp.com\/teasense.ch\/wp-content\/uploads\/2024\/10\/kinderfruechtetee.png?resize=350%2C200&ssl=1 1x, https:\/\/i0.wp.com\/teasense.ch\/wp-content\/uploads\/2024\/10\/kinderfruechtetee.png?resize=525%2C300&ssl=1 1.5x, https:\/\/i0.wp.com\/teasense.ch\/wp-content\/uploads\/2024\/10\/kinderfruechtetee.png?resize=700%2C400&ssl=1 2x"},"classes":[]},{"id":49263,"url":"https:\/\/teasense.ch\/fr\/produit\/tisane-kapha-ayurvedique\/","url_meta":{"origin":50774,"position":5},"title":"Tisane Kapha ayurv\u00e9dique","author":"Reale Selection","date":"12 May 2025","format":false,"excerpt":"Pr\u00e9paration \u2013 tisane Kapha ayurv\u00e9dique \ud83e\udd44 2 g (env. 1 c. \u00e0 caf\u00e9) pour 200 ml \ud83c\udf21\ufe0f 100 \u00b0C \u23f3 7\u201310 minutes","rel":"","context":"Similar post","block_context":{"text":"Similar post","link":""},"img":{"alt_text":"Ayurveda Kapha Gew\u00fcrz- und Kr\u00e4utertee","src":"https:\/\/i0.wp.com\/teasense.ch\/wp-content\/uploads\/2025\/05\/Ayurveda-Kapha-Gewuerz-und-Kraeutertee.png?resize=350%2C200&ssl=1","width":350,"height":200,"srcset":"https:\/\/i0.wp.com\/teasense.ch\/wp-content\/uploads\/2025\/05\/Ayurveda-Kapha-Gewuerz-und-Kraeutertee.png?resize=350%2C200&ssl=1 1x, https:\/\/i0.wp.com\/teasense.ch\/wp-content\/uploads\/2025\/05\/Ayurveda-Kapha-Gewuerz-und-Kraeutertee.png?resize=525%2C300&ssl=1 1.5x, https:\/\/i0.wp.com\/teasense.ch\/wp-content\/uploads\/2025\/05\/Ayurveda-Kapha-Gewuerz-und-Kraeutertee.png?resize=700%2C400&ssl=1 2x"},"classes":[]}],"jetpack_sharing_enabled":true,"jetpack_likes_enabled":false,"_links":{"self":[{"href":"https:\/\/teasense.ch\/fr\/wp-json\/wp\/v2\/product\/50774","targetHints":{"allow":["GET"]}}],"collection":[{"href":"https:\/\/teasense.ch\/fr\/wp-json\/wp\/v2\/product"}],"about":[{"href":"https:\/\/teasense.ch\/fr\/wp-json\/wp\/v2\/types\/product"}],"replies":[{"embeddable":true,"href":"https:\/\/teasense.ch\/fr\/wp-json\/wp\/v2\/comments?post=50774"}],"wp:featuredmedia":[{"embeddable":true,"href":"https:\/\/teasense.ch\/fr\/wp-json\/wp\/v2\/media\/50765"}],"wp:attachment":[{"href":"https:\/\/teasense.ch\/fr\/wp-json\/wp\/v2\/media?parent=50774"}],"wp:term":[{"taxonomy":"product_brand","embeddable":true,"href":"https:\/\/teasense.ch\/fr\/wp-json\/wp\/v2\/product_brand?post=50774"},{"taxonomy":"product_cat","embeddable":true,"href":"https:\/\/teasense.ch\/fr\/wp-json\/wp\/v2\/product_cat?post=50774"},{"taxonomy":"product_tag","embeddable":true,"href":"https:\/\/teasense.ch\/fr\/wp-json\/wp\/v2\/product_tag?post=50774"}],"curies":[{"name":"wp","href":"https:\/\/api.w.org\/{rel}","templated":true}]}}