{"id":50927,"date":"2026-05-17T10:58:17","date_gmt":"2026-05-17T08:58:17","guid":{"rendered":"https:\/\/teasense.ch\/produkt\/jardin-mandarine-infusion-fruits\/"},"modified":"2026-05-17T10:58:17","modified_gmt":"2026-05-17T08:58:17","slug":"jardin-mandarine-infusion-fruits","status":"publish","type":"product","link":"https:\/\/teasense.ch\/fr\/produit\/jardin-mandarine-infusion-fruits\/","title":{"rendered":"Jardin Mandarine \u2013 Infusion de fruits"},"content":{"rendered":"<p>Un jardin g\u00e9n\u00e9reux en fruits, baies et fleurs \u2013 c&#8217;est Jardin Mandarine \u2013 Infusion de fruits. Ce d\u00e9licat m\u00e9lange r\u00e9unit des morceaux de pomme juteux, des framboises et des p\u00eaches fruit\u00e9es avec l&#8217;irr\u00e9sistible duo de baies et fleurs de sureau. Une touche de mandarine apporte une note ensoleill\u00e9e et fra\u00eeche qui illumine chaque gorg\u00e9e.  <\/p>\n<p>L&#8217;hibiscus et l&#8217;\u00e9glantine donnent au m\u00e9lange sa belle couleur rouge profonde et une acidit\u00e9 naturelle et agr\u00e9able \u2013 un vrai spectacle dans la tasse. Les p\u00e9tales de souci viennent parfaire ce tableau fleuri.<br \/>Jardin Mandarine est enti\u00e8rement sans caf\u00e9ine et plein d&#8217;ar\u00f4mes naturels \u2013 pur, honn\u00eate et fruit\u00e9. Pour tous les moments qui m\u00e9ritent une touche fruit\u00e9e.  <\/p>\n<p><strong>Ingr\u00e9dients<\/strong>: Morceaux de pomme, hibiscus, cynorrhodon, baies de sureau, fleurs de sureau, morceaux de framboise lyophilis\u00e9s, morceaux de p\u00eache lyophilis\u00e9s, ar\u00f4me naturel de fleur de sureau, ar\u00f4me naturel de baies, p\u00e9tales de souci, ar\u00f4me naturel de p\u00eache, huile de mandarine<\/p>\n<p>Pr\u00e9paration Jardin Mandarine:<br \/>Porter l&#8217;eau \u00e0 100\u00b0C et laisser infuser 6\u201310 minutes. Utiliser 13\u201315 g par litre. Plus l&#8217;infusion est longue, plus l&#8217;ar\u00f4me est intense.  <\/p>\n","protected":false},"excerpt":{"rendered":"<h4>Pr\u00e9paration Jardin Mandarine<\/h4>\n<p>\ud83e\udd44 13\u201315 g par litre<br \/>\n\ud83c\udf21\ufe0f 100\u00b0C<br \/>\n\u23f3 6\u201310 minutes<\/p>\n","protected":false},"featured_media":50913,"comment_status":"open","ping_status":"closed","template":"","meta":{"_et_pb_use_builder":"","_et_pb_old_content":"","_et_gb_content_width":""},"product_brand":[],"product_cat":[412,375,348],"product_tag":[],"class_list":{"0":"post-50927","1":"product","2":"type-product","3":"status-publish","4":"has-post-thumbnail","6":"product_cat-infusion-fruits","7":"product_cat-the-en-vrac","8":"product_cat-tous-produits","9":"pa_herkunft-allemagne","10":"pa_weight-100-g","11":"pa_weight-200-g","12":"pa_weight-400-g","13":"pa_weight-50-g","15":"first","16":"instock","17":"shipping-taxable","18":"purchasable","19":"product-type-variable","20":"has-default-attributes","21":"add-to-wishlist-before_image"},"yoast_head":"<!-- This site is optimized with the Yoast SEO plugin v27.6 - https:\/\/yoast.com\/product\/yoast-seo-wordpress\/ -->\n<title>Jardin Mandarine \u2013 Infusion de fruits - TeaSense.ch<\/title>\n<meta name=\"description\" content=\"Jardin Mandarine \u2013 une infusion de fruits avec sureau, hibiscus, cynorrhodon &amp; mandarine. Sans caf\u00e9ine, color\u00e9e et pleine d&#039;ar\u00f4mes naturels \u2013 \u00e0 savourer sans mod\u00e9ration.\" \/>\n<meta name=\"robots\" content=\"index, follow, max-snippet:-1, max-image-preview:large, max-video-preview:-1\" \/>\n<link rel=\"canonical\" href=\"https:\/\/teasense.ch\/fr\/produit\/jardin-mandarine-infusion-fruits\/\" \/>\n<meta property=\"og:locale\" content=\"fr_FR\" \/>\n<meta property=\"og:type\" content=\"article\" \/>\n<meta property=\"og:title\" content=\"Jardin Mandarine \u2013 Infusion de fruits - TeaSense.ch\" \/>\n<meta property=\"og:description\" content=\"Jardin Mandarine \u2013 une infusion de fruits avec sureau, hibiscus, cynorrhodon &amp; mandarine. Sans caf\u00e9ine, color\u00e9e et pleine d&#039;ar\u00f4mes naturels \u2013 \u00e0 savourer sans mod\u00e9ration.\" \/>\n<meta property=\"og:url\" content=\"https:\/\/teasense.ch\/fr\/produit\/jardin-mandarine-infusion-fruits\/\" \/>\n<meta property=\"og:site_name\" content=\"TeaSense.ch\" \/>\n<meta property=\"article:publisher\" content=\"https:\/\/www.facebook.com\/teasense.ch\" \/>\n<meta property=\"og:image\" content=\"https:\/\/teasense.ch\/wp-content\/uploads\/2026\/05\/mandarinengarten-\u2013-fruechtetee.png\" \/>\n\t<meta property=\"og:image:width\" content=\"800\" \/>\n\t<meta property=\"og:image:height\" content=\"800\" \/>\n\t<meta property=\"og:image:type\" content=\"image\/png\" \/>\n<meta name=\"twitter:card\" content=\"summary_large_image\" \/>\n<meta name=\"twitter:label1\" content=\"Est. reading time\" \/>\n\t<meta name=\"twitter:data1\" content=\"1 minute\" \/>\n<!-- \/ Yoast SEO plugin. -->","yoast_head_json":{"title":"Jardin Mandarine \u2013 Infusion de fruits - TeaSense.ch","description":"Jardin Mandarine \u2013 une infusion de fruits avec sureau, hibiscus, cynorrhodon & mandarine. Sans caf\u00e9ine, color\u00e9e et pleine d'ar\u00f4mes naturels \u2013 \u00e0 savourer sans mod\u00e9ration.","robots":{"index":"index","follow":"follow","max-snippet":"max-snippet:-1","max-image-preview":"max-image-preview:large","max-video-preview":"max-video-preview:-1"},"canonical":"https:\/\/teasense.ch\/fr\/produit\/jardin-mandarine-infusion-fruits\/","og_locale":"fr_FR","og_type":"article","og_title":"Jardin Mandarine \u2013 Infusion de fruits - TeaSense.ch","og_description":"Jardin Mandarine \u2013 une infusion de fruits avec sureau, hibiscus, cynorrhodon & mandarine. Sans caf\u00e9ine, color\u00e9e et pleine d'ar\u00f4mes naturels \u2013 \u00e0 savourer sans mod\u00e9ration.","og_url":"https:\/\/teasense.ch\/fr\/produit\/jardin-mandarine-infusion-fruits\/","og_site_name":"TeaSense.ch","article_publisher":"https:\/\/www.facebook.com\/teasense.ch","og_image":[{"width":800,"height":800,"url":"https:\/\/teasense.ch\/wp-content\/uploads\/2026\/05\/mandarinengarten-\u2013-fruechtetee.png","type":"image\/png"}],"twitter_card":"summary_large_image","twitter_misc":{"Est. reading time":"1 minute"},"schema":{"@context":"https:\/\/schema.org","@graph":[{"@type":"WebPage","@id":"https:\/\/teasense.ch\/fr\/produit\/jardin-mandarine-infusion-fruits\/","url":"https:\/\/teasense.ch\/fr\/produit\/jardin-mandarine-infusion-fruits\/","name":"Jardin Mandarine \u2013 Infusion de fruits - TeaSense.ch","isPartOf":{"@id":"https:\/\/teasense.ch\/fr\/#website"},"primaryImageOfPage":{"@id":"https:\/\/teasense.ch\/fr\/produit\/jardin-mandarine-infusion-fruits\/#primaryimage"},"image":{"@id":"https:\/\/teasense.ch\/fr\/produit\/jardin-mandarine-infusion-fruits\/#primaryimage"},"thumbnailUrl":"https:\/\/teasense.ch\/wp-content\/uploads\/2026\/05\/mandarinengarten-\u2013-fruechtetee.png","datePublished":"2026-05-17T08:58:17+00:00","description":"Jardin Mandarine \u2013 une infusion de fruits avec sureau, hibiscus, cynorrhodon & mandarine. Sans caf\u00e9ine, color\u00e9e et pleine d'ar\u00f4mes naturels \u2013 \u00e0 savourer sans mod\u00e9ration.","breadcrumb":{"@id":"https:\/\/teasense.ch\/fr\/produit\/jardin-mandarine-infusion-fruits\/#breadcrumb"},"inLanguage":"fr-CH","potentialAction":[{"@type":"ReadAction","target":["https:\/\/teasense.ch\/fr\/produit\/jardin-mandarine-infusion-fruits\/"]}]},{"@type":"ImageObject","inLanguage":"fr-CH","@id":"https:\/\/teasense.ch\/fr\/produit\/jardin-mandarine-infusion-fruits\/#primaryimage","url":"https:\/\/teasense.ch\/wp-content\/uploads\/2026\/05\/mandarinengarten-\u2013-fruechtetee.png","contentUrl":"https:\/\/teasense.ch\/wp-content\/uploads\/2026\/05\/mandarinengarten-\u2013-fruechtetee.png","width":800,"height":800,"caption":"Mandarinengarten \u2013 Fr\u00fcchtetee"},{"@type":"BreadcrumbList","@id":"https:\/\/teasense.ch\/fr\/produit\/jardin-mandarine-infusion-fruits\/#breadcrumb","itemListElement":[{"@type":"ListItem","position":1,"name":"Startseite","item":"https:\/\/teasense.ch\/fr\/"},{"@type":"ListItem","position":2,"name":"Boutique de th\u00e9 en ligne","item":"https:\/\/teasense.ch\/fr\/shop\/"},{"@type":"ListItem","position":3,"name":"Jardin Mandarine \u2013 Infusion de fruits"}]},{"@type":"WebSite","@id":"https:\/\/teasense.ch\/fr\/#website","url":"https:\/\/teasense.ch\/fr\/","name":"TeaSense.ch","description":"Nat\u00fcrliche Teemischungen und klassischer Tee","publisher":{"@id":"https:\/\/teasense.ch\/fr\/#organization"},"alternateName":"TeaSense","potentialAction":[{"@type":"SearchAction","target":{"@type":"EntryPoint","urlTemplate":"https:\/\/teasense.ch\/fr\/?s={search_term_string}"},"query-input":{"@type":"PropertyValueSpecification","valueRequired":true,"valueName":"search_term_string"}}],"inLanguage":"fr-CH"},{"@type":"Organization","@id":"https:\/\/teasense.ch\/fr\/#organization","name":"Reale Selection","alternateName":"TeaSense.ch","url":"https:\/\/teasense.ch\/fr\/","logo":{"@type":"ImageObject","inLanguage":"fr-CH","@id":"https:\/\/teasense.ch\/fr\/#\/schema\/logo\/image\/","url":"https:\/\/teasense.ch\/wp-content\/uploads\/2023\/07\/cropped-logo-teasense-kategorie-onlineshop-alle-produkte.jpg","contentUrl":"https:\/\/teasense.ch\/wp-content\/uploads\/2023\/07\/cropped-logo-teasense-kategorie-onlineshop-alle-produkte.jpg","width":512,"height":512,"caption":"Reale Selection"},"image":{"@id":"https:\/\/teasense.ch\/fr\/#\/schema\/logo\/image\/"},"sameAs":["https:\/\/www.facebook.com\/teasense.ch"]}]}},"jetpack-related-posts":[{"id":50248,"url":"https:\/\/teasense.ch\/fr\/produit\/infusion-fruits-des-bois\/","url_meta":{"origin":50927,"position":0},"title":"Infusion fruits des bois","author":"Reale Selection","date":"29 ao\u00fbt 2023","format":false,"excerpt":"Pr\u00e9paration \u2013 infusion fruits des bois \ud83e\udd44 2 g (env. 1\u20132 c.\u00e0.c.) pour 200 ml d\u2019eau \ud83c\udf21\ufe0f 100 \u00b0C \u23f3 5\u201310 minutes","rel":"","context":"Similar post","block_context":{"text":"Similar post","link":""},"img":{"alt_text":"Waldbeere Fr\u00fcchtetee","src":"https:\/\/i0.wp.com\/teasense.ch\/wp-content\/uploads\/2023\/08\/Waldbeere-Fruechtetee.png?resize=350%2C200&ssl=1","width":350,"height":200,"srcset":"https:\/\/i0.wp.com\/teasense.ch\/wp-content\/uploads\/2023\/08\/Waldbeere-Fruechtetee.png?resize=350%2C200&ssl=1 1x, https:\/\/i0.wp.com\/teasense.ch\/wp-content\/uploads\/2023\/08\/Waldbeere-Fruechtetee.png?resize=525%2C300&ssl=1 1.5x, https:\/\/i0.wp.com\/teasense.ch\/wp-content\/uploads\/2023\/08\/Waldbeere-Fruechtetee.png?resize=700%2C400&ssl=1 2x"},"classes":[]},{"id":48667,"url":"https:\/\/teasense.ch\/fr\/produit\/fraicheur-de-baies-infusion-fruits\/","url_meta":{"origin":50927,"position":1},"title":"Fra\u00eecheur de Baies \u2013 Infusion de fruits","author":"Reale Selection","date":"13 October 2025","format":false,"excerpt":"Pr\u00e9paration Fra\u00eecheur de Baies \u2013 Infusion de fruits \ud83e\udd44 1 cuill\u00e8re \u00e0 caf\u00e9 pour 200 ml\ud83c\udf21\ufe0f 100 \u00b0C\u23f3 10\u201312 minutes","rel":"","context":"Similar post","block_context":{"text":"Similar post","link":""},"img":{"alt_text":"Beerenfrisch \u2013 Fr\u00fcchtetee Fruchtige Frische mit beerigem Flair","src":"https:\/\/i0.wp.com\/teasense.ch\/wp-content\/uploads\/2025\/10\/beerenfrisch.png?resize=350%2C200&ssl=1","width":350,"height":200,"srcset":"https:\/\/i0.wp.com\/teasense.ch\/wp-content\/uploads\/2025\/10\/beerenfrisch.png?resize=350%2C200&ssl=1 1x, https:\/\/i0.wp.com\/teasense.ch\/wp-content\/uploads\/2025\/10\/beerenfrisch.png?resize=525%2C300&ssl=1 1.5x, https:\/\/i0.wp.com\/teasense.ch\/wp-content\/uploads\/2025\/10\/beerenfrisch.png?resize=700%2C400&ssl=1 2x"},"classes":[]},{"id":49693,"url":"https:\/\/teasense.ch\/fr\/produit\/infusion-lavande-baies\/","url_meta":{"origin":50927,"position":2},"title":"Infusion lavande &#038; baies","author":"Reale Selection","date":"22 October 2024","format":false,"excerpt":"Pr\u00e9paration infusion lavande & baies \ud83e\udd44 1 c.\u00e0.c par tasse \ud83c\udf21\ufe0f 100 \u00b0C \u23f3 8 - 10 minutes","rel":"","context":"Similar post","block_context":{"text":"Similar post","link":""},"img":{"alt_text":"Lavendelbeeren Teemischung","src":"https:\/\/i0.wp.com\/teasense.ch\/wp-content\/uploads\/2024\/10\/produktfoto.png?resize=350%2C200&ssl=1","width":350,"height":200,"srcset":"https:\/\/i0.wp.com\/teasense.ch\/wp-content\/uploads\/2024\/10\/produktfoto.png?resize=350%2C200&ssl=1 1x, https:\/\/i0.wp.com\/teasense.ch\/wp-content\/uploads\/2024\/10\/produktfoto.png?resize=525%2C300&ssl=1 1.5x, https:\/\/i0.wp.com\/teasense.ch\/wp-content\/uploads\/2024\/10\/produktfoto.png?resize=700%2C400&ssl=1 2x"},"classes":[]},{"id":50050,"url":"https:\/\/teasense.ch\/fr\/produit\/infusion-aux-herbes-sans-arome\/","url_meta":{"origin":50927,"position":3},"title":"Infusion aux herbes sans ar\u00f4me","author":"Reale Selection","date":"15 October 2023","format":false,"excerpt":"Pr\u00e9paration infusion aux herbes sans ar\u00f4me \ud83e\udd44 1\u20132 c.\u00e0.c par tasse \ud83c\udf21\ufe0f 100 \u00b0C \u23f3 6\u20138 minutes","rel":"","context":"Similar post","block_context":{"text":"Similar post","link":""},"img":{"alt_text":"Naturklang Kr\u00e4utertee Teemischung Zutaten auf weissem Hintergrund.","src":"https:\/\/i0.wp.com\/teasense.ch\/wp-content\/uploads\/2023\/10\/winterpunsch-plain.jpg?resize=350%2C200&ssl=1","width":350,"height":200,"srcset":"https:\/\/i0.wp.com\/teasense.ch\/wp-content\/uploads\/2023\/10\/winterpunsch-plain.jpg?resize=350%2C200&ssl=1 1x, https:\/\/i0.wp.com\/teasense.ch\/wp-content\/uploads\/2023\/10\/winterpunsch-plain.jpg?resize=525%2C300&ssl=1 1.5x, https:\/\/i0.wp.com\/teasense.ch\/wp-content\/uploads\/2023\/10\/winterpunsch-plain.jpg?resize=700%2C400&ssl=1 2x"},"classes":[]},{"id":49456,"url":"https:\/\/teasense.ch\/fr\/produit\/infusion-aux-herbes-a-lorange\/","url_meta":{"origin":50927,"position":4},"title":"Infusion aux herbes \u00e0 l\u2019orange","author":"Reale Selection","date":"22 October 2024","format":false,"excerpt":"Pr\u00e9paration \u2013 Infusion aux herbes \u00e0 l\u2019orange \ud83e\udd44 1 c.\u00e0.c par tasse \ud83c\udf21\ufe0f 100 \u00b0C \u23f3 6\u201310 minutes","rel":"","context":"Similar post","block_context":{"text":"Similar post","link":""},"img":{"alt_text":"Goldorange Teemischung lose","src":"https:\/\/i0.wp.com\/teasense.ch\/wp-content\/uploads\/2024\/10\/gold.png?resize=350%2C200&ssl=1","width":350,"height":200,"srcset":"https:\/\/i0.wp.com\/teasense.ch\/wp-content\/uploads\/2024\/10\/gold.png?resize=350%2C200&ssl=1 1x, https:\/\/i0.wp.com\/teasense.ch\/wp-content\/uploads\/2024\/10\/gold.png?resize=525%2C300&ssl=1 1.5x, https:\/\/i0.wp.com\/teasense.ch\/wp-content\/uploads\/2024\/10\/gold.png?resize=700%2C400&ssl=1 2x"},"classes":[]},{"id":49960,"url":"https:\/\/teasense.ch\/fr\/produit\/infusion-fruits-au-coing\/","url_meta":{"origin":50927,"position":5},"title":"Infusion fruits au coing","author":"Reale Selection","date":"22 October 2023","format":false,"excerpt":"Pr\u00e9paration infusion fruits au coing \ud83e\udd44 1 c.\u00e0.c du m\u00e9lange \ud83c\udf21\ufe0f Eau \u00e0 env. 90 \u00b0C \u23f3 5 \u2013 7 minutes","rel":"","context":"Similar post","block_context":{"text":"Similar post","link":""},"img":{"alt_text":"Fr\u00fcchteteemischung mit Quitte und Apfelst\u00fccke.","src":"https:\/\/i0.wp.com\/teasense.ch\/wp-content\/uploads\/2023\/10\/winter-quitte.jpg?resize=350%2C200&ssl=1","width":350,"height":200,"srcset":"https:\/\/i0.wp.com\/teasense.ch\/wp-content\/uploads\/2023\/10\/winter-quitte.jpg?resize=350%2C200&ssl=1 1x, https:\/\/i0.wp.com\/teasense.ch\/wp-content\/uploads\/2023\/10\/winter-quitte.jpg?resize=525%2C300&ssl=1 1.5x, https:\/\/i0.wp.com\/teasense.ch\/wp-content\/uploads\/2023\/10\/winter-quitte.jpg?resize=700%2C400&ssl=1 2x"},"classes":[]}],"jetpack_sharing_enabled":true,"jetpack_likes_enabled":false,"_links":{"self":[{"href":"https:\/\/teasense.ch\/fr\/wp-json\/wp\/v2\/product\/50927","targetHints":{"allow":["GET"]}}],"collection":[{"href":"https:\/\/teasense.ch\/fr\/wp-json\/wp\/v2\/product"}],"about":[{"href":"https:\/\/teasense.ch\/fr\/wp-json\/wp\/v2\/types\/product"}],"replies":[{"embeddable":true,"href":"https:\/\/teasense.ch\/fr\/wp-json\/wp\/v2\/comments?post=50927"}],"wp:featuredmedia":[{"embeddable":true,"href":"https:\/\/teasense.ch\/fr\/wp-json\/wp\/v2\/media\/50913"}],"wp:attachment":[{"href":"https:\/\/teasense.ch\/fr\/wp-json\/wp\/v2\/media?parent=50927"}],"wp:term":[{"taxonomy":"product_brand","embeddable":true,"href":"https:\/\/teasense.ch\/fr\/wp-json\/wp\/v2\/product_brand?post=50927"},{"taxonomy":"product_cat","embeddable":true,"href":"https:\/\/teasense.ch\/fr\/wp-json\/wp\/v2\/product_cat?post=50927"},{"taxonomy":"product_tag","embeddable":true,"href":"https:\/\/teasense.ch\/fr\/wp-json\/wp\/v2\/product_tag?post=50927"}],"curies":[{"name":"wp","href":"https:\/\/api.w.org\/{rel}","templated":true}]}}