{"id":50953,"date":"2026-05-17T12:47:12","date_gmt":"2026-05-17T10:47:12","guid":{"rendered":"https:\/\/teasense.ch\/produkt\/tasse-coeur\/"},"modified":"2026-05-17T12:47:12","modified_gmt":"2026-05-17T10:47:12","slug":"tasse-coeur","status":"publish","type":"product","link":"https:\/\/teasense.ch\/fr\/produit\/tasse-coeur\/","title":{"rendered":"Tasse C\u0153ur \u2013 Porcelaine 360 ml"},"content":{"rendered":"<p>Certaines choses mettent simplement de bonne humeur \u2013 chaque matin, chaque caf\u00e9, chaque th\u00e9.<\/p>\n<p>La Tasse C\u0153ur en fine porcelaine contient 360 ml et apporte une touche de chaleur et de tendresse au quotidien.<\/p>\n<p>Elle fait un cadeau merveilleux pour la Saint-Valentin, la f\u00eate des m\u00e8res, un anniversaire ou simplement comme \u00e7a.<\/p>\n<h3>Tasse C\u0153ur \u2013 Tasse en porcelaine 360 ml \u2013 disponible en deux motifs soigneusement dessin\u00e9s \ud83d\udc95<\/h3>\n<p>Pluie de C\u0153urs \u2013 de nombreux petits c\u0153urs roses et rouges qui tombent comme une douce pluie sur la tasse.<br \/>\nMosa\u00efque de C\u0153urs \u2013 de nombreux petits c\u0153urs qui se rejoignent pour n&#8217;en former qu&#8217;un seul \u2013 une belle image de ce qu&#8217;est l&#8217;amour.<\/p>\n","protected":false},"excerpt":{"rendered":"<p>1 pi\u00e8ce \u2764\ufe0f Tasse en porcelaine 360 ml<br \/>Deux motifs c\u0153ur au choix.<\/p>\n","protected":false},"featured_media":50941,"comment_status":"open","ping_status":"closed","template":"","meta":{"_et_pb_use_builder":"","_et_pb_old_content":"","_et_gb_content_width":""},"product_brand":[],"product_cat":[454,364,375,348],"product_tag":[],"class_list":{"0":"post-50953","1":"product","2":"type-product","3":"status-publish","4":"has-post-thumbnail","6":"product_cat-accessoires-the","7":"product_cat-cadeaux-the","8":"product_cat-the-en-vrac","9":"product_cat-tous-produits","10":"pa_herkunft-allemagne","12":"first","13":"instock","14":"shipping-taxable","15":"purchasable","16":"product-type-variable","17":"add-to-wishlist-before_image"},"yoast_head":"<!-- This site is optimized with the Yoast SEO plugin v27.6 - https:\/\/yoast.com\/product\/yoast-seo-wordpress\/ -->\n<title>Tasse C\u0153ur \u2013 Porcelaine 360 ml - TeaSense.ch<\/title>\n<meta name=\"description\" content=\"Tasse C\u0153ur \u2013 une tasse en porcelaine joliment d\u00e9cor\u00e9e d&#039;un motif c\u0153ur en deux variantes. Un beau cadeau pour toute occasion \u2013 ou simplement pour se faire plaisir.\" \/>\n<meta name=\"robots\" content=\"index, follow, max-snippet:-1, max-image-preview:large, max-video-preview:-1\" \/>\n<link rel=\"canonical\" href=\"https:\/\/teasense.ch\/fr\/produit\/tasse-coeur\/\" \/>\n<meta property=\"og:locale\" content=\"fr_FR\" \/>\n<meta property=\"og:type\" content=\"article\" \/>\n<meta property=\"og:title\" content=\"Tasse C\u0153ur \u2013 Porcelaine 360 ml - TeaSense.ch\" \/>\n<meta property=\"og:description\" content=\"Tasse C\u0153ur \u2013 une tasse en porcelaine joliment d\u00e9cor\u00e9e d&#039;un motif c\u0153ur en deux variantes. Un beau cadeau pour toute occasion \u2013 ou simplement pour se faire plaisir.\" \/>\n<meta property=\"og:url\" content=\"https:\/\/teasense.ch\/fr\/produit\/tasse-coeur\/\" \/>\n<meta property=\"og:site_name\" content=\"TeaSense.ch\" \/>\n<meta property=\"article:publisher\" content=\"https:\/\/www.facebook.com\/teasense.ch\" \/>\n<meta property=\"og:image\" content=\"https:\/\/teasense.ch\/wp-content\/uploads\/2026\/05\/herztassen-\u2013-porzellantassen-360-ml.png\" \/>\n\t<meta property=\"og:image:width\" content=\"800\" \/>\n\t<meta property=\"og:image:height\" content=\"800\" \/>\n\t<meta property=\"og:image:type\" content=\"image\/png\" \/>\n<meta name=\"twitter:card\" content=\"summary_large_image\" \/>\n<meta name=\"twitter:label1\" content=\"Est. reading time\" \/>\n\t<meta name=\"twitter:data1\" content=\"1 minute\" \/>\n<!-- \/ Yoast SEO plugin. -->","yoast_head_json":{"title":"Tasse C\u0153ur \u2013 Porcelaine 360 ml - TeaSense.ch","description":"Tasse C\u0153ur \u2013 une tasse en porcelaine joliment d\u00e9cor\u00e9e d'un motif c\u0153ur en deux variantes. Un beau cadeau pour toute occasion \u2013 ou simplement pour se faire plaisir.","robots":{"index":"index","follow":"follow","max-snippet":"max-snippet:-1","max-image-preview":"max-image-preview:large","max-video-preview":"max-video-preview:-1"},"canonical":"https:\/\/teasense.ch\/fr\/produit\/tasse-coeur\/","og_locale":"fr_FR","og_type":"article","og_title":"Tasse C\u0153ur \u2013 Porcelaine 360 ml - TeaSense.ch","og_description":"Tasse C\u0153ur \u2013 une tasse en porcelaine joliment d\u00e9cor\u00e9e d'un motif c\u0153ur en deux variantes. Un beau cadeau pour toute occasion \u2013 ou simplement pour se faire plaisir.","og_url":"https:\/\/teasense.ch\/fr\/produit\/tasse-coeur\/","og_site_name":"TeaSense.ch","article_publisher":"https:\/\/www.facebook.com\/teasense.ch","og_image":[{"width":800,"height":800,"url":"https:\/\/teasense.ch\/wp-content\/uploads\/2026\/05\/herztassen-\u2013-porzellantassen-360-ml.png","type":"image\/png"}],"twitter_card":"summary_large_image","twitter_misc":{"Est. reading time":"1 minute"},"schema":{"@context":"https:\/\/schema.org","@graph":[{"@type":"WebPage","@id":"https:\/\/teasense.ch\/fr\/produit\/tasse-coeur\/","url":"https:\/\/teasense.ch\/fr\/produit\/tasse-coeur\/","name":"Tasse C\u0153ur \u2013 Porcelaine 360 ml - TeaSense.ch","isPartOf":{"@id":"https:\/\/teasense.ch\/fr\/#website"},"primaryImageOfPage":{"@id":"https:\/\/teasense.ch\/fr\/produit\/tasse-coeur\/#primaryimage"},"image":{"@id":"https:\/\/teasense.ch\/fr\/produit\/tasse-coeur\/#primaryimage"},"thumbnailUrl":"https:\/\/teasense.ch\/wp-content\/uploads\/2026\/05\/herztassen-\u2013-porzellantassen-360-ml.png","datePublished":"2026-05-17T10:47:12+00:00","description":"Tasse C\u0153ur \u2013 une tasse en porcelaine joliment d\u00e9cor\u00e9e d'un motif c\u0153ur en deux variantes. Un beau cadeau pour toute occasion \u2013 ou simplement pour se faire plaisir.","breadcrumb":{"@id":"https:\/\/teasense.ch\/fr\/produit\/tasse-coeur\/#breadcrumb"},"inLanguage":"fr-CH","potentialAction":[{"@type":"ReadAction","target":["https:\/\/teasense.ch\/fr\/produit\/tasse-coeur\/"]}]},{"@type":"ImageObject","inLanguage":"fr-CH","@id":"https:\/\/teasense.ch\/fr\/produit\/tasse-coeur\/#primaryimage","url":"https:\/\/teasense.ch\/wp-content\/uploads\/2026\/05\/herztassen-\u2013-porzellantassen-360-ml.png","contentUrl":"https:\/\/teasense.ch\/wp-content\/uploads\/2026\/05\/herztassen-\u2013-porzellantassen-360-ml.png","width":800,"height":800,"caption":"Herztassen \u2013 Porzellan 360 ml"},{"@type":"BreadcrumbList","@id":"https:\/\/teasense.ch\/fr\/produit\/tasse-coeur\/#breadcrumb","itemListElement":[{"@type":"ListItem","position":1,"name":"Startseite","item":"https:\/\/teasense.ch\/fr\/"},{"@type":"ListItem","position":2,"name":"Boutique de th\u00e9 en ligne","item":"https:\/\/teasense.ch\/fr\/shop\/"},{"@type":"ListItem","position":3,"name":"Tasse C\u0153ur \u2013 Porcelaine 360 ml"}]},{"@type":"WebSite","@id":"https:\/\/teasense.ch\/fr\/#website","url":"https:\/\/teasense.ch\/fr\/","name":"TeaSense.ch","description":"Nat\u00fcrliche Teemischungen und klassischer Tee","publisher":{"@id":"https:\/\/teasense.ch\/fr\/#organization"},"alternateName":"TeaSense","potentialAction":[{"@type":"SearchAction","target":{"@type":"EntryPoint","urlTemplate":"https:\/\/teasense.ch\/fr\/?s={search_term_string}"},"query-input":{"@type":"PropertyValueSpecification","valueRequired":true,"valueName":"search_term_string"}}],"inLanguage":"fr-CH"},{"@type":"Organization","@id":"https:\/\/teasense.ch\/fr\/#organization","name":"Reale Selection","alternateName":"TeaSense.ch","url":"https:\/\/teasense.ch\/fr\/","logo":{"@type":"ImageObject","inLanguage":"fr-CH","@id":"https:\/\/teasense.ch\/fr\/#\/schema\/logo\/image\/","url":"https:\/\/teasense.ch\/wp-content\/uploads\/2023\/07\/cropped-logo-teasense-kategorie-onlineshop-alle-produkte.jpg","contentUrl":"https:\/\/teasense.ch\/wp-content\/uploads\/2023\/07\/cropped-logo-teasense-kategorie-onlineshop-alle-produkte.jpg","width":512,"height":512,"caption":"Reale Selection"},"image":{"@id":"https:\/\/teasense.ch\/fr\/#\/schema\/logo\/image\/"},"sameAs":["https:\/\/www.facebook.com\/teasense.ch"]}]}},"jetpack-related-posts":[{"id":49105,"url":"https:\/\/teasense.ch\/fr\/produit\/tasse-a-the-avec-couvercle-et-filtre-hehua\/","url_meta":{"origin":50953,"position":0},"title":"Tasse \u00e0 th\u00e9 avec couvercle et filtre \u2013 Hehua","author":"Reale Selection","date":"28 October 2024","format":false,"excerpt":"Set : tasse, filtre et couvercle (sans emballage cadeau) Capacit\u00e9 : 360 ml","rel":"","context":"Similar post","block_context":{"text":"Similar post","link":""},"img":{"alt_text":"Porzellan Deckelbecher Hehua aussen","src":"https:\/\/i0.wp.com\/teasense.ch\/wp-content\/uploads\/2024\/10\/porzellan-deckelbecher-hehua-aussen.png?resize=350%2C200&ssl=1","width":350,"height":200,"srcset":"https:\/\/i0.wp.com\/teasense.ch\/wp-content\/uploads\/2024\/10\/porzellan-deckelbecher-hehua-aussen.png?resize=350%2C200&ssl=1 1x, https:\/\/i0.wp.com\/teasense.ch\/wp-content\/uploads\/2024\/10\/porzellan-deckelbecher-hehua-aussen.png?resize=525%2C300&ssl=1 1.5x, https:\/\/i0.wp.com\/teasense.ch\/wp-content\/uploads\/2024\/10\/porzellan-deckelbecher-hehua-aussen.png?resize=700%2C400&ssl=1 2x"},"classes":[]},{"id":49292,"url":"https:\/\/teasense.ch\/fr\/produit\/tasse-coeur-en-ceramique-avec-filtre-et-couvercle\/","url_meta":{"origin":50953,"position":1},"title":"Tasse c\u0153ur en c\u00e9ramique avec filtre et couvercle","author":"Reale Selection","date":"29 October 2024","format":false,"excerpt":"Tasse, filtre et couvercle (sans emballage cadeau) Contenance : 250 ml","rel":"","context":"Similar post","block_context":{"text":"Similar post","link":""},"img":{"alt_text":"Herz Keramik Deckelbecher zwei Varianten","src":"https:\/\/i0.wp.com\/teasense.ch\/wp-content\/uploads\/2024\/10\/herz-keramik-deckelbecher-zwei-varianten.png?resize=350%2C200&ssl=1","width":350,"height":200,"srcset":"https:\/\/i0.wp.com\/teasense.ch\/wp-content\/uploads\/2024\/10\/herz-keramik-deckelbecher-zwei-varianten.png?resize=350%2C200&ssl=1 1x, https:\/\/i0.wp.com\/teasense.ch\/wp-content\/uploads\/2024\/10\/herz-keramik-deckelbecher-zwei-varianten.png?resize=525%2C300&ssl=1 1.5x, https:\/\/i0.wp.com\/teasense.ch\/wp-content\/uploads\/2024\/10\/herz-keramik-deckelbecher-zwei-varianten.png?resize=700%2C400&ssl=1 2x"},"classes":[]},{"id":49934,"url":"https:\/\/teasense.ch\/fr\/produit\/mug-en-porcelaine-avec-couvercle-yoshino\/","url_meta":{"origin":50953,"position":2},"title":"Mug en porcelaine avec couvercle Yoshino","author":"Reale Selection","date":"29 October 2024","format":false,"excerpt":"Tasse, filtre et couvercle (sans emballage cadeau) Contenance : 320 ml","rel":"","context":"Similar post","block_context":{"text":"Similar post","link":""},"img":{"alt_text":"Porzellan Deckelbecher Yoshino Varianten","src":"https:\/\/i0.wp.com\/teasense.ch\/wp-content\/uploads\/2024\/10\/porzellan-deckelbecher-yoshino-varianten.png?resize=350%2C200&ssl=1","width":350,"height":200,"srcset":"https:\/\/i0.wp.com\/teasense.ch\/wp-content\/uploads\/2024\/10\/porzellan-deckelbecher-yoshino-varianten.png?resize=350%2C200&ssl=1 1x, https:\/\/i0.wp.com\/teasense.ch\/wp-content\/uploads\/2024\/10\/porzellan-deckelbecher-yoshino-varianten.png?resize=525%2C300&ssl=1 1.5x, https:\/\/i0.wp.com\/teasense.ch\/wp-content\/uploads\/2024\/10\/porzellan-deckelbecher-yoshino-varianten.png?resize=700%2C400&ssl=1 2x"},"classes":[]},{"id":49099,"url":"https:\/\/teasense.ch\/fr\/produit\/tasse-a-the-avec-couvercle-et-filtre-haku\/","url_meta":{"origin":50953,"position":3},"title":"Tasse \u00e0 th\u00e9 avec couvercle et filtre \u2013 Haku","author":"Reale Selection","date":"29 October 2024","format":false,"excerpt":"Tasse, filtre et couvercle (sans emballage cadeau) Capacit\u00e9 : 320 ml","rel":"","context":"Similar post","block_context":{"text":"Similar post","link":""},"img":{"alt_text":"Set Tasse Sieb Deckel Haku","src":"https:\/\/i0.wp.com\/teasense.ch\/wp-content\/uploads\/2024\/10\/porzellan-deckelbecher-haku-set.png?resize=350%2C200&ssl=1","width":350,"height":200,"srcset":"https:\/\/i0.wp.com\/teasense.ch\/wp-content\/uploads\/2024\/10\/porzellan-deckelbecher-haku-set.png?resize=350%2C200&ssl=1 1x, https:\/\/i0.wp.com\/teasense.ch\/wp-content\/uploads\/2024\/10\/porzellan-deckelbecher-haku-set.png?resize=525%2C300&ssl=1 1.5x, https:\/\/i0.wp.com\/teasense.ch\/wp-content\/uploads\/2024\/10\/porzellan-deckelbecher-haku-set.png?resize=700%2C400&ssl=1 2x"},"classes":[]},{"id":49102,"url":"https:\/\/teasense.ch\/fr\/produit\/tasse-a-the-avec-couvercle-et-filtre-birdy\/","url_meta":{"origin":50953,"position":4},"title":"Tasse \u00e0 th\u00e9 avec couvercle et filtre \u2013 Birdy","author":"Reale Selection","date":"28 October 2024","format":false,"excerpt":"Tasse, filtre et couvercle (sans emballage cadeau) Capacit\u00e9 : 325 ml","rel":"","context":"Similar post","block_context":{"text":"Similar post","link":""},"img":{"alt_text":"Porzellan Deckelbecher Birdy ganz","src":"https:\/\/i0.wp.com\/teasense.ch\/wp-content\/uploads\/2024\/10\/porzellan-deckelbecher-birdy-ganz.png?resize=350%2C200&ssl=1","width":350,"height":200,"srcset":"https:\/\/i0.wp.com\/teasense.ch\/wp-content\/uploads\/2024\/10\/porzellan-deckelbecher-birdy-ganz.png?resize=350%2C200&ssl=1 1x, https:\/\/i0.wp.com\/teasense.ch\/wp-content\/uploads\/2024\/10\/porzellan-deckelbecher-birdy-ganz.png?resize=525%2C300&ssl=1 1.5x, https:\/\/i0.wp.com\/teasense.ch\/wp-content\/uploads\/2024\/10\/porzellan-deckelbecher-birdy-ganz.png?resize=700%2C400&ssl=1 2x"},"classes":[]},{"id":48507,"url":"https:\/\/teasense.ch\/fr\/produit\/bol-matcha-bec-verseur\/","url_meta":{"origin":50953,"position":5},"title":"Bol matcha avec bec verseur","author":"Reale Selection","date":"11 novembre 2025","format":false,"excerpt":"Bol matcha en porcelaine avec bec verseur, 350 ml","rel":"","context":"Similar post","block_context":{"text":"Similar post","link":""},"img":{"alt_text":"Matcha-Schale aus Porzellan mit Ausguss weiss","src":"https:\/\/i0.wp.com\/teasense.ch\/wp-content\/uploads\/2025\/11\/matcha-schale-aus-porzellan-mit-ausguss.png?resize=350%2C200&ssl=1","width":350,"height":200,"srcset":"https:\/\/i0.wp.com\/teasense.ch\/wp-content\/uploads\/2025\/11\/matcha-schale-aus-porzellan-mit-ausguss.png?resize=350%2C200&ssl=1 1x, https:\/\/i0.wp.com\/teasense.ch\/wp-content\/uploads\/2025\/11\/matcha-schale-aus-porzellan-mit-ausguss.png?resize=525%2C300&ssl=1 1.5x, https:\/\/i0.wp.com\/teasense.ch\/wp-content\/uploads\/2025\/11\/matcha-schale-aus-porzellan-mit-ausguss.png?resize=700%2C400&ssl=1 2x"},"classes":[]}],"jetpack_sharing_enabled":true,"jetpack_likes_enabled":false,"_links":{"self":[{"href":"https:\/\/teasense.ch\/fr\/wp-json\/wp\/v2\/product\/50953","targetHints":{"allow":["GET"]}}],"collection":[{"href":"https:\/\/teasense.ch\/fr\/wp-json\/wp\/v2\/product"}],"about":[{"href":"https:\/\/teasense.ch\/fr\/wp-json\/wp\/v2\/types\/product"}],"replies":[{"embeddable":true,"href":"https:\/\/teasense.ch\/fr\/wp-json\/wp\/v2\/comments?post=50953"}],"wp:featuredmedia":[{"embeddable":true,"href":"https:\/\/teasense.ch\/fr\/wp-json\/wp\/v2\/media\/50941"}],"wp:attachment":[{"href":"https:\/\/teasense.ch\/fr\/wp-json\/wp\/v2\/media?parent=50953"}],"wp:term":[{"taxonomy":"product_brand","embeddable":true,"href":"https:\/\/teasense.ch\/fr\/wp-json\/wp\/v2\/product_brand?post=50953"},{"taxonomy":"product_cat","embeddable":true,"href":"https:\/\/teasense.ch\/fr\/wp-json\/wp\/v2\/product_cat?post=50953"},{"taxonomy":"product_tag","embeddable":true,"href":"https:\/\/teasense.ch\/fr\/wp-json\/wp\/v2\/product_tag?post=50953"}],"curies":[{"name":"wp","href":"https:\/\/api.w.org\/{rel}","templated":true}]}}