{"id":30765,"date":"2023-06-12T20:32:42","date_gmt":"2023-06-12T18:32:42","guid":{"rendered":"https:\/\/teasense.ch\/?page_id=30765"},"modified":"2025-06-21T14:40:48","modified_gmt":"2025-06-21T12:40:48","slug":"netzwerk","status":"publish","type":"page","link":"https:\/\/teasense.ch\/it\/netzwerk\/","title":{"rendered":"Netzwerk"},"content":{"rendered":"","protected":false},"excerpt":{"rendered":"","protected":false},"author":1,"featured_media":29356,"parent":0,"menu_order":0,"comment_status":"closed","ping_status":"closed","template":"elementor_header_footer","meta":{"_et_pb_use_builder":"","_et_pb_old_content":"","_et_gb_content_width":"","footnotes":""},"class_list":["post-30765","page","type-page","status-publish","has-post-thumbnail","hentry"],"yoast_head":"<!-- This site is optimized with the Yoast SEO plugin v27.4 - https:\/\/yoast.com\/product\/yoast-seo-wordpress\/ -->\n<title>Netzwerk - TeaSense.ch - Tee Shop Schweiz<\/title>\n<meta name=\"description\" content=\"Unsere Partner Onlineshop erg\u00e4nzende Produkte mit Rabattcode. M\u00f6glichkeit der Kontaktaufnahme, Erg\u00e4nzende Produkte.\" \/>\n<meta name=\"robots\" content=\"index, follow, max-snippet:-1, max-image-preview:large, max-video-preview:-1\" \/>\n<link rel=\"canonical\" href=\"https:\/\/teasense.ch\/it\/netzwerk\/\" \/>\n<meta property=\"og:locale\" content=\"it_IT\" \/>\n<meta property=\"og:type\" content=\"article\" \/>\n<meta property=\"og:title\" content=\"Netzwerk - TeaSense.ch - Tee Shop Schweiz\" \/>\n<meta property=\"og:description\" content=\"Unsere Partner Onlineshop erg\u00e4nzende Produkte mit Rabattcode. M\u00f6glichkeit der Kontaktaufnahme, Erg\u00e4nzende Produkte.\" \/>\n<meta property=\"og:url\" content=\"https:\/\/teasense.ch\/it\/netzwerk\/\" \/>\n<meta property=\"og:site_name\" content=\"TeaSense.ch - Tee Shop Schweiz\" \/>\n<meta property=\"article:publisher\" content=\"https:\/\/www.facebook.com\/teasense.ch\" \/>\n<meta property=\"article:modified_time\" content=\"2025-06-21T12:40:48+00:00\" \/>\n<meta property=\"og:image\" content=\"https:\/\/teasense.ch\/wp-content\/uploads\/2023\/05\/nkdn7qdbqam.jpg\" \/>\n\t<meta property=\"og:image:width\" content=\"1600\" \/>\n\t<meta property=\"og:image:height\" content=\"1067\" \/>\n\t<meta property=\"og:image:type\" content=\"image\/jpeg\" \/>\n<meta name=\"twitter:card\" content=\"summary_large_image\" \/>\n<meta name=\"twitter:label1\" content=\"Est. reading time\" \/>\n\t<meta name=\"twitter:data1\" content=\"1 minute\" \/>\n<!-- \/ Yoast SEO plugin. -->","yoast_head_json":{"title":"Netzwerk - TeaSense.ch - Tee Shop Schweiz","description":"Unsere Partner Onlineshop erg\u00e4nzende Produkte mit Rabattcode. M\u00f6glichkeit der Kontaktaufnahme, Erg\u00e4nzende Produkte.","robots":{"index":"index","follow":"follow","max-snippet":"max-snippet:-1","max-image-preview":"max-image-preview:large","max-video-preview":"max-video-preview:-1"},"canonical":"https:\/\/teasense.ch\/it\/netzwerk\/","og_locale":"it_IT","og_type":"article","og_title":"Netzwerk - TeaSense.ch - Tee Shop Schweiz","og_description":"Unsere Partner Onlineshop erg\u00e4nzende Produkte mit Rabattcode. M\u00f6glichkeit der Kontaktaufnahme, Erg\u00e4nzende Produkte.","og_url":"https:\/\/teasense.ch\/it\/netzwerk\/","og_site_name":"TeaSense.ch - Tee Shop Schweiz","article_publisher":"https:\/\/www.facebook.com\/teasense.ch","article_modified_time":"2025-06-21T12:40:48+00:00","og_image":[{"width":1600,"height":1067,"url":"https:\/\/teasense.ch\/wp-content\/uploads\/2023\/05\/nkdn7qdbqam.jpg","type":"image\/jpeg"}],"twitter_card":"summary_large_image","twitter_misc":{"Est. reading time":"1 minute"},"schema":{"@context":"https:\/\/schema.org","@graph":[{"@type":"WebPage","@id":"https:\/\/teasense.ch\/it\/netzwerk\/","url":"https:\/\/teasense.ch\/it\/netzwerk\/","name":"Netzwerk - TeaSense.ch - Tee Shop Schweiz","isPartOf":{"@id":"https:\/\/teasense.ch\/it\/#website"},"primaryImageOfPage":{"@id":"https:\/\/teasense.ch\/it\/netzwerk\/#primaryimage"},"image":{"@id":"https:\/\/teasense.ch\/it\/netzwerk\/#primaryimage"},"thumbnailUrl":"https:\/\/teasense.ch\/wp-content\/uploads\/2023\/05\/nkdn7qdbqam.jpg","datePublished":"2023-06-12T18:32:42+00:00","dateModified":"2025-06-21T12:40:48+00:00","description":"Unsere Partner Onlineshop erg\u00e4nzende Produkte mit Rabattcode. M\u00f6glichkeit der Kontaktaufnahme, Erg\u00e4nzende Produkte.","breadcrumb":{"@id":"https:\/\/teasense.ch\/it\/netzwerk\/#breadcrumb"},"inLanguage":"it-CH","potentialAction":[{"@type":"ReadAction","target":["https:\/\/teasense.ch\/it\/netzwerk\/"]}]},{"@type":"ImageObject","inLanguage":"it-CH","@id":"https:\/\/teasense.ch\/it\/netzwerk\/#primaryimage","url":"https:\/\/teasense.ch\/wp-content\/uploads\/2023\/05\/nkdn7qdbqam.jpg","contentUrl":"https:\/\/teasense.ch\/wp-content\/uploads\/2023\/05\/nkdn7qdbqam.jpg","width":1600,"height":1067,"caption":"tea people neon signage"},{"@type":"BreadcrumbList","@id":"https:\/\/teasense.ch\/it\/netzwerk\/#breadcrumb","itemListElement":[{"@type":"ListItem","position":1,"name":"Startseite","item":"https:\/\/teasense.ch\/it\/startseite\/"},{"@type":"ListItem","position":2,"name":"Netzwerk"}]},{"@type":"WebSite","@id":"https:\/\/teasense.ch\/it\/#website","url":"https:\/\/teasense.ch\/it\/","name":"TeaSense.ch","description":"Nat\u00fcrliche Teemischungen und klassischer Tee","publisher":{"@id":"https:\/\/teasense.ch\/it\/#organization"},"alternateName":"TeaSense","potentialAction":[{"@type":"SearchAction","target":{"@type":"EntryPoint","urlTemplate":"https:\/\/teasense.ch\/it\/?s={search_term_string}"},"query-input":{"@type":"PropertyValueSpecification","valueRequired":true,"valueName":"search_term_string"}}],"inLanguage":"it-CH"},{"@type":"Organization","@id":"https:\/\/teasense.ch\/it\/#organization","name":"Reale Selection","alternateName":"TeaSense.ch","url":"https:\/\/teasense.ch\/it\/","logo":{"@type":"ImageObject","inLanguage":"it-CH","@id":"https:\/\/teasense.ch\/it\/#\/schema\/logo\/image\/","url":"https:\/\/teasense.ch\/wp-content\/uploads\/2023\/07\/cropped-logo-teasense-kategorie-onlineshop-alle-produkte.jpg","contentUrl":"https:\/\/teasense.ch\/wp-content\/uploads\/2023\/07\/cropped-logo-teasense-kategorie-onlineshop-alle-produkte.jpg","width":512,"height":512,"caption":"Reale Selection"},"image":{"@id":"https:\/\/teasense.ch\/it\/#\/schema\/logo\/image\/"},"sameAs":["https:\/\/www.facebook.com\/teasense.ch"]}]}},"jetpack-related-posts":[{"id":47770,"url":"https:\/\/teasense.ch\/it\/firmengeschenke-tee\/","url_meta":{"origin":30765,"position":0},"title":"Firmengeschenke Tee","author":"Reale Selection","date":"18. February 2026","format":false,"excerpt":"Stilvoll schenken.\u2026","rel":"","context":"Similar post","block_context":{"text":"Similar post","link":""},"img":{"alt_text":"","src":"","width":0,"height":0},"classes":[]},{"id":41934,"url":"https:\/\/teasense.ch\/it\/mitarbeiter-geschenke\/","url_meta":{"origin":30765,"position":1},"title":"Mitarbeiter Geschenke","author":"Reale Selection","date":"7. May 2024","format":false,"excerpt":"","rel":"","context":"Similar post","block_context":{"text":"Similar post","link":""},"img":{"alt_text":"","src":"","width":0,"height":0},"classes":[]},{"id":41798,"url":"https:\/\/teasense.ch\/it\/teamix\/","url_meta":{"origin":30765,"position":2},"title":"Teamix","author":"Reale Selection","date":"23. April 2024","format":false,"excerpt":"","rel":"","context":"Similar post","block_context":{"text":"Similar post","link":""},"img":{"alt_text":"","src":"","width":0,"height":0},"classes":[]},{"id":28640,"url":"https:\/\/teasense.ch\/it\/agb\/","url_meta":{"origin":30765,"position":3},"title":"Allgemeine Gesch\u00e4ftsbedingungen (AGB)","author":"Reale Selection","date":"16. February 2017","format":false,"excerpt":"Diese Website wird von Reale Selection betrieben. \u00dcberall auf der Webseite beziehen sich die Begriffe \u201cwir\u201d, \u201cuns\u201d und \u201cunser\/e\u201d auf Reale Selection. Reale Selection bietet diese Website, einschliesslich aller Informationen, Tools und Dienste, die auf dieser Website verf\u00fcgbar sind, Ihnen, dem Benutzer\/der Benutzerin, unter der Bedingung an, dass Sie alle\u2026","rel":"","context":"Similar post","block_context":{"text":"Similar post","link":""},"img":{"alt_text":"black ceramic mug with brown liquid inside","src":"https:\/\/i0.wp.com\/teasense.ch\/wp-content\/uploads\/2023\/05\/ms75jlbcabc.jpg?resize=350%2C200&ssl=1","width":350,"height":200,"srcset":"https:\/\/i0.wp.com\/teasense.ch\/wp-content\/uploads\/2023\/05\/ms75jlbcabc.jpg?resize=350%2C200&ssl=1 1x, https:\/\/i0.wp.com\/teasense.ch\/wp-content\/uploads\/2023\/05\/ms75jlbcabc.jpg?resize=525%2C300&ssl=1 1.5x, https:\/\/i0.wp.com\/teasense.ch\/wp-content\/uploads\/2023\/05\/ms75jlbcabc.jpg?resize=700%2C400&ssl=1 2x"},"classes":[]},{"id":29912,"url":"https:\/\/teasense.ch\/it\/datenschutzerklaerung\/","url_meta":{"origin":30765,"position":4},"title":"Datenschutzerkl\u00e4rung","author":"Reale Selection","date":"10. May 2023","format":false,"excerpt":"Datenschutzerkl\u00e4rung Die vorliegende Datenschutzerkl\u00e4rung kl\u00e4rt Sie \u00fcber die Art, den Umfang und den Zweck der Erhebung und Verwendung personenbezogener Daten auf unserer Website https:\/\/teasense.ch (im Folgenden \u201eWebsite\u201c) durch die Reale Selection (im Folgenden \u201ewir\u201c oder \u201euns\u201c) auf und gibt \u00fcber die Ihnen zustehenden Rechte Auskunft. Diese Rechte richten sich nach\u2026","rel":"","context":"Similar post","block_context":{"text":"Similar post","link":""},"img":{"alt_text":"a golden padlock sitting on top of a keyboard","src":"https:\/\/i0.wp.com\/teasense.ch\/wp-content\/uploads\/2023\/08\/fna5pazqhmm.jpg?resize=350%2C200&ssl=1","width":350,"height":200,"srcset":"https:\/\/i0.wp.com\/teasense.ch\/wp-content\/uploads\/2023\/08\/fna5pazqhmm.jpg?resize=350%2C200&ssl=1 1x, https:\/\/i0.wp.com\/teasense.ch\/wp-content\/uploads\/2023\/08\/fna5pazqhmm.jpg?resize=525%2C300&ssl=1 1.5x, https:\/\/i0.wp.com\/teasense.ch\/wp-content\/uploads\/2023\/08\/fna5pazqhmm.jpg?resize=700%2C400&ssl=1 2x, https:\/\/i0.wp.com\/teasense.ch\/wp-content\/uploads\/2023\/08\/fna5pazqhmm.jpg?resize=1050%2C600&ssl=1 3x, https:\/\/i0.wp.com\/teasense.ch\/wp-content\/uploads\/2023\/08\/fna5pazqhmm.jpg?resize=1400%2C800&ssl=1 4x"},"classes":[]},{"id":33763,"url":"https:\/\/teasense.ch\/it\/versand-zahlung\/","url_meta":{"origin":30765,"position":5},"title":"Versand und Zahlung","author":"Reale Selection","date":"23. July 2023","format":false,"excerpt":"","rel":"","context":"Similar post","block_context":{"text":"Similar post","link":""},"img":{"alt_text":"brown cardboard box on white table","src":"https:\/\/i0.wp.com\/teasense.ch\/wp-content\/uploads\/2023\/07\/5u5iqyqdfkm.jpg?resize=350%2C200&ssl=1","width":350,"height":200,"srcset":"https:\/\/i0.wp.com\/teasense.ch\/wp-content\/uploads\/2023\/07\/5u5iqyqdfkm.jpg?resize=350%2C200&ssl=1 1x, https:\/\/i0.wp.com\/teasense.ch\/wp-content\/uploads\/2023\/07\/5u5iqyqdfkm.jpg?resize=525%2C300&ssl=1 1.5x, https:\/\/i0.wp.com\/teasense.ch\/wp-content\/uploads\/2023\/07\/5u5iqyqdfkm.jpg?resize=700%2C400&ssl=1 2x, https:\/\/i0.wp.com\/teasense.ch\/wp-content\/uploads\/2023\/07\/5u5iqyqdfkm.jpg?resize=1050%2C600&ssl=1 3x, https:\/\/i0.wp.com\/teasense.ch\/wp-content\/uploads\/2023\/07\/5u5iqyqdfkm.jpg?resize=1400%2C800&ssl=1 4x"},"classes":[]}],"jetpack_sharing_enabled":false,"jetpack_likes_enabled":false,"_links":{"self":[{"href":"https:\/\/teasense.ch\/it\/wp-json\/wp\/v2\/pages\/30765","targetHints":{"allow":["GET"]}}],"collection":[{"href":"https:\/\/teasense.ch\/it\/wp-json\/wp\/v2\/pages"}],"about":[{"href":"https:\/\/teasense.ch\/it\/wp-json\/wp\/v2\/types\/page"}],"author":[{"embeddable":true,"href":"https:\/\/teasense.ch\/it\/wp-json\/wp\/v2\/users\/1"}],"replies":[{"embeddable":true,"href":"https:\/\/teasense.ch\/it\/wp-json\/wp\/v2\/comments?post=30765"}],"version-history":[{"count":0,"href":"https:\/\/teasense.ch\/it\/wp-json\/wp\/v2\/pages\/30765\/revisions"}],"wp:featuredmedia":[{"embeddable":true,"href":"https:\/\/teasense.ch\/it\/wp-json\/wp\/v2\/media\/29356"}],"wp:attachment":[{"href":"https:\/\/teasense.ch\/it\/wp-json\/wp\/v2\/media?parent=30765"}],"curies":[{"name":"wp","href":"https:\/\/api.w.org\/{rel}","templated":true}]}}