{"id":39,"date":"2017-02-16T09:16:01","date_gmt":"2017-02-16T08:16:01","guid":{"rendered":"http:\/\/mxajfmgl.preview.infomaniak.website\/?page_id=39"},"modified":"2025-04-30T22:07:16","modified_gmt":"2025-04-30T20:07:16","slug":"impressum","status":"publish","type":"page","link":"https:\/\/teasense.ch\/it\/impressum\/","title":{"rendered":"Impressum"},"content":{"rendered":"<p>[et_pb_section fb_built=&#8221;1&#8243; _builder_version=&#8221;4.27.4&#8243; _module_preset=&#8221;default&#8221; global_colors_info=&#8221;{}&#8221;][et_pb_row _builder_version=&#8221;4.27.4&#8243; _module_preset=&#8221;default&#8221; global_colors_info=&#8221;{}&#8221;][et_pb_column type=&#8221;4_4&#8243; _builder_version=&#8221;4.27.4&#8243; _module_preset=&#8221;default&#8221; global_colors_info=&#8221;{}&#8221;][et_pb_text _builder_version=&#8221;4.27.4&#8243; _module_preset=&#8221;default&#8221; hover_enabled=&#8221;0&#8243; global_colors_info=&#8221;{}&#8221; sticky_enabled=&#8221;0&#8243;]<\/p>\n<h1><span style=\"font-weight: 400;\">Impressum<\/span><\/h1>\n<h2><span style=\"font-weight: 400;\">Kontaktadresse<\/span><\/h2>\n<p><span style=\"font-weight: 400;\">Reale Selection<\/span><span style=\"font-weight: 400;\"><br \/><\/span><span style=\"font-weight: 400;\">Romina Reale<\/span><span style=\"font-weight: 400;\"><br \/><\/span><span style=\"font-weight: 400;\">Schaffhauserstrasse 526<\/span><span style=\"font-weight: 400;\"><br \/><\/span><span style=\"font-weight: 400;\">8052 Z\u00fcrich<\/span><span style=\"font-weight: 400;\"><br \/><\/span><span style=\"font-weight: 400;\">Schweiz<\/span><\/p>\n<p><span style=\"font-weight: 400;\">Mail: realeselection@gmail.com<\/span><span style=\"font-weight: 400;\"><br \/><\/span><span style=\"font-weight: 400;\">Mobile: 076 405 7000<\/span><\/p>\n<h2><span style=\"font-weight: 400;\">Vertretungsberechtigte Personen<\/span><\/h2>\n<p><span style=\"font-weight: 400;\">Romina Reale, Inhaberin<\/span><\/p>\n<p><span style=\"font-weight: 400;\">UID: CHE-248.195.127<\/span><\/p>\n<h2><span style=\"font-weight: 400;\">Haftungsausschluss<\/span><\/h2>\n<p><span style=\"font-weight: 400;\">Der Autor \u00fcbernimmt keinerlei Gew\u00e4hr hinsichtlich der inhaltlichen Richtigkeit, Genauigkeit, Aktualit\u00e4t, Zuverl\u00e4ssigkeit und Vollst\u00e4ndigkeit der Informationen. Haftungsanspr\u00fcche gegen den Autor wegen Sch\u00e4den materieller oder immaterieller Art, welche aus dem Zugriff oder der Nutzung bzw. Nichtnutzung der ver\u00f6ffentlichten Informationen, durch Missbrauch der Verbindung oder durch technische St\u00f6rungen entstanden sind, werden ausgeschlossen. Alle Angebote sind unverbindlich. Der Autor beh\u00e4lt es sich ausdr\u00fccklich vor, Teile der Seiten oder das gesamte Angebot ohne gesonderte Ank\u00fcndigung zu ver\u00e4ndern, zu erg\u00e4nzen, zu l\u00f6schen oder die Ver\u00f6ffentlichung zeitweise oder endg\u00fcltig einzustellen.<\/span><\/p>\n<h2><span style=\"font-weight: 400;\">Haftung f\u00fcr Links<\/span><\/h2>\n<p><span style=\"font-weight: 400;\">Verweise und Links auf Webseiten Dritter liegen ausserhalb unseres Verantwortungsbereichs Es wird jegliche Verantwortung f\u00fcr solche Webseiten abgelehnt. Der Zugriff und die Nutzung solcher Webseiten erfolgen auf eigene Gefahr des Nutzers oder der Nutzerin.<\/span><\/p>\n<h2><span style=\"font-weight: 400;\">Urheberrechte<\/span><\/h2>\n<p><span style=\"font-weight: 400;\">Die Urheber- und alle anderen Rechte an Inhalten, Bildern, Fotos oder anderen Dateien auf der Website geh\u00f6ren ausschliesslich der Firma Reale Selection oder den speziell genannten Rechtsinhabern. F\u00fcr die Reproduktion jeglicher Elemente ist die schriftliche Zustimmung der Urheberrechtstr\u00e4ger im Voraus einzuholen.<\/span><\/p>\n<p><span style=\"font-weight: 400;\">Z\u00fcrich, 10.05.2023<\/span><\/p>\n<p>&nbsp;<\/p>\n<p>[\/et_pb_text][et_pb_text _module_preset=&#8221;default&#8221;]<\/p>\n<div class=\"woocommerce woocommerce-gzd woocommerce-gzd-complaints-shortcode\">\n\t\t\t<h3>Alternative Dispute Resolution in accordance with Art. 14 (1) ODR-VO and \u00a7 36 VSBG:<\/h3>\n\t\nZur Teilnahme an einem Streitbeilegungsverfahren vor einer Verbraucherschlichtungsstelle sind wir nicht verpflichtet und nicht bereit.<\/div>\n<p>[\/et_pb_text][\/et_pb_column][\/et_pb_row][\/et_pb_section]<\/p>\n","protected":false},"excerpt":{"rendered":"<p>Impressum Kontaktadresse Reale SelectionRomina RealeSchaffhauserstrasse 5268052 Z\u00fcrichSchweiz Mail: realeselection@gmail.comMobile: 076 405 7000 Vertretungsberechtigte Personen Romina Reale, Inhaberin UID: CHE-248.195.127 Haftungsausschluss Der Autor \u00fcbernimmt keinerlei Gew\u00e4hr hinsichtlich der inhaltlichen Richtigkeit, Genauigkeit, Aktualit\u00e4t, Zuverl\u00e4ssigkeit und Vollst\u00e4ndigkeit der Informationen. Haftungsanspr\u00fcche gegen den Autor wegen Sch\u00e4den materieller oder immaterieller Art, welche aus dem Zugriff oder der Nutzung bzw. Nichtnutzung [&hellip;]<\/p>\n","protected":false},"author":1,"featured_media":0,"parent":0,"menu_order":0,"comment_status":"closed","ping_status":"closed","template":"elementor_theme","meta":{"_et_pb_use_builder":"on","_et_pb_old_content":"","_et_gb_content_width":"","footnotes":""},"class_list":["post-39","page","type-page","status-publish","hentry"],"yoast_head":"<!-- This site is optimized with the Yoast SEO plugin v27.5 - https:\/\/yoast.com\/product\/yoast-seo-wordpress\/ -->\n<title>Impressum - TeaSense.ch - Tee Shop Schweiz<\/title>\n<meta name=\"description\" content=\"Im Impressum findest du die pers\u00f6nlichen Informationen des Betreibers der Webseite sowie die Kontaktinformationen.\" \/>\n<meta name=\"robots\" content=\"index, follow, max-snippet:-1, max-image-preview:large, max-video-preview:-1\" \/>\n<link rel=\"canonical\" href=\"https:\/\/teasense.ch\/it\/impressum\/\" \/>\n<meta property=\"og:locale\" content=\"it_IT\" \/>\n<meta property=\"og:type\" content=\"article\" \/>\n<meta property=\"og:title\" content=\"Impressum - TeaSense.ch - Tee Shop Schweiz\" \/>\n<meta property=\"og:description\" content=\"Im Impressum findest du die pers\u00f6nlichen Informationen des Betreibers der Webseite sowie die Kontaktinformationen.\" \/>\n<meta property=\"og:url\" content=\"https:\/\/teasense.ch\/it\/impressum\/\" \/>\n<meta property=\"og:site_name\" content=\"TeaSense.ch - Tee Shop Schweiz\" \/>\n<meta property=\"article:publisher\" content=\"https:\/\/www.facebook.com\/teasense.ch\" \/>\n<meta property=\"article:modified_time\" content=\"2025-04-30T20:07:16+00:00\" \/>\n<meta property=\"og:image\" content=\"https:\/\/teasense.ch\/wp-content\/uploads\/2023\/07\/logo-teasense-kategorie-onlineshop-alle-produkte-mit-hintergrund.jpg\" \/>\n\t<meta property=\"og:image:width\" content=\"800\" \/>\n\t<meta property=\"og:image:height\" content=\"800\" \/>\n\t<meta property=\"og:image:type\" content=\"image\/jpeg\" \/>\n<meta name=\"twitter:card\" content=\"summary_large_image\" \/>\n<meta name=\"twitter:label1\" content=\"Est. reading time\" \/>\n\t<meta name=\"twitter:data1\" content=\"2 minuto\" \/>\n<!-- \/ Yoast SEO plugin. -->","yoast_head_json":{"title":"Impressum - TeaSense.ch - Tee Shop Schweiz","description":"Im Impressum findest du die pers\u00f6nlichen Informationen des Betreibers der Webseite sowie die Kontaktinformationen.","robots":{"index":"index","follow":"follow","max-snippet":"max-snippet:-1","max-image-preview":"max-image-preview:large","max-video-preview":"max-video-preview:-1"},"canonical":"https:\/\/teasense.ch\/it\/impressum\/","og_locale":"it_IT","og_type":"article","og_title":"Impressum - TeaSense.ch - Tee Shop Schweiz","og_description":"Im Impressum findest du die pers\u00f6nlichen Informationen des Betreibers der Webseite sowie die Kontaktinformationen.","og_url":"https:\/\/teasense.ch\/it\/impressum\/","og_site_name":"TeaSense.ch - Tee Shop Schweiz","article_publisher":"https:\/\/www.facebook.com\/teasense.ch","article_modified_time":"2025-04-30T20:07:16+00:00","og_image":[{"width":800,"height":800,"url":"https:\/\/teasense.ch\/wp-content\/uploads\/2023\/07\/logo-teasense-kategorie-onlineshop-alle-produkte-mit-hintergrund.jpg","type":"image\/jpeg"}],"twitter_card":"summary_large_image","twitter_misc":{"Est. reading time":"2 minuto"},"schema":{"@context":"https:\/\/schema.org","@graph":[{"@type":"WebPage","@id":"https:\/\/teasense.ch\/it\/impressum\/","url":"https:\/\/teasense.ch\/it\/impressum\/","name":"Impressum - TeaSense.ch - Tee Shop Schweiz","isPartOf":{"@id":"https:\/\/teasense.ch\/it\/#website"},"datePublished":"2017-02-16T08:16:01+00:00","dateModified":"2025-04-30T20:07:16+00:00","description":"Im Impressum findest du die pers\u00f6nlichen Informationen des Betreibers der Webseite sowie die Kontaktinformationen.","breadcrumb":{"@id":"https:\/\/teasense.ch\/it\/impressum\/#breadcrumb"},"inLanguage":"it-CH","potentialAction":[{"@type":"ReadAction","target":["https:\/\/teasense.ch\/it\/impressum\/"]}]},{"@type":"BreadcrumbList","@id":"https:\/\/teasense.ch\/it\/impressum\/#breadcrumb","itemListElement":[{"@type":"ListItem","position":1,"name":"Startseite","item":"https:\/\/teasense.ch\/it\/"},{"@type":"ListItem","position":2,"name":"Impressum"}]},{"@type":"WebSite","@id":"https:\/\/teasense.ch\/it\/#website","url":"https:\/\/teasense.ch\/it\/","name":"TeaSense.ch","description":"Nat\u00fcrliche Teemischungen und klassischer Tee","publisher":{"@id":"https:\/\/teasense.ch\/it\/#organization"},"alternateName":"TeaSense","potentialAction":[{"@type":"SearchAction","target":{"@type":"EntryPoint","urlTemplate":"https:\/\/teasense.ch\/it\/?s={search_term_string}"},"query-input":{"@type":"PropertyValueSpecification","valueRequired":true,"valueName":"search_term_string"}}],"inLanguage":"it-CH"},{"@type":"Organization","@id":"https:\/\/teasense.ch\/it\/#organization","name":"Reale Selection","alternateName":"TeaSense.ch","url":"https:\/\/teasense.ch\/it\/","logo":{"@type":"ImageObject","inLanguage":"it-CH","@id":"https:\/\/teasense.ch\/it\/#\/schema\/logo\/image\/","url":"https:\/\/teasense.ch\/wp-content\/uploads\/2023\/07\/cropped-logo-teasense-kategorie-onlineshop-alle-produkte.jpg","contentUrl":"https:\/\/teasense.ch\/wp-content\/uploads\/2023\/07\/cropped-logo-teasense-kategorie-onlineshop-alle-produkte.jpg","width":512,"height":512,"caption":"Reale Selection"},"image":{"@id":"https:\/\/teasense.ch\/it\/#\/schema\/logo\/image\/"},"sameAs":["https:\/\/www.facebook.com\/teasense.ch"]}]}},"jetpack-related-posts":[{"id":44033,"url":"https:\/\/teasense.ch\/kundenservice\/","url_meta":{"origin":39,"position":0},"title":"Kundenservice","author":"Reale Selection","date":"11 February 2025","format":false,"excerpt":"","rel":"","context":"Similar post","block_context":{"text":"Similar post","link":""},"img":{"alt_text":"","src":"","width":0,"height":0},"classes":[]},{"id":47548,"url":"https:\/\/teasense.ch\/it\/","url_meta":{"origin":39,"position":1},"title":"TeaSense &#8211; Tea Shop","author":"Reale Selection","date":"29 Novembre 2025","format":false,"excerpt":"","rel":"","context":"Similar post","block_context":{"text":"Similar post","link":""},"img":{"alt_text":"","src":"","width":0,"height":0},"classes":[]},{"id":45502,"url":"https:\/\/teasense.ch\/tee-abonnement\/","url_meta":{"origin":39,"position":2},"title":"Tee Abonnement","author":"Reale Selection","date":"12 May 2025","format":false,"excerpt":"","rel":"","context":"Similar post","block_context":{"text":"Similar post","link":""},"img":{"alt_text":"Tee Abo Schweiz Preissticker 14.- pro Monat inklusive Versand","src":"https:\/\/i0.wp.com\/teasense.ch\/wp-content\/uploads\/2024\/01\/Tee-Abo-Preis-Sticker-CH.png?resize=350%2C200&ssl=1","width":350,"height":200,"srcset":"https:\/\/i0.wp.com\/teasense.ch\/wp-content\/uploads\/2024\/01\/Tee-Abo-Preis-Sticker-CH.png?resize=350%2C200&ssl=1 1x, https:\/\/i0.wp.com\/teasense.ch\/wp-content\/uploads\/2024\/01\/Tee-Abo-Preis-Sticker-CH.png?resize=525%2C300&ssl=1 1.5x, https:\/\/i0.wp.com\/teasense.ch\/wp-content\/uploads\/2024\/01\/Tee-Abo-Preis-Sticker-CH.png?resize=700%2C400&ssl=1 2x, https:\/\/i0.wp.com\/teasense.ch\/wp-content\/uploads\/2024\/01\/Tee-Abo-Preis-Sticker-CH.png?resize=1050%2C600&ssl=1 3x"},"classes":[]},{"id":47057,"url":"https:\/\/teasense.ch\/it\/tee-azoren\/","url_meta":{"origin":39,"position":3},"title":"Tee aus den Azoren","author":"Reale Selection","date":"22 Settembre 2025","format":false,"excerpt":"","rel":"","context":"Similar post","block_context":{"text":"Similar post","link":""},"img":{"alt_text":"","src":"","width":0,"height":0},"classes":[]},{"id":45746,"url":"https:\/\/teasense.ch\/it\/deindeal\/","url_meta":{"origin":39,"position":4},"title":"DeinDeal","author":"Reale Selection","date":"14 May 2025","format":false,"excerpt":"","rel":"","context":"Similar post","block_context":{"text":"Similar post","link":""},"img":{"alt_text":"","src":"","width":0,"height":0},"classes":[]},{"id":42763,"url":"https:\/\/teasense.ch\/ueber-uns\/","url_meta":{"origin":39,"position":5},"title":"\u00dcber uns","author":"Reale Selection","date":"16 July 2024","format":false,"excerpt":"","rel":"","context":"Similar post","block_context":{"text":"Similar post","link":""},"img":{"alt_text":"","src":"","width":0,"height":0},"classes":[]}],"jetpack_sharing_enabled":false,"jetpack_likes_enabled":false,"_links":{"self":[{"href":"https:\/\/teasense.ch\/it\/wp-json\/wp\/v2\/pages\/39","targetHints":{"allow":["GET"]}}],"collection":[{"href":"https:\/\/teasense.ch\/it\/wp-json\/wp\/v2\/pages"}],"about":[{"href":"https:\/\/teasense.ch\/it\/wp-json\/wp\/v2\/types\/page"}],"author":[{"embeddable":true,"href":"https:\/\/teasense.ch\/it\/wp-json\/wp\/v2\/users\/1"}],"replies":[{"embeddable":true,"href":"https:\/\/teasense.ch\/it\/wp-json\/wp\/v2\/comments?post=39"}],"version-history":[{"count":0,"href":"https:\/\/teasense.ch\/it\/wp-json\/wp\/v2\/pages\/39\/revisions"}],"wp:attachment":[{"href":"https:\/\/teasense.ch\/it\/wp-json\/wp\/v2\/media?parent=39"}],"curies":[{"name":"wp","href":"https:\/\/api.w.org\/{rel}","templated":true}]}}