{"id":33409,"date":"2023-07-06T18:26:52","date_gmt":"2023-07-06T16:26:52","guid":{"rendered":"https:\/\/teasense.ch\/?post_type=product&#038;p=33409"},"modified":"2025-12-23T03:33:32","modified_gmt":"2025-12-23T02:33:32","slug":"ceylon","status":"publish","type":"product","link":"https:\/\/teasense.ch\/it\/prodotto\/ceylon\/","title":{"rendered":"Ceylon"},"content":{"rendered":"<h2><span style=\"color: #333333; font-size: 22px;\">Ceylon Schwarztee Sri Lanka: Ein Klassiker mit Geschichte<\/span><\/h2>\r\nEine faszinierende Tradition\r\n\r\nDieser Tee blickt auf eine lange und spannende Geschichte zur\u00fcck, die bis ins Jahr 1870 reicht. Der Schotte James Taylor legte mit dem ersten Teeanbau auf Ceylon, dem heutigen Sri Lanka, den Grundstein f\u00fcr einen weltweiten Erfolg. Heute geh\u00f6rt Ceylon Tee zu den wertvollsten und beliebtesten Teesorten weltweit.\r\n\r\nDie besten Tees aus den H\u00f6henlagen\r\n\r\nDer k\u00f6stlichste Ceylon Tee w\u00e4chst in H\u00f6henlagen von \u00fcber 1&#8217;200 Metern, wo die Teepflanzen unter besonderen klimatischen Bedingungen gedeihen. Das resultierende Aroma ist einzigartig und macht den Ceylon Tee zu einem wahren Genuss f\u00fcr die Sinne.\r\n\r\nVielseitiger Genuss\r\n\r\nDu kannst den Tee pur geniessen oder mit unseren <a href=\"https:\/\/teasense.ch\/produkt\/kandisstick\/\">Kandiszucker-Sticks<\/a> s\u00fcssen \u2013 ganz nach deinem Geschmack. F\u00fcr das typisch britische Tee-Erlebnis empfiehlt es sich, den Tee mit etwas Milch zu verfeinern. Entdecke auch unsere Milchalternativen, um dem Tee eine interessante Variante zu verleihen.\r\n\r\nVerfeinerung mit Superfoods\r\n\r\nM\u00f6chtest du deinem Ceylon Tee eine besondere Note verleihen? Kombiniere ihn mit unseren Superfoods. Sie verleihen deinem Tee nicht nur ein neues Aroma, sondern auch zus\u00e4tzliche N\u00e4hrstoffe. Experimentiere mit verschiedenen Kombinationen und finde die Mischung, die dir am besten schmeckt.\r\n<h3>Zubereitung Ceylon Tee<\/h3>\r\nGiesse kochendes Wasser \u00fcber die ganzen Teebl\u00e4tter und lasse den Tee 2-3 Minuten ziehen, um den vollen Geschmack zu entfalten. M\u00f6chtest du die Teebl\u00e4tter vorher zerkleinern, sollte die Ziehzeit nur etwa 1 Minute betragen. So erh\u00e4ltst du ein intensives Geschmackserlebnis.\r\n<h3>Entdecke die Vielfalt<\/h3>\r\nDer Tee ist nicht nur ein Genussmittel, sondern auch ein wichtiger Teil der Kultur und Geschichte Sri Lankas. Die Teepflanzen gedeihen auf den fruchtbaren B\u00f6den des Landes, und die erfahrenen Farmer sorgen daf\u00fcr, dass der Herstellungsprozess sorgf\u00e4ltig \u00fcberwacht wird, um h\u00f6chste Qualit\u00e4t zu garantieren.\r\n\r\nEin Genuss f\u00fcr jeden Tag\r\n\r\nOb als t\u00e4glicher Begleiter, als kleine Auszeit zwischendurch oder als besondere Aufmerksamkeit f\u00fcr Freunde und Familie \u2013 der Ceylon Tee wird dich mit seiner Vielfalt und seinem einzigartigen Geschmack begeistern.\r\n\r\nUnsere Schwarztee Auswahl reicht vom diesem klassischen preiswerten Ceylon-Tee bis hin zum <a href=\"https:\/\/teasense.ch\/produkt\/earl-grey-blue-royal\/\">Earl Grey Blue Royal<\/a>.\r\n\u00dcberzeuge dich selbst von der Faszination dieses besonderen Teesortiments!\r\n\r\n<!-- \/wp:post-content -->","protected":false},"excerpt":{"rendered":"<h4>Zubereitung Ceylon Schwarztee aus Sri Lanka<\/h4>\n<p>\ud83e\udd44 1 Teel\u00f6ffel (ca. 2 g) pro Tasse<br data-start=\"70\" data-end=\"73\" \/>\ud83c\udf21\ufe0f 100 \u00b0C<br data-start=\"83\" data-end=\"86\" \/>\u23f3 2 &#8211; 3 Minuten<\/p>\n","protected":false},"featured_media":33411,"comment_status":"open","ping_status":"closed","template":"","meta":{"_et_pb_use_builder":"","_et_pb_old_content":"","_et_gb_content_width":""},"product_brand":[],"product_cat":[74,19,148],"product_tag":[],"class_list":{"0":"post-33409","1":"product","2":"type-product","3":"status-publish","4":"has-post-thumbnail","6":"product_cat-alle-produkte","7":"product_cat-tee","8":"product_cat-schwarztee","9":"pa_herkunft-sri-lanka","10":"pa_weight-100-g","11":"pa_weight-1000-g","12":"pa_weight-200-g","13":"pa_weight-400-g","15":"first","16":"instock","17":"purchasable","18":"product-type-variable","19":"has-default-attributes","20":"add-to-wishlist-before_image"},"yoast_head":"<!-- This site is optimized with the Yoast SEO plugin v27.4 - https:\/\/yoast.com\/product\/yoast-seo-wordpress\/ -->\n<title>Ceylon - TeaSense.ch - Tee Shop Schweiz<\/title>\n<meta name=\"description\" content=\"Ceylon Schwarztee Sri Lanka: Ein Klassiker mit Geschichte. Der k\u00f6stlichste Ceylon Tee stammt aus den H\u00f6henlagen von \u00fcber 1&#039;200 Metern.\" \/>\n<meta name=\"robots\" content=\"index, follow, max-snippet:-1, max-image-preview:large, max-video-preview:-1\" \/>\n<link rel=\"canonical\" href=\"https:\/\/teasense.ch\/it\/prodotto\/ceylon\/\" \/>\n<meta property=\"og:locale\" content=\"it_IT\" \/>\n<meta property=\"og:type\" content=\"article\" \/>\n<meta property=\"og:title\" content=\"Ceylon - TeaSense.ch - Tee Shop Schweiz\" \/>\n<meta property=\"og:description\" content=\"Ceylon Schwarztee Sri Lanka: Ein Klassiker mit Geschichte. Der k\u00f6stlichste Ceylon Tee stammt aus den H\u00f6henlagen von \u00fcber 1&#039;200 Metern.\" \/>\n<meta property=\"og:url\" content=\"https:\/\/teasense.ch\/it\/prodotto\/ceylon\/\" \/>\n<meta property=\"og:site_name\" content=\"TeaSense.ch - Tee Shop Schweiz\" \/>\n<meta property=\"article:publisher\" content=\"https:\/\/www.facebook.com\/teasense.ch\" \/>\n<meta property=\"article:modified_time\" content=\"2025-12-23T02:33:32+00:00\" \/>\n<meta property=\"og:image\" content=\"https:\/\/teasense.ch\/wp-content\/uploads\/2023\/07\/ceylon-tee-von-der-insel-sri-lanka-plain.jpg\" \/>\n\t<meta property=\"og:image:width\" content=\"800\" \/>\n\t<meta property=\"og:image:height\" content=\"800\" \/>\n\t<meta property=\"og:image:type\" content=\"image\/jpeg\" \/>\n<meta name=\"twitter:card\" content=\"summary_large_image\" \/>\n<meta name=\"twitter:label1\" content=\"Est. reading time\" \/>\n\t<meta name=\"twitter:data1\" content=\"3 minutes\" \/>\n<!-- \/ Yoast SEO plugin. -->","yoast_head_json":{"title":"Ceylon - TeaSense.ch - Tee Shop Schweiz","description":"Ceylon Schwarztee Sri Lanka: Ein Klassiker mit Geschichte. Der k\u00f6stlichste Ceylon Tee stammt aus den H\u00f6henlagen von \u00fcber 1'200 Metern.","robots":{"index":"index","follow":"follow","max-snippet":"max-snippet:-1","max-image-preview":"max-image-preview:large","max-video-preview":"max-video-preview:-1"},"canonical":"https:\/\/teasense.ch\/it\/prodotto\/ceylon\/","og_locale":"it_IT","og_type":"article","og_title":"Ceylon - TeaSense.ch - Tee Shop Schweiz","og_description":"Ceylon Schwarztee Sri Lanka: Ein Klassiker mit Geschichte. Der k\u00f6stlichste Ceylon Tee stammt aus den H\u00f6henlagen von \u00fcber 1'200 Metern.","og_url":"https:\/\/teasense.ch\/it\/prodotto\/ceylon\/","og_site_name":"TeaSense.ch - Tee Shop Schweiz","article_publisher":"https:\/\/www.facebook.com\/teasense.ch","article_modified_time":"2025-12-23T02:33:32+00:00","og_image":[{"width":800,"height":800,"url":"https:\/\/teasense.ch\/wp-content\/uploads\/2023\/07\/ceylon-tee-von-der-insel-sri-lanka-plain.jpg","type":"image\/jpeg"}],"twitter_card":"summary_large_image","twitter_misc":{"Est. reading time":"3 minutes"},"schema":{"@context":"https:\/\/schema.org","@graph":[{"@type":"WebPage","@id":"https:\/\/teasense.ch\/it\/prodotto\/ceylon\/","url":"https:\/\/teasense.ch\/it\/prodotto\/ceylon\/","name":"Ceylon - TeaSense.ch - Tee Shop Schweiz","isPartOf":{"@id":"https:\/\/teasense.ch\/it\/#website"},"primaryImageOfPage":{"@id":"https:\/\/teasense.ch\/it\/prodotto\/ceylon\/#primaryimage"},"image":{"@id":"https:\/\/teasense.ch\/it\/prodotto\/ceylon\/#primaryimage"},"thumbnailUrl":"https:\/\/teasense.ch\/wp-content\/uploads\/2023\/07\/ceylon-tee-von-der-insel-sri-lanka-plain.jpg","datePublished":"2023-07-06T16:26:52+00:00","dateModified":"2025-12-23T02:33:32+00:00","description":"Ceylon Schwarztee Sri Lanka: Ein Klassiker mit Geschichte. Der k\u00f6stlichste Ceylon Tee stammt aus den H\u00f6henlagen von \u00fcber 1'200 Metern.","breadcrumb":{"@id":"https:\/\/teasense.ch\/it\/prodotto\/ceylon\/#breadcrumb"},"inLanguage":"it-CH","potentialAction":[{"@type":"ReadAction","target":["https:\/\/teasense.ch\/it\/prodotto\/ceylon\/"]}]},{"@type":"ImageObject","inLanguage":"it-CH","@id":"https:\/\/teasense.ch\/it\/prodotto\/ceylon\/#primaryimage","url":"https:\/\/teasense.ch\/wp-content\/uploads\/2023\/07\/ceylon-tee-von-der-insel-sri-lanka-plain.jpg","contentUrl":"https:\/\/teasense.ch\/wp-content\/uploads\/2023\/07\/ceylon-tee-von-der-insel-sri-lanka-plain.jpg","width":800,"height":800,"caption":"Ceylon Tee"},{"@type":"BreadcrumbList","@id":"https:\/\/teasense.ch\/it\/prodotto\/ceylon\/#breadcrumb","itemListElement":[{"@type":"ListItem","position":1,"name":"Startseite","item":"https:\/\/teasense.ch\/it\/startseite\/"},{"@type":"ListItem","position":2,"name":"Ordina t\u00e8 online in Svizzera","item":"https:\/\/teasense.ch\/it\/shop\/"},{"@type":"ListItem","position":3,"name":"Ceylon"}]},{"@type":"WebSite","@id":"https:\/\/teasense.ch\/it\/#website","url":"https:\/\/teasense.ch\/it\/","name":"TeaSense.ch","description":"Nat\u00fcrliche Teemischungen und klassischer Tee","publisher":{"@id":"https:\/\/teasense.ch\/it\/#organization"},"alternateName":"TeaSense","potentialAction":[{"@type":"SearchAction","target":{"@type":"EntryPoint","urlTemplate":"https:\/\/teasense.ch\/it\/?s={search_term_string}"},"query-input":{"@type":"PropertyValueSpecification","valueRequired":true,"valueName":"search_term_string"}}],"inLanguage":"it-CH"},{"@type":"Organization","@id":"https:\/\/teasense.ch\/it\/#organization","name":"Reale Selection","alternateName":"TeaSense.ch","url":"https:\/\/teasense.ch\/it\/","logo":{"@type":"ImageObject","inLanguage":"it-CH","@id":"https:\/\/teasense.ch\/it\/#\/schema\/logo\/image\/","url":"https:\/\/teasense.ch\/wp-content\/uploads\/2023\/07\/cropped-logo-teasense-kategorie-onlineshop-alle-produkte.jpg","contentUrl":"https:\/\/teasense.ch\/wp-content\/uploads\/2023\/07\/cropped-logo-teasense-kategorie-onlineshop-alle-produkte.jpg","width":512,"height":512,"caption":"Reale Selection"},"image":{"@id":"https:\/\/teasense.ch\/it\/#\/schema\/logo\/image\/"},"sameAs":["https:\/\/www.facebook.com\/teasense.ch"]}]}},"jetpack-related-posts":[{"id":45401,"url":"https:\/\/teasense.ch\/it\/prodotto\/lakritz-schwarztee\/","url_meta":{"origin":33409,"position":0},"title":"Lakritz Schwarztee","author":"Reale Selection","date":"10. May 2025","format":false,"excerpt":"Zubereitung \u2013 Lakritz Schwarztee \ud83e\udd44 2 g (ca. 1 TL) auf 200 ml Wasser\ud83c\udf21\ufe0f 90 \u2013 95 \u00b0C\u23f3 3 \u2013 5 Minuten ziehen lassen","rel":"","context":"Similar post","block_context":{"text":"Similar post","link":""},"img":{"alt_text":"Lakritz-Schwarztee","src":"https:\/\/i0.wp.com\/teasense.ch\/wp-content\/uploads\/2025\/05\/Lakritz-Schwarztee.png?resize=350%2C200&ssl=1","width":350,"height":200,"srcset":"https:\/\/i0.wp.com\/teasense.ch\/wp-content\/uploads\/2025\/05\/Lakritz-Schwarztee.png?resize=350%2C200&ssl=1 1x, https:\/\/i0.wp.com\/teasense.ch\/wp-content\/uploads\/2025\/05\/Lakritz-Schwarztee.png?resize=525%2C300&ssl=1 1.5x, https:\/\/i0.wp.com\/teasense.ch\/wp-content\/uploads\/2025\/05\/Lakritz-Schwarztee.png?resize=700%2C400&ssl=1 2x"},"classes":[]},{"id":44305,"url":"https:\/\/teasense.ch\/it\/prodotto\/english-breakfast-tea-broken\/","url_meta":{"origin":33409,"position":1},"title":"English Breakfast Tea Broken","author":"Reale Selection","date":"27. February 2025","format":false,"excerpt":"Zubereitung English Breakfast Tea Broken \ud83e\udd44 1 TL auf 200 ml Wasser \ud83c\udf21\ufe0f 95 - 100 \u00b0C \u23f3 3 - 5 Minuten ziehen lassen","rel":"","context":"Similar post","block_context":{"text":"Similar post","link":""},"img":{"alt_text":"English Breakfast Tea Loser Schwarztee","src":"https:\/\/i0.wp.com\/teasense.ch\/wp-content\/uploads\/2025\/02\/English-Breakfast-Tea-Loser-Tee.png?resize=350%2C200&ssl=1","width":350,"height":200,"srcset":"https:\/\/i0.wp.com\/teasense.ch\/wp-content\/uploads\/2025\/02\/English-Breakfast-Tea-Loser-Tee.png?resize=350%2C200&ssl=1 1x, https:\/\/i0.wp.com\/teasense.ch\/wp-content\/uploads\/2025\/02\/English-Breakfast-Tea-Loser-Tee.png?resize=525%2C300&ssl=1 1.5x, https:\/\/i0.wp.com\/teasense.ch\/wp-content\/uploads\/2025\/02\/English-Breakfast-Tea-Loser-Tee.png?resize=700%2C400&ssl=1 2x"},"classes":[]},{"id":44328,"url":"https:\/\/teasense.ch\/it\/prodotto\/chai-gewuerzmischung\/","url_meta":{"origin":33409,"position":2},"title":"Chai Gew\u00fcrzmischung","author":"Reale Selection","date":"27. February 2025","format":false,"excerpt":"Zubereitung \u2013 Klassische Chai Variante \ud83e\udd44 15\u201320 g Gew\u00fcrzmischung pro Liter Wasser \ud83e\udd44 1\u20132 TL loser Schwarztee \ud83c\udf21\ufe0f 100 \u00b0C heisses Wasser \u23f3 7\u201310 Minuten ziehen lassen \ud83e\udd5b Nach Belieben mit Milch aufgiessen","rel":"","context":"Similar post","block_context":{"text":"Similar post","link":""},"img":{"alt_text":"Chai Gew\u00fcrzmischung","src":"https:\/\/i0.wp.com\/teasense.ch\/wp-content\/uploads\/2025\/02\/Chai-Gewuerzmischung.png?resize=350%2C200&ssl=1","width":350,"height":200,"srcset":"https:\/\/i0.wp.com\/teasense.ch\/wp-content\/uploads\/2025\/02\/Chai-Gewuerzmischung.png?resize=350%2C200&ssl=1 1x, https:\/\/i0.wp.com\/teasense.ch\/wp-content\/uploads\/2025\/02\/Chai-Gewuerzmischung.png?resize=525%2C300&ssl=1 1.5x, https:\/\/i0.wp.com\/teasense.ch\/wp-content\/uploads\/2025\/02\/Chai-Gewuerzmischung.png?resize=700%2C400&ssl=1 2x"},"classes":[]},{"id":30116,"url":"https:\/\/teasense.ch\/it\/prodotto\/tee-am-stiel\/","url_meta":{"origin":33409,"position":3},"title":"Tee am Stiel Classic","author":"Reale Selection","date":"30. May 2023","format":false,"excerpt":"Tea on a stick 3 verschiedene Geschmacksrichtungen (6x Tee Stiele pro Dose) Diese Kollektionen werden mit ihrem farbenfrohen Aussehen, intensivem Aroma und Geschmack den modernen Teetrinker einfach begeistern.","rel":"","context":"Similar post","block_context":{"text":"Similar post","link":""},"img":{"alt_text":"Classic Tee am Stiel Verpackung Vorder- und Hinterseite","src":"https:\/\/i0.wp.com\/teasense.ch\/wp-content\/uploads\/2023\/07\/sale.jpg?resize=350%2C200&ssl=1","width":350,"height":200,"srcset":"https:\/\/i0.wp.com\/teasense.ch\/wp-content\/uploads\/2023\/07\/sale.jpg?resize=350%2C200&ssl=1 1x, https:\/\/i0.wp.com\/teasense.ch\/wp-content\/uploads\/2023\/07\/sale.jpg?resize=525%2C300&ssl=1 1.5x, https:\/\/i0.wp.com\/teasense.ch\/wp-content\/uploads\/2023\/07\/sale.jpg?resize=700%2C400&ssl=1 2x"},"classes":[]},{"id":33534,"url":"https:\/\/teasense.ch\/it\/prodotto\/zimtrinde-cassia\/","url_meta":{"origin":33409,"position":4},"title":"Zimtrinde Cassia geschnitten","author":"Reale Selection","date":"7. July 2023","format":false,"excerpt":"Zubereitung Zimt-Tee \ud83e\udd44 1 - 2 TL Zimtst\u00fccke pro Tasse\ud83c\udf21\ufe0f 95 \u00b0C\u23f3 10 - 15 Minuten","rel":"","context":"Similar post","block_context":{"text":"Similar post","link":""},"img":{"alt_text":"Zimtrinde Cassia geschnitten auf einem weissen Blatt Papier","src":"https:\/\/i0.wp.com\/teasense.ch\/wp-content\/uploads\/2023\/07\/zimtstuecke-auf-einem-weissen-blatt-papier.png?resize=350%2C200&ssl=1","width":350,"height":200,"srcset":"https:\/\/i0.wp.com\/teasense.ch\/wp-content\/uploads\/2023\/07\/zimtstuecke-auf-einem-weissen-blatt-papier.png?resize=350%2C200&ssl=1 1x, https:\/\/i0.wp.com\/teasense.ch\/wp-content\/uploads\/2023\/07\/zimtstuecke-auf-einem-weissen-blatt-papier.png?resize=525%2C300&ssl=1 1.5x, https:\/\/i0.wp.com\/teasense.ch\/wp-content\/uploads\/2023\/07\/zimtstuecke-auf-einem-weissen-blatt-papier.png?resize=700%2C400&ssl=1 2x"},"classes":[]},{"id":37933,"url":"https:\/\/teasense.ch\/it\/prodotto\/weihnachtstee\/","url_meta":{"origin":33409,"position":5},"title":"Weihnachtstee","author":"Reale Selection","date":"10. October 2023","format":false,"excerpt":"Weihnachtlicher Geschmack: herb-frische Orange mit w\u00fcrzigem Zimt Zubereitung Weihnachtstee \ud83e\udd44 1 Teel\u00f6ffel (ca. 2 g) pro Tasse\ud83c\udf21\ufe0f 90 \u2013 100 \u00b0C\u23f3 3 Minuten","rel":"","context":"Similar post","block_context":{"text":"Similar post","link":""},"img":{"alt_text":"Schwarzteemischung Black Delight","src":"https:\/\/i0.wp.com\/teasense.ch\/wp-content\/uploads\/2023\/10\/schwarztee-weihnachtstee.jpg?resize=350%2C200&ssl=1","width":350,"height":200,"srcset":"https:\/\/i0.wp.com\/teasense.ch\/wp-content\/uploads\/2023\/10\/schwarztee-weihnachtstee.jpg?resize=350%2C200&ssl=1 1x, https:\/\/i0.wp.com\/teasense.ch\/wp-content\/uploads\/2023\/10\/schwarztee-weihnachtstee.jpg?resize=525%2C300&ssl=1 1.5x, https:\/\/i0.wp.com\/teasense.ch\/wp-content\/uploads\/2023\/10\/schwarztee-weihnachtstee.jpg?resize=700%2C400&ssl=1 2x"},"classes":[]}],"jetpack_sharing_enabled":false,"jetpack_likes_enabled":false,"_links":{"self":[{"href":"https:\/\/teasense.ch\/it\/wp-json\/wp\/v2\/product\/33409","targetHints":{"allow":["GET"]}}],"collection":[{"href":"https:\/\/teasense.ch\/it\/wp-json\/wp\/v2\/product"}],"about":[{"href":"https:\/\/teasense.ch\/it\/wp-json\/wp\/v2\/types\/product"}],"replies":[{"embeddable":true,"href":"https:\/\/teasense.ch\/it\/wp-json\/wp\/v2\/comments?post=33409"}],"wp:featuredmedia":[{"embeddable":true,"href":"https:\/\/teasense.ch\/it\/wp-json\/wp\/v2\/media\/33411"}],"wp:attachment":[{"href":"https:\/\/teasense.ch\/it\/wp-json\/wp\/v2\/media?parent=33409"}],"wp:term":[{"taxonomy":"product_brand","embeddable":true,"href":"https:\/\/teasense.ch\/it\/wp-json\/wp\/v2\/product_brand?post=33409"},{"taxonomy":"product_cat","embeddable":true,"href":"https:\/\/teasense.ch\/it\/wp-json\/wp\/v2\/product_cat?post=33409"},{"taxonomy":"product_tag","embeddable":true,"href":"https:\/\/teasense.ch\/it\/wp-json\/wp\/v2\/product_tag?post=33409"}],"curies":[{"name":"wp","href":"https:\/\/api.w.org\/{rel}","templated":true}]}}