{"id":33573,"date":"2023-07-17T14:06:29","date_gmt":"2023-07-17T12:06:29","guid":{"rendered":"https:\/\/teasense.ch\/?post_type=product&#038;p=33573"},"modified":"2025-04-04T16:19:23","modified_gmt":"2025-04-04T14:19:23","slug":"ingwerstuecke","status":"publish","type":"product","link":"https:\/\/teasense.ch\/it\/prodotto\/ingwerstuecke\/","title":{"rendered":"Ingwerst\u00fccke"},"content":{"rendered":"<h2>Getrocknete Ingwerst\u00fccke<\/h2>\n<p>Seit Hunderten von Jahren wird Ingwer wegen seines einzigartigen Geschmacks und seiner vielseitigen Verwendungsm\u00f6glichkeiten gesch\u00e4tzt. Diese geschnittenen Ingwerst\u00fccke verleihen deinen Gerichten eine angenehme Sch\u00e4rfe und w\u00fcrzigen Geschmack. Sie sind perfekt geeignet, um eine neue Geschmacksebene zu entdecken. Ob in Currys, Suppen oder Geb\u00e4ck, Ingwer f\u00fcgt sich wunderbar ein und bereichert jedes Gericht.<\/p>\n<h3>Entdecke die kulinarischen M\u00f6glichkeiten<\/h3>\n<p>Ingwer ist jedoch nicht nur in der K\u00fcche einsetzbar. Die geschnittenen St\u00fccke eignen sich auch hervorragend zur Zubereitung von erfrischendem Ingwertee. Einfach heisses Wasser \u00fcber einige St\u00fccke giessen und f\u00fcr einige Minuten ziehen lassen. Anschliessend kannst du den w\u00fcrzigen Geschmack und das angenehme Aroma geniessen.<\/p>\n<p>Eine weitere M\u00f6glichkeit, geschnittene Ingwerst\u00fccke zu verwenden, besteht darin, sie beim Mixen von Smoothies hinzuzuf\u00fcgen. Gib einfach ein paar St\u00fccke zu deinem Lieblings-Smoothie hinzu und erlebe einen unverwechselbaren Kick. Ingwer harmoniert besonders gut mit fruchtigen oder gr\u00fcnen Smoothies und verleiht ihnen eine erfrischende Sch\u00e4rfe.<\/p>\n<h3>Verwende Ingwerst\u00fccke beim Backen &#8211; Freue dich auf kreative K\u00fcchenexperimente<\/h3>\n<p>Selbst beim Backen kannst du die vielseitigen Ingwerst\u00fccke verwenden. F\u00fcge sie deinem Kuchenteig, Keksen oder Brot hinzu und erlebe, wie der w\u00fcrzige Geschmack deine Backwaren auf ein neues Level bringt.<\/p>\n<p>Mit den hochwertigen und praktischen geschnittenen Ingwerst\u00fccken kannst du deiner Kreativit\u00e4t in der K\u00fcche freien Lauf lassen. Ob als Gew\u00fcrz, Tee-Zutat oder in Smoothies und Backwaren &#8211; Ingwer ist ein echter Allrounder.<\/p>\n<h3>Geniesse Ingwertee in seiner reinsten Form &#8211; Ingwertee Zubereitung<\/h3>\n<p>Ingwertee ist besonders in der kalten Winterzeit ein Klassiker. F\u00fcr den perfekten Genuss empfehlen wir 13-18 g auf 1 Liter, mit einer Ziehzeit von 5-10 Minuten bei 100\u00b0C. Verfeinere ihn mit einem <a href=\"https:\/\/teasense.ch\/produkt\/kandisstick\/\">Kandisstick<\/a> ges\u00fcsst und einem Spritzer Zitronensaft f\u00fcr unwiderstehlichen Genuss.<\/p>\n<h3>Rezeptvorschlag &#8211; Ingwer-Cookies &#8211; K\u00f6stliche Backideen mit Ingwer<\/h3>\n<p>Zutaten:<\/p>\n<ul>\n<li>100g glutenfreies Mehl<\/li>\n<li>50g Haferflocken (glutenfrei)<\/li>\n<li>50g Kokos\u00f6l oder Margarine<\/li>\n<li>50g Ahornsirup oder Agavendicksaft\/Zucker<\/li>\n<li>3 TL getrocknete Ingwerst\u00fccke (Achtung &#8211; bitte deinen pers\u00f6nlichen Sch\u00e4rfegrad beachten)<\/li>\n<li>1 TL Zimtst\u00fccke<\/li>\n<li>1 TL Kardamom<\/li>\n<li>1 TL Vanilleextrakt<\/li>\n<li>1\/2 TL Backpulver<\/li>\n<li>Prise Salz<\/li>\n<\/ul>\n<p>Zubereitung:<\/p>\n<ol>\n<li>Bereite den Ofen vor: Heize den Ofen auf 180\u00b0C vor und lege ein Backblech mit Backpapier aus.<\/li>\n<li>Mische die trockenen Zutaten: Gib das glutenfreie Mehl, die Haferflocken, das Backpulver und eine Prise Salz in eine Sch\u00fcssel und vermische alles gut.<\/li>\n<li>Schmelze die fl\u00fcssigen Zutaten: Lasse das Kokos\u00f6l in einem kleinen Topf langsam schmelzen. Entferne den Topf von der Hitze und r\u00fchre den Agavendicksaft und Vanilleextrakt ein.<\/li>\n<li>Kombiniere die Zutaten: M\u00f6rse die Ingwerst\u00fccke, Zimtst\u00fccke und Kardamom und gib sie zur Mehlmischung hinzu. F\u00fcge dann die fl\u00fcssigen Zutaten hinzu und vermische alles gut. Forme kleine Teigkugeln und dr\u00fccke sie leicht auf dem Backblech flach.<\/li>\n<li>Backe die Cookies: Backe die Cookies f\u00fcr etwa 12-15 Minuten oder bis sie leicht goldbraun sind. Lasse die Cookies vollst\u00e4ndig abk\u00fchlen, bevor du sie geniesst.<\/li>\n<li>Diese Ingwer-Cookies sind perfekt f\u00fcr einen Snack oder als s\u00fcss-scharfe Begleitung zu deinem Tee.<\/li>\n<\/ol>\n<p><strong>Tipp<\/strong>: Falls der Teig zu fl\u00fcssig wird, um Cookies zu formen, kein Problem. Du kannst entweder mehr Mehl hinzuf\u00fcgen oder den Teig auf das Backblech gleichm\u00e4ssig verteilen und nach dem Backen in Teile schneiden, \u00e4hnlich wie bei Brownies.<\/p>\n","protected":false},"excerpt":{"rendered":"<p><strong>Tee-Zubereitung<\/strong><br \/>\n\ud83e\udd44 <strong>Menge<\/strong>: 13-18 g auf 1 Liter Wasser<br \/>\n\ud83c\udf21\ufe0f <strong>Temperatur<\/strong>: 100 \u00b0C<br \/>\n\u23f3 <strong>Ziehzeit<\/strong>: 5-10 Minuten<\/p>\n","protected":false},"featured_media":33576,"comment_status":"open","ping_status":"closed","template":"","meta":{"_et_pb_use_builder":"","_et_pb_old_content":"","_et_gb_content_width":""},"product_brand":[],"product_cat":[74,84,19],"product_tag":[],"class_list":{"0":"post-33573","1":"product","2":"type-product","3":"status-publish","4":"has-post-thumbnail","6":"product_cat-alle-produkte","7":"product_cat-ayurveda","8":"product_cat-tee","9":"pa_herkunft-china","10":"pa_weight-20-g","11":"pa_weight-70-g","13":"first","14":"outofstock","15":"shipping-taxable","16":"product-type-variable","17":"has-default-attributes","18":"add-to-wishlist-before_image"},"yoast_head":"<!-- This site is optimized with the Yoast SEO plugin v27.4 - https:\/\/yoast.com\/product\/yoast-seo-wordpress\/ -->\n<title>Ingwerst\u00fccke - TeaSense.ch - Tee Shop Schweiz<\/title>\n<meta name=\"description\" content=\"Getrocknete Ingwerst\u00fccke f\u00fcr Tee. Entdecke die kulinarischen M\u00f6glichkeiten. Seit Hunderten von Jahren er wegen seines einzigartigen Geschmacks gesch\u00e4tzt.\" \/>\n<meta name=\"robots\" content=\"index, follow, max-snippet:-1, max-image-preview:large, max-video-preview:-1\" \/>\n<link rel=\"canonical\" href=\"https:\/\/teasense.ch\/it\/prodotto\/ingwerstuecke\/\" \/>\n<meta property=\"og:locale\" content=\"it_IT\" \/>\n<meta property=\"og:type\" content=\"article\" \/>\n<meta property=\"og:title\" content=\"Ingwerst\u00fccke - TeaSense.ch - Tee Shop Schweiz\" \/>\n<meta property=\"og:description\" content=\"Getrocknete Ingwerst\u00fccke f\u00fcr Tee. Entdecke die kulinarischen M\u00f6glichkeiten. Seit Hunderten von Jahren er wegen seines einzigartigen Geschmacks gesch\u00e4tzt.\" \/>\n<meta property=\"og:url\" content=\"https:\/\/teasense.ch\/it\/prodotto\/ingwerstuecke\/\" \/>\n<meta property=\"og:site_name\" content=\"TeaSense.ch - Tee Shop Schweiz\" \/>\n<meta property=\"article:publisher\" content=\"https:\/\/www.facebook.com\/teasense.ch\" \/>\n<meta property=\"article:modified_time\" content=\"2025-04-04T14:19:23+00:00\" \/>\n<meta property=\"og:image\" content=\"https:\/\/teasense.ch\/wp-content\/uploads\/2023\/07\/bio-ingwerstuecke-geschnitten-plain.jpg\" \/>\n\t<meta property=\"og:image:width\" content=\"800\" \/>\n\t<meta property=\"og:image:height\" content=\"800\" \/>\n\t<meta property=\"og:image:type\" content=\"image\/jpeg\" \/>\n<meta name=\"twitter:card\" content=\"summary_large_image\" \/>\n<meta name=\"twitter:label1\" content=\"Est. reading time\" \/>\n\t<meta name=\"twitter:data1\" content=\"3 minutes\" \/>\n<!-- \/ Yoast SEO plugin. -->","yoast_head_json":{"title":"Ingwerst\u00fccke - TeaSense.ch - Tee Shop Schweiz","description":"Getrocknete Ingwerst\u00fccke f\u00fcr Tee. Entdecke die kulinarischen M\u00f6glichkeiten. Seit Hunderten von Jahren er wegen seines einzigartigen Geschmacks gesch\u00e4tzt.","robots":{"index":"index","follow":"follow","max-snippet":"max-snippet:-1","max-image-preview":"max-image-preview:large","max-video-preview":"max-video-preview:-1"},"canonical":"https:\/\/teasense.ch\/it\/prodotto\/ingwerstuecke\/","og_locale":"it_IT","og_type":"article","og_title":"Ingwerst\u00fccke - TeaSense.ch - Tee Shop Schweiz","og_description":"Getrocknete Ingwerst\u00fccke f\u00fcr Tee. Entdecke die kulinarischen M\u00f6glichkeiten. Seit Hunderten von Jahren er wegen seines einzigartigen Geschmacks gesch\u00e4tzt.","og_url":"https:\/\/teasense.ch\/it\/prodotto\/ingwerstuecke\/","og_site_name":"TeaSense.ch - Tee Shop Schweiz","article_publisher":"https:\/\/www.facebook.com\/teasense.ch","article_modified_time":"2025-04-04T14:19:23+00:00","og_image":[{"width":800,"height":800,"url":"https:\/\/teasense.ch\/wp-content\/uploads\/2023\/07\/bio-ingwerstuecke-geschnitten-plain.jpg","type":"image\/jpeg"}],"twitter_card":"summary_large_image","twitter_misc":{"Est. reading time":"3 minutes"},"schema":{"@context":"https:\/\/schema.org","@graph":[{"@type":"WebPage","@id":"https:\/\/teasense.ch\/it\/prodotto\/ingwerstuecke\/","url":"https:\/\/teasense.ch\/it\/prodotto\/ingwerstuecke\/","name":"Ingwerst\u00fccke - TeaSense.ch - Tee Shop Schweiz","isPartOf":{"@id":"https:\/\/teasense.ch\/it\/#website"},"primaryImageOfPage":{"@id":"https:\/\/teasense.ch\/it\/prodotto\/ingwerstuecke\/#primaryimage"},"image":{"@id":"https:\/\/teasense.ch\/it\/prodotto\/ingwerstuecke\/#primaryimage"},"thumbnailUrl":"https:\/\/teasense.ch\/wp-content\/uploads\/2023\/07\/bio-ingwerstuecke-geschnitten-plain.jpg","datePublished":"2023-07-17T12:06:29+00:00","dateModified":"2025-04-04T14:19:23+00:00","description":"Getrocknete Ingwerst\u00fccke f\u00fcr Tee. Entdecke die kulinarischen M\u00f6glichkeiten. Seit Hunderten von Jahren er wegen seines einzigartigen Geschmacks gesch\u00e4tzt.","breadcrumb":{"@id":"https:\/\/teasense.ch\/it\/prodotto\/ingwerstuecke\/#breadcrumb"},"inLanguage":"it-CH","potentialAction":[{"@type":"ReadAction","target":["https:\/\/teasense.ch\/it\/prodotto\/ingwerstuecke\/"]}]},{"@type":"ImageObject","inLanguage":"it-CH","@id":"https:\/\/teasense.ch\/it\/prodotto\/ingwerstuecke\/#primaryimage","url":"https:\/\/teasense.ch\/wp-content\/uploads\/2023\/07\/bio-ingwerstuecke-geschnitten-plain.jpg","contentUrl":"https:\/\/teasense.ch\/wp-content\/uploads\/2023\/07\/bio-ingwerstuecke-geschnitten-plain.jpg","width":800,"height":800,"caption":"Ingwerst\u00fccke geschnitten"},{"@type":"BreadcrumbList","@id":"https:\/\/teasense.ch\/it\/prodotto\/ingwerstuecke\/#breadcrumb","itemListElement":[{"@type":"ListItem","position":1,"name":"Startseite","item":"https:\/\/teasense.ch\/it\/startseite\/"},{"@type":"ListItem","position":2,"name":"Ordina t\u00e8 online in Svizzera","item":"https:\/\/teasense.ch\/it\/shop\/"},{"@type":"ListItem","position":3,"name":"Ingwerst\u00fccke"}]},{"@type":"WebSite","@id":"https:\/\/teasense.ch\/it\/#website","url":"https:\/\/teasense.ch\/it\/","name":"TeaSense.ch","description":"Nat\u00fcrliche Teemischungen und klassischer Tee","publisher":{"@id":"https:\/\/teasense.ch\/it\/#organization"},"alternateName":"TeaSense","potentialAction":[{"@type":"SearchAction","target":{"@type":"EntryPoint","urlTemplate":"https:\/\/teasense.ch\/it\/?s={search_term_string}"},"query-input":{"@type":"PropertyValueSpecification","valueRequired":true,"valueName":"search_term_string"}}],"inLanguage":"it-CH"},{"@type":"Organization","@id":"https:\/\/teasense.ch\/it\/#organization","name":"Reale Selection","alternateName":"TeaSense.ch","url":"https:\/\/teasense.ch\/it\/","logo":{"@type":"ImageObject","inLanguage":"it-CH","@id":"https:\/\/teasense.ch\/it\/#\/schema\/logo\/image\/","url":"https:\/\/teasense.ch\/wp-content\/uploads\/2023\/07\/cropped-logo-teasense-kategorie-onlineshop-alle-produkte.jpg","contentUrl":"https:\/\/teasense.ch\/wp-content\/uploads\/2023\/07\/cropped-logo-teasense-kategorie-onlineshop-alle-produkte.jpg","width":512,"height":512,"caption":"Reale Selection"},"image":{"@id":"https:\/\/teasense.ch\/it\/#\/schema\/logo\/image\/"},"sameAs":["https:\/\/www.facebook.com\/teasense.ch"]}]}},"jetpack-related-posts":[{"id":48120,"url":"https:\/\/teasense.ch\/it\/prodotto\/kundengeschenk-tee\/","url_meta":{"origin":33573,"position":0},"title":"Regalo t\u00e8 aziendale","author":"Reale Selection","date":"2. March 2026","format":false,"excerpt":"100 g di una miscela di t\u00e8 selezionata Scelta tra tre variet\u00e0 Confezionato in sacchetto kraft con finestra Da 20 pezzi - ordina 100 pezzi nello shop Tempi di consegna ca. 14 giorni lavorativi","rel":"","context":"Similar post","block_context":{"text":"Similar post","link":""},"img":{"alt_text":"Auswahl Tee Kundengeschenke Schwarztee Kr\u00e4utertee Fr\u00fcchtetee","src":"https:\/\/i0.wp.com\/teasense.ch\/wp-content\/uploads\/2026\/03\/auswahl-tee-kundengeschenke.png?resize=350%2C200&ssl=1","width":350,"height":200,"srcset":"https:\/\/i0.wp.com\/teasense.ch\/wp-content\/uploads\/2026\/03\/auswahl-tee-kundengeschenke.png?resize=350%2C200&ssl=1 1x, https:\/\/i0.wp.com\/teasense.ch\/wp-content\/uploads\/2026\/03\/auswahl-tee-kundengeschenke.png?resize=525%2C300&ssl=1 1.5x, https:\/\/i0.wp.com\/teasense.ch\/wp-content\/uploads\/2026\/03\/auswahl-tee-kundengeschenke.png?resize=700%2C400&ssl=1 2x"},"classes":[]},{"id":48103,"url":"https:\/\/teasense.ch\/it\/prodotto\/abbonamento-te\/","url_meta":{"origin":33573,"position":1},"title":"Abbonamento t\u00e8","author":"Reale Selection","date":"25. January 2024","format":false,"excerpt":"\ud83c\udf3f Due tipi di t\u00e8 al mese \ud83d\udcc5 Durata liberamente selezionabile \ud83d\udc8c Personale & personalizzato \ud83c\udf81 Perfetto come regalo Seleziona il numero di mesi desiderato:","rel":"","context":"Similar post","block_context":{"text":"Similar post","link":""},"img":{"alt_text":"Abbonamento al t\u00e8 Scatola di spedizione Teasense Svizzera","src":"https:\/\/i0.wp.com\/teasense.ch\/wp-content\/uploads\/2024\/01\/Tee-Abo-Teasense-Versandbox.png?resize=350%2C200&ssl=1","width":350,"height":200,"srcset":"https:\/\/i0.wp.com\/teasense.ch\/wp-content\/uploads\/2024\/01\/Tee-Abo-Teasense-Versandbox.png?resize=350%2C200&ssl=1 1x, https:\/\/i0.wp.com\/teasense.ch\/wp-content\/uploads\/2024\/01\/Tee-Abo-Teasense-Versandbox.png?resize=525%2C300&ssl=1 1.5x, https:\/\/i0.wp.com\/teasense.ch\/wp-content\/uploads\/2024\/01\/Tee-Abo-Teasense-Versandbox.png?resize=700%2C400&ssl=1 2x"},"classes":[]},{"id":48095,"url":"https:\/\/teasense.ch\/it\/prodotto\/tisana-dormiglione\/","url_meta":{"origin":33573,"position":2},"title":"Tisana Dormiglione","author":"Reale Selection","date":"23. October 2024","format":false,"excerpt":"Preparazione Tisana Dormiglione \ud83e\udd44 1 cucchiaino per tazza (14g\/litro)\ud83c\udf21\ufe0f 100 \u00b0C\u23f3 5 minuti","rel":"","context":"Similar post","block_context":{"text":"Similar post","link":""},"img":{"alt_text":"Schlafm\u00fctze Kr\u00e4utertee weisser Hintergrund","src":"https:\/\/i0.wp.com\/teasense.ch\/wp-content\/uploads\/2024\/10\/schlafmuetze-kraeutertee-weisser-hintergrund.png?resize=350%2C200&ssl=1","width":350,"height":200,"srcset":"https:\/\/i0.wp.com\/teasense.ch\/wp-content\/uploads\/2024\/10\/schlafmuetze-kraeutertee-weisser-hintergrund.png?resize=350%2C200&ssl=1 1x, https:\/\/i0.wp.com\/teasense.ch\/wp-content\/uploads\/2024\/10\/schlafmuetze-kraeutertee-weisser-hintergrund.png?resize=525%2C300&ssl=1 1.5x, https:\/\/i0.wp.com\/teasense.ch\/wp-content\/uploads\/2024\/10\/schlafmuetze-kraeutertee-weisser-hintergrund.png?resize=700%2C400&ssl=1 2x"},"classes":[]},{"id":48162,"url":"https:\/\/teasense.ch\/fr\/prodotto\/abonnement-the\/","url_meta":{"origin":33573,"position":3},"title":"Abonnement de th\u00e9","author":"Reale Selection","date":"25. January 2024","format":false,"excerpt":"\ud83c\udf3f Deux vari\u00e9t\u00e9s de th\u00e9 par mois \ud83d\udcc5 Dur\u00e9e librement choisie \ud83d\udc8c Personnel & sur mesure \ud83c\udf81 Parfait comme cadeau Choisissez le nombre de mois souhait\u00e9 :","rel":"","context":"Similar post","block_context":{"text":"Similar post","link":""},"img":{"alt_text":"Abbonamento al t\u00e8 Scatola di spedizione Teasense Svizzera","src":"https:\/\/i0.wp.com\/teasense.ch\/wp-content\/uploads\/2024\/01\/Tee-Abo-Teasense-Versandbox.png?resize=350%2C200&ssl=1","width":350,"height":200,"srcset":"https:\/\/i0.wp.com\/teasense.ch\/wp-content\/uploads\/2024\/01\/Tee-Abo-Teasense-Versandbox.png?resize=350%2C200&ssl=1 1x, https:\/\/i0.wp.com\/teasense.ch\/wp-content\/uploads\/2024\/01\/Tee-Abo-Teasense-Versandbox.png?resize=525%2C300&ssl=1 1.5x, https:\/\/i0.wp.com\/teasense.ch\/wp-content\/uploads\/2024\/01\/Tee-Abo-Teasense-Versandbox.png?resize=700%2C400&ssl=1 2x"},"classes":[]},{"id":48422,"url":"https:\/\/teasense.ch\/en\/prodotto\/stainless-steel-tea-infuser-75-mm\/","url_meta":{"origin":33573,"position":4},"title":"Stainless Steel Tea Infuser 75 mm","author":"Reale Selection","date":"7. January 2026","format":false,"excerpt":"Stainless steel sieve 75 mm (\u00d8 75\/85 x 50 mm)","rel":"","context":"Similar post","block_context":{"text":"Similar post","link":""},"img":{"alt_text":"Edelstahlsieb 75 mm 85 x 50 mm","src":"https:\/\/i0.wp.com\/teasense.ch\/wp-content\/uploads\/2026\/01\/edelstahlsieb-75-mm-85-x-50-mm.png?resize=350%2C200&ssl=1","width":350,"height":200,"srcset":"https:\/\/i0.wp.com\/teasense.ch\/wp-content\/uploads\/2026\/01\/edelstahlsieb-75-mm-85-x-50-mm.png?resize=350%2C200&ssl=1 1x, https:\/\/i0.wp.com\/teasense.ch\/wp-content\/uploads\/2026\/01\/edelstahlsieb-75-mm-85-x-50-mm.png?resize=525%2C300&ssl=1 1.5x, https:\/\/i0.wp.com\/teasense.ch\/wp-content\/uploads\/2026\/01\/edelstahlsieb-75-mm-85-x-50-mm.png?resize=700%2C400&ssl=1 2x"},"classes":[]},{"id":48114,"url":"https:\/\/teasense.ch\/en\/prodotto\/wild-cherry-black-tea\/","url_meta":{"origin":33573,"position":5},"title":"Wild Cherry Black Tea","author":"Reale Selection","date":"17. December 2025","format":false,"excerpt":"Preparation of Wild Cherry Black Tea \ud83e\udd44 1\u20132 tsp per cup (12 g\/L)\ud83c\udf21\ufe0f 100 \u00b0C\u23f3 3 minutes","rel":"","context":"Similar post","block_context":{"text":"Similar post","link":""},"img":{"alt_text":"Schwarztee Wildkirsche Nat\u00fcrliche Teemischung","src":"https:\/\/i0.wp.com\/teasense.ch\/wp-content\/uploads\/2025\/12\/schwarztee-wildkirsche.png?resize=350%2C200&ssl=1","width":350,"height":200,"srcset":"https:\/\/i0.wp.com\/teasense.ch\/wp-content\/uploads\/2025\/12\/schwarztee-wildkirsche.png?resize=350%2C200&ssl=1 1x, https:\/\/i0.wp.com\/teasense.ch\/wp-content\/uploads\/2025\/12\/schwarztee-wildkirsche.png?resize=525%2C300&ssl=1 1.5x, https:\/\/i0.wp.com\/teasense.ch\/wp-content\/uploads\/2025\/12\/schwarztee-wildkirsche.png?resize=700%2C400&ssl=1 2x"},"classes":[]}],"jetpack_sharing_enabled":false,"jetpack_likes_enabled":false,"_links":{"self":[{"href":"https:\/\/teasense.ch\/it\/wp-json\/wp\/v2\/product\/33573","targetHints":{"allow":["GET"]}}],"collection":[{"href":"https:\/\/teasense.ch\/it\/wp-json\/wp\/v2\/product"}],"about":[{"href":"https:\/\/teasense.ch\/it\/wp-json\/wp\/v2\/types\/product"}],"replies":[{"embeddable":true,"href":"https:\/\/teasense.ch\/it\/wp-json\/wp\/v2\/comments?post=33573"}],"wp:featuredmedia":[{"embeddable":true,"href":"https:\/\/teasense.ch\/it\/wp-json\/wp\/v2\/media\/33576"}],"wp:attachment":[{"href":"https:\/\/teasense.ch\/it\/wp-json\/wp\/v2\/media?parent=33573"}],"wp:term":[{"taxonomy":"product_brand","embeddable":true,"href":"https:\/\/teasense.ch\/it\/wp-json\/wp\/v2\/product_brand?post=33573"},{"taxonomy":"product_cat","embeddable":true,"href":"https:\/\/teasense.ch\/it\/wp-json\/wp\/v2\/product_cat?post=33573"},{"taxonomy":"product_tag","embeddable":true,"href":"https:\/\/teasense.ch\/it\/wp-json\/wp\/v2\/product_tag?post=33573"}],"curies":[{"name":"wp","href":"https:\/\/api.w.org\/{rel}","templated":true}]}}