{"id":33580,"date":"2023-07-17T14:43:47","date_gmt":"2023-07-17T12:43:47","guid":{"rendered":"https:\/\/teasense.ch\/?post_type=product&#038;p=33580"},"modified":"2025-05-09T22:56:49","modified_gmt":"2025-05-09T20:56:49","slug":"orangenschalen","status":"publish","type":"product","link":"https:\/\/teasense.ch\/it\/prodotto\/orangenschalen\/","title":{"rendered":"Orangenschalen"},"content":{"rendered":"<h2>Orangenschalen \u2013 Vielseitige Zutat f\u00fcr Teemischungen und mehr<\/h2>\n<p>Orangenschalen sind nicht nur eine nat\u00fcrliche Erg\u00e4nzung f\u00fcr deine Teemischungen, sondern auch ein vielseitiges Gew\u00fcrz, das in der K\u00fcche viele Einsatzm\u00f6glichkeiten bietet. Sie enthalten \u00e4therische \u00d6le und Bitterstoffe, die den Teegeschmack bereichern und eine erfrischende Note verleihen. Diese nat\u00fcrlichen Aromen machen sie zu einer beliebten Zutat in Teemischungen und als eigenst\u00e4ndiger Teeaufguss.<\/p>\n<h3>Orangenschalen f\u00fcr erfrischende Teemischungen<\/h3>\n<p>Die Orangenschale ist eine ausgezeichnete Zutat f\u00fcr Teemischungen und bereichert diese mit einem intensiven Zitrusaroma. Du kannst sie alleine als Tee aufbr\u00fchen oder sie in kleinen Mengen zu anderen Kr\u00e4uter- und Fr\u00fcchtetees hinzuf\u00fcgen.<br \/>\nDie nat\u00fcrlichen Aromen der Schalen passen hervorragend zu einer Vielzahl von Tees und sorgen f\u00fcr eine frische, belebende Note.<\/p>\n<h3>Gew\u00fcrze f\u00fcr noch mehr Geschmack<\/h3>\n<p>F\u00fcr noch mehr Aroma kannst du verschiedene Gew\u00fcrze zu deinem Orangenschalen-Tee hinzuf\u00fcgen. Hier einige beliebte Varianten:<\/p>\n<p><a href=\"https:\/\/teasense.ch\/produkt\/zimtstuecke\/\" target=\"_blank\" rel=\"noopener\"><strong>Zimt<\/strong><\/a>: Verleiht dem Tee eine angenehme W\u00e4rme und S\u00fcsse, die das Zitrusaroma der Orangenschalen perfekt erg\u00e4nzt.<\/p>\n<p><a href=\"https:\/\/teasense.ch\/produkt\/kardamom\/\"><strong>Kardamom: <\/strong><\/a>Mit seinem s\u00fcsslichen, leicht scharfen Geschmack passt Kardamom hervorragend dazu und sorgt f\u00fcr einen erfrischenden Teegeschmack.<\/p>\n<p><a href=\"https:\/\/teasense.ch\/produkt\/ingwer\/\"><strong>Ingwer: <\/strong><\/a>F\u00fcr eine w\u00fcrzige Note eignet sich Ingwer, der mit seiner angenehmen Sch\u00e4rfe das Aroma der Orangenschalen verst\u00e4rkt.<\/p>\n<p>Diese Gew\u00fcrze k\u00f6nnen direkt zum Tee gegeben oder in einem Teebeutel oder einer Gew\u00fcrzkugel mit den Orangenschalen vermengt werden.<\/p>\n<h3>Weitere Verwendungsm\u00f6glichkeiten f\u00fcr Orangenschalen<\/h3>\n<p>Sie sind nicht nur in Tees ein Genuss, sondern k\u00f6nnen auch in der K\u00fcche auf vielf\u00e4ltige Weise verwendet werden. Hier sind einige Ideen:<\/p>\n<p><strong>Aroma- und Geschmackszusatz<\/strong>: Sie verleihen Fleisch-, Fisch- und Gem\u00fcsegerichten sowie Saucen und Desserts eine erfrischende Zitrusnote. Sie sind auch eine hervorragende Zutat f\u00fcr Marmeladen, Kuchen und Kekse.<\/p>\n<p><strong>Aromatisierte \u00d6le und Essige<\/strong>: Sie k\u00f6nnen in \u00d6len oder Essigen eingelegt werden, um diesen ein intensives Orangenaroma zu verleihen. Diese aromatisierten Produkte eignen sich perfekt f\u00fcr Salatdressings oder zum Kochen.<\/p>\n<p><strong>Potpourri und Duftbeutel<\/strong>: Getrocknete Orangenschalen sind auch eine wunderbare M\u00f6glichkeit, den Raum mit einem nat\u00fcrlichen Orangenduft zu erf\u00fcllen, ideal f\u00fcr Potpourris oder Duftbeutel.<\/p>\n<p>Die vielseitige Verwendung bietet zahlreiche kreative M\u00f6glichkeiten, Geschmack, Aroma und Duft in dein Zuhause zu bringen.<\/p>\n","protected":false},"excerpt":{"rendered":"<p>Orangenschalen getrocknet<\/p>\n<p><strong>Tee-Zubereitung<\/strong><\/p>\n<p>\ud83e\udd44 13-18 g auf 1 Liter Wasser<\/p>\n<p>\ud83c\udf21\ufe0f 100 \u00b0C<\/p>\n<p>\u23f3 5-10 Minuten<\/p>\n","protected":false},"featured_media":33583,"comment_status":"open","ping_status":"closed","template":"","meta":{"_et_pb_use_builder":"","_et_pb_old_content":"","_et_gb_content_width":""},"product_brand":[],"product_cat":[74,64,151,19],"product_tag":[],"class_list":{"0":"post-33580","1":"product","2":"type-product","3":"status-publish","4":"has-post-thumbnail","6":"product_cat-alle-produkte","7":"product_cat-gewuerze","8":"product_cat-fruechtetee","9":"product_cat-tee","10":"pa_herkunft-tuerkei","11":"pa_weight-10-g","12":"pa_weight-200-g","13":"pa_weight-50-g","15":"first","16":"outofstock","17":"shipping-taxable","18":"product-type-variable","19":"has-default-attributes","20":"add-to-wishlist-before_image"},"yoast_head":"<!-- This site is optimized with the Yoast SEO plugin v27.4 - https:\/\/yoast.com\/product\/yoast-seo-wordpress\/ -->\n<title>Orangenschalen - TeaSense.ch - Tee Shop Schweiz<\/title>\n<meta name=\"description\" content=\"Es gibt Bitterstoffe und \u00e4therische \u00d6le in den Orangenschalen, demnach sind sie eine Basis f\u00fcr erfrischende Aufg\u00fcsse, auch als eigenst\u00e4ndigen Aufguss.\" \/>\n<meta name=\"robots\" content=\"index, follow, max-snippet:-1, max-image-preview:large, max-video-preview:-1\" \/>\n<link rel=\"canonical\" href=\"https:\/\/teasense.ch\/it\/prodotto\/orangenschalen\/\" \/>\n<meta property=\"og:locale\" content=\"it_IT\" \/>\n<meta property=\"og:type\" content=\"article\" \/>\n<meta property=\"og:title\" content=\"Orangenschalen - TeaSense.ch - Tee Shop Schweiz\" \/>\n<meta property=\"og:description\" content=\"Es gibt Bitterstoffe und \u00e4therische \u00d6le in den Orangenschalen, demnach sind sie eine Basis f\u00fcr erfrischende Aufg\u00fcsse, auch als eigenst\u00e4ndigen Aufguss.\" \/>\n<meta property=\"og:url\" content=\"https:\/\/teasense.ch\/it\/prodotto\/orangenschalen\/\" \/>\n<meta property=\"og:site_name\" content=\"TeaSense.ch - Tee Shop Schweiz\" \/>\n<meta property=\"article:publisher\" content=\"https:\/\/www.facebook.com\/teasense.ch\" \/>\n<meta property=\"article:modified_time\" content=\"2025-05-09T20:56:49+00:00\" \/>\n<meta property=\"og:image\" content=\"https:\/\/teasense.ch\/wp-content\/uploads\/2023\/07\/bio-orangenschalen-plain.jpg\" \/>\n\t<meta property=\"og:image:width\" content=\"800\" \/>\n\t<meta property=\"og:image:height\" content=\"800\" \/>\n\t<meta property=\"og:image:type\" content=\"image\/jpeg\" \/>\n<meta name=\"twitter:card\" content=\"summary_large_image\" \/>\n<meta name=\"twitter:label1\" content=\"Est. reading time\" \/>\n\t<meta name=\"twitter:data1\" content=\"3 minutes\" \/>\n<!-- \/ Yoast SEO plugin. -->","yoast_head_json":{"title":"Orangenschalen - TeaSense.ch - Tee Shop Schweiz","description":"Es gibt Bitterstoffe und \u00e4therische \u00d6le in den Orangenschalen, demnach sind sie eine Basis f\u00fcr erfrischende Aufg\u00fcsse, auch als eigenst\u00e4ndigen Aufguss.","robots":{"index":"index","follow":"follow","max-snippet":"max-snippet:-1","max-image-preview":"max-image-preview:large","max-video-preview":"max-video-preview:-1"},"canonical":"https:\/\/teasense.ch\/it\/prodotto\/orangenschalen\/","og_locale":"it_IT","og_type":"article","og_title":"Orangenschalen - TeaSense.ch - Tee Shop Schweiz","og_description":"Es gibt Bitterstoffe und \u00e4therische \u00d6le in den Orangenschalen, demnach sind sie eine Basis f\u00fcr erfrischende Aufg\u00fcsse, auch als eigenst\u00e4ndigen Aufguss.","og_url":"https:\/\/teasense.ch\/it\/prodotto\/orangenschalen\/","og_site_name":"TeaSense.ch - Tee Shop Schweiz","article_publisher":"https:\/\/www.facebook.com\/teasense.ch","article_modified_time":"2025-05-09T20:56:49+00:00","og_image":[{"width":800,"height":800,"url":"https:\/\/teasense.ch\/wp-content\/uploads\/2023\/07\/bio-orangenschalen-plain.jpg","type":"image\/jpeg"}],"twitter_card":"summary_large_image","twitter_misc":{"Est. reading time":"3 minutes"},"schema":{"@context":"https:\/\/schema.org","@graph":[{"@type":"WebPage","@id":"https:\/\/teasense.ch\/it\/prodotto\/orangenschalen\/","url":"https:\/\/teasense.ch\/it\/prodotto\/orangenschalen\/","name":"Orangenschalen - TeaSense.ch - Tee Shop Schweiz","isPartOf":{"@id":"https:\/\/teasense.ch\/it\/#website"},"primaryImageOfPage":{"@id":"https:\/\/teasense.ch\/it\/prodotto\/orangenschalen\/#primaryimage"},"image":{"@id":"https:\/\/teasense.ch\/it\/prodotto\/orangenschalen\/#primaryimage"},"thumbnailUrl":"https:\/\/teasense.ch\/wp-content\/uploads\/2023\/07\/bio-orangenschalen-plain.jpg","datePublished":"2023-07-17T12:43:47+00:00","dateModified":"2025-05-09T20:56:49+00:00","description":"Es gibt Bitterstoffe und \u00e4therische \u00d6le in den Orangenschalen, demnach sind sie eine Basis f\u00fcr erfrischende Aufg\u00fcsse, auch als eigenst\u00e4ndigen Aufguss.","breadcrumb":{"@id":"https:\/\/teasense.ch\/it\/prodotto\/orangenschalen\/#breadcrumb"},"inLanguage":"it-CH","potentialAction":[{"@type":"ReadAction","target":["https:\/\/teasense.ch\/it\/prodotto\/orangenschalen\/"]}]},{"@type":"ImageObject","inLanguage":"it-CH","@id":"https:\/\/teasense.ch\/it\/prodotto\/orangenschalen\/#primaryimage","url":"https:\/\/teasense.ch\/wp-content\/uploads\/2023\/07\/bio-orangenschalen-plain.jpg","contentUrl":"https:\/\/teasense.ch\/wp-content\/uploads\/2023\/07\/bio-orangenschalen-plain.jpg","width":800,"height":800,"caption":"Orangenschalen"},{"@type":"BreadcrumbList","@id":"https:\/\/teasense.ch\/it\/prodotto\/orangenschalen\/#breadcrumb","itemListElement":[{"@type":"ListItem","position":1,"name":"Startseite","item":"https:\/\/teasense.ch\/it\/startseite\/"},{"@type":"ListItem","position":2,"name":"Ordina t\u00e8 online in Svizzera","item":"https:\/\/teasense.ch\/it\/shop\/"},{"@type":"ListItem","position":3,"name":"Orangenschalen"}]},{"@type":"WebSite","@id":"https:\/\/teasense.ch\/it\/#website","url":"https:\/\/teasense.ch\/it\/","name":"TeaSense.ch","description":"Nat\u00fcrliche Teemischungen und klassischer Tee","publisher":{"@id":"https:\/\/teasense.ch\/it\/#organization"},"alternateName":"TeaSense","potentialAction":[{"@type":"SearchAction","target":{"@type":"EntryPoint","urlTemplate":"https:\/\/teasense.ch\/it\/?s={search_term_string}"},"query-input":{"@type":"PropertyValueSpecification","valueRequired":true,"valueName":"search_term_string"}}],"inLanguage":"it-CH"},{"@type":"Organization","@id":"https:\/\/teasense.ch\/it\/#organization","name":"Reale Selection","alternateName":"TeaSense.ch","url":"https:\/\/teasense.ch\/it\/","logo":{"@type":"ImageObject","inLanguage":"it-CH","@id":"https:\/\/teasense.ch\/it\/#\/schema\/logo\/image\/","url":"https:\/\/teasense.ch\/wp-content\/uploads\/2023\/07\/cropped-logo-teasense-kategorie-onlineshop-alle-produkte.jpg","contentUrl":"https:\/\/teasense.ch\/wp-content\/uploads\/2023\/07\/cropped-logo-teasense-kategorie-onlineshop-alle-produkte.jpg","width":512,"height":512,"caption":"Reale Selection"},"image":{"@id":"https:\/\/teasense.ch\/it\/#\/schema\/logo\/image\/"},"sameAs":["https:\/\/www.facebook.com\/teasense.ch"]}]}},"jetpack-related-posts":[{"id":38600,"url":"https:\/\/teasense.ch\/it\/prodotto\/tee-weihnachtsbox\/","url_meta":{"origin":33580,"position":0},"title":"Tee Weihnachtsbox","author":"Reale Selection","date":"25. October 2023","format":false,"excerpt":"1 St\u00fcck entspricht einer Box mit je 50 Gramm vom Weihnachtstee, Gl\u00fchweingew\u00fcrz und Adventstee. Das Sujet der Box wird zuf\u00e4llig ausgew\u00e4hlt und kann vom Bild abweichen. Falls es wichtig ist, dass das Design gleich ist oder abweicht - bitte vor der Bestellung kurz melden.","rel":"","context":"Similar post","block_context":{"text":"Similar post","link":""},"img":{"alt_text":"Verschiedene Weihnachtsboxen aufeinander mit drei Teesorten","src":"https:\/\/i0.wp.com\/teasense.ch\/wp-content\/uploads\/2023\/10\/produktfoto-12.png?resize=350%2C200&ssl=1","width":350,"height":200,"srcset":"https:\/\/i0.wp.com\/teasense.ch\/wp-content\/uploads\/2023\/10\/produktfoto-12.png?resize=350%2C200&ssl=1 1x, https:\/\/i0.wp.com\/teasense.ch\/wp-content\/uploads\/2023\/10\/produktfoto-12.png?resize=525%2C300&ssl=1 1.5x, https:\/\/i0.wp.com\/teasense.ch\/wp-content\/uploads\/2023\/10\/produktfoto-12.png?resize=700%2C400&ssl=1 2x"},"classes":[]},{"id":43192,"url":"https:\/\/teasense.ch\/it\/prodotto\/goldorange\/","url_meta":{"origin":33580,"position":1},"title":"Goldorange &#8211; Kr\u00e4utermischung","author":"Reale Selection","date":"22. October 2024","format":false,"excerpt":"Zubereitung Kr\u00e4utermischung Goldorange \ud83e\udd44 1 TL pro Tasse \ud83c\udf21\ufe0f 100\u00b0C \u23f3 6 - 10 Minuten","rel":"","context":"Similar post","block_context":{"text":"Similar post","link":""},"img":{"alt_text":"Goldorange Teemischung lose","src":"https:\/\/i0.wp.com\/teasense.ch\/wp-content\/uploads\/2024\/10\/gold.png?resize=350%2C200&ssl=1","width":350,"height":200,"srcset":"https:\/\/i0.wp.com\/teasense.ch\/wp-content\/uploads\/2024\/10\/gold.png?resize=350%2C200&ssl=1 1x, https:\/\/i0.wp.com\/teasense.ch\/wp-content\/uploads\/2024\/10\/gold.png?resize=525%2C300&ssl=1 1.5x, https:\/\/i0.wp.com\/teasense.ch\/wp-content\/uploads\/2024\/10\/gold.png?resize=700%2C400&ssl=1 2x"},"classes":[]},{"id":33318,"url":"https:\/\/teasense.ch\/it\/prodotto\/ayurverda-tulsi-orange\/","url_meta":{"origin":33580,"position":2},"title":"Ayurverda Tulsi Orange","author":"Reale Selection","date":"6. July 2023","format":false,"excerpt":"Vermisst du diesen Tee? Schreibe uns eine Nachricht. Zubereitung Tulsi Orange Kr\u00e4uterteemischung\ud83e\udd44 1 -2 Teel\u00f6ffel auf 200 ml Wasser\ud83c\udf21\ufe0f 100 \u00b0C\u23f3 5 - 7 Minuten","rel":"","context":"Similar post","block_context":{"text":"Similar post","link":""},"img":{"alt_text":"Lose Tulsi Orange Teemischung","src":"https:\/\/i0.wp.com\/teasense.ch\/wp-content\/uploads\/2023\/07\/tulsi-orange-plain.jpg?resize=350%2C200&ssl=1","width":350,"height":200,"srcset":"https:\/\/i0.wp.com\/teasense.ch\/wp-content\/uploads\/2023\/07\/tulsi-orange-plain.jpg?resize=350%2C200&ssl=1 1x, https:\/\/i0.wp.com\/teasense.ch\/wp-content\/uploads\/2023\/07\/tulsi-orange-plain.jpg?resize=525%2C300&ssl=1 1.5x, https:\/\/i0.wp.com\/teasense.ch\/wp-content\/uploads\/2023\/07\/tulsi-orange-plain.jpg?resize=700%2C400&ssl=1 2x"},"classes":[]},{"id":38059,"url":"https:\/\/teasense.ch\/it\/prodotto\/adventstee-fruechtetee\/","url_meta":{"origin":33580,"position":3},"title":"Adventstee Fr\u00fcchtetee","author":"Reale Selection","date":"17. October 2023","format":false,"excerpt":"Nicht nur im Winter ein Genuss.\u2603\ufe0f\u2744\ufe0f Zubereitung Adventstee Fr\u00fcchtetee \ud83e\udd44 1 - 2 geh\u00e4ufte Teel\u00f6ffel pro Tasse (20g\/Liter)\ud83c\udf21\ufe0f 100 \u00b0C\u23f3 8 \u2013 10 Minuten ziehen lassen","rel":"","context":"Similar post","block_context":{"text":"Similar post","link":""},"img":{"alt_text":"Winterfr\u00fcchte Teemischung","src":"https:\/\/i0.wp.com\/teasense.ch\/wp-content\/uploads\/2023\/10\/adventstee-plain.jpg?resize=350%2C200&ssl=1","width":350,"height":200,"srcset":"https:\/\/i0.wp.com\/teasense.ch\/wp-content\/uploads\/2023\/10\/adventstee-plain.jpg?resize=350%2C200&ssl=1 1x, https:\/\/i0.wp.com\/teasense.ch\/wp-content\/uploads\/2023\/10\/adventstee-plain.jpg?resize=525%2C300&ssl=1 1.5x, https:\/\/i0.wp.com\/teasense.ch\/wp-content\/uploads\/2023\/10\/adventstee-plain.jpg?resize=700%2C400&ssl=1 2x"},"classes":[]},{"id":38233,"url":"https:\/\/teasense.ch\/it\/prodotto\/bleib-fresh\/","url_meta":{"origin":33580,"position":4},"title":"Bleib Fresh Kr\u00e4utertee","author":"Reale Selection","date":"22. October 2023","format":false,"excerpt":"Kr\u00e4utertee mit Minze-Lemon-Geschmack Zubereitung Bleib Fresh Kr\u00e4utertee \ud83e\udd44 1-2 Teel\u00f6ffel Kr\u00e4utermischung pro Liter (14g\/Liter) \ud83c\udf21\ufe0f 100 \u00b0C (Kochendes Wasser) \u23f3 5 Minuten","rel":"","context":"Similar post","block_context":{"text":"Similar post","link":""},"img":{"alt_text":"Loser Koriander Teemischung","src":"https:\/\/i0.wp.com\/teasense.ch\/wp-content\/uploads\/2023\/10\/kraeuterteemischung-bleib-fresh-plain.jpg?resize=350%2C200&ssl=1","width":350,"height":200,"srcset":"https:\/\/i0.wp.com\/teasense.ch\/wp-content\/uploads\/2023\/10\/kraeuterteemischung-bleib-fresh-plain.jpg?resize=350%2C200&ssl=1 1x, https:\/\/i0.wp.com\/teasense.ch\/wp-content\/uploads\/2023\/10\/kraeuterteemischung-bleib-fresh-plain.jpg?resize=525%2C300&ssl=1 1.5x, https:\/\/i0.wp.com\/teasense.ch\/wp-content\/uploads\/2023\/10\/kraeuterteemischung-bleib-fresh-plain.jpg?resize=700%2C400&ssl=1 2x"},"classes":[]},{"id":43304,"url":"https:\/\/teasense.ch\/it\/prodotto\/blutorange\/","url_meta":{"origin":33580,"position":5},"title":"Fr\u00fcchtetee Blutorange","author":"Reale Selection","date":"26. October 2024","format":false,"excerpt":"Fruchtiger Tee mit Blutorange, perfekt f\u00fcr jede Tageszeit. Zubereitung Blutorange Tee \ud83e\udd44 1 \u2013 2 geh\u00e4ufte TL (ca. 2 g) auf 200 ml Wasser\ud83c\udf21\ufe0f 100 \u00b0C\u23f3 8 \u2013 10 Minuten ziehen lassen","rel":"","context":"Similar post","block_context":{"text":"Similar post","link":""},"img":{"alt_text":"Blutorange Teemischung","src":"https:\/\/i0.wp.com\/teasense.ch\/wp-content\/uploads\/2024\/10\/blutorange-tee.png?resize=350%2C200&ssl=1","width":350,"height":200,"srcset":"https:\/\/i0.wp.com\/teasense.ch\/wp-content\/uploads\/2024\/10\/blutorange-tee.png?resize=350%2C200&ssl=1 1x, https:\/\/i0.wp.com\/teasense.ch\/wp-content\/uploads\/2024\/10\/blutorange-tee.png?resize=525%2C300&ssl=1 1.5x, https:\/\/i0.wp.com\/teasense.ch\/wp-content\/uploads\/2024\/10\/blutorange-tee.png?resize=700%2C400&ssl=1 2x"},"classes":[]}],"jetpack_sharing_enabled":false,"jetpack_likes_enabled":false,"_links":{"self":[{"href":"https:\/\/teasense.ch\/it\/wp-json\/wp\/v2\/product\/33580","targetHints":{"allow":["GET"]}}],"collection":[{"href":"https:\/\/teasense.ch\/it\/wp-json\/wp\/v2\/product"}],"about":[{"href":"https:\/\/teasense.ch\/it\/wp-json\/wp\/v2\/types\/product"}],"replies":[{"embeddable":true,"href":"https:\/\/teasense.ch\/it\/wp-json\/wp\/v2\/comments?post=33580"}],"wp:featuredmedia":[{"embeddable":true,"href":"https:\/\/teasense.ch\/it\/wp-json\/wp\/v2\/media\/33583"}],"wp:attachment":[{"href":"https:\/\/teasense.ch\/it\/wp-json\/wp\/v2\/media?parent=33580"}],"wp:term":[{"taxonomy":"product_brand","embeddable":true,"href":"https:\/\/teasense.ch\/it\/wp-json\/wp\/v2\/product_brand?post=33580"},{"taxonomy":"product_cat","embeddable":true,"href":"https:\/\/teasense.ch\/it\/wp-json\/wp\/v2\/product_cat?post=33580"},{"taxonomy":"product_tag","embeddable":true,"href":"https:\/\/teasense.ch\/it\/wp-json\/wp\/v2\/product_tag?post=33580"}],"curies":[{"name":"wp","href":"https:\/\/api.w.org\/{rel}","templated":true}]}}